{"id":76301,"date":"2023-12-01T10:53:23","date_gmt":"2023-12-01T09:53:23","guid":{"rendered":"https:\/\/pistonaddict.com\/product\/ferrari-488-gtb\/"},"modified":"2023-12-20T11:45:38","modified_gmt":"2023-12-20T10:45:38","slug":"ferrari-488-gtb","status":"publish","type":"product","link":"https:\/\/pistonaddict.com\/lv\/product\/ferrari-488-gtb\/","title":{"rendered":"Ferrari 488 GTB"},"content":{"rendered":"<p><strong>Auto v\u0113sture<\/strong><\/p>\n<p>2015. gad\u0101 Ferrari nomain\u012bja 458 Italia, un 2015. gad\u0101 par\u0101d\u012bj\u0101s 488 GTB, kas bija pirmais Ferrari ar turbokompresoru un vid\u0113jas jaudas V8 dzin\u0113ju kop\u0161 le\u0123end\u0101r\u0101 F40. Lai gan 488 GTB bija maz\u0101ks darba tilpums &#8211; tikai 3,9 litru V8, t\u0101 jauda bija par 100 ZS liel\u0101ka nek\u0101 458 Italia &#8211; apbr\u012bnojamie 670 ZS. Ta\u010du v\u0113l aizraujo\u0161\u0101ks bija griezes momenta r\u0101d\u012bt\u0101js, kas ir iespaid\u012bgs &#8211; 760 Nm un garant\u0113 zibens\u0101tru pa\u0101trin\u0101jumu, t\u016bl\u012bt\u0113ju g\u0101zes ped\u0101\u013ca reakciju un neticamu brauk\u0161anas dinamiku. 100 km\/h ir sasniedzams tikai 3 sekund\u0113s, un maksim\u0101lais \u0101trums 330 km\/h ir neticams. M\u016bsu pied\u0101v\u0101tais 488 GTB ar mazu nobraukumu, aizraujo\u0161\u0101m opcij\u0101m un oglek\u013ca bremz\u0113m ir \u012bsts autovad\u012bt\u0101ja klases modelis, kas ir gatavs p\u0101rsteigt j\u016bs ar jaudu, izsmalcin\u0101t\u012bbu un brauk\u0161anas dinamiku, kas l\u012bdzin\u0101s izn\u012bcin\u0101t\u0101ja sprauslai.<\/p>\n<p><strong>Interjers<\/strong><\/p>\n<p>T\u0101 k\u0101 \u0161is Ferrari tika r\u016bp\u012bgi kopts, meln\u0101s \u0101das un Alcantara salons ir \u013coti lab\u0101 st\u0101vokl\u012b, bez lieto\u0161anas paz\u012bm\u0113m. \u0160\u012b automobi\u013ca s\u0101kotn\u0113jais \u012bpa\u0161nieks izv\u0113l\u0113j\u0101s t\u0101das veiktsp\u0113jas opcijas k\u0101 s\u0113dek\u013ci ar oglek\u013ca atzveltni un \u0101das un Alkantaras kombin\u0101ciju, digit\u0101lais displejs uz st\u016bres rata un oglek\u013ca salona ielikt\u0146i. Visi \u0161ie elementi izskat\u0101s piln\u012bgi labi, bez skr\u0101p\u0113jumiem, un tie pie\u0161\u0137ir automa\u0161\u012bnai veiktsp\u0113jas saj\u016btu. Nav nek\u0101du izmai\u0146u, un viss darbojas, k\u0101 paredz\u0113ts.<\/p>\n<p><strong>St\u0101voklis<\/strong><\/p>\n<p>S\u0101kotn\u0113ji \u0161is Ferrari 488 GTB tika pieg\u0101d\u0101ts 2016. gada apr\u012bl\u012b t\u0101 pirmajam \u012bpa\u0161niekam Francij\u0101, bet p\u0101rdev\u0113js to ieg\u0101d\u0101j\u0101s 2022. gad\u0101. \u0160is superauto ir nevainojam\u0101 st\u0101vokl\u012b, un t\u0101 nobraukums ir tikai 20 500 km. Ar \u0161o automa\u0161\u012bnu nekad nav braukts sac\u012bkst\u0113s, t\u0101 nekad nav piedal\u012bjusies tras\u0113s un nav bijusi iesaist\u012bta nek\u0101dos negad\u012bjumos. Vienm\u0113r r\u016bp\u012bgi uztur\u0113ts, bremzes tika remont\u0113tas 2023. gada novembra beig\u0101s, bet p\u0113d\u0113jais pilnais apkope veikta t\u0101 pa\u0161a gada maij\u0101. N\u0101kamie \u012bpa\u0161nieki b\u016bs priec\u012bgi uzzin\u0101t, ka \u0161im modelim ir pagarin\u0101t\u0101 Ferrari garantija (Ferrari Power), kas ir p\u0101rvedama. Tehnisk\u0101s apkopes vienm\u0113r veica pilnvarots d\u012bleris, un t\u0101s ir dokument\u0113tas. Tom\u0113r viens no \u0161\u012b automobi\u013ca p\u0101rdo\u0161anas plusiem ir t\u0101 garais papildapr\u012bkojuma saraksts. <strong>\u0160im 488 GTB ir ATF sist\u0113ma, keramisk\u0101s bremzes ar kr\u0101sotiem brem\u017eu suporti\u0146iem, oglek\u013ca \u0161\u0137iedras durvju pane\u013ci un s\u0113dek\u013ci, priek\u0161\u0113jais un aizmugur\u0113jais PDC, piekares pac\u0113l\u0101js un oglek\u013ca ielikt\u0146i<\/strong>. Tas viss padara to par unik\u0101lu automobili ar ide\u0101lu vad\u012bt\u0101ja specifik\u0101ciju.<\/p>\n<p><strong>\u0100rpuse un rite\u0146i<\/strong><\/p>\n<p>\u0160im 488 GTB, kas izpild\u012bts p\u0101rsteidzo\u0161\u0101 Grigio Silverstone ton\u012b, ir atbilsto\u0161s melns salons, kas to padara par \u012bpa\u0161u objektu. Lai gan tas nav sarkans, tum\u0161i pel\u0113k\u0101 kr\u0101s\u0101 tas ir v\u0113l skaist\u0101ks un diskr\u0113t\u0101ks. Protams, virsb\u016bve ir bez skr\u0101p\u0113jumiem un iespiedumiem. Ar r\u016bpn\u012bcas 20 collu diskiem, kas apvilkti ar piln\u012bgi jaun\u0101m un pareiz\u0101m Pirelli riep\u0101m, \u0161is fantastiskais 488 GTB ir gatavs p\u0101rv\u0113rst savu 670 ZS unik\u0101l\u0101 brauk\u0161anas pieredz\u0113.<\/p>\n<p><strong> <\/strong><strong>Dokument\u0101cija<\/strong><\/p>\n<p>Professionalnal p\u0101rdod \u0161o transportl\u012bdzekli ar atbilsto\u0161u dokument\u0101ciju, kas atrodas Francij\u0101. <a href=\"https:\/\/pistonaddict.com\/wp-content\/uploads\/2023\/12\/Ferrari488GTB.pdf\" target=\"_blank\" rel=\"noopener\">CarVertical zi\u0146ojums<\/a> ir t\u012brs; nav pier\u0101d\u012bjumu par negad\u012bjumiem, negad\u012bjumu remontiem, \u012bpa\u0161umties\u012bb\u0101m vai juridisk\u0101m probl\u0113m\u0101m. Ir regul\u0101ras tehnisk\u0101s apkopes dokumenti, p\u0101rdo\u0161anas r\u0113\u0137ini un kv\u012btis. <strong>Pagarin\u0101t\u0101 r\u016bpn\u012bcas garantija \u0161im modelim uz 12 m\u0113ne\u0161iem<\/strong> un atbilst\u012bbas sertifik\u0101ts (2000 eiro v\u0113rt\u012bb\u0101) ir papildu pier\u0101d\u012bjums tam, ka \u0161is ir augst\u0101k\u0101s klases kolekcijas automobilis.<\/p>\n<p><strong><br \/>\nSkatiet \u0161\u012b skaist\u0101 Ferrari 488 GTB aukst\u0101s palai\u0161anas video:<\/strong><\/p>\n<p><iframe title=\"Cold Start Video of the Ferrari 488 GTB for auction sale\" width=\"1200\" height=\"675\" src=\"https:\/\/www.youtube.com\/embed\/_SyEnhUZHXQ?feature=oembed\" frameborder=\"0\" allow=\"accelerometer; autoplay; clipboard-write; encrypted-media; gyroscope; picture-in-picture; web-share\" allowfullscreen><\/iframe><\/p>\n","protected":false},"excerpt":{"rendered":"<p>Ja Ferrari 458 Italia bija piln\u012bba ar dabisko motora izpl\u016bdes g\u0101zi, tad n\u0101kamais modelis &#8211; 488 Italia &#8211; bija ar turbokompresoru apr\u012bkots \u0161edevrs. 458 Italia noteica \u0101rk\u0101rt\u012bgi augstus standartus vid\u0113jas klases sporta automobi\u013cu klasei, ta\u010du Ferrari izdev\u0101s p\u0101rsniegt cer\u012bbas ar 488 GTB. Neticami jaud\u012bgais, agres\u012bvais un \u0101trais 488 GTB ir \u012bsts sporta automobilis, kas vienl\u012bdz labi j\u016btas gan autob\u0101n\u012b, gan tras\u0113. M\u016bsu p\u0101rdo\u0161an\u0101 eso\u0161ais piem\u0113rs ir viens no lab\u0101kajiem pieejamajiem.<\/p>\n","protected":false},"featured_media":75678,"comment_status":"open","ping_status":"closed","template":"","meta":{"inline_featured_image":false},"product_cat":[751],"product_tag":[2687,2214,943,2686],"acf":[],"yoast_head":"<!-- This site is optimized with the Yoast SEO plugin v22.5 - https:\/\/yoast.com\/wordpress\/plugins\/seo\/ -->\n<title>Ferrari 488 GTB izsoles - Piston Addict<\/title>\n<meta name=\"robots\" content=\"index, follow, max-snippet:-1, max-image-preview:large, max-video-preview:-1\" \/>\n<link rel=\"canonical\" href=\"https:\/\/pistonaddict.com\/lv\/product\/ferrari-488-gtb\/\" \/>\n<meta property=\"og:locale\" content=\"lv_LV\" \/>\n<meta property=\"og:type\" content=\"article\" \/>\n<meta property=\"og:title\" content=\"Ferrari 488 GTB izsoles - Piston Addict\" \/>\n<meta property=\"og:description\" content=\"Ja Ferrari 458 Italia bija piln\u012bba ar dabisko motora izpl\u016bdes g\u0101zi, tad n\u0101kamais modelis - 488 Italia - bija ar turbokompresoru apr\u012bkots \u0161edevrs. 458 Italia noteica \u0101rk\u0101rt\u012bgi augstus standartus vid\u0113jas klases sporta automobi\u013cu klasei, ta\u010du Ferrari izdev\u0101s p\u0101rsniegt cer\u012bbas ar 488 GTB. Neticami jaud\u012bgais, agres\u012bvais un \u0101trais 488 GTB ir \u012bsts sporta automobilis, kas vienl\u012bdz labi j\u016btas gan autob\u0101n\u012b, gan tras\u0113. M\u016bsu p\u0101rdo\u0161an\u0101 eso\u0161ais piem\u0113rs ir viens no lab\u0101kajiem pieejamajiem.\" \/>\n<meta property=\"og:url\" content=\"https:\/\/pistonaddict.com\/lv\/product\/ferrari-488-gtb\/\" \/>\n<meta property=\"og:site_name\" content=\"Piston Addict\" \/>\n<meta property=\"article:modified_time\" content=\"2023-12-20T10:45:38+00:00\" \/>\n<meta property=\"og:image\" content=\"https:\/\/pistonaddict.com\/wp-content\/uploads\/2023\/12\/IMG_0075-1024x765.png\" \/>\n\t<meta property=\"og:image:width\" content=\"1024\" \/>\n\t<meta property=\"og:image:height\" content=\"765\" \/>\n\t<meta property=\"og:image:type\" content=\"image\/png\" \/>\n<meta name=\"twitter:card\" content=\"summary_large_image\" \/>\n<meta name=\"twitter:label1\" content=\"Est. reading time\" \/>\n\t<meta name=\"twitter:data1\" content=\"3 minutes\" \/>\n<script type=\"application\/ld+json\" class=\"yoast-schema-graph\">{\"@context\":\"https:\/\/schema.org\",\"@graph\":[{\"@type\":\"WebPage\",\"@id\":\"https:\/\/pistonaddict.com\/lv\/product\/ferrari-488-gtb\/\",\"url\":\"https:\/\/pistonaddict.com\/lv\/product\/ferrari-488-gtb\/\",\"name\":\"Ferrari 488 GTB izsoles - Piston Addict\",\"isPartOf\":{\"@id\":\"https:\/\/pistonaddict.com\/lv\/#website\"},\"primaryImageOfPage\":{\"@id\":\"https:\/\/pistonaddict.com\/lv\/product\/ferrari-488-gtb\/#primaryimage\"},\"image\":{\"@id\":\"https:\/\/pistonaddict.com\/lv\/product\/ferrari-488-gtb\/#primaryimage\"},\"thumbnailUrl\":\"https:\/\/pistonaddict.com\/wp-content\/uploads\/2023\/12\/IMG_0075.png\",\"datePublished\":\"2023-12-01T09:53:23+00:00\",\"dateModified\":\"2023-12-20T10:45:38+00:00\",\"breadcrumb\":{\"@id\":\"https:\/\/pistonaddict.com\/lv\/product\/ferrari-488-gtb\/#breadcrumb\"},\"inLanguage\":\"lv-LV\",\"potentialAction\":[{\"@type\":\"ReadAction\",\"target\":[\"https:\/\/pistonaddict.com\/lv\/product\/ferrari-488-gtb\/\"]}]},{\"@type\":\"ImageObject\",\"inLanguage\":\"lv-LV\",\"@id\":\"https:\/\/pistonaddict.com\/lv\/product\/ferrari-488-gtb\/#primaryimage\",\"url\":\"https:\/\/pistonaddict.com\/wp-content\/uploads\/2023\/12\/IMG_0075.png\",\"contentUrl\":\"https:\/\/pistonaddict.com\/wp-content\/uploads\/2023\/12\/IMG_0075.png\",\"width\":2160,\"height\":1614},{\"@type\":\"BreadcrumbList\",\"@id\":\"https:\/\/pistonaddict.com\/lv\/product\/ferrari-488-gtb\/#breadcrumb\",\"itemListElement\":[{\"@type\":\"ListItem\",\"position\":1,\"name\":\"M\u0101jas lapa\",\"item\":\"https:\/\/pistonaddict.com\/lv\/majas-lapa-2\/\"},{\"@type\":\"ListItem\",\"position\":2,\"name\":\"Auctions\",\"item\":\"https:\/\/pistonaddict.com\/auctions-listing\/\"},{\"@type\":\"ListItem\",\"position\":3,\"name\":\"Ferrari 488 GTB\"}]},{\"@type\":\"WebSite\",\"@id\":\"https:\/\/pistonaddict.com\/lv\/#website\",\"url\":\"https:\/\/pistonaddict.com\/lv\/\",\"name\":\"Piston Addict\",\"description\":\"Only interesting vehicles\",\"publisher\":{\"@id\":\"https:\/\/pistonaddict.com\/lv\/#organization\"},\"potentialAction\":[{\"@type\":\"SearchAction\",\"target\":{\"@type\":\"EntryPoint\",\"urlTemplate\":\"https:\/\/pistonaddict.com\/lv\/?s={search_term_string}\"},\"query-input\":\"required name=search_term_string\"}],\"inLanguage\":\"lv-LV\"},{\"@type\":\"Organization\",\"@id\":\"https:\/\/pistonaddict.com\/lv\/#organization\",\"name\":\"Piston Addict\",\"url\":\"https:\/\/pistonaddict.com\/lv\/\",\"logo\":{\"@type\":\"ImageObject\",\"inLanguage\":\"lv-LV\",\"@id\":\"https:\/\/pistonaddict.com\/lv\/#\/schema\/logo\/image\/\",\"url\":\"https:\/\/pistonaddict.com\/wp-content\/uploads\/2022\/07\/logo-6.png\",\"contentUrl\":\"https:\/\/pistonaddict.com\/wp-content\/uploads\/2022\/07\/logo-6.png\",\"width\":970,\"height\":200,\"caption\":\"Piston Addict\"},\"image\":{\"@id\":\"https:\/\/pistonaddict.com\/lv\/#\/schema\/logo\/image\/\"}}]}<\/script>\n<!-- \/ Yoast SEO plugin. -->","yoast_head_json":{"title":"Ferrari 488 GTB izsoles - Piston Addict","robots":{"index":"index","follow":"follow","max-snippet":"max-snippet:-1","max-image-preview":"max-image-preview:large","max-video-preview":"max-video-preview:-1"},"canonical":"https:\/\/pistonaddict.com\/lv\/product\/ferrari-488-gtb\/","og_locale":"lv_LV","og_type":"article","og_title":"Ferrari 488 GTB izsoles - Piston Addict","og_description":"Ja Ferrari 458 Italia bija piln\u012bba ar dabisko motora izpl\u016bdes g\u0101zi, tad n\u0101kamais modelis - 488 Italia - bija ar turbokompresoru apr\u012bkots \u0161edevrs. 458 Italia noteica \u0101rk\u0101rt\u012bgi augstus standartus vid\u0113jas klases sporta automobi\u013cu klasei, ta\u010du Ferrari izdev\u0101s p\u0101rsniegt cer\u012bbas ar 488 GTB. Neticami jaud\u012bgais, agres\u012bvais un \u0101trais 488 GTB ir \u012bsts sporta automobilis, kas vienl\u012bdz labi j\u016btas gan autob\u0101n\u012b, gan tras\u0113. M\u016bsu p\u0101rdo\u0161an\u0101 eso\u0161ais piem\u0113rs ir viens no lab\u0101kajiem pieejamajiem.","og_url":"https:\/\/pistonaddict.com\/lv\/product\/ferrari-488-gtb\/","og_site_name":"Piston Addict","article_modified_time":"2023-12-20T10:45:38+00:00","og_image":[{"width":1024,"height":765,"url":"https:\/\/pistonaddict.com\/wp-content\/uploads\/2023\/12\/IMG_0075-1024x765.png","type":"image\/png"}],"twitter_card":"summary_large_image","twitter_misc":{"Est. reading time":"3 minutes"},"schema":{"@context":"https:\/\/schema.org","@graph":[{"@type":"WebPage","@id":"https:\/\/pistonaddict.com\/lv\/product\/ferrari-488-gtb\/","url":"https:\/\/pistonaddict.com\/lv\/product\/ferrari-488-gtb\/","name":"Ferrari 488 GTB izsoles - Piston Addict","isPartOf":{"@id":"https:\/\/pistonaddict.com\/lv\/#website"},"primaryImageOfPage":{"@id":"https:\/\/pistonaddict.com\/lv\/product\/ferrari-488-gtb\/#primaryimage"},"image":{"@id":"https:\/\/pistonaddict.com\/lv\/product\/ferrari-488-gtb\/#primaryimage"},"thumbnailUrl":"https:\/\/pistonaddict.com\/wp-content\/uploads\/2023\/12\/IMG_0075.png","datePublished":"2023-12-01T09:53:23+00:00","dateModified":"2023-12-20T10:45:38+00:00","breadcrumb":{"@id":"https:\/\/pistonaddict.com\/lv\/product\/ferrari-488-gtb\/#breadcrumb"},"inLanguage":"lv-LV","potentialAction":[{"@type":"ReadAction","target":["https:\/\/pistonaddict.com\/lv\/product\/ferrari-488-gtb\/"]}]},{"@type":"ImageObject","inLanguage":"lv-LV","@id":"https:\/\/pistonaddict.com\/lv\/product\/ferrari-488-gtb\/#primaryimage","url":"https:\/\/pistonaddict.com\/wp-content\/uploads\/2023\/12\/IMG_0075.png","contentUrl":"https:\/\/pistonaddict.com\/wp-content\/uploads\/2023\/12\/IMG_0075.png","width":2160,"height":1614},{"@type":"BreadcrumbList","@id":"https:\/\/pistonaddict.com\/lv\/product\/ferrari-488-gtb\/#breadcrumb","itemListElement":[{"@type":"ListItem","position":1,"name":"M\u0101jas lapa","item":"https:\/\/pistonaddict.com\/lv\/majas-lapa-2\/"},{"@type":"ListItem","position":2,"name":"Auctions","item":"https:\/\/pistonaddict.com\/auctions-listing\/"},{"@type":"ListItem","position":3,"name":"Ferrari 488 GTB"}]},{"@type":"WebSite","@id":"https:\/\/pistonaddict.com\/lv\/#website","url":"https:\/\/pistonaddict.com\/lv\/","name":"Piston Addict","description":"Only interesting vehicles","publisher":{"@id":"https:\/\/pistonaddict.com\/lv\/#organization"},"potentialAction":[{"@type":"SearchAction","target":{"@type":"EntryPoint","urlTemplate":"https:\/\/pistonaddict.com\/lv\/?s={search_term_string}"},"query-input":"required name=search_term_string"}],"inLanguage":"lv-LV"},{"@type":"Organization","@id":"https:\/\/pistonaddict.com\/lv\/#organization","name":"Piston Addict","url":"https:\/\/pistonaddict.com\/lv\/","logo":{"@type":"ImageObject","inLanguage":"lv-LV","@id":"https:\/\/pistonaddict.com\/lv\/#\/schema\/logo\/image\/","url":"https:\/\/pistonaddict.com\/wp-content\/uploads\/2022\/07\/logo-6.png","contentUrl":"https:\/\/pistonaddict.com\/wp-content\/uploads\/2022\/07\/logo-6.png","width":970,"height":200,"caption":"Piston Addict"},"image":{"@id":"https:\/\/pistonaddict.com\/lv\/#\/schema\/logo\/image\/"}}]}},"_links":{"self":[{"href":"https:\/\/pistonaddict.com\/lv\/wp-json\/wp\/v2\/product\/76301"}],"collection":[{"href":"https:\/\/pistonaddict.com\/lv\/wp-json\/wp\/v2\/product"}],"about":[{"href":"https:\/\/pistonaddict.com\/lv\/wp-json\/wp\/v2\/types\/product"}],"replies":[{"embeddable":true,"href":"https:\/\/pistonaddict.com\/lv\/wp-json\/wp\/v2\/comments?post=76301"}],"wp:featuredmedia":[{"embeddable":true,"href":"https:\/\/pistonaddict.com\/lv\/wp-json\/wp\/v2\/media\/75678"}],"wp:attachment":[{"href":"https:\/\/pistonaddict.com\/lv\/wp-json\/wp\/v2\/media?parent=76301"}],"wp:term":[{"taxonomy":"product_cat","embeddable":true,"href":"https:\/\/pistonaddict.com\/lv\/wp-json\/wp\/v2\/product_cat?post=76301"},{"taxonomy":"product_tag","embeddable":true,"href":"https:\/\/pistonaddict.com\/lv\/wp-json\/wp\/v2\/product_tag?post=76301"}],"curies":[{"name":"wp","href":"https:\/\/api.w.org\/{rel}","templated":true}]}}