{"id":75664,"date":"2023-12-01T10:02:11","date_gmt":"2023-12-01T09:02:11","guid":{"rendered":"https:\/\/pistonaddict.com\/product\/ferrari-458-italia\/"},"modified":"2023-12-20T09:59:20","modified_gmt":"2023-12-20T08:59:20","slug":"ferrari-458-italia","status":"publish","type":"product","link":"https:\/\/pistonaddict.com\/lv\/product\/ferrari-458-italia\/","title":{"rendered":"Ferrari 458 Italia"},"content":{"rendered":"<p><strong>Auto v\u0113sture<\/strong><\/p>\n<p>458 Italia tika prezent\u0113ts 2009. gad\u0101 un iez\u012bm\u0113ja jaunu \u0113ru \u0161aj\u0101 le\u0123end\u0101raj\u0101 z\u012bmol\u0101, ievie\u0161ot jaunu dizaina valodu, 4,5 litru V8 dzin\u0113ju, elektronisko diferenci\u0101li un 7 pak\u0101pju divsaj\u016bgu autom\u0101tisko p\u0101rnesumk\u0101rbu k\u0101 vien\u012bgo dzin\u0113ja opciju. Ar 570 ZS, kas tiek novirz\u012bti uz aizmugur\u0113jiem rite\u0146iem, un 9000 apgr.\/min sarkano l\u012bniju 458 Italia nodro\u0161ina gandr\u012bz Formula 1 brauk\u0161anas dinamiku ar t\u0101du pa\u0161u ska\u0146as sign\u0101lu un saj\u016bsmu. Jau no pa\u0161a s\u0101kuma \u017eurn\u0101lu test\u0113t\u0101ji 458 atzina par vienu no lab\u0101kajiem ce\u013cu Ferrari, k\u0101ds vien ir pieejams &#8211; tas ir augsts nov\u0113rt\u0113jums, ta\u010du ne bez iemesla. Tas ir neticami \u0101trs it\u0101\u013cu \u0113rzelis, kura \u0101trums no 0 l\u012bdz 100 km\/h ir krietni maz\u0101ks par 4 sekund\u0113m un maksim\u0101lais \u0101trums p\u0101rsniedz 320 km\/h. \u0160is konkr\u0113tais Ferrari 458 tika ra\u017eots 2011. gad\u0101, un pa\u0161reiz\u0113jais p\u0101rdev\u0113js to ieg\u0101d\u0101j\u0101s 2022. gad\u0101. Ar \u013coti interesantu opciju komplektu, klasisko sarkan\u012bgi melno kr\u0101su sh\u0113mu, nelielu nobraukumu un nesen veikto apkopi tas ir gatavs jaunajam \u012bpa\u0161niekam, lai to var\u0113tu izbaud\u012bt. \u0160\u012b automobi\u013ca s\u0101kotn\u0113jais \u012bpa\u0161nieks koncentr\u0113j\u0101s uz t\u0101d\u0101m \u0113rt\u012bbu opcij\u0101m k\u0101 adapt\u012bv\u0101 priek\u0161\u0113j\u0101 apgaismojuma sist\u0113ma, apsild\u0101mi s\u0113dek\u013ci, PDC viegl\u0101kai manevr\u0113\u0161anai un novieto\u0161anai st\u0101vviet\u0101, elektriski regul\u0113jama st\u016bres statne un daudz ko citu. Tas viss padara \u0161o 458 Italia par \u013coti labi apr\u012bkotu un lietot\u0101jam draudz\u012bgu modeli.<\/p>\n<p><strong>Interjers<\/strong><\/p>\n<p>T\u0101 k\u0101 \u0161is Ferrari tika r\u016bp\u012bgi kopts, melnais \u0101das salons ir \u013coti lab\u0101 st\u0101vokl\u012b ar minim\u0101l\u0101m lieto\u0161anas p\u0113d\u0101m. S\u0113dek\u013ci ar sarkan\u0101m \u0161uv\u0113m ir ide\u0101l\u0101 st\u0101vokl\u012b, un to s\u0101kotn\u0113jais \u012bpa\u0161nieks izv\u0113l\u0113j\u0101s elegantu izskatu, kas nekad neizpaliks no stila. Nav nek\u0101du izmai\u0146u, un salons izskat\u0101s piln\u012bgi jauns.<\/p>\n<p><strong>St\u0101voklis<\/strong><\/p>\n<p>\u0160is Ferrari 458 Italia ir nobraucis tikai 25 500 km, un visi t\u0101 lietot\u0101ji par to ir r\u016bp\u012bgi r\u016bp\u0113ju\u0161ies. Visas tehnisk\u0101s apkopes proced\u016bras tika veiktas laic\u012bgi &#8211; p\u0113d\u0113j\u0101 e\u013c\u013cas mai\u0146a un apkope tika veikta 2023. gada maij\u0101, bet bremzes tika remont\u0113tas tikai pirms da\u017e\u0101m dien\u0101m 2023. gada novembra beig\u0101s. Tom\u0113r v\u0113l svar\u012bg\u0101k par \u0161o konkr\u0113to piem\u0113ru ir tas, ka visus 458 Italia mode\u013ca atsaukumus no r\u016bpn\u012bcas ir veiku\u0161i ofici\u0101lie d\u012bleri, kam ir to apliecino\u0161i dokumenti. Automobilis s\u0101kotn\u0113ji tika pieg\u0101d\u0101ts N\u012bderland\u0113, un atsauk\u0161anas servisu veica pilnvarotais Ferrari d\u012bleris. 2019. gad\u0101 tika nomain\u012bts pasa\u017eiera puses dro\u0161\u012bbas spilvens, bet 2022. gad\u0101 tika nomain\u012bts brem\u017eu \u0161\u0137idruma rezervu\u0101ra v\u0101ci\u0146\u0161. Visas \u0161\u012bs atsauk\u0161anas intervences apstiprin\u0101ja r\u016bpn\u012bca un t\u0101s tika dokument\u0113tas. Tas liecina, ka visi \u012bpa\u0161nieki ir aizraut\u012bgi entuziasti. <strong>\u0160im automobilim ir pagarin\u0101ta Ferrari New Power garantija uz n\u0101kamajiem 12<\/strong> m\u0113ne\u0161iem.<\/p>\n<p><strong> <\/strong><strong>\u0100rpuse un rite\u0146i<\/strong><\/p>\n<p>Rosso Corsa ir visizplat\u012bt\u0101k\u0101 Ferrari kr\u0101sa, ta\u010du \u0161is le\u0123end\u0101rais tonis lieliski sader ar 458 Italia vilino\u0161aj\u0101m l\u012bnij\u0101m. S\u0101kotn\u0113j\u0101 kr\u0101sa ir bez boj\u0101jumiem, nav neviena iespieduma vai skr\u0101p\u0113juma, un automa\u0161\u012bna ir lieliski reprezentabla. Ar 20 collu ori\u0123in\u0101lajiem r\u016bpn\u012bcas rite\u0146u diskiem un jaun\u0101m Michelin riep\u0101m \u0161is automobilis ir gatavs sniegt pilnu veiktsp\u0113ju. Viena no iev\u0113r\u012bbas cien\u012bg\u0101m opcij\u0101m, kas piem\u012bt \u0161im automobilim, ir keramisk\u0101s bremzes, kas nodro\u0161ina neticamu bremz\u0113\u0161anas jaudu.<\/p>\n<p><strong>Dokument\u0101cija<\/strong><\/p>\n<p>\u0160o transportl\u012bdzekli p\u0101rdod profesion\u0101lis ar atbilsto\u0161u dokument\u0101ciju, un tas atrodas Francij\u0101. <a href=\"https:\/\/pistonaddict.com\/wp-content\/uploads\/2023\/12\/CarVertical458.pdf\" target=\"_blank\" rel=\"noopener\">CarVertical<\/a> zi\u0146ojums ir t\u012brs; nav pier\u0101d\u012bjumu par negad\u012bjumiem, negad\u012bjumu remontiem, \u012bpa\u0161umties\u012bb\u0101m vai juridisk\u0101m probl\u0113m\u0101m. Ir saglab\u0101ti ieraksti par regul\u0101ru tehnisko apkopi, k\u0101 ar\u012b ori\u0123in\u0101las r\u016bpn\u012bcas bro\u0161\u016bras, p\u0101rdo\u0161anas r\u0113\u0137ini un kv\u012btis. Pagarin\u0101t\u0101 r\u016bpn\u012bcas garantija (Ferrari Power) \u0161im modelim uz 12 m\u0113ne\u0161iem un atbilst\u012bbas sertifik\u0101ts (2000 eiro v\u0113rt\u012bb\u0101) ir papildu pier\u0101d\u012bjums tam, ka \u0161is ir augst\u0101k\u0101s klases kolekcijas automobilis.<\/p>\n<p><strong>P\u0101rbaudiet \u0161\u012b skaist\u0101 Ferrari 458 Italia aukst\u0101 starta video:<\/strong><\/p>\n<p><iframe title=\"Cold Start Video of the Ferrari 458 Italia for auction sale\" width=\"1200\" height=\"675\" src=\"https:\/\/www.youtube.com\/embed\/BEdW3ySb03E?feature=oembed\" frameborder=\"0\" allow=\"accelerometer; autoplay; clipboard-write; encrypted-media; gyroscope; picture-in-picture; web-share\" allowfullscreen><\/iframe><\/p>\n","protected":false},"excerpt":{"rendered":"<p>Ferrari, kas vienm\u0113r ir bijis automobi\u013cu tehnolo\u0123iju un veiktsp\u0113jas l\u012bderis, ir ieviesis turbokompresoru k\u0101 standarta apr\u012bkojumu visos savos mode\u013cos, k\u0101 ar\u012b hibr\u012bda sp\u0113ka agreg\u0101tu. Tom\u0113r uz \u012bsu br\u012bdi Ferrari rad\u012bja piln\u012bgi modernu sporta automobili ar kliedzo\u0161u dabisk\u0101s kompresijas dzin\u0113ju, kas lieliski apvienoja m\u016bsdien\u012bgas tehnolo\u0123ijas, augstu apgriezienu skaitu un \u0101rk\u0101rt\u012bgi jaud\u012bgu dzin\u0113ju, lai rad\u012btu burv\u012bgu vec\u0101s skolas saj\u016btu. J\u0101, m\u0113s run\u0101jam par 458 Italia, un m\u0113s ar lepnumu pied\u0101v\u0101jam jums vienu no lab\u0101kajiem mode\u013ciem tirg\u016b.<\/p>\n","protected":false},"featured_media":75545,"comment_status":"open","ping_status":"closed","template":"","meta":{"inline_featured_image":false},"product_cat":[751],"product_tag":[2645,2644,943,2643],"acf":[],"yoast_head":"<!-- This site is optimized with the Yoast SEO plugin v22.5 - https:\/\/yoast.com\/wordpress\/plugins\/seo\/ -->\n<title>Ferrari 458 Italia izsoles - Piston Addict<\/title>\n<meta name=\"robots\" content=\"index, follow, max-snippet:-1, max-image-preview:large, max-video-preview:-1\" \/>\n<link rel=\"canonical\" href=\"https:\/\/pistonaddict.com\/lv\/product\/ferrari-458-italia\/\" \/>\n<meta property=\"og:locale\" content=\"lv_LV\" \/>\n<meta property=\"og:type\" content=\"article\" \/>\n<meta property=\"og:title\" content=\"Ferrari 458 Italia izsoles - Piston Addict\" \/>\n<meta property=\"og:description\" content=\"Ferrari, kas vienm\u0113r ir bijis automobi\u013cu tehnolo\u0123iju un veiktsp\u0113jas l\u012bderis, ir ieviesis turbokompresoru k\u0101 standarta apr\u012bkojumu visos savos mode\u013cos, k\u0101 ar\u012b hibr\u012bda sp\u0113ka agreg\u0101tu. Tom\u0113r uz \u012bsu br\u012bdi Ferrari rad\u012bja piln\u012bgi modernu sporta automobili ar kliedzo\u0161u dabisk\u0101s kompresijas dzin\u0113ju, kas lieliski apvienoja m\u016bsdien\u012bgas tehnolo\u0123ijas, augstu apgriezienu skaitu un \u0101rk\u0101rt\u012bgi jaud\u012bgu dzin\u0113ju, lai rad\u012btu burv\u012bgu vec\u0101s skolas saj\u016btu. J\u0101, m\u0113s run\u0101jam par 458 Italia, un m\u0113s ar lepnumu pied\u0101v\u0101jam jums vienu no lab\u0101kajiem mode\u013ciem tirg\u016b.\" \/>\n<meta property=\"og:url\" content=\"https:\/\/pistonaddict.com\/lv\/product\/ferrari-458-italia\/\" \/>\n<meta property=\"og:site_name\" content=\"Piston Addict\" \/>\n<meta property=\"article:modified_time\" content=\"2023-12-20T08:59:20+00:00\" \/>\n<meta property=\"og:image\" content=\"https:\/\/pistonaddict.com\/wp-content\/uploads\/2023\/12\/IMG_0124.jpeg\" \/>\n\t<meta property=\"og:image:width\" content=\"1885\" \/>\n\t<meta property=\"og:image:height\" content=\"1207\" \/>\n\t<meta property=\"og:image:type\" content=\"image\/jpeg\" \/>\n<meta name=\"twitter:card\" content=\"summary_large_image\" \/>\n<meta name=\"twitter:label1\" content=\"Est. reading time\" \/>\n\t<meta name=\"twitter:data1\" content=\"4 minutes\" \/>\n<script type=\"application\/ld+json\" class=\"yoast-schema-graph\">{\"@context\":\"https:\/\/schema.org\",\"@graph\":[{\"@type\":\"WebPage\",\"@id\":\"https:\/\/pistonaddict.com\/lv\/product\/ferrari-458-italia\/\",\"url\":\"https:\/\/pistonaddict.com\/lv\/product\/ferrari-458-italia\/\",\"name\":\"Ferrari 458 Italia izsoles - Piston Addict\",\"isPartOf\":{\"@id\":\"https:\/\/pistonaddict.com\/lv\/#website\"},\"primaryImageOfPage\":{\"@id\":\"https:\/\/pistonaddict.com\/lv\/product\/ferrari-458-italia\/#primaryimage\"},\"image\":{\"@id\":\"https:\/\/pistonaddict.com\/lv\/product\/ferrari-458-italia\/#primaryimage\"},\"thumbnailUrl\":\"https:\/\/pistonaddict.com\/wp-content\/uploads\/2023\/12\/IMG_0124.jpeg\",\"datePublished\":\"2023-12-01T09:02:11+00:00\",\"dateModified\":\"2023-12-20T08:59:20+00:00\",\"breadcrumb\":{\"@id\":\"https:\/\/pistonaddict.com\/lv\/product\/ferrari-458-italia\/#breadcrumb\"},\"inLanguage\":\"lv-LV\",\"potentialAction\":[{\"@type\":\"ReadAction\",\"target\":[\"https:\/\/pistonaddict.com\/lv\/product\/ferrari-458-italia\/\"]}]},{\"@type\":\"ImageObject\",\"inLanguage\":\"lv-LV\",\"@id\":\"https:\/\/pistonaddict.com\/lv\/product\/ferrari-458-italia\/#primaryimage\",\"url\":\"https:\/\/pistonaddict.com\/wp-content\/uploads\/2023\/12\/IMG_0124.jpeg\",\"contentUrl\":\"https:\/\/pistonaddict.com\/wp-content\/uploads\/2023\/12\/IMG_0124.jpeg\",\"width\":1885,\"height\":1207},{\"@type\":\"BreadcrumbList\",\"@id\":\"https:\/\/pistonaddict.com\/lv\/product\/ferrari-458-italia\/#breadcrumb\",\"itemListElement\":[{\"@type\":\"ListItem\",\"position\":1,\"name\":\"M\u0101jas lapa\",\"item\":\"https:\/\/pistonaddict.com\/lv\/majas-lapa-2\/\"},{\"@type\":\"ListItem\",\"position\":2,\"name\":\"Auctions\",\"item\":\"https:\/\/pistonaddict.com\/auctions-listing\/\"},{\"@type\":\"ListItem\",\"position\":3,\"name\":\"Ferrari 458 Italia\"}]},{\"@type\":\"WebSite\",\"@id\":\"https:\/\/pistonaddict.com\/lv\/#website\",\"url\":\"https:\/\/pistonaddict.com\/lv\/\",\"name\":\"Piston Addict\",\"description\":\"Only interesting vehicles\",\"publisher\":{\"@id\":\"https:\/\/pistonaddict.com\/lv\/#organization\"},\"potentialAction\":[{\"@type\":\"SearchAction\",\"target\":{\"@type\":\"EntryPoint\",\"urlTemplate\":\"https:\/\/pistonaddict.com\/lv\/?s={search_term_string}\"},\"query-input\":\"required name=search_term_string\"}],\"inLanguage\":\"lv-LV\"},{\"@type\":\"Organization\",\"@id\":\"https:\/\/pistonaddict.com\/lv\/#organization\",\"name\":\"Piston Addict\",\"url\":\"https:\/\/pistonaddict.com\/lv\/\",\"logo\":{\"@type\":\"ImageObject\",\"inLanguage\":\"lv-LV\",\"@id\":\"https:\/\/pistonaddict.com\/lv\/#\/schema\/logo\/image\/\",\"url\":\"https:\/\/pistonaddict.com\/wp-content\/uploads\/2022\/07\/logo-6.png\",\"contentUrl\":\"https:\/\/pistonaddict.com\/wp-content\/uploads\/2022\/07\/logo-6.png\",\"width\":970,\"height\":200,\"caption\":\"Piston Addict\"},\"image\":{\"@id\":\"https:\/\/pistonaddict.com\/lv\/#\/schema\/logo\/image\/\"}}]}<\/script>\n<!-- \/ Yoast SEO plugin. -->","yoast_head_json":{"title":"Ferrari 458 Italia izsoles - Piston Addict","robots":{"index":"index","follow":"follow","max-snippet":"max-snippet:-1","max-image-preview":"max-image-preview:large","max-video-preview":"max-video-preview:-1"},"canonical":"https:\/\/pistonaddict.com\/lv\/product\/ferrari-458-italia\/","og_locale":"lv_LV","og_type":"article","og_title":"Ferrari 458 Italia izsoles - Piston Addict","og_description":"Ferrari, kas vienm\u0113r ir bijis automobi\u013cu tehnolo\u0123iju un veiktsp\u0113jas l\u012bderis, ir ieviesis turbokompresoru k\u0101 standarta apr\u012bkojumu visos savos mode\u013cos, k\u0101 ar\u012b hibr\u012bda sp\u0113ka agreg\u0101tu. Tom\u0113r uz \u012bsu br\u012bdi Ferrari rad\u012bja piln\u012bgi modernu sporta automobili ar kliedzo\u0161u dabisk\u0101s kompresijas dzin\u0113ju, kas lieliski apvienoja m\u016bsdien\u012bgas tehnolo\u0123ijas, augstu apgriezienu skaitu un \u0101rk\u0101rt\u012bgi jaud\u012bgu dzin\u0113ju, lai rad\u012btu burv\u012bgu vec\u0101s skolas saj\u016btu. J\u0101, m\u0113s run\u0101jam par 458 Italia, un m\u0113s ar lepnumu pied\u0101v\u0101jam jums vienu no lab\u0101kajiem mode\u013ciem tirg\u016b.","og_url":"https:\/\/pistonaddict.com\/lv\/product\/ferrari-458-italia\/","og_site_name":"Piston Addict","article_modified_time":"2023-12-20T08:59:20+00:00","og_image":[{"width":1885,"height":1207,"url":"https:\/\/pistonaddict.com\/wp-content\/uploads\/2023\/12\/IMG_0124.jpeg","type":"image\/jpeg"}],"twitter_card":"summary_large_image","twitter_misc":{"Est. reading time":"4 minutes"},"schema":{"@context":"https:\/\/schema.org","@graph":[{"@type":"WebPage","@id":"https:\/\/pistonaddict.com\/lv\/product\/ferrari-458-italia\/","url":"https:\/\/pistonaddict.com\/lv\/product\/ferrari-458-italia\/","name":"Ferrari 458 Italia izsoles - Piston Addict","isPartOf":{"@id":"https:\/\/pistonaddict.com\/lv\/#website"},"primaryImageOfPage":{"@id":"https:\/\/pistonaddict.com\/lv\/product\/ferrari-458-italia\/#primaryimage"},"image":{"@id":"https:\/\/pistonaddict.com\/lv\/product\/ferrari-458-italia\/#primaryimage"},"thumbnailUrl":"https:\/\/pistonaddict.com\/wp-content\/uploads\/2023\/12\/IMG_0124.jpeg","datePublished":"2023-12-01T09:02:11+00:00","dateModified":"2023-12-20T08:59:20+00:00","breadcrumb":{"@id":"https:\/\/pistonaddict.com\/lv\/product\/ferrari-458-italia\/#breadcrumb"},"inLanguage":"lv-LV","potentialAction":[{"@type":"ReadAction","target":["https:\/\/pistonaddict.com\/lv\/product\/ferrari-458-italia\/"]}]},{"@type":"ImageObject","inLanguage":"lv-LV","@id":"https:\/\/pistonaddict.com\/lv\/product\/ferrari-458-italia\/#primaryimage","url":"https:\/\/pistonaddict.com\/wp-content\/uploads\/2023\/12\/IMG_0124.jpeg","contentUrl":"https:\/\/pistonaddict.com\/wp-content\/uploads\/2023\/12\/IMG_0124.jpeg","width":1885,"height":1207},{"@type":"BreadcrumbList","@id":"https:\/\/pistonaddict.com\/lv\/product\/ferrari-458-italia\/#breadcrumb","itemListElement":[{"@type":"ListItem","position":1,"name":"M\u0101jas lapa","item":"https:\/\/pistonaddict.com\/lv\/majas-lapa-2\/"},{"@type":"ListItem","position":2,"name":"Auctions","item":"https:\/\/pistonaddict.com\/auctions-listing\/"},{"@type":"ListItem","position":3,"name":"Ferrari 458 Italia"}]},{"@type":"WebSite","@id":"https:\/\/pistonaddict.com\/lv\/#website","url":"https:\/\/pistonaddict.com\/lv\/","name":"Piston Addict","description":"Only interesting vehicles","publisher":{"@id":"https:\/\/pistonaddict.com\/lv\/#organization"},"potentialAction":[{"@type":"SearchAction","target":{"@type":"EntryPoint","urlTemplate":"https:\/\/pistonaddict.com\/lv\/?s={search_term_string}"},"query-input":"required name=search_term_string"}],"inLanguage":"lv-LV"},{"@type":"Organization","@id":"https:\/\/pistonaddict.com\/lv\/#organization","name":"Piston Addict","url":"https:\/\/pistonaddict.com\/lv\/","logo":{"@type":"ImageObject","inLanguage":"lv-LV","@id":"https:\/\/pistonaddict.com\/lv\/#\/schema\/logo\/image\/","url":"https:\/\/pistonaddict.com\/wp-content\/uploads\/2022\/07\/logo-6.png","contentUrl":"https:\/\/pistonaddict.com\/wp-content\/uploads\/2022\/07\/logo-6.png","width":970,"height":200,"caption":"Piston Addict"},"image":{"@id":"https:\/\/pistonaddict.com\/lv\/#\/schema\/logo\/image\/"}}]}},"_links":{"self":[{"href":"https:\/\/pistonaddict.com\/lv\/wp-json\/wp\/v2\/product\/75664"}],"collection":[{"href":"https:\/\/pistonaddict.com\/lv\/wp-json\/wp\/v2\/product"}],"about":[{"href":"https:\/\/pistonaddict.com\/lv\/wp-json\/wp\/v2\/types\/product"}],"replies":[{"embeddable":true,"href":"https:\/\/pistonaddict.com\/lv\/wp-json\/wp\/v2\/comments?post=75664"}],"wp:featuredmedia":[{"embeddable":true,"href":"https:\/\/pistonaddict.com\/lv\/wp-json\/wp\/v2\/media\/75545"}],"wp:attachment":[{"href":"https:\/\/pistonaddict.com\/lv\/wp-json\/wp\/v2\/media?parent=75664"}],"wp:term":[{"taxonomy":"product_cat","embeddable":true,"href":"https:\/\/pistonaddict.com\/lv\/wp-json\/wp\/v2\/product_cat?post=75664"},{"taxonomy":"product_tag","embeddable":true,"href":"https:\/\/pistonaddict.com\/lv\/wp-json\/wp\/v2\/product_tag?post=75664"}],"curies":[{"name":"wp","href":"https:\/\/api.w.org\/{rel}","templated":true}]}}