{"id":72248,"date":"2023-11-17T17:40:02","date_gmt":"2023-11-17T16:40:02","guid":{"rendered":"https:\/\/pistonaddict.com\/product\/land-rover-defender-p90e-electric\/"},"modified":"2024-03-19T16:59:36","modified_gmt":"2024-03-19T15:59:36","slug":"land-rover-defender-p90e-electric","status":"publish","type":"product","link":"https:\/\/pistonaddict.com\/lv\/product\/land-rover-defender-p90e-electric\/","title":{"rendered":"Land Rover Defender P90E Electric"},"content":{"rendered":"<p><strong>Auto v\u0113sture<\/strong><\/p>\n<p>Land Rover Defender ir neapstr\u012bdama ikona apvidus automobi\u013cu pasaul\u0113. \u012asts automobi\u013cu varonis un modelis, kas joproj\u0101m simboliz\u0113 iztur\u012bgumu, uzticam\u012bbu un attieksmi, ar kuru var doties visur. T\u0101p\u0113c tas joproj\u0101m ir miljoniem apvidus automobi\u013cu fanu sap\u0146u auto vis\u0101 pasaul\u0113. Tom\u0113r klasiskie mode\u013ci, lai ar\u012b cik for\u0161i un \u0161armanti tie b\u016btu, m\u016bsdienu satiksmes un vides aizsardz\u012bbas pasaul\u0113 ir novecoju\u0161i. \u0160veices uz\u0146\u0113mums Revive ir atradis tam risin\u0101jumu un p\u0101rveidojis \u0161o eksempl\u0101ru uz modernu elektrisko piedzi\u0146u, kas piln\u012bb\u0101 p\u0101rveidoja \u0161\u012b klasisk\u0101 automobi\u013ca saj\u016btu un uzlaboja t\u0101 iesp\u0113jas. \u0160is konkr\u0113tais eksempl\u0101rs tika ra\u017eots 1999. gad\u0101 k\u0101 v\u0113lamais tr\u012bsdurvju modelis un pieg\u0101d\u0101ts jauns \u0160veic\u0113. P\u0101rdev\u0113js to ieg\u0101d\u0101j\u0101s 2021. gad\u0101, un 2022. gad\u0101 Revive veica r\u016bp\u012bgu p\u0101rb\u016bvi, k\u0101 rezult\u0101t\u0101 tapa pirmais Defender EV p\u0101rb\u016bves modelis \u0160veic\u0113. S\u0101kotn\u0113jais d\u012bze\u013cdzin\u0113js tika aizst\u0101ts ar Netgain Hyper 9 elektromotoru ar 66 kW (100 ZS) jaudu un 44 kWh akumulatoru. Interesanti, ka elektromotors ir pievienots ori\u0123in\u0101lajai manu\u0101lajai transmisijai un pilnpiedzi\u0146as piedzi\u0146ai. \u0160im Defender ir unik\u0101la elektrisk\u0101s piedzi\u0146as un p\u0101rnesumk\u0101rbas kombin\u0101cija, uzlabota veiktsp\u0113ja, liel\u0101ks griezes moments un nobraukums aptuveni 120-130 km (l\u012bdz 80 j\u016bdz\u0113m).<\/p>\n<p><strong>Interjers<\/strong><\/p>\n<p>Iz\u0146emot centr\u0101lo displeju, \u0161\u012b unik\u0101l\u0101 Land Rover Defender salons atbilst laikmetam un ir lielisk\u0101 st\u0101vokl\u012b. S\u0113dek\u013ci ir p\u0101rvilkti ar audumu, un aizmugur\u0113 ir for\u0161i izskato\u0161i s\u0113dek\u013ci. M\u0113rinstrumentu panelis izskat\u0101s t\u0101pat k\u0101 ori\u0123in\u0101lais. Tam ir da\u017ei papildu sl\u0113d\u017ei, uzlabota audio sist\u0113ma un degvielas r\u0101d\u012bt\u0101js, kas ir p\u0101rveidots, lai r\u0101d\u012btu elektr\u012bbas daudzumu akumulatoros, kas ir lieliska pas\u016bt\u012bjuma deta\u013ca. Lai gan Defender tagad ir apr\u012bkots ar akumulatoru, tas nav zaud\u0113jis neko no savas praktiskuma vai iek\u0161\u0113j\u0101s ietilp\u012bbas.<\/p>\n<p><strong> <\/strong><strong>St\u0101voklis<\/strong><\/p>\n<p>\u0160is le\u0123end\u0101rais apvidus apvidus automobilis no jauna l\u012bdz br\u012bdim, kad to p\u0101rveidoja Revive, nobraucis 187 654 km. \u0160is konkr\u0113tais paraugs ir izv\u0113l\u0113ts, \u0146emot v\u0113r\u0101 t\u0101 st\u0101vokli, boj\u0101jumu vai r\u016bsas tr\u016bkumu, kas ir bie\u017ei sastopamas klasisk\u0101s Defender probl\u0113mas. Kop\u0161 p\u0101rb\u016bves Defender ir nobraucis gandr\u012bz 10 000 kilometru un ir gatavs nobraukt v\u0113l vair\u0101k, jo motors ir piln\u012bgi jauns. Pa\u0161laik nobraukums ir nedaudz vair\u0101k nek\u0101 197 500 km. Automa\u0161\u012bnai ir pievienota visaptvero\u0161a dokument\u0101cija, k\u0101 ar\u012b uz\u0146\u0113muma Revive dokument\u0101cija un garantija. Transportl\u012bdzeklis tika r\u016bp\u012bgi apkopts tie\u0161i pirms 2022. gada p\u0101rveido\u0161anas procesa, un tikai pirms da\u017e\u0101m dien\u0101m 2023. gada novembr\u012b tika veikta brem\u017eu kapit\u0101lais remonts. B\u016btiski, ka \u0161is Defender ir izg\u0101jis \u0160veices tehnisko apskati, ir re\u0123istr\u0113ts un tam ir Revive tr\u012bs gadu garantija, kas liecina, ka visp\u0101r\u0113jais st\u0101voklis ir fantastisks un ka transportl\u012bdzeklis ir absol\u016bti piem\u0113rots jebkurai lieto\u0161anai uz ce\u013ca un \u0101rpus t\u0101.<\/p>\n<p><strong> <\/strong><strong>\u0100rpuse un rite\u0146i<\/strong><\/p>\n<p>No \u0101rpuses \u0161is Defender EV izskat\u0101s k\u0101 jebkur\u0161 cits Land Rover no t\u0101s pa\u0161as paaudzes, un vien\u012bgais, kas to at\u0161\u0137ir, ir uzl\u012bmes un uzl\u0101des ports degvielas uzpildes v\u0101ka viet\u0101. Ar ori\u0123in\u0101lajiem 16 collu rite\u0146u diskiem, kas apr\u012bkoti ar bezce\u013cu riep\u0101m Nokian (no 2021. gada), tas sp\u0113j p\u0101rvar\u0113t jebkuru apvidu. Uz automa\u0161\u012bnas nav neviena iespieduma, skr\u0101p\u0113juma vai r\u016bsas, un pel\u0113k\u0101 kr\u0101sa ir ori\u0123in\u0101la.<\/p>\n<p><strong> <\/strong><strong>Dokument\u0101cija<\/strong><\/p>\n<p>\u012apa\u0161nieks p\u0101rdod \u0161o transportl\u012bdzekli ar atbilsto\u0161u dokument\u0101ciju un atrodas \u0160veic\u0113. <a href=\"https:\/\/pistonaddict.com\/wp-content\/uploads\/2023\/11\/CarVertical.pdf\">Car Vertical<\/a> zi\u0146ojums ir t\u012brs; nav pier\u0101d\u012bjumu par negad\u012bjumiem, negad\u012bjumu remontiem, \u012bpa\u0161umties\u012bb\u0101m vai juridisk\u0101m probl\u0113m\u0101m. Pieejami ieraksti par regul\u0101ru tehnisko apkopi, ori\u0123in\u0101li r\u016bpn\u012bcas bro\u0161\u016bras, p\u0101rdo\u0161anas r\u0113\u0137ini un kv\u012btis.  <strong>Automa\u0161\u012bnai ir atbilsto\u0161a Revive dokument\u0101cija, rakstiska 3 gadu garantija elektromotoram un akumulatoram, k\u0101 ar\u012b \u0160veices iest\u0101\u017eu veikta tehnisk\u0101 p\u0101rbaude. Automa\u0161\u012bnai ir pievienota ar\u012b visaptvero\u0161a lieto\u0161anas pam\u0101c\u012bba un apdro\u0161in\u0101\u0161anas dokument\u0101cija.<\/strong>. Tas viss noz\u012bm\u0113, ka \u0161is Defender EV ir piln\u012bb\u0101 likum\u012bgs, gatavs eksportam un izmantojams jebkur\u0101 viet\u0101.<\/p>\n<p><strong>P\u0101rbaudiet \u0161\u012b \u013coti interesant\u0101 Land Rover Defender piln\u012bgi elektrisk\u0101 Land Rover Defender aukst\u0101 starta video:<\/strong><\/p>\n<p><iframe title=\"Cold Start Video of the Land Rover Defender full Electric for auction sale\" width=\"1200\" height=\"900\" src=\"https:\/\/www.youtube.com\/embed\/8ZfpIXIwhOI?feature=oembed\" frameborder=\"0\" allow=\"accelerometer; autoplay; clipboard-write; encrypted-media; gyroscope; picture-in-picture; web-share\" allowfullscreen><\/iframe><\/p>\n<p><strong> <\/strong><\/p>\n","protected":false},"excerpt":{"rendered":"<p>Viens no aizraujo\u0161\u0101kajiem elektromobi\u013cu revol\u016bcijas aspektiem ir tas, ka m\u0113s varam atjaunot klasiskos automobi\u013cus un pie\u0161\u0137irt tiem jaunu dz\u012bvi. Klasisk\u0101 automobi\u013ca moderniz\u0113\u0161ana, izmantojot \u012bpa\u0161i modernu elektrisko piedzi\u0146u, ir solis t\u0101l\u0101k par restaur\u0101ciju un unik\u0101ls veids, k\u0101 savienot atpaz\u012bstamo formu ar 21. gadsimta tehnolo\u0123ij\u0101m. \u0160odien ar lepnumu iepaz\u012bstin\u0101m ar \u0161\u0101du automobili &#8211; Land Rover Defender EV, pirmo klasisko Defender, ko \u0160veices uz\u0146\u0113mums Revive p\u0101rveidojis par elektromobili.<\/p>\n","protected":false},"featured_media":71391,"comment_status":"open","ping_status":"closed","template":"","meta":{"inline_featured_image":false},"product_cat":[751],"product_tag":[2577,2522,2519,2525],"acf":[],"yoast_head":"<!-- This site is optimized with the Yoast SEO plugin v22.5 - https:\/\/yoast.com\/wordpress\/plugins\/seo\/ -->\n<title>Land Rover Defender P90E Electric izsoles - Piston Addict<\/title>\n<meta name=\"robots\" content=\"index, follow, max-snippet:-1, max-image-preview:large, max-video-preview:-1\" \/>\n<link rel=\"canonical\" href=\"https:\/\/pistonaddict.com\/lv\/product\/land-rover-defender-p90e-electric\/\" \/>\n<meta property=\"og:locale\" content=\"lv_LV\" \/>\n<meta property=\"og:type\" content=\"article\" \/>\n<meta property=\"og:title\" content=\"Land Rover Defender P90E Electric izsoles - Piston Addict\" \/>\n<meta property=\"og:description\" content=\"Viens no aizraujo\u0161\u0101kajiem elektromobi\u013cu revol\u016bcijas aspektiem ir tas, ka m\u0113s varam atjaunot klasiskos automobi\u013cus un pie\u0161\u0137irt tiem jaunu dz\u012bvi. Klasisk\u0101 automobi\u013ca moderniz\u0113\u0161ana, izmantojot \u012bpa\u0161i modernu elektrisko piedzi\u0146u, ir solis t\u0101l\u0101k par restaur\u0101ciju un unik\u0101ls veids, k\u0101 savienot atpaz\u012bstamo formu ar 21. gadsimta tehnolo\u0123ij\u0101m. \u0160odien ar lepnumu iepaz\u012bstin\u0101m ar \u0161\u0101du automobili - Land Rover Defender EV, pirmo klasisko Defender, ko \u0160veices uz\u0146\u0113mums Revive p\u0101rveidojis par elektromobili.\" \/>\n<meta property=\"og:url\" content=\"https:\/\/pistonaddict.com\/lv\/product\/land-rover-defender-p90e-electric\/\" \/>\n<meta property=\"og:site_name\" content=\"Piston Addict\" \/>\n<meta property=\"article:modified_time\" content=\"2024-03-19T15:59:36+00:00\" \/>\n<meta property=\"og:image\" content=\"https:\/\/pistonaddict.com\/wp-content\/uploads\/2023\/11\/def-05.jpg\" \/>\n\t<meta property=\"og:image:width\" content=\"2560\" \/>\n\t<meta property=\"og:image:height\" content=\"1440\" \/>\n\t<meta property=\"og:image:type\" content=\"image\/jpeg\" \/>\n<meta name=\"twitter:card\" content=\"summary_large_image\" \/>\n<meta name=\"twitter:label1\" content=\"Est. reading time\" \/>\n\t<meta name=\"twitter:data1\" content=\"4 minutes\" \/>\n<script type=\"application\/ld+json\" class=\"yoast-schema-graph\">{\"@context\":\"https:\/\/schema.org\",\"@graph\":[{\"@type\":\"WebPage\",\"@id\":\"https:\/\/pistonaddict.com\/lv\/product\/land-rover-defender-p90e-electric\/\",\"url\":\"https:\/\/pistonaddict.com\/lv\/product\/land-rover-defender-p90e-electric\/\",\"name\":\"Land Rover Defender P90E Electric izsoles - Piston Addict\",\"isPartOf\":{\"@id\":\"https:\/\/pistonaddict.com\/lv\/#website\"},\"primaryImageOfPage\":{\"@id\":\"https:\/\/pistonaddict.com\/lv\/product\/land-rover-defender-p90e-electric\/#primaryimage\"},\"image\":{\"@id\":\"https:\/\/pistonaddict.com\/lv\/product\/land-rover-defender-p90e-electric\/#primaryimage\"},\"thumbnailUrl\":\"https:\/\/pistonaddict.com\/wp-content\/uploads\/2023\/11\/def-05.jpg\",\"datePublished\":\"2023-11-17T16:40:02+00:00\",\"dateModified\":\"2024-03-19T15:59:36+00:00\",\"breadcrumb\":{\"@id\":\"https:\/\/pistonaddict.com\/lv\/product\/land-rover-defender-p90e-electric\/#breadcrumb\"},\"inLanguage\":\"lv-LV\",\"potentialAction\":[{\"@type\":\"ReadAction\",\"target\":[\"https:\/\/pistonaddict.com\/lv\/product\/land-rover-defender-p90e-electric\/\"]}]},{\"@type\":\"ImageObject\",\"inLanguage\":\"lv-LV\",\"@id\":\"https:\/\/pistonaddict.com\/lv\/product\/land-rover-defender-p90e-electric\/#primaryimage\",\"url\":\"https:\/\/pistonaddict.com\/wp-content\/uploads\/2023\/11\/def-05.jpg\",\"contentUrl\":\"https:\/\/pistonaddict.com\/wp-content\/uploads\/2023\/11\/def-05.jpg\",\"width\":2560,\"height\":1440},{\"@type\":\"BreadcrumbList\",\"@id\":\"https:\/\/pistonaddict.com\/lv\/product\/land-rover-defender-p90e-electric\/#breadcrumb\",\"itemListElement\":[{\"@type\":\"ListItem\",\"position\":1,\"name\":\"M\u0101jas lapa\",\"item\":\"https:\/\/pistonaddict.com\/lv\/majas-lapa-2\/\"},{\"@type\":\"ListItem\",\"position\":2,\"name\":\"Auctions\",\"item\":\"https:\/\/pistonaddict.com\/auctions-listing\/\"},{\"@type\":\"ListItem\",\"position\":3,\"name\":\"Land Rover Defender P90E Electric\"}]},{\"@type\":\"WebSite\",\"@id\":\"https:\/\/pistonaddict.com\/lv\/#website\",\"url\":\"https:\/\/pistonaddict.com\/lv\/\",\"name\":\"Piston Addict\",\"description\":\"Only interesting vehicles\",\"publisher\":{\"@id\":\"https:\/\/pistonaddict.com\/lv\/#organization\"},\"potentialAction\":[{\"@type\":\"SearchAction\",\"target\":{\"@type\":\"EntryPoint\",\"urlTemplate\":\"https:\/\/pistonaddict.com\/lv\/?s={search_term_string}\"},\"query-input\":\"required name=search_term_string\"}],\"inLanguage\":\"lv-LV\"},{\"@type\":\"Organization\",\"@id\":\"https:\/\/pistonaddict.com\/lv\/#organization\",\"name\":\"Piston Addict\",\"url\":\"https:\/\/pistonaddict.com\/lv\/\",\"logo\":{\"@type\":\"ImageObject\",\"inLanguage\":\"lv-LV\",\"@id\":\"https:\/\/pistonaddict.com\/lv\/#\/schema\/logo\/image\/\",\"url\":\"https:\/\/pistonaddict.com\/wp-content\/uploads\/2022\/07\/logo-6.png\",\"contentUrl\":\"https:\/\/pistonaddict.com\/wp-content\/uploads\/2022\/07\/logo-6.png\",\"width\":970,\"height\":200,\"caption\":\"Piston Addict\"},\"image\":{\"@id\":\"https:\/\/pistonaddict.com\/lv\/#\/schema\/logo\/image\/\"}}]}<\/script>\n<!-- \/ Yoast SEO plugin. -->","yoast_head_json":{"title":"Land Rover Defender P90E Electric izsoles - Piston Addict","robots":{"index":"index","follow":"follow","max-snippet":"max-snippet:-1","max-image-preview":"max-image-preview:large","max-video-preview":"max-video-preview:-1"},"canonical":"https:\/\/pistonaddict.com\/lv\/product\/land-rover-defender-p90e-electric\/","og_locale":"lv_LV","og_type":"article","og_title":"Land Rover Defender P90E Electric izsoles - Piston Addict","og_description":"Viens no aizraujo\u0161\u0101kajiem elektromobi\u013cu revol\u016bcijas aspektiem ir tas, ka m\u0113s varam atjaunot klasiskos automobi\u013cus un pie\u0161\u0137irt tiem jaunu dz\u012bvi. Klasisk\u0101 automobi\u013ca moderniz\u0113\u0161ana, izmantojot \u012bpa\u0161i modernu elektrisko piedzi\u0146u, ir solis t\u0101l\u0101k par restaur\u0101ciju un unik\u0101ls veids, k\u0101 savienot atpaz\u012bstamo formu ar 21. gadsimta tehnolo\u0123ij\u0101m. \u0160odien ar lepnumu iepaz\u012bstin\u0101m ar \u0161\u0101du automobili - Land Rover Defender EV, pirmo klasisko Defender, ko \u0160veices uz\u0146\u0113mums Revive p\u0101rveidojis par elektromobili.","og_url":"https:\/\/pistonaddict.com\/lv\/product\/land-rover-defender-p90e-electric\/","og_site_name":"Piston Addict","article_modified_time":"2024-03-19T15:59:36+00:00","og_image":[{"width":2560,"height":1440,"url":"https:\/\/pistonaddict.com\/wp-content\/uploads\/2023\/11\/def-05.jpg","type":"image\/jpeg"}],"twitter_card":"summary_large_image","twitter_misc":{"Est. reading time":"4 minutes"},"schema":{"@context":"https:\/\/schema.org","@graph":[{"@type":"WebPage","@id":"https:\/\/pistonaddict.com\/lv\/product\/land-rover-defender-p90e-electric\/","url":"https:\/\/pistonaddict.com\/lv\/product\/land-rover-defender-p90e-electric\/","name":"Land Rover Defender P90E Electric izsoles - Piston Addict","isPartOf":{"@id":"https:\/\/pistonaddict.com\/lv\/#website"},"primaryImageOfPage":{"@id":"https:\/\/pistonaddict.com\/lv\/product\/land-rover-defender-p90e-electric\/#primaryimage"},"image":{"@id":"https:\/\/pistonaddict.com\/lv\/product\/land-rover-defender-p90e-electric\/#primaryimage"},"thumbnailUrl":"https:\/\/pistonaddict.com\/wp-content\/uploads\/2023\/11\/def-05.jpg","datePublished":"2023-11-17T16:40:02+00:00","dateModified":"2024-03-19T15:59:36+00:00","breadcrumb":{"@id":"https:\/\/pistonaddict.com\/lv\/product\/land-rover-defender-p90e-electric\/#breadcrumb"},"inLanguage":"lv-LV","potentialAction":[{"@type":"ReadAction","target":["https:\/\/pistonaddict.com\/lv\/product\/land-rover-defender-p90e-electric\/"]}]},{"@type":"ImageObject","inLanguage":"lv-LV","@id":"https:\/\/pistonaddict.com\/lv\/product\/land-rover-defender-p90e-electric\/#primaryimage","url":"https:\/\/pistonaddict.com\/wp-content\/uploads\/2023\/11\/def-05.jpg","contentUrl":"https:\/\/pistonaddict.com\/wp-content\/uploads\/2023\/11\/def-05.jpg","width":2560,"height":1440},{"@type":"BreadcrumbList","@id":"https:\/\/pistonaddict.com\/lv\/product\/land-rover-defender-p90e-electric\/#breadcrumb","itemListElement":[{"@type":"ListItem","position":1,"name":"M\u0101jas lapa","item":"https:\/\/pistonaddict.com\/lv\/majas-lapa-2\/"},{"@type":"ListItem","position":2,"name":"Auctions","item":"https:\/\/pistonaddict.com\/auctions-listing\/"},{"@type":"ListItem","position":3,"name":"Land Rover Defender P90E Electric"}]},{"@type":"WebSite","@id":"https:\/\/pistonaddict.com\/lv\/#website","url":"https:\/\/pistonaddict.com\/lv\/","name":"Piston Addict","description":"Only interesting vehicles","publisher":{"@id":"https:\/\/pistonaddict.com\/lv\/#organization"},"potentialAction":[{"@type":"SearchAction","target":{"@type":"EntryPoint","urlTemplate":"https:\/\/pistonaddict.com\/lv\/?s={search_term_string}"},"query-input":"required name=search_term_string"}],"inLanguage":"lv-LV"},{"@type":"Organization","@id":"https:\/\/pistonaddict.com\/lv\/#organization","name":"Piston Addict","url":"https:\/\/pistonaddict.com\/lv\/","logo":{"@type":"ImageObject","inLanguage":"lv-LV","@id":"https:\/\/pistonaddict.com\/lv\/#\/schema\/logo\/image\/","url":"https:\/\/pistonaddict.com\/wp-content\/uploads\/2022\/07\/logo-6.png","contentUrl":"https:\/\/pistonaddict.com\/wp-content\/uploads\/2022\/07\/logo-6.png","width":970,"height":200,"caption":"Piston Addict"},"image":{"@id":"https:\/\/pistonaddict.com\/lv\/#\/schema\/logo\/image\/"}}]}},"_links":{"self":[{"href":"https:\/\/pistonaddict.com\/lv\/wp-json\/wp\/v2\/product\/72248"}],"collection":[{"href":"https:\/\/pistonaddict.com\/lv\/wp-json\/wp\/v2\/product"}],"about":[{"href":"https:\/\/pistonaddict.com\/lv\/wp-json\/wp\/v2\/types\/product"}],"replies":[{"embeddable":true,"href":"https:\/\/pistonaddict.com\/lv\/wp-json\/wp\/v2\/comments?post=72248"}],"wp:featuredmedia":[{"embeddable":true,"href":"https:\/\/pistonaddict.com\/lv\/wp-json\/wp\/v2\/media\/71391"}],"wp:attachment":[{"href":"https:\/\/pistonaddict.com\/lv\/wp-json\/wp\/v2\/media?parent=72248"}],"wp:term":[{"taxonomy":"product_cat","embeddable":true,"href":"https:\/\/pistonaddict.com\/lv\/wp-json\/wp\/v2\/product_cat?post=72248"},{"taxonomy":"product_tag","embeddable":true,"href":"https:\/\/pistonaddict.com\/lv\/wp-json\/wp\/v2\/product_tag?post=72248"}],"curies":[{"name":"wp","href":"https:\/\/api.w.org\/{rel}","templated":true}]}}