{"id":69423,"date":"2023-11-09T17:05:55","date_gmt":"2023-11-09T16:05:55","guid":{"rendered":"https:\/\/pistonaddict.com\/product\/mini-rover-1-3-mpi-silverstone\/"},"modified":"2023-12-20T09:54:03","modified_gmt":"2023-12-20T08:54:03","slug":"mini-rover-1-3-mpi-silverstone","status":"publish","type":"product","link":"https:\/\/pistonaddict.com\/lv\/product\/mini-rover-1-3-mpi-silverstone\/","title":{"rendered":"Mini Rover 1.3 Silverstone"},"content":{"rendered":"<h2>\u0100rpuse<\/h2>\n<p>No \u0101rpuses \u0161\u012b meln\u0101 divdurvju he\u010dbeka paz\u012bstam\u0101 forma ir papildin\u0101ta ar t\u0101d\u0101m deta\u013c\u0101m k\u0101 hrom\u0113ts radiatora re\u017e\u0123is, sac\u012bk\u0161u sv\u012btras uz motora p\u0101rsega un balti kr\u0101sots jumts. Turkl\u0101t priek\u0161pus\u0113 ir p\u0101ris miglas lukturu, kas uzlabo gan redzam\u012bbu, gan izskatu. Tas ir papildin\u0101ts ar baltiem pagrieziena r\u0101d\u012bt\u0101jiem visapk\u0101rt, kas ir daudz lab\u0101ks risin\u0101jums nek\u0101 vecmod\u012bgie dzeltenie r\u0101d\u012bt\u0101ji. Aizmugur\u0113 ir izpl\u016bdes caurule ar hrom\u0113tu uzgalu.<\/p>\n<p>Visbeidzot j\u0101min izliekt\u0101s rite\u0146u arkas, kas v\u0113l vair\u0101k izce\u013c automobi\u013ca agres\u012bvo izskatu. Ta\u010du \u0161\u012b modifik\u0101cija nav paredz\u0113ta tikai \u0161ovam, jo t\u0101 bija nepiecie\u0161ama, lai b\u016btu pietiekami daudz vietas platiem, sportiskiem rite\u0146iem. Run\u0101jot par riep\u0101m, ir j\u0101piemin, ka 13 collu diski \u0161im automobilim nav standarta diski. Ta\u010du p\u0101rdev\u0113js apgalvo, ka ar\u012b tie tiks nodro\u0161in\u0101ti.<\/p>\n<h2>Interjers<\/h2>\n<p>Iek\u0101pjot automa\u0161\u012bn\u0101, j\u016bs var\u0113siet s\u0113sties aiz Mini rakstur\u012bg\u0101 tr\u012bs st\u016bru \u0101das st\u016bres rata ar trim spie\u0137iem. Aiz t\u0101 atrodas instrumentu panelis ar spidometru, kas beidzas pie 180 km\/h, un apgriezienu r\u0101d\u012bt\u0101ju, kas sasniedz 8000 apgriezienu min\u016bt\u0113. K\u0101 jau gaid\u012bts, instrumentu panelis, kas ir izgatavots no \u012bsta koka, ir maz apr\u012bkots un pied\u0101v\u0101 tikai viss nepiecie\u0161am\u0101kais. Tas ietver gaismas sl\u0113d\u017eus, ventil\u0101cijas atveres vad\u012bbas ier\u012bces un stereoiek\u0101rtu, kas \u0161aj\u0101 gad\u012bjum\u0101 ir p\u0113cp\u0101rdo\u0161anas Sony ier\u012bce.<\/p>\n<p>P\u0101r\u0113jais salons sp\u0113c\u012bgi nor\u0101da uz automobi\u013ca sportisko raksturu, un visvair\u0101k p\u0101rliecino\u0161i ir priek\u0161\u0113jie s\u0113dek\u013ci. T\u0101s ir iet\u0113rptas melnas \u0101das un pel\u0113ka auduma kombin\u0101cij\u0101, kas nodro\u0161in\u0101s pietiekamu atbalstu, braucot cauri \u0161auriem l\u012bkumiem, kur Mini ir vislab\u0101k\u0101. Aizmugur\u0113jie s\u0113dek\u013ci un s\u0101nu panelis ir t\u0101d\u0101 pa\u0161\u0101 stil\u0101, un uzman\u012bbu piesaisto\u0161o izskatu papildina sarkans gr\u012bdas pakl\u0101js. Visbeidzot, pirms automa\u0161\u012bnas pieg\u0101des p\u0101rdev\u0113js nomain\u012bs jumta uzliku, jo ori\u0123in\u0101lais ir boj\u0101ts tie\u0161i virs saulessargiem (skat\u012bt att\u0113l\u0101).<\/p>\n<h2>Meh\u0101nika<\/h2>\n<p>\u0160im Mini Cooper ir 1,3 \u010detru cilindru dzin\u0113js, kas priek\u0161\u0113jos rite\u0146us darbina ar 4 pak\u0101pju manu\u0101lo transmisiju. Lai gan dzin\u0113ja b\u0101zes konfigur\u0101cija ir no 60. gadiem, \u0161is konkr\u0113tais modelis ir apr\u012bkots ar Rover elektronisko degvielas iesmidzin\u0101\u0161anu, kas padara automobili uzticam\u0101ku un pat\u012bkam\u0101ku brauk\u0161an\u0101.<\/p>\n<p>Run\u0101jot par jaudu, Mini Cooper r\u012bc\u012bb\u0101 ir tikai 63 zirgsp\u0113ki, kas var \u0161\u0137ist maz. Ta\u010du tam ir j\u0101tiek gal\u0101 tikai ar 685 kilogramiem &#8211; tie\u0161i tik daudz sver \u0161is automobilis. Kopum\u0101, lai gan Mini, visticam\u0101k, nav \u012bpa\u0161i \u0101trs uz taisn\u0101 ce\u013ca, tas ir neticami jautrs l\u012bkumos. Un t\u0101 ir viena no liet\u0101m, kas to padar\u012bja tik \u012bpa\u0161u un slavenu.<\/p>\n<h2>Transportl\u012bdzek\u013ca v\u0113sture<\/h2>\n<p>Visbeidzot, da\u017ei v\u0101rdi par Mini pa\u0161reiz\u0113jo st\u0101vokli, ko p\u0101rdev\u0113js raksturo k\u0101 \u013coti labu. P\u0113d\u0113jo reizi automa\u0161\u012bna tika apkopta 2023. gada j\u016bnij\u0101, kad tika veikta regul\u0101ra apkope un uzst\u0101d\u012btas jaunas bremzes. Turkl\u0101t visa izpl\u016bdes g\u0101ze, ieskaitot katal\u012btisko neitralizatoru, ir jauna. Un, sprie\u017eot p\u0113c fotogr\u0101fij\u0101m, automa\u0161\u012bna gan no \u0101rpuses, gan iek\u0161puses izskat\u0101s nevainojama. Turkl\u0101t profesion\u0101ls p\u0101rdev\u0113js, kur\u0161 ir piektais \u012bpa\u0161nieks, apgalvo, ka automa\u0161\u012bnai nekad nav bijis negad\u012bjumu, ko var papildus apstiprin\u0101t ar atbilsto\u0161u <a href=\"https:\/\/pistonaddict.com\/wp-content\/uploads\/2023\/11\/CARFAX-Vehicle-History-Report-ROVER-MINI.pdf\">CARFAX<\/a> Vehicle History Report. P\u0113d\u0113j\u0101 tehnisk\u0101 apskate ir veikta un apstiprin\u0101ta 2023. gada 6. oktobr\u012b.<\/p>\n<p><strong><br \/>\nP\u0101rbaudiet aukst\u0101 starta video par \u0161o gudro Mini Rover Silverstone :<\/strong><\/p>\n<p><iframe title=\"Cold Start Video of the Austin Mini Silverstone for auction sale\" width=\"1200\" height=\"675\" src=\"https:\/\/www.youtube.com\/embed\/NW_53HH3Wg4?feature=oembed\" frameborder=\"0\" allow=\"accelerometer; autoplay; clipboard-write; encrypted-media; gyroscope; picture-in-picture; web-share\" allowfullscreen><\/iframe><\/p>\n","protected":false},"excerpt":{"rendered":"<p>Ja mekl\u0113jat mazu, praktisku un veiklu klasisko automobili, ori\u0123in\u0101lajam Mini j\u0101b\u016bt j\u016bsu saraksta aug\u0161gal\u0101. Visu savu ilgo ra\u017eo\u0161anas laiku \u0161\u012b automobi\u013cu ikona bija pieejama vair\u0101kos variantos, un, iesp\u0113jams, vispiepras\u012bt\u0101kais bija sportiskais Cooper. \u0160is ir automobilis, kas apvieno ori\u0123in\u0101lo Mini raksturu ar da\u017e\u0101d\u0101m izsmalcin\u0101t\u0101m vizu\u0101l\u0101m deta\u013c\u0101m un aizraujo\u0161u brauk\u0161anas pieredzi. Un \u0161eit p\u0101rdo\u0161an\u0101 ir 1993. gada Mini Cooper, kas ir lielisk\u0101 st\u0101vokl\u012b un l\u012bdz \u0161im nobraucis 74 000 km. Turkl\u0101t tas ir viens no tikai 400 Silverstone izgatavotajiem eksempl\u0101riem, un tas ir ekskluz\u012bvs. Apl\u016bkosim, ko t\u0101 pied\u0101v\u0101.<\/p>\n","protected":false},"featured_media":67414,"comment_status":"open","ping_status":"closed","template":"","meta":{"inline_featured_image":false},"product_cat":[751],"product_tag":[2464,949,2465],"acf":[],"yoast_head":"<!-- This site is optimized with the Yoast SEO plugin v22.5 - https:\/\/yoast.com\/wordpress\/plugins\/seo\/ -->\n<title>Mini Rover 1.3 Silverstone izsoles - Piston Addict<\/title>\n<meta name=\"robots\" content=\"index, follow, max-snippet:-1, max-image-preview:large, max-video-preview:-1\" \/>\n<link rel=\"canonical\" href=\"https:\/\/pistonaddict.com\/lv\/product\/mini-rover-1-3-mpi-silverstone\/\" \/>\n<meta property=\"og:locale\" content=\"lv_LV\" \/>\n<meta property=\"og:type\" content=\"article\" \/>\n<meta property=\"og:title\" content=\"Mini Rover 1.3 Silverstone izsoles - Piston Addict\" \/>\n<meta property=\"og:description\" content=\"Ja mekl\u0113jat mazu, praktisku un veiklu klasisko automobili, ori\u0123in\u0101lajam Mini j\u0101b\u016bt j\u016bsu saraksta aug\u0161gal\u0101. Visu savu ilgo ra\u017eo\u0161anas laiku \u0161\u012b automobi\u013cu ikona bija pieejama vair\u0101kos variantos, un, iesp\u0113jams, vispiepras\u012bt\u0101kais bija sportiskais Cooper. \u0160is ir automobilis, kas apvieno ori\u0123in\u0101lo Mini raksturu ar da\u017e\u0101d\u0101m izsmalcin\u0101t\u0101m vizu\u0101l\u0101m deta\u013c\u0101m un aizraujo\u0161u brauk\u0161anas pieredzi. Un \u0161eit p\u0101rdo\u0161an\u0101 ir 1993. gada Mini Cooper, kas ir lielisk\u0101 st\u0101vokl\u012b un l\u012bdz \u0161im nobraucis 74 000 km. Turkl\u0101t tas ir viens no tikai 400 Silverstone izgatavotajiem eksempl\u0101riem, un tas ir ekskluz\u012bvs. Apl\u016bkosim, ko t\u0101 pied\u0101v\u0101.\" \/>\n<meta property=\"og:url\" content=\"https:\/\/pistonaddict.com\/lv\/product\/mini-rover-1-3-mpi-silverstone\/\" \/>\n<meta property=\"og:site_name\" content=\"Piston Addict\" \/>\n<meta property=\"article:modified_time\" content=\"2023-12-20T08:54:03+00:00\" \/>\n<meta property=\"og:image\" content=\"https:\/\/pistonaddict.com\/wp-content\/uploads\/2023\/11\/IMG_5534-scaled.jpeg\" \/>\n\t<meta property=\"og:image:width\" content=\"2560\" \/>\n\t<meta property=\"og:image:height\" content=\"1920\" \/>\n\t<meta property=\"og:image:type\" content=\"image\/jpeg\" \/>\n<meta name=\"twitter:card\" content=\"summary_large_image\" \/>\n<meta name=\"twitter:label1\" content=\"Est. reading time\" \/>\n\t<meta name=\"twitter:data1\" content=\"3 minutes\" \/>\n<script type=\"application\/ld+json\" class=\"yoast-schema-graph\">{\"@context\":\"https:\/\/schema.org\",\"@graph\":[{\"@type\":\"WebPage\",\"@id\":\"https:\/\/pistonaddict.com\/lv\/product\/mini-rover-1-3-mpi-silverstone\/\",\"url\":\"https:\/\/pistonaddict.com\/lv\/product\/mini-rover-1-3-mpi-silverstone\/\",\"name\":\"Mini Rover 1.3 Silverstone izsoles - Piston Addict\",\"isPartOf\":{\"@id\":\"https:\/\/pistonaddict.com\/lv\/#website\"},\"primaryImageOfPage\":{\"@id\":\"https:\/\/pistonaddict.com\/lv\/product\/mini-rover-1-3-mpi-silverstone\/#primaryimage\"},\"image\":{\"@id\":\"https:\/\/pistonaddict.com\/lv\/product\/mini-rover-1-3-mpi-silverstone\/#primaryimage\"},\"thumbnailUrl\":\"https:\/\/pistonaddict.com\/wp-content\/uploads\/2023\/11\/IMG_5534-scaled.jpeg\",\"datePublished\":\"2023-11-09T16:05:55+00:00\",\"dateModified\":\"2023-12-20T08:54:03+00:00\",\"breadcrumb\":{\"@id\":\"https:\/\/pistonaddict.com\/lv\/product\/mini-rover-1-3-mpi-silverstone\/#breadcrumb\"},\"inLanguage\":\"lv-LV\",\"potentialAction\":[{\"@type\":\"ReadAction\",\"target\":[\"https:\/\/pistonaddict.com\/lv\/product\/mini-rover-1-3-mpi-silverstone\/\"]}]},{\"@type\":\"ImageObject\",\"inLanguage\":\"lv-LV\",\"@id\":\"https:\/\/pistonaddict.com\/lv\/product\/mini-rover-1-3-mpi-silverstone\/#primaryimage\",\"url\":\"https:\/\/pistonaddict.com\/wp-content\/uploads\/2023\/11\/IMG_5534-scaled.jpeg\",\"contentUrl\":\"https:\/\/pistonaddict.com\/wp-content\/uploads\/2023\/11\/IMG_5534-scaled.jpeg\",\"width\":2560,\"height\":1920},{\"@type\":\"BreadcrumbList\",\"@id\":\"https:\/\/pistonaddict.com\/lv\/product\/mini-rover-1-3-mpi-silverstone\/#breadcrumb\",\"itemListElement\":[{\"@type\":\"ListItem\",\"position\":1,\"name\":\"M\u0101jas lapa\",\"item\":\"https:\/\/pistonaddict.com\/lv\/majas-lapa-2\/\"},{\"@type\":\"ListItem\",\"position\":2,\"name\":\"Auctions\",\"item\":\"https:\/\/pistonaddict.com\/auctions-listing\/\"},{\"@type\":\"ListItem\",\"position\":3,\"name\":\"Mini Rover 1.3 Silverstone\"}]},{\"@type\":\"WebSite\",\"@id\":\"https:\/\/pistonaddict.com\/lv\/#website\",\"url\":\"https:\/\/pistonaddict.com\/lv\/\",\"name\":\"Piston Addict\",\"description\":\"Only interesting vehicles\",\"publisher\":{\"@id\":\"https:\/\/pistonaddict.com\/lv\/#organization\"},\"potentialAction\":[{\"@type\":\"SearchAction\",\"target\":{\"@type\":\"EntryPoint\",\"urlTemplate\":\"https:\/\/pistonaddict.com\/lv\/?s={search_term_string}\"},\"query-input\":\"required name=search_term_string\"}],\"inLanguage\":\"lv-LV\"},{\"@type\":\"Organization\",\"@id\":\"https:\/\/pistonaddict.com\/lv\/#organization\",\"name\":\"Piston Addict\",\"url\":\"https:\/\/pistonaddict.com\/lv\/\",\"logo\":{\"@type\":\"ImageObject\",\"inLanguage\":\"lv-LV\",\"@id\":\"https:\/\/pistonaddict.com\/lv\/#\/schema\/logo\/image\/\",\"url\":\"https:\/\/pistonaddict.com\/wp-content\/uploads\/2022\/07\/logo-6.png\",\"contentUrl\":\"https:\/\/pistonaddict.com\/wp-content\/uploads\/2022\/07\/logo-6.png\",\"width\":970,\"height\":200,\"caption\":\"Piston Addict\"},\"image\":{\"@id\":\"https:\/\/pistonaddict.com\/lv\/#\/schema\/logo\/image\/\"}}]}<\/script>\n<!-- \/ Yoast SEO plugin. -->","yoast_head_json":{"title":"Mini Rover 1.3 Silverstone izsoles - Piston Addict","robots":{"index":"index","follow":"follow","max-snippet":"max-snippet:-1","max-image-preview":"max-image-preview:large","max-video-preview":"max-video-preview:-1"},"canonical":"https:\/\/pistonaddict.com\/lv\/product\/mini-rover-1-3-mpi-silverstone\/","og_locale":"lv_LV","og_type":"article","og_title":"Mini Rover 1.3 Silverstone izsoles - Piston Addict","og_description":"Ja mekl\u0113jat mazu, praktisku un veiklu klasisko automobili, ori\u0123in\u0101lajam Mini j\u0101b\u016bt j\u016bsu saraksta aug\u0161gal\u0101. Visu savu ilgo ra\u017eo\u0161anas laiku \u0161\u012b automobi\u013cu ikona bija pieejama vair\u0101kos variantos, un, iesp\u0113jams, vispiepras\u012bt\u0101kais bija sportiskais Cooper. \u0160is ir automobilis, kas apvieno ori\u0123in\u0101lo Mini raksturu ar da\u017e\u0101d\u0101m izsmalcin\u0101t\u0101m vizu\u0101l\u0101m deta\u013c\u0101m un aizraujo\u0161u brauk\u0161anas pieredzi. Un \u0161eit p\u0101rdo\u0161an\u0101 ir 1993. gada Mini Cooper, kas ir lielisk\u0101 st\u0101vokl\u012b un l\u012bdz \u0161im nobraucis 74 000 km. Turkl\u0101t tas ir viens no tikai 400 Silverstone izgatavotajiem eksempl\u0101riem, un tas ir ekskluz\u012bvs. Apl\u016bkosim, ko t\u0101 pied\u0101v\u0101.","og_url":"https:\/\/pistonaddict.com\/lv\/product\/mini-rover-1-3-mpi-silverstone\/","og_site_name":"Piston Addict","article_modified_time":"2023-12-20T08:54:03+00:00","og_image":[{"width":2560,"height":1920,"url":"https:\/\/pistonaddict.com\/wp-content\/uploads\/2023\/11\/IMG_5534-scaled.jpeg","type":"image\/jpeg"}],"twitter_card":"summary_large_image","twitter_misc":{"Est. reading time":"3 minutes"},"schema":{"@context":"https:\/\/schema.org","@graph":[{"@type":"WebPage","@id":"https:\/\/pistonaddict.com\/lv\/product\/mini-rover-1-3-mpi-silverstone\/","url":"https:\/\/pistonaddict.com\/lv\/product\/mini-rover-1-3-mpi-silverstone\/","name":"Mini Rover 1.3 Silverstone izsoles - Piston Addict","isPartOf":{"@id":"https:\/\/pistonaddict.com\/lv\/#website"},"primaryImageOfPage":{"@id":"https:\/\/pistonaddict.com\/lv\/product\/mini-rover-1-3-mpi-silverstone\/#primaryimage"},"image":{"@id":"https:\/\/pistonaddict.com\/lv\/product\/mini-rover-1-3-mpi-silverstone\/#primaryimage"},"thumbnailUrl":"https:\/\/pistonaddict.com\/wp-content\/uploads\/2023\/11\/IMG_5534-scaled.jpeg","datePublished":"2023-11-09T16:05:55+00:00","dateModified":"2023-12-20T08:54:03+00:00","breadcrumb":{"@id":"https:\/\/pistonaddict.com\/lv\/product\/mini-rover-1-3-mpi-silverstone\/#breadcrumb"},"inLanguage":"lv-LV","potentialAction":[{"@type":"ReadAction","target":["https:\/\/pistonaddict.com\/lv\/product\/mini-rover-1-3-mpi-silverstone\/"]}]},{"@type":"ImageObject","inLanguage":"lv-LV","@id":"https:\/\/pistonaddict.com\/lv\/product\/mini-rover-1-3-mpi-silverstone\/#primaryimage","url":"https:\/\/pistonaddict.com\/wp-content\/uploads\/2023\/11\/IMG_5534-scaled.jpeg","contentUrl":"https:\/\/pistonaddict.com\/wp-content\/uploads\/2023\/11\/IMG_5534-scaled.jpeg","width":2560,"height":1920},{"@type":"BreadcrumbList","@id":"https:\/\/pistonaddict.com\/lv\/product\/mini-rover-1-3-mpi-silverstone\/#breadcrumb","itemListElement":[{"@type":"ListItem","position":1,"name":"M\u0101jas lapa","item":"https:\/\/pistonaddict.com\/lv\/majas-lapa-2\/"},{"@type":"ListItem","position":2,"name":"Auctions","item":"https:\/\/pistonaddict.com\/auctions-listing\/"},{"@type":"ListItem","position":3,"name":"Mini Rover 1.3 Silverstone"}]},{"@type":"WebSite","@id":"https:\/\/pistonaddict.com\/lv\/#website","url":"https:\/\/pistonaddict.com\/lv\/","name":"Piston Addict","description":"Only interesting vehicles","publisher":{"@id":"https:\/\/pistonaddict.com\/lv\/#organization"},"potentialAction":[{"@type":"SearchAction","target":{"@type":"EntryPoint","urlTemplate":"https:\/\/pistonaddict.com\/lv\/?s={search_term_string}"},"query-input":"required name=search_term_string"}],"inLanguage":"lv-LV"},{"@type":"Organization","@id":"https:\/\/pistonaddict.com\/lv\/#organization","name":"Piston Addict","url":"https:\/\/pistonaddict.com\/lv\/","logo":{"@type":"ImageObject","inLanguage":"lv-LV","@id":"https:\/\/pistonaddict.com\/lv\/#\/schema\/logo\/image\/","url":"https:\/\/pistonaddict.com\/wp-content\/uploads\/2022\/07\/logo-6.png","contentUrl":"https:\/\/pistonaddict.com\/wp-content\/uploads\/2022\/07\/logo-6.png","width":970,"height":200,"caption":"Piston Addict"},"image":{"@id":"https:\/\/pistonaddict.com\/lv\/#\/schema\/logo\/image\/"}}]}},"_links":{"self":[{"href":"https:\/\/pistonaddict.com\/lv\/wp-json\/wp\/v2\/product\/69423"}],"collection":[{"href":"https:\/\/pistonaddict.com\/lv\/wp-json\/wp\/v2\/product"}],"about":[{"href":"https:\/\/pistonaddict.com\/lv\/wp-json\/wp\/v2\/types\/product"}],"replies":[{"embeddable":true,"href":"https:\/\/pistonaddict.com\/lv\/wp-json\/wp\/v2\/comments?post=69423"}],"wp:featuredmedia":[{"embeddable":true,"href":"https:\/\/pistonaddict.com\/lv\/wp-json\/wp\/v2\/media\/67414"}],"wp:attachment":[{"href":"https:\/\/pistonaddict.com\/lv\/wp-json\/wp\/v2\/media?parent=69423"}],"wp:term":[{"taxonomy":"product_cat","embeddable":true,"href":"https:\/\/pistonaddict.com\/lv\/wp-json\/wp\/v2\/product_cat?post=69423"},{"taxonomy":"product_tag","embeddable":true,"href":"https:\/\/pistonaddict.com\/lv\/wp-json\/wp\/v2\/product_tag?post=69423"}],"curies":[{"name":"wp","href":"https:\/\/api.w.org\/{rel}","templated":true}]}}