{"id":62916,"date":"2023-10-25T19:30:40","date_gmt":"2023-10-25T17:30:40","guid":{"rendered":"https:\/\/pistonaddict.com\/product\/porsche-911-996-targa\/"},"modified":"2024-03-20T09:39:56","modified_gmt":"2024-03-20T08:39:56","slug":"porsche-911-996-targa","status":"publish","type":"product","link":"https:\/\/pistonaddict.com\/lv\/product\/porsche-911-996-targa\/","title":{"rendered":"Porsche 911 (996) Targa"},"content":{"rendered":"<p><strong>Auto v\u0113sture<\/strong><\/p>\n<p>\u0160is ir 2004. gad\u0101 ra\u017eotais 911 Targa. Targa ir unik\u0101la ar to, ka t\u0101 bija visret\u0101k\u0101 no vis\u0101m 996 virsb\u016bv\u0113m; tikai 5125 automobi\u013ci tika pieg\u0101d\u0101ti ar \u012bpa\u0161iem atveramiem stikla jumtiem un at\u0161\u0137ir\u012bgiem C stat\u0146iem. \u0160is 911 Targa, kas apdarin\u0101ts pavedino\u0161\u0101 tum\u0161i zil\u0101 ton\u012b ar gai\u0161u salonu, tika pieg\u0101d\u0101ts jauns Sp\u0101nij\u0101, un pa\u0161reiz\u0113jais \u012bpa\u0161nieks to ieg\u0101d\u0101j\u0101s 2023. gad\u0101. To darbina 3,6 litru, dabiski izp\u016b\u0161ams plakans se\u0161cilindru dzin\u0113js, kas ir dzes\u0113ts ar \u016bdeni (viens no 996. paaudzes str\u012bd\u012bgajiem jaut\u0101jumiem). Tom\u0113r tam ir 6 pak\u0101pju manu\u0101l\u0101 p\u0101rnesumk\u0101rba, kas to padara v\u0113l ret\u0101ku un oblig\u0101ti ieg\u0101d\u0101jamu ikvienam konkr\u0113tu 911 mode\u013cu kolekcion\u0101ram. Ar 320 ZS un vieglu virsb\u016bvi \u0161is 911 Targa ir gatavs l\u0113kt l\u012bdz 100 km\/h (62 mph) tikai 5,2 sekund\u0113s un sasniegt 285 km\/h (177 mph). Interesanti, ka \u0161\u012b mode\u013ca versija ar manu\u0101lo vad\u012bbu ir iev\u0113rojami \u0101tr\u0101ka nek\u0101 versija ar autom\u0101tisko p\u0101rnesumk\u0101rbu, kas padara \u0161o automobili v\u0113l iek\u0101rojam\u0101ku. Tas, ka tam ir visas kabrioleta priek\u0161roc\u012bbas, lieliska redzam\u012bba un br\u012bvas debess saj\u016bta ar kupejas praktiskumu un komfortu, padara \u0161o zilo 911 Targa par \u013coti daudzpus\u012bgu autovad\u012bt\u0101ja ma\u0161\u012bnu ar svar\u012bgo plakano se\u0161cilindru ska\u0146as celi\u0146u un manu\u0101lo p\u0101rnesumk\u0101rbu.<\/p>\n<p><strong>Interjers<\/strong><\/p>\n<p>T\u0101 k\u0101 \u0161is ir neliela nobraukuma eksempl\u0101rs, salons ir nevainojam\u0101 st\u0101vokl\u012b, piln\u012bgi ori\u0123in\u0101ls un ar v\u0113lamo apr\u012bkojumu. Tas ir apdarin\u0101ts Savannah pel\u0113k\u0101 kr\u0101s\u0101, tam ir inform\u0101cijas un izklaides sist\u0113ma, premium audio ar 6 CD l\u0101d\u0113t\u0101jiem (atbilsto\u0161i laikmetam), \u0101da un elektroniski regul\u0113jami s\u0113dek\u013ci. Porsche interjera kvalit\u0101te ir labi paz\u012bstama vis\u0101 nozar\u0113, un \u0161is 2004. gada 911 Targa nav cit\u0101ds. \u0100da ir perfekt\u0101 st\u0101vokl\u012b; uz pane\u013ca pane\u013ca, durvju kart\u0113m un centr\u0101l\u0101s konsoles nav skr\u0101p\u0113jumu. Ir ar\u012b \u0113rti lietojami aizmugur\u0113jie s\u0113dek\u013ci, kas ir ide\u0101li piem\u0113roti b\u0113rniem.<\/p>\n<p><strong>St\u0101voklis<\/strong><\/p>\n<p>\u0160is 911 Targa ir tikai 39 037 kilometri no jauna, un tas ir nevainojam\u0101 st\u0101vokl\u012b, par kuru r\u016bp\u012bgi r\u016bp\u0113ju\u0161ies visi t\u0101 lietot\u0101ji. Transportl\u012bdzeklis ac\u012bmredzot bija maz lietots un labi uztur\u0113ts, k\u0101 liecina ieraksti. Pa\u0161reiz\u0113jais \u012bpa\u0161nieks ir d\u012bleris Sp\u0101nij\u0101, un p\u0113d\u0113jais apkope tika veikta 2023. gada apr\u012bl\u012b, bet bremzes tika remont\u0113tas tikai pirms da\u017e\u0101m dien\u0101m 2023. gada oktobr\u012b. Porsche automa\u0161\u012bnu apak\u0161\u0113j\u0101 da\u013ca ir izgatavota no alum\u012bnija, t\u0101p\u0113c t\u0101 nevar r\u016bs\u0113t. Tom\u0113r, k\u0101 redzams p\u0113d\u0113jos att\u0113los no apak\u0161\u0113j\u0101s puses, ir da\u017ei sausi net\u012brumi, kurus p\u0101rdev\u0113js pirc\u0113jam izt\u012br\u012bs, kad izsole b\u016bs beigusies. Automobilis ir gatavs brauk\u0161anai jebkur, un, iesp\u0113jams, tas ir viens no lab\u0101kajiem 911 996 Targa ar manu\u0101lo vad\u012bbu paraugiem, k\u0101du jebkad b\u016bs iesp\u0113jams atrast.<\/p>\n<p><strong>\u0100rpuse un rite\u0146i<\/strong><\/p>\n<p>\u0160\u012b 911 Targa ar pusnakts zil\u0101 kr\u0101s\u0101 kr\u0101sotu virsb\u016bvi un pel\u0113ku salonu ir kr\u0101\u0161\u0146a izskata ma\u0161\u012bna bez skr\u0101p\u0113jumiem, boj\u0101jumiem vai iespiedumiem. Rito\u0161o sast\u0101vu veido 18 collu rite\u0146u diski, kas apr\u012bkoti ar Bridgestone Potenza veiktsp\u0113jas gumiju. Riepas ir no 2020. gada un ir nobrauktas \u013coti maz kilometru. \u0160im 996 Targa nav nek\u0101du modifik\u0101ciju, un tas ir t\u0101d\u0101 st\u0101vokl\u012b, k\u0101d\u0101 tas tika pieg\u0101d\u0101ts.<\/p>\n<p><strong>Dokument\u0101cija<\/strong><\/p>\n<p>\u0160o transportl\u012bdzekli p\u0101rdod d\u012bleris ar atbilsto\u0161u dokument\u0101ciju, un tas atrodas Sp\u0101nij\u0101. CarFax zi\u0146ojums ir t\u012brs; nav pier\u0101d\u012bjumu par negad\u012bjumiem, negad\u012bjumu remontu, \u012bpa\u0161umties\u012bb\u0101m vai juridisk\u0101m probl\u0113m\u0101m. Ir regul\u0101ri veiktas tehnisk\u0101s apkopes dokumenti, k\u0101 ar\u012b ori\u0123in\u0101l\u0101s r\u016bpn\u012bcas bro\u0161\u016bras un kv\u012btis.<\/p>\n<p><strong>Skatiet \u0161\u012b skaist\u0101 Porsche 911 Targa aukst\u0101s iedarbin\u0101\u0161anas video:<\/strong><\/p>\n<p><iframe title=\"Cold Start Video of the Porsche 911 996 Targa for auction sale\" width=\"1200\" height=\"675\" src=\"https:\/\/www.youtube.com\/embed\/pOCqegVAqt8?feature=oembed\" frameborder=\"0\" allow=\"accelerometer; autoplay; clipboard-write; encrypted-media; gyroscope; picture-in-picture; web-share\" allowfullscreen><\/iframe><\/p>\n","protected":false},"excerpt":{"rendered":"<p>996. paaudzes cien\u012bjam\u0101 Porsche 911 bija \u013coti pretrun\u012bgi v\u0113rt\u0113ts, kad to izlaida 90. gadu beig\u0101s. Tom\u0113r kop\u0161 t\u0101 laika tas ir atz\u012bts par neat\u0146emamu 911 le\u0123endas sast\u0101vda\u013cu, \u0101rk\u0101rt\u012bgi svar\u012bgu uz\u0146\u0113muma modeli un pirmo modern\u0101 laikmeta 911. Pateicoties rakstur\u012bgajam dizainam, pla\u0161ajam mode\u013cu kl\u0101stam un specifik\u0101cij\u0101m, kolekcion\u0101ri ir s\u0101ku\u0161i atkl\u0101t 996 911 \u012bst\u0101s p\u0113rles. \u0160odien m\u0113s ar lepnumu pied\u0101v\u0101jam \u0161\u0101du modeli &#8211; retu versiju ide\u0101l\u0101 specifik\u0101cij\u0101, kas piesaist\u012bs ikviena 911 entuziasta uzman\u012bbu.<\/p>\n","protected":false},"featured_media":59807,"comment_status":"open","ping_status":"closed","template":"","meta":{"inline_featured_image":false},"product_cat":[751],"product_tag":[2357,2337,949,2336],"acf":[],"yoast_head":"<!-- This site is optimized with the Yoast SEO plugin v22.5 - https:\/\/yoast.com\/wordpress\/plugins\/seo\/ -->\n<title>Porsche 911 (996) Targa izsoles - Piston Addict<\/title>\n<meta name=\"robots\" content=\"index, follow, max-snippet:-1, max-image-preview:large, max-video-preview:-1\" \/>\n<link rel=\"canonical\" href=\"https:\/\/pistonaddict.com\/lv\/product\/porsche-911-996-targa\/\" \/>\n<meta property=\"og:locale\" content=\"lv_LV\" \/>\n<meta property=\"og:type\" content=\"article\" \/>\n<meta property=\"og:title\" content=\"Porsche 911 (996) Targa izsoles - Piston Addict\" \/>\n<meta property=\"og:description\" content=\"996. paaudzes cien\u012bjam\u0101 Porsche 911 bija \u013coti pretrun\u012bgi v\u0113rt\u0113ts, kad to izlaida 90. gadu beig\u0101s. Tom\u0113r kop\u0161 t\u0101 laika tas ir atz\u012bts par neat\u0146emamu 911 le\u0123endas sast\u0101vda\u013cu, \u0101rk\u0101rt\u012bgi svar\u012bgu uz\u0146\u0113muma modeli un pirmo modern\u0101 laikmeta 911. Pateicoties rakstur\u012bgajam dizainam, pla\u0161ajam mode\u013cu kl\u0101stam un specifik\u0101cij\u0101m, kolekcion\u0101ri ir s\u0101ku\u0161i atkl\u0101t 996 911 \u012bst\u0101s p\u0113rles. \u0160odien m\u0113s ar lepnumu pied\u0101v\u0101jam \u0161\u0101du modeli - retu versiju ide\u0101l\u0101 specifik\u0101cij\u0101, kas piesaist\u012bs ikviena 911 entuziasta uzman\u012bbu.\" \/>\n<meta property=\"og:url\" content=\"https:\/\/pistonaddict.com\/lv\/product\/porsche-911-996-targa\/\" \/>\n<meta property=\"og:site_name\" content=\"Piston Addict\" \/>\n<meta property=\"article:modified_time\" content=\"2024-03-20T08:39:56+00:00\" \/>\n<meta property=\"og:image\" content=\"https:\/\/pistonaddict.com\/wp-content\/uploads\/2023\/10\/image00032-1-scaled.jpeg\" \/>\n\t<meta property=\"og:image:width\" content=\"2560\" \/>\n\t<meta property=\"og:image:height\" content=\"1920\" \/>\n\t<meta property=\"og:image:type\" content=\"image\/jpeg\" \/>\n<meta name=\"twitter:card\" content=\"summary_large_image\" \/>\n<meta name=\"twitter:label1\" content=\"Est. reading time\" \/>\n\t<meta name=\"twitter:data1\" content=\"3 minutes\" \/>\n<script type=\"application\/ld+json\" class=\"yoast-schema-graph\">{\"@context\":\"https:\/\/schema.org\",\"@graph\":[{\"@type\":\"WebPage\",\"@id\":\"https:\/\/pistonaddict.com\/lv\/product\/porsche-911-996-targa\/\",\"url\":\"https:\/\/pistonaddict.com\/lv\/product\/porsche-911-996-targa\/\",\"name\":\"Porsche 911 (996) Targa izsoles - Piston Addict\",\"isPartOf\":{\"@id\":\"https:\/\/pistonaddict.com\/lv\/#website\"},\"primaryImageOfPage\":{\"@id\":\"https:\/\/pistonaddict.com\/lv\/product\/porsche-911-996-targa\/#primaryimage\"},\"image\":{\"@id\":\"https:\/\/pistonaddict.com\/lv\/product\/porsche-911-996-targa\/#primaryimage\"},\"thumbnailUrl\":\"https:\/\/pistonaddict.com\/wp-content\/uploads\/2023\/10\/image00032-1-scaled.jpeg\",\"datePublished\":\"2023-10-25T17:30:40+00:00\",\"dateModified\":\"2024-03-20T08:39:56+00:00\",\"breadcrumb\":{\"@id\":\"https:\/\/pistonaddict.com\/lv\/product\/porsche-911-996-targa\/#breadcrumb\"},\"inLanguage\":\"lv-LV\",\"potentialAction\":[{\"@type\":\"ReadAction\",\"target\":[\"https:\/\/pistonaddict.com\/lv\/product\/porsche-911-996-targa\/\"]}]},{\"@type\":\"ImageObject\",\"inLanguage\":\"lv-LV\",\"@id\":\"https:\/\/pistonaddict.com\/lv\/product\/porsche-911-996-targa\/#primaryimage\",\"url\":\"https:\/\/pistonaddict.com\/wp-content\/uploads\/2023\/10\/image00032-1-scaled.jpeg\",\"contentUrl\":\"https:\/\/pistonaddict.com\/wp-content\/uploads\/2023\/10\/image00032-1-scaled.jpeg\",\"width\":2560,\"height\":1920},{\"@type\":\"BreadcrumbList\",\"@id\":\"https:\/\/pistonaddict.com\/lv\/product\/porsche-911-996-targa\/#breadcrumb\",\"itemListElement\":[{\"@type\":\"ListItem\",\"position\":1,\"name\":\"M\u0101jas lapa\",\"item\":\"https:\/\/pistonaddict.com\/lv\/majas-lapa-2\/\"},{\"@type\":\"ListItem\",\"position\":2,\"name\":\"Auctions\",\"item\":\"https:\/\/pistonaddict.com\/auctions-listing\/\"},{\"@type\":\"ListItem\",\"position\":3,\"name\":\"Porsche 911 (996) Targa\"}]},{\"@type\":\"WebSite\",\"@id\":\"https:\/\/pistonaddict.com\/lv\/#website\",\"url\":\"https:\/\/pistonaddict.com\/lv\/\",\"name\":\"Piston Addict\",\"description\":\"Only interesting vehicles\",\"publisher\":{\"@id\":\"https:\/\/pistonaddict.com\/lv\/#organization\"},\"potentialAction\":[{\"@type\":\"SearchAction\",\"target\":{\"@type\":\"EntryPoint\",\"urlTemplate\":\"https:\/\/pistonaddict.com\/lv\/?s={search_term_string}\"},\"query-input\":\"required name=search_term_string\"}],\"inLanguage\":\"lv-LV\"},{\"@type\":\"Organization\",\"@id\":\"https:\/\/pistonaddict.com\/lv\/#organization\",\"name\":\"Piston Addict\",\"url\":\"https:\/\/pistonaddict.com\/lv\/\",\"logo\":{\"@type\":\"ImageObject\",\"inLanguage\":\"lv-LV\",\"@id\":\"https:\/\/pistonaddict.com\/lv\/#\/schema\/logo\/image\/\",\"url\":\"https:\/\/pistonaddict.com\/wp-content\/uploads\/2022\/07\/logo-6.png\",\"contentUrl\":\"https:\/\/pistonaddict.com\/wp-content\/uploads\/2022\/07\/logo-6.png\",\"width\":970,\"height\":200,\"caption\":\"Piston Addict\"},\"image\":{\"@id\":\"https:\/\/pistonaddict.com\/lv\/#\/schema\/logo\/image\/\"}}]}<\/script>\n<!-- \/ Yoast SEO plugin. -->","yoast_head_json":{"title":"Porsche 911 (996) Targa izsoles - Piston Addict","robots":{"index":"index","follow":"follow","max-snippet":"max-snippet:-1","max-image-preview":"max-image-preview:large","max-video-preview":"max-video-preview:-1"},"canonical":"https:\/\/pistonaddict.com\/lv\/product\/porsche-911-996-targa\/","og_locale":"lv_LV","og_type":"article","og_title":"Porsche 911 (996) Targa izsoles - Piston Addict","og_description":"996. paaudzes cien\u012bjam\u0101 Porsche 911 bija \u013coti pretrun\u012bgi v\u0113rt\u0113ts, kad to izlaida 90. gadu beig\u0101s. Tom\u0113r kop\u0161 t\u0101 laika tas ir atz\u012bts par neat\u0146emamu 911 le\u0123endas sast\u0101vda\u013cu, \u0101rk\u0101rt\u012bgi svar\u012bgu uz\u0146\u0113muma modeli un pirmo modern\u0101 laikmeta 911. Pateicoties rakstur\u012bgajam dizainam, pla\u0161ajam mode\u013cu kl\u0101stam un specifik\u0101cij\u0101m, kolekcion\u0101ri ir s\u0101ku\u0161i atkl\u0101t 996 911 \u012bst\u0101s p\u0113rles. \u0160odien m\u0113s ar lepnumu pied\u0101v\u0101jam \u0161\u0101du modeli - retu versiju ide\u0101l\u0101 specifik\u0101cij\u0101, kas piesaist\u012bs ikviena 911 entuziasta uzman\u012bbu.","og_url":"https:\/\/pistonaddict.com\/lv\/product\/porsche-911-996-targa\/","og_site_name":"Piston Addict","article_modified_time":"2024-03-20T08:39:56+00:00","og_image":[{"width":2560,"height":1920,"url":"https:\/\/pistonaddict.com\/wp-content\/uploads\/2023\/10\/image00032-1-scaled.jpeg","type":"image\/jpeg"}],"twitter_card":"summary_large_image","twitter_misc":{"Est. reading time":"3 minutes"},"schema":{"@context":"https:\/\/schema.org","@graph":[{"@type":"WebPage","@id":"https:\/\/pistonaddict.com\/lv\/product\/porsche-911-996-targa\/","url":"https:\/\/pistonaddict.com\/lv\/product\/porsche-911-996-targa\/","name":"Porsche 911 (996) Targa izsoles - Piston Addict","isPartOf":{"@id":"https:\/\/pistonaddict.com\/lv\/#website"},"primaryImageOfPage":{"@id":"https:\/\/pistonaddict.com\/lv\/product\/porsche-911-996-targa\/#primaryimage"},"image":{"@id":"https:\/\/pistonaddict.com\/lv\/product\/porsche-911-996-targa\/#primaryimage"},"thumbnailUrl":"https:\/\/pistonaddict.com\/wp-content\/uploads\/2023\/10\/image00032-1-scaled.jpeg","datePublished":"2023-10-25T17:30:40+00:00","dateModified":"2024-03-20T08:39:56+00:00","breadcrumb":{"@id":"https:\/\/pistonaddict.com\/lv\/product\/porsche-911-996-targa\/#breadcrumb"},"inLanguage":"lv-LV","potentialAction":[{"@type":"ReadAction","target":["https:\/\/pistonaddict.com\/lv\/product\/porsche-911-996-targa\/"]}]},{"@type":"ImageObject","inLanguage":"lv-LV","@id":"https:\/\/pistonaddict.com\/lv\/product\/porsche-911-996-targa\/#primaryimage","url":"https:\/\/pistonaddict.com\/wp-content\/uploads\/2023\/10\/image00032-1-scaled.jpeg","contentUrl":"https:\/\/pistonaddict.com\/wp-content\/uploads\/2023\/10\/image00032-1-scaled.jpeg","width":2560,"height":1920},{"@type":"BreadcrumbList","@id":"https:\/\/pistonaddict.com\/lv\/product\/porsche-911-996-targa\/#breadcrumb","itemListElement":[{"@type":"ListItem","position":1,"name":"M\u0101jas lapa","item":"https:\/\/pistonaddict.com\/lv\/majas-lapa-2\/"},{"@type":"ListItem","position":2,"name":"Auctions","item":"https:\/\/pistonaddict.com\/auctions-listing\/"},{"@type":"ListItem","position":3,"name":"Porsche 911 (996) Targa"}]},{"@type":"WebSite","@id":"https:\/\/pistonaddict.com\/lv\/#website","url":"https:\/\/pistonaddict.com\/lv\/","name":"Piston Addict","description":"Only interesting vehicles","publisher":{"@id":"https:\/\/pistonaddict.com\/lv\/#organization"},"potentialAction":[{"@type":"SearchAction","target":{"@type":"EntryPoint","urlTemplate":"https:\/\/pistonaddict.com\/lv\/?s={search_term_string}"},"query-input":"required name=search_term_string"}],"inLanguage":"lv-LV"},{"@type":"Organization","@id":"https:\/\/pistonaddict.com\/lv\/#organization","name":"Piston Addict","url":"https:\/\/pistonaddict.com\/lv\/","logo":{"@type":"ImageObject","inLanguage":"lv-LV","@id":"https:\/\/pistonaddict.com\/lv\/#\/schema\/logo\/image\/","url":"https:\/\/pistonaddict.com\/wp-content\/uploads\/2022\/07\/logo-6.png","contentUrl":"https:\/\/pistonaddict.com\/wp-content\/uploads\/2022\/07\/logo-6.png","width":970,"height":200,"caption":"Piston Addict"},"image":{"@id":"https:\/\/pistonaddict.com\/lv\/#\/schema\/logo\/image\/"}}]}},"_links":{"self":[{"href":"https:\/\/pistonaddict.com\/lv\/wp-json\/wp\/v2\/product\/62916"}],"collection":[{"href":"https:\/\/pistonaddict.com\/lv\/wp-json\/wp\/v2\/product"}],"about":[{"href":"https:\/\/pistonaddict.com\/lv\/wp-json\/wp\/v2\/types\/product"}],"replies":[{"embeddable":true,"href":"https:\/\/pistonaddict.com\/lv\/wp-json\/wp\/v2\/comments?post=62916"}],"wp:featuredmedia":[{"embeddable":true,"href":"https:\/\/pistonaddict.com\/lv\/wp-json\/wp\/v2\/media\/59807"}],"wp:attachment":[{"href":"https:\/\/pistonaddict.com\/lv\/wp-json\/wp\/v2\/media?parent=62916"}],"wp:term":[{"taxonomy":"product_cat","embeddable":true,"href":"https:\/\/pistonaddict.com\/lv\/wp-json\/wp\/v2\/product_cat?post=62916"},{"taxonomy":"product_tag","embeddable":true,"href":"https:\/\/pistonaddict.com\/lv\/wp-json\/wp\/v2\/product_tag?post=62916"}],"curies":[{"name":"wp","href":"https:\/\/api.w.org\/{rel}","templated":true}]}}