{"id":55252,"date":"2023-10-13T09:36:04","date_gmt":"2023-10-13T07:36:04","guid":{"rendered":"https:\/\/pistonaddict.com\/product\/porsche-cayman-s-3-4-325-cv\/"},"modified":"2024-03-19T17:03:46","modified_gmt":"2024-03-19T16:03:46","slug":"porsche-cayman-s-3-4-325-cv","status":"publish","type":"product","link":"https:\/\/pistonaddict.com\/lv\/product\/porsche-cayman-s-3-4-325-cv\/","title":{"rendered":"Porsche Cayman S 3.4 325 CV"},"content":{"rendered":"<p><strong>Auto v\u0113sture<\/strong><\/p>\n<p>\u0160is baltais 2016. gada Cayman S s\u0101kotn\u0113ji tika p\u0101rdots V\u0101cij\u0101, bet p\u0113c tam tika p\u0101rvests uz It\u0101liju, kur to import\u0113ja pa\u0161reiz\u0113jais \u012bpa\u0161nieks &#8211; sporta automobi\u013cu tirgot\u0101js. 2016. gads ir p\u0113d\u0113jais 981. paaudzes Cayman, kas ir noz\u012bm\u012bgs vair\u0101ku iemeslu d\u0113\u013c. Galvenok\u0101rt t\u0101p\u0113c, ka Cayman S ir atjaunotais Porsche 911 Carrera 3,4 litru plakanais se\u0161cilindru dzin\u0113js, kas risina vienu no noz\u012bm\u012bg\u0101kajiem str\u012bdiem m\u016bsdienu Porsche vid\u0113. Ilgus gadus kl\u012bda baumas, ka Porsche p\u0101r\u0101k baid\u0101s ievietot 911 dzin\u0113ju Cayman, baidoties, ka tas var\u0113tu pied\u0101v\u0101t v\u0113l lab\u0101ku brauk\u0161anas pieredzi. \u0160is ir pirmais Cayman, kam faktiski ir 911 dzin\u0113js. 2016. gada Cayman S ar 325 ZS, ziben\u012bgi \u0101tru 7 pak\u0101pju PDK p\u0101rnesumk\u0101rbu un \u012bpa\u0161i noregul\u0113tu balstiek\u0101rtu jau no r\u016bpn\u012bcas sp\u0113j sasniegt 100 km\/h (60 mph) tikai 4,8 sekund\u0113s un sasniegt maksim\u0101lo \u0101trumu 283 km\/h (176 mph). Tom\u0113r runa nav par skait\u013ciem, lai gan tie ir fantastiski. Cayman S ir vid\u016b novietots dzin\u0113js, viegla virsb\u016bve, prec\u012bza st\u016bres iek\u0101rta un lieliskas bremzes, t\u0101p\u0113c tas tik daudzus 911 \u012bpa\u0161niekus tik \u013coti uztrauc. Augstas apgriezienu darb\u012bbas un dabisk\u0101 izpl\u016bdes motora, izveic\u012bgas \u0161asijas un perfektas brauk\u0161anas dinamikas kombin\u0101cija joproj\u0101m ir paz\u012bstama sporta automobi\u013cu cien\u012bt\u0101ju vid\u016b k\u0101 viens no ide\u0101l\u0101kajiem autovad\u012bt\u0101ja automobi\u013ciem, k\u0101ds jebkad rad\u012bts.<\/p>\n<p><strong>Interjers<\/strong><\/p>\n<p>T\u0101 k\u0101 \u0161is 2016. gada Porsche Cayman S ir maz nobraukts, salons, k\u0101 gaid\u012bts, ir bez paz\u012bm\u0113m un teicam\u0101 st\u0101vokl\u012b. S\u0101kotn\u0113jais \u012bpa\u0161nieks r\u016bp\u012bgi p\u0101rbauda to ar da\u017e\u0101m v\u0113lamaj\u0101m opcij\u0101m, ko n\u0101kamais \u012bpa\u0161nieks nov\u0113rt\u0113s. Elektroniski regul\u0113jamie sporta s\u0113dek\u013ci, inform\u0101cijas un izklaides sist\u0113ma ar integr\u0113tu digit\u0101lo displeju un daudzfunkcion\u0101lais st\u016bresrats pacels brauk\u0161anas pieredzi jaun\u0101 l\u012bmen\u012b. Ir redzama Porsche rakstur\u012bg\u0101 interjera kvalit\u0101te, k\u0101 ar\u012b izcils apr\u012bkojums un apdare.<\/p>\n<p><strong>St\u0101voklis<\/strong><\/p>\n<p>\u0160is nevainojamais Porsche Cayman S p\u0113d\u0113jo septi\u0146u gadu laik\u0101 ir nobraucis nedaudz vair\u0101k par 33 000 kilometru. Tik mazs nobraukums, p\u0101ris r\u016bp\u012bgu \u012bpa\u0161nieku un atbilsto\u0161a tehnisk\u0101s apkopes dokument\u0101cija garant\u0113, ka automa\u0161\u012bna ir perfekt\u0101 st\u0101vokl\u012b. P\u0101rdev\u0113js ir \u013coti cien\u012bjams sporta automobi\u013cu tirgot\u0101js It\u0101lij\u0101, un vi\u0146\u0161 ir tik p\u0101rliecin\u0101ts par \u0161\u012b Cayman S visp\u0101r\u0113jo st\u0101vokli, ka <strong>automa\u0161\u012bnai ir 12 m\u0113ne\u0161u garantija<\/strong>, kas ir \u013coti svar\u012bgi un at\u0161\u0137ir \u0161o transportl\u012bdzekli no l\u012bdz\u012bgiem, kurus j\u016bs var\u0113tu atrast p\u0101rdo\u0161an\u0101. 2021. gad\u0101 ir apkope un noz\u012bm\u012bgi pakalpojumi.<\/p>\n<p><strong>\u0100rpuse un rite\u0146i<\/strong><\/p>\n<p>Elegantajai baltajai virsb\u016bvei nav skr\u0101p\u0113jumu vai iespiedumu, un \u0161im automobilim ir interesantas grafiskas deta\u013cas uz st\u016bres pane\u013ciem, kas ir r\u016bpn\u012bcas ori\u0123in\u0101ls un liecina, ka \u0161is Cayman nav b\u0101zes specifik\u0101cijas modelis. Sporta automobi\u013ca izskatu papildina 20 collu rite\u0146u diski, kas ir t\u0101di pa\u0161i, k\u0101dus izmantoja 911. gada laik\u0101, un tie ir iesai\u0146oti gandr\u012bz jaun\u0101s Michelin Pilot Sport 4S riep\u0101s, ko izv\u0113las autovad\u012bt\u0101ji entuziasti. Nav nek\u0101du modifik\u0101ciju, un \u0161is Cayman ir ide\u0101l\u0101 ori\u0123in\u0101laj\u0101 st\u0101vokl\u012b.<\/p>\n<p><strong>Dokument\u0101cija<\/strong><\/p>\n<p>\u0160o transportl\u012bdzekli p\u0101rdod d\u012bleris ar atbilsto\u0161u dokument\u0101ciju, un tas atrodas It\u0101lij\u0101. <a href=\"https:\/\/pistonaddict.com\/wp-content\/uploads\/2023\/10\/CARFAX-Vehicle-History-Report-PORSCHE-WP0ZZZ98ZGK181513.pdf\" target=\"_blank\" rel=\"noopener\">CarFax<\/a> zi\u0146ojums ir t\u012brs; nav pier\u0101d\u012bjumu par negad\u012bjumiem, negad\u012bjumu remontu, \u012bpa\u0161umties\u012bb\u0101m vai juridisk\u0101m probl\u0113m\u0101m. Tom\u0113r p\u0101rdev\u0113js m\u016bs inform\u0113ja, ka 2017. gad\u0101 noticis viens negad\u012bjums ar motociklu, cietu\u0161ais elements, priek\u0161\u0113jais p\u0101rsegs, protams, tika salabots. Ir regul\u0101ri veiktas tehnisk\u0101s apkopes dokumenti, k\u0101 ar\u012b ori\u0123in\u0101l\u0101s r\u016bpn\u012bcas bro\u0161\u016bras un kv\u012btis. P\u0101rdo\u0161an\u0101 ir iek\u013cauta d\u012blera 12 m\u0113ne\u0161u garantija.  <strong>Turkl\u0101t, ja dz\u012bvojat Eirop\u0101, p\u0101rdev\u0113js var par\u016bp\u0113ties par transportu un nog\u0101d\u0101t transportl\u012bdzekli j\u016bsu m\u0101j\u0101s.<\/strong><\/p>\n<p><strong> <\/strong><\/p>\n<p>P\u0101rbaudiet \u0161\u012b skaist\u0101 Porsche Cayman S atkl\u0101\u0161anas video:<\/p>\n<p><iframe title=\"Video of the Porsche Cayman S for auction sale\" width=\"1200\" height=\"675\" src=\"https:\/\/www.youtube.com\/embed\/-29PE_JnFJM?feature=oembed\" frameborder=\"0\" allow=\"accelerometer; autoplay; clipboard-write; encrypted-media; gyroscope; picture-in-picture; web-share\" allowfullscreen><\/iframe><\/p>\n","protected":false},"excerpt":{"rendered":"<p>Porsche k\u0101 uz\u0146\u0113mums, kas vienm\u0113r ir centies tiekties p\u0113c sporta automobi\u013cu piln\u012bbas, uz kritiku atbild\u0113ja vislab\u0101kaj\u0101 iesp\u0113jamaj\u0101 veid\u0101 &#8211; pied\u0101v\u0101jot autovad\u012bt\u0101jam paredz\u0113tu modeli, kas ir visp\u0101r\u0113ji iecien\u012bts un slav\u0113ts. Kad debit\u0113ja pirm\u0101s paaudzes Cayman, tas bija viss, ko entuziasti v\u0113l\u0113j\u0101s, ar 90% Porsche 911 saj\u016btu par 60% no cenas. Cayman bija viegl\u0101ks, prec\u012bz\u0101ks un saisto\u0161\u0101ks automobilis, savuk\u0101rt t\u0101 S versija bija perfekti sabalans\u0113ts sporta automobilis. \u0160eit ir viens \u012bpa\u0161i interesants piem\u0113rs ide\u0101l\u0101 st\u0101vokl\u012b. <strong>Lai piek\u013c\u016btu \u0161ai izsolei, ir <a href=\"https:\/\/pistonaddict.com\/lv\/mans-konts\/\">j\u0101izveido konts<\/a>.<\/strong><\/p>\n","protected":false},"featured_media":55126,"comment_status":"open","ping_status":"closed","template":"","meta":{"inline_featured_image":false},"product_cat":[751],"product_tag":[2214,2213,943,2212],"acf":[],"yoast_head":"<!-- This site is optimized with the Yoast SEO plugin v22.5 - https:\/\/yoast.com\/wordpress\/plugins\/seo\/ -->\n<title>Porsche Cayman S 3.4 325 CV izsoles - Piston Addict<\/title>\n<meta name=\"robots\" content=\"index, follow, max-snippet:-1, max-image-preview:large, max-video-preview:-1\" \/>\n<link rel=\"canonical\" href=\"https:\/\/pistonaddict.com\/lv\/product\/porsche-cayman-s-3-4-325-cv\/\" \/>\n<meta property=\"og:locale\" content=\"lv_LV\" \/>\n<meta property=\"og:type\" content=\"article\" \/>\n<meta property=\"og:title\" content=\"Porsche Cayman S 3.4 325 CV izsoles - Piston Addict\" \/>\n<meta property=\"og:description\" content=\"Porsche k\u0101 uz\u0146\u0113mums, kas vienm\u0113r ir centies tiekties p\u0113c sporta automobi\u013cu piln\u012bbas, uz kritiku atbild\u0113ja vislab\u0101kaj\u0101 iesp\u0113jamaj\u0101 veid\u0101 - pied\u0101v\u0101jot autovad\u012bt\u0101jam paredz\u0113tu modeli, kas ir visp\u0101r\u0113ji iecien\u012bts un slav\u0113ts. Kad debit\u0113ja pirm\u0101s paaudzes Cayman, tas bija viss, ko entuziasti v\u0113l\u0113j\u0101s, ar 90% Porsche 911 saj\u016btu par 60% no cenas. Cayman bija viegl\u0101ks, prec\u012bz\u0101ks un saisto\u0161\u0101ks automobilis, savuk\u0101rt t\u0101 S versija bija perfekti sabalans\u0113ts sporta automobilis. \u0160eit ir viens \u012bpa\u0161i interesants piem\u0113rs ide\u0101l\u0101 st\u0101vokl\u012b. Lai piek\u013c\u016btu \u0161ai izsolei, ir j\u0101izveido konts.\" \/>\n<meta property=\"og:url\" content=\"https:\/\/pistonaddict.com\/lv\/product\/porsche-cayman-s-3-4-325-cv\/\" \/>\n<meta property=\"og:site_name\" content=\"Piston Addict\" \/>\n<meta property=\"article:modified_time\" content=\"2024-03-19T16:03:46+00:00\" \/>\n<meta property=\"og:image\" content=\"https:\/\/pistonaddict.com\/wp-content\/uploads\/2023\/10\/CAYMAN-1.png\" \/>\n\t<meta property=\"og:image:width\" content=\"1887\" \/>\n\t<meta property=\"og:image:height\" content=\"781\" \/>\n\t<meta property=\"og:image:type\" content=\"image\/png\" \/>\n<meta name=\"twitter:card\" content=\"summary_large_image\" \/>\n<meta name=\"twitter:label1\" content=\"Est. reading time\" \/>\n\t<meta name=\"twitter:data1\" content=\"4 minutes\" \/>\n<script type=\"application\/ld+json\" class=\"yoast-schema-graph\">{\"@context\":\"https:\/\/schema.org\",\"@graph\":[{\"@type\":\"WebPage\",\"@id\":\"https:\/\/pistonaddict.com\/lv\/product\/porsche-cayman-s-3-4-325-cv\/\",\"url\":\"https:\/\/pistonaddict.com\/lv\/product\/porsche-cayman-s-3-4-325-cv\/\",\"name\":\"Porsche Cayman S 3.4 325 CV izsoles - Piston Addict\",\"isPartOf\":{\"@id\":\"https:\/\/pistonaddict.com\/lv\/#website\"},\"primaryImageOfPage\":{\"@id\":\"https:\/\/pistonaddict.com\/lv\/product\/porsche-cayman-s-3-4-325-cv\/#primaryimage\"},\"image\":{\"@id\":\"https:\/\/pistonaddict.com\/lv\/product\/porsche-cayman-s-3-4-325-cv\/#primaryimage\"},\"thumbnailUrl\":\"https:\/\/pistonaddict.com\/wp-content\/uploads\/2023\/10\/CAYMAN-1.png\",\"datePublished\":\"2023-10-13T07:36:04+00:00\",\"dateModified\":\"2024-03-19T16:03:46+00:00\",\"breadcrumb\":{\"@id\":\"https:\/\/pistonaddict.com\/lv\/product\/porsche-cayman-s-3-4-325-cv\/#breadcrumb\"},\"inLanguage\":\"lv-LV\",\"potentialAction\":[{\"@type\":\"ReadAction\",\"target\":[\"https:\/\/pistonaddict.com\/lv\/product\/porsche-cayman-s-3-4-325-cv\/\"]}]},{\"@type\":\"ImageObject\",\"inLanguage\":\"lv-LV\",\"@id\":\"https:\/\/pistonaddict.com\/lv\/product\/porsche-cayman-s-3-4-325-cv\/#primaryimage\",\"url\":\"https:\/\/pistonaddict.com\/wp-content\/uploads\/2023\/10\/CAYMAN-1.png\",\"contentUrl\":\"https:\/\/pistonaddict.com\/wp-content\/uploads\/2023\/10\/CAYMAN-1.png\",\"width\":1887,\"height\":781},{\"@type\":\"BreadcrumbList\",\"@id\":\"https:\/\/pistonaddict.com\/lv\/product\/porsche-cayman-s-3-4-325-cv\/#breadcrumb\",\"itemListElement\":[{\"@type\":\"ListItem\",\"position\":1,\"name\":\"M\u0101jas lapa\",\"item\":\"https:\/\/pistonaddict.com\/lv\/majas-lapa-2\/\"},{\"@type\":\"ListItem\",\"position\":2,\"name\":\"Auctions\",\"item\":\"https:\/\/pistonaddict.com\/auctions-listing\/\"},{\"@type\":\"ListItem\",\"position\":3,\"name\":\"Porsche Cayman S 3.4 325 CV\"}]},{\"@type\":\"WebSite\",\"@id\":\"https:\/\/pistonaddict.com\/lv\/#website\",\"url\":\"https:\/\/pistonaddict.com\/lv\/\",\"name\":\"Piston Addict\",\"description\":\"Only interesting vehicles\",\"publisher\":{\"@id\":\"https:\/\/pistonaddict.com\/lv\/#organization\"},\"potentialAction\":[{\"@type\":\"SearchAction\",\"target\":{\"@type\":\"EntryPoint\",\"urlTemplate\":\"https:\/\/pistonaddict.com\/lv\/?s={search_term_string}\"},\"query-input\":\"required name=search_term_string\"}],\"inLanguage\":\"lv-LV\"},{\"@type\":\"Organization\",\"@id\":\"https:\/\/pistonaddict.com\/lv\/#organization\",\"name\":\"Piston Addict\",\"url\":\"https:\/\/pistonaddict.com\/lv\/\",\"logo\":{\"@type\":\"ImageObject\",\"inLanguage\":\"lv-LV\",\"@id\":\"https:\/\/pistonaddict.com\/lv\/#\/schema\/logo\/image\/\",\"url\":\"https:\/\/pistonaddict.com\/wp-content\/uploads\/2022\/07\/logo-6.png\",\"contentUrl\":\"https:\/\/pistonaddict.com\/wp-content\/uploads\/2022\/07\/logo-6.png\",\"width\":970,\"height\":200,\"caption\":\"Piston Addict\"},\"image\":{\"@id\":\"https:\/\/pistonaddict.com\/lv\/#\/schema\/logo\/image\/\"}}]}<\/script>\n<!-- \/ Yoast SEO plugin. -->","yoast_head_json":{"title":"Porsche Cayman S 3.4 325 CV izsoles - Piston Addict","robots":{"index":"index","follow":"follow","max-snippet":"max-snippet:-1","max-image-preview":"max-image-preview:large","max-video-preview":"max-video-preview:-1"},"canonical":"https:\/\/pistonaddict.com\/lv\/product\/porsche-cayman-s-3-4-325-cv\/","og_locale":"lv_LV","og_type":"article","og_title":"Porsche Cayman S 3.4 325 CV izsoles - Piston Addict","og_description":"Porsche k\u0101 uz\u0146\u0113mums, kas vienm\u0113r ir centies tiekties p\u0113c sporta automobi\u013cu piln\u012bbas, uz kritiku atbild\u0113ja vislab\u0101kaj\u0101 iesp\u0113jamaj\u0101 veid\u0101 - pied\u0101v\u0101jot autovad\u012bt\u0101jam paredz\u0113tu modeli, kas ir visp\u0101r\u0113ji iecien\u012bts un slav\u0113ts. Kad debit\u0113ja pirm\u0101s paaudzes Cayman, tas bija viss, ko entuziasti v\u0113l\u0113j\u0101s, ar 90% Porsche 911 saj\u016btu par 60% no cenas. Cayman bija viegl\u0101ks, prec\u012bz\u0101ks un saisto\u0161\u0101ks automobilis, savuk\u0101rt t\u0101 S versija bija perfekti sabalans\u0113ts sporta automobilis. \u0160eit ir viens \u012bpa\u0161i interesants piem\u0113rs ide\u0101l\u0101 st\u0101vokl\u012b. Lai piek\u013c\u016btu \u0161ai izsolei, ir j\u0101izveido konts.","og_url":"https:\/\/pistonaddict.com\/lv\/product\/porsche-cayman-s-3-4-325-cv\/","og_site_name":"Piston Addict","article_modified_time":"2024-03-19T16:03:46+00:00","og_image":[{"width":1887,"height":781,"url":"https:\/\/pistonaddict.com\/wp-content\/uploads\/2023\/10\/CAYMAN-1.png","type":"image\/png"}],"twitter_card":"summary_large_image","twitter_misc":{"Est. reading time":"4 minutes"},"schema":{"@context":"https:\/\/schema.org","@graph":[{"@type":"WebPage","@id":"https:\/\/pistonaddict.com\/lv\/product\/porsche-cayman-s-3-4-325-cv\/","url":"https:\/\/pistonaddict.com\/lv\/product\/porsche-cayman-s-3-4-325-cv\/","name":"Porsche Cayman S 3.4 325 CV izsoles - Piston Addict","isPartOf":{"@id":"https:\/\/pistonaddict.com\/lv\/#website"},"primaryImageOfPage":{"@id":"https:\/\/pistonaddict.com\/lv\/product\/porsche-cayman-s-3-4-325-cv\/#primaryimage"},"image":{"@id":"https:\/\/pistonaddict.com\/lv\/product\/porsche-cayman-s-3-4-325-cv\/#primaryimage"},"thumbnailUrl":"https:\/\/pistonaddict.com\/wp-content\/uploads\/2023\/10\/CAYMAN-1.png","datePublished":"2023-10-13T07:36:04+00:00","dateModified":"2024-03-19T16:03:46+00:00","breadcrumb":{"@id":"https:\/\/pistonaddict.com\/lv\/product\/porsche-cayman-s-3-4-325-cv\/#breadcrumb"},"inLanguage":"lv-LV","potentialAction":[{"@type":"ReadAction","target":["https:\/\/pistonaddict.com\/lv\/product\/porsche-cayman-s-3-4-325-cv\/"]}]},{"@type":"ImageObject","inLanguage":"lv-LV","@id":"https:\/\/pistonaddict.com\/lv\/product\/porsche-cayman-s-3-4-325-cv\/#primaryimage","url":"https:\/\/pistonaddict.com\/wp-content\/uploads\/2023\/10\/CAYMAN-1.png","contentUrl":"https:\/\/pistonaddict.com\/wp-content\/uploads\/2023\/10\/CAYMAN-1.png","width":1887,"height":781},{"@type":"BreadcrumbList","@id":"https:\/\/pistonaddict.com\/lv\/product\/porsche-cayman-s-3-4-325-cv\/#breadcrumb","itemListElement":[{"@type":"ListItem","position":1,"name":"M\u0101jas lapa","item":"https:\/\/pistonaddict.com\/lv\/majas-lapa-2\/"},{"@type":"ListItem","position":2,"name":"Auctions","item":"https:\/\/pistonaddict.com\/auctions-listing\/"},{"@type":"ListItem","position":3,"name":"Porsche Cayman S 3.4 325 CV"}]},{"@type":"WebSite","@id":"https:\/\/pistonaddict.com\/lv\/#website","url":"https:\/\/pistonaddict.com\/lv\/","name":"Piston Addict","description":"Only interesting vehicles","publisher":{"@id":"https:\/\/pistonaddict.com\/lv\/#organization"},"potentialAction":[{"@type":"SearchAction","target":{"@type":"EntryPoint","urlTemplate":"https:\/\/pistonaddict.com\/lv\/?s={search_term_string}"},"query-input":"required name=search_term_string"}],"inLanguage":"lv-LV"},{"@type":"Organization","@id":"https:\/\/pistonaddict.com\/lv\/#organization","name":"Piston Addict","url":"https:\/\/pistonaddict.com\/lv\/","logo":{"@type":"ImageObject","inLanguage":"lv-LV","@id":"https:\/\/pistonaddict.com\/lv\/#\/schema\/logo\/image\/","url":"https:\/\/pistonaddict.com\/wp-content\/uploads\/2022\/07\/logo-6.png","contentUrl":"https:\/\/pistonaddict.com\/wp-content\/uploads\/2022\/07\/logo-6.png","width":970,"height":200,"caption":"Piston Addict"},"image":{"@id":"https:\/\/pistonaddict.com\/lv\/#\/schema\/logo\/image\/"}}]}},"_links":{"self":[{"href":"https:\/\/pistonaddict.com\/lv\/wp-json\/wp\/v2\/product\/55252"}],"collection":[{"href":"https:\/\/pistonaddict.com\/lv\/wp-json\/wp\/v2\/product"}],"about":[{"href":"https:\/\/pistonaddict.com\/lv\/wp-json\/wp\/v2\/types\/product"}],"replies":[{"embeddable":true,"href":"https:\/\/pistonaddict.com\/lv\/wp-json\/wp\/v2\/comments?post=55252"}],"wp:featuredmedia":[{"embeddable":true,"href":"https:\/\/pistonaddict.com\/lv\/wp-json\/wp\/v2\/media\/55126"}],"wp:attachment":[{"href":"https:\/\/pistonaddict.com\/lv\/wp-json\/wp\/v2\/media?parent=55252"}],"wp:term":[{"taxonomy":"product_cat","embeddable":true,"href":"https:\/\/pistonaddict.com\/lv\/wp-json\/wp\/v2\/product_cat?post=55252"},{"taxonomy":"product_tag","embeddable":true,"href":"https:\/\/pistonaddict.com\/lv\/wp-json\/wp\/v2\/product_tag?post=55252"}],"curies":[{"name":"wp","href":"https:\/\/api.w.org\/{rel}","templated":true}]}}