{"id":53493,"date":"2023-10-06T11:28:15","date_gmt":"2023-10-06T09:28:15","guid":{"rendered":"https:\/\/pistonaddict.com\/product\/porsche-911-carrera-2-cabrio-997\/"},"modified":"2023-12-20T09:49:16","modified_gmt":"2023-12-20T08:49:16","slug":"porsche-911-carrera-2-cabrio-997","status":"publish","type":"product","link":"https:\/\/pistonaddict.com\/lv\/product\/porsche-911-carrera-2-cabrio-997\/","title":{"rendered":"Porsche 911 Carrera 2 Cabrio (997)"},"content":{"rendered":"<p><strong>Auto v\u0113sture<\/strong><\/p>\n<p>\u0160is &#8220;Guards Red&#8221; Porsche 911 Carrera 2 Cabrio tika ra\u017eots 2006. gada decembr\u012b un p\u0101rdots jauns Sp\u0101nij\u0101, kur tas pavad\u012bja visu savu m\u016b\u017eu. Pa\u0161reiz\u0113jais \u012bpa\u0161nieks to ieg\u0101d\u0101j\u0101s 2021. gad\u0101. \u0160is kabriolets ir izcils 997. paaudzes Carrera 2 mode\u013ca paraugs, kas ir paz\u012bstams ar savu vieglo konstrukciju, augstas apgriezienu jaudas dzin\u0113jiem un bezkompromisu brauk\u0161anas saj\u016btu. Porsche p\u016brisma piekrit\u0113ji bie\u017ei kritiz\u0113ja n\u0101kamos 911 mode\u013cus par to, ka tie ir p\u0101r\u0101k lieli un smagi, ta\u010du visi bija vienispr\u0101tis, ka 997 bija p\u0113d\u0113jais klasisk\u0101s l\u012bnijas automobilis. Tam ir izteiksm\u012bga \u0161asija, motors ar dabisko izpl\u016bdes g\u0101zi, rakstur\u012bgs ska\u013cums un unik\u0101la vad\u0101m\u012bba, jo \u012bpa\u0161i, ja tas ir RWD versij\u0101, piem\u0113ram, k\u0101 \u0161is automobilis. \u0160o modeli <strong>darbina 3,6 litru<\/strong> <strong>plakans se\u0161cilindru dzin\u0113js, kura jauda ir 325 ZS<\/strong> un veiktsp\u0113ja ir vair\u0101k nek\u0101 cien\u012bjama. Sprints no 0 l\u012bdz 100 km\/h ir iesp\u0113jams tikai 4,8 sekund\u0113s, bet maksim\u0101lais \u0101trums p\u0101rsniedz 280 km\/h (177 mph). Tom\u0113r b\u016btisk\u0101kais ir 6 pak\u0101pju manu\u0101l\u0101 p\u0101rnesumk\u0101rba, kas \u0161o sarkano kabrioletu no parast\u0101 911 uzreiz p\u0101rv\u0113r\u0161 par retu kolekcion\u0101ra vien\u012bbu. Manu\u0101l\u0101 vad\u012bba ir \u013coti v\u0113lama opcija, kas ne tikai pal\u012bdz automa\u0161\u012bnai sasniegt pilnu veiktsp\u0113jas potenci\u0101lu, bet ar\u012b padara katru braucienu par neaizmirstamu piedz\u012bvojumu.<\/p>\n<p><strong>Interjers<\/strong><\/p>\n<p>&#8220;Dabiski br\u016bnais&#8221; salons ir p\u0101rsteidzo\u0161i apvienots ar sarkano virsb\u016bvi un v\u0113l vair\u0101k izce\u013c \u0161o modeli no p\u0101r\u0113jiem 911 mode\u013ciem. Salons ir nevainojam\u0101 st\u0101vokl\u012b, uz \u0101das s\u0113dek\u013ciem nav skr\u0101p\u0113jumu. Tas ir ar\u012b labi apr\u012bkots ar papildu sporta s\u0113dek\u013ciem, Bose audio sist\u0113mu un atbilsto\u0161u st\u016bres ratu. Vien\u012bgais neori\u0123in\u0101lais elements ir Kenwood galven\u0101 iek\u0101rta ar sk\u0101rienj\u016bt\u012bgo ekr\u0101nu, ta\u010du \u0161is gaum\u012bgais uzlabojums lieliski iek\u013caujas pane\u013ca dizain\u0101. Lai gan \u0161is kabriolets tika braukts k\u0101 ned\u0113\u013cas nogales kru\u012bzeris saulainaj\u0101 Sp\u0101nij\u0101, uz kr\u0101\u0161\u0146\u0101 iedeguma \u0101das salona nav nek\u0101du saules boj\u0101jumu paz\u012bmju.<\/p>\n<p><strong>St\u0101voklis<\/strong><\/p>\n<p>No jauna nobraukti tikai 43 000 km, un automa\u0161\u012bnas kop\u0113jais st\u0101voklis ir nevainojams, bez negad\u012bjumiem un boj\u0101jumiem. P\u0113d\u0113jais dzin\u0113ja remonts tika veikts 2022. gad\u0101, bet bremzes tika remont\u0113tas 2023. gada oktobr\u012b. Automa\u0161\u012bna tika r\u016bp\u012bgi izt\u012br\u012bta, un tika veikta e\u013c\u013cas anal\u012bze, kas par\u0101d\u012bja, ka motors un transmisija ir ide\u0101l\u0101 st\u0101vokl\u012b. 911 automobi\u013ci vienm\u0113r ir biju\u0161i paz\u012bstami ar savu kvalit\u0101ti, un, ja tie tiek pareizi uztur\u0113ti un r\u016bp\u012bgi kopti, k\u0101 tas ir \u0161aj\u0101 gad\u012bjum\u0101, tie var kalpot visu m\u016b\u017eu.<\/p>\n<p><strong>\u0100rpuse un rite\u0146i  <\/strong><\/p>\n<p>Sarkan\u0101 virsb\u016bve ir perfekt\u0101 st\u0101vokl\u012b, bez skr\u0101p\u0113jumiem un iespiedumiem, un kabrioleta jumtam nav boj\u0101jumu. Kr\u0101su kombin\u0101cija ir lieliska un padara \u0161o piem\u0113ru izce\u013cas no p\u016b\u013ca. \u0160im 911 Carrera 2 ir Porsche firmas &#8220;Lobster Claw&#8221; 19 collu rite\u0146u diski, kas apvilkti ar jaun\u0101m Michelin Pilot Sport riep\u0101m.<\/p>\n<p><strong>Dokument\u0101cija:<\/strong><\/p>\n<p>\u0160o transportl\u012bdzekli p\u0101rdod d\u012bleris ar atbilsto\u0161u dokument\u0101ciju, kas atrodas Sp\u0101nij\u0101. CarFax zi\u0146ojums ir t\u012brs; nav pier\u0101d\u012bjumu par negad\u012bjumiem, negad\u012bjumu remontu, \u012bpa\u0161umties\u012bb\u0101m vai juridisk\u0101m probl\u0113m\u0101m. Ir regul\u0101ri veiktas tehnisk\u0101s apkopes dokumenti, k\u0101 ar\u012b ori\u0123in\u0101l\u0101s r\u016bpn\u012bcas bro\u0161\u016bras un kv\u012btis. Sp\u0101nijas tehnisk\u0101 apskate (ITV) ir iek\u013cauta dokument\u0101cij\u0101, un automa\u0161\u012bna to iztur\u0113ja ar pl\u012bvojo\u0161\u0101m kr\u0101s\u0101m. P\u0101rbaudiet \u0161\u012b skaist\u0101 kabrioleta Porsche 911 Carrera <a href=\"https:\/\/pistonaddict.com\/wp-content\/uploads\/2023\/10\/CARFAX-Vehicle-History-Report-PORSCHE-911.pdf\">CarFax dokumentu<\/a>.<\/p>\n<p><strong>Lai var\u0113tu piek\u013c\u016bt \u0161\u012b augst\u0101k\u0101s klases transportl\u012bdzek\u013ca izsolei, ir nepiecie\u0161ams kred\u012btkartes nospiedums\/aiztur\u0113jums (autom\u0101tiski atbr\u012bvots).<\/strong><\/p>\n<p>Skatiet \u0161\u012b skaist\u0101 Porsche 911 Carrera kabrioleta aukst\u0101s iedarbin\u0101\u0161anas video:<\/p>\n<p><iframe title=\"Cold Start Video of the Porsche 911 Carrera Cabrio 325 CV\" width=\"1200\" height=\"675\" src=\"https:\/\/www.youtube.com\/embed\/FNuC3o32Erw?feature=oembed\" frameborder=\"0\" allow=\"accelerometer; autoplay; clipboard-write; encrypted-media; gyroscope; picture-in-picture; web-share\" allowfullscreen><\/iframe><\/p>\n","protected":false},"excerpt":{"rendered":"<p>Porsche 911 ir \u012bpa\u0161a vieta sporta automobi\u013cu pasaul\u0113. Tas vairs netiek uztverts tikai k\u0101 transportl\u012bdzeklis, jo tas p\u0101rsniedz automobi\u013cu nozares robe\u017eas un ir k\u013cuvis par kult\u016bras simbolu un pasaul\u0113 atpaz\u012bstamu formu. Da\u017e\u0101s paaudz\u0113s 911 ir att\u012bst\u012bjies no maza sporta kupeja l\u012bdz m\u016bsdienu greznajam GT automobilim. Tom\u0113r, pie\u0146emsim, ka j\u016bs alkstat p\u0113c b\u016btisk\u0101s 911 saj\u016btas, boksera motora r\u016bk\u0161anas un t\u012bras brauk\u0161anas saj\u016btas. T\u0101d\u0101 gad\u012bjum\u0101 997. paaudze ir p\u0113d\u0113j\u0101, kas pied\u0101v\u0101 visas \u0161\u012bs v\u0113lam\u0101s klasisk\u0101s \u012bpa\u0161\u012bbas m\u016bsdien\u012bg\u0101 iepakojum\u0101. T\u0101 ir piln\u012bba uz \u010detriem rite\u0146iem kabrioleta form\u0101 un ar manu\u0101lo p\u0101rnesumk\u0101rbu.<\/p>\n","protected":false},"featured_media":53273,"comment_status":"open","ping_status":"closed","template":"","meta":{"inline_featured_image":false},"product_cat":[751],"product_tag":[2115,834,2112,2114,949,833],"acf":[],"yoast_head":"<!-- This site is optimized with the Yoast SEO plugin v22.5 - https:\/\/yoast.com\/wordpress\/plugins\/seo\/ -->\n<title>Porsche 911 Carrera 2 Cabrio (997) izsoles - Piston Addict<\/title>\n<meta name=\"robots\" content=\"index, follow, max-snippet:-1, max-image-preview:large, max-video-preview:-1\" \/>\n<link rel=\"canonical\" href=\"https:\/\/pistonaddict.com\/lv\/product\/porsche-911-carrera-2-cabrio-997\/\" \/>\n<meta property=\"og:locale\" content=\"lv_LV\" \/>\n<meta property=\"og:type\" content=\"article\" \/>\n<meta property=\"og:title\" content=\"Porsche 911 Carrera 2 Cabrio (997) izsoles - Piston Addict\" \/>\n<meta property=\"og:description\" content=\"Porsche 911 ir \u012bpa\u0161a vieta sporta automobi\u013cu pasaul\u0113. Tas vairs netiek uztverts tikai k\u0101 transportl\u012bdzeklis, jo tas p\u0101rsniedz automobi\u013cu nozares robe\u017eas un ir k\u013cuvis par kult\u016bras simbolu un pasaul\u0113 atpaz\u012bstamu formu. Da\u017e\u0101s paaudz\u0113s 911 ir att\u012bst\u012bjies no maza sporta kupeja l\u012bdz m\u016bsdienu greznajam GT automobilim. Tom\u0113r, pie\u0146emsim, ka j\u016bs alkstat p\u0113c b\u016btisk\u0101s 911 saj\u016btas, boksera motora r\u016bk\u0161anas un t\u012bras brauk\u0161anas saj\u016btas. T\u0101d\u0101 gad\u012bjum\u0101 997. paaudze ir p\u0113d\u0113j\u0101, kas pied\u0101v\u0101 visas \u0161\u012bs v\u0113lam\u0101s klasisk\u0101s \u012bpa\u0161\u012bbas m\u016bsdien\u012bg\u0101 iepakojum\u0101. T\u0101 ir piln\u012bba uz \u010detriem rite\u0146iem kabrioleta form\u0101 un ar manu\u0101lo p\u0101rnesumk\u0101rbu.\" \/>\n<meta property=\"og:url\" content=\"https:\/\/pistonaddict.com\/lv\/product\/porsche-911-carrera-2-cabrio-997\/\" \/>\n<meta property=\"og:site_name\" content=\"Piston Addict\" \/>\n<meta property=\"article:modified_time\" content=\"2023-12-20T08:49:16+00:00\" \/>\n<meta property=\"og:image\" content=\"https:\/\/pistonaddict.com\/wp-content\/uploads\/2023\/10\/20220624_201726_resized-copia.jpg\" \/>\n\t<meta property=\"og:image:width\" content=\"1008\" \/>\n\t<meta property=\"og:image:height\" content=\"567\" \/>\n\t<meta property=\"og:image:type\" content=\"image\/jpeg\" \/>\n<meta name=\"twitter:card\" content=\"summary_large_image\" \/>\n<meta name=\"twitter:label1\" content=\"Est. reading time\" \/>\n\t<meta name=\"twitter:data1\" content=\"3 minutes\" \/>\n<script type=\"application\/ld+json\" class=\"yoast-schema-graph\">{\"@context\":\"https:\/\/schema.org\",\"@graph\":[{\"@type\":\"WebPage\",\"@id\":\"https:\/\/pistonaddict.com\/lv\/product\/porsche-911-carrera-2-cabrio-997\/\",\"url\":\"https:\/\/pistonaddict.com\/lv\/product\/porsche-911-carrera-2-cabrio-997\/\",\"name\":\"Porsche 911 Carrera 2 Cabrio (997) izsoles - Piston Addict\",\"isPartOf\":{\"@id\":\"https:\/\/pistonaddict.com\/lv\/#website\"},\"primaryImageOfPage\":{\"@id\":\"https:\/\/pistonaddict.com\/lv\/product\/porsche-911-carrera-2-cabrio-997\/#primaryimage\"},\"image\":{\"@id\":\"https:\/\/pistonaddict.com\/lv\/product\/porsche-911-carrera-2-cabrio-997\/#primaryimage\"},\"thumbnailUrl\":\"https:\/\/pistonaddict.com\/wp-content\/uploads\/2023\/10\/20220624_201726_resized-copia.jpg\",\"datePublished\":\"2023-10-06T09:28:15+00:00\",\"dateModified\":\"2023-12-20T08:49:16+00:00\",\"breadcrumb\":{\"@id\":\"https:\/\/pistonaddict.com\/lv\/product\/porsche-911-carrera-2-cabrio-997\/#breadcrumb\"},\"inLanguage\":\"lv-LV\",\"potentialAction\":[{\"@type\":\"ReadAction\",\"target\":[\"https:\/\/pistonaddict.com\/lv\/product\/porsche-911-carrera-2-cabrio-997\/\"]}]},{\"@type\":\"ImageObject\",\"inLanguage\":\"lv-LV\",\"@id\":\"https:\/\/pistonaddict.com\/lv\/product\/porsche-911-carrera-2-cabrio-997\/#primaryimage\",\"url\":\"https:\/\/pistonaddict.com\/wp-content\/uploads\/2023\/10\/20220624_201726_resized-copia.jpg\",\"contentUrl\":\"https:\/\/pistonaddict.com\/wp-content\/uploads\/2023\/10\/20220624_201726_resized-copia.jpg\",\"width\":1008,\"height\":567},{\"@type\":\"BreadcrumbList\",\"@id\":\"https:\/\/pistonaddict.com\/lv\/product\/porsche-911-carrera-2-cabrio-997\/#breadcrumb\",\"itemListElement\":[{\"@type\":\"ListItem\",\"position\":1,\"name\":\"M\u0101jas lapa\",\"item\":\"https:\/\/pistonaddict.com\/lv\/majas-lapa-2\/\"},{\"@type\":\"ListItem\",\"position\":2,\"name\":\"Auctions\",\"item\":\"https:\/\/pistonaddict.com\/auctions-listing\/\"},{\"@type\":\"ListItem\",\"position\":3,\"name\":\"Porsche 911 Carrera 2 Cabrio (997)\"}]},{\"@type\":\"WebSite\",\"@id\":\"https:\/\/pistonaddict.com\/lv\/#website\",\"url\":\"https:\/\/pistonaddict.com\/lv\/\",\"name\":\"Piston Addict\",\"description\":\"Only interesting vehicles\",\"publisher\":{\"@id\":\"https:\/\/pistonaddict.com\/lv\/#organization\"},\"potentialAction\":[{\"@type\":\"SearchAction\",\"target\":{\"@type\":\"EntryPoint\",\"urlTemplate\":\"https:\/\/pistonaddict.com\/lv\/?s={search_term_string}\"},\"query-input\":\"required name=search_term_string\"}],\"inLanguage\":\"lv-LV\"},{\"@type\":\"Organization\",\"@id\":\"https:\/\/pistonaddict.com\/lv\/#organization\",\"name\":\"Piston Addict\",\"url\":\"https:\/\/pistonaddict.com\/lv\/\",\"logo\":{\"@type\":\"ImageObject\",\"inLanguage\":\"lv-LV\",\"@id\":\"https:\/\/pistonaddict.com\/lv\/#\/schema\/logo\/image\/\",\"url\":\"https:\/\/pistonaddict.com\/wp-content\/uploads\/2022\/07\/logo-6.png\",\"contentUrl\":\"https:\/\/pistonaddict.com\/wp-content\/uploads\/2022\/07\/logo-6.png\",\"width\":970,\"height\":200,\"caption\":\"Piston Addict\"},\"image\":{\"@id\":\"https:\/\/pistonaddict.com\/lv\/#\/schema\/logo\/image\/\"}}]}<\/script>\n<!-- \/ Yoast SEO plugin. -->","yoast_head_json":{"title":"Porsche 911 Carrera 2 Cabrio (997) izsoles - Piston Addict","robots":{"index":"index","follow":"follow","max-snippet":"max-snippet:-1","max-image-preview":"max-image-preview:large","max-video-preview":"max-video-preview:-1"},"canonical":"https:\/\/pistonaddict.com\/lv\/product\/porsche-911-carrera-2-cabrio-997\/","og_locale":"lv_LV","og_type":"article","og_title":"Porsche 911 Carrera 2 Cabrio (997) izsoles - Piston Addict","og_description":"Porsche 911 ir \u012bpa\u0161a vieta sporta automobi\u013cu pasaul\u0113. Tas vairs netiek uztverts tikai k\u0101 transportl\u012bdzeklis, jo tas p\u0101rsniedz automobi\u013cu nozares robe\u017eas un ir k\u013cuvis par kult\u016bras simbolu un pasaul\u0113 atpaz\u012bstamu formu. Da\u017e\u0101s paaudz\u0113s 911 ir att\u012bst\u012bjies no maza sporta kupeja l\u012bdz m\u016bsdienu greznajam GT automobilim. Tom\u0113r, pie\u0146emsim, ka j\u016bs alkstat p\u0113c b\u016btisk\u0101s 911 saj\u016btas, boksera motora r\u016bk\u0161anas un t\u012bras brauk\u0161anas saj\u016btas. T\u0101d\u0101 gad\u012bjum\u0101 997. paaudze ir p\u0113d\u0113j\u0101, kas pied\u0101v\u0101 visas \u0161\u012bs v\u0113lam\u0101s klasisk\u0101s \u012bpa\u0161\u012bbas m\u016bsdien\u012bg\u0101 iepakojum\u0101. T\u0101 ir piln\u012bba uz \u010detriem rite\u0146iem kabrioleta form\u0101 un ar manu\u0101lo p\u0101rnesumk\u0101rbu.","og_url":"https:\/\/pistonaddict.com\/lv\/product\/porsche-911-carrera-2-cabrio-997\/","og_site_name":"Piston Addict","article_modified_time":"2023-12-20T08:49:16+00:00","og_image":[{"width":1008,"height":567,"url":"https:\/\/pistonaddict.com\/wp-content\/uploads\/2023\/10\/20220624_201726_resized-copia.jpg","type":"image\/jpeg"}],"twitter_card":"summary_large_image","twitter_misc":{"Est. reading time":"3 minutes"},"schema":{"@context":"https:\/\/schema.org","@graph":[{"@type":"WebPage","@id":"https:\/\/pistonaddict.com\/lv\/product\/porsche-911-carrera-2-cabrio-997\/","url":"https:\/\/pistonaddict.com\/lv\/product\/porsche-911-carrera-2-cabrio-997\/","name":"Porsche 911 Carrera 2 Cabrio (997) izsoles - Piston Addict","isPartOf":{"@id":"https:\/\/pistonaddict.com\/lv\/#website"},"primaryImageOfPage":{"@id":"https:\/\/pistonaddict.com\/lv\/product\/porsche-911-carrera-2-cabrio-997\/#primaryimage"},"image":{"@id":"https:\/\/pistonaddict.com\/lv\/product\/porsche-911-carrera-2-cabrio-997\/#primaryimage"},"thumbnailUrl":"https:\/\/pistonaddict.com\/wp-content\/uploads\/2023\/10\/20220624_201726_resized-copia.jpg","datePublished":"2023-10-06T09:28:15+00:00","dateModified":"2023-12-20T08:49:16+00:00","breadcrumb":{"@id":"https:\/\/pistonaddict.com\/lv\/product\/porsche-911-carrera-2-cabrio-997\/#breadcrumb"},"inLanguage":"lv-LV","potentialAction":[{"@type":"ReadAction","target":["https:\/\/pistonaddict.com\/lv\/product\/porsche-911-carrera-2-cabrio-997\/"]}]},{"@type":"ImageObject","inLanguage":"lv-LV","@id":"https:\/\/pistonaddict.com\/lv\/product\/porsche-911-carrera-2-cabrio-997\/#primaryimage","url":"https:\/\/pistonaddict.com\/wp-content\/uploads\/2023\/10\/20220624_201726_resized-copia.jpg","contentUrl":"https:\/\/pistonaddict.com\/wp-content\/uploads\/2023\/10\/20220624_201726_resized-copia.jpg","width":1008,"height":567},{"@type":"BreadcrumbList","@id":"https:\/\/pistonaddict.com\/lv\/product\/porsche-911-carrera-2-cabrio-997\/#breadcrumb","itemListElement":[{"@type":"ListItem","position":1,"name":"M\u0101jas lapa","item":"https:\/\/pistonaddict.com\/lv\/majas-lapa-2\/"},{"@type":"ListItem","position":2,"name":"Auctions","item":"https:\/\/pistonaddict.com\/auctions-listing\/"},{"@type":"ListItem","position":3,"name":"Porsche 911 Carrera 2 Cabrio (997)"}]},{"@type":"WebSite","@id":"https:\/\/pistonaddict.com\/lv\/#website","url":"https:\/\/pistonaddict.com\/lv\/","name":"Piston Addict","description":"Only interesting vehicles","publisher":{"@id":"https:\/\/pistonaddict.com\/lv\/#organization"},"potentialAction":[{"@type":"SearchAction","target":{"@type":"EntryPoint","urlTemplate":"https:\/\/pistonaddict.com\/lv\/?s={search_term_string}"},"query-input":"required name=search_term_string"}],"inLanguage":"lv-LV"},{"@type":"Organization","@id":"https:\/\/pistonaddict.com\/lv\/#organization","name":"Piston Addict","url":"https:\/\/pistonaddict.com\/lv\/","logo":{"@type":"ImageObject","inLanguage":"lv-LV","@id":"https:\/\/pistonaddict.com\/lv\/#\/schema\/logo\/image\/","url":"https:\/\/pistonaddict.com\/wp-content\/uploads\/2022\/07\/logo-6.png","contentUrl":"https:\/\/pistonaddict.com\/wp-content\/uploads\/2022\/07\/logo-6.png","width":970,"height":200,"caption":"Piston Addict"},"image":{"@id":"https:\/\/pistonaddict.com\/lv\/#\/schema\/logo\/image\/"}}]}},"_links":{"self":[{"href":"https:\/\/pistonaddict.com\/lv\/wp-json\/wp\/v2\/product\/53493"}],"collection":[{"href":"https:\/\/pistonaddict.com\/lv\/wp-json\/wp\/v2\/product"}],"about":[{"href":"https:\/\/pistonaddict.com\/lv\/wp-json\/wp\/v2\/types\/product"}],"replies":[{"embeddable":true,"href":"https:\/\/pistonaddict.com\/lv\/wp-json\/wp\/v2\/comments?post=53493"}],"wp:featuredmedia":[{"embeddable":true,"href":"https:\/\/pistonaddict.com\/lv\/wp-json\/wp\/v2\/media\/53273"}],"wp:attachment":[{"href":"https:\/\/pistonaddict.com\/lv\/wp-json\/wp\/v2\/media?parent=53493"}],"wp:term":[{"taxonomy":"product_cat","embeddable":true,"href":"https:\/\/pistonaddict.com\/lv\/wp-json\/wp\/v2\/product_cat?post=53493"},{"taxonomy":"product_tag","embeddable":true,"href":"https:\/\/pistonaddict.com\/lv\/wp-json\/wp\/v2\/product_tag?post=53493"}],"curies":[{"name":"wp","href":"https:\/\/api.w.org\/{rel}","templated":true}]}}