{"id":47839,"date":"2024-01-16T09:00:29","date_gmt":"2024-01-16T08:00:29","guid":{"rendered":"https:\/\/pistonaddict.com\/product\/morgan-roadster-v6-3-0\/"},"modified":"2024-03-20T09:44:03","modified_gmt":"2024-03-20T08:44:03","slug":"morgan-roadster-v6-3-0","status":"publish","type":"product","link":"https:\/\/pistonaddict.com\/lv\/product\/morgan-roadster-v6-3-0\/","title":{"rendered":"Morgan Roadster V6 3.0"},"content":{"rendered":"<p><strong>Auto v\u0113sture<\/strong><\/p>\n<p>\u0160\u012b elegant\u0101 rodstera pa\u0161reiz\u0113jais \u012bpa\u0161nieks to ieg\u0101d\u0101j\u0101s 2010. gad\u0101, kad tam bija tikai tr\u012bs gadi. Tas tika pieg\u0101d\u0101ts jauns un visu savu m\u016b\u017eu pavad\u012bja Sp\u0101nij\u0101, kur tika izmantots atp\u016btai piekrast\u0113. \u0160\u012b Morgan cien\u012bjam\u0101 rodstera paaudze tika laista klaj\u0101 2004. gad\u0101, un, lai gan no \u0101rpuses t\u0101 bija gandr\u012bz neat\u0161\u0137irama, zem gar\u0101 motora p\u0101rsega bija v\u0113rojami \u013coti atzin\u012bgi v\u0113rt\u0113jami uzlabojumi &#8211; Ford Duratec 3,0 litru V6 dzin\u0113js. Ar 24 v\u0101rstiem, modernu konstrukciju un nep\u0101rsp\u0113jamu uzticam\u012bbu Ford V6 ir lab\u0101ks par veco Rover V8, ko izmantoja Morgan, gandr\u012bz visos aspektos. \u0160is dzin\u0113js nodro\u0161ina iev\u0113rojamu 223 ZS jaudu, un, t\u0101 k\u0101 V6 ir \u012bs\u0101ks nek\u0101 V8, tas ir novietots vair\u0101k automobi\u013ca centra virzien\u0101, t\u0101d\u0113j\u0101di uzlabojot t\u0101 vad\u0101m\u012bbu. K\u0101 j\u016bs dro\u0161i vien zin\u0101t, viens no Morgan unik\u0101l\u0101s brauk\u0161anas dinamikas nosl\u0113pumiem ir t\u0101 \u0161asija, kas da\u013c\u0113ji izgatavota no koka. T\u0101p\u0113c, ja j\u016bsu rok\u0101s ir rodsters, kas sver nepilnu tonnu, j\u016bs g\u016bsiet spilgtu brauk\u0161anas pieredzi un paman\u012bsiet katru deta\u013cu, k\u0101 tas brauc, pa\u0101trin\u0101s un k\u0101 tiek vad\u012bts. Starp citu, tas sp\u0113j sasniegt 100 km\/h \u0101trumu 5,5 sekund\u0113s, kas padara brauk\u0161anu ar to \u013coti aizraujo\u0161u.<\/p>\n<p><strong>St\u0101voklis<\/strong><\/p>\n<p>\u0160is Morgan Roadster ir nobraucis tikai nedaudz vair\u0101k par 41 000 kilometru, un kop\u0161 jauna tam ir divi \u012bpa\u0161nieki. Kop\u0113jais st\u0101voklis ir \u013coti labs, bez boj\u0101jumiem, av\u0101rij\u0101m vai \u0101r\u0113jiem remontiem. Tam tika veikta regul\u0101ra apkope, neveicot nek\u0101das izmai\u0146as dzin\u0113j\u0101, virsb\u016bv\u0113 vai balstiek\u0101rt\u0101. \u012apa\u0161nieks nesen veica brem\u017eu kapit\u0101lo remontu un e\u013c\u013cas anal\u012bzi, kas bija negat\u012bva, kas noz\u012bm\u0113, ka motors ir perfekt\u0101 st\u0101vokl\u012b. Tas ir sagaid\u0101ms, jo Ford 3,0 litru V6 ir paz\u012bstams ar savu iztur\u012bbu un ilgm\u016b\u017e\u012bbu.<\/p>\n<p><strong>Interjers<\/strong><\/p>\n<p>Viena no lab\u0101kaj\u0101m Morgan Roadster \u012bpa\u0161\u012bb\u0101m bija t\u0101 klasiskais, bet elegantais interjers, un \u0161aj\u0101 gad\u012bjum\u0101 tas ir papildin\u0101ts ar le\u0123end\u0101ro Moto-Lita koka st\u016bres ratu. Koka instrumentu panel\u012b ir pilns instrumentu kl\u0101sts, audio sist\u0113ma un pulkstenis. Taj\u0101 pa\u0161\u0101 laik\u0101 s\u0113dek\u013ci ir apvilkti ar skaistu smil\u0161kr\u0101sas \u0101du, kas ir ide\u0101l\u0101 st\u0101vokl\u012b un lieliski sader ar virsb\u016bves kr\u0101su. Ar\u012b melnais kabrioleta jumts ir lielisk\u0101 st\u0101vokl\u012b un reti izmantots, jo transportl\u012bdzeklis tika glab\u0101ts gar\u0101\u017e\u0101 un braukts tikai jaukos laikapst\u0101k\u013cos. Ir iek\u013cauts ar\u012b ori\u0123in\u0101lais Morgana iek\u0161\u0113jais v\u0101ks.<\/p>\n<p><strong>\u0100rpuse un rite\u0146i<\/strong><\/p>\n<p>\u0160is Morgan, kas ofici\u0101li tiek d\u0113v\u0113ts par Connaught Green, bet vair\u0101k paz\u012bstams k\u0101 BRG (British Racing Green), ir nokr\u0101sots vispiepras\u012bt\u0101kaj\u0101 no vis\u0101m kr\u0101s\u0101m. Klasiskais tum\u0161ais tonis, kas lieliski sader ar smil\u0161kr\u0101sas salonu, ir vislab\u0101k\u0101 specifik\u0101cija jebkuram klasiskajam britu rodsterim. Virsb\u016bve ir perfekt\u0101 st\u0101vokl\u012b, bez skr\u0101p\u0113jumiem un kr\u0101sas izmai\u0146\u0101m, ar t\u0101d\u0101m aizraujo\u0161\u0101m deta\u013c\u0101m k\u0101 miglas lukturi, embl\u0113mas un \u0101das siksnas, kas tur dzin\u0113ja p\u0101rsegu (uzl\u012bmi uz dzin\u0113ja p\u0101rsega var viegli no\u0146emt). Izskatu papildina 18 collu stiep\u013cu stiep\u013cu rite\u0146u komplekts, kas apvilkts ar Yokohama riep\u0101m, k\u0101 ar\u012b aizmugur\u0113 uzst\u0101d\u012bts pilna izm\u0113ra rezerves ritenis. Rite\u0146i var izskat\u012bties k\u0101 no 40. gadiem, ta\u010du tie ir pavisam jauni un ar m\u012blest\u012bbu atjaunoti elementi, kas paredz\u0113ti m\u016bsdienu gumij\u0101m.<\/p>\n<p><strong>Dokument\u0101cija<\/strong><\/p>\n<p>\u0160is ir priv\u0101t\u012bpa\u0161um\u0101 eso\u0161s transportl\u012bdzeklis ar atbilsto\u0161iem dokumentiem, kas atrodas Palma de Maljork\u0101, Sp\u0101nij\u0101. P\u0101rskati ir t\u012bri; nav pier\u0101d\u012bjumu par negad\u012bjumiem, negad\u012bjumu remontiem, \u012bpa\u0161umties\u012bb\u0101m vai juridisk\u0101m probl\u0113m\u0101m. Par regul\u0101ru tehnisko apkopi ir ieraksti, kas dat\u0113jami ar 2020. gadu.<br \/>\n\u0160\u012b Morgan Roadster V6 kabrioleta CarFax varat p\u0101rbaud\u012bt <a href=\"https:\/\/pistonaddict.com\/wp-content\/uploads\/2023\/08\/CARFAX-Vehicle-History-Report-MORGAN-ROADSTER-Convertible-2007.pdf\">\u0161eit<\/a>. <strong>Sp\u0101nijas MOT (ITV) nodots un der\u012bgs l\u012bdz 2024. gada 4. augustam<\/strong>.<\/p>\n<p><strong>Apr\u012bkojums un papildapr\u012bkojums<\/strong><\/p>\n<p>&#8211; Motolita klasiskais koka st\u016bres rats<br \/>\n&#8211; Koka instrumentu panelis<br \/>\n&#8211; T\u0113rauda p\u0101rnesumu p\u0101rsl\u0113g\u0161anas poga<br \/>\n&#8211; S\u0101nu kabatas \u0101das durv\u012bs<br \/>\n&#8211; Morgan vairoga \u0161\u0137\u0113rssiju apdares<br \/>\n&#8211; Iek\u0161\u0113j\u0101s sl\u0113dzenes apdares ar Morgan vairogu<br \/>\n&#8211; Pulkstenis<br \/>\n&#8211; Radio CD\/MP3 Blaupunkt<br \/>\n&#8211; 2 papildu priek\u0161\u0113jie lukturi<br \/>\n&#8211; \u0100das josta iek\u0161pus\u0113, kas izkl\u0101ta ar ait\u0101das \u0101di\u0146u dzin\u0113ja p\u0101rsega aug\u0161da\u013c\u0101.<br \/>\n&#8211; Saulessargi no melnas \u0101das<br \/>\n&#8211; Akumulatora atvienot\u0101js pret z\u0101dz\u012bbu<br \/>\n&#8211; Priek\u0161\u0113j\u0101 josla embl\u0113m\u0101m\/ekr\u0101niem<br \/>\n&#8211; Melns \u0101das p\u0101rsega p\u0101rvalks ar Morgan vairogu<br \/>\n&#8211; 2 melni \u0101das p\u0101rvalki metakril\u0101ta logiem ar Morgan vairogu<br \/>\n&#8211; Automa\u0161\u012bnas salona aizsargp\u0101rkl\u0101js (zils audums) ar Morgan vairogu<\/p>\n<p><strong>P\u0101rbaudiet \u0161\u012b skaist\u0101 Morgan Roadster V6 kabrioleta aukst\u0101s iedarbin\u0101\u0161anas video:<\/strong><\/p>\n<p><iframe title=\"Cold Start : Morgan Roadster V6 3.0 on PistonAddict.com\" width=\"1200\" height=\"675\" src=\"https:\/\/www.youtube.com\/embed\/yLSfe-ePOFg?start=29&#038;feature=oembed\" frameborder=\"0\" allow=\"accelerometer; autoplay; clipboard-write; encrypted-media; gyroscope; picture-in-picture; web-share\" allowfullscreen><\/iframe><\/p>\n","protected":false},"excerpt":{"rendered":"<p>Starp daudzajiem Apvienot\u0101s Karalistes klasiskajiem automobi\u013ciem Morgan Roadster nenoliedzami ir britu \u0161arma iemiesojums automobi\u013cu dizain\u0101. M\u016bsdienu Morgan Plus Six ar p\u0101rlaic\u012bgu dizainu, kas aizs\u0101k\u0101s roadsteru pirms\u0101kumos, un mode\u013cu l\u012bniju, kas nep\u0101rtraukti saglab\u0101jusies kop\u0161 1950. gada, ir neatvair\u0101ms unik\u0101las konstrukcijas, p\u0113c pas\u016bt\u012bjuma un ar rok\u0101m veidota mode\u013ca un jaud\u012bga V6 kombin\u0101cija, kas \u0161o bona fide klasiku p\u0101rv\u0113r\u0161 par jaud\u012bgu sporta automobili ar atv\u0113rtu jumtu.<\/p>\n","protected":false},"featured_media":46735,"comment_status":"open","ping_status":"closed","template":"","meta":{"inline_featured_image":false},"product_cat":[751],"product_tag":[2053,2052,949,2050,2051],"acf":[],"yoast_head":"<!-- This site is optimized with the Yoast SEO plugin v22.5 - https:\/\/yoast.com\/wordpress\/plugins\/seo\/ -->\n<title>Morgan Roadster V6 3.0 izsoles - Piston Addict<\/title>\n<meta name=\"description\" content=\"Awesome Morgan Roadster V6 3.0 no 2007. gada lieliskos apst\u0101k\u013cos izsoles p\u0101rdo\u0161an\u0101 PistonAddict.com\" \/>\n<meta name=\"robots\" content=\"index, follow, max-snippet:-1, max-image-preview:large, max-video-preview:-1\" \/>\n<link rel=\"canonical\" href=\"https:\/\/pistonaddict.com\/lv\/product\/morgan-roadster-v6-3-0\/\" \/>\n<meta property=\"og:locale\" content=\"lv_LV\" \/>\n<meta property=\"og:type\" content=\"article\" \/>\n<meta property=\"og:title\" content=\"Morgan Roadster V6 3.0 izsoles - Piston Addict\" \/>\n<meta property=\"og:description\" content=\"Awesome Morgan Roadster V6 3.0 no 2007. gada lieliskos apst\u0101k\u013cos izsoles p\u0101rdo\u0161an\u0101 PistonAddict.com\" \/>\n<meta property=\"og:url\" content=\"https:\/\/pistonaddict.com\/lv\/product\/morgan-roadster-v6-3-0\/\" \/>\n<meta property=\"og:site_name\" content=\"Piston Addict\" \/>\n<meta property=\"article:modified_time\" content=\"2024-03-20T08:44:03+00:00\" \/>\n<meta property=\"og:image\" content=\"https:\/\/pistonaddict.com\/wp-content\/uploads\/2023\/08\/DSC0169-scaled.jpg\" \/>\n\t<meta property=\"og:image:width\" content=\"2560\" \/>\n\t<meta property=\"og:image:height\" content=\"1707\" \/>\n\t<meta property=\"og:image:type\" content=\"image\/jpeg\" \/>\n<meta name=\"twitter:card\" content=\"summary_large_image\" \/>\n<meta name=\"twitter:label1\" content=\"Est. reading time\" \/>\n\t<meta name=\"twitter:data1\" content=\"4 minutes\" \/>\n<script type=\"application\/ld+json\" class=\"yoast-schema-graph\">{\"@context\":\"https:\/\/schema.org\",\"@graph\":[{\"@type\":\"WebPage\",\"@id\":\"https:\/\/pistonaddict.com\/lv\/product\/morgan-roadster-v6-3-0\/\",\"url\":\"https:\/\/pistonaddict.com\/lv\/product\/morgan-roadster-v6-3-0\/\",\"name\":\"Morgan Roadster V6 3.0 izsoles - Piston Addict\",\"isPartOf\":{\"@id\":\"https:\/\/pistonaddict.com\/lv\/#website\"},\"primaryImageOfPage\":{\"@id\":\"https:\/\/pistonaddict.com\/lv\/product\/morgan-roadster-v6-3-0\/#primaryimage\"},\"image\":{\"@id\":\"https:\/\/pistonaddict.com\/lv\/product\/morgan-roadster-v6-3-0\/#primaryimage\"},\"thumbnailUrl\":\"https:\/\/pistonaddict.com\/wp-content\/uploads\/2023\/08\/DSC0169-scaled.jpg\",\"datePublished\":\"2024-01-16T08:00:29+00:00\",\"dateModified\":\"2024-03-20T08:44:03+00:00\",\"description\":\"Awesome Morgan Roadster V6 3.0 no 2007. gada lieliskos apst\u0101k\u013cos izsoles p\u0101rdo\u0161an\u0101 PistonAddict.com\",\"breadcrumb\":{\"@id\":\"https:\/\/pistonaddict.com\/lv\/product\/morgan-roadster-v6-3-0\/#breadcrumb\"},\"inLanguage\":\"lv-LV\",\"potentialAction\":[{\"@type\":\"ReadAction\",\"target\":[\"https:\/\/pistonaddict.com\/lv\/product\/morgan-roadster-v6-3-0\/\"]}]},{\"@type\":\"ImageObject\",\"inLanguage\":\"lv-LV\",\"@id\":\"https:\/\/pistonaddict.com\/lv\/product\/morgan-roadster-v6-3-0\/#primaryimage\",\"url\":\"https:\/\/pistonaddict.com\/wp-content\/uploads\/2023\/08\/DSC0169-scaled.jpg\",\"contentUrl\":\"https:\/\/pistonaddict.com\/wp-content\/uploads\/2023\/08\/DSC0169-scaled.jpg\",\"width\":2560,\"height\":1707},{\"@type\":\"BreadcrumbList\",\"@id\":\"https:\/\/pistonaddict.com\/lv\/product\/morgan-roadster-v6-3-0\/#breadcrumb\",\"itemListElement\":[{\"@type\":\"ListItem\",\"position\":1,\"name\":\"M\u0101jas lapa\",\"item\":\"https:\/\/pistonaddict.com\/lv\/majas-lapa-2\/\"},{\"@type\":\"ListItem\",\"position\":2,\"name\":\"Auctions\",\"item\":\"https:\/\/pistonaddict.com\/auctions-listing\/\"},{\"@type\":\"ListItem\",\"position\":3,\"name\":\"Morgan Roadster V6 3.0\"}]},{\"@type\":\"WebSite\",\"@id\":\"https:\/\/pistonaddict.com\/lv\/#website\",\"url\":\"https:\/\/pistonaddict.com\/lv\/\",\"name\":\"Piston Addict\",\"description\":\"Only interesting vehicles\",\"publisher\":{\"@id\":\"https:\/\/pistonaddict.com\/lv\/#organization\"},\"potentialAction\":[{\"@type\":\"SearchAction\",\"target\":{\"@type\":\"EntryPoint\",\"urlTemplate\":\"https:\/\/pistonaddict.com\/lv\/?s={search_term_string}\"},\"query-input\":\"required name=search_term_string\"}],\"inLanguage\":\"lv-LV\"},{\"@type\":\"Organization\",\"@id\":\"https:\/\/pistonaddict.com\/lv\/#organization\",\"name\":\"Piston Addict\",\"url\":\"https:\/\/pistonaddict.com\/lv\/\",\"logo\":{\"@type\":\"ImageObject\",\"inLanguage\":\"lv-LV\",\"@id\":\"https:\/\/pistonaddict.com\/lv\/#\/schema\/logo\/image\/\",\"url\":\"https:\/\/pistonaddict.com\/wp-content\/uploads\/2022\/07\/logo-6.png\",\"contentUrl\":\"https:\/\/pistonaddict.com\/wp-content\/uploads\/2022\/07\/logo-6.png\",\"width\":970,\"height\":200,\"caption\":\"Piston Addict\"},\"image\":{\"@id\":\"https:\/\/pistonaddict.com\/lv\/#\/schema\/logo\/image\/\"}}]}<\/script>\n<!-- \/ Yoast SEO plugin. -->","yoast_head_json":{"title":"Morgan Roadster V6 3.0 izsoles - Piston Addict","description":"Awesome Morgan Roadster V6 3.0 no 2007. gada lieliskos apst\u0101k\u013cos izsoles p\u0101rdo\u0161an\u0101 PistonAddict.com","robots":{"index":"index","follow":"follow","max-snippet":"max-snippet:-1","max-image-preview":"max-image-preview:large","max-video-preview":"max-video-preview:-1"},"canonical":"https:\/\/pistonaddict.com\/lv\/product\/morgan-roadster-v6-3-0\/","og_locale":"lv_LV","og_type":"article","og_title":"Morgan Roadster V6 3.0 izsoles - Piston Addict","og_description":"Awesome Morgan Roadster V6 3.0 no 2007. gada lieliskos apst\u0101k\u013cos izsoles p\u0101rdo\u0161an\u0101 PistonAddict.com","og_url":"https:\/\/pistonaddict.com\/lv\/product\/morgan-roadster-v6-3-0\/","og_site_name":"Piston Addict","article_modified_time":"2024-03-20T08:44:03+00:00","og_image":[{"width":2560,"height":1707,"url":"https:\/\/pistonaddict.com\/wp-content\/uploads\/2023\/08\/DSC0169-scaled.jpg","type":"image\/jpeg"}],"twitter_card":"summary_large_image","twitter_misc":{"Est. reading time":"4 minutes"},"schema":{"@context":"https:\/\/schema.org","@graph":[{"@type":"WebPage","@id":"https:\/\/pistonaddict.com\/lv\/product\/morgan-roadster-v6-3-0\/","url":"https:\/\/pistonaddict.com\/lv\/product\/morgan-roadster-v6-3-0\/","name":"Morgan Roadster V6 3.0 izsoles - Piston Addict","isPartOf":{"@id":"https:\/\/pistonaddict.com\/lv\/#website"},"primaryImageOfPage":{"@id":"https:\/\/pistonaddict.com\/lv\/product\/morgan-roadster-v6-3-0\/#primaryimage"},"image":{"@id":"https:\/\/pistonaddict.com\/lv\/product\/morgan-roadster-v6-3-0\/#primaryimage"},"thumbnailUrl":"https:\/\/pistonaddict.com\/wp-content\/uploads\/2023\/08\/DSC0169-scaled.jpg","datePublished":"2024-01-16T08:00:29+00:00","dateModified":"2024-03-20T08:44:03+00:00","description":"Awesome Morgan Roadster V6 3.0 no 2007. gada lieliskos apst\u0101k\u013cos izsoles p\u0101rdo\u0161an\u0101 PistonAddict.com","breadcrumb":{"@id":"https:\/\/pistonaddict.com\/lv\/product\/morgan-roadster-v6-3-0\/#breadcrumb"},"inLanguage":"lv-LV","potentialAction":[{"@type":"ReadAction","target":["https:\/\/pistonaddict.com\/lv\/product\/morgan-roadster-v6-3-0\/"]}]},{"@type":"ImageObject","inLanguage":"lv-LV","@id":"https:\/\/pistonaddict.com\/lv\/product\/morgan-roadster-v6-3-0\/#primaryimage","url":"https:\/\/pistonaddict.com\/wp-content\/uploads\/2023\/08\/DSC0169-scaled.jpg","contentUrl":"https:\/\/pistonaddict.com\/wp-content\/uploads\/2023\/08\/DSC0169-scaled.jpg","width":2560,"height":1707},{"@type":"BreadcrumbList","@id":"https:\/\/pistonaddict.com\/lv\/product\/morgan-roadster-v6-3-0\/#breadcrumb","itemListElement":[{"@type":"ListItem","position":1,"name":"M\u0101jas lapa","item":"https:\/\/pistonaddict.com\/lv\/majas-lapa-2\/"},{"@type":"ListItem","position":2,"name":"Auctions","item":"https:\/\/pistonaddict.com\/auctions-listing\/"},{"@type":"ListItem","position":3,"name":"Morgan Roadster V6 3.0"}]},{"@type":"WebSite","@id":"https:\/\/pistonaddict.com\/lv\/#website","url":"https:\/\/pistonaddict.com\/lv\/","name":"Piston Addict","description":"Only interesting vehicles","publisher":{"@id":"https:\/\/pistonaddict.com\/lv\/#organization"},"potentialAction":[{"@type":"SearchAction","target":{"@type":"EntryPoint","urlTemplate":"https:\/\/pistonaddict.com\/lv\/?s={search_term_string}"},"query-input":"required name=search_term_string"}],"inLanguage":"lv-LV"},{"@type":"Organization","@id":"https:\/\/pistonaddict.com\/lv\/#organization","name":"Piston Addict","url":"https:\/\/pistonaddict.com\/lv\/","logo":{"@type":"ImageObject","inLanguage":"lv-LV","@id":"https:\/\/pistonaddict.com\/lv\/#\/schema\/logo\/image\/","url":"https:\/\/pistonaddict.com\/wp-content\/uploads\/2022\/07\/logo-6.png","contentUrl":"https:\/\/pistonaddict.com\/wp-content\/uploads\/2022\/07\/logo-6.png","width":970,"height":200,"caption":"Piston Addict"},"image":{"@id":"https:\/\/pistonaddict.com\/lv\/#\/schema\/logo\/image\/"}}]}},"_links":{"self":[{"href":"https:\/\/pistonaddict.com\/lv\/wp-json\/wp\/v2\/product\/47839"}],"collection":[{"href":"https:\/\/pistonaddict.com\/lv\/wp-json\/wp\/v2\/product"}],"about":[{"href":"https:\/\/pistonaddict.com\/lv\/wp-json\/wp\/v2\/types\/product"}],"replies":[{"embeddable":true,"href":"https:\/\/pistonaddict.com\/lv\/wp-json\/wp\/v2\/comments?post=47839"}],"wp:featuredmedia":[{"embeddable":true,"href":"https:\/\/pistonaddict.com\/lv\/wp-json\/wp\/v2\/media\/46735"}],"wp:attachment":[{"href":"https:\/\/pistonaddict.com\/lv\/wp-json\/wp\/v2\/media?parent=47839"}],"wp:term":[{"taxonomy":"product_cat","embeddable":true,"href":"https:\/\/pistonaddict.com\/lv\/wp-json\/wp\/v2\/product_cat?post=47839"},{"taxonomy":"product_tag","embeddable":true,"href":"https:\/\/pistonaddict.com\/lv\/wp-json\/wp\/v2\/product_tag?post=47839"}],"curies":[{"name":"wp","href":"https:\/\/api.w.org\/{rel}","templated":true}]}}