{"id":45997,"date":"2023-06-16T15:02:15","date_gmt":"2023-06-16T13:02:15","guid":{"rendered":"https:\/\/pistonaddict.com\/product\/audi-r8-v10-red-dynamite\/"},"modified":"2023-12-20T09:47:06","modified_gmt":"2023-12-20T08:47:06","slug":"audi-r8-v10-red-dynamite","status":"publish","type":"product","link":"https:\/\/pistonaddict.com\/lv\/product\/audi-r8-v10-red-dynamite\/","title":{"rendered":"Audi R8 V10 Red Dynamite"},"content":{"rendered":"<h2>\u0100rpuse<\/h2>\n<p>Ar spilgti sarkanu apdari un meln\u0101m deta\u013c\u0101m, kr\u0101sots spilgti sarkan\u0101 kr\u0101s\u0101, \u0161is Audi R8 nepaliks nepaman\u012bts, lai kur tas par\u0101d\u012btos. Turkl\u0101t t\u0101di elementi k\u0101 hrom\u0113ts radiatora re\u017e\u0123is un oglek\u013ca \u0161\u0137iedras spogu\u013cu v\u0101ci\u0146i tikai uzlabo t\u0101 izskatu. Ta\u010du, atkl\u0101ti sakot, R8 ir satrieco\u0161s automobilis jebkur\u0101 kr\u0101s\u0101 un neatkar\u012bgi no \u0161\u0101du deta\u013cu kl\u0101tb\u016btnes.<\/p>\n<p>J\u0101secina, ka R8 v\u0101cu dizaineri ir pan\u0101ku\u0161i gandr\u012bz perfektu agresivit\u0101tes un smalkuma apvienojumu. Gr\u016bti notic\u0113t, ka zem t\u0101 sl\u0113pjas vair\u0101k vai maz\u0101k Lamborgini Aventador, kas ir daudz spo\u017e\u0101ks un izteiksm\u012bg\u0101ks. T\u0101tad, ja mekl\u0113jat sp\u0113j\u012bgu sporta automobili, bet nev\u0113laties izskat\u012bties k\u0101 izlik\u0161an\u0101s paraugs, R8 ir viens no lab\u0101kajiem risin\u0101jumiem. Da\u017ei no p\u0101r\u0113jiem piemin\u0113\u0161anas cien\u012bgiem elementiem, ko pied\u0101v\u0101 \u0161is divviet\u012bgais automobilis, ir mas\u012bvs aizmugur\u0113jais spoileris un r\u016bpn\u012bc\u0101 uzst\u0101d\u012bti 20 collu diski ar jaun\u0101m Good Year Eagle riep\u0101m.<\/p>\n<h2>Interjers<\/h2>\n<p>\u0160\u012b \u012bpa\u0161\u0101 R8 salon\u0101 domin\u0113 melnas \u0101das, sarkanu \u0161uvju un oglek\u013ca \u0161\u0137iedras apdares elementu kombin\u0101cija. S\u0113dek\u013ci, kas izskat\u0101s, it k\u0101 tikko izbrauku\u0161i no r\u016bpn\u012bcas, vienlaikus ir gan atbalsto\u0161i, gan \u0113rti. Turkl\u0101t ir ar \u0101du apvilkts, 3 sp\u0101rnu st\u016bres rats ar vad\u012bbas pog\u0101m vis\u0101m svar\u012bg\u0101kaj\u0101m funkcij\u0101m. Papildus parastaj\u0101m pog\u0101m, piem\u0113ram, stereoiek\u0101rtas vai ce\u013cojuma datora pog\u0101m, t\u0101s ietver ar\u012b brauk\u0161anas re\u017e\u012bma izv\u0113les, palai\u0161anas kontroles un izpl\u016bdes g\u0101zu regul\u0113\u0161anas pogu.<\/p>\n<p>Aiz st\u016bres atrodas digit\u0101lais instrumentu panelis, kas papildus pamatinform\u0101cijai var par\u0101d\u012bt daudz vair\u0101k. Tas ietver navig\u0101ciju, atpaka\u013cskata kameru un stereoiek\u0101rtu, ko, starp citu, ra\u017eo pasaulslavenais Bang&amp;Olufsen.<\/p>\n<h2>Meh\u0101nika<\/h2>\n<p>Zem smalk\u0101s un elegant\u0101s \u0101das \u0161\u012bs otr\u0101s paaudzes R8 ir stingr\u0101ka un viegl\u0101ka \u0161asija, kas izgatavota no alum\u012bnija un oglek\u013ca \u0161\u0137iedras. Ta\u010du paredzams, ka \u0161\u0101 automobi\u013ca noz\u012bm\u012bg\u0101k\u0101 da\u013ca ir t\u0101 dzin\u0113js &#8211; jaud\u012bgais 5,2 litru V10. T\u0101 k\u0101 Audi to d\u0113v\u0113 par Plus modeli, tas sasniedz 610 ZS un 560 Nm griezes momentu, kas tiek novad\u012bts uz visiem rite\u0146iem, izmantojot Quattro sist\u0113mu un 7 pak\u0101pju autom\u0101tisko p\u0101rnesumk\u0101rbu. Ar to visu \u0161is R8 no 0 l\u012bdz 100 pa\u0101trin\u0101s aptuveni 3 sekund\u0113s un sasniegs maksim\u0101lo \u0101trumu 329 km\/h. Un, lai nodro\u0161in\u0101tu bremz\u0113\u0161anas jaudu, kas atbilst visam \u0161im \u0101trumam, visapk\u0101rt ir mas\u012bvas bremzes.<\/p>\n<h2>Transportl\u012bdzek\u013ca v\u0113sture<\/h2>\n<p>Saska\u0146\u0101 ar p\u0101rdev\u0113ja sniegto inform\u0101ciju \u0161is Audi R8 p\u0113d\u0113jo reizi apkalpots 2022. gada oktobr\u012b, bet bremzes tika remont\u0113tas tikai pirms da\u017e\u0101m dien\u0101m. Turkl\u0101t uz instrumentu pane\u013ca nav nek\u0101du zin\u0101mu defektu vai br\u012bdin\u0101jumu. Visbeidzot, sprie\u017eot p\u0113c iesniegtajiem fotoatt\u0113liem, nav nek\u0101du virsb\u016bves defektu, par kuriem b\u016btu j\u0101zi\u0146o.<\/p>\n<p>&nbsp;<\/p>\n<p><strong>Lai var\u0113tu piek\u013c\u016bt \u0161\u012b augst\u0101k\u0101s klases transportl\u012bdzek\u013ca izsolei, ir nepiecie\u0161ams kred\u012btkartes nospiedums\/uztur\u0113jums.<\/strong><\/p>\n","protected":false},"excerpt":{"rendered":"<p>P\u0101rdo\u0161an\u0101 pied\u0101v\u0101tais automobilis, iesp\u0113jams, ir viens no savas klases jaud\u012bg\u0101kajiem mode\u013ciem &#8211; ikoniskais Audi R8. Tas bija un joproj\u0101m ir Ingol\u0161tates ra\u017eot\u0101ja pirmais m\u0113\u0123in\u0101jums superauto tirg\u016b, kas izr\u0101d\u012bj\u0101s \u013coti veiksm\u012bgs. Saska\u0146\u0101 ar p\u0101rdev\u0113ja sniegto inform\u0101ciju \u0161is transportl\u012bdzeklis ir piln\u012bb\u0101 apkalpots un nav piedz\u012bvojis nek\u0101dus negad\u012bjumus, un tam ir atbilsto\u0161s CarVertical zi\u0146ojums, kas to apliecina. Turkl\u0101t t\u0101 l\u012bdz \u0161im ir nobraukusi maz\u0101k nek\u0101 50 000 km, kas \u0161\u0101dam automobilim nav daudz. Visbeidzot, \u0161is 2015. gada <strong>Audi R8 V10 plus Quattro <\/strong>pa\u0161laik atrodas Be\u013c\u0123ij\u0101, kur tas ir re\u0123istr\u0113ts kop\u0161 jaunb\u016bves. <a href=\"https:\/\/pistonaddict.com\/contact-us\/\">Sazinoties ar mums<\/a>, varat izteikt pied\u0101v\u0101jumu par \u0161o automa\u0161\u012bnu.<\/p>\n","protected":false},"featured_media":43353,"comment_status":"open","ping_status":"closed","template":"","meta":{"inline_featured_image":false},"product_cat":[751],"product_tag":[1945,1947,943],"acf":[],"yoast_head":"<!-- This site is optimized with the Yoast SEO plugin v22.5 - https:\/\/yoast.com\/wordpress\/plugins\/seo\/ -->\n<title>Audi R8 V10 Red Dynamite izsoles - Piston Addict<\/title>\n<meta name=\"description\" content=\"Automobilis, kas tiek p\u0101rdots izsol\u0113, iesp\u0113jams, ir viens no savas klases jaud\u012bg\u0101kajiem mode\u013ciem - ikoniskais Audi R8 V10.\" \/>\n<meta name=\"robots\" content=\"index, follow, max-snippet:-1, max-image-preview:large, max-video-preview:-1\" \/>\n<link rel=\"canonical\" href=\"https:\/\/pistonaddict.com\/lv\/product\/audi-r8-v10-red-dynamite\/\" \/>\n<meta property=\"og:locale\" content=\"lv_LV\" \/>\n<meta property=\"og:type\" content=\"article\" \/>\n<meta property=\"og:title\" content=\"Audi R8 V10 Red Dynamite izsoles - Piston Addict\" \/>\n<meta property=\"og:description\" content=\"Automobilis, kas tiek p\u0101rdots izsol\u0113, iesp\u0113jams, ir viens no savas klases jaud\u012bg\u0101kajiem mode\u013ciem - ikoniskais Audi R8 V10.\" \/>\n<meta property=\"og:url\" content=\"https:\/\/pistonaddict.com\/lv\/product\/audi-r8-v10-red-dynamite\/\" \/>\n<meta property=\"og:site_name\" content=\"Piston Addict\" \/>\n<meta property=\"article:modified_time\" content=\"2023-12-20T08:47:06+00:00\" \/>\n<meta property=\"og:image\" content=\"https:\/\/pistonaddict.com\/wp-content\/uploads\/2023\/06\/DSC_0412.jpg\" \/>\n\t<meta property=\"og:image:width\" content=\"2048\" \/>\n\t<meta property=\"og:image:height\" content=\"1365\" \/>\n\t<meta property=\"og:image:type\" content=\"image\/jpeg\" \/>\n<meta name=\"twitter:card\" content=\"summary_large_image\" \/>\n<meta name=\"twitter:label1\" content=\"Est. reading time\" \/>\n\t<meta name=\"twitter:data1\" content=\"3 minutes\" \/>\n<script type=\"application\/ld+json\" class=\"yoast-schema-graph\">{\"@context\":\"https:\/\/schema.org\",\"@graph\":[{\"@type\":\"WebPage\",\"@id\":\"https:\/\/pistonaddict.com\/lv\/product\/audi-r8-v10-red-dynamite\/\",\"url\":\"https:\/\/pistonaddict.com\/lv\/product\/audi-r8-v10-red-dynamite\/\",\"name\":\"Audi R8 V10 Red Dynamite izsoles - Piston Addict\",\"isPartOf\":{\"@id\":\"https:\/\/pistonaddict.com\/lv\/#website\"},\"primaryImageOfPage\":{\"@id\":\"https:\/\/pistonaddict.com\/lv\/product\/audi-r8-v10-red-dynamite\/#primaryimage\"},\"image\":{\"@id\":\"https:\/\/pistonaddict.com\/lv\/product\/audi-r8-v10-red-dynamite\/#primaryimage\"},\"thumbnailUrl\":\"https:\/\/pistonaddict.com\/wp-content\/uploads\/2023\/06\/DSC_0412.jpg\",\"datePublished\":\"2023-06-16T13:02:15+00:00\",\"dateModified\":\"2023-12-20T08:47:06+00:00\",\"description\":\"Automobilis, kas tiek p\u0101rdots izsol\u0113, iesp\u0113jams, ir viens no savas klases jaud\u012bg\u0101kajiem mode\u013ciem - ikoniskais Audi R8 V10.\",\"breadcrumb\":{\"@id\":\"https:\/\/pistonaddict.com\/lv\/product\/audi-r8-v10-red-dynamite\/#breadcrumb\"},\"inLanguage\":\"lv-LV\",\"potentialAction\":[{\"@type\":\"ReadAction\",\"target\":[\"https:\/\/pistonaddict.com\/lv\/product\/audi-r8-v10-red-dynamite\/\"]}]},{\"@type\":\"ImageObject\",\"inLanguage\":\"lv-LV\",\"@id\":\"https:\/\/pistonaddict.com\/lv\/product\/audi-r8-v10-red-dynamite\/#primaryimage\",\"url\":\"https:\/\/pistonaddict.com\/wp-content\/uploads\/2023\/06\/DSC_0412.jpg\",\"contentUrl\":\"https:\/\/pistonaddict.com\/wp-content\/uploads\/2023\/06\/DSC_0412.jpg\",\"width\":2048,\"height\":1365},{\"@type\":\"BreadcrumbList\",\"@id\":\"https:\/\/pistonaddict.com\/lv\/product\/audi-r8-v10-red-dynamite\/#breadcrumb\",\"itemListElement\":[{\"@type\":\"ListItem\",\"position\":1,\"name\":\"M\u0101jas lapa\",\"item\":\"https:\/\/pistonaddict.com\/lv\/majas-lapa-2\/\"},{\"@type\":\"ListItem\",\"position\":2,\"name\":\"Auctions\",\"item\":\"https:\/\/pistonaddict.com\/auctions-listing\/\"},{\"@type\":\"ListItem\",\"position\":3,\"name\":\"Audi R8 V10 Red Dynamite\"}]},{\"@type\":\"WebSite\",\"@id\":\"https:\/\/pistonaddict.com\/lv\/#website\",\"url\":\"https:\/\/pistonaddict.com\/lv\/\",\"name\":\"Piston Addict\",\"description\":\"Only interesting vehicles\",\"publisher\":{\"@id\":\"https:\/\/pistonaddict.com\/lv\/#organization\"},\"potentialAction\":[{\"@type\":\"SearchAction\",\"target\":{\"@type\":\"EntryPoint\",\"urlTemplate\":\"https:\/\/pistonaddict.com\/lv\/?s={search_term_string}\"},\"query-input\":\"required name=search_term_string\"}],\"inLanguage\":\"lv-LV\"},{\"@type\":\"Organization\",\"@id\":\"https:\/\/pistonaddict.com\/lv\/#organization\",\"name\":\"Piston Addict\",\"url\":\"https:\/\/pistonaddict.com\/lv\/\",\"logo\":{\"@type\":\"ImageObject\",\"inLanguage\":\"lv-LV\",\"@id\":\"https:\/\/pistonaddict.com\/lv\/#\/schema\/logo\/image\/\",\"url\":\"https:\/\/pistonaddict.com\/wp-content\/uploads\/2022\/07\/logo-6.png\",\"contentUrl\":\"https:\/\/pistonaddict.com\/wp-content\/uploads\/2022\/07\/logo-6.png\",\"width\":970,\"height\":200,\"caption\":\"Piston Addict\"},\"image\":{\"@id\":\"https:\/\/pistonaddict.com\/lv\/#\/schema\/logo\/image\/\"}}]}<\/script>\n<!-- \/ Yoast SEO plugin. -->","yoast_head_json":{"title":"Audi R8 V10 Red Dynamite izsoles - Piston Addict","description":"Automobilis, kas tiek p\u0101rdots izsol\u0113, iesp\u0113jams, ir viens no savas klases jaud\u012bg\u0101kajiem mode\u013ciem - ikoniskais Audi R8 V10.","robots":{"index":"index","follow":"follow","max-snippet":"max-snippet:-1","max-image-preview":"max-image-preview:large","max-video-preview":"max-video-preview:-1"},"canonical":"https:\/\/pistonaddict.com\/lv\/product\/audi-r8-v10-red-dynamite\/","og_locale":"lv_LV","og_type":"article","og_title":"Audi R8 V10 Red Dynamite izsoles - Piston Addict","og_description":"Automobilis, kas tiek p\u0101rdots izsol\u0113, iesp\u0113jams, ir viens no savas klases jaud\u012bg\u0101kajiem mode\u013ciem - ikoniskais Audi R8 V10.","og_url":"https:\/\/pistonaddict.com\/lv\/product\/audi-r8-v10-red-dynamite\/","og_site_name":"Piston Addict","article_modified_time":"2023-12-20T08:47:06+00:00","og_image":[{"width":2048,"height":1365,"url":"https:\/\/pistonaddict.com\/wp-content\/uploads\/2023\/06\/DSC_0412.jpg","type":"image\/jpeg"}],"twitter_card":"summary_large_image","twitter_misc":{"Est. reading time":"3 minutes"},"schema":{"@context":"https:\/\/schema.org","@graph":[{"@type":"WebPage","@id":"https:\/\/pistonaddict.com\/lv\/product\/audi-r8-v10-red-dynamite\/","url":"https:\/\/pistonaddict.com\/lv\/product\/audi-r8-v10-red-dynamite\/","name":"Audi R8 V10 Red Dynamite izsoles - Piston Addict","isPartOf":{"@id":"https:\/\/pistonaddict.com\/lv\/#website"},"primaryImageOfPage":{"@id":"https:\/\/pistonaddict.com\/lv\/product\/audi-r8-v10-red-dynamite\/#primaryimage"},"image":{"@id":"https:\/\/pistonaddict.com\/lv\/product\/audi-r8-v10-red-dynamite\/#primaryimage"},"thumbnailUrl":"https:\/\/pistonaddict.com\/wp-content\/uploads\/2023\/06\/DSC_0412.jpg","datePublished":"2023-06-16T13:02:15+00:00","dateModified":"2023-12-20T08:47:06+00:00","description":"Automobilis, kas tiek p\u0101rdots izsol\u0113, iesp\u0113jams, ir viens no savas klases jaud\u012bg\u0101kajiem mode\u013ciem - ikoniskais Audi R8 V10.","breadcrumb":{"@id":"https:\/\/pistonaddict.com\/lv\/product\/audi-r8-v10-red-dynamite\/#breadcrumb"},"inLanguage":"lv-LV","potentialAction":[{"@type":"ReadAction","target":["https:\/\/pistonaddict.com\/lv\/product\/audi-r8-v10-red-dynamite\/"]}]},{"@type":"ImageObject","inLanguage":"lv-LV","@id":"https:\/\/pistonaddict.com\/lv\/product\/audi-r8-v10-red-dynamite\/#primaryimage","url":"https:\/\/pistonaddict.com\/wp-content\/uploads\/2023\/06\/DSC_0412.jpg","contentUrl":"https:\/\/pistonaddict.com\/wp-content\/uploads\/2023\/06\/DSC_0412.jpg","width":2048,"height":1365},{"@type":"BreadcrumbList","@id":"https:\/\/pistonaddict.com\/lv\/product\/audi-r8-v10-red-dynamite\/#breadcrumb","itemListElement":[{"@type":"ListItem","position":1,"name":"M\u0101jas lapa","item":"https:\/\/pistonaddict.com\/lv\/majas-lapa-2\/"},{"@type":"ListItem","position":2,"name":"Auctions","item":"https:\/\/pistonaddict.com\/auctions-listing\/"},{"@type":"ListItem","position":3,"name":"Audi R8 V10 Red Dynamite"}]},{"@type":"WebSite","@id":"https:\/\/pistonaddict.com\/lv\/#website","url":"https:\/\/pistonaddict.com\/lv\/","name":"Piston Addict","description":"Only interesting vehicles","publisher":{"@id":"https:\/\/pistonaddict.com\/lv\/#organization"},"potentialAction":[{"@type":"SearchAction","target":{"@type":"EntryPoint","urlTemplate":"https:\/\/pistonaddict.com\/lv\/?s={search_term_string}"},"query-input":"required name=search_term_string"}],"inLanguage":"lv-LV"},{"@type":"Organization","@id":"https:\/\/pistonaddict.com\/lv\/#organization","name":"Piston Addict","url":"https:\/\/pistonaddict.com\/lv\/","logo":{"@type":"ImageObject","inLanguage":"lv-LV","@id":"https:\/\/pistonaddict.com\/lv\/#\/schema\/logo\/image\/","url":"https:\/\/pistonaddict.com\/wp-content\/uploads\/2022\/07\/logo-6.png","contentUrl":"https:\/\/pistonaddict.com\/wp-content\/uploads\/2022\/07\/logo-6.png","width":970,"height":200,"caption":"Piston Addict"},"image":{"@id":"https:\/\/pistonaddict.com\/lv\/#\/schema\/logo\/image\/"}}]}},"_links":{"self":[{"href":"https:\/\/pistonaddict.com\/lv\/wp-json\/wp\/v2\/product\/45997"}],"collection":[{"href":"https:\/\/pistonaddict.com\/lv\/wp-json\/wp\/v2\/product"}],"about":[{"href":"https:\/\/pistonaddict.com\/lv\/wp-json\/wp\/v2\/types\/product"}],"replies":[{"embeddable":true,"href":"https:\/\/pistonaddict.com\/lv\/wp-json\/wp\/v2\/comments?post=45997"}],"wp:featuredmedia":[{"embeddable":true,"href":"https:\/\/pistonaddict.com\/lv\/wp-json\/wp\/v2\/media\/43353"}],"wp:attachment":[{"href":"https:\/\/pistonaddict.com\/lv\/wp-json\/wp\/v2\/media?parent=45997"}],"wp:term":[{"taxonomy":"product_cat","embeddable":true,"href":"https:\/\/pistonaddict.com\/lv\/wp-json\/wp\/v2\/product_cat?post=45997"},{"taxonomy":"product_tag","embeddable":true,"href":"https:\/\/pistonaddict.com\/lv\/wp-json\/wp\/v2\/product_tag?post=45997"}],"curies":[{"name":"wp","href":"https:\/\/api.w.org\/{rel}","templated":true}]}}