{"id":41980,"date":"2023-06-12T14:22:37","date_gmt":"2023-06-12T12:22:37","guid":{"rendered":"https:\/\/pistonaddict.com\/product\/audi-r8-4-2-fsi-v8\/"},"modified":"2024-03-20T09:14:27","modified_gmt":"2024-03-20T08:14:27","slug":"audi-r8-4-2-fsi-v8","status":"publish","type":"product","link":"https:\/\/pistonaddict.com\/lv\/product\/audi-r8-4-2-fsi-v8\/","title":{"rendered":"Audi R8 4.2 FSI V8"},"content":{"rendered":"<p><strong>Mode\u013ca v\u0113sture<\/strong><\/p>\n<p>R8 izrais\u012bja \u012bstu sens\u0101ciju, kad to izlaida 2007. gad\u0101, un tas bija ne tikai pirmais Audi superauto, bet ar\u012b guva neticamus pan\u0101kumus ar savu p\u0101rlaic\u012bgo dizainu un fantastisko piedzi\u0146u, ko veidoja jaud\u012bgais V8 (v\u0113l\u0101k V10) un slaven\u0101 Quattro visu rite\u0146u piedzi\u0146as sist\u0113ma. R8 par\u0101d\u012b\u0161an\u0101s lika konkurentiem \u013coti satraukties, jo klientiem beidzot bija iesp\u0113ja ieg\u0101d\u0101ties \u013coti jaud\u012bgu ma\u0161\u012bnu ar AWD piedzi\u0146u un Audi kvalit\u0101ti. T\u0101p\u0113c pirm\u0101s paaudzes R8 guva milz\u012bgus pan\u0101kumus &#8211; tika izgatavoti gandr\u012bz 30 000 eksempl\u0101ru. \u0160is ir 2014. gada modelis, kas noz\u012bm\u0113, ka t\u0101 ir v\u0113l\u0101ka un iek\u0101rojam\u0101ka versija, kurai nedaudz main\u012bts stils, uzlabotas funkcijas un meh\u0101nika. Jaudu nodro\u0161ina 4,2 litru FSI V8 motors, kas nodro\u0161ina 430 ZS un ar 7 pak\u0101pju S Tronic divsaj\u016bgu autom\u0101tisko p\u0101rnesumk\u0101rbu to p\u0101rnes uz visiem \u010detriem rite\u0146iem. \u0160\u012b kombin\u0101cija sp\u0113j sasniegt \u0101trumu no 0 l\u012bdz 100 km\/h 4,2 sekund\u0113s un maksim\u0101lo \u0101trumu nedaudz virs 300 km\/h, kas R8 ierindo superauto kategorij\u0101.<\/p>\n<p><strong>St\u0101voklis<\/strong><\/p>\n<p>Ar nobrauktiem tikai 43 649 km \u0161is R8 ir ide\u0101l\u0101 st\u0101vokl\u012b. Pirmo reizi tas s\u0101kotn\u0113jam \u012bpa\u0161niekam N\u012bderland\u0113 tika pieg\u0101d\u0101ts 2014. gada beig\u0101s, bet pa\u0161reiz\u0113jie \u012bpa\u0161nieki to ieg\u0101d\u0101j\u0101s 2021. gad\u0101. \u0160is Audi R8 nekad nav ticis izmantots tras\u0113, un tas ir regul\u0101ri uztur\u0113ts, un p\u0101rdev\u0113js ir iesniedzis apkopes dokumentus. Ar\u012b \u0161is piem\u0113rs ir piln\u012bb\u0101 komplekt\u0113ts, bez jebk\u0101d\u0101m modifik\u0101cij\u0101m vai nevajadz\u012bgiem papildin\u0101jumiem. Viss r\u016bpn\u012bcas apr\u012bkojums un funkcijas ir pieejamas un funkcion\u0113. P\u0113d\u0113j\u0101 apkope kop\u0101 ar e\u013c\u013cas mai\u0146u tika veikta 2022. gada oktobra beig\u0101s, bet 2023. gada j\u016bnij\u0101 tika veikta brem\u017eu kapit\u0101lais remonts. Ir pabeigts t\u0101 sauktais &#8220;ilgm\u016b\u017e\u012bgais&#8221; serviss, un ir nomain\u012btas aizdedzes sveces. <strong>\u0160im R8 ir 6 m\u0113ne\u0161u Bovag garantija<\/strong>, kas tikai apliecina, ka tas ir nevainojam\u0101 st\u0101vokl\u012b.<\/p>\n<p><strong>\u0100rpuse un rite\u0146i<\/strong><\/p>\n<p>\u0160im R8, kas nokr\u0101sots elegant\u0101 Panther Black kr\u0101s\u0101, ir pieejama papildu oglek\u013ca pakete ar oglek\u013ca \u0161\u0137iedras \u0101r\u0113jiem un iek\u0161\u0113jiem ielikt\u0146iem. Automa\u0161\u012bnas virsb\u016bvei nav boj\u0101jumu, skr\u0101p\u0113jumu vai kr\u0101sas izmai\u0146u, un kr\u0101sa ir perfekt\u0101 st\u0101vokl\u012b. Vien\u012bgais, kas ir skarts \u0161\u012b R8 eksterjer\u0101, ir remont\u0113ta tvertnes l\u016bka (degvielas v\u0101ci\u0146a durti\u0146as), ko ir veicis sertific\u0113ts d\u012bleris (r\u0113\u0137ins izrakst\u012bts 2021. gada 5. maij\u0101). Izskatu uzlabo p\u0113c izv\u0113les pieejamie 20 collu diski, kas apvilkti ar svaig\u0101m Pirelli P Zero riep\u0101m.<\/p>\n<p><strong>Interjers<\/strong><\/p>\n<p>Salons ir apvilkts ar atbilsto\u0161u melnas \u0101das un Alkantaras kombin\u0101ciju, tam nav nek\u0101du nolietojuma paz\u012bmju, un tam ir oglek\u013ca \u0161\u0137iedras ielaidumi, kas ir da\u013ca no r\u016bpn\u012bcas apdares paketes. S\u0113dek\u013ciem ir papildu apsildes funkcija, un visas sist\u0113mas (audio, inform\u0101cijas un izklaides sist\u0113ma, apkures, ventil\u0101cijas un kondicion\u0113\u0161anas sist\u0113ma) ir darba k\u0101rt\u012bb\u0101. Apr\u012bkojuma sarakst\u0101 ir v\u0113rts piemin\u0113t, ka \u0161im R8 ir kru\u012bza kontrole, lietus sensoru t\u012br\u012bt\u0101ji, Bang and Olufsen audio sist\u0113ma, autom\u0101tiski aptum\u0161ojami spogu\u013ci, navig\u0101cija, LED apgaismojums un daudz kas cits.<\/p>\n<p><strong>Dokument\u0101cija<\/strong><\/p>\n<p>\u0160is lietotais transportl\u012bdzeklis ar atbilsto\u0161iem dokumentiem atrodas N\u012bderland\u0113. CarFax zi\u0146ojums ir t\u012brs, juridisku probl\u0113mu nav. Ir ieraksti par regul\u0101ru apkopi un da\u017eiem nelieliem remontdarbiem. Ir \u013coti svar\u012bgi piemin\u0113t, ka \u0161im Audi R8 ir BPM kompens\u0101cija. BPM atmaksa ir N\u012bderlandes luksusa nodok\u013ca atmaksa eksportam. <strong> Tas noz\u012bm\u0113, ka, ja pirc\u0113js atrodas jebkur\u0101 cit\u0101 Eiropas Savien\u012bbas valst\u012b (iz\u0146emot N\u012bderlandi) un re\u0123istr\u0113 \u0161o automa\u0161\u012bnu sav\u0101 valst\u012b 13 ned\u0113\u013cu laik\u0101 p\u0113c t\u0101s ieg\u0101des, vi\u0146\u0161 sa\u0146ems atpaka\u013c 5967 eiro<\/strong>, kas ir \u013coti \u0113rti.<br \/>\nSkatiet <a href=\"https:\/\/pistonaddict.com\/wp-content\/uploads\/2023\/06\/CARFAX-Vehicle-History-Report-AUDI-R8.pdf\">\u0161\u012b Audi R8 CarFax<\/a>.<\/p>\n<p><strong>Lai var\u0113tu piek\u013c\u016bt \u0161\u012b augst\u0101k\u0101s klases transportl\u012bdzek\u013ca izsolei, ir nepiecie\u0161ams kred\u012btkartes nospiedums\/aiztur\u0113jums (autom\u0101tiski atbr\u012bvots).<\/strong><\/p>\n<p>Apl\u016bkojiet \u0161\u012b br\u012bni\u0161\u0137\u012bg\u0101 Audi R8 aukst\u0101s iedarbin\u0101\u0161anas video \u0161eit :<\/p>\n<p><iframe title=\"Cold Start video of the Audi R8 4.2 FSI V8 on auction sale\" width=\"1200\" height=\"675\" src=\"https:\/\/www.youtube.com\/embed\/GyBid0aFEiA?feature=oembed\" frameborder=\"0\" allow=\"accelerometer; autoplay; clipboard-write; encrypted-media; gyroscope; picture-in-picture; web-share\" allowfullscreen><\/iframe><\/p>\n","protected":false},"excerpt":{"rendered":"<p>Bie\u017ei dzird\u0113siet apz\u012bm\u0113jumu &#8220;ikdienas superauto&#8221;, tom\u0113r tikai da\u017ei automobi\u013ci patie\u0161\u0101m nodro\u0161ina p\u0101rliecino\u0161u veiktsp\u0113ju, lietojam\u012bbu un uzticam\u012bbu ikdienas lieto\u0161an\u0101. 2014. gada Audi R8 ir t\u0101ds d\u0101rgakmens. Ar jaud\u012bgo 4,2 litru V8, labi apr\u012bkoto salonu un perfektu brauk\u0161anas dinamiku tas ir auto, ar kuru var baud\u012bt ikdien\u0101 un vienlaikus izbaud\u012bt visas priek\u0161roc\u012bbas, kas rakstur\u012bgas t\u012brasi\u0146u superauto vad\u012b\u0161anai. <a href=\"https:\/\/pistonaddict.com\/contact-us\/\">Sazinoties ar mums<\/a>, varat izteikt pied\u0101v\u0101jumu par \u0161o automa\u0161\u012bnu.<\/p>\n","protected":false},"featured_media":41842,"comment_status":"open","ping_status":"closed","template":"","meta":{"inline_featured_image":false},"product_cat":[751],"product_tag":[1903,1902,943],"acf":[],"yoast_head":"<!-- This site is optimized with the Yoast SEO plugin v22.5 - https:\/\/yoast.com\/wordpress\/plugins\/seo\/ -->\n<title>Audi R8 4.2 FSI V8 izsoles - Piston Addict<\/title>\n<meta name=\"description\" content=\"\u0160is Audi R8 ir 2014. gada modelis, kas noz\u012bm\u0113, ka t\u0101 ir v\u0113l\u0101ka un iek\u0101rojam\u0101ka versija, kurai nedaudz main\u012bts stils, uzlabotas funkcijas un pilnveidota meh\u0101nika. Jaudu nodro\u0161ina 4,2 litru FSI V8 motors, kas nodro\u0161ina 430 ZS un ar 7 pak\u0101pju S Tronic divsaj\u016bgu autom\u0101tisko p\u0101rnesumk\u0101rbu to p\u0101rnes uz visiem \u010detriem rite\u0146iem.\" \/>\n<meta name=\"robots\" content=\"index, follow, max-snippet:-1, max-image-preview:large, max-video-preview:-1\" \/>\n<link rel=\"canonical\" href=\"https:\/\/pistonaddict.com\/lv\/product\/audi-r8-4-2-fsi-v8\/\" \/>\n<meta property=\"og:locale\" content=\"lv_LV\" \/>\n<meta property=\"og:type\" content=\"article\" \/>\n<meta property=\"og:title\" content=\"Audi R8 4.2 FSI V8 izsoles - Piston Addict\" \/>\n<meta property=\"og:description\" content=\"\u0160is Audi R8 ir 2014. gada modelis, kas noz\u012bm\u0113, ka t\u0101 ir v\u0113l\u0101ka un iek\u0101rojam\u0101ka versija, kurai nedaudz main\u012bts stils, uzlabotas funkcijas un pilnveidota meh\u0101nika. Jaudu nodro\u0161ina 4,2 litru FSI V8 motors, kas nodro\u0161ina 430 ZS un ar 7 pak\u0101pju S Tronic divsaj\u016bgu autom\u0101tisko p\u0101rnesumk\u0101rbu to p\u0101rnes uz visiem \u010detriem rite\u0146iem.\" \/>\n<meta property=\"og:url\" content=\"https:\/\/pistonaddict.com\/lv\/product\/audi-r8-4-2-fsi-v8\/\" \/>\n<meta property=\"og:site_name\" content=\"Piston Addict\" \/>\n<meta property=\"article:modified_time\" content=\"2024-03-20T08:14:27+00:00\" \/>\n<meta property=\"og:image\" content=\"https:\/\/pistonaddict.com\/wp-content\/uploads\/2023\/06\/foto-5.jpg\" \/>\n\t<meta property=\"og:image:width\" content=\"1024\" \/>\n\t<meta property=\"og:image:height\" content=\"683\" \/>\n\t<meta property=\"og:image:type\" content=\"image\/jpeg\" \/>\n<meta name=\"twitter:card\" content=\"summary_large_image\" \/>\n<meta name=\"twitter:label1\" content=\"Est. reading time\" \/>\n\t<meta name=\"twitter:data1\" content=\"4 minutes\" \/>\n<script type=\"application\/ld+json\" class=\"yoast-schema-graph\">{\"@context\":\"https:\/\/schema.org\",\"@graph\":[{\"@type\":\"WebPage\",\"@id\":\"https:\/\/pistonaddict.com\/lv\/product\/audi-r8-4-2-fsi-v8\/\",\"url\":\"https:\/\/pistonaddict.com\/lv\/product\/audi-r8-4-2-fsi-v8\/\",\"name\":\"Audi R8 4.2 FSI V8 izsoles - Piston Addict\",\"isPartOf\":{\"@id\":\"https:\/\/pistonaddict.com\/lv\/#website\"},\"primaryImageOfPage\":{\"@id\":\"https:\/\/pistonaddict.com\/lv\/product\/audi-r8-4-2-fsi-v8\/#primaryimage\"},\"image\":{\"@id\":\"https:\/\/pistonaddict.com\/lv\/product\/audi-r8-4-2-fsi-v8\/#primaryimage\"},\"thumbnailUrl\":\"https:\/\/pistonaddict.com\/wp-content\/uploads\/2023\/06\/foto-5.jpg\",\"datePublished\":\"2023-06-12T12:22:37+00:00\",\"dateModified\":\"2024-03-20T08:14:27+00:00\",\"description\":\"\u0160is Audi R8 ir 2014. gada modelis, kas noz\u012bm\u0113, ka t\u0101 ir v\u0113l\u0101ka un iek\u0101rojam\u0101ka versija, kurai nedaudz main\u012bts stils, uzlabotas funkcijas un pilnveidota meh\u0101nika. Jaudu nodro\u0161ina 4,2 litru FSI V8 motors, kas nodro\u0161ina 430 ZS un ar 7 pak\u0101pju S Tronic divsaj\u016bgu autom\u0101tisko p\u0101rnesumk\u0101rbu to p\u0101rnes uz visiem \u010detriem rite\u0146iem.\",\"breadcrumb\":{\"@id\":\"https:\/\/pistonaddict.com\/lv\/product\/audi-r8-4-2-fsi-v8\/#breadcrumb\"},\"inLanguage\":\"lv-LV\",\"potentialAction\":[{\"@type\":\"ReadAction\",\"target\":[\"https:\/\/pistonaddict.com\/lv\/product\/audi-r8-4-2-fsi-v8\/\"]}]},{\"@type\":\"ImageObject\",\"inLanguage\":\"lv-LV\",\"@id\":\"https:\/\/pistonaddict.com\/lv\/product\/audi-r8-4-2-fsi-v8\/#primaryimage\",\"url\":\"https:\/\/pistonaddict.com\/wp-content\/uploads\/2023\/06\/foto-5.jpg\",\"contentUrl\":\"https:\/\/pistonaddict.com\/wp-content\/uploads\/2023\/06\/foto-5.jpg\",\"width\":1024,\"height\":683},{\"@type\":\"BreadcrumbList\",\"@id\":\"https:\/\/pistonaddict.com\/lv\/product\/audi-r8-4-2-fsi-v8\/#breadcrumb\",\"itemListElement\":[{\"@type\":\"ListItem\",\"position\":1,\"name\":\"M\u0101jas lapa\",\"item\":\"https:\/\/pistonaddict.com\/lv\/majas-lapa-2\/\"},{\"@type\":\"ListItem\",\"position\":2,\"name\":\"Auctions\",\"item\":\"https:\/\/pistonaddict.com\/auctions-listing\/\"},{\"@type\":\"ListItem\",\"position\":3,\"name\":\"Audi R8 4.2 FSI V8\"}]},{\"@type\":\"WebSite\",\"@id\":\"https:\/\/pistonaddict.com\/lv\/#website\",\"url\":\"https:\/\/pistonaddict.com\/lv\/\",\"name\":\"Piston Addict\",\"description\":\"Only interesting vehicles\",\"publisher\":{\"@id\":\"https:\/\/pistonaddict.com\/lv\/#organization\"},\"potentialAction\":[{\"@type\":\"SearchAction\",\"target\":{\"@type\":\"EntryPoint\",\"urlTemplate\":\"https:\/\/pistonaddict.com\/lv\/?s={search_term_string}\"},\"query-input\":\"required name=search_term_string\"}],\"inLanguage\":\"lv-LV\"},{\"@type\":\"Organization\",\"@id\":\"https:\/\/pistonaddict.com\/lv\/#organization\",\"name\":\"Piston Addict\",\"url\":\"https:\/\/pistonaddict.com\/lv\/\",\"logo\":{\"@type\":\"ImageObject\",\"inLanguage\":\"lv-LV\",\"@id\":\"https:\/\/pistonaddict.com\/lv\/#\/schema\/logo\/image\/\",\"url\":\"https:\/\/pistonaddict.com\/wp-content\/uploads\/2022\/07\/logo-6.png\",\"contentUrl\":\"https:\/\/pistonaddict.com\/wp-content\/uploads\/2022\/07\/logo-6.png\",\"width\":970,\"height\":200,\"caption\":\"Piston Addict\"},\"image\":{\"@id\":\"https:\/\/pistonaddict.com\/lv\/#\/schema\/logo\/image\/\"}}]}<\/script>\n<!-- \/ Yoast SEO plugin. -->","yoast_head_json":{"title":"Audi R8 4.2 FSI V8 izsoles - Piston Addict","description":"\u0160is Audi R8 ir 2014. gada modelis, kas noz\u012bm\u0113, ka t\u0101 ir v\u0113l\u0101ka un iek\u0101rojam\u0101ka versija, kurai nedaudz main\u012bts stils, uzlabotas funkcijas un pilnveidota meh\u0101nika. Jaudu nodro\u0161ina 4,2 litru FSI V8 motors, kas nodro\u0161ina 430 ZS un ar 7 pak\u0101pju S Tronic divsaj\u016bgu autom\u0101tisko p\u0101rnesumk\u0101rbu to p\u0101rnes uz visiem \u010detriem rite\u0146iem.","robots":{"index":"index","follow":"follow","max-snippet":"max-snippet:-1","max-image-preview":"max-image-preview:large","max-video-preview":"max-video-preview:-1"},"canonical":"https:\/\/pistonaddict.com\/lv\/product\/audi-r8-4-2-fsi-v8\/","og_locale":"lv_LV","og_type":"article","og_title":"Audi R8 4.2 FSI V8 izsoles - Piston Addict","og_description":"\u0160is Audi R8 ir 2014. gada modelis, kas noz\u012bm\u0113, ka t\u0101 ir v\u0113l\u0101ka un iek\u0101rojam\u0101ka versija, kurai nedaudz main\u012bts stils, uzlabotas funkcijas un pilnveidota meh\u0101nika. Jaudu nodro\u0161ina 4,2 litru FSI V8 motors, kas nodro\u0161ina 430 ZS un ar 7 pak\u0101pju S Tronic divsaj\u016bgu autom\u0101tisko p\u0101rnesumk\u0101rbu to p\u0101rnes uz visiem \u010detriem rite\u0146iem.","og_url":"https:\/\/pistonaddict.com\/lv\/product\/audi-r8-4-2-fsi-v8\/","og_site_name":"Piston Addict","article_modified_time":"2024-03-20T08:14:27+00:00","og_image":[{"width":1024,"height":683,"url":"https:\/\/pistonaddict.com\/wp-content\/uploads\/2023\/06\/foto-5.jpg","type":"image\/jpeg"}],"twitter_card":"summary_large_image","twitter_misc":{"Est. reading time":"4 minutes"},"schema":{"@context":"https:\/\/schema.org","@graph":[{"@type":"WebPage","@id":"https:\/\/pistonaddict.com\/lv\/product\/audi-r8-4-2-fsi-v8\/","url":"https:\/\/pistonaddict.com\/lv\/product\/audi-r8-4-2-fsi-v8\/","name":"Audi R8 4.2 FSI V8 izsoles - Piston Addict","isPartOf":{"@id":"https:\/\/pistonaddict.com\/lv\/#website"},"primaryImageOfPage":{"@id":"https:\/\/pistonaddict.com\/lv\/product\/audi-r8-4-2-fsi-v8\/#primaryimage"},"image":{"@id":"https:\/\/pistonaddict.com\/lv\/product\/audi-r8-4-2-fsi-v8\/#primaryimage"},"thumbnailUrl":"https:\/\/pistonaddict.com\/wp-content\/uploads\/2023\/06\/foto-5.jpg","datePublished":"2023-06-12T12:22:37+00:00","dateModified":"2024-03-20T08:14:27+00:00","description":"\u0160is Audi R8 ir 2014. gada modelis, kas noz\u012bm\u0113, ka t\u0101 ir v\u0113l\u0101ka un iek\u0101rojam\u0101ka versija, kurai nedaudz main\u012bts stils, uzlabotas funkcijas un pilnveidota meh\u0101nika. Jaudu nodro\u0161ina 4,2 litru FSI V8 motors, kas nodro\u0161ina 430 ZS un ar 7 pak\u0101pju S Tronic divsaj\u016bgu autom\u0101tisko p\u0101rnesumk\u0101rbu to p\u0101rnes uz visiem \u010detriem rite\u0146iem.","breadcrumb":{"@id":"https:\/\/pistonaddict.com\/lv\/product\/audi-r8-4-2-fsi-v8\/#breadcrumb"},"inLanguage":"lv-LV","potentialAction":[{"@type":"ReadAction","target":["https:\/\/pistonaddict.com\/lv\/product\/audi-r8-4-2-fsi-v8\/"]}]},{"@type":"ImageObject","inLanguage":"lv-LV","@id":"https:\/\/pistonaddict.com\/lv\/product\/audi-r8-4-2-fsi-v8\/#primaryimage","url":"https:\/\/pistonaddict.com\/wp-content\/uploads\/2023\/06\/foto-5.jpg","contentUrl":"https:\/\/pistonaddict.com\/wp-content\/uploads\/2023\/06\/foto-5.jpg","width":1024,"height":683},{"@type":"BreadcrumbList","@id":"https:\/\/pistonaddict.com\/lv\/product\/audi-r8-4-2-fsi-v8\/#breadcrumb","itemListElement":[{"@type":"ListItem","position":1,"name":"M\u0101jas lapa","item":"https:\/\/pistonaddict.com\/lv\/majas-lapa-2\/"},{"@type":"ListItem","position":2,"name":"Auctions","item":"https:\/\/pistonaddict.com\/auctions-listing\/"},{"@type":"ListItem","position":3,"name":"Audi R8 4.2 FSI V8"}]},{"@type":"WebSite","@id":"https:\/\/pistonaddict.com\/lv\/#website","url":"https:\/\/pistonaddict.com\/lv\/","name":"Piston Addict","description":"Only interesting vehicles","publisher":{"@id":"https:\/\/pistonaddict.com\/lv\/#organization"},"potentialAction":[{"@type":"SearchAction","target":{"@type":"EntryPoint","urlTemplate":"https:\/\/pistonaddict.com\/lv\/?s={search_term_string}"},"query-input":"required name=search_term_string"}],"inLanguage":"lv-LV"},{"@type":"Organization","@id":"https:\/\/pistonaddict.com\/lv\/#organization","name":"Piston Addict","url":"https:\/\/pistonaddict.com\/lv\/","logo":{"@type":"ImageObject","inLanguage":"lv-LV","@id":"https:\/\/pistonaddict.com\/lv\/#\/schema\/logo\/image\/","url":"https:\/\/pistonaddict.com\/wp-content\/uploads\/2022\/07\/logo-6.png","contentUrl":"https:\/\/pistonaddict.com\/wp-content\/uploads\/2022\/07\/logo-6.png","width":970,"height":200,"caption":"Piston Addict"},"image":{"@id":"https:\/\/pistonaddict.com\/lv\/#\/schema\/logo\/image\/"}}]}},"_links":{"self":[{"href":"https:\/\/pistonaddict.com\/lv\/wp-json\/wp\/v2\/product\/41980"}],"collection":[{"href":"https:\/\/pistonaddict.com\/lv\/wp-json\/wp\/v2\/product"}],"about":[{"href":"https:\/\/pistonaddict.com\/lv\/wp-json\/wp\/v2\/types\/product"}],"replies":[{"embeddable":true,"href":"https:\/\/pistonaddict.com\/lv\/wp-json\/wp\/v2\/comments?post=41980"}],"wp:featuredmedia":[{"embeddable":true,"href":"https:\/\/pistonaddict.com\/lv\/wp-json\/wp\/v2\/media\/41842"}],"wp:attachment":[{"href":"https:\/\/pistonaddict.com\/lv\/wp-json\/wp\/v2\/media?parent=41980"}],"wp:term":[{"taxonomy":"product_cat","embeddable":true,"href":"https:\/\/pistonaddict.com\/lv\/wp-json\/wp\/v2\/product_cat?post=41980"},{"taxonomy":"product_tag","embeddable":true,"href":"https:\/\/pistonaddict.com\/lv\/wp-json\/wp\/v2\/product_tag?post=41980"}],"curies":[{"name":"wp","href":"https:\/\/api.w.org\/{rel}","templated":true}]}}