{"id":39233,"date":"2023-04-19T17:31:19","date_gmt":"2023-04-19T15:31:19","guid":{"rendered":"https:\/\/pistonaddict.com\/product\/mclaren-720s\/"},"modified":"2024-03-19T17:52:50","modified_gmt":"2024-03-19T16:52:50","slug":"mclaren-720s","status":"publish","type":"product","link":"https:\/\/pistonaddict.com\/lv\/product\/mclaren-720s\/","title":{"rendered":"McLaren 720S"},"content":{"rendered":"<h2>\u0100rpuse<\/h2>\n<p>Spilgti oran\u017e\u0101 kr\u0101s\u0101 nokr\u0101sotais McLaren 720S noteikti piev\u0113rs\u012bs uzman\u012bbu, lai kur tas par\u0101d\u012btos. Ta\u010du, pateicoties satrieco\u0161ajam, haizivs iedvesmotajam dizainam, t\u0101 b\u016btu t\u0101da pati ar\u012b jebkur\u0101 cit\u0101 kr\u0101s\u0101. Ar agres\u012bvu priek\u0161pusi, racionaliz\u0113tu siluetu un praktisk\u0101m, bet vienlaikus jautr\u0101m tauri\u0146veida durv\u012bm tas ir iespaid\u012bgs no jebkura le\u0146\u0137a. Tas ietver mas\u012bvus gaisa liek\u0161\u0137erme\u0146us s\u0101nos, ar sietu p\u0101rkl\u0101tu dzin\u0113ja nodal\u012bjumu, kas sp\u012bd, kad iesl\u0113gta aizdedze, un aizmugur\u0113jo spoileri, kas izlec uz aug\u0161u, kad automa\u0161\u012bna strauji bremz\u0113. Bremz\u0113\u0161anu nodro\u0161ina mas\u012bvi keramikas diski, kas atrodas aiz melniem 19 collu diskiem ar Pirelli P Zero riep\u0101m.<\/p>\n<p>Tom\u0113r \u0161is divviet\u012bgais automobilis neizskat\u0101s t\u0101, k\u0101 tas izskat\u0101s tikai \u0161ovam, jo liel\u0101k\u0101 da\u013ca t\u0101 virsb\u016bves formu ir veidotas, lai uzlabotu aerodinamiku un rad\u012btu piespied\u0113jsp\u0113ku. McLaren 720S par\u0101da, ka formu un funkciju var savienot piln\u012bg\u0101 harmonij\u0101.<\/p>\n<h2>Interjers<\/h2>\n<p>McLaren interjers, kas iet\u0113rpts Alcantara un oglek\u013ca \u0161\u0137iedr\u0101, v\u0113l vair\u0101k atkl\u0101j, ka \u0161is automobilis ir orient\u0113ts uz sac\u012bk\u0161u trasi. Pirmais ir sportisko s\u0113dek\u013cu p\u0101ris, kas veidoti t\u0101, lai autovad\u012bt\u0101js un pasa\u017eieris b\u016btu stingri piespr\u0101dz\u0113ti asos l\u012bkumos. T\u0101l\u0101k ir ar \u0101du apvilkts st\u016bres rats ar tr\u012bs sp\u0101rniem, kas ieskauj digit\u0101lo instrumentu paneli. Standarta re\u017e\u012bm\u0101 tiek r\u0101d\u012bti da\u017e\u0101di motora un transportl\u012bdzek\u013ca parametri, piem\u0113ram, \u0101trums un motora temperat\u016bra. Ta\u010du, kad ir iesl\u0113gts brauk\u0161anas re\u017e\u012bms, viss pane\u013ca displejs noliecas uz leju un t\u0101 aug\u0161da\u013c\u0101 par\u0101d\u0101s neliels displejs, kas r\u0101da tikai apgriezienu skait\u012bt\u0101ju, \u0101trumu un izv\u0113l\u0113to p\u0101rnesumu. Visbeidzot, centr\u0101l\u0101 konsole ir nedaudz, bet funkcion\u0101li apr\u012bkota ar svar\u012bg\u0101kaj\u0101m pog\u0101m un pog\u0101m, ko papildina uz vad\u012bt\u0101ju orient\u0113ts centr\u0101lais sk\u0101rienekr\u0101ns.<\/p>\n<h2>Meh\u0101nika<\/h2>\n<p>Zem elegant\u0101s un aerodinamiski veidot\u0101s \u0101das 720S ir oglek\u013ca \u0161\u0137iedras monokoka \u0161asija, ko McLaren d\u0113v\u0113 par MonoCage. \u0160\u012b F1 iedvesmot\u0101 konstrukcija ir ne tikai viegla, bet ar\u012b \u013coti stingra, kas samazina virsb\u016bves izliek\u0161anos, braucot smagos l\u012bkumos.<\/p>\n<p>Katra supersporta automobi\u013ca sirds ir motors, kas McLaren ir uzst\u0101d\u012bts tie\u0161i aiz s\u0113dek\u013ciem. R\u016bpn\u012bc\u0101 uzst\u0101d\u012btais V8 ar div\u0101m turb\u012bn\u0101m att\u012bsta 720 zirgsp\u0113kus, kas ir automobi\u013ca nosaukuma pamat\u0101, un p\u0101rsteidzo\u0161u 770 Nm griezes momentu. Jauda uz aizmugur\u0113jiem rite\u0146iem tiek p\u0101rraid\u012bta, izmantojot \u0101tru 7 pak\u0101pju divsaj\u016bgu p\u0101rnesumk\u0101rbu.<\/p>\n<p>Un tas viss automa\u0161\u012bn\u0101, kas sver tikai 1400 kg, ir vair\u0101k nek\u0101 pietiekami, lai nodro\u0161in\u0101tu izcilu vad\u0101m\u012bbu un veiktsp\u0113ju. Run\u0101jot skait\u013cos, tas noz\u012bm\u0113 pa\u0101trin\u0101jumu no 0 l\u012bdz 100 2,9 sekund\u0113s un maksim\u0101lo \u0101trumu 212 j\u016bdzes stund\u0101. Ta\u010du \u0161is tom\u0113r nav parasts, r\u016bpn\u012bc\u0101 piel\u0101gots McLaren 720S. T\u0101 viet\u0101 \u012bpa\u0161nieks tam ir uzst\u0101d\u012bjis Litchfield Custom Tune, kas palielina dzin\u0113ja jaudu l\u012bdz 800 zirgsp\u0113kiem.<\/p>\n<h2>Transportl\u012bdzek\u013ca v\u0113sture<\/h2>\n<p>P\u0101rdev\u0113js apgalvo, ka visi apkopes darbi tika veikti regul\u0101ri, un p\u0113d\u0113jais apkope tika veikta 2022. gada oktobr\u012b. Pa\u0161laik nav zin\u0101mi nek\u0101di boj\u0101jumi vai br\u012bdin\u0101jumi uz instrumentu pane\u013ca. Turkl\u0101t, sprie\u017eot p\u0113c iesniegtajiem fotoatt\u0113liem, nav nek\u0101du virsb\u016bves defektu, par kuriem b\u016btu j\u0101zi\u0146o.<\/p>\n","protected":false},"excerpt":{"rendered":"<p>\u0160eit tiek p\u0101rdots McLaren 720S, kas, iesp\u0113jams, ir viens no savas klases jaud\u012bg\u0101kajiem automobi\u013ciem. Ar V8 motoru ar turbokompresoru un modernu balstiek\u0101rtu \u0161is kupeja ir neticami \u0101trs gan taisni, gan pagriezienos. K\u0101 nor\u0101da profesion\u0101ls p\u0101rdev\u0113js, kas izsola \u0161o 2017. gada McLaren 720S, tas ir nevainojams, piln\u012bb\u0101 apkalpots un nav bijis iesaist\u012bts nek\u0101dos negad\u012bjumos. L\u012bdz \u0161im tas ir nobraucis nedaudz vair\u0101k nek\u0101 4000 j\u016bd\u017eu un pa\u0161laik atrodas Apvienotaj\u0101 Karalist\u0113.<\/p>\n","protected":false},"featured_media":39160,"comment_status":"open","ping_status":"closed","template":"","meta":{"inline_featured_image":false},"product_cat":[751],"product_tag":[1685,1683,943,1681],"acf":[],"yoast_head":"<!-- This site is optimized with the Yoast SEO plugin v22.5 - https:\/\/yoast.com\/wordpress\/plugins\/seo\/ -->\n<title>McLaren 720S izsoles - Piston Addict<\/title>\n<meta name=\"description\" content=\"P\u0101rbaudiet \u0161o McLaren 720S p\u0101rdo\u0161anai izsol\u0113 vietn\u0113 PistonAddict.com\" \/>\n<meta name=\"robots\" content=\"index, follow, max-snippet:-1, max-image-preview:large, max-video-preview:-1\" \/>\n<link rel=\"canonical\" href=\"https:\/\/pistonaddict.com\/lv\/product\/mclaren-720s\/\" \/>\n<meta property=\"og:locale\" content=\"lv_LV\" \/>\n<meta property=\"og:type\" content=\"article\" \/>\n<meta property=\"og:title\" content=\"McLaren 720S izsoles - Piston Addict\" \/>\n<meta property=\"og:description\" content=\"P\u0101rbaudiet \u0161o McLaren 720S p\u0101rdo\u0161anai izsol\u0113 vietn\u0113 PistonAddict.com\" \/>\n<meta property=\"og:url\" content=\"https:\/\/pistonaddict.com\/lv\/product\/mclaren-720s\/\" \/>\n<meta property=\"og:site_name\" content=\"Piston Addict\" \/>\n<meta property=\"article:modified_time\" content=\"2024-03-19T16:52:50+00:00\" \/>\n<meta property=\"og:image\" content=\"https:\/\/pistonaddict.com\/wp-content\/uploads\/2023\/04\/LuxurycarLondonApril11PistonAddict_0851-scaled.jpg\" \/>\n\t<meta property=\"og:image:width\" content=\"2560\" \/>\n\t<meta property=\"og:image:height\" content=\"1534\" \/>\n\t<meta property=\"og:image:type\" content=\"image\/jpeg\" \/>\n<meta name=\"twitter:card\" content=\"summary_large_image\" \/>\n<meta name=\"twitter:label1\" content=\"Est. reading time\" \/>\n\t<meta name=\"twitter:data1\" content=\"3 minutes\" \/>\n<script type=\"application\/ld+json\" class=\"yoast-schema-graph\">{\"@context\":\"https:\/\/schema.org\",\"@graph\":[{\"@type\":\"WebPage\",\"@id\":\"https:\/\/pistonaddict.com\/lv\/product\/mclaren-720s\/\",\"url\":\"https:\/\/pistonaddict.com\/lv\/product\/mclaren-720s\/\",\"name\":\"McLaren 720S izsoles - Piston Addict\",\"isPartOf\":{\"@id\":\"https:\/\/pistonaddict.com\/lv\/#website\"},\"primaryImageOfPage\":{\"@id\":\"https:\/\/pistonaddict.com\/lv\/product\/mclaren-720s\/#primaryimage\"},\"image\":{\"@id\":\"https:\/\/pistonaddict.com\/lv\/product\/mclaren-720s\/#primaryimage\"},\"thumbnailUrl\":\"https:\/\/pistonaddict.com\/wp-content\/uploads\/2023\/04\/LuxurycarLondonApril11PistonAddict_0851-scaled.jpg\",\"datePublished\":\"2023-04-19T15:31:19+00:00\",\"dateModified\":\"2024-03-19T16:52:50+00:00\",\"description\":\"P\u0101rbaudiet \u0161o McLaren 720S p\u0101rdo\u0161anai izsol\u0113 vietn\u0113 PistonAddict.com\",\"breadcrumb\":{\"@id\":\"https:\/\/pistonaddict.com\/lv\/product\/mclaren-720s\/#breadcrumb\"},\"inLanguage\":\"lv-LV\",\"potentialAction\":[{\"@type\":\"ReadAction\",\"target\":[\"https:\/\/pistonaddict.com\/lv\/product\/mclaren-720s\/\"]}]},{\"@type\":\"ImageObject\",\"inLanguage\":\"lv-LV\",\"@id\":\"https:\/\/pistonaddict.com\/lv\/product\/mclaren-720s\/#primaryimage\",\"url\":\"https:\/\/pistonaddict.com\/wp-content\/uploads\/2023\/04\/LuxurycarLondonApril11PistonAddict_0851-scaled.jpg\",\"contentUrl\":\"https:\/\/pistonaddict.com\/wp-content\/uploads\/2023\/04\/LuxurycarLondonApril11PistonAddict_0851-scaled.jpg\",\"width\":2560,\"height\":1534},{\"@type\":\"BreadcrumbList\",\"@id\":\"https:\/\/pistonaddict.com\/lv\/product\/mclaren-720s\/#breadcrumb\",\"itemListElement\":[{\"@type\":\"ListItem\",\"position\":1,\"name\":\"M\u0101jas lapa\",\"item\":\"https:\/\/pistonaddict.com\/lv\/majas-lapa-2\/\"},{\"@type\":\"ListItem\",\"position\":2,\"name\":\"Auctions\",\"item\":\"https:\/\/pistonaddict.com\/auctions-listing\/\"},{\"@type\":\"ListItem\",\"position\":3,\"name\":\"McLaren 720S\"}]},{\"@type\":\"WebSite\",\"@id\":\"https:\/\/pistonaddict.com\/lv\/#website\",\"url\":\"https:\/\/pistonaddict.com\/lv\/\",\"name\":\"Piston Addict\",\"description\":\"Only interesting vehicles\",\"publisher\":{\"@id\":\"https:\/\/pistonaddict.com\/lv\/#organization\"},\"potentialAction\":[{\"@type\":\"SearchAction\",\"target\":{\"@type\":\"EntryPoint\",\"urlTemplate\":\"https:\/\/pistonaddict.com\/lv\/?s={search_term_string}\"},\"query-input\":\"required name=search_term_string\"}],\"inLanguage\":\"lv-LV\"},{\"@type\":\"Organization\",\"@id\":\"https:\/\/pistonaddict.com\/lv\/#organization\",\"name\":\"Piston Addict\",\"url\":\"https:\/\/pistonaddict.com\/lv\/\",\"logo\":{\"@type\":\"ImageObject\",\"inLanguage\":\"lv-LV\",\"@id\":\"https:\/\/pistonaddict.com\/lv\/#\/schema\/logo\/image\/\",\"url\":\"https:\/\/pistonaddict.com\/wp-content\/uploads\/2022\/07\/logo-6.png\",\"contentUrl\":\"https:\/\/pistonaddict.com\/wp-content\/uploads\/2022\/07\/logo-6.png\",\"width\":970,\"height\":200,\"caption\":\"Piston Addict\"},\"image\":{\"@id\":\"https:\/\/pistonaddict.com\/lv\/#\/schema\/logo\/image\/\"}}]}<\/script>\n<!-- \/ Yoast SEO plugin. -->","yoast_head_json":{"title":"McLaren 720S izsoles - Piston Addict","description":"P\u0101rbaudiet \u0161o McLaren 720S p\u0101rdo\u0161anai izsol\u0113 vietn\u0113 PistonAddict.com","robots":{"index":"index","follow":"follow","max-snippet":"max-snippet:-1","max-image-preview":"max-image-preview:large","max-video-preview":"max-video-preview:-1"},"canonical":"https:\/\/pistonaddict.com\/lv\/product\/mclaren-720s\/","og_locale":"lv_LV","og_type":"article","og_title":"McLaren 720S izsoles - Piston Addict","og_description":"P\u0101rbaudiet \u0161o McLaren 720S p\u0101rdo\u0161anai izsol\u0113 vietn\u0113 PistonAddict.com","og_url":"https:\/\/pistonaddict.com\/lv\/product\/mclaren-720s\/","og_site_name":"Piston Addict","article_modified_time":"2024-03-19T16:52:50+00:00","og_image":[{"width":2560,"height":1534,"url":"https:\/\/pistonaddict.com\/wp-content\/uploads\/2023\/04\/LuxurycarLondonApril11PistonAddict_0851-scaled.jpg","type":"image\/jpeg"}],"twitter_card":"summary_large_image","twitter_misc":{"Est. reading time":"3 minutes"},"schema":{"@context":"https:\/\/schema.org","@graph":[{"@type":"WebPage","@id":"https:\/\/pistonaddict.com\/lv\/product\/mclaren-720s\/","url":"https:\/\/pistonaddict.com\/lv\/product\/mclaren-720s\/","name":"McLaren 720S izsoles - Piston Addict","isPartOf":{"@id":"https:\/\/pistonaddict.com\/lv\/#website"},"primaryImageOfPage":{"@id":"https:\/\/pistonaddict.com\/lv\/product\/mclaren-720s\/#primaryimage"},"image":{"@id":"https:\/\/pistonaddict.com\/lv\/product\/mclaren-720s\/#primaryimage"},"thumbnailUrl":"https:\/\/pistonaddict.com\/wp-content\/uploads\/2023\/04\/LuxurycarLondonApril11PistonAddict_0851-scaled.jpg","datePublished":"2023-04-19T15:31:19+00:00","dateModified":"2024-03-19T16:52:50+00:00","description":"P\u0101rbaudiet \u0161o McLaren 720S p\u0101rdo\u0161anai izsol\u0113 vietn\u0113 PistonAddict.com","breadcrumb":{"@id":"https:\/\/pistonaddict.com\/lv\/product\/mclaren-720s\/#breadcrumb"},"inLanguage":"lv-LV","potentialAction":[{"@type":"ReadAction","target":["https:\/\/pistonaddict.com\/lv\/product\/mclaren-720s\/"]}]},{"@type":"ImageObject","inLanguage":"lv-LV","@id":"https:\/\/pistonaddict.com\/lv\/product\/mclaren-720s\/#primaryimage","url":"https:\/\/pistonaddict.com\/wp-content\/uploads\/2023\/04\/LuxurycarLondonApril11PistonAddict_0851-scaled.jpg","contentUrl":"https:\/\/pistonaddict.com\/wp-content\/uploads\/2023\/04\/LuxurycarLondonApril11PistonAddict_0851-scaled.jpg","width":2560,"height":1534},{"@type":"BreadcrumbList","@id":"https:\/\/pistonaddict.com\/lv\/product\/mclaren-720s\/#breadcrumb","itemListElement":[{"@type":"ListItem","position":1,"name":"M\u0101jas lapa","item":"https:\/\/pistonaddict.com\/lv\/majas-lapa-2\/"},{"@type":"ListItem","position":2,"name":"Auctions","item":"https:\/\/pistonaddict.com\/auctions-listing\/"},{"@type":"ListItem","position":3,"name":"McLaren 720S"}]},{"@type":"WebSite","@id":"https:\/\/pistonaddict.com\/lv\/#website","url":"https:\/\/pistonaddict.com\/lv\/","name":"Piston Addict","description":"Only interesting vehicles","publisher":{"@id":"https:\/\/pistonaddict.com\/lv\/#organization"},"potentialAction":[{"@type":"SearchAction","target":{"@type":"EntryPoint","urlTemplate":"https:\/\/pistonaddict.com\/lv\/?s={search_term_string}"},"query-input":"required name=search_term_string"}],"inLanguage":"lv-LV"},{"@type":"Organization","@id":"https:\/\/pistonaddict.com\/lv\/#organization","name":"Piston Addict","url":"https:\/\/pistonaddict.com\/lv\/","logo":{"@type":"ImageObject","inLanguage":"lv-LV","@id":"https:\/\/pistonaddict.com\/lv\/#\/schema\/logo\/image\/","url":"https:\/\/pistonaddict.com\/wp-content\/uploads\/2022\/07\/logo-6.png","contentUrl":"https:\/\/pistonaddict.com\/wp-content\/uploads\/2022\/07\/logo-6.png","width":970,"height":200,"caption":"Piston Addict"},"image":{"@id":"https:\/\/pistonaddict.com\/lv\/#\/schema\/logo\/image\/"}}]}},"_links":{"self":[{"href":"https:\/\/pistonaddict.com\/lv\/wp-json\/wp\/v2\/product\/39233"}],"collection":[{"href":"https:\/\/pistonaddict.com\/lv\/wp-json\/wp\/v2\/product"}],"about":[{"href":"https:\/\/pistonaddict.com\/lv\/wp-json\/wp\/v2\/types\/product"}],"replies":[{"embeddable":true,"href":"https:\/\/pistonaddict.com\/lv\/wp-json\/wp\/v2\/comments?post=39233"}],"wp:featuredmedia":[{"embeddable":true,"href":"https:\/\/pistonaddict.com\/lv\/wp-json\/wp\/v2\/media\/39160"}],"wp:attachment":[{"href":"https:\/\/pistonaddict.com\/lv\/wp-json\/wp\/v2\/media?parent=39233"}],"wp:term":[{"taxonomy":"product_cat","embeddable":true,"href":"https:\/\/pistonaddict.com\/lv\/wp-json\/wp\/v2\/product_cat?post=39233"},{"taxonomy":"product_tag","embeddable":true,"href":"https:\/\/pistonaddict.com\/lv\/wp-json\/wp\/v2\/product_tag?post=39233"}],"curies":[{"name":"wp","href":"https:\/\/api.w.org\/{rel}","templated":true}]}}