{"id":37953,"date":"2023-04-19T16:55:04","date_gmt":"2023-04-19T14:55:04","guid":{"rendered":"https:\/\/pistonaddict.com\/product\/ferrari-412\/"},"modified":"2024-03-19T17:52:22","modified_gmt":"2024-03-19T16:52:22","slug":"ferrari-412","status":"publish","type":"product","link":"https:\/\/pistonaddict.com\/lv\/product\/ferrari-412\/","title":{"rendered":"Ferrari 412"},"content":{"rendered":"<p><strong>Auto v\u0113sture<\/strong><\/p>\n<p>Ferrari 412 tika laists klaj\u0101 1985. gad\u0101 k\u0101 komp\u0101nijas augst\u0101k\u0101s klases GT modelis, kur\u0101 ir vieta \u010detriem pasa\u017eieriem un ietilp\u012bgs bag\u0101\u017enieks. Ar klasisko Colombo V12 dzin\u0113ju, kura darba tilpums ir 4,9 litri, tas ir viena no klasisk\u0101 Ferrari GT \u0113ras p\u0113d\u0113j\u0101m versij\u0101m. Ar 340 ZS, kas darbina aizmugur\u0113jos rite\u0146us, izmantojot Borg-Warner autom\u0101tisko p\u0101rnesumk\u0101rbu, \u0161is Ferrari 412 sp\u0113j sasniegt 100 km\/h tikai 6,5 sekund\u0113s un pa\u0101trin\u0101ties l\u012bdz pat 260 km\/h maksim\u0101lajam \u0101trumam. \u0160is ir viens no p\u0113d\u0113jiem izgatavotajiem eksempl\u0101riem, kas pirmajam \u012bpa\u0161niekam tika pieg\u0101d\u0101ts 1988. gada novembr\u012b. Ra\u017eo\u0161ana beidz\u0101s 1989. gad\u0101 p\u0113c 576 automobi\u013cu pieg\u0101des, no kuriem tikai 306 bija ar autom\u0101tisko p\u0101rnesumk\u0101rbu. P\u0113d\u0113jo apkopi veica 2021. gada apr\u012bl\u012b, un kop\u0161 t\u0101 laika automa\u0161\u012bna gandr\u012bz nav tikusi izmantota.<\/p>\n<p><strong>Automa\u0161\u012bnas st\u0101voklis<\/strong><\/p>\n<p>\u0160o eleganto GT padara tik pievilc\u012bgu t\u0101 st\u0101voklis. No jauna nobraukti maz\u0101k nek\u0101 37 000 km, un tas ir lieliski saglab\u0101jies 80. gadu Ferrari elegances paraugs. \u0160is automobilis nekad nav restaur\u0113ts, un tas ir iev\u0113rojam\u0101 ori\u0123in\u0101laj\u0101 st\u0101vokl\u012b, l\u012bdz pat ori\u0123in\u0101lajiem rite\u0146iem, instrumentu komplektam (Ferrari kolekcion\u0101ru vid\u016b augstu nov\u0113rt\u0113ta deta\u013ca) un r\u016bpn\u012bcas riep\u0101m, kas m\u016bsdien\u0101s ir diezgan neparasts gad\u012bjums. \u0160is Ferrari 412 tika pien\u0101c\u012bgi uztur\u0113ts un uzglab\u0101ts gar\u0101\u017e\u0101, un tas ir viens no iemesliem, k\u0101p\u0113c tas izskat\u0101s k\u0101 jauns. E\u013c\u013cas nopl\u016bdes nav v\u0113rojamas, motora nodal\u012bjums ir sakopts, un ir visas ori\u0123in\u0101l\u0101s markas un mar\u0137\u0113jumi.<\/p>\n<p><strong>Interjers<\/strong><\/p>\n<p>K\u0101 jau bija gaid\u0101ms, \u0161\u012b 1988. gada Ferrari 412 salons ir apvilkts ar \u0101du, un \u012bpa\u0161i pievilc\u012bga ir meln\u0101 virsb\u016bves un iedeguma s\u0113dek\u013cu kr\u0101su kombin\u0101cija. Nav redzamu boj\u0101jumu, un s\u0113dek\u013ci, durvju kartes un instrumentu panelis ir nevainojam\u0101 st\u0101vokl\u012b. Protams, k\u0101 jau greznam GT, k\u0101ds \u0161is Ferrari 412 noteikti ir, salon\u0101 ir daudz komforta, elektropiederumu un darbojo\u0161\u0101s klimata kontroles. Vien\u012bgais, kas nav ori\u0123in\u0101ls, ir audiosist\u0113mas galvenais bloks, kas ir nomain\u012bts pret m\u016bsdien\u012bgu.<\/p>\n<p><strong>\u0100rpuse un rite\u0146i<\/strong><\/p>\n<p>Visas \u0101r\u0113j\u0101s apdares deta\u013cas, l\u012bstes un plastmasas deta\u013cas ir perfekt\u0101 st\u0101vokl\u012b, un nav r\u016bsas, k\u0101 to var\u0113tu sagaid\u012bt no labi kopta automobi\u013ca. Nav skr\u0101p\u0113jumu vai iespiedumu, un kr\u0101sa ir ide\u0101l\u0101 st\u0101vokl\u012b. Interesanti, ka automa\u0161\u012bnai ir saglab\u0101ti ori\u0123in\u0101lie rite\u0146u diski un TRX gumijas, kas tai bija, kad t\u0101 bija jauna. Da\u017ei Ferrari 412 \u012bpa\u0161nieki nomain\u012bja rite\u0146us uz modern\u0101kiem, jo TRX riepas ir gr\u016bti atrast, ta\u010du \u0161\u012b parauga \u012bpa\u0161nieks palika uztic\u012bgs ori\u0123in\u0101lajai specifik\u0101cijai, kas ir pat\u012bkams akcents un liecina par to, cik labi par automa\u0161\u012bnu ir r\u016bp\u0113ju\u0161ies.<\/p>\n<p><strong>Dokument\u0101cija<\/strong><\/p>\n<p>\u0160is ir priv\u0101t\u012bpa\u0161um\u0101 eso\u0161s transportl\u012bdzeklis ar atbilsto\u0161iem dokumentiem, kas atrodas London\u0101, Apvienotaj\u0101 Karalist\u0113. CarVertical zi\u0146ojums ir t\u012brs; nav pier\u0101d\u012bjumu par negad\u012bjumiem, negad\u012bjumu remontiem vai juridisk\u0101m probl\u0113m\u0101m. Ir ieraksti par regul\u0101ru tehnisko apkopi.<\/p>\n","protected":false},"excerpt":{"rendered":"<p>Ferrari V12 GT vienm\u0113r ir biju\u0161as izcilas brauk\u0161anas ma\u0161\u012bnas, kas sp\u0113j p\u0101rvar\u0113t kontinentus liel\u0101 \u0101trum\u0101 un nodro\u0161in\u0101t iespaid\u012bgu komfortu, un \u0161is 1988. gada 412 nav cit\u0101ds. V\u0113lamajam v\u0113l\u0101 mode\u013ca modelim ir visas lieliskas invest\u012bciju Ferrari sast\u0101vda\u013cas &#8211; jaud\u012bgs V12 dzin\u0113js, ide\u0101la kr\u0101su kombin\u0101cija un nevainojams st\u0101voklis, no jauna nobraukti tikai 37 000 kilometru.<\/p>\n","protected":false},"featured_media":37881,"comment_status":"open","ping_status":"closed","template":"","meta":{"inline_featured_image":false},"product_cat":[751],"product_tag":[1593,1595,943,1594],"acf":[],"yoast_head":"<!-- This site is optimized with the Yoast SEO plugin v22.5 - https:\/\/yoast.com\/wordpress\/plugins\/seo\/ -->\n<title>Ferrari 412 izsoles - Piston Addict<\/title>\n<meta name=\"description\" content=\"P\u0101rbaudiet \u0161o Ferrari 412 p\u0101rdo\u0161anai izsol\u0113 PistonAddict.com ar autom\u0101tisko p\u0101rnesumk\u0101rbu un tikai 36 971 km.\" \/>\n<meta name=\"robots\" content=\"index, follow, max-snippet:-1, max-image-preview:large, max-video-preview:-1\" \/>\n<link rel=\"canonical\" href=\"https:\/\/pistonaddict.com\/lv\/product\/ferrari-412\/\" \/>\n<meta property=\"og:locale\" content=\"lv_LV\" \/>\n<meta property=\"og:type\" content=\"article\" \/>\n<meta property=\"og:title\" content=\"Ferrari 412 izsoles - Piston Addict\" \/>\n<meta property=\"og:description\" content=\"P\u0101rbaudiet \u0161o Ferrari 412 p\u0101rdo\u0161anai izsol\u0113 PistonAddict.com ar autom\u0101tisko p\u0101rnesumk\u0101rbu un tikai 36 971 km.\" \/>\n<meta property=\"og:url\" content=\"https:\/\/pistonaddict.com\/lv\/product\/ferrari-412\/\" \/>\n<meta property=\"og:site_name\" content=\"Piston Addict\" \/>\n<meta property=\"article:modified_time\" content=\"2024-03-19T16:52:22+00:00\" \/>\n<meta property=\"og:image\" content=\"https:\/\/pistonaddict.com\/wp-content\/uploads\/2023\/04\/LuxurycarLondonApril11PistonAddict_0358-scaled.jpg\" \/>\n\t<meta property=\"og:image:width\" content=\"2560\" \/>\n\t<meta property=\"og:image:height\" content=\"1737\" \/>\n\t<meta property=\"og:image:type\" content=\"image\/jpeg\" \/>\n<meta name=\"twitter:card\" content=\"summary_large_image\" \/>\n<meta name=\"twitter:label1\" content=\"Est. reading time\" \/>\n\t<meta name=\"twitter:data1\" content=\"3 minutes\" \/>\n<script type=\"application\/ld+json\" class=\"yoast-schema-graph\">{\"@context\":\"https:\/\/schema.org\",\"@graph\":[{\"@type\":\"WebPage\",\"@id\":\"https:\/\/pistonaddict.com\/lv\/product\/ferrari-412\/\",\"url\":\"https:\/\/pistonaddict.com\/lv\/product\/ferrari-412\/\",\"name\":\"Ferrari 412 izsoles - Piston Addict\",\"isPartOf\":{\"@id\":\"https:\/\/pistonaddict.com\/lv\/#website\"},\"primaryImageOfPage\":{\"@id\":\"https:\/\/pistonaddict.com\/lv\/product\/ferrari-412\/#primaryimage\"},\"image\":{\"@id\":\"https:\/\/pistonaddict.com\/lv\/product\/ferrari-412\/#primaryimage\"},\"thumbnailUrl\":\"https:\/\/pistonaddict.com\/wp-content\/uploads\/2023\/04\/LuxurycarLondonApril11PistonAddict_0358-scaled.jpg\",\"datePublished\":\"2023-04-19T14:55:04+00:00\",\"dateModified\":\"2024-03-19T16:52:22+00:00\",\"description\":\"P\u0101rbaudiet \u0161o Ferrari 412 p\u0101rdo\u0161anai izsol\u0113 PistonAddict.com ar autom\u0101tisko p\u0101rnesumk\u0101rbu un tikai 36 971 km.\",\"breadcrumb\":{\"@id\":\"https:\/\/pistonaddict.com\/lv\/product\/ferrari-412\/#breadcrumb\"},\"inLanguage\":\"lv-LV\",\"potentialAction\":[{\"@type\":\"ReadAction\",\"target\":[\"https:\/\/pistonaddict.com\/lv\/product\/ferrari-412\/\"]}]},{\"@type\":\"ImageObject\",\"inLanguage\":\"lv-LV\",\"@id\":\"https:\/\/pistonaddict.com\/lv\/product\/ferrari-412\/#primaryimage\",\"url\":\"https:\/\/pistonaddict.com\/wp-content\/uploads\/2023\/04\/LuxurycarLondonApril11PistonAddict_0358-scaled.jpg\",\"contentUrl\":\"https:\/\/pistonaddict.com\/wp-content\/uploads\/2023\/04\/LuxurycarLondonApril11PistonAddict_0358-scaled.jpg\",\"width\":2560,\"height\":1737},{\"@type\":\"BreadcrumbList\",\"@id\":\"https:\/\/pistonaddict.com\/lv\/product\/ferrari-412\/#breadcrumb\",\"itemListElement\":[{\"@type\":\"ListItem\",\"position\":1,\"name\":\"M\u0101jas lapa\",\"item\":\"https:\/\/pistonaddict.com\/lv\/majas-lapa-2\/\"},{\"@type\":\"ListItem\",\"position\":2,\"name\":\"Auctions\",\"item\":\"https:\/\/pistonaddict.com\/auctions-listing\/\"},{\"@type\":\"ListItem\",\"position\":3,\"name\":\"Ferrari 412\"}]},{\"@type\":\"WebSite\",\"@id\":\"https:\/\/pistonaddict.com\/lv\/#website\",\"url\":\"https:\/\/pistonaddict.com\/lv\/\",\"name\":\"Piston Addict\",\"description\":\"Only interesting vehicles\",\"publisher\":{\"@id\":\"https:\/\/pistonaddict.com\/lv\/#organization\"},\"potentialAction\":[{\"@type\":\"SearchAction\",\"target\":{\"@type\":\"EntryPoint\",\"urlTemplate\":\"https:\/\/pistonaddict.com\/lv\/?s={search_term_string}\"},\"query-input\":\"required name=search_term_string\"}],\"inLanguage\":\"lv-LV\"},{\"@type\":\"Organization\",\"@id\":\"https:\/\/pistonaddict.com\/lv\/#organization\",\"name\":\"Piston Addict\",\"url\":\"https:\/\/pistonaddict.com\/lv\/\",\"logo\":{\"@type\":\"ImageObject\",\"inLanguage\":\"lv-LV\",\"@id\":\"https:\/\/pistonaddict.com\/lv\/#\/schema\/logo\/image\/\",\"url\":\"https:\/\/pistonaddict.com\/wp-content\/uploads\/2022\/07\/logo-6.png\",\"contentUrl\":\"https:\/\/pistonaddict.com\/wp-content\/uploads\/2022\/07\/logo-6.png\",\"width\":970,\"height\":200,\"caption\":\"Piston Addict\"},\"image\":{\"@id\":\"https:\/\/pistonaddict.com\/lv\/#\/schema\/logo\/image\/\"}}]}<\/script>\n<!-- \/ Yoast SEO plugin. -->","yoast_head_json":{"title":"Ferrari 412 izsoles - Piston Addict","description":"P\u0101rbaudiet \u0161o Ferrari 412 p\u0101rdo\u0161anai izsol\u0113 PistonAddict.com ar autom\u0101tisko p\u0101rnesumk\u0101rbu un tikai 36 971 km.","robots":{"index":"index","follow":"follow","max-snippet":"max-snippet:-1","max-image-preview":"max-image-preview:large","max-video-preview":"max-video-preview:-1"},"canonical":"https:\/\/pistonaddict.com\/lv\/product\/ferrari-412\/","og_locale":"lv_LV","og_type":"article","og_title":"Ferrari 412 izsoles - Piston Addict","og_description":"P\u0101rbaudiet \u0161o Ferrari 412 p\u0101rdo\u0161anai izsol\u0113 PistonAddict.com ar autom\u0101tisko p\u0101rnesumk\u0101rbu un tikai 36 971 km.","og_url":"https:\/\/pistonaddict.com\/lv\/product\/ferrari-412\/","og_site_name":"Piston Addict","article_modified_time":"2024-03-19T16:52:22+00:00","og_image":[{"width":2560,"height":1737,"url":"https:\/\/pistonaddict.com\/wp-content\/uploads\/2023\/04\/LuxurycarLondonApril11PistonAddict_0358-scaled.jpg","type":"image\/jpeg"}],"twitter_card":"summary_large_image","twitter_misc":{"Est. reading time":"3 minutes"},"schema":{"@context":"https:\/\/schema.org","@graph":[{"@type":"WebPage","@id":"https:\/\/pistonaddict.com\/lv\/product\/ferrari-412\/","url":"https:\/\/pistonaddict.com\/lv\/product\/ferrari-412\/","name":"Ferrari 412 izsoles - Piston Addict","isPartOf":{"@id":"https:\/\/pistonaddict.com\/lv\/#website"},"primaryImageOfPage":{"@id":"https:\/\/pistonaddict.com\/lv\/product\/ferrari-412\/#primaryimage"},"image":{"@id":"https:\/\/pistonaddict.com\/lv\/product\/ferrari-412\/#primaryimage"},"thumbnailUrl":"https:\/\/pistonaddict.com\/wp-content\/uploads\/2023\/04\/LuxurycarLondonApril11PistonAddict_0358-scaled.jpg","datePublished":"2023-04-19T14:55:04+00:00","dateModified":"2024-03-19T16:52:22+00:00","description":"P\u0101rbaudiet \u0161o Ferrari 412 p\u0101rdo\u0161anai izsol\u0113 PistonAddict.com ar autom\u0101tisko p\u0101rnesumk\u0101rbu un tikai 36 971 km.","breadcrumb":{"@id":"https:\/\/pistonaddict.com\/lv\/product\/ferrari-412\/#breadcrumb"},"inLanguage":"lv-LV","potentialAction":[{"@type":"ReadAction","target":["https:\/\/pistonaddict.com\/lv\/product\/ferrari-412\/"]}]},{"@type":"ImageObject","inLanguage":"lv-LV","@id":"https:\/\/pistonaddict.com\/lv\/product\/ferrari-412\/#primaryimage","url":"https:\/\/pistonaddict.com\/wp-content\/uploads\/2023\/04\/LuxurycarLondonApril11PistonAddict_0358-scaled.jpg","contentUrl":"https:\/\/pistonaddict.com\/wp-content\/uploads\/2023\/04\/LuxurycarLondonApril11PistonAddict_0358-scaled.jpg","width":2560,"height":1737},{"@type":"BreadcrumbList","@id":"https:\/\/pistonaddict.com\/lv\/product\/ferrari-412\/#breadcrumb","itemListElement":[{"@type":"ListItem","position":1,"name":"M\u0101jas lapa","item":"https:\/\/pistonaddict.com\/lv\/majas-lapa-2\/"},{"@type":"ListItem","position":2,"name":"Auctions","item":"https:\/\/pistonaddict.com\/auctions-listing\/"},{"@type":"ListItem","position":3,"name":"Ferrari 412"}]},{"@type":"WebSite","@id":"https:\/\/pistonaddict.com\/lv\/#website","url":"https:\/\/pistonaddict.com\/lv\/","name":"Piston Addict","description":"Only interesting vehicles","publisher":{"@id":"https:\/\/pistonaddict.com\/lv\/#organization"},"potentialAction":[{"@type":"SearchAction","target":{"@type":"EntryPoint","urlTemplate":"https:\/\/pistonaddict.com\/lv\/?s={search_term_string}"},"query-input":"required name=search_term_string"}],"inLanguage":"lv-LV"},{"@type":"Organization","@id":"https:\/\/pistonaddict.com\/lv\/#organization","name":"Piston Addict","url":"https:\/\/pistonaddict.com\/lv\/","logo":{"@type":"ImageObject","inLanguage":"lv-LV","@id":"https:\/\/pistonaddict.com\/lv\/#\/schema\/logo\/image\/","url":"https:\/\/pistonaddict.com\/wp-content\/uploads\/2022\/07\/logo-6.png","contentUrl":"https:\/\/pistonaddict.com\/wp-content\/uploads\/2022\/07\/logo-6.png","width":970,"height":200,"caption":"Piston Addict"},"image":{"@id":"https:\/\/pistonaddict.com\/lv\/#\/schema\/logo\/image\/"}}]}},"_links":{"self":[{"href":"https:\/\/pistonaddict.com\/lv\/wp-json\/wp\/v2\/product\/37953"}],"collection":[{"href":"https:\/\/pistonaddict.com\/lv\/wp-json\/wp\/v2\/product"}],"about":[{"href":"https:\/\/pistonaddict.com\/lv\/wp-json\/wp\/v2\/types\/product"}],"replies":[{"embeddable":true,"href":"https:\/\/pistonaddict.com\/lv\/wp-json\/wp\/v2\/comments?post=37953"}],"wp:featuredmedia":[{"embeddable":true,"href":"https:\/\/pistonaddict.com\/lv\/wp-json\/wp\/v2\/media\/37881"}],"wp:attachment":[{"href":"https:\/\/pistonaddict.com\/lv\/wp-json\/wp\/v2\/media?parent=37953"}],"wp:term":[{"taxonomy":"product_cat","embeddable":true,"href":"https:\/\/pistonaddict.com\/lv\/wp-json\/wp\/v2\/product_cat?post=37953"},{"taxonomy":"product_tag","embeddable":true,"href":"https:\/\/pistonaddict.com\/lv\/wp-json\/wp\/v2\/product_tag?post=37953"}],"curies":[{"name":"wp","href":"https:\/\/api.w.org\/{rel}","templated":true}]}}