{"id":35653,"date":"2023-04-19T15:45:16","date_gmt":"2023-04-19T13:45:16","guid":{"rendered":"https:\/\/pistonaddict.com\/product\/bmw-m4\/"},"modified":"2024-03-19T17:50:56","modified_gmt":"2024-03-19T16:50:56","slug":"bmw-m4","status":"publish","type":"product","link":"https:\/\/pistonaddict.com\/lv\/product\/bmw-m4\/","title":{"rendered":"BMW M4"},"content":{"rendered":"<p><strong>Auto v\u0113sture<\/strong><\/p>\n<p>F82 s\u0113rijas M4 bija liels BMW solis, kad tas debit\u0113ja 2014. gad\u0101. Tas bija pirmais M izstr\u0101d\u0101jums ar se\u0161u cilindru motoru ar turbokompresoru, elektrisko st\u016bres pastiprin\u0101t\u0101ju un pla\u0161u oglek\u013ca \u0161\u0137iedras izmanto\u0161anu automobi\u013ca konstrukcij\u0101. Rezult\u0101t\u0101 tika rad\u012bta fantastiska brauk\u0161anas ma\u0161\u012bna ar 425 ZS standarta komplekt\u0101cij\u0101, komfortablu balstiek\u0101rtu un izcilu veiktsp\u0113ju. F82 bija ar\u012b pirmais modelis, kas izmantoja M4 nosaukumu, kas bija M3 kupeja versijas apz\u012bm\u0113jums. \u0160is konkr\u0113tais piem\u0113rs tika ra\u017eots 2017. gad\u0101, un tas ir v\u0113l v\u0113lamais un uzlabotais v\u0113l\u0101kais modelis. Tom\u0113r visinteresant\u0101kais par \u0161o automa\u0161\u012bnu ir t\u0101s specifik\u0101cijas, st\u0101voklis un nobraukums. Nedaudz vair\u0101k nek\u0101 2000 j\u016bdzes (3500 km) uz pulkste\u0146a ir praktiski piln\u012bgi jauns automobilis, kas to padara par invest\u012bciju klases transportl\u012bdzekli. Ta\u010du \u0161im M4 ir ar\u012b bag\u0101t\u012bgi papildin\u0101ts un gaum\u012bgi modific\u0113ts, lai nodro\u0161in\u0101tu liel\u0101ku jaudu, lab\u0101ku vad\u0101m\u012bbu un iespaid\u012bgu kop\u0113jo brauk\u0161anas dinamiku. To pas\u016bt\u012bja jauns BMW VIP klients, kur\u0161 prec\u012bzi zin\u0101ja, k\u0101 konfigur\u0113t perfektu M4.<\/p>\n<p><strong> <\/strong><strong>St\u0101voklis<\/strong><\/p>\n<p>Minim\u0101ls nobraukums nodro\u0161ina, ka \u0161is M4 ir perfekt\u0101 st\u0101vokl\u012b, bez meh\u0101niskiem defektiem, negad\u012bjuma boj\u0101jumiem un nesen, 2022. gada febru\u0101r\u012b, veiktajiem apkopes darbiem. Tom\u0113r papildus iespaid\u012bgajam r\u016bpn\u012bcas apr\u012bkojuma sarakstam \u0161im konkr\u0113tajam automobilim ir ar\u012b modific\u0113ta balstiek\u0101rta, un tas ir novietots zem\u0101k nek\u0101 s\u0113rijveida, nodro\u0161inot v\u0113l lab\u0101ku vad\u0101m\u012bbu un brauk\u0161anas saj\u016btu. Tom\u0113r tas ir tikai s\u0101kums, un \u0161\u0101 automobi\u013ca s\u0101kotn\u0113jais \u012bpa\u0161nieks uzst\u0101d\u012bja Akrapovi\u010d tit\u0101na izpl\u016bdes sist\u0113mu ar oglek\u013ca uzga\u013ciem, kas uzlabo slaven\u0101 se\u0161cilindru dzin\u0113ja ska\u0146u. Eksterjera uzlabojumi tika papildin\u0101ti ar priek\u0161\u0113jo oglek\u013ca sadal\u012bt\u0101ju, aizmugur\u0113jo spoileri un p\u0113cp\u0101rdo\u0161anas diskiem. Interesanti, ka, lai gan 425 ZS ir diezgan daudz, s\u0101kotn\u0113jais \u012bpa\u0161nieks uzlaboja veiktsp\u0113ju, un tagad motora jauda ir 510 ZS, padarot \u0161o M4 par patie\u0161\u0101m kompetentu automobili. P\u0101rnesumk\u0101rbas izv\u0113le ir BMW 7 pak\u0101pju DCT autom\u0101tisk\u0101 p\u0101rnesumk\u0101rba, kas ir inteli\u0123enta izv\u0113le, apvienojot komfortu un veiktsp\u0113ju. \u0160is transportl\u012bdzeklis ir apr\u012bkots ar papildu keramikas brem\u017eu diskiem.<\/p>\n<p><strong>Interjers<\/strong><\/p>\n<p>Meln\u0101 \u0101d\u0101, ar M s\u0113\u017eamajiem s\u0113dek\u013ciem un karboniz\u0113tiem akcentiem apdarin\u0101taj\u0101 salon\u0101 nav redzamas nek\u0101das lieto\u0161anas paz\u012bmes. Ar perfektu s\u0113dvietu novietojumu, augst\u0101k\u0101s klases audiosist\u0113mu un BMW slaveno iDrive inform\u0101cijas un izklaides sist\u0113mu, pavad\u012bt laiku \u0161aj\u0101 M4 b\u016bs prieks, vienlaikus nobraucot kilometrus ar p\u0101rsteidzo\u0161u \u0101trumu. Interjer\u0101 nav nek\u0101du izmai\u0146u, un papildapr\u012bkojuma un papildu apr\u012bkojuma saraksts ir pla\u0161s.<\/p>\n<p><strong>\u0100rpuse un rite\u0146i<\/strong><\/p>\n<p>\u0160\u012b M4 automobi\u013ca virsb\u016bve, kas kr\u0101sota p\u0101rsteidzo\u0161\u0101 Austin Yellow Metallic kr\u0101s\u0101, ir nevainojama, ar visiem apdares elementiem un bez paz\u012bm\u0113m. Oglek\u013ca uzga\u013ci ir da\u013ca no M Performance aksesu\u0101ru kataloga, un tie ir lieliski piem\u0113roti. Iev\u0113rojama deta\u013ca ir HRE p\u0113cp\u0101rdo\u0161anas rite\u0146u diski, kas ir saska\u0146oti ar virsb\u016bvi un ir viegl\u0101ki un iztur\u012bg\u0101ki par r\u016bpn\u012bcas apr\u012bkojumu.<\/p>\n<p><strong>Dokument\u0101cija<\/strong><\/p>\n<p>\u0160is ir priv\u0101t\u012bpa\u0161um\u0101 eso\u0161s transportl\u012bdzeklis ar atbilsto\u0161iem dokumentiem, kas atrodas London\u0101, Apvienotaj\u0101 Karalist\u0113. CarVertical zi\u0146ojums ir t\u012brs; nav pier\u0101d\u012bjumu par negad\u012bjumiem, negad\u012bjumu remontiem vai juridisk\u0101m probl\u0113m\u0101m. Ir ieraksti par regul\u0101ru tehnisko apkopi.<\/p>\n","protected":false},"excerpt":{"rendered":"<p>BMW M4 ir pamatots iemesls, k\u0101p\u0113c BMW M4 ir tik cien\u012bts starp veiktsp\u0113jas automobi\u013cu faniem. Neviens cits automobilis sav\u0101 klas\u0113 nesp\u0113j pied\u0101v\u0101t tik iespaid\u012bgu sporta automobi\u013ca dinamiku un ikdienas lietojam\u012bbu k\u0101 F82 s\u0113rijas M4. \u0160is konkr\u0113tais automobilis ir ide\u0101ls piem\u0113rs, nedaudz p\u0101rveidots, lai brauk\u0161ana b\u016btu v\u0113l lab\u0101ka, ar minim\u0101lu nobraukumu, labi kopts un gatavs n\u0101kamajam \u012bpa\u0161niekam.<\/p>\n","protected":false},"featured_media":35434,"comment_status":"open","ping_status":"closed","template":"","meta":{"inline_featured_image":false},"product_cat":[751],"product_tag":[1433,943,1429,1431],"acf":[],"yoast_head":"<!-- This site is optimized with the Yoast SEO plugin v22.5 - https:\/\/yoast.com\/wordpress\/plugins\/seo\/ -->\n<title>BMW M4 izsoles - Piston Addict<\/title>\n<meta name=\"description\" content=\"P\u0101rbaudiet \u0161o BMW M4 p\u0101rdo\u0161anai izsol\u0113 PistonAddict.com ar autom\u0101tisko p\u0101rnesumk\u0101rbu un tikai 2053 j\u016bdz\u0113m.\" \/>\n<meta name=\"robots\" content=\"index, follow, max-snippet:-1, max-image-preview:large, max-video-preview:-1\" \/>\n<link rel=\"canonical\" href=\"https:\/\/pistonaddict.com\/lv\/product\/bmw-m4\/\" \/>\n<meta property=\"og:locale\" content=\"lv_LV\" \/>\n<meta property=\"og:type\" content=\"article\" \/>\n<meta property=\"og:title\" content=\"BMW M4 izsoles - Piston Addict\" \/>\n<meta property=\"og:description\" content=\"P\u0101rbaudiet \u0161o BMW M4 p\u0101rdo\u0161anai izsol\u0113 PistonAddict.com ar autom\u0101tisko p\u0101rnesumk\u0101rbu un tikai 2053 j\u016bdz\u0113m.\" \/>\n<meta property=\"og:url\" content=\"https:\/\/pistonaddict.com\/lv\/product\/bmw-m4\/\" \/>\n<meta property=\"og:site_name\" content=\"Piston Addict\" \/>\n<meta property=\"article:modified_time\" content=\"2024-03-19T16:50:56+00:00\" \/>\n<meta property=\"og:image\" content=\"https:\/\/pistonaddict.com\/wp-content\/uploads\/2023\/04\/LuxurycarLondonApril11PistonAddict_0647-scaled.jpg\" \/>\n\t<meta property=\"og:image:width\" content=\"2560\" \/>\n\t<meta property=\"og:image:height\" content=\"1708\" \/>\n\t<meta property=\"og:image:type\" content=\"image\/jpeg\" \/>\n<meta name=\"twitter:card\" content=\"summary_large_image\" \/>\n<meta name=\"twitter:label1\" content=\"Est. reading time\" \/>\n\t<meta name=\"twitter:data1\" content=\"3 minutes\" \/>\n<script type=\"application\/ld+json\" class=\"yoast-schema-graph\">{\"@context\":\"https:\/\/schema.org\",\"@graph\":[{\"@type\":\"WebPage\",\"@id\":\"https:\/\/pistonaddict.com\/lv\/product\/bmw-m4\/\",\"url\":\"https:\/\/pistonaddict.com\/lv\/product\/bmw-m4\/\",\"name\":\"BMW M4 izsoles - Piston Addict\",\"isPartOf\":{\"@id\":\"https:\/\/pistonaddict.com\/lv\/#website\"},\"primaryImageOfPage\":{\"@id\":\"https:\/\/pistonaddict.com\/lv\/product\/bmw-m4\/#primaryimage\"},\"image\":{\"@id\":\"https:\/\/pistonaddict.com\/lv\/product\/bmw-m4\/#primaryimage\"},\"thumbnailUrl\":\"https:\/\/pistonaddict.com\/wp-content\/uploads\/2023\/04\/LuxurycarLondonApril11PistonAddict_0647-scaled.jpg\",\"datePublished\":\"2023-04-19T13:45:16+00:00\",\"dateModified\":\"2024-03-19T16:50:56+00:00\",\"description\":\"P\u0101rbaudiet \u0161o BMW M4 p\u0101rdo\u0161anai izsol\u0113 PistonAddict.com ar autom\u0101tisko p\u0101rnesumk\u0101rbu un tikai 2053 j\u016bdz\u0113m.\",\"breadcrumb\":{\"@id\":\"https:\/\/pistonaddict.com\/lv\/product\/bmw-m4\/#breadcrumb\"},\"inLanguage\":\"lv-LV\",\"potentialAction\":[{\"@type\":\"ReadAction\",\"target\":[\"https:\/\/pistonaddict.com\/lv\/product\/bmw-m4\/\"]}]},{\"@type\":\"ImageObject\",\"inLanguage\":\"lv-LV\",\"@id\":\"https:\/\/pistonaddict.com\/lv\/product\/bmw-m4\/#primaryimage\",\"url\":\"https:\/\/pistonaddict.com\/wp-content\/uploads\/2023\/04\/LuxurycarLondonApril11PistonAddict_0647-scaled.jpg\",\"contentUrl\":\"https:\/\/pistonaddict.com\/wp-content\/uploads\/2023\/04\/LuxurycarLondonApril11PistonAddict_0647-scaled.jpg\",\"width\":2560,\"height\":1708},{\"@type\":\"BreadcrumbList\",\"@id\":\"https:\/\/pistonaddict.com\/lv\/product\/bmw-m4\/#breadcrumb\",\"itemListElement\":[{\"@type\":\"ListItem\",\"position\":1,\"name\":\"M\u0101jas lapa\",\"item\":\"https:\/\/pistonaddict.com\/lv\/majas-lapa-2\/\"},{\"@type\":\"ListItem\",\"position\":2,\"name\":\"Auctions\",\"item\":\"https:\/\/pistonaddict.com\/auctions-listing\/\"},{\"@type\":\"ListItem\",\"position\":3,\"name\":\"BMW M4\"}]},{\"@type\":\"WebSite\",\"@id\":\"https:\/\/pistonaddict.com\/lv\/#website\",\"url\":\"https:\/\/pistonaddict.com\/lv\/\",\"name\":\"Piston Addict\",\"description\":\"Only interesting vehicles\",\"publisher\":{\"@id\":\"https:\/\/pistonaddict.com\/lv\/#organization\"},\"potentialAction\":[{\"@type\":\"SearchAction\",\"target\":{\"@type\":\"EntryPoint\",\"urlTemplate\":\"https:\/\/pistonaddict.com\/lv\/?s={search_term_string}\"},\"query-input\":\"required name=search_term_string\"}],\"inLanguage\":\"lv-LV\"},{\"@type\":\"Organization\",\"@id\":\"https:\/\/pistonaddict.com\/lv\/#organization\",\"name\":\"Piston Addict\",\"url\":\"https:\/\/pistonaddict.com\/lv\/\",\"logo\":{\"@type\":\"ImageObject\",\"inLanguage\":\"lv-LV\",\"@id\":\"https:\/\/pistonaddict.com\/lv\/#\/schema\/logo\/image\/\",\"url\":\"https:\/\/pistonaddict.com\/wp-content\/uploads\/2022\/07\/logo-6.png\",\"contentUrl\":\"https:\/\/pistonaddict.com\/wp-content\/uploads\/2022\/07\/logo-6.png\",\"width\":970,\"height\":200,\"caption\":\"Piston Addict\"},\"image\":{\"@id\":\"https:\/\/pistonaddict.com\/lv\/#\/schema\/logo\/image\/\"}}]}<\/script>\n<!-- \/ Yoast SEO plugin. -->","yoast_head_json":{"title":"BMW M4 izsoles - Piston Addict","description":"P\u0101rbaudiet \u0161o BMW M4 p\u0101rdo\u0161anai izsol\u0113 PistonAddict.com ar autom\u0101tisko p\u0101rnesumk\u0101rbu un tikai 2053 j\u016bdz\u0113m.","robots":{"index":"index","follow":"follow","max-snippet":"max-snippet:-1","max-image-preview":"max-image-preview:large","max-video-preview":"max-video-preview:-1"},"canonical":"https:\/\/pistonaddict.com\/lv\/product\/bmw-m4\/","og_locale":"lv_LV","og_type":"article","og_title":"BMW M4 izsoles - Piston Addict","og_description":"P\u0101rbaudiet \u0161o BMW M4 p\u0101rdo\u0161anai izsol\u0113 PistonAddict.com ar autom\u0101tisko p\u0101rnesumk\u0101rbu un tikai 2053 j\u016bdz\u0113m.","og_url":"https:\/\/pistonaddict.com\/lv\/product\/bmw-m4\/","og_site_name":"Piston Addict","article_modified_time":"2024-03-19T16:50:56+00:00","og_image":[{"width":2560,"height":1708,"url":"https:\/\/pistonaddict.com\/wp-content\/uploads\/2023\/04\/LuxurycarLondonApril11PistonAddict_0647-scaled.jpg","type":"image\/jpeg"}],"twitter_card":"summary_large_image","twitter_misc":{"Est. reading time":"3 minutes"},"schema":{"@context":"https:\/\/schema.org","@graph":[{"@type":"WebPage","@id":"https:\/\/pistonaddict.com\/lv\/product\/bmw-m4\/","url":"https:\/\/pistonaddict.com\/lv\/product\/bmw-m4\/","name":"BMW M4 izsoles - Piston Addict","isPartOf":{"@id":"https:\/\/pistonaddict.com\/lv\/#website"},"primaryImageOfPage":{"@id":"https:\/\/pistonaddict.com\/lv\/product\/bmw-m4\/#primaryimage"},"image":{"@id":"https:\/\/pistonaddict.com\/lv\/product\/bmw-m4\/#primaryimage"},"thumbnailUrl":"https:\/\/pistonaddict.com\/wp-content\/uploads\/2023\/04\/LuxurycarLondonApril11PistonAddict_0647-scaled.jpg","datePublished":"2023-04-19T13:45:16+00:00","dateModified":"2024-03-19T16:50:56+00:00","description":"P\u0101rbaudiet \u0161o BMW M4 p\u0101rdo\u0161anai izsol\u0113 PistonAddict.com ar autom\u0101tisko p\u0101rnesumk\u0101rbu un tikai 2053 j\u016bdz\u0113m.","breadcrumb":{"@id":"https:\/\/pistonaddict.com\/lv\/product\/bmw-m4\/#breadcrumb"},"inLanguage":"lv-LV","potentialAction":[{"@type":"ReadAction","target":["https:\/\/pistonaddict.com\/lv\/product\/bmw-m4\/"]}]},{"@type":"ImageObject","inLanguage":"lv-LV","@id":"https:\/\/pistonaddict.com\/lv\/product\/bmw-m4\/#primaryimage","url":"https:\/\/pistonaddict.com\/wp-content\/uploads\/2023\/04\/LuxurycarLondonApril11PistonAddict_0647-scaled.jpg","contentUrl":"https:\/\/pistonaddict.com\/wp-content\/uploads\/2023\/04\/LuxurycarLondonApril11PistonAddict_0647-scaled.jpg","width":2560,"height":1708},{"@type":"BreadcrumbList","@id":"https:\/\/pistonaddict.com\/lv\/product\/bmw-m4\/#breadcrumb","itemListElement":[{"@type":"ListItem","position":1,"name":"M\u0101jas lapa","item":"https:\/\/pistonaddict.com\/lv\/majas-lapa-2\/"},{"@type":"ListItem","position":2,"name":"Auctions","item":"https:\/\/pistonaddict.com\/auctions-listing\/"},{"@type":"ListItem","position":3,"name":"BMW M4"}]},{"@type":"WebSite","@id":"https:\/\/pistonaddict.com\/lv\/#website","url":"https:\/\/pistonaddict.com\/lv\/","name":"Piston Addict","description":"Only interesting vehicles","publisher":{"@id":"https:\/\/pistonaddict.com\/lv\/#organization"},"potentialAction":[{"@type":"SearchAction","target":{"@type":"EntryPoint","urlTemplate":"https:\/\/pistonaddict.com\/lv\/?s={search_term_string}"},"query-input":"required name=search_term_string"}],"inLanguage":"lv-LV"},{"@type":"Organization","@id":"https:\/\/pistonaddict.com\/lv\/#organization","name":"Piston Addict","url":"https:\/\/pistonaddict.com\/lv\/","logo":{"@type":"ImageObject","inLanguage":"lv-LV","@id":"https:\/\/pistonaddict.com\/lv\/#\/schema\/logo\/image\/","url":"https:\/\/pistonaddict.com\/wp-content\/uploads\/2022\/07\/logo-6.png","contentUrl":"https:\/\/pistonaddict.com\/wp-content\/uploads\/2022\/07\/logo-6.png","width":970,"height":200,"caption":"Piston Addict"},"image":{"@id":"https:\/\/pistonaddict.com\/lv\/#\/schema\/logo\/image\/"}}]}},"_links":{"self":[{"href":"https:\/\/pistonaddict.com\/lv\/wp-json\/wp\/v2\/product\/35653"}],"collection":[{"href":"https:\/\/pistonaddict.com\/lv\/wp-json\/wp\/v2\/product"}],"about":[{"href":"https:\/\/pistonaddict.com\/lv\/wp-json\/wp\/v2\/types\/product"}],"replies":[{"embeddable":true,"href":"https:\/\/pistonaddict.com\/lv\/wp-json\/wp\/v2\/comments?post=35653"}],"wp:featuredmedia":[{"embeddable":true,"href":"https:\/\/pistonaddict.com\/lv\/wp-json\/wp\/v2\/media\/35434"}],"wp:attachment":[{"href":"https:\/\/pistonaddict.com\/lv\/wp-json\/wp\/v2\/media?parent=35653"}],"wp:term":[{"taxonomy":"product_cat","embeddable":true,"href":"https:\/\/pistonaddict.com\/lv\/wp-json\/wp\/v2\/product_cat?post=35653"},{"taxonomy":"product_tag","embeddable":true,"href":"https:\/\/pistonaddict.com\/lv\/wp-json\/wp\/v2\/product_tag?post=35653"}],"curies":[{"name":"wp","href":"https:\/\/api.w.org\/{rel}","templated":true}]}}