{"id":34601,"date":"2023-04-19T15:06:28","date_gmt":"2023-04-19T13:06:28","guid":{"rendered":"https:\/\/pistonaddict.com\/product\/bentley-flying-spur\/"},"modified":"2024-03-19T17:49:49","modified_gmt":"2024-03-19T16:49:49","slug":"bentley-flying-spur","status":"publish","type":"product","link":"https:\/\/pistonaddict.com\/lv\/product\/bentley-flying-spur\/","title":{"rendered":"Bentley Flying Spur"},"content":{"rendered":"<p><strong>Auto v\u0113sture<\/strong><\/p>\n<p>\u0160is Flying Spur ir viens no pirmajiem \u0161\u0101diem automobi\u013ciem, kas 2020. gada beig\u0101s tiks pieg\u0101d\u0101ts paz\u012bstamiem Bentley VIP klientiem. Tas ir viena \u012bpa\u0161nieka auto, un tas ir nobraucis tikai 8359 km. \u0160im Flying Spur, kas apdarin\u0101ts iek\u0101rojamaj\u0101 za\u013caj\u0101 kr\u0101s\u0101 ar atbilsto\u0161u iedeguma \u0101du, ir pieejama meln\u0101 \u0101r\u0113j\u0101s apdares pakete, un tas ir First Edition modelis. Bentley pasaul\u0113 First Edition mode\u013ci vienm\u0113r ir vispiepras\u012bt\u0101kie, jo tiem ir \u012bpa\u0161as un unik\u0101las kr\u0101sas, smalkas deta\u013cas un apr\u012bkojums, kas bie\u017ei vien ir standarta specifik\u0101cijas automobi\u013cu papildapr\u012bkojums.<\/p>\n<p><strong>Automa\u0161\u012bnas st\u0101voklis<\/strong><\/p>\n<p>T\u0101 k\u0101 \u0161is ir viens no visaugst\u0101k\u0101s specifik\u0101cijas Bentley Flying Spurs, s\u0101kotn\u0113jais un pa\u0161reiz\u0113jais \u012bpa\u0161nieks ne tikai ieg\u0101d\u0101j\u0101s First Edition paketi, bet ar\u012b papildin\u0101ja jau t\u0101 iespaid\u012bgo specifik\u0101ciju sarakstu ar daudz\u0101m funkcij\u0101m un apr\u012bkojumu. P\u0113c izv\u0113les pieejamais 6,0 litru W12 motors nodro\u0161ina 626 ZS un sp\u0113j iedarbin\u0101t \u0161o superluksusa sedanu ar iespaid\u012bgu 3,5 sekun\u017eu sprintu no 0 l\u012bdz 100 km\/h. V\u0113l aizraujo\u0161\u0101ks ir maksim\u0101lais \u0101trums, un, ja atrodaties autob\u0101na posm\u0101 bez ierobe\u017eojumiem, varat sasniegt 333 km\/h! Esam p\u0101rliecin\u0101ti, ka ar\u012b ar \u0161\u0101du \u0101trumu \u0161is Flying Spur b\u016bs stabils un \u0113rts.<\/p>\n<p><strong>\u0100rpuse un rite\u0146i<\/strong><\/p>\n<p>Pateicoties r\u016bp\u012bgai apkopei, klimata kontrol\u0113tai gar\u0101\u017eai un nelielam nobraukumam, \u0161is Flying Spur tiek p\u0101rdots ar perfektu kr\u0101su, bez boj\u0101jumiem \u0101r\u0113j\u0101 (vai iek\u0161\u0113j\u0101) virsb\u016bv\u0113 un ar ori\u0123in\u0101lajiem rite\u0146iem. Viena no neliel\u0101m, bet interesant\u0101m deta\u013c\u0101m ir melnais jumts, kas lieliski saskan ar melno virsb\u016bves apdari un v\u0113l vair\u0101k pastiprina \u0161\u012b elegant\u0101 sedana sportisko raksturu.<\/p>\n<p><strong>Interjers<\/strong><\/p>\n<p>Viena no aizraujo\u0161\u0101kaj\u0101m \u0161\u012b automobi\u013ca deta\u013c\u0101m ir salons. \u0160is Flying Spur ir veidots k\u0101 perfekts modern\u0101s tehnolo\u0123ijas un klasisk\u0101s luksusa pieejas apvienojums, un tas ir p\u0101rkl\u0101ts ar iek\u0101rojamu iedeguma \u0101du ar kontrast\u0113jo\u0161iem za\u013cas \u0101das un koka ielikt\u0146iem. Pilns ar visa veida komforta apr\u012bkojumu, uz da\u017e\u0101m hrom\u0113t\u0101m apdares deta\u013c\u0101m var atrast aizsargpl\u0113vi, kas liecina, ka \u0161is auto gandr\u012bz nav ticis lietots.<\/p>\n<p><strong>Dokument\u0101cija<\/strong><\/p>\n<p>\u0160is ir priv\u0101t\u012bpa\u0161um\u0101 eso\u0161s transportl\u012bdzeklis ar atbilsto\u0161iem dokumentiem, kas atrodas London\u0101, Apvienotaj\u0101 Karalist\u0113. CarVertical zi\u0146ojums ir t\u012brs; nav pier\u0101d\u012bjumu par negad\u012bjumiem, negad\u012bjumu remontiem vai juridisk\u0101m probl\u0113m\u0101m. Ir ieraksti par regul\u0101ru tehnisko apkopi.<\/p>\n","protected":false},"excerpt":{"rendered":"<p>T\u0101pat k\u0101 daudzi citi konkurenti, ar\u012b Bentley tuv\u0101kaj\u0101 n\u0101kotn\u0113 piev\u0113rs\u012bsies elektromobi\u013cu mode\u013ciem. Tas noz\u012bm\u0113, ka \u0161\u012b var\u0113tu b\u016bt p\u0113d\u0113j\u0101 iesp\u0113ja ieg\u0101d\u0101ties t\u0101du majest\u0101tisku, ar ICE dzin\u0113ju darbin\u0101mu luksusa automobili k\u0101 \u0161is Flying Spur, kura specifik\u0101cija ir \u013coti v\u0113lama un kur\u0161 ir k\u0101 jauns. \u0160is ir unik\u0101ls paraugs, ko darbina rakstur\u012bgais W12 dzin\u0113js, un tas ir ide\u0101li piem\u0113rots izsmalcin\u0101tiem Bentley pazin\u0113jiem.<\/p>\n","protected":false},"featured_media":34089,"comment_status":"open","ping_status":"closed","template":"","meta":{"inline_featured_image":false},"product_cat":[751],"product_tag":[1375,943,1370,1372],"acf":[],"yoast_head":"<!-- This site is optimized with the Yoast SEO plugin v22.5 - https:\/\/yoast.com\/wordpress\/plugins\/seo\/ -->\n<title>Bentley Flying Spur izsoles - Piston Addict<\/title>\n<meta name=\"description\" content=\"P\u0101rbaudiet \u0161o Bentley Flying Spur p\u0101rdo\u0161anai izsol\u0113 PistonAddict.com ar autom\u0101tisko p\u0101rnesumk\u0101rbu un tikai 8359 km.\" \/>\n<meta name=\"robots\" content=\"index, follow, max-snippet:-1, max-image-preview:large, max-video-preview:-1\" \/>\n<link rel=\"canonical\" href=\"https:\/\/pistonaddict.com\/lv\/product\/bentley-flying-spur\/\" \/>\n<meta property=\"og:locale\" content=\"lv_LV\" \/>\n<meta property=\"og:type\" content=\"article\" \/>\n<meta property=\"og:title\" content=\"Bentley Flying Spur izsoles - Piston Addict\" \/>\n<meta property=\"og:description\" content=\"P\u0101rbaudiet \u0161o Bentley Flying Spur p\u0101rdo\u0161anai izsol\u0113 PistonAddict.com ar autom\u0101tisko p\u0101rnesumk\u0101rbu un tikai 8359 km.\" \/>\n<meta property=\"og:url\" content=\"https:\/\/pistonaddict.com\/lv\/product\/bentley-flying-spur\/\" \/>\n<meta property=\"og:site_name\" content=\"Piston Addict\" \/>\n<meta property=\"article:modified_time\" content=\"2024-03-19T16:49:49+00:00\" \/>\n<meta property=\"og:image\" content=\"https:\/\/pistonaddict.com\/wp-content\/uploads\/2023\/04\/LuxurycarLondonApril11PistonAddict_0433-scaled.jpg\" \/>\n\t<meta property=\"og:image:width\" content=\"2560\" \/>\n\t<meta property=\"og:image:height\" content=\"1505\" \/>\n\t<meta property=\"og:image:type\" content=\"image\/jpeg\" \/>\n<meta name=\"twitter:card\" content=\"summary_large_image\" \/>\n<meta name=\"twitter:label1\" content=\"Est. reading time\" \/>\n\t<meta name=\"twitter:data1\" content=\"2 minutes\" \/>\n<script type=\"application\/ld+json\" class=\"yoast-schema-graph\">{\"@context\":\"https:\/\/schema.org\",\"@graph\":[{\"@type\":\"WebPage\",\"@id\":\"https:\/\/pistonaddict.com\/lv\/product\/bentley-flying-spur\/\",\"url\":\"https:\/\/pistonaddict.com\/lv\/product\/bentley-flying-spur\/\",\"name\":\"Bentley Flying Spur izsoles - Piston Addict\",\"isPartOf\":{\"@id\":\"https:\/\/pistonaddict.com\/lv\/#website\"},\"primaryImageOfPage\":{\"@id\":\"https:\/\/pistonaddict.com\/lv\/product\/bentley-flying-spur\/#primaryimage\"},\"image\":{\"@id\":\"https:\/\/pistonaddict.com\/lv\/product\/bentley-flying-spur\/#primaryimage\"},\"thumbnailUrl\":\"https:\/\/pistonaddict.com\/wp-content\/uploads\/2023\/04\/LuxurycarLondonApril11PistonAddict_0433-scaled.jpg\",\"datePublished\":\"2023-04-19T13:06:28+00:00\",\"dateModified\":\"2024-03-19T16:49:49+00:00\",\"description\":\"P\u0101rbaudiet \u0161o Bentley Flying Spur p\u0101rdo\u0161anai izsol\u0113 PistonAddict.com ar autom\u0101tisko p\u0101rnesumk\u0101rbu un tikai 8359 km.\",\"breadcrumb\":{\"@id\":\"https:\/\/pistonaddict.com\/lv\/product\/bentley-flying-spur\/#breadcrumb\"},\"inLanguage\":\"lv-LV\",\"potentialAction\":[{\"@type\":\"ReadAction\",\"target\":[\"https:\/\/pistonaddict.com\/lv\/product\/bentley-flying-spur\/\"]}]},{\"@type\":\"ImageObject\",\"inLanguage\":\"lv-LV\",\"@id\":\"https:\/\/pistonaddict.com\/lv\/product\/bentley-flying-spur\/#primaryimage\",\"url\":\"https:\/\/pistonaddict.com\/wp-content\/uploads\/2023\/04\/LuxurycarLondonApril11PistonAddict_0433-scaled.jpg\",\"contentUrl\":\"https:\/\/pistonaddict.com\/wp-content\/uploads\/2023\/04\/LuxurycarLondonApril11PistonAddict_0433-scaled.jpg\",\"width\":2560,\"height\":1505},{\"@type\":\"BreadcrumbList\",\"@id\":\"https:\/\/pistonaddict.com\/lv\/product\/bentley-flying-spur\/#breadcrumb\",\"itemListElement\":[{\"@type\":\"ListItem\",\"position\":1,\"name\":\"M\u0101jas lapa\",\"item\":\"https:\/\/pistonaddict.com\/lv\/majas-lapa-2\/\"},{\"@type\":\"ListItem\",\"position\":2,\"name\":\"Auctions\",\"item\":\"https:\/\/pistonaddict.com\/auctions-listing\/\"},{\"@type\":\"ListItem\",\"position\":3,\"name\":\"Bentley Flying Spur\"}]},{\"@type\":\"WebSite\",\"@id\":\"https:\/\/pistonaddict.com\/lv\/#website\",\"url\":\"https:\/\/pistonaddict.com\/lv\/\",\"name\":\"Piston Addict\",\"description\":\"Only interesting vehicles\",\"publisher\":{\"@id\":\"https:\/\/pistonaddict.com\/lv\/#organization\"},\"potentialAction\":[{\"@type\":\"SearchAction\",\"target\":{\"@type\":\"EntryPoint\",\"urlTemplate\":\"https:\/\/pistonaddict.com\/lv\/?s={search_term_string}\"},\"query-input\":\"required name=search_term_string\"}],\"inLanguage\":\"lv-LV\"},{\"@type\":\"Organization\",\"@id\":\"https:\/\/pistonaddict.com\/lv\/#organization\",\"name\":\"Piston Addict\",\"url\":\"https:\/\/pistonaddict.com\/lv\/\",\"logo\":{\"@type\":\"ImageObject\",\"inLanguage\":\"lv-LV\",\"@id\":\"https:\/\/pistonaddict.com\/lv\/#\/schema\/logo\/image\/\",\"url\":\"https:\/\/pistonaddict.com\/wp-content\/uploads\/2022\/07\/logo-6.png\",\"contentUrl\":\"https:\/\/pistonaddict.com\/wp-content\/uploads\/2022\/07\/logo-6.png\",\"width\":970,\"height\":200,\"caption\":\"Piston Addict\"},\"image\":{\"@id\":\"https:\/\/pistonaddict.com\/lv\/#\/schema\/logo\/image\/\"}}]}<\/script>\n<!-- \/ Yoast SEO plugin. -->","yoast_head_json":{"title":"Bentley Flying Spur izsoles - Piston Addict","description":"P\u0101rbaudiet \u0161o Bentley Flying Spur p\u0101rdo\u0161anai izsol\u0113 PistonAddict.com ar autom\u0101tisko p\u0101rnesumk\u0101rbu un tikai 8359 km.","robots":{"index":"index","follow":"follow","max-snippet":"max-snippet:-1","max-image-preview":"max-image-preview:large","max-video-preview":"max-video-preview:-1"},"canonical":"https:\/\/pistonaddict.com\/lv\/product\/bentley-flying-spur\/","og_locale":"lv_LV","og_type":"article","og_title":"Bentley Flying Spur izsoles - Piston Addict","og_description":"P\u0101rbaudiet \u0161o Bentley Flying Spur p\u0101rdo\u0161anai izsol\u0113 PistonAddict.com ar autom\u0101tisko p\u0101rnesumk\u0101rbu un tikai 8359 km.","og_url":"https:\/\/pistonaddict.com\/lv\/product\/bentley-flying-spur\/","og_site_name":"Piston Addict","article_modified_time":"2024-03-19T16:49:49+00:00","og_image":[{"width":2560,"height":1505,"url":"https:\/\/pistonaddict.com\/wp-content\/uploads\/2023\/04\/LuxurycarLondonApril11PistonAddict_0433-scaled.jpg","type":"image\/jpeg"}],"twitter_card":"summary_large_image","twitter_misc":{"Est. reading time":"2 minutes"},"schema":{"@context":"https:\/\/schema.org","@graph":[{"@type":"WebPage","@id":"https:\/\/pistonaddict.com\/lv\/product\/bentley-flying-spur\/","url":"https:\/\/pistonaddict.com\/lv\/product\/bentley-flying-spur\/","name":"Bentley Flying Spur izsoles - Piston Addict","isPartOf":{"@id":"https:\/\/pistonaddict.com\/lv\/#website"},"primaryImageOfPage":{"@id":"https:\/\/pistonaddict.com\/lv\/product\/bentley-flying-spur\/#primaryimage"},"image":{"@id":"https:\/\/pistonaddict.com\/lv\/product\/bentley-flying-spur\/#primaryimage"},"thumbnailUrl":"https:\/\/pistonaddict.com\/wp-content\/uploads\/2023\/04\/LuxurycarLondonApril11PistonAddict_0433-scaled.jpg","datePublished":"2023-04-19T13:06:28+00:00","dateModified":"2024-03-19T16:49:49+00:00","description":"P\u0101rbaudiet \u0161o Bentley Flying Spur p\u0101rdo\u0161anai izsol\u0113 PistonAddict.com ar autom\u0101tisko p\u0101rnesumk\u0101rbu un tikai 8359 km.","breadcrumb":{"@id":"https:\/\/pistonaddict.com\/lv\/product\/bentley-flying-spur\/#breadcrumb"},"inLanguage":"lv-LV","potentialAction":[{"@type":"ReadAction","target":["https:\/\/pistonaddict.com\/lv\/product\/bentley-flying-spur\/"]}]},{"@type":"ImageObject","inLanguage":"lv-LV","@id":"https:\/\/pistonaddict.com\/lv\/product\/bentley-flying-spur\/#primaryimage","url":"https:\/\/pistonaddict.com\/wp-content\/uploads\/2023\/04\/LuxurycarLondonApril11PistonAddict_0433-scaled.jpg","contentUrl":"https:\/\/pistonaddict.com\/wp-content\/uploads\/2023\/04\/LuxurycarLondonApril11PistonAddict_0433-scaled.jpg","width":2560,"height":1505},{"@type":"BreadcrumbList","@id":"https:\/\/pistonaddict.com\/lv\/product\/bentley-flying-spur\/#breadcrumb","itemListElement":[{"@type":"ListItem","position":1,"name":"M\u0101jas lapa","item":"https:\/\/pistonaddict.com\/lv\/majas-lapa-2\/"},{"@type":"ListItem","position":2,"name":"Auctions","item":"https:\/\/pistonaddict.com\/auctions-listing\/"},{"@type":"ListItem","position":3,"name":"Bentley Flying Spur"}]},{"@type":"WebSite","@id":"https:\/\/pistonaddict.com\/lv\/#website","url":"https:\/\/pistonaddict.com\/lv\/","name":"Piston Addict","description":"Only interesting vehicles","publisher":{"@id":"https:\/\/pistonaddict.com\/lv\/#organization"},"potentialAction":[{"@type":"SearchAction","target":{"@type":"EntryPoint","urlTemplate":"https:\/\/pistonaddict.com\/lv\/?s={search_term_string}"},"query-input":"required name=search_term_string"}],"inLanguage":"lv-LV"},{"@type":"Organization","@id":"https:\/\/pistonaddict.com\/lv\/#organization","name":"Piston Addict","url":"https:\/\/pistonaddict.com\/lv\/","logo":{"@type":"ImageObject","inLanguage":"lv-LV","@id":"https:\/\/pistonaddict.com\/lv\/#\/schema\/logo\/image\/","url":"https:\/\/pistonaddict.com\/wp-content\/uploads\/2022\/07\/logo-6.png","contentUrl":"https:\/\/pistonaddict.com\/wp-content\/uploads\/2022\/07\/logo-6.png","width":970,"height":200,"caption":"Piston Addict"},"image":{"@id":"https:\/\/pistonaddict.com\/lv\/#\/schema\/logo\/image\/"}}]}},"_links":{"self":[{"href":"https:\/\/pistonaddict.com\/lv\/wp-json\/wp\/v2\/product\/34601"}],"collection":[{"href":"https:\/\/pistonaddict.com\/lv\/wp-json\/wp\/v2\/product"}],"about":[{"href":"https:\/\/pistonaddict.com\/lv\/wp-json\/wp\/v2\/types\/product"}],"replies":[{"embeddable":true,"href":"https:\/\/pistonaddict.com\/lv\/wp-json\/wp\/v2\/comments?post=34601"}],"wp:featuredmedia":[{"embeddable":true,"href":"https:\/\/pistonaddict.com\/lv\/wp-json\/wp\/v2\/media\/34089"}],"wp:attachment":[{"href":"https:\/\/pistonaddict.com\/lv\/wp-json\/wp\/v2\/media?parent=34601"}],"wp:term":[{"taxonomy":"product_cat","embeddable":true,"href":"https:\/\/pistonaddict.com\/lv\/wp-json\/wp\/v2\/product_cat?post=34601"},{"taxonomy":"product_tag","embeddable":true,"href":"https:\/\/pistonaddict.com\/lv\/wp-json\/wp\/v2\/product_tag?post=34601"}],"curies":[{"name":"wp","href":"https:\/\/api.w.org\/{rel}","templated":true}]}}