{"id":33350,"date":"2023-04-19T09:41:30","date_gmt":"2023-04-19T07:41:30","guid":{"rendered":"https:\/\/pistonaddict.com\/product\/jensen-interceptor\/"},"modified":"2024-03-19T17:49:05","modified_gmt":"2024-03-19T16:49:05","slug":"jensen-interceptor","status":"publish","type":"product","link":"https:\/\/pistonaddict.com\/lv\/product\/jensen-interceptor\/","title":{"rendered":"Jensen Interceptor R Mk3"},"content":{"rendered":"<p><strong>Auto v\u0113sture<\/strong><\/p>\n<p>\u0160is konkr\u0113tais Jensen Interceptor s\u0101kotn\u0113jam \u012bpa\u0161niekam tika pieg\u0101d\u0101ts 1972. gada mart\u0101. To darbin\u0101ja mas\u012bvais 440 CID Chrysler V8 motors, kas sasniedza tikai 280 ZS, jo tolaik bija sp\u0113k\u0101 stingr\u0101ki izme\u0161u standarti. Mk3 mode\u013ci (ieviesti 1971. gad\u0101) bija paz\u012bstami ar savu grezno interjeru, garo standarta apr\u012bkojuma kl\u0101stu un vienm\u0113r\u012bgo brauk\u0161anas dinamiku. Tom\u0113r, t\u0101 k\u0101 liel\u0101k\u0101 da\u013ca Interceptoru turpin\u0101ja savu dz\u012bvi k\u0101 da\u013ca no klasisko automobi\u013cu kolekcij\u0101m, \u0161im paraugam tika veikta pla\u0161a p\u0101rb\u016bve, jauna dz\u012bve un masveida jaudas uzlabo\u0161ana. P\u0101rveidojot to no 70. gadu kreisera par 21. gadsimta musku\u013cu ma\u0161\u012bnu, kas gatava p\u0101rsteigt Porsche \u012bpa\u0161niekus uz \u0161osejas. Britu uz\u0146\u0113mums JIR veica piln\u012bgu p\u0101rveidi, saglab\u0101jot ori\u0123in\u0101l\u0101s l\u012bnijas, bet iev\u0113rojami uzlabojot meh\u0101niku.<\/p>\n<p><strong>Automa\u0161\u012bnas st\u0101voklis<\/strong><\/p>\n<p>Kop\u0161 piln\u012bgas p\u0101rb\u016bves \u0161is Jensen Interceptor R ir nobraucis maz\u0101k nek\u0101 10 000 j\u016bd\u017eu, un tas ir nevainojam\u0101 st\u0101vokl\u012b. T\u0101 k\u0101 \u0161is ir izcils veiksm\u012bga restomoda piem\u0113rs, specifik\u0101cijas ir \u012bpa\u0161i interesantas. \u0160\u012b automobi\u013ca izgatavo\u0161anas izmaksas p\u0101rsniedza 200 000 m\u0101rci\u0146u, t\u0101p\u0113c modifik\u0101ciju, piel\u0101gotu komponentu un unik\u0101lu deta\u013cu saraksts ir pla\u0161s. Tie\u0161i \u0161is Interceptor R tiek uzskat\u012bts par visatt\u012bst\u012bt\u0101ko Jensenu pasaul\u0113. Zem motora p\u0101rsega atrodas 6,2 litru V8 no Corvette ZR1, kas nodro\u0161ina vair\u0101k nek\u0101 600 ZS un ar 6 pak\u0101pju autom\u0101tisko p\u0101rnesumk\u0101rbu p\u0101rnes jaudu uz aizmugur\u0113jiem rite\u0146iem. \u0160\u0101dai jaudai bija nepiecie\u0161ams AP brem\u017eu komplekts, p\u0101rskat\u012bta balstiek\u0101rta un daudz kas cits. Rezult\u0101ts ir fantastiska ma\u0161\u012bna, kas 100 km var nobraukt nedaudz vair\u0101k nek\u0101 4 sekund\u0113s un \u0113rti braukt liel\u0101 \u0101trum\u0101.<\/p>\n<p><strong>Interjers<\/strong><\/p>\n<p>Interjer\u0101 galvenais bija neuzkr\u012bto\u0161ais stils ar klasisku pane\u013ca izk\u0101rtojumu un apdari, ta\u010du ar moderniz\u0113tiem s\u0113dek\u013ciem, tehnolo\u0123ij\u0101m un smalk\u0101ko \u0101das apdare. Bordo kr\u0101sa lieliski sader ar divu to\u0146u eksterjeru. Classic Jensen \u012bpa\u0161nieki jums past\u0101st\u012bs, ka \u0161iem automobi\u013ciem, kad tie bija jauni, bija sare\u017e\u0123\u012bta elektronika un bie\u017ei vien sare\u017e\u0123\u012btas sist\u0113mas. Par laimi, \u0161im paraugam ir veikta piln\u012bga p\u0101rb\u016bve, uzst\u0101d\u012btas modernas sast\u0101vda\u013cas, funkcijas, darbojas klimata kontrole un augst\u0101k\u0101s klases audiosist\u0113ma.<\/p>\n<p><strong>\u0100rpuse un rite\u0146i<\/strong><\/p>\n<p>\u0160is 1972. gada Interceptor R, kas izpild\u012bts elegant\u0101 divkr\u0101su kombin\u0101cij\u0101, izskat\u0101s diezgan ori\u0123in\u0101ls, ta\u010du, tikl\u012bdz apl\u016bkojat deta\u013cas, redz\u0113siet, ka tas nav nekas cits. Rite\u0146i ir izgatavoti p\u0113c pas\u016bt\u012bjuma un \u013coti l\u012bdzin\u0101s ori\u0123in\u0101lajam dizainam, ta\u010du ir plat\u0101ki un liel\u0101ki. Lai pal\u012bdz\u0113tu dzes\u0113t jaud\u012bgo dzin\u0113ju, tika pievienota s\u0101nu ventil\u0101cijas atvere, k\u0101 ar\u012b diskr\u0113ti pievienots at\u0161\u0137ir\u012bgs re\u017e\u0123is un embl\u0113mas. Tie, kas kaut ko zina par klasiskajiem Interceptoriem, zina, ka \u0161iem automobi\u013ciem bija nosliece uz r\u016bsu, ta\u010du \u0161is piem\u0113rs p\u0113c visiem veiktajiem darbiem ir praktiski jauns transportl\u012bdzeklis bez \u0161\u0101d\u0101m probl\u0113m\u0101m.<\/p>\n<p><strong>  Dokument\u0101cija<\/strong><\/p>\n<p>\u0160is ir priv\u0101t\u012bpa\u0161um\u0101 eso\u0161s transportl\u012bdzeklis ar atbilsto\u0161iem dokumentiem, kas atrodas London\u0101, Apvienotaj\u0101 Karalist\u0113. CarVertical zi\u0146ojums ir t\u012brs; nav pier\u0101d\u012bjumu par negad\u012bjumiem, negad\u012bjumu remontiem vai juridisk\u0101m probl\u0113m\u0101m. Ir ieraksti par regul\u0101ru tehnisko apkopi. N\u0101kamajiem \u012bpa\u0161niekiem b\u016btu j\u0101zina, ka \u0161is ir slaven\u012bbu auto, kuru 2011\/2012. gad\u0101 test\u0113ja slavenais D\u017eeremijs Kl\u0101rksons un kur\u0161 tika demonstr\u0113ts raid\u012bjum\u0101 Top Gear.<\/p>\n","protected":false},"excerpt":{"rendered":"<p>Lai gan no \u0101rpuses \u0161is skaistais Interceptor izskat\u0101s diezgan krietni viengabalains, tam ir aizraujo\u0161s nosl\u0113pums. V8 motors ar kompresoru, 600 ZS un satrieco\u0161u veiktsp\u0113ju, kas iet\u0113rpts vien\u0101 no skaist\u0101kajiem 70. gadu dizainparaugiem. \u0160is ir \u012bsts britu restomod GT ar amerik\u0101\u0146u sirdi, kas ir gatavs apsteigt visu, kas tam st\u0101sies ce\u013c\u0101.<\/p>\n","protected":false},"featured_media":32672,"comment_status":"open","ping_status":"closed","template":"","meta":{"inline_featured_image":false},"product_cat":[751],"product_tag":[1270,943,1116,1115],"acf":[],"yoast_head":"<!-- This site is optimized with the Yoast SEO plugin v22.5 - https:\/\/yoast.com\/wordpress\/plugins\/seo\/ -->\n<title>Jensen Interceptor R Mk3 izsoles - Piston Addict<\/title>\n<meta name=\"description\" content=\"Apl\u016bkojiet \u0161o Jensen Interceptor R MK3 p\u0101rdo\u0161anai izsol\u0113 vietn\u0113 PistonAddict.com\" \/>\n<meta name=\"robots\" content=\"index, follow, max-snippet:-1, max-image-preview:large, max-video-preview:-1\" \/>\n<link rel=\"canonical\" href=\"https:\/\/pistonaddict.com\/lv\/product\/jensen-interceptor\/\" \/>\n<meta property=\"og:locale\" content=\"lv_LV\" \/>\n<meta property=\"og:type\" content=\"article\" \/>\n<meta property=\"og:title\" content=\"Jensen Interceptor R Mk3 izsoles - Piston Addict\" \/>\n<meta property=\"og:description\" content=\"Apl\u016bkojiet \u0161o Jensen Interceptor R MK3 p\u0101rdo\u0161anai izsol\u0113 vietn\u0113 PistonAddict.com\" \/>\n<meta property=\"og:url\" content=\"https:\/\/pistonaddict.com\/lv\/product\/jensen-interceptor\/\" \/>\n<meta property=\"og:site_name\" content=\"Piston Addict\" \/>\n<meta property=\"article:modified_time\" content=\"2024-03-19T16:49:05+00:00\" \/>\n<meta property=\"og:image\" content=\"https:\/\/pistonaddict.com\/wp-content\/uploads\/2023\/04\/LuxurycarLondonApril11PistonAddict_0906-scaled.jpg\" \/>\n\t<meta property=\"og:image:width\" content=\"2560\" \/>\n\t<meta property=\"og:image:height\" content=\"1505\" \/>\n\t<meta property=\"og:image:type\" content=\"image\/jpeg\" \/>\n<meta name=\"twitter:card\" content=\"summary_large_image\" \/>\n<meta name=\"twitter:label1\" content=\"Est. reading time\" \/>\n\t<meta name=\"twitter:data1\" content=\"3 minutes\" \/>\n<script type=\"application\/ld+json\" class=\"yoast-schema-graph\">{\"@context\":\"https:\/\/schema.org\",\"@graph\":[{\"@type\":\"WebPage\",\"@id\":\"https:\/\/pistonaddict.com\/lv\/product\/jensen-interceptor\/\",\"url\":\"https:\/\/pistonaddict.com\/lv\/product\/jensen-interceptor\/\",\"name\":\"Jensen Interceptor R Mk3 izsoles - Piston Addict\",\"isPartOf\":{\"@id\":\"https:\/\/pistonaddict.com\/lv\/#website\"},\"primaryImageOfPage\":{\"@id\":\"https:\/\/pistonaddict.com\/lv\/product\/jensen-interceptor\/#primaryimage\"},\"image\":{\"@id\":\"https:\/\/pistonaddict.com\/lv\/product\/jensen-interceptor\/#primaryimage\"},\"thumbnailUrl\":\"https:\/\/pistonaddict.com\/wp-content\/uploads\/2023\/04\/LuxurycarLondonApril11PistonAddict_0906-scaled.jpg\",\"datePublished\":\"2023-04-19T07:41:30+00:00\",\"dateModified\":\"2024-03-19T16:49:05+00:00\",\"description\":\"Apl\u016bkojiet \u0161o Jensen Interceptor R MK3 p\u0101rdo\u0161anai izsol\u0113 vietn\u0113 PistonAddict.com\",\"breadcrumb\":{\"@id\":\"https:\/\/pistonaddict.com\/lv\/product\/jensen-interceptor\/#breadcrumb\"},\"inLanguage\":\"lv-LV\",\"potentialAction\":[{\"@type\":\"ReadAction\",\"target\":[\"https:\/\/pistonaddict.com\/lv\/product\/jensen-interceptor\/\"]}]},{\"@type\":\"ImageObject\",\"inLanguage\":\"lv-LV\",\"@id\":\"https:\/\/pistonaddict.com\/lv\/product\/jensen-interceptor\/#primaryimage\",\"url\":\"https:\/\/pistonaddict.com\/wp-content\/uploads\/2023\/04\/LuxurycarLondonApril11PistonAddict_0906-scaled.jpg\",\"contentUrl\":\"https:\/\/pistonaddict.com\/wp-content\/uploads\/2023\/04\/LuxurycarLondonApril11PistonAddict_0906-scaled.jpg\",\"width\":2560,\"height\":1505},{\"@type\":\"BreadcrumbList\",\"@id\":\"https:\/\/pistonaddict.com\/lv\/product\/jensen-interceptor\/#breadcrumb\",\"itemListElement\":[{\"@type\":\"ListItem\",\"position\":1,\"name\":\"M\u0101jas lapa\",\"item\":\"https:\/\/pistonaddict.com\/lv\/majas-lapa-2\/\"},{\"@type\":\"ListItem\",\"position\":2,\"name\":\"Auctions\",\"item\":\"https:\/\/pistonaddict.com\/auctions-listing\/\"},{\"@type\":\"ListItem\",\"position\":3,\"name\":\"Jensen Interceptor R Mk3\"}]},{\"@type\":\"WebSite\",\"@id\":\"https:\/\/pistonaddict.com\/lv\/#website\",\"url\":\"https:\/\/pistonaddict.com\/lv\/\",\"name\":\"Piston Addict\",\"description\":\"Only interesting vehicles\",\"publisher\":{\"@id\":\"https:\/\/pistonaddict.com\/lv\/#organization\"},\"potentialAction\":[{\"@type\":\"SearchAction\",\"target\":{\"@type\":\"EntryPoint\",\"urlTemplate\":\"https:\/\/pistonaddict.com\/lv\/?s={search_term_string}\"},\"query-input\":\"required name=search_term_string\"}],\"inLanguage\":\"lv-LV\"},{\"@type\":\"Organization\",\"@id\":\"https:\/\/pistonaddict.com\/lv\/#organization\",\"name\":\"Piston Addict\",\"url\":\"https:\/\/pistonaddict.com\/lv\/\",\"logo\":{\"@type\":\"ImageObject\",\"inLanguage\":\"lv-LV\",\"@id\":\"https:\/\/pistonaddict.com\/lv\/#\/schema\/logo\/image\/\",\"url\":\"https:\/\/pistonaddict.com\/wp-content\/uploads\/2022\/07\/logo-6.png\",\"contentUrl\":\"https:\/\/pistonaddict.com\/wp-content\/uploads\/2022\/07\/logo-6.png\",\"width\":970,\"height\":200,\"caption\":\"Piston Addict\"},\"image\":{\"@id\":\"https:\/\/pistonaddict.com\/lv\/#\/schema\/logo\/image\/\"}}]}<\/script>\n<!-- \/ Yoast SEO plugin. -->","yoast_head_json":{"title":"Jensen Interceptor R Mk3 izsoles - Piston Addict","description":"Apl\u016bkojiet \u0161o Jensen Interceptor R MK3 p\u0101rdo\u0161anai izsol\u0113 vietn\u0113 PistonAddict.com","robots":{"index":"index","follow":"follow","max-snippet":"max-snippet:-1","max-image-preview":"max-image-preview:large","max-video-preview":"max-video-preview:-1"},"canonical":"https:\/\/pistonaddict.com\/lv\/product\/jensen-interceptor\/","og_locale":"lv_LV","og_type":"article","og_title":"Jensen Interceptor R Mk3 izsoles - Piston Addict","og_description":"Apl\u016bkojiet \u0161o Jensen Interceptor R MK3 p\u0101rdo\u0161anai izsol\u0113 vietn\u0113 PistonAddict.com","og_url":"https:\/\/pistonaddict.com\/lv\/product\/jensen-interceptor\/","og_site_name":"Piston Addict","article_modified_time":"2024-03-19T16:49:05+00:00","og_image":[{"width":2560,"height":1505,"url":"https:\/\/pistonaddict.com\/wp-content\/uploads\/2023\/04\/LuxurycarLondonApril11PistonAddict_0906-scaled.jpg","type":"image\/jpeg"}],"twitter_card":"summary_large_image","twitter_misc":{"Est. reading time":"3 minutes"},"schema":{"@context":"https:\/\/schema.org","@graph":[{"@type":"WebPage","@id":"https:\/\/pistonaddict.com\/lv\/product\/jensen-interceptor\/","url":"https:\/\/pistonaddict.com\/lv\/product\/jensen-interceptor\/","name":"Jensen Interceptor R Mk3 izsoles - Piston Addict","isPartOf":{"@id":"https:\/\/pistonaddict.com\/lv\/#website"},"primaryImageOfPage":{"@id":"https:\/\/pistonaddict.com\/lv\/product\/jensen-interceptor\/#primaryimage"},"image":{"@id":"https:\/\/pistonaddict.com\/lv\/product\/jensen-interceptor\/#primaryimage"},"thumbnailUrl":"https:\/\/pistonaddict.com\/wp-content\/uploads\/2023\/04\/LuxurycarLondonApril11PistonAddict_0906-scaled.jpg","datePublished":"2023-04-19T07:41:30+00:00","dateModified":"2024-03-19T16:49:05+00:00","description":"Apl\u016bkojiet \u0161o Jensen Interceptor R MK3 p\u0101rdo\u0161anai izsol\u0113 vietn\u0113 PistonAddict.com","breadcrumb":{"@id":"https:\/\/pistonaddict.com\/lv\/product\/jensen-interceptor\/#breadcrumb"},"inLanguage":"lv-LV","potentialAction":[{"@type":"ReadAction","target":["https:\/\/pistonaddict.com\/lv\/product\/jensen-interceptor\/"]}]},{"@type":"ImageObject","inLanguage":"lv-LV","@id":"https:\/\/pistonaddict.com\/lv\/product\/jensen-interceptor\/#primaryimage","url":"https:\/\/pistonaddict.com\/wp-content\/uploads\/2023\/04\/LuxurycarLondonApril11PistonAddict_0906-scaled.jpg","contentUrl":"https:\/\/pistonaddict.com\/wp-content\/uploads\/2023\/04\/LuxurycarLondonApril11PistonAddict_0906-scaled.jpg","width":2560,"height":1505},{"@type":"BreadcrumbList","@id":"https:\/\/pistonaddict.com\/lv\/product\/jensen-interceptor\/#breadcrumb","itemListElement":[{"@type":"ListItem","position":1,"name":"M\u0101jas lapa","item":"https:\/\/pistonaddict.com\/lv\/majas-lapa-2\/"},{"@type":"ListItem","position":2,"name":"Auctions","item":"https:\/\/pistonaddict.com\/auctions-listing\/"},{"@type":"ListItem","position":3,"name":"Jensen Interceptor R Mk3"}]},{"@type":"WebSite","@id":"https:\/\/pistonaddict.com\/lv\/#website","url":"https:\/\/pistonaddict.com\/lv\/","name":"Piston Addict","description":"Only interesting vehicles","publisher":{"@id":"https:\/\/pistonaddict.com\/lv\/#organization"},"potentialAction":[{"@type":"SearchAction","target":{"@type":"EntryPoint","urlTemplate":"https:\/\/pistonaddict.com\/lv\/?s={search_term_string}"},"query-input":"required name=search_term_string"}],"inLanguage":"lv-LV"},{"@type":"Organization","@id":"https:\/\/pistonaddict.com\/lv\/#organization","name":"Piston Addict","url":"https:\/\/pistonaddict.com\/lv\/","logo":{"@type":"ImageObject","inLanguage":"lv-LV","@id":"https:\/\/pistonaddict.com\/lv\/#\/schema\/logo\/image\/","url":"https:\/\/pistonaddict.com\/wp-content\/uploads\/2022\/07\/logo-6.png","contentUrl":"https:\/\/pistonaddict.com\/wp-content\/uploads\/2022\/07\/logo-6.png","width":970,"height":200,"caption":"Piston Addict"},"image":{"@id":"https:\/\/pistonaddict.com\/lv\/#\/schema\/logo\/image\/"}}]}},"_links":{"self":[{"href":"https:\/\/pistonaddict.com\/lv\/wp-json\/wp\/v2\/product\/33350"}],"collection":[{"href":"https:\/\/pistonaddict.com\/lv\/wp-json\/wp\/v2\/product"}],"about":[{"href":"https:\/\/pistonaddict.com\/lv\/wp-json\/wp\/v2\/types\/product"}],"replies":[{"embeddable":true,"href":"https:\/\/pistonaddict.com\/lv\/wp-json\/wp\/v2\/comments?post=33350"}],"wp:featuredmedia":[{"embeddable":true,"href":"https:\/\/pistonaddict.com\/lv\/wp-json\/wp\/v2\/media\/32672"}],"wp:attachment":[{"href":"https:\/\/pistonaddict.com\/lv\/wp-json\/wp\/v2\/media?parent=33350"}],"wp:term":[{"taxonomy":"product_cat","embeddable":true,"href":"https:\/\/pistonaddict.com\/lv\/wp-json\/wp\/v2\/product_cat?post=33350"},{"taxonomy":"product_tag","embeddable":true,"href":"https:\/\/pistonaddict.com\/lv\/wp-json\/wp\/v2\/product_tag?post=33350"}],"curies":[{"name":"wp","href":"https:\/\/api.w.org\/{rel}","templated":true}]}}