{"id":32595,"date":"2023-04-18T18:05:14","date_gmt":"2023-04-18T16:05:14","guid":{"rendered":"https:\/\/pistonaddict.com\/product\/maserati-ghibli-ss-49-litri\/"},"modified":"2024-03-19T17:37:59","modified_gmt":"2024-03-19T16:37:59","slug":"maserati-ghibli-ss-49-litri","status":"publish","type":"product","link":"https:\/\/pistonaddict.com\/lv\/product\/maserati-ghibli-ss-49-litri\/","title":{"rendered":"Maserati Ghibli SS 4,9 litri"},"content":{"rendered":"<h2>\u0100rpuse<\/h2>\n<p>\u0160aj\u0101 izsol\u0113 p\u0101rdotajam automobilim ir zila kr\u0101sa, un tam ir pievilc\u012bgi iznirsto\u0161ie priek\u0161\u0113jie lukturi. Ta\u010du \u0161is Sypder ir tik pievilc\u012bgs un uzman\u012bbu piesaisto\u0161s ar savu eleganto siluetu. \u0160im divu durvju rodsterim ar zemu, haizivjveid\u012bgu priek\u0161galu, musku\u013cot\u0101m rite\u0146u ark\u0101m un sl\u012bp\u0101m aizmugur\u0113j\u0101m da\u013c\u0101m ir viens no nozares iev\u0113rojam\u0101kajiem dizaineriem D\u017eord\u017eeto D\u017eugjaro (Giorgetto Giugiaro). T\u0101p\u0113c tas ir ide\u0101li piem\u0113rots nesteidz\u012bgai izbraucienam pa bulv\u0101ri vai brauk\u0161anai pa ainaviskiem piekrastes ce\u013ciem. Savuk\u0101rt nelabv\u0113l\u012bgos laikapst\u0101k\u013cos noder\u0113s salok\u0101ms m\u012bkstais jumts, kas pasl\u0113pts zem tonneau p\u0101rsega ar kr\u0101su kodu. Automa\u0161\u012bnai ir Ruote Borrani izgatavoti 15 collu stiep\u013cu stiep\u013cu diski un laikmetam atbilsto\u0161as Michelin Radial X riepas. Citas iev\u0113r\u012bbas cien\u012bgas deta\u013cas ir hrom\u0113ti bamperi un funkcion\u0101las ventil\u0101cijas atveres uz motora p\u0101rsega un sp\u0101rniem.<\/p>\n<h2>Interjers<\/h2>\n<p>\u0160\u012b Maserati salon\u0101 ir divi \u0113rti, bet taj\u0101 pa\u0161\u0101 laik\u0101 atbalsto\u0161i s\u0113dek\u013ci, kas p\u0101rkl\u0101ti ar m\u012bkstu gai\u0161i br\u016bnu \u0101du. No t\u0101da pa\u0161a ac\u012bm t\u012bkama materi\u0101la ir izgatavota liel\u0101k\u0101 da\u013ca salona apdares, iz\u0146emot pane\u013ca aug\u0161\u0113jo da\u013cu, kas p\u0101rkl\u0101ta ar melnu zam\u0161\u0101du. Sprie\u017eot p\u0113c p\u0101rdev\u0113ja sniegtaj\u0101m fotogr\u0101fij\u0101m, salons ir nevainojam\u0101 st\u0101vokl\u012b. Un, iek\u0101pjot iek\u0161\u0101, autovad\u012bt\u0101js var st\u016br\u0113t ar skaistu koka st\u016bres ratu ar trim ner\u016bs\u0113jo\u0161\u0101 t\u0113rauda spie\u0137iem pa vidu. Aiz t\u0101 atrodas instrumentu panelis ar 55555 apgriezienu min\u016bt\u0113 skait\u012bt\u0101ju un spidometru, kura gala r\u0101d\u012bt\u0101js ir 300 km\/h. Papildus tiem \u0161aj\u0101 Ghibli ir pieci centr\u0101li novietoti m\u0113rinstrumenti, kas uzr\u0101da t\u0101dus svar\u012bgus parametrus k\u0101 e\u013c\u013cas spiediens, temperat\u016bra un degvielas l\u012bmenis. \u0160obr\u012bd nobraukums ir aptuveni 13 000 km.<\/p>\n<h2>Meh\u0101nika<\/h2>\n<p>P\u0101rdodamais automobilis ir SS modelis, kas noz\u012bm\u0113, ka tas ir apr\u012bkots ar liel\u0101ku un jaud\u012bg\u0101ku 4,9 litru V8 motoru. Ar \u010detriem Weber karburatoriem ar diviem drose\u013cdzin\u0113jiem tas att\u012bsta 335 zirgsp\u0113kus un nedaudz vair\u0101k nek\u0101 480 Nm griezes momentu, kas uz aizmugur\u0113jiem rite\u0146iem tiek novad\u012bts ar piecu pak\u0101pju manu\u0101lo p\u0101rnesumk\u0101rbu. Tas ir pietiekami, lai Ghibli SS rodsteri sasniegtu maksim\u0101lo \u0101trumu 280 MPH, padarot to par sava laika \u0101tr\u0101ko Maserati. Papildus meh\u0101nikai automobilim ir ar\u012b cauru\u013cveida t\u0113rauda \u0161asija, kas nodro\u0161ina vieglumu un konstrukcijas stingr\u012bbu.<\/p>\n<h2>Transportl\u012bdzek\u013ca v\u0113sture<\/h2>\n<p>Min\u0113to Spyder p\u0101rb\u016bvi veica specializ\u0113ta darbn\u012bca Monden\u0101, kas garant\u0113 darba kvalit\u0101ti. \u0160\u012b ir popul\u0101ra modifik\u0101cija Ghibli \u012bpa\u0161nieku vid\u016b, jo Maserati uzb\u016bv\u0113ja maz\u0101k nek\u0101 50 r\u016bpn\u012bcas Spyders. Turkl\u0101t automobilim ir veikta padzi\u013cin\u0101ta restaur\u0101cija, ko veica Furlonger Cars, respektabls restaurators no E\u0161fordas, kas specializ\u0113jas it\u0101\u013cu superauto restaur\u0101cij\u0101.<\/p>\n<p>P\u0113c \u012bpa\u0161nieka teikt\u0101, visi apkopes darbi tika veikti regul\u0101ri, un p\u0113d\u0113jais apkope tika veikta 2021. gada j\u016bnij\u0101. Pa\u0161laik nav zin\u0101mi nek\u0101di boj\u0101jumi vai probl\u0113mas ar k\u0101du no t\u0101 sast\u0101vda\u013c\u0101m. Turkl\u0101t nav paman\u0101mu skr\u0101p\u0113jumu, iespiedumu vai citu virsb\u016bves defektu.<\/p>\n","protected":false},"excerpt":{"rendered":"<p>\u0160o 1971. gada Maserati Ghibli SS apvidus rodsteri, kas nobraucis tikai nedaudz vair\u0101k par 13 000 km, \u012bpa\u0161nieks p\u0101rdod priv\u0101ti. To darbina V8 motors, kas savienots ar piecu pak\u0101pju manu\u0101lo p\u0101rnesumk\u0101rbu. Lai gan vizu\u0101li ir identisks ikoniskajam Spyder modelim, \u0161is automobilis s\u0101kotn\u0113ji bija kupeja, bet v\u0113l\u0101k tika p\u0101rveidots uz pa\u0161reiz\u0113jo formu. Papildus tam, ka \u0161is automobilis ir gandr\u012bz nevainojam\u0101 st\u0101vokl\u012b, tas ir ar\u012b piln\u012bb\u0101 apkalpots un &#8211; saska\u0146\u0101 ar \u012bpa\u0161nieka teikto &#8211; nav bijis iesaist\u012bts nevien\u0101 negad\u012bjum\u0101, un pa\u0161laik atrodas Apvienotaj\u0101 Karalist\u0113.<\/p>\n","protected":false},"featured_media":32154,"comment_status":"open","ping_status":"closed","template":"","meta":{"inline_featured_image":false},"product_cat":[751],"product_tag":[1247,1094,949,1093],"acf":[],"yoast_head":"<!-- This site is optimized with the Yoast SEO plugin v22.5 - https:\/\/yoast.com\/wordpress\/plugins\/seo\/ -->\n<title>Maserati Ghibli SS 4,9 litri izsoles - Piston Addict<\/title>\n<meta name=\"description\" content=\"P\u0101rbaudiet \u0161o Maserati Ghibli SS 4.9 litru izsoles p\u0101rdo\u0161anai PistonAddict.com ar manu\u0101lo transmisiju un tikai 13 220 km.\" \/>\n<meta name=\"robots\" content=\"index, follow, max-snippet:-1, max-image-preview:large, max-video-preview:-1\" \/>\n<link rel=\"canonical\" href=\"https:\/\/pistonaddict.com\/lv\/product\/maserati-ghibli-ss-49-litri\/\" \/>\n<meta property=\"og:locale\" content=\"lv_LV\" \/>\n<meta property=\"og:type\" content=\"article\" \/>\n<meta property=\"og:title\" content=\"Maserati Ghibli SS 4,9 litri izsoles - Piston Addict\" \/>\n<meta property=\"og:description\" content=\"P\u0101rbaudiet \u0161o Maserati Ghibli SS 4.9 litru izsoles p\u0101rdo\u0161anai PistonAddict.com ar manu\u0101lo transmisiju un tikai 13 220 km.\" \/>\n<meta property=\"og:url\" content=\"https:\/\/pistonaddict.com\/lv\/product\/maserati-ghibli-ss-49-litri\/\" \/>\n<meta property=\"og:site_name\" content=\"Piston Addict\" \/>\n<meta property=\"article:modified_time\" content=\"2024-03-19T16:37:59+00:00\" \/>\n<meta property=\"og:image\" content=\"https:\/\/pistonaddict.com\/wp-content\/uploads\/2023\/04\/Maserati13-scaled.jpg\" \/>\n\t<meta property=\"og:image:width\" content=\"2560\" \/>\n\t<meta property=\"og:image:height\" content=\"1609\" \/>\n\t<meta property=\"og:image:type\" content=\"image\/jpeg\" \/>\n<meta name=\"twitter:card\" content=\"summary_large_image\" \/>\n<meta name=\"twitter:label1\" content=\"Est. reading time\" \/>\n\t<meta name=\"twitter:data1\" content=\"3 minutes\" \/>\n<script type=\"application\/ld+json\" class=\"yoast-schema-graph\">{\"@context\":\"https:\/\/schema.org\",\"@graph\":[{\"@type\":\"WebPage\",\"@id\":\"https:\/\/pistonaddict.com\/lv\/product\/maserati-ghibli-ss-49-litri\/\",\"url\":\"https:\/\/pistonaddict.com\/lv\/product\/maserati-ghibli-ss-49-litri\/\",\"name\":\"Maserati Ghibli SS 4,9 litri izsoles - Piston Addict\",\"isPartOf\":{\"@id\":\"https:\/\/pistonaddict.com\/lv\/#website\"},\"primaryImageOfPage\":{\"@id\":\"https:\/\/pistonaddict.com\/lv\/product\/maserati-ghibli-ss-49-litri\/#primaryimage\"},\"image\":{\"@id\":\"https:\/\/pistonaddict.com\/lv\/product\/maserati-ghibli-ss-49-litri\/#primaryimage\"},\"thumbnailUrl\":\"https:\/\/pistonaddict.com\/wp-content\/uploads\/2023\/04\/Maserati13-scaled.jpg\",\"datePublished\":\"2023-04-18T16:05:14+00:00\",\"dateModified\":\"2024-03-19T16:37:59+00:00\",\"description\":\"P\u0101rbaudiet \u0161o Maserati Ghibli SS 4.9 litru izsoles p\u0101rdo\u0161anai PistonAddict.com ar manu\u0101lo transmisiju un tikai 13 220 km.\",\"breadcrumb\":{\"@id\":\"https:\/\/pistonaddict.com\/lv\/product\/maserati-ghibli-ss-49-litri\/#breadcrumb\"},\"inLanguage\":\"lv-LV\",\"potentialAction\":[{\"@type\":\"ReadAction\",\"target\":[\"https:\/\/pistonaddict.com\/lv\/product\/maserati-ghibli-ss-49-litri\/\"]}]},{\"@type\":\"ImageObject\",\"inLanguage\":\"lv-LV\",\"@id\":\"https:\/\/pistonaddict.com\/lv\/product\/maserati-ghibli-ss-49-litri\/#primaryimage\",\"url\":\"https:\/\/pistonaddict.com\/wp-content\/uploads\/2023\/04\/Maserati13-scaled.jpg\",\"contentUrl\":\"https:\/\/pistonaddict.com\/wp-content\/uploads\/2023\/04\/Maserati13-scaled.jpg\",\"width\":2560,\"height\":1609},{\"@type\":\"BreadcrumbList\",\"@id\":\"https:\/\/pistonaddict.com\/lv\/product\/maserati-ghibli-ss-49-litri\/#breadcrumb\",\"itemListElement\":[{\"@type\":\"ListItem\",\"position\":1,\"name\":\"M\u0101jas lapa\",\"item\":\"https:\/\/pistonaddict.com\/lv\/majas-lapa-2\/\"},{\"@type\":\"ListItem\",\"position\":2,\"name\":\"Auctions\",\"item\":\"https:\/\/pistonaddict.com\/auctions-listing\/\"},{\"@type\":\"ListItem\",\"position\":3,\"name\":\"Maserati Ghibli SS 4,9 litri\"}]},{\"@type\":\"WebSite\",\"@id\":\"https:\/\/pistonaddict.com\/lv\/#website\",\"url\":\"https:\/\/pistonaddict.com\/lv\/\",\"name\":\"Piston Addict\",\"description\":\"Only interesting vehicles\",\"publisher\":{\"@id\":\"https:\/\/pistonaddict.com\/lv\/#organization\"},\"potentialAction\":[{\"@type\":\"SearchAction\",\"target\":{\"@type\":\"EntryPoint\",\"urlTemplate\":\"https:\/\/pistonaddict.com\/lv\/?s={search_term_string}\"},\"query-input\":\"required name=search_term_string\"}],\"inLanguage\":\"lv-LV\"},{\"@type\":\"Organization\",\"@id\":\"https:\/\/pistonaddict.com\/lv\/#organization\",\"name\":\"Piston Addict\",\"url\":\"https:\/\/pistonaddict.com\/lv\/\",\"logo\":{\"@type\":\"ImageObject\",\"inLanguage\":\"lv-LV\",\"@id\":\"https:\/\/pistonaddict.com\/lv\/#\/schema\/logo\/image\/\",\"url\":\"https:\/\/pistonaddict.com\/wp-content\/uploads\/2022\/07\/logo-6.png\",\"contentUrl\":\"https:\/\/pistonaddict.com\/wp-content\/uploads\/2022\/07\/logo-6.png\",\"width\":970,\"height\":200,\"caption\":\"Piston Addict\"},\"image\":{\"@id\":\"https:\/\/pistonaddict.com\/lv\/#\/schema\/logo\/image\/\"}}]}<\/script>\n<!-- \/ Yoast SEO plugin. -->","yoast_head_json":{"title":"Maserati Ghibli SS 4,9 litri izsoles - Piston Addict","description":"P\u0101rbaudiet \u0161o Maserati Ghibli SS 4.9 litru izsoles p\u0101rdo\u0161anai PistonAddict.com ar manu\u0101lo transmisiju un tikai 13 220 km.","robots":{"index":"index","follow":"follow","max-snippet":"max-snippet:-1","max-image-preview":"max-image-preview:large","max-video-preview":"max-video-preview:-1"},"canonical":"https:\/\/pistonaddict.com\/lv\/product\/maserati-ghibli-ss-49-litri\/","og_locale":"lv_LV","og_type":"article","og_title":"Maserati Ghibli SS 4,9 litri izsoles - Piston Addict","og_description":"P\u0101rbaudiet \u0161o Maserati Ghibli SS 4.9 litru izsoles p\u0101rdo\u0161anai PistonAddict.com ar manu\u0101lo transmisiju un tikai 13 220 km.","og_url":"https:\/\/pistonaddict.com\/lv\/product\/maserati-ghibli-ss-49-litri\/","og_site_name":"Piston Addict","article_modified_time":"2024-03-19T16:37:59+00:00","og_image":[{"width":2560,"height":1609,"url":"https:\/\/pistonaddict.com\/wp-content\/uploads\/2023\/04\/Maserati13-scaled.jpg","type":"image\/jpeg"}],"twitter_card":"summary_large_image","twitter_misc":{"Est. reading time":"3 minutes"},"schema":{"@context":"https:\/\/schema.org","@graph":[{"@type":"WebPage","@id":"https:\/\/pistonaddict.com\/lv\/product\/maserati-ghibli-ss-49-litri\/","url":"https:\/\/pistonaddict.com\/lv\/product\/maserati-ghibli-ss-49-litri\/","name":"Maserati Ghibli SS 4,9 litri izsoles - Piston Addict","isPartOf":{"@id":"https:\/\/pistonaddict.com\/lv\/#website"},"primaryImageOfPage":{"@id":"https:\/\/pistonaddict.com\/lv\/product\/maserati-ghibli-ss-49-litri\/#primaryimage"},"image":{"@id":"https:\/\/pistonaddict.com\/lv\/product\/maserati-ghibli-ss-49-litri\/#primaryimage"},"thumbnailUrl":"https:\/\/pistonaddict.com\/wp-content\/uploads\/2023\/04\/Maserati13-scaled.jpg","datePublished":"2023-04-18T16:05:14+00:00","dateModified":"2024-03-19T16:37:59+00:00","description":"P\u0101rbaudiet \u0161o Maserati Ghibli SS 4.9 litru izsoles p\u0101rdo\u0161anai PistonAddict.com ar manu\u0101lo transmisiju un tikai 13 220 km.","breadcrumb":{"@id":"https:\/\/pistonaddict.com\/lv\/product\/maserati-ghibli-ss-49-litri\/#breadcrumb"},"inLanguage":"lv-LV","potentialAction":[{"@type":"ReadAction","target":["https:\/\/pistonaddict.com\/lv\/product\/maserati-ghibli-ss-49-litri\/"]}]},{"@type":"ImageObject","inLanguage":"lv-LV","@id":"https:\/\/pistonaddict.com\/lv\/product\/maserati-ghibli-ss-49-litri\/#primaryimage","url":"https:\/\/pistonaddict.com\/wp-content\/uploads\/2023\/04\/Maserati13-scaled.jpg","contentUrl":"https:\/\/pistonaddict.com\/wp-content\/uploads\/2023\/04\/Maserati13-scaled.jpg","width":2560,"height":1609},{"@type":"BreadcrumbList","@id":"https:\/\/pistonaddict.com\/lv\/product\/maserati-ghibli-ss-49-litri\/#breadcrumb","itemListElement":[{"@type":"ListItem","position":1,"name":"M\u0101jas lapa","item":"https:\/\/pistonaddict.com\/lv\/majas-lapa-2\/"},{"@type":"ListItem","position":2,"name":"Auctions","item":"https:\/\/pistonaddict.com\/auctions-listing\/"},{"@type":"ListItem","position":3,"name":"Maserati Ghibli SS 4,9 litri"}]},{"@type":"WebSite","@id":"https:\/\/pistonaddict.com\/lv\/#website","url":"https:\/\/pistonaddict.com\/lv\/","name":"Piston Addict","description":"Only interesting vehicles","publisher":{"@id":"https:\/\/pistonaddict.com\/lv\/#organization"},"potentialAction":[{"@type":"SearchAction","target":{"@type":"EntryPoint","urlTemplate":"https:\/\/pistonaddict.com\/lv\/?s={search_term_string}"},"query-input":"required name=search_term_string"}],"inLanguage":"lv-LV"},{"@type":"Organization","@id":"https:\/\/pistonaddict.com\/lv\/#organization","name":"Piston Addict","url":"https:\/\/pistonaddict.com\/lv\/","logo":{"@type":"ImageObject","inLanguage":"lv-LV","@id":"https:\/\/pistonaddict.com\/lv\/#\/schema\/logo\/image\/","url":"https:\/\/pistonaddict.com\/wp-content\/uploads\/2022\/07\/logo-6.png","contentUrl":"https:\/\/pistonaddict.com\/wp-content\/uploads\/2022\/07\/logo-6.png","width":970,"height":200,"caption":"Piston Addict"},"image":{"@id":"https:\/\/pistonaddict.com\/lv\/#\/schema\/logo\/image\/"}}]}},"_links":{"self":[{"href":"https:\/\/pistonaddict.com\/lv\/wp-json\/wp\/v2\/product\/32595"}],"collection":[{"href":"https:\/\/pistonaddict.com\/lv\/wp-json\/wp\/v2\/product"}],"about":[{"href":"https:\/\/pistonaddict.com\/lv\/wp-json\/wp\/v2\/types\/product"}],"replies":[{"embeddable":true,"href":"https:\/\/pistonaddict.com\/lv\/wp-json\/wp\/v2\/comments?post=32595"}],"wp:featuredmedia":[{"embeddable":true,"href":"https:\/\/pistonaddict.com\/lv\/wp-json\/wp\/v2\/media\/32154"}],"wp:attachment":[{"href":"https:\/\/pistonaddict.com\/lv\/wp-json\/wp\/v2\/media?parent=32595"}],"wp:term":[{"taxonomy":"product_cat","embeddable":true,"href":"https:\/\/pistonaddict.com\/lv\/wp-json\/wp\/v2\/product_cat?post=32595"},{"taxonomy":"product_tag","embeddable":true,"href":"https:\/\/pistonaddict.com\/lv\/wp-json\/wp\/v2\/product_tag?post=32595"}],"curies":[{"name":"wp","href":"https:\/\/api.w.org\/{rel}","templated":true}]}}