{"id":32589,"date":"2023-03-02T21:25:19","date_gmt":"2023-03-02T20:25:19","guid":{"rendered":"https:\/\/pistonaddict.com\/product\/1985-porsche-911-carrera-3-2-pardosanai-izsole\/"},"modified":"2024-03-22T16:10:55","modified_gmt":"2024-03-22T15:10:55","slug":"1985-porsche-911-carrera-3-2-for-sale","status":"publish","type":"product","link":"https:\/\/pistonaddict.com\/lv\/product\/1985-porsche-911-carrera-3-2-for-sale\/","title":{"rendered":"1985 Porsche 911 Carrera 3.2 p\u0101rdo\u0161anai izsol\u0113"},"content":{"rendered":"<p><strong>Auto v\u0113sture<\/strong><\/p>\n<p>P\u0101rdev\u0113js \u0161o skaisto 80. gadu vidus burv\u012bbas paraugu ieg\u0101d\u0101j\u0101s 1997. gad\u0101 Luksemburg\u0101 un import\u0113ja uz \u0160veici. \u0160\u012b Carrera ir apr\u012bkota ar standarta 3,2 litru plakano se\u0161dzin\u0113ju, kas ar 5 pak\u0101pju manu\u0101lo p\u0101rnesumk\u0101rbu uz aizmugur\u0113jiem rite\u0146iem nodro\u0161ina 231 ZS. Dzin\u0113js ir ar degvielas iesmidzin\u0101\u0161anu un sp\u0113j \u0161o le\u0123end\u0101ro sporta automobili no 0 l\u012bdz 100 km\/h pa\u0101trin\u0101t 5,9 sekund\u0113s un sasniegt maksim\u0101lo, joproj\u0101m cien\u012bjamo 245 km\/h (150 mph). Nav ierakstu par jebk\u0101d\u0101m motora modifik\u0101cij\u0101m, ta\u010du automa\u0161\u012bna tika regul\u0101ri uztur\u0113ta, un p\u0113d\u0113jais dokument\u0113tais serviss tika veikts 2022. gada marta beig\u0101s. L\u012bdz \u0161im \u0161is melnais Porsche ir nobraucis 168 000 km.<\/p>\n<p><strong>St\u0101voklis<\/strong><\/p>\n<p>Transportl\u012bdzeklim tika veikta profesion\u0101la virsb\u016bves p\u0101rkr\u0101so\u0161ana un motora atjauno\u0161ana, izmantojot ori\u0123in\u0101l\u0101s deta\u013cas un sast\u0101vda\u013cas. Tas ir izg\u0101jis \u0160veices tehnisko apskati, un t\u0101 ce\u013c\u0161 ir leg\u0101ls un re\u0123istr\u0113ts. Potenci\u0101lie pirc\u0113ji v\u0113las zin\u0101t, ka e\u013c\u013cas anal\u012bze ir veikta un rezult\u0101ti ir atbilsto\u0161i. Videoklipos var redz\u0113t, ka e\u013c\u013cas spiediens un visi m\u0113rinstrumenti darbojas pareizi. E\u013c\u013cas nopl\u016bdes nav v\u0113rojamas, motora nodal\u012bjums ir sakopts, un ir visas ori\u0123in\u0101l\u0101s markas un mar\u0137\u0113jumi.<\/p>\n<p><strong>Interjers<\/strong><\/p>\n<p>\u0160\u012b 1985. gada Porsche 911 Carrera 3.2 salons ir ori\u0123in\u0101ls, s\u0113dek\u013ci un durvju k\u0101rbas ir ap\u0161\u016btas ar \u0101du. Sal\u012bdzinot ar l\u012bdz\u012bgiem automobi\u013ciem, \u0161im tr\u012bsk\u0101r\u0161i melnajam paraugam (virsb\u016bve, salons un pakl\u0101ji &#8211; viss melns) ir da\u017eas kolekcion\u0101ru piepras\u012btas opcijas. Pirmais no tiem ir \u0101das s\u0113dek\u013ci ar elektropiedzi\u0146as opcij\u0101m. Otrk\u0101rt, \u0161is piem\u0113rs ir apr\u012bkots ar gaisa kondicionieri, kas ir apsveicams papildin\u0101jums, \u012bpa\u0161i karst\u0101s vasaras dien\u0101s. Tre\u0161k\u0101rt, \u0161ai 1985. gada Carrera ir ar\u012b jumta logs, elektriski darbin\u0101mi spogu\u013ci un lukturu mazg\u0101t\u0101ji, kas uzlabo brauk\u0161anas kvalit\u0101ti. Aizmugur\u0113jais stikls ir apsild\u0101ms, un ir uzst\u0101d\u012bta p\u0113cp\u0101rdo\u0161anas stereoiek\u0101rta, lai atska\u0146otu j\u016bsu m\u012b\u013c\u0101k\u0101s 80. gadu melodijas. Tom\u0113r p\u0101rsl\u0113g\u0161anas rokturis nav ori\u0123in\u0101lais elements.<\/p>\n<p><strong>\u0100rpuse un rite\u0146i<\/strong><\/p>\n<p>Visas \u0101r\u0113j\u0101s apdares deta\u013cas, l\u012bstes un plastmasas deta\u013cas izskat\u0101s perfekt\u0101 st\u0101vokl\u012b, un ap jumta loga atveri nav redzamas r\u016bsas, kas ir bie\u017ei sastopams sporta veids \u0161ajos automobi\u013cos. Tas noz\u012bm\u0113, ka transportl\u012bdzeklis ir labi kopts un tiek izmantots reti. Interesanti, ka \u012bpa\u0161nieks izv\u0113l\u0113j\u0101s uzlabot \u0161\u012b 1985. gada Porsche 911 Carrera rito\u0161o sast\u0101vu. \u0160im automobilim ir 16 collu Fuchs ori\u0123in\u0101lie rite\u0146u diski ar Pirelli P Zero riep\u0101m, kas nav r\u016bpn\u012bcas pras\u012bb\u0101m atbilsto\u0161ie 15 collu diski. Protams, aizmugur\u0113jie ir plat\u0101ki nek\u0101 priek\u0161\u0113jie. \u0160\u012b ir izplat\u012bta modifik\u0101cija, kas pal\u012bdz uzlabot gan izskatu, gan brauk\u0161anas dinamiku. Riepas tika uzst\u0101d\u012btas 2021. gada vid\u016b. Automa\u0161\u012bnai ir ori\u0123in\u0101ls instrumentu komplekts un rezerves ritenis, kas liecina par kolekcion\u0101riem labv\u0113l\u012bgu ori\u0123inalit\u0101tes l\u012bmeni.<\/p>\n<p><strong>Dokument\u0101cija<\/strong><\/p>\n<p>\u0160is ir priv\u0101t\u012bpa\u0161um\u0101 eso\u0161s transportl\u012bdzeklis ar atbilsto\u0161iem dokumentiem, kas atrodas \u017den\u0113v\u0101, \u0160veic\u0113. CarVertical zi\u0146ojums ir t\u012brs; nav pier\u0101d\u012bjumu par negad\u012bjumiem, negad\u012bjumu remontu vai \u012bpa\u0161umties\u012bb\u0101m, vai juridisk\u0101m probl\u0113m\u0101m. Par regul\u0101ru tehnisko apkopi ir ieraksti, kas dat\u0113jami ar 2015. gadu.<\/p>\n","protected":false},"excerpt":{"rendered":"<p>\u0160\u012b 1985. gada Carrera 3.2, kas ir pabeigta elegant\u0101 Porsche melnaj\u0101 ton\u012b ar atbilsto\u0161u salonu, ir ide\u0101ls piem\u0113rs autovad\u012bt\u0101ja cien\u012bgam klasiskajam 911, kas ir gatavs jaunajam \u012bpa\u0161niekam. \u0160\u012b Carrera ar nemar\u0137\u0113tu virsb\u016bvi, vair\u0101k\u0101m v\u0113lam\u0101m opcij\u0101m un labi apr\u012bkotu salonu ir labi kopts un uzticams klasisks automobilis ar lielu veiktsp\u0113ju, kas ir gatavs dro\u0161i doties vasaras ce\u013cojum\u0101 p\u0101ri Eiropai.<\/p>\n","protected":false},"featured_media":29668,"comment_status":"open","ping_status":"closed","template":"","meta":{"inline_featured_image":false},"product_cat":[751],"product_tag":[951,834,889,949,833],"acf":[],"yoast_head":"<!-- This site is optimized with the Yoast SEO plugin v22.5 - https:\/\/yoast.com\/wordpress\/plugins\/seo\/ -->\n<title>1985 Porsche 911 Carrera 3.2 p\u0101rdo\u0161anai izsol\u0113 - Piston Addict<\/title>\n<meta name=\"description\" content=\"Apl\u016bkojiet \u0161o kr\u0101\u0161\u0146o 1985. gada Porsche 911 Carrera 3.2 izsoles p\u0101rdo\u0161anu vietn\u0113 PistonAddict.com\" \/>\n<meta name=\"robots\" content=\"index, follow, max-snippet:-1, max-image-preview:large, max-video-preview:-1\" \/>\n<link rel=\"canonical\" href=\"https:\/\/pistonaddict.com\/lv\/product\/1985-porsche-911-carrera-3-2-for-sale\/\" \/>\n<meta property=\"og:locale\" content=\"lv_LV\" \/>\n<meta property=\"og:type\" content=\"article\" \/>\n<meta property=\"og:title\" content=\"1985 Porsche 911 Carrera 3.2 p\u0101rdo\u0161anai izsol\u0113 - Piston Addict\" \/>\n<meta property=\"og:description\" content=\"Apl\u016bkojiet \u0161o kr\u0101\u0161\u0146o 1985. gada Porsche 911 Carrera 3.2 izsoles p\u0101rdo\u0161anu vietn\u0113 PistonAddict.com\" \/>\n<meta property=\"og:url\" content=\"https:\/\/pistonaddict.com\/lv\/product\/1985-porsche-911-carrera-3-2-for-sale\/\" \/>\n<meta property=\"og:site_name\" content=\"Piston Addict\" \/>\n<meta property=\"article:modified_time\" content=\"2024-03-22T15:10:55+00:00\" \/>\n<meta property=\"og:image\" content=\"https:\/\/pistonaddict.com\/wp-content\/uploads\/2023\/03\/IMG_2519-scaled.jpeg\" \/>\n\t<meta property=\"og:image:width\" content=\"2560\" \/>\n\t<meta property=\"og:image:height\" content=\"1920\" \/>\n\t<meta property=\"og:image:type\" content=\"image\/jpeg\" \/>\n<meta name=\"twitter:card\" content=\"summary_large_image\" \/>\n<meta name=\"twitter:label1\" content=\"Est. reading time\" \/>\n\t<meta name=\"twitter:data1\" content=\"3 minutes\" \/>\n<script type=\"application\/ld+json\" class=\"yoast-schema-graph\">{\"@context\":\"https:\/\/schema.org\",\"@graph\":[{\"@type\":\"WebPage\",\"@id\":\"https:\/\/pistonaddict.com\/lv\/product\/1985-porsche-911-carrera-3-2-for-sale\/\",\"url\":\"https:\/\/pistonaddict.com\/lv\/product\/1985-porsche-911-carrera-3-2-for-sale\/\",\"name\":\"1985 Porsche 911 Carrera 3.2 p\u0101rdo\u0161anai izsol\u0113 - Piston Addict\",\"isPartOf\":{\"@id\":\"https:\/\/pistonaddict.com\/lv\/#website\"},\"primaryImageOfPage\":{\"@id\":\"https:\/\/pistonaddict.com\/lv\/product\/1985-porsche-911-carrera-3-2-for-sale\/#primaryimage\"},\"image\":{\"@id\":\"https:\/\/pistonaddict.com\/lv\/product\/1985-porsche-911-carrera-3-2-for-sale\/#primaryimage\"},\"thumbnailUrl\":\"https:\/\/pistonaddict.com\/wp-content\/uploads\/2023\/03\/IMG_2519-scaled.jpeg\",\"datePublished\":\"2023-03-02T20:25:19+00:00\",\"dateModified\":\"2024-03-22T15:10:55+00:00\",\"description\":\"Apl\u016bkojiet \u0161o kr\u0101\u0161\u0146o 1985. gada Porsche 911 Carrera 3.2 izsoles p\u0101rdo\u0161anu vietn\u0113 PistonAddict.com\",\"breadcrumb\":{\"@id\":\"https:\/\/pistonaddict.com\/lv\/product\/1985-porsche-911-carrera-3-2-for-sale\/#breadcrumb\"},\"inLanguage\":\"lv-LV\",\"potentialAction\":[{\"@type\":\"ReadAction\",\"target\":[\"https:\/\/pistonaddict.com\/lv\/product\/1985-porsche-911-carrera-3-2-for-sale\/\"]}]},{\"@type\":\"ImageObject\",\"inLanguage\":\"lv-LV\",\"@id\":\"https:\/\/pistonaddict.com\/lv\/product\/1985-porsche-911-carrera-3-2-for-sale\/#primaryimage\",\"url\":\"https:\/\/pistonaddict.com\/wp-content\/uploads\/2023\/03\/IMG_2519-scaled.jpeg\",\"contentUrl\":\"https:\/\/pistonaddict.com\/wp-content\/uploads\/2023\/03\/IMG_2519-scaled.jpeg\",\"width\":2560,\"height\":1920},{\"@type\":\"BreadcrumbList\",\"@id\":\"https:\/\/pistonaddict.com\/lv\/product\/1985-porsche-911-carrera-3-2-for-sale\/#breadcrumb\",\"itemListElement\":[{\"@type\":\"ListItem\",\"position\":1,\"name\":\"M\u0101jas lapa\",\"item\":\"https:\/\/pistonaddict.com\/lv\/majas-lapa-2\/\"},{\"@type\":\"ListItem\",\"position\":2,\"name\":\"Auctions\",\"item\":\"https:\/\/pistonaddict.com\/auctions-listing\/\"},{\"@type\":\"ListItem\",\"position\":3,\"name\":\"1985 Porsche 911 Carrera 3.2 p\u0101rdo\u0161anai izsol\u0113\"}]},{\"@type\":\"WebSite\",\"@id\":\"https:\/\/pistonaddict.com\/lv\/#website\",\"url\":\"https:\/\/pistonaddict.com\/lv\/\",\"name\":\"Piston Addict\",\"description\":\"Only interesting vehicles\",\"publisher\":{\"@id\":\"https:\/\/pistonaddict.com\/lv\/#organization\"},\"potentialAction\":[{\"@type\":\"SearchAction\",\"target\":{\"@type\":\"EntryPoint\",\"urlTemplate\":\"https:\/\/pistonaddict.com\/lv\/?s={search_term_string}\"},\"query-input\":\"required name=search_term_string\"}],\"inLanguage\":\"lv-LV\"},{\"@type\":\"Organization\",\"@id\":\"https:\/\/pistonaddict.com\/lv\/#organization\",\"name\":\"Piston Addict\",\"url\":\"https:\/\/pistonaddict.com\/lv\/\",\"logo\":{\"@type\":\"ImageObject\",\"inLanguage\":\"lv-LV\",\"@id\":\"https:\/\/pistonaddict.com\/lv\/#\/schema\/logo\/image\/\",\"url\":\"https:\/\/pistonaddict.com\/wp-content\/uploads\/2022\/07\/logo-6.png\",\"contentUrl\":\"https:\/\/pistonaddict.com\/wp-content\/uploads\/2022\/07\/logo-6.png\",\"width\":970,\"height\":200,\"caption\":\"Piston Addict\"},\"image\":{\"@id\":\"https:\/\/pistonaddict.com\/lv\/#\/schema\/logo\/image\/\"}}]}<\/script>\n<!-- \/ Yoast SEO plugin. -->","yoast_head_json":{"title":"1985 Porsche 911 Carrera 3.2 p\u0101rdo\u0161anai izsol\u0113 - Piston Addict","description":"Apl\u016bkojiet \u0161o kr\u0101\u0161\u0146o 1985. gada Porsche 911 Carrera 3.2 izsoles p\u0101rdo\u0161anu vietn\u0113 PistonAddict.com","robots":{"index":"index","follow":"follow","max-snippet":"max-snippet:-1","max-image-preview":"max-image-preview:large","max-video-preview":"max-video-preview:-1"},"canonical":"https:\/\/pistonaddict.com\/lv\/product\/1985-porsche-911-carrera-3-2-for-sale\/","og_locale":"lv_LV","og_type":"article","og_title":"1985 Porsche 911 Carrera 3.2 p\u0101rdo\u0161anai izsol\u0113 - Piston Addict","og_description":"Apl\u016bkojiet \u0161o kr\u0101\u0161\u0146o 1985. gada Porsche 911 Carrera 3.2 izsoles p\u0101rdo\u0161anu vietn\u0113 PistonAddict.com","og_url":"https:\/\/pistonaddict.com\/lv\/product\/1985-porsche-911-carrera-3-2-for-sale\/","og_site_name":"Piston Addict","article_modified_time":"2024-03-22T15:10:55+00:00","og_image":[{"width":2560,"height":1920,"url":"https:\/\/pistonaddict.com\/wp-content\/uploads\/2023\/03\/IMG_2519-scaled.jpeg","type":"image\/jpeg"}],"twitter_card":"summary_large_image","twitter_misc":{"Est. reading time":"3 minutes"},"schema":{"@context":"https:\/\/schema.org","@graph":[{"@type":"WebPage","@id":"https:\/\/pistonaddict.com\/lv\/product\/1985-porsche-911-carrera-3-2-for-sale\/","url":"https:\/\/pistonaddict.com\/lv\/product\/1985-porsche-911-carrera-3-2-for-sale\/","name":"1985 Porsche 911 Carrera 3.2 p\u0101rdo\u0161anai izsol\u0113 - Piston Addict","isPartOf":{"@id":"https:\/\/pistonaddict.com\/lv\/#website"},"primaryImageOfPage":{"@id":"https:\/\/pistonaddict.com\/lv\/product\/1985-porsche-911-carrera-3-2-for-sale\/#primaryimage"},"image":{"@id":"https:\/\/pistonaddict.com\/lv\/product\/1985-porsche-911-carrera-3-2-for-sale\/#primaryimage"},"thumbnailUrl":"https:\/\/pistonaddict.com\/wp-content\/uploads\/2023\/03\/IMG_2519-scaled.jpeg","datePublished":"2023-03-02T20:25:19+00:00","dateModified":"2024-03-22T15:10:55+00:00","description":"Apl\u016bkojiet \u0161o kr\u0101\u0161\u0146o 1985. gada Porsche 911 Carrera 3.2 izsoles p\u0101rdo\u0161anu vietn\u0113 PistonAddict.com","breadcrumb":{"@id":"https:\/\/pistonaddict.com\/lv\/product\/1985-porsche-911-carrera-3-2-for-sale\/#breadcrumb"},"inLanguage":"lv-LV","potentialAction":[{"@type":"ReadAction","target":["https:\/\/pistonaddict.com\/lv\/product\/1985-porsche-911-carrera-3-2-for-sale\/"]}]},{"@type":"ImageObject","inLanguage":"lv-LV","@id":"https:\/\/pistonaddict.com\/lv\/product\/1985-porsche-911-carrera-3-2-for-sale\/#primaryimage","url":"https:\/\/pistonaddict.com\/wp-content\/uploads\/2023\/03\/IMG_2519-scaled.jpeg","contentUrl":"https:\/\/pistonaddict.com\/wp-content\/uploads\/2023\/03\/IMG_2519-scaled.jpeg","width":2560,"height":1920},{"@type":"BreadcrumbList","@id":"https:\/\/pistonaddict.com\/lv\/product\/1985-porsche-911-carrera-3-2-for-sale\/#breadcrumb","itemListElement":[{"@type":"ListItem","position":1,"name":"M\u0101jas lapa","item":"https:\/\/pistonaddict.com\/lv\/majas-lapa-2\/"},{"@type":"ListItem","position":2,"name":"Auctions","item":"https:\/\/pistonaddict.com\/auctions-listing\/"},{"@type":"ListItem","position":3,"name":"1985 Porsche 911 Carrera 3.2 p\u0101rdo\u0161anai izsol\u0113"}]},{"@type":"WebSite","@id":"https:\/\/pistonaddict.com\/lv\/#website","url":"https:\/\/pistonaddict.com\/lv\/","name":"Piston Addict","description":"Only interesting vehicles","publisher":{"@id":"https:\/\/pistonaddict.com\/lv\/#organization"},"potentialAction":[{"@type":"SearchAction","target":{"@type":"EntryPoint","urlTemplate":"https:\/\/pistonaddict.com\/lv\/?s={search_term_string}"},"query-input":"required name=search_term_string"}],"inLanguage":"lv-LV"},{"@type":"Organization","@id":"https:\/\/pistonaddict.com\/lv\/#organization","name":"Piston Addict","url":"https:\/\/pistonaddict.com\/lv\/","logo":{"@type":"ImageObject","inLanguage":"lv-LV","@id":"https:\/\/pistonaddict.com\/lv\/#\/schema\/logo\/image\/","url":"https:\/\/pistonaddict.com\/wp-content\/uploads\/2022\/07\/logo-6.png","contentUrl":"https:\/\/pistonaddict.com\/wp-content\/uploads\/2022\/07\/logo-6.png","width":970,"height":200,"caption":"Piston Addict"},"image":{"@id":"https:\/\/pistonaddict.com\/lv\/#\/schema\/logo\/image\/"}}]}},"_links":{"self":[{"href":"https:\/\/pistonaddict.com\/lv\/wp-json\/wp\/v2\/product\/32589"}],"collection":[{"href":"https:\/\/pistonaddict.com\/lv\/wp-json\/wp\/v2\/product"}],"about":[{"href":"https:\/\/pistonaddict.com\/lv\/wp-json\/wp\/v2\/types\/product"}],"replies":[{"embeddable":true,"href":"https:\/\/pistonaddict.com\/lv\/wp-json\/wp\/v2\/comments?post=32589"}],"wp:featuredmedia":[{"embeddable":true,"href":"https:\/\/pistonaddict.com\/lv\/wp-json\/wp\/v2\/media\/29668"}],"wp:attachment":[{"href":"https:\/\/pistonaddict.com\/lv\/wp-json\/wp\/v2\/media?parent=32589"}],"wp:term":[{"taxonomy":"product_cat","embeddable":true,"href":"https:\/\/pistonaddict.com\/lv\/wp-json\/wp\/v2\/product_cat?post=32589"},{"taxonomy":"product_tag","embeddable":true,"href":"https:\/\/pistonaddict.com\/lv\/wp-json\/wp\/v2\/product_tag?post=32589"}],"curies":[{"name":"wp","href":"https:\/\/api.w.org\/{rel}","templated":true}]}}