{"id":28012,"date":"2023-03-02T16:24:00","date_gmt":"2023-03-02T15:24:00","guid":{"rendered":"https:\/\/pistonaddict.com\/product\/2008-porsche-911-gt2\/"},"modified":"2024-03-22T16:09:14","modified_gmt":"2024-03-22T15:09:14","slug":"2008-porsche-911-gt2","status":"publish","type":"product","link":"https:\/\/pistonaddict.com\/lv\/product\/2008-porsche-911-gt2\/","title":{"rendered":"2008 Porsche 911 GT2 p\u0101rdo\u0161anai izsol\u0113"},"content":{"rendered":"<h2>\u0100rpuse<\/h2>\n<p>Attiec\u012bgais automobilis ir kr\u0101sots meln\u0101 kr\u0101s\u0101, un tam ir Bi-Xenon lukturi. Ta\u010du visspilgt\u0101k \u0161is Porsche p\u0101rsteidz ar savu agres\u012bvo izskatu. Sal\u012bdzinot ar standarta 911, \u0161im GT2 ir papla\u0161in\u0101ti virsb\u016bves pane\u013ci un bamperi, k\u0101 ar\u012b papildu ventil\u0101cijas atveres uzlabotai dzes\u0113\u0161anai. Sp\u012bd\u012bgi tit\u0101na izpl\u016bdes caurules uzga\u013ci ir v\u0113l viena iev\u0113rojama deta\u013ca, kas to at\u0161\u0137ir no citiem mode\u013ciem. Visbeidzot, liels melns spoileris aizmugur\u0113 pie\u0161\u0137ir agres\u012bv\u0101ku izskatu un uzlabo aerodinamiku. Automobilis s\u0113\u017e uz r\u016bpn\u012bcas 19 collu diskiem, kas apr\u012bkoti ar Michelin Pilot Sport Cup2 riep\u0101m. \u0160\u012bs riepas transportl\u012bdzeklim tika uzst\u0101d\u012btas 2022. gada j\u016blij\u0101, un t\u0101s ir ide\u0101li piem\u0113rotas \u0161im lietojumam.<\/p>\n<h2>Interjers<\/h2>\n<p>Iek\u0161pus\u0113 ir divi manu\u0101li regul\u0113jami, viegli \u0137ebl\u012b\u0161i s\u0113dek\u013ci, kas polster\u0113ti ar liesmu sl\u0101p\u0113jo\u0161u audumu un apr\u012bkoti ar sarkan\u0101m sac\u012bk\u0161u dro\u0161\u012bbas jost\u0101m. \u012apa\u0161nieks tos apraksta <em>k\u0101 jaunus<\/em>, un par to liecina ar\u012b fotogr\u0101fijas. Aizmugur\u0113 ir r\u016bpn\u012bc\u0101 uzst\u0101d\u012bta apg\u0101\u0161an\u0101s barjera, kas padara \u0161asiju stingr\u0101ku un uzlabo dro\u0161\u012bbu. P\u0101r\u0113jais automobi\u013ca salons ir apdarin\u0101ts ar melnu audumu. Kad autovad\u012bt\u0101js b\u016bs s\u0113dies, vi\u0146\u0161 atrad\u012bsies aiz \u010detru spie\u0137u st\u016bres rata, kas apvilkts ar Alcantara \u0101du. T\u0101pat k\u0101 liel\u0101kaj\u0101 da\u013c\u0101 Porsche automobi\u013cu, instrumentu panel\u012b domin\u0113 apgriezienu skait\u012bt\u0101js, kura sarkan\u0101 l\u012bnija ir 7000 apgr.\/min. Papildus tam tam tam ir spidometrs, kas sasniedz 350 KPM, un vair\u0101ki m\u0113rinstrumenti, kas r\u0101da svar\u012bgus darb\u012bbas parametrus. Tas cita starp\u0101 ietver motora temperat\u016bru, e\u013c\u013cas spiedienu un degvielas l\u012bmeni. Pa\u0161reiz\u0113jais nobraukuma skait\u012bt\u0101ja r\u0101d\u012bjums ir aptuveni 12 000 kilometru. Visbeidzot, instrumentu pane\u013ca centr\u0101 ir uzst\u0101d\u012bts hronometrs, kas ir noder\u012bgs, veicot ap\u013cus ar noteiktu laiku.<\/p>\n<h2>Meh\u0101nika<\/h2>\n<p>Meh\u0101nika zem \u0101das ir t\u0101, kas piln\u012bb\u0101 atkl\u0101j GT2 raksturu. Pirmk\u0101rt, tam ir 3,6 litru plakans se\u0161cilindru dzin\u0113js, kas izmantots liel\u0101kaj\u0101 da\u013c\u0101 997 mode\u013cu kl\u0101sta. Ta\u010du, lai to var\u0113tu izmantot GT2, \u0161is motors ir apr\u012bkots ar p\u0101ris main\u012bgas \u0123eometrijas turbokompresoriem un tie\u0161o degvielas iesmidzin\u0101\u0161anu. \u0160ie uzlabojumi pal\u012bdz\u0113ja palielin\u0101t t\u0101 jaudu l\u012bdz 530 zirgsp\u0113kiem. Tas tiek p\u0101rraid\u012bts uz aizmugur\u0113jiem rite\u0146iem, izmantojot tradicion\u0101lo 6 pak\u0101pju transmisiju. Porsche nol\u0113ma ietaup\u012bt svaru, neievietojot pilnpiedzi\u0146as sist\u0113mu vai sare\u017e\u0123\u012btu PDK divsaj\u016bgu p\u0101rnesumk\u0101rbu. Visbeidzot, r\u016bpn\u012bcas keramikas brem\u017eu komplekts nodro\u0161ina, ka GT2 apst\u0101jas tikpat iespaid\u012bgi, cik brauc.<\/p>\n<h2>Pakalpojumu v\u0113sture<\/h2>\n<p>\u012apa\u0161nieks apgalvo, ka automa\u0161\u012bnai regul\u0101ri veikta apkope saska\u0146\u0101 ar ra\u017eot\u0101ja grafiku, un p\u0113d\u0113jais apkope veikta 2022. gada j\u016blij\u0101. Pa\u0161laik nav zin\u0101mi nek\u0101di boj\u0101jumi vai br\u012bdin\u0101juma indikatori uz instrumentu pane\u013ca. Turkl\u0101t nav paman\u0101mu skr\u0101p\u0113jumu, iespiedumu vai citu virsb\u016bves defektu. Visbeidzot, \u0161is transportl\u012bdzeklis ir piln\u012bb\u0101 komplekt\u0113ts, tam nav veiktas nek\u0101das p\u0113cp\u0101rdo\u0161anas modifik\u0101cijas. \u0145emot to visu v\u0113r\u0101, var teikt, ka \u0161is 911 GT2 ir <em>perfekt\u0101 st\u0101vokl\u012b<\/em>, k\u0101 to aprakst\u012bja \u012bpa\u0161nieks.<\/p>\n","protected":false},"excerpt":{"rendered":"<p>\u0160o 2008. gada Porsche 911 GT2, kas nobraucis nepilnus 12 000 kilometru, priv\u0101ti p\u0101rdod \u012bpa\u0161nieks, kur\u0161 to ieg\u0101d\u0101j\u0101s piln\u012bgi jaunu. To darbina 530 ZS turbop\u016btes plakans se\u0161dzin\u0113js, kas savienots ar se\u0161pak\u0101pju autom\u0101tisko p\u0101rnesumk\u0101rbu. Apr\u012bkojum\u0101 ietilpst 19 collu Porsche rite\u0146u diski, Bi-Xenon lukturi, keramisk\u0101s bremzes, vieglie \u0137eburu s\u0113dek\u013ci ar sac\u012bk\u0161u dro\u0161\u012bbas jost\u0101m un r\u016bpn\u012bc\u0101 uzst\u0101d\u012bta apg\u0101\u0161an\u0101s barjera. Pa\u0161laik automa\u0161\u012bna atrodas \u0160veic\u0113, kur t\u0101 ir re\u0123istr\u0113ta kop\u0161 pirm\u0101s dienas. Nesen tam tika veikta pilna apkope, un tagad tam ir gandr\u012bz jaunu riepu komplekts. Iz\u0146emot nelielu bampera skr\u0101p\u0113jumu 2013. gad\u0101, kas tika piln\u012bb\u0101 salabots, \u0161is GT2 ir bez boj\u0101jumiem, un to apliecina atbilsto\u0161s carVertical zi\u0146ojums.<\/p>\n","protected":false},"featured_media":27899,"comment_status":"open","ping_status":"closed","template":"","meta":{"inline_featured_image":false},"product_cat":[751],"product_tag":[998,834,943,835,833],"acf":[],"yoast_head":"<!-- This site is optimized with the Yoast SEO plugin v22.5 - https:\/\/yoast.com\/wordpress\/plugins\/seo\/ -->\n<title>2008 Porsche 911 GT2 p\u0101rdo\u0161anai izsol\u0113 - Piston Addict<\/title>\n<meta name=\"description\" content=\"P\u0101rbaudiet \u0161o 2008. gada Porsche 911 GT2 p\u0101rdo\u0161anai izsol\u0113 vietn\u0113 PistonAddict.com\" \/>\n<meta name=\"robots\" content=\"index, follow, max-snippet:-1, max-image-preview:large, max-video-preview:-1\" \/>\n<link rel=\"canonical\" href=\"https:\/\/pistonaddict.com\/lv\/product\/2008-porsche-911-gt2\/\" \/>\n<meta property=\"og:locale\" content=\"lv_LV\" \/>\n<meta property=\"og:type\" content=\"article\" \/>\n<meta property=\"og:title\" content=\"2008 Porsche 911 GT2 p\u0101rdo\u0161anai izsol\u0113 - Piston Addict\" \/>\n<meta property=\"og:description\" content=\"P\u0101rbaudiet \u0161o 2008. gada Porsche 911 GT2 p\u0101rdo\u0161anai izsol\u0113 vietn\u0113 PistonAddict.com\" \/>\n<meta property=\"og:url\" content=\"https:\/\/pistonaddict.com\/lv\/product\/2008-porsche-911-gt2\/\" \/>\n<meta property=\"og:site_name\" content=\"Piston Addict\" \/>\n<meta property=\"article:modified_time\" content=\"2024-03-22T15:09:14+00:00\" \/>\n<meta property=\"og:image\" content=\"https:\/\/pistonaddict.com\/wp-content\/uploads\/2023\/03\/MainGT22008.jpg\" \/>\n\t<meta property=\"og:image:width\" content=\"1200\" \/>\n\t<meta property=\"og:image:height\" content=\"798\" \/>\n\t<meta property=\"og:image:type\" content=\"image\/jpeg\" \/>\n<meta name=\"twitter:card\" content=\"summary_large_image\" \/>\n<meta name=\"twitter:label1\" content=\"Est. reading time\" \/>\n\t<meta name=\"twitter:data1\" content=\"3 minutes\" \/>\n<script type=\"application\/ld+json\" class=\"yoast-schema-graph\">{\"@context\":\"https:\/\/schema.org\",\"@graph\":[{\"@type\":\"WebPage\",\"@id\":\"https:\/\/pistonaddict.com\/lv\/product\/2008-porsche-911-gt2\/\",\"url\":\"https:\/\/pistonaddict.com\/lv\/product\/2008-porsche-911-gt2\/\",\"name\":\"2008 Porsche 911 GT2 p\u0101rdo\u0161anai izsol\u0113 - Piston Addict\",\"isPartOf\":{\"@id\":\"https:\/\/pistonaddict.com\/lv\/#website\"},\"primaryImageOfPage\":{\"@id\":\"https:\/\/pistonaddict.com\/lv\/product\/2008-porsche-911-gt2\/#primaryimage\"},\"image\":{\"@id\":\"https:\/\/pistonaddict.com\/lv\/product\/2008-porsche-911-gt2\/#primaryimage\"},\"thumbnailUrl\":\"https:\/\/pistonaddict.com\/wp-content\/uploads\/2023\/03\/MainGT22008.jpg\",\"datePublished\":\"2023-03-02T15:24:00+00:00\",\"dateModified\":\"2024-03-22T15:09:14+00:00\",\"description\":\"P\u0101rbaudiet \u0161o 2008. gada Porsche 911 GT2 p\u0101rdo\u0161anai izsol\u0113 vietn\u0113 PistonAddict.com\",\"breadcrumb\":{\"@id\":\"https:\/\/pistonaddict.com\/lv\/product\/2008-porsche-911-gt2\/#breadcrumb\"},\"inLanguage\":\"lv-LV\",\"potentialAction\":[{\"@type\":\"ReadAction\",\"target\":[\"https:\/\/pistonaddict.com\/lv\/product\/2008-porsche-911-gt2\/\"]}]},{\"@type\":\"ImageObject\",\"inLanguage\":\"lv-LV\",\"@id\":\"https:\/\/pistonaddict.com\/lv\/product\/2008-porsche-911-gt2\/#primaryimage\",\"url\":\"https:\/\/pistonaddict.com\/wp-content\/uploads\/2023\/03\/MainGT22008.jpg\",\"contentUrl\":\"https:\/\/pistonaddict.com\/wp-content\/uploads\/2023\/03\/MainGT22008.jpg\",\"width\":1200,\"height\":798},{\"@type\":\"BreadcrumbList\",\"@id\":\"https:\/\/pistonaddict.com\/lv\/product\/2008-porsche-911-gt2\/#breadcrumb\",\"itemListElement\":[{\"@type\":\"ListItem\",\"position\":1,\"name\":\"M\u0101jas lapa\",\"item\":\"https:\/\/pistonaddict.com\/lv\/majas-lapa-2\/\"},{\"@type\":\"ListItem\",\"position\":2,\"name\":\"Auctions\",\"item\":\"https:\/\/pistonaddict.com\/auctions-listing\/\"},{\"@type\":\"ListItem\",\"position\":3,\"name\":\"2008 Porsche 911 GT2 p\u0101rdo\u0161anai izsol\u0113\"}]},{\"@type\":\"WebSite\",\"@id\":\"https:\/\/pistonaddict.com\/lv\/#website\",\"url\":\"https:\/\/pistonaddict.com\/lv\/\",\"name\":\"Piston Addict\",\"description\":\"Only interesting vehicles\",\"publisher\":{\"@id\":\"https:\/\/pistonaddict.com\/lv\/#organization\"},\"potentialAction\":[{\"@type\":\"SearchAction\",\"target\":{\"@type\":\"EntryPoint\",\"urlTemplate\":\"https:\/\/pistonaddict.com\/lv\/?s={search_term_string}\"},\"query-input\":\"required name=search_term_string\"}],\"inLanguage\":\"lv-LV\"},{\"@type\":\"Organization\",\"@id\":\"https:\/\/pistonaddict.com\/lv\/#organization\",\"name\":\"Piston Addict\",\"url\":\"https:\/\/pistonaddict.com\/lv\/\",\"logo\":{\"@type\":\"ImageObject\",\"inLanguage\":\"lv-LV\",\"@id\":\"https:\/\/pistonaddict.com\/lv\/#\/schema\/logo\/image\/\",\"url\":\"https:\/\/pistonaddict.com\/wp-content\/uploads\/2022\/07\/logo-6.png\",\"contentUrl\":\"https:\/\/pistonaddict.com\/wp-content\/uploads\/2022\/07\/logo-6.png\",\"width\":970,\"height\":200,\"caption\":\"Piston Addict\"},\"image\":{\"@id\":\"https:\/\/pistonaddict.com\/lv\/#\/schema\/logo\/image\/\"}}]}<\/script>\n<!-- \/ Yoast SEO plugin. -->","yoast_head_json":{"title":"2008 Porsche 911 GT2 p\u0101rdo\u0161anai izsol\u0113 - Piston Addict","description":"P\u0101rbaudiet \u0161o 2008. gada Porsche 911 GT2 p\u0101rdo\u0161anai izsol\u0113 vietn\u0113 PistonAddict.com","robots":{"index":"index","follow":"follow","max-snippet":"max-snippet:-1","max-image-preview":"max-image-preview:large","max-video-preview":"max-video-preview:-1"},"canonical":"https:\/\/pistonaddict.com\/lv\/product\/2008-porsche-911-gt2\/","og_locale":"lv_LV","og_type":"article","og_title":"2008 Porsche 911 GT2 p\u0101rdo\u0161anai izsol\u0113 - Piston Addict","og_description":"P\u0101rbaudiet \u0161o 2008. gada Porsche 911 GT2 p\u0101rdo\u0161anai izsol\u0113 vietn\u0113 PistonAddict.com","og_url":"https:\/\/pistonaddict.com\/lv\/product\/2008-porsche-911-gt2\/","og_site_name":"Piston Addict","article_modified_time":"2024-03-22T15:09:14+00:00","og_image":[{"width":1200,"height":798,"url":"https:\/\/pistonaddict.com\/wp-content\/uploads\/2023\/03\/MainGT22008.jpg","type":"image\/jpeg"}],"twitter_card":"summary_large_image","twitter_misc":{"Est. reading time":"3 minutes"},"schema":{"@context":"https:\/\/schema.org","@graph":[{"@type":"WebPage","@id":"https:\/\/pistonaddict.com\/lv\/product\/2008-porsche-911-gt2\/","url":"https:\/\/pistonaddict.com\/lv\/product\/2008-porsche-911-gt2\/","name":"2008 Porsche 911 GT2 p\u0101rdo\u0161anai izsol\u0113 - Piston Addict","isPartOf":{"@id":"https:\/\/pistonaddict.com\/lv\/#website"},"primaryImageOfPage":{"@id":"https:\/\/pistonaddict.com\/lv\/product\/2008-porsche-911-gt2\/#primaryimage"},"image":{"@id":"https:\/\/pistonaddict.com\/lv\/product\/2008-porsche-911-gt2\/#primaryimage"},"thumbnailUrl":"https:\/\/pistonaddict.com\/wp-content\/uploads\/2023\/03\/MainGT22008.jpg","datePublished":"2023-03-02T15:24:00+00:00","dateModified":"2024-03-22T15:09:14+00:00","description":"P\u0101rbaudiet \u0161o 2008. gada Porsche 911 GT2 p\u0101rdo\u0161anai izsol\u0113 vietn\u0113 PistonAddict.com","breadcrumb":{"@id":"https:\/\/pistonaddict.com\/lv\/product\/2008-porsche-911-gt2\/#breadcrumb"},"inLanguage":"lv-LV","potentialAction":[{"@type":"ReadAction","target":["https:\/\/pistonaddict.com\/lv\/product\/2008-porsche-911-gt2\/"]}]},{"@type":"ImageObject","inLanguage":"lv-LV","@id":"https:\/\/pistonaddict.com\/lv\/product\/2008-porsche-911-gt2\/#primaryimage","url":"https:\/\/pistonaddict.com\/wp-content\/uploads\/2023\/03\/MainGT22008.jpg","contentUrl":"https:\/\/pistonaddict.com\/wp-content\/uploads\/2023\/03\/MainGT22008.jpg","width":1200,"height":798},{"@type":"BreadcrumbList","@id":"https:\/\/pistonaddict.com\/lv\/product\/2008-porsche-911-gt2\/#breadcrumb","itemListElement":[{"@type":"ListItem","position":1,"name":"M\u0101jas lapa","item":"https:\/\/pistonaddict.com\/lv\/majas-lapa-2\/"},{"@type":"ListItem","position":2,"name":"Auctions","item":"https:\/\/pistonaddict.com\/auctions-listing\/"},{"@type":"ListItem","position":3,"name":"2008 Porsche 911 GT2 p\u0101rdo\u0161anai izsol\u0113"}]},{"@type":"WebSite","@id":"https:\/\/pistonaddict.com\/lv\/#website","url":"https:\/\/pistonaddict.com\/lv\/","name":"Piston Addict","description":"Only interesting vehicles","publisher":{"@id":"https:\/\/pistonaddict.com\/lv\/#organization"},"potentialAction":[{"@type":"SearchAction","target":{"@type":"EntryPoint","urlTemplate":"https:\/\/pistonaddict.com\/lv\/?s={search_term_string}"},"query-input":"required name=search_term_string"}],"inLanguage":"lv-LV"},{"@type":"Organization","@id":"https:\/\/pistonaddict.com\/lv\/#organization","name":"Piston Addict","url":"https:\/\/pistonaddict.com\/lv\/","logo":{"@type":"ImageObject","inLanguage":"lv-LV","@id":"https:\/\/pistonaddict.com\/lv\/#\/schema\/logo\/image\/","url":"https:\/\/pistonaddict.com\/wp-content\/uploads\/2022\/07\/logo-6.png","contentUrl":"https:\/\/pistonaddict.com\/wp-content\/uploads\/2022\/07\/logo-6.png","width":970,"height":200,"caption":"Piston Addict"},"image":{"@id":"https:\/\/pistonaddict.com\/lv\/#\/schema\/logo\/image\/"}}]}},"_links":{"self":[{"href":"https:\/\/pistonaddict.com\/lv\/wp-json\/wp\/v2\/product\/28012"}],"collection":[{"href":"https:\/\/pistonaddict.com\/lv\/wp-json\/wp\/v2\/product"}],"about":[{"href":"https:\/\/pistonaddict.com\/lv\/wp-json\/wp\/v2\/types\/product"}],"replies":[{"embeddable":true,"href":"https:\/\/pistonaddict.com\/lv\/wp-json\/wp\/v2\/comments?post=28012"}],"wp:featuredmedia":[{"embeddable":true,"href":"https:\/\/pistonaddict.com\/lv\/wp-json\/wp\/v2\/media\/27899"}],"wp:attachment":[{"href":"https:\/\/pistonaddict.com\/lv\/wp-json\/wp\/v2\/media?parent=28012"}],"wp:term":[{"taxonomy":"product_cat","embeddable":true,"href":"https:\/\/pistonaddict.com\/lv\/wp-json\/wp\/v2\/product_cat?post=28012"},{"taxonomy":"product_tag","embeddable":true,"href":"https:\/\/pistonaddict.com\/lv\/wp-json\/wp\/v2\/product_tag?post=28012"}],"curies":[{"name":"wp","href":"https:\/\/api.w.org\/{rel}","templated":true}]}}