{"id":108786,"date":"2024-06-11T17:05:07","date_gmt":"2024-06-11T15:05:07","guid":{"rendered":"https:\/\/pistonaddict.com\/product\/lamborghini-urraco-p250\/"},"modified":"2024-06-12T09:54:26","modified_gmt":"2024-06-12T07:54:26","slug":"lamborghini-urraco-p250","status":"publish","type":"product","link":"https:\/\/pistonaddict.com\/lv\/product\/lamborghini-urraco-p250\/","title":{"rendered":"Lamborghini Urraco P250"},"content":{"rendered":"<h2>\u0100rpuse<\/h2>\n<p>No \u0101rpuses \u0161im it\u0101\u013cu \u010detrviet\u012bgajam automobilim ir \u0137\u012b\u013cveida siluets, kas rakstur\u012bgs liel\u0101kajai da\u013cai t\u0101 laika superauto. Priek\u0161pus\u0113 domin\u0113 ikoniskie uznirsto\u0161ie priek\u0161\u0113jie lukturi, kas ir absol\u016bta nepiecie\u0161am\u012bba, lai piel\u0101gotos plakanajai, zemu novietotajai motora maskai. T\u0101l\u0101k pa s\u0101niem, kur visvair\u0101k paman\u0101mas musku\u013cot\u0101s rite\u0146u arkas, kur\u0101s izvietoti ori\u0123in\u0101lie 14 collu vieglmet\u0101la diski, apr\u012bkoti ar laikmetam atbilsto\u0161\u0101m Michelin XWX riep\u0101m. Turkl\u0101t v\u0113r\u012bga acs aizmugur\u0113 paman\u012bs ner\u016bs\u0113jo\u0161\u0101 t\u0113rauda dubulto ANSA, ko izgatavojis slavenais ska\u0146ot\u0101js Abart. \u0160is konkr\u0113tais automobilis ir nokr\u0101sots elegant\u0101 sudraba kr\u0101s\u0101, pie\u0161\u0137irot t\u0101 agres\u012bvajai nost\u0101jai elegantu p\u0101rkl\u0101jumu.<\/p>\n<h2>Interjers<\/h2>\n<p>Atverot durvis, atkl\u0101jas Lambo izsmalcin\u0101tais Nero kr\u0101sas salons, no kuriem visiev\u0113rojam\u0101kie ir priek\u0161\u0113jie \u0137eblveida s\u0113dek\u013ci, kuru st\u0101vokli p\u0101rdev\u0113js raksturo k\u0101 &#8220;jaunu&#8221;. To pa\u0161u var attiecin\u0101t ar\u012b uz aizmugur\u0113jo soli\u0146u, kas ir pietiekami ietilp\u012bgs, lai uz t\u0101 var\u0113tu s\u0113d\u0113t divas personas. Kad autovad\u012bt\u0101js aps\u0113\u017eas, vi\u0146a priek\u0161\u0101 paveras \u010detru spie\u0137u \u0101das st\u016bres rats, aiz kura atrodas sare\u017e\u0123\u012bts instrumentu panelis. Papildus spidometram, kas m\u0113ra l\u012bdz 280 km\/h, un 9000 apgriezienu min\u016bt\u0113 skait\u012bt\u0101jam ir ar\u012b motora temperat\u016bras, e\u013c\u013cas spiediena un uzl\u0101des sprieguma m\u0113rinstrumenti. M\u0113rinstrumentu panelis ir p\u0101rkl\u0101ts ar tum\u0161i pel\u0113ku Alcantara \u0101du, kas pie\u0161\u0137ir tam maigu saj\u016btu un plakanu izskatu, kas neatspogu\u013co saules starus.<\/p>\n<h2>Meh\u0101nika<\/h2>\n<p>\u0160aj\u0101 Urraco P250 model\u012b ir 2,5 litru V8 motors, kas nodro\u0161ina 250 zirgsp\u0113ku jaudu un tikpat iespaid\u012bgu 220 Nm griezes momentu. \u0160\u012b jauda tiek p\u0101rnesta, izmantojot 5 pak\u0101pju manu\u0101lo p\u0101rnesumk\u0101rbu, kas nodro\u0161ina 0-100 laiku nepiln\u0101s 7 sekund\u0113s un maksim\u0101lo \u0101trumu 240 kilometri stund\u0101. \u0160ie veiktsp\u0113jas r\u0101d\u012bt\u0101ji, kas ir iespaid\u012bgi pat p\u0113c m\u016bsdienu standartiem, padar\u012bja Uracco par vienu no \u0101tr\u0101kajiem \u010detrviet\u012bgajiem automobi\u013ciem taj\u0101 laik\u0101. Vad\u0101m\u012bba ir prec\u012bza, pateicoties neatkar\u012bgajai balstiek\u0101rtai, savuk\u0101rt jaud\u012bg\u0101s un iztur\u012bg\u0101s disku bremzes uz visiem \u010detriem rite\u0146iem nodro\u0161ina dro\u0161u apst\u0101\u0161anos.<\/p>\n<h2>Transportl\u012bdzek\u013ca v\u0113sture<\/h2>\n<p>M\u016bsu pied\u0101v\u0101tais Lamborghini Urraco P250 ir izgatavots 1975. gad\u0101, un \u0161obr\u012bd t\u0101 pulkstenis ir 78 000 kilometru. Visu \u0161o gadu laik\u0101 automa\u0161\u012bna ne reizi netika izmantota tras\u0113, ne ar\u012b iesaist\u012bta negad\u012bjum\u0101. 2016. gad\u0101 tam tika veikts apjom\u012bgs kapit\u0101lais remonts, kura laik\u0101 tika piln\u012bb\u0101 p\u0101rb\u016bv\u0113ts dzin\u0113js un balstiek\u0101rta, bet virsb\u016bvei tika uzkl\u0101ts jauns pretkorozijas aizsargsl\u0101nis. Vienlaikus tika piln\u012bb\u0101 p\u0101rkr\u0101sots salons un p\u0101rkr\u0101sota automa\u0161\u012bna. Vizu\u0101l\u0101s nepiln\u012bbas ir tikai nelieli boj\u0101jumi uz vad\u012bt\u0101ja durv\u012bm, kas tiks nov\u0113rsti pirms nodo\u0161anas n\u0101kamajam \u012bpa\u0161niekam. Pa\u0161laik transportl\u012bdzeklis atrodas Sp\u0101nij\u0101, kur tas ir re\u0123istr\u0113ts kop\u0161 pirm\u0101s dienas.<\/p>\n<p><strong>P\u0101rbaudiet \u0161\u012b p\u0101rsteidzo\u0161\u0101<\/strong> <strong>Lamborghini Urraco P250<\/strong> <strong>aukst\u0101 starta video<\/strong>:<\/p>\n<p><iframe title=\"Cold Start Video of the amazing Lamborghini Urraco P250\" width=\"1200\" height=\"675\" src=\"https:\/\/www.youtube.com\/embed\/wt_LCr8LgcQ?feature=oembed\" frameborder=\"0\" allow=\"accelerometer; autoplay; clipboard-write; encrypted-media; gyroscope; picture-in-picture; web-share\" referrerpolicy=\"strict-origin-when-cross-origin\" allowfullscreen><\/iframe><\/p>\n<p><strong>Un video t\u016bre:<\/strong><\/p>\n<p><iframe title=\"Video Tour of the Lamborghini Urraco P250\" width=\"1200\" height=\"675\" src=\"https:\/\/www.youtube.com\/embed\/azU8K1XDHOA?feature=oembed\" frameborder=\"0\" allow=\"accelerometer; autoplay; clipboard-write; encrypted-media; gyroscope; picture-in-picture; web-share\" referrerpolicy=\"strict-origin-when-cross-origin\" allowfullscreen><\/iframe><\/p>\n","protected":false},"excerpt":{"rendered":"<p>Urraco, kas nosaukts Mjuras c\u012b\u0146as bu\u013c\u013cu \u0161\u0137irnes v\u0101rd\u0101, ir sporta automobilis, ko Lamborghini ra\u017eoja no 1972. l\u012bdz 1979. gadam. Bertone izstr\u0101d\u0101t\u0101 \u010detrviet\u012bg\u0101 automobi\u013ca m\u0113r\u0137is bija konkur\u0113t ar t\u0101diem konkurentiem k\u0101 Ferrari 308 GT4 un le\u0123end\u0101rais Porsche 911. Tom\u0113r, lai gan Urraco bija satrieco\u0161s un viegli vad\u0101ms, tas nebija liels p\u0101rdo\u0161anas hits &#8211; 7 gadu laik\u0101 tika izgatavots tikai 791 automobilis. Tom\u0113r tik ierobe\u017eots ra\u017eo\u0161anas apjoms nodro\u0161ina ekskluzivit\u0101ti, t\u0101p\u0113c tie, kas ieg\u0101d\u0101sies \u0161o sudraba Lambo, ieg\u016bs kaut ko t\u0101du, kas nav bie\u017ei redz\u0113ts.<\/p>\n","protected":false},"featured_media":108761,"comment_status":"open","ping_status":"closed","template":"","meta":{"inline_featured_image":false},"product_cat":[751],"product_tag":[4222,4224,4220,949],"acf":[],"yoast_head":"<!-- This site is optimized with the Yoast SEO plugin v22.5 - https:\/\/yoast.com\/wordpress\/plugins\/seo\/ -->\n<title>Lamborghini Urraco P250 - Piston Addict<\/title>\n<meta name=\"robots\" content=\"index, follow, max-snippet:-1, max-image-preview:large, max-video-preview:-1\" \/>\n<link rel=\"canonical\" href=\"https:\/\/pistonaddict.com\/lv\/product\/lamborghini-urraco-p250\/\" \/>\n<meta property=\"og:locale\" content=\"lv_LV\" \/>\n<meta property=\"og:type\" content=\"article\" \/>\n<meta property=\"og:title\" content=\"Lamborghini Urraco P250 - Piston Addict\" \/>\n<meta property=\"og:description\" content=\"Urraco, kas nosaukts Mjuras c\u012b\u0146as bu\u013c\u013cu \u0161\u0137irnes v\u0101rd\u0101, ir sporta automobilis, ko Lamborghini ra\u017eoja no 1972. l\u012bdz 1979. gadam. Bertone izstr\u0101d\u0101t\u0101 \u010detrviet\u012bg\u0101 automobi\u013ca m\u0113r\u0137is bija konkur\u0113t ar t\u0101diem konkurentiem k\u0101 Ferrari 308 GT4 un le\u0123end\u0101rais Porsche 911. Tom\u0113r, lai gan Urraco bija satrieco\u0161s un viegli vad\u0101ms, tas nebija liels p\u0101rdo\u0161anas hits - 7 gadu laik\u0101 tika izgatavots tikai 791 automobilis. Tom\u0113r tik ierobe\u017eots ra\u017eo\u0161anas apjoms nodro\u0161ina ekskluzivit\u0101ti, t\u0101p\u0113c tie, kas ieg\u0101d\u0101sies \u0161o sudraba Lambo, ieg\u016bs kaut ko t\u0101du, kas nav bie\u017ei redz\u0113ts.\" \/>\n<meta property=\"og:url\" content=\"https:\/\/pistonaddict.com\/lv\/product\/lamborghini-urraco-p250\/\" \/>\n<meta property=\"og:site_name\" content=\"Piston Addict\" \/>\n<meta property=\"article:modified_time\" content=\"2024-06-12T07:54:26+00:00\" \/>\n<meta property=\"og:image\" content=\"https:\/\/pistonaddict.com\/wp-content\/uploads\/2024\/06\/IMG-20231121-WA0182.jpg\" \/>\n\t<meta property=\"og:image:width\" content=\"2048\" \/>\n\t<meta property=\"og:image:height\" content=\"1536\" \/>\n\t<meta property=\"og:image:type\" content=\"image\/jpeg\" \/>\n<meta name=\"twitter:card\" content=\"summary_large_image\" \/>\n<meta name=\"twitter:label1\" content=\"Est. reading time\" \/>\n\t<meta name=\"twitter:data1\" content=\"3 minutes\" \/>\n<script type=\"application\/ld+json\" class=\"yoast-schema-graph\">{\"@context\":\"https:\/\/schema.org\",\"@graph\":[{\"@type\":\"WebPage\",\"@id\":\"https:\/\/pistonaddict.com\/lv\/product\/lamborghini-urraco-p250\/\",\"url\":\"https:\/\/pistonaddict.com\/lv\/product\/lamborghini-urraco-p250\/\",\"name\":\"Lamborghini Urraco P250 - Piston Addict\",\"isPartOf\":{\"@id\":\"https:\/\/pistonaddict.com\/lv\/#website\"},\"primaryImageOfPage\":{\"@id\":\"https:\/\/pistonaddict.com\/lv\/product\/lamborghini-urraco-p250\/#primaryimage\"},\"image\":{\"@id\":\"https:\/\/pistonaddict.com\/lv\/product\/lamborghini-urraco-p250\/#primaryimage\"},\"thumbnailUrl\":\"https:\/\/pistonaddict.com\/wp-content\/uploads\/2024\/06\/IMG-20231121-WA0182.jpg\",\"datePublished\":\"2024-06-11T15:05:07+00:00\",\"dateModified\":\"2024-06-12T07:54:26+00:00\",\"breadcrumb\":{\"@id\":\"https:\/\/pistonaddict.com\/lv\/product\/lamborghini-urraco-p250\/#breadcrumb\"},\"inLanguage\":\"lv-LV\",\"potentialAction\":[{\"@type\":\"ReadAction\",\"target\":[\"https:\/\/pistonaddict.com\/lv\/product\/lamborghini-urraco-p250\/\"]}]},{\"@type\":\"ImageObject\",\"inLanguage\":\"lv-LV\",\"@id\":\"https:\/\/pistonaddict.com\/lv\/product\/lamborghini-urraco-p250\/#primaryimage\",\"url\":\"https:\/\/pistonaddict.com\/wp-content\/uploads\/2024\/06\/IMG-20231121-WA0182.jpg\",\"contentUrl\":\"https:\/\/pistonaddict.com\/wp-content\/uploads\/2024\/06\/IMG-20231121-WA0182.jpg\",\"width\":2048,\"height\":1536},{\"@type\":\"BreadcrumbList\",\"@id\":\"https:\/\/pistonaddict.com\/lv\/product\/lamborghini-urraco-p250\/#breadcrumb\",\"itemListElement\":[{\"@type\":\"ListItem\",\"position\":1,\"name\":\"M\u0101jas lapa\",\"item\":\"https:\/\/pistonaddict.com\/lv\/majas-lapa-2\/\"},{\"@type\":\"ListItem\",\"position\":2,\"name\":\"Auctions\",\"item\":\"https:\/\/pistonaddict.com\/auctions-listing\/\"},{\"@type\":\"ListItem\",\"position\":3,\"name\":\"Lamborghini Urraco P250\"}]},{\"@type\":\"WebSite\",\"@id\":\"https:\/\/pistonaddict.com\/lv\/#website\",\"url\":\"https:\/\/pistonaddict.com\/lv\/\",\"name\":\"Piston Addict\",\"description\":\"Only interesting vehicles\",\"publisher\":{\"@id\":\"https:\/\/pistonaddict.com\/lv\/#organization\"},\"potentialAction\":[{\"@type\":\"SearchAction\",\"target\":{\"@type\":\"EntryPoint\",\"urlTemplate\":\"https:\/\/pistonaddict.com\/lv\/?s={search_term_string}\"},\"query-input\":\"required name=search_term_string\"}],\"inLanguage\":\"lv-LV\"},{\"@type\":\"Organization\",\"@id\":\"https:\/\/pistonaddict.com\/lv\/#organization\",\"name\":\"Piston Addict\",\"url\":\"https:\/\/pistonaddict.com\/lv\/\",\"logo\":{\"@type\":\"ImageObject\",\"inLanguage\":\"lv-LV\",\"@id\":\"https:\/\/pistonaddict.com\/lv\/#\/schema\/logo\/image\/\",\"url\":\"https:\/\/pistonaddict.com\/wp-content\/uploads\/2022\/07\/logo-6.png\",\"contentUrl\":\"https:\/\/pistonaddict.com\/wp-content\/uploads\/2022\/07\/logo-6.png\",\"width\":970,\"height\":200,\"caption\":\"Piston Addict\"},\"image\":{\"@id\":\"https:\/\/pistonaddict.com\/lv\/#\/schema\/logo\/image\/\"}}]}<\/script>\n<!-- \/ Yoast SEO plugin. -->","yoast_head_json":{"title":"Lamborghini Urraco P250 - Piston Addict","robots":{"index":"index","follow":"follow","max-snippet":"max-snippet:-1","max-image-preview":"max-image-preview:large","max-video-preview":"max-video-preview:-1"},"canonical":"https:\/\/pistonaddict.com\/lv\/product\/lamborghini-urraco-p250\/","og_locale":"lv_LV","og_type":"article","og_title":"Lamborghini Urraco P250 - Piston Addict","og_description":"Urraco, kas nosaukts Mjuras c\u012b\u0146as bu\u013c\u013cu \u0161\u0137irnes v\u0101rd\u0101, ir sporta automobilis, ko Lamborghini ra\u017eoja no 1972. l\u012bdz 1979. gadam. Bertone izstr\u0101d\u0101t\u0101 \u010detrviet\u012bg\u0101 automobi\u013ca m\u0113r\u0137is bija konkur\u0113t ar t\u0101diem konkurentiem k\u0101 Ferrari 308 GT4 un le\u0123end\u0101rais Porsche 911. Tom\u0113r, lai gan Urraco bija satrieco\u0161s un viegli vad\u0101ms, tas nebija liels p\u0101rdo\u0161anas hits - 7 gadu laik\u0101 tika izgatavots tikai 791 automobilis. Tom\u0113r tik ierobe\u017eots ra\u017eo\u0161anas apjoms nodro\u0161ina ekskluzivit\u0101ti, t\u0101p\u0113c tie, kas ieg\u0101d\u0101sies \u0161o sudraba Lambo, ieg\u016bs kaut ko t\u0101du, kas nav bie\u017ei redz\u0113ts.","og_url":"https:\/\/pistonaddict.com\/lv\/product\/lamborghini-urraco-p250\/","og_site_name":"Piston Addict","article_modified_time":"2024-06-12T07:54:26+00:00","og_image":[{"width":2048,"height":1536,"url":"https:\/\/pistonaddict.com\/wp-content\/uploads\/2024\/06\/IMG-20231121-WA0182.jpg","type":"image\/jpeg"}],"twitter_card":"summary_large_image","twitter_misc":{"Est. reading time":"3 minutes"},"schema":{"@context":"https:\/\/schema.org","@graph":[{"@type":"WebPage","@id":"https:\/\/pistonaddict.com\/lv\/product\/lamborghini-urraco-p250\/","url":"https:\/\/pistonaddict.com\/lv\/product\/lamborghini-urraco-p250\/","name":"Lamborghini Urraco P250 - Piston Addict","isPartOf":{"@id":"https:\/\/pistonaddict.com\/lv\/#website"},"primaryImageOfPage":{"@id":"https:\/\/pistonaddict.com\/lv\/product\/lamborghini-urraco-p250\/#primaryimage"},"image":{"@id":"https:\/\/pistonaddict.com\/lv\/product\/lamborghini-urraco-p250\/#primaryimage"},"thumbnailUrl":"https:\/\/pistonaddict.com\/wp-content\/uploads\/2024\/06\/IMG-20231121-WA0182.jpg","datePublished":"2024-06-11T15:05:07+00:00","dateModified":"2024-06-12T07:54:26+00:00","breadcrumb":{"@id":"https:\/\/pistonaddict.com\/lv\/product\/lamborghini-urraco-p250\/#breadcrumb"},"inLanguage":"lv-LV","potentialAction":[{"@type":"ReadAction","target":["https:\/\/pistonaddict.com\/lv\/product\/lamborghini-urraco-p250\/"]}]},{"@type":"ImageObject","inLanguage":"lv-LV","@id":"https:\/\/pistonaddict.com\/lv\/product\/lamborghini-urraco-p250\/#primaryimage","url":"https:\/\/pistonaddict.com\/wp-content\/uploads\/2024\/06\/IMG-20231121-WA0182.jpg","contentUrl":"https:\/\/pistonaddict.com\/wp-content\/uploads\/2024\/06\/IMG-20231121-WA0182.jpg","width":2048,"height":1536},{"@type":"BreadcrumbList","@id":"https:\/\/pistonaddict.com\/lv\/product\/lamborghini-urraco-p250\/#breadcrumb","itemListElement":[{"@type":"ListItem","position":1,"name":"M\u0101jas lapa","item":"https:\/\/pistonaddict.com\/lv\/majas-lapa-2\/"},{"@type":"ListItem","position":2,"name":"Auctions","item":"https:\/\/pistonaddict.com\/auctions-listing\/"},{"@type":"ListItem","position":3,"name":"Lamborghini Urraco P250"}]},{"@type":"WebSite","@id":"https:\/\/pistonaddict.com\/lv\/#website","url":"https:\/\/pistonaddict.com\/lv\/","name":"Piston Addict","description":"Only interesting vehicles","publisher":{"@id":"https:\/\/pistonaddict.com\/lv\/#organization"},"potentialAction":[{"@type":"SearchAction","target":{"@type":"EntryPoint","urlTemplate":"https:\/\/pistonaddict.com\/lv\/?s={search_term_string}"},"query-input":"required name=search_term_string"}],"inLanguage":"lv-LV"},{"@type":"Organization","@id":"https:\/\/pistonaddict.com\/lv\/#organization","name":"Piston Addict","url":"https:\/\/pistonaddict.com\/lv\/","logo":{"@type":"ImageObject","inLanguage":"lv-LV","@id":"https:\/\/pistonaddict.com\/lv\/#\/schema\/logo\/image\/","url":"https:\/\/pistonaddict.com\/wp-content\/uploads\/2022\/07\/logo-6.png","contentUrl":"https:\/\/pistonaddict.com\/wp-content\/uploads\/2022\/07\/logo-6.png","width":970,"height":200,"caption":"Piston Addict"},"image":{"@id":"https:\/\/pistonaddict.com\/lv\/#\/schema\/logo\/image\/"}}]}},"_links":{"self":[{"href":"https:\/\/pistonaddict.com\/lv\/wp-json\/wp\/v2\/product\/108786"}],"collection":[{"href":"https:\/\/pistonaddict.com\/lv\/wp-json\/wp\/v2\/product"}],"about":[{"href":"https:\/\/pistonaddict.com\/lv\/wp-json\/wp\/v2\/types\/product"}],"replies":[{"embeddable":true,"href":"https:\/\/pistonaddict.com\/lv\/wp-json\/wp\/v2\/comments?post=108786"}],"wp:featuredmedia":[{"embeddable":true,"href":"https:\/\/pistonaddict.com\/lv\/wp-json\/wp\/v2\/media\/108761"}],"wp:attachment":[{"href":"https:\/\/pistonaddict.com\/lv\/wp-json\/wp\/v2\/media?parent=108786"}],"wp:term":[{"taxonomy":"product_cat","embeddable":true,"href":"https:\/\/pistonaddict.com\/lv\/wp-json\/wp\/v2\/product_cat?post=108786"},{"taxonomy":"product_tag","embeddable":true,"href":"https:\/\/pistonaddict.com\/lv\/wp-json\/wp\/v2\/product_tag?post=108786"}],"curies":[{"name":"wp","href":"https:\/\/api.w.org\/{rel}","templated":true}]}}