{"id":104836,"date":"2024-05-21T11:33:26","date_gmt":"2024-05-21T09:33:26","guid":{"rendered":"https:\/\/pistonaddict.com\/product\/fisker-karma-2\/"},"modified":"2024-05-21T14:15:43","modified_gmt":"2024-05-21T12:15:43","slug":"fisker-karma-2","status":"publish","type":"product","link":"https:\/\/pistonaddict.com\/lv\/product\/fisker-karma-2\/","title":{"rendered":"Fisker Karma"},"content":{"rendered":"<p><strong>Auto v\u0113sture<\/strong><\/p>\n<p>Fisker Karma, kas ir Henrika Fiskera \u0123\u0113nija apliecin\u0101jums, tika prezent\u0113ts 2011. gad\u0101. \u0160is plug-in hibr\u012bda elektromobilis (PHEV) ne tikai p\u0101rvar\u0113ja automobi\u013cu dizaina un tehnolo\u0123iju robe\u017eas, bet ar\u012b iekaroja sirdis ar savu p\u0101rsteidzo\u0161o est\u0113tiku, grezno interjeru un inovat\u012bvo in\u017eeniertehniku. Lai gan tolaik hibr\u012bdi nebija jaunums, Karma main\u012bja priek\u0161status par tiem, p\u0101rv\u0113r\u0161ot tos no ikdieni\u0161\u0137iem par ekscentriskajiem. Tas nevainojami apvieno veiktsp\u0113ju un ilgtsp\u0113ju, padarot hibr\u012bddzin\u0113jus gan videi draudz\u012bgus, gan stil\u012bgus, gan ar\u012b aizraujo\u0161us brauk\u0161anas zi\u0146\u0101. Karma, ko darbina jaud\u012bgs 2,0 litru benz\u012bna dzin\u0113js ar turbokompresoru un divi elektromotori, var lepoties ar iespaid\u012bgiem veiktsp\u0113jas r\u0101d\u012bt\u0101jiem. T\u0101 pa\u0101trin\u0101jums no 0 l\u012bdz 100 km\/h tikai 5,9 sekund\u0113s un maksim\u0101lais \u0101trums, kas p\u0101rsniedz 200 km\/h, apliecin\u0101ja t\u0101 sporta automobi\u013ca izcelsmi. Tom\u0113r tas ir sasniedzis \u0161os sasniegumus, vienlaikus saglab\u0101jot atz\u012bstamu degvielas pat\u0113ri\u0146a efektivit\u0101ti. Papildus veiktsp\u0113jai Karma dizains k\u013cuva par t\u0101s rakstur\u012bg\u0101ko iez\u012bmi. T\u0101 gracioz\u0101s l\u012bnijas un valdzino\u0161\u0101 kl\u0101tb\u016btne piev\u0113rsa uzman\u012bbu visur, kur vien tas par\u0101d\u012bj\u0101s, un izpeln\u012bj\u0101s apbr\u012bnu no automobi\u013cu entuziastiem vis\u0101 pasaul\u0113. \u0160is konkr\u0113tais modelis, 2013. gada otr\u0101s s\u0113rijas iter\u0101cija, ir retums un ekskluzivit\u0101te. No 2349 izgatavotajiem Fisker Karmas mode\u013ciem \u0161is ir viens no p\u0113d\u0113j\u0101s partijas mode\u013ciem ar s\u0113rijas numuru 2259. Reti sastopams d\u0101rgakmens, tikai 188 transportl\u012bdzek\u013ci vis\u0101 pasaul\u0113 var lepoties ar \u0161o unik\u0101lo kr\u0101sas un disku kombin\u0101ciju.<\/p>\n<p><strong>St\u0101voklis<\/strong><\/p>\n<p>\u0160\u012b Karma ir tikai 82 080 km, tai ir piln\u012bga servisa v\u0113sture un tikai p\u0101ris uzticamu \u012bpa\u0161nieku, t\u0101p\u0113c t\u0101 ir nevainojam\u0101 st\u0101vokl\u012b. Run\u0101jot par degvielas pat\u0113ri\u0146a efektivit\u0101ti, Fisker apgalvojums par elektrisku nobraukumu, kas p\u0101rsniedz 80 km, ir pamatots, un tas ir piem\u0113rots ikdienas braucieniem uz darbu. Turkl\u0101t, izmantojot benz\u012bna un elektr\u012bbas dzin\u0113ju, tiek sasniegti iev\u0113rojami r\u0101d\u012bt\u0101ji &#8211; vid\u0113ji tikai 4,5 litri degvielas uz 100 km. Potenci\u0101lie pirc\u0113ji nov\u0113rt\u0113s \u0161\u012b automobi\u013ca r\u016bp\u012bgo apkopi, par ko liecina visaptvero\u0161ie apkopes dokumenti. 2022. gada beig\u0101s tika veikta e\u013c\u013cas mai\u0146a, 2024. gada mart\u0101 &#8211; piln\u012bga apkope, bet 2024. gada maij\u0101 &#8211; brem\u017eu sist\u0113mas kapit\u0101lais remonts, lai \u0161\u012b elegant\u0101 meln\u0101 Karma b\u016btu lab\u0101kaj\u0101 k\u0101rt\u012bb\u0101. Svar\u012bg\u0101kais ir tas, ka akumulators bija beidzies 2017. gad\u0101, kad pa\u0161reiz\u0113jais \u012bpa\u0161nieks ieg\u0101d\u0101j\u0101s automa\u0161\u012bnu &#8211; tas noz\u012bm\u0113, ka n\u0101kamajiem \u012bpa\u0161niekiem b\u016bs bez probl\u0113m\u0101m.<\/p>\n<p><strong>Interjers<\/strong><\/p>\n<p>Meln\u0101s \u0101das un Alkantaras kombin\u0101cija lieliski sader ar virsb\u016bvi, ta\u010du vissvar\u012bg\u0101kais ir tas, ka salons ir k\u0101 jauns, bez pl\u012bsumiem, boj\u0101jumiem vai izmai\u0146\u0101m. Ir inform\u0101cijas un izklaides un audio sist\u0113mas, un bezr\u0101mju durvis pie\u0161\u0137ir \u0161im sedanam sportiskuma un kupeja stila noska\u0146u. Specifisk\u0101s konstrukcijas d\u0113\u013c Karma s\u0113\u017e zemu un nodro\u0161ina pasa\u017eieriem vair\u0101k vietas salon\u0101 nek\u0101 konkurenti. Visas funkcijas, piem\u0113ram, apsild\u0101mie s\u0113dek\u013ci, ir funkcion\u0101las un darba k\u0101rt\u012bb\u0101.<\/p>\n<p><strong>\u0100rpuse un rite\u0146i<\/strong><\/p>\n<p>Sp\u012bd\u012bg\u0101 meln\u0101 kr\u0101sa ir vislab\u0101kaj\u0101 st\u0101vokl\u012b, bez skr\u0101p\u0113jumiem, iespiedumiem vai boj\u0101jumiem. Unik\u0101lais jumts ar saules baterij\u0101m ir pieejams un funkcion\u0101ls, un joproj\u0101m ir viena no \u0161\u012b mode\u013ca iev\u0113rojam\u0101kaj\u0101m iez\u012bm\u0113m. \u0160\u012b Karma ir apr\u012bkota ar papildu 22 collu rite\u0146u diskiem, kas priek\u0161\u0113jiem rite\u0146iem apauti ar Pirelli riep\u0101m, bet aizmugur\u0113jiem &#8211; ar Goodyear riep\u0101m. Priek\u0161\u0113j\u0101s riepas tika uzst\u0101d\u012btas 2024. gada mart\u0101, un t\u0101s ir k\u0101 jaunas. Vien\u012bgais remonts, kas tika veikts automobi\u013ca \u0101rpus\u0113, ir unik\u0101l\u0101 izskata rite\u0146u disku atjauno\u0161ana, lai tie izskat\u012btos k\u0101 tikko pieg\u0101d\u0101ti.<\/p>\n<p><strong>Dokument\u0101cija<\/strong><\/p>\n<p>\u0160\u012b automa\u0161\u012bna atrodas \u0160veic\u0113, un to p\u0101rdod priv\u0101ta persona. <a href=\"https:\/\/pistonaddict.com\/wp-content\/uploads\/2024\/05\/YH4K14AA4CA002259.pdf\">CarVertical zi\u0146ojums<\/a> ir t\u012brs; nav pier\u0101d\u012bjumu par negad\u012bjumiem, negad\u012bjumu remontiem, \u012bpa\u0161umties\u012bb\u0101m vai juridisk\u0101m probl\u0113m\u0101m. Ir regul\u0101ras tehnisk\u0101s apkopes dokumenti, p\u0101rdo\u0161anas r\u0113\u0137ini un kv\u012btis. \u0160im modelim nav pieejama r\u016bpn\u012bcas garantija.<\/p>\n<p><strong>Apl\u016bkojiet video par \u0161o kr\u0101\u0161\u0146o Fisker Karma :<\/strong><\/p>\n<p><iframe title=\"Video Tour of the Fisker Karma for auction sale\" width=\"1200\" height=\"675\" src=\"https:\/\/www.youtube.com\/embed\/xv_ZkvmcPKw?feature=oembed\" frameborder=\"0\" allow=\"accelerometer; autoplay; clipboard-write; encrypted-media; gyroscope; picture-in-picture; web-share\" referrerpolicy=\"strict-origin-when-cross-origin\" allowfullscreen><\/iframe><\/p>\n","protected":false},"excerpt":{"rendered":"<p>Fisker Karma vienm\u0113r paliks atmi\u0146\u0101 k\u0101 viens no interesant\u0101kajiem un vieniem no pirmajiem pasaul\u0113 pieejamajiem hibr\u012bddzin\u0113jiem. Ar savu unik\u0101lo dizainu, jaud\u012bgo piedzi\u0146u, lieliskaj\u0101m funkcij\u0101m un \u013coti nelielo ra\u017eo\u0161anas apjomu Karma faktiski ir pirmais kolekcion\u0113jamais automobilis modernaj\u0101 elektrisko\/hibr\u012bda laikmet\u0101. N\u0101kotnes klasika? Noteikti!<\/p>\n","protected":false},"featured_media":104623,"comment_status":"open","ping_status":"closed","template":"","meta":{"inline_featured_image":false},"product_cat":[751],"product_tag":[4068,4071,943,1834,4074],"acf":[],"yoast_head":"<!-- This site is optimized with the Yoast SEO plugin v22.5 - https:\/\/yoast.com\/wordpress\/plugins\/seo\/ -->\n<title>Fisker Karma - Piston Addict<\/title>\n<meta name=\"robots\" content=\"index, follow, max-snippet:-1, max-image-preview:large, max-video-preview:-1\" \/>\n<link rel=\"canonical\" href=\"https:\/\/pistonaddict.com\/lv\/product\/fisker-karma-2\/\" \/>\n<meta property=\"og:locale\" content=\"lv_LV\" \/>\n<meta property=\"og:type\" content=\"article\" \/>\n<meta property=\"og:title\" content=\"Fisker Karma - Piston Addict\" \/>\n<meta property=\"og:description\" content=\"Fisker Karma vienm\u0113r paliks atmi\u0146\u0101 k\u0101 viens no interesant\u0101kajiem un vieniem no pirmajiem pasaul\u0113 pieejamajiem hibr\u012bddzin\u0113jiem. Ar savu unik\u0101lo dizainu, jaud\u012bgo piedzi\u0146u, lieliskaj\u0101m funkcij\u0101m un \u013coti nelielo ra\u017eo\u0161anas apjomu Karma faktiski ir pirmais kolekcion\u0113jamais automobilis modernaj\u0101 elektrisko\/hibr\u012bda laikmet\u0101. N\u0101kotnes klasika? Noteikti!\" \/>\n<meta property=\"og:url\" content=\"https:\/\/pistonaddict.com\/lv\/product\/fisker-karma-2\/\" \/>\n<meta property=\"og:site_name\" content=\"Piston Addict\" \/>\n<meta property=\"article:modified_time\" content=\"2024-05-21T12:15:43+00:00\" \/>\n<meta property=\"og:image\" content=\"https:\/\/pistonaddict.com\/wp-content\/uploads\/2024\/05\/IMG-20240321-WA0010.jpg\" \/>\n\t<meta property=\"og:image:width\" content=\"2000\" \/>\n\t<meta property=\"og:image:height\" content=\"1500\" \/>\n\t<meta property=\"og:image:type\" content=\"image\/jpeg\" \/>\n<meta name=\"twitter:card\" content=\"summary_large_image\" \/>\n<meta name=\"twitter:label1\" content=\"Est. reading time\" \/>\n\t<meta name=\"twitter:data1\" content=\"4 minutes\" \/>\n<script type=\"application\/ld+json\" class=\"yoast-schema-graph\">{\"@context\":\"https:\/\/schema.org\",\"@graph\":[{\"@type\":\"WebPage\",\"@id\":\"https:\/\/pistonaddict.com\/lv\/product\/fisker-karma-2\/\",\"url\":\"https:\/\/pistonaddict.com\/lv\/product\/fisker-karma-2\/\",\"name\":\"Fisker Karma - Piston Addict\",\"isPartOf\":{\"@id\":\"https:\/\/pistonaddict.com\/lv\/#website\"},\"primaryImageOfPage\":{\"@id\":\"https:\/\/pistonaddict.com\/lv\/product\/fisker-karma-2\/#primaryimage\"},\"image\":{\"@id\":\"https:\/\/pistonaddict.com\/lv\/product\/fisker-karma-2\/#primaryimage\"},\"thumbnailUrl\":\"https:\/\/pistonaddict.com\/wp-content\/uploads\/2024\/05\/IMG-20240321-WA0010.jpg\",\"datePublished\":\"2024-05-21T09:33:26+00:00\",\"dateModified\":\"2024-05-21T12:15:43+00:00\",\"breadcrumb\":{\"@id\":\"https:\/\/pistonaddict.com\/lv\/product\/fisker-karma-2\/#breadcrumb\"},\"inLanguage\":\"lv-LV\",\"potentialAction\":[{\"@type\":\"ReadAction\",\"target\":[\"https:\/\/pistonaddict.com\/lv\/product\/fisker-karma-2\/\"]}]},{\"@type\":\"ImageObject\",\"inLanguage\":\"lv-LV\",\"@id\":\"https:\/\/pistonaddict.com\/lv\/product\/fisker-karma-2\/#primaryimage\",\"url\":\"https:\/\/pistonaddict.com\/wp-content\/uploads\/2024\/05\/IMG-20240321-WA0010.jpg\",\"contentUrl\":\"https:\/\/pistonaddict.com\/wp-content\/uploads\/2024\/05\/IMG-20240321-WA0010.jpg\",\"width\":2000,\"height\":1500},{\"@type\":\"BreadcrumbList\",\"@id\":\"https:\/\/pistonaddict.com\/lv\/product\/fisker-karma-2\/#breadcrumb\",\"itemListElement\":[{\"@type\":\"ListItem\",\"position\":1,\"name\":\"M\u0101jas lapa\",\"item\":\"https:\/\/pistonaddict.com\/lv\/majas-lapa-2\/\"},{\"@type\":\"ListItem\",\"position\":2,\"name\":\"Auctions\",\"item\":\"https:\/\/pistonaddict.com\/auctions-listing\/\"},{\"@type\":\"ListItem\",\"position\":3,\"name\":\"Fisker Karma\"}]},{\"@type\":\"WebSite\",\"@id\":\"https:\/\/pistonaddict.com\/lv\/#website\",\"url\":\"https:\/\/pistonaddict.com\/lv\/\",\"name\":\"Piston Addict\",\"description\":\"Only interesting vehicles\",\"publisher\":{\"@id\":\"https:\/\/pistonaddict.com\/lv\/#organization\"},\"potentialAction\":[{\"@type\":\"SearchAction\",\"target\":{\"@type\":\"EntryPoint\",\"urlTemplate\":\"https:\/\/pistonaddict.com\/lv\/?s={search_term_string}\"},\"query-input\":\"required name=search_term_string\"}],\"inLanguage\":\"lv-LV\"},{\"@type\":\"Organization\",\"@id\":\"https:\/\/pistonaddict.com\/lv\/#organization\",\"name\":\"Piston Addict\",\"url\":\"https:\/\/pistonaddict.com\/lv\/\",\"logo\":{\"@type\":\"ImageObject\",\"inLanguage\":\"lv-LV\",\"@id\":\"https:\/\/pistonaddict.com\/lv\/#\/schema\/logo\/image\/\",\"url\":\"https:\/\/pistonaddict.com\/wp-content\/uploads\/2022\/07\/logo-6.png\",\"contentUrl\":\"https:\/\/pistonaddict.com\/wp-content\/uploads\/2022\/07\/logo-6.png\",\"width\":970,\"height\":200,\"caption\":\"Piston Addict\"},\"image\":{\"@id\":\"https:\/\/pistonaddict.com\/lv\/#\/schema\/logo\/image\/\"}}]}<\/script>\n<!-- \/ Yoast SEO plugin. -->","yoast_head_json":{"title":"Fisker Karma - Piston Addict","robots":{"index":"index","follow":"follow","max-snippet":"max-snippet:-1","max-image-preview":"max-image-preview:large","max-video-preview":"max-video-preview:-1"},"canonical":"https:\/\/pistonaddict.com\/lv\/product\/fisker-karma-2\/","og_locale":"lv_LV","og_type":"article","og_title":"Fisker Karma - Piston Addict","og_description":"Fisker Karma vienm\u0113r paliks atmi\u0146\u0101 k\u0101 viens no interesant\u0101kajiem un vieniem no pirmajiem pasaul\u0113 pieejamajiem hibr\u012bddzin\u0113jiem. Ar savu unik\u0101lo dizainu, jaud\u012bgo piedzi\u0146u, lieliskaj\u0101m funkcij\u0101m un \u013coti nelielo ra\u017eo\u0161anas apjomu Karma faktiski ir pirmais kolekcion\u0113jamais automobilis modernaj\u0101 elektrisko\/hibr\u012bda laikmet\u0101. N\u0101kotnes klasika? Noteikti!","og_url":"https:\/\/pistonaddict.com\/lv\/product\/fisker-karma-2\/","og_site_name":"Piston Addict","article_modified_time":"2024-05-21T12:15:43+00:00","og_image":[{"width":2000,"height":1500,"url":"https:\/\/pistonaddict.com\/wp-content\/uploads\/2024\/05\/IMG-20240321-WA0010.jpg","type":"image\/jpeg"}],"twitter_card":"summary_large_image","twitter_misc":{"Est. reading time":"4 minutes"},"schema":{"@context":"https:\/\/schema.org","@graph":[{"@type":"WebPage","@id":"https:\/\/pistonaddict.com\/lv\/product\/fisker-karma-2\/","url":"https:\/\/pistonaddict.com\/lv\/product\/fisker-karma-2\/","name":"Fisker Karma - Piston Addict","isPartOf":{"@id":"https:\/\/pistonaddict.com\/lv\/#website"},"primaryImageOfPage":{"@id":"https:\/\/pistonaddict.com\/lv\/product\/fisker-karma-2\/#primaryimage"},"image":{"@id":"https:\/\/pistonaddict.com\/lv\/product\/fisker-karma-2\/#primaryimage"},"thumbnailUrl":"https:\/\/pistonaddict.com\/wp-content\/uploads\/2024\/05\/IMG-20240321-WA0010.jpg","datePublished":"2024-05-21T09:33:26+00:00","dateModified":"2024-05-21T12:15:43+00:00","breadcrumb":{"@id":"https:\/\/pistonaddict.com\/lv\/product\/fisker-karma-2\/#breadcrumb"},"inLanguage":"lv-LV","potentialAction":[{"@type":"ReadAction","target":["https:\/\/pistonaddict.com\/lv\/product\/fisker-karma-2\/"]}]},{"@type":"ImageObject","inLanguage":"lv-LV","@id":"https:\/\/pistonaddict.com\/lv\/product\/fisker-karma-2\/#primaryimage","url":"https:\/\/pistonaddict.com\/wp-content\/uploads\/2024\/05\/IMG-20240321-WA0010.jpg","contentUrl":"https:\/\/pistonaddict.com\/wp-content\/uploads\/2024\/05\/IMG-20240321-WA0010.jpg","width":2000,"height":1500},{"@type":"BreadcrumbList","@id":"https:\/\/pistonaddict.com\/lv\/product\/fisker-karma-2\/#breadcrumb","itemListElement":[{"@type":"ListItem","position":1,"name":"M\u0101jas lapa","item":"https:\/\/pistonaddict.com\/lv\/majas-lapa-2\/"},{"@type":"ListItem","position":2,"name":"Auctions","item":"https:\/\/pistonaddict.com\/auctions-listing\/"},{"@type":"ListItem","position":3,"name":"Fisker Karma"}]},{"@type":"WebSite","@id":"https:\/\/pistonaddict.com\/lv\/#website","url":"https:\/\/pistonaddict.com\/lv\/","name":"Piston Addict","description":"Only interesting vehicles","publisher":{"@id":"https:\/\/pistonaddict.com\/lv\/#organization"},"potentialAction":[{"@type":"SearchAction","target":{"@type":"EntryPoint","urlTemplate":"https:\/\/pistonaddict.com\/lv\/?s={search_term_string}"},"query-input":"required name=search_term_string"}],"inLanguage":"lv-LV"},{"@type":"Organization","@id":"https:\/\/pistonaddict.com\/lv\/#organization","name":"Piston Addict","url":"https:\/\/pistonaddict.com\/lv\/","logo":{"@type":"ImageObject","inLanguage":"lv-LV","@id":"https:\/\/pistonaddict.com\/lv\/#\/schema\/logo\/image\/","url":"https:\/\/pistonaddict.com\/wp-content\/uploads\/2022\/07\/logo-6.png","contentUrl":"https:\/\/pistonaddict.com\/wp-content\/uploads\/2022\/07\/logo-6.png","width":970,"height":200,"caption":"Piston Addict"},"image":{"@id":"https:\/\/pistonaddict.com\/lv\/#\/schema\/logo\/image\/"}}]}},"_links":{"self":[{"href":"https:\/\/pistonaddict.com\/lv\/wp-json\/wp\/v2\/product\/104836"}],"collection":[{"href":"https:\/\/pistonaddict.com\/lv\/wp-json\/wp\/v2\/product"}],"about":[{"href":"https:\/\/pistonaddict.com\/lv\/wp-json\/wp\/v2\/types\/product"}],"replies":[{"embeddable":true,"href":"https:\/\/pistonaddict.com\/lv\/wp-json\/wp\/v2\/comments?post=104836"}],"wp:featuredmedia":[{"embeddable":true,"href":"https:\/\/pistonaddict.com\/lv\/wp-json\/wp\/v2\/media\/104623"}],"wp:attachment":[{"href":"https:\/\/pistonaddict.com\/lv\/wp-json\/wp\/v2\/media?parent=104836"}],"wp:term":[{"taxonomy":"product_cat","embeddable":true,"href":"https:\/\/pistonaddict.com\/lv\/wp-json\/wp\/v2\/product_cat?post=104836"},{"taxonomy":"product_tag","embeddable":true,"href":"https:\/\/pistonaddict.com\/lv\/wp-json\/wp\/v2\/product_tag?post=104836"}],"curies":[{"name":"wp","href":"https:\/\/api.w.org\/{rel}","templated":true}]}}