{"id":104250,"date":"2024-05-17T11:16:20","date_gmt":"2024-05-17T09:16:20","guid":{"rendered":"https:\/\/pistonaddict.com\/product\/1979-pontiac-bonneville-brougham\/"},"modified":"2024-05-17T15:57:37","modified_gmt":"2024-05-17T13:57:37","slug":"1979-pontiac-bonneville-brougham","status":"publish","type":"product","link":"https:\/\/pistonaddict.com\/lv\/product\/1979-pontiac-bonneville-brougham\/","title":{"rendered":"1979 Pontiac Bonneville Brougham"},"content":{"rendered":"<p><strong>Auto v\u0113sture<\/strong><\/p>\n<p>GM nomenklat\u016br\u0101 Pontiac Bonneville ie\u0146\u0113ma \u012bpa\u0161u vietu. Lai gan tas bija cie\u0161i saist\u012bts ar ikdieni\u0161\u0137\u0101kiem Chevrolet Impala un Caprice, unik\u0101las dizaina iez\u012bmes, augst\u0101ka l\u012bme\u0146a grezn\u012bba un veiktsp\u0113jas izcil\u012bba to nep\u0101rprotami at\u0161\u0137\u012bra no p\u0101r\u0113jiem mode\u013ciem. Kop\u0161 pirm\u0101 Bonneville mode\u013ca izlai\u0161anas 1958. gad\u0101, \u0161\u012b marka ir bijusi \u012bpa\u0161i pievilc\u012bga ASV automobi\u013cu fanu vid\u016b. Lai gan 1979. gada Bonneville bija maz\u0101k jaud\u012bgs nek\u0101 t\u0101 priek\u0161g\u0101j\u0113ji, tas tika uzskat\u012bts par vienu no lab\u0101kajiem sedaniem tirg\u016b un lab\u0101ko izv\u0113li izsmalcin\u0101tiem entuziastiem, kuri v\u0113las greznuma un veiktsp\u0113jas apvienojumu. \u0160\u012b sest\u0101 paaudze tika ieviesta 1977. gad\u0101 un tika p\u0101rdota l\u012bdz 1981. gadam, pirms GM to aizst\u0101ja ar maz\u0101ku un ne tik pievilc\u012bgu modeli. T\u0101p\u0113c \u0161is Bonneville ir tik interesants. Tas ir ne tikai viens no p\u0113d\u0113jiem \u012bstajiem Pontiac sedaniem, bet ar\u012b piem\u0113rs ar unik\u0101lu st\u0101stu un nevainojam\u0101 st\u0101vokl\u012b. T\u0101 k\u0101 tas ir Bonneville Brougham (augst\u0101k\u0101s klases modelis), tas ir ar\u012b diezgan reti sastopams, un Pontiac taj\u0101 gad\u0101 sara\u017eoja tikai aptuveni 17 300 eksempl\u0101ru. Zem motora p\u0101rsega ir p\u0113c izv\u0113les pieejams 350 V8 (5,7 litra) ar 170 ZS, kas savienots ar 4 pak\u0101pju autom\u0101tisko p\u0101rnesumk\u0101rbu.<\/p>\n<p>\u0160is konkr\u0113tais eksempl\u0101rs s\u0101kotn\u0113ji tika p\u0101rdots Meksik\u0101 1979. gad\u0101 un t\u016bl\u012bt p\u0113c tam import\u0113ts uz Sp\u0101niju. T\u0101p\u0113c tam ir spidometrs kilometros un citi specifiski dati. \u012apa\u0161nieks to import\u0113ja un izmantoja neregul\u0101ri, t\u0101p\u0113c automa\u0161\u012bna nobraukusi tikai 31 000 kilometru. Pa\u0161reiz\u0113jais \u012bpa\u0161nieks to ieg\u0101d\u0101j\u0101s 2019. gad\u0101 no s\u0101kotn\u0113j\u0101 \u012bpa\u0161nieka \u0123imenes un atjaunoja transportl\u012bdzekli (atjaunoja kr\u0101su un da\u017eas deta\u013cas), kas \u0161o piepras\u012bto sedanu padar\u012bja jaun\u0101 st\u0101vokl\u012b.<\/p>\n<p><strong>Interjers<\/strong><\/p>\n<p>Kad s\u0113\u017eaties pie 1979. gada Pontiac Bonneville st\u016bres, j\u016bsu priek\u0161stati par luksusa interjeru uzreiz main\u012bsies. Mas\u012bvie un \u0113rtie vel\u016bra s\u0113dek\u013ci, daudz vietas salon\u0101, hrom\u0113tas deta\u013cas un klusums ir nep\u0101rsp\u0113jami pat daudzos citos automobi\u013cos. Karameles kr\u0101sas apdare un pakl\u0101ji\u0146i lieliski sader ar koka apdares ielikt\u0146iem un virsb\u016bves kr\u0101su, un tas ir izcils 70. gadu beigu Detroitas est\u0113tikas paraugs. Tas ir ar\u012b labi apr\u012bkots transportl\u012bdzeklis ar elektriski darbin\u0101miem logiem un spogu\u013ciem, autom\u0101tisko gaisa kondicion\u0113\u0161anas sist\u0113mu, kas p\u0101rveidota uz modernu g\u0101zes sist\u0113mu, stereo sist\u0113mu un kru\u012bza kontroli. Viss ir piln\u012bb\u0101 funkcion\u0101ls un bez boj\u0101jumiem.<\/p>\n<p><strong>Automa\u0161\u012bnas st\u0101voklis<\/strong><\/p>\n<p>\u0160is Bonneville Brougham, kura odometra r\u0101d\u012bt\u0101jos ir prec\u012bzi 31 619 kilometri, vienm\u0113r tika tur\u0113ts gar\u0101\u017e\u0101 un, kad netika lietots, atrad\u0101s zem unik\u0101la p\u0101rsega. Pateicoties nesen veiktajai p\u0101rkr\u0101so\u0161anai ori\u0123in\u0101laj\u0101 kr\u0101s\u0101, varam dro\u0161i apgalvot, ka transportl\u012bdzeklis ir k\u0101 jauns. Hrom\u0113t\u0101s deta\u013cas ir sp\u012bd\u012bgas; visas apdares deta\u013cas ir perfekt\u0101 st\u0101vokl\u012b, ori\u0123in\u0101lie diski un laikmetam atbilsto\u0161as riepas. 2024. gada apr\u012bl\u012b automa\u0161\u012bnai tika veikta apkope, nomain\u012bta e\u013c\u013ca un veikta brem\u017eu atjauno\u0161ana, bet 2021. gad\u0101 tika veikti da\u017ei elektroinstal\u0101cijas darbi. \u0145emot v\u0113r\u0101 nobraukumu, st\u0101vokli un st\u0101vokli, \u0161is var\u0113tu b\u016bt lab\u0101kais 1979. gada Bonneville Brougham. \u0160im automobilim ir veikta ITV tehnisk\u0101 apskate, kas ir der\u012bga l\u012bdz 2028. gadam.<\/p>\n<p><strong>\u0100rpuse un rite\u0146i<\/strong><\/p>\n<p>P\u0113c profesion\u0101las un pareizas jaunas kr\u0101so\u0161anas ori\u0123in\u0101laj\u0101 kr\u0101s\u0101 virsb\u016bve ir nevainojama. P\u0101rkr\u0101so\u0161ana bija veiksm\u012bga, jo virsb\u016bve bija perfekti saglab\u0101jusies, bez korozijas, boj\u0101jumiem vai remontiem. Ar ori\u0123in\u0101lajiem stiep\u013cu rite\u0146iem, \u012bpa\u0161nieks uzst\u0101d\u012bja rakstur\u012bg\u0101s un ori\u0123in\u0101l\u0101s balt\u0101s riepas 2021. gad\u0101.<\/p>\n<p><strong>Dokument\u0101cija<\/strong><\/p>\n<p>Transportl\u012bdzeklis atrodas Sp\u0101nij\u0101, un tam ir pla\u0161a dokument\u0101cija, tostarp tehnisk\u0101s apkopes kv\u012btis, Sp\u0101nijas tehnisk\u0101s apskates dokumenti, klasisk\u0101 automobi\u013ca statusa apstiprin\u0101jums utt. Nav datu par boj\u0101jumiem, z\u0101dz\u012bbu vai apdro\u0161in\u0101\u0161anas atl\u012bdz\u012bbu. Dokument\u0101cija attiecas uz transportl\u012bdzekli no pirm\u0101s dienas, un taj\u0101 ir sniegti pier\u0101d\u012bjumi par izcilu apr\u016bpi.<\/p>\n<p><strong>P\u0101rbaudiet aukst\u0101 starta video par \u0161o nevainojamo Pontiac Bonneville no 1979 :<\/strong><\/p>\n<p><iframe title=\"Cold Start Video of the incredible 1979 Pontiac Bonneville\" width=\"1200\" height=\"675\" src=\"https:\/\/www.youtube.com\/embed\/6DKO8uhEkN8?feature=oembed\" frameborder=\"0\" allow=\"accelerometer; autoplay; clipboard-write; encrypted-media; gyroscope; picture-in-picture; web-share\" referrerpolicy=\"strict-origin-when-cross-origin\" allowfullscreen><\/iframe><\/p>\n","protected":false},"excerpt":{"rendered":"<p>Automa\u0161\u012bnu v\u0113stur\u0113 Pontiac paliks atmi\u0146\u0101 k\u0101 GM aizraujo\u0161ais z\u012bmols ar jaud\u012bgiem musku\u013cautomobi\u013ciem, elegant\u0101m form\u0101m un novatorisku dizainu. 1979. gada Bonneville atrodas mode\u013cu kl\u0101sta aug\u0161gal\u0101 un iez\u012bm\u0113 pilna izm\u0113ra sedanu \u0113ras beigas. \u0160is sedans ar nep\u0101rsp\u0113jamu stilu, lielu ietilp\u012bbu un pla\u0161u luksusa funkciju kl\u0101stu ir izcils klasiska amerik\u0101\u0146u automobi\u013ca piem\u0113rs.<\/p>\n","protected":false},"featured_media":104292,"comment_status":"open","ping_status":"closed","template":"","meta":{"inline_featured_image":false},"product_cat":[751],"product_tag":[3996,4054,943],"acf":[],"yoast_head":"<!-- This site is optimized with the Yoast SEO plugin v22.5 - https:\/\/yoast.com\/wordpress\/plugins\/seo\/ -->\n<title>1979 Pontiac Bonneville Brougham - Piston Addict<\/title>\n<meta name=\"robots\" content=\"index, follow, max-snippet:-1, max-image-preview:large, max-video-preview:-1\" \/>\n<link rel=\"canonical\" href=\"https:\/\/pistonaddict.com\/lv\/product\/1979-pontiac-bonneville-brougham\/\" \/>\n<meta property=\"og:locale\" content=\"lv_LV\" \/>\n<meta property=\"og:type\" content=\"article\" \/>\n<meta property=\"og:title\" content=\"1979 Pontiac Bonneville Brougham - Piston Addict\" \/>\n<meta property=\"og:description\" content=\"Automa\u0161\u012bnu v\u0113stur\u0113 Pontiac paliks atmi\u0146\u0101 k\u0101 GM aizraujo\u0161ais z\u012bmols ar jaud\u012bgiem musku\u013cautomobi\u013ciem, elegant\u0101m form\u0101m un novatorisku dizainu. 1979. gada Bonneville atrodas mode\u013cu kl\u0101sta aug\u0161gal\u0101 un iez\u012bm\u0113 pilna izm\u0113ra sedanu \u0113ras beigas. \u0160is sedans ar nep\u0101rsp\u0113jamu stilu, lielu ietilp\u012bbu un pla\u0161u luksusa funkciju kl\u0101stu ir izcils klasiska amerik\u0101\u0146u automobi\u013ca piem\u0113rs.\" \/>\n<meta property=\"og:url\" content=\"https:\/\/pistonaddict.com\/lv\/product\/1979-pontiac-bonneville-brougham\/\" \/>\n<meta property=\"og:site_name\" content=\"Piston Addict\" \/>\n<meta property=\"article:modified_time\" content=\"2024-05-17T13:57:37+00:00\" \/>\n<meta property=\"og:image\" content=\"https:\/\/pistonaddict.com\/wp-content\/uploads\/2024\/05\/5a7bfe0d-cda7-49a4-89d2-85a67cfe2d90-1.jpg\" \/>\n\t<meta property=\"og:image:width\" content=\"2016\" \/>\n\t<meta property=\"og:image:height\" content=\"1134\" \/>\n\t<meta property=\"og:image:type\" content=\"image\/jpeg\" \/>\n<meta name=\"twitter:card\" content=\"summary_large_image\" \/>\n<meta name=\"twitter:label1\" content=\"Est. reading time\" \/>\n\t<meta name=\"twitter:data1\" content=\"4 minutes\" \/>\n<script type=\"application\/ld+json\" class=\"yoast-schema-graph\">{\"@context\":\"https:\/\/schema.org\",\"@graph\":[{\"@type\":\"WebPage\",\"@id\":\"https:\/\/pistonaddict.com\/lv\/product\/1979-pontiac-bonneville-brougham\/\",\"url\":\"https:\/\/pistonaddict.com\/lv\/product\/1979-pontiac-bonneville-brougham\/\",\"name\":\"1979 Pontiac Bonneville Brougham - Piston Addict\",\"isPartOf\":{\"@id\":\"https:\/\/pistonaddict.com\/lv\/#website\"},\"primaryImageOfPage\":{\"@id\":\"https:\/\/pistonaddict.com\/lv\/product\/1979-pontiac-bonneville-brougham\/#primaryimage\"},\"image\":{\"@id\":\"https:\/\/pistonaddict.com\/lv\/product\/1979-pontiac-bonneville-brougham\/#primaryimage\"},\"thumbnailUrl\":\"https:\/\/pistonaddict.com\/wp-content\/uploads\/2024\/05\/5a7bfe0d-cda7-49a4-89d2-85a67cfe2d90-1.jpg\",\"datePublished\":\"2024-05-17T09:16:20+00:00\",\"dateModified\":\"2024-05-17T13:57:37+00:00\",\"breadcrumb\":{\"@id\":\"https:\/\/pistonaddict.com\/lv\/product\/1979-pontiac-bonneville-brougham\/#breadcrumb\"},\"inLanguage\":\"lv-LV\",\"potentialAction\":[{\"@type\":\"ReadAction\",\"target\":[\"https:\/\/pistonaddict.com\/lv\/product\/1979-pontiac-bonneville-brougham\/\"]}]},{\"@type\":\"ImageObject\",\"inLanguage\":\"lv-LV\",\"@id\":\"https:\/\/pistonaddict.com\/lv\/product\/1979-pontiac-bonneville-brougham\/#primaryimage\",\"url\":\"https:\/\/pistonaddict.com\/wp-content\/uploads\/2024\/05\/5a7bfe0d-cda7-49a4-89d2-85a67cfe2d90-1.jpg\",\"contentUrl\":\"https:\/\/pistonaddict.com\/wp-content\/uploads\/2024\/05\/5a7bfe0d-cda7-49a4-89d2-85a67cfe2d90-1.jpg\",\"width\":2016,\"height\":1134},{\"@type\":\"BreadcrumbList\",\"@id\":\"https:\/\/pistonaddict.com\/lv\/product\/1979-pontiac-bonneville-brougham\/#breadcrumb\",\"itemListElement\":[{\"@type\":\"ListItem\",\"position\":1,\"name\":\"M\u0101jas lapa\",\"item\":\"https:\/\/pistonaddict.com\/lv\/majas-lapa-2\/\"},{\"@type\":\"ListItem\",\"position\":2,\"name\":\"Auctions\",\"item\":\"https:\/\/pistonaddict.com\/auctions-listing\/\"},{\"@type\":\"ListItem\",\"position\":3,\"name\":\"1979 Pontiac Bonneville Brougham\"}]},{\"@type\":\"WebSite\",\"@id\":\"https:\/\/pistonaddict.com\/lv\/#website\",\"url\":\"https:\/\/pistonaddict.com\/lv\/\",\"name\":\"Piston Addict\",\"description\":\"Only interesting vehicles\",\"publisher\":{\"@id\":\"https:\/\/pistonaddict.com\/lv\/#organization\"},\"potentialAction\":[{\"@type\":\"SearchAction\",\"target\":{\"@type\":\"EntryPoint\",\"urlTemplate\":\"https:\/\/pistonaddict.com\/lv\/?s={search_term_string}\"},\"query-input\":\"required name=search_term_string\"}],\"inLanguage\":\"lv-LV\"},{\"@type\":\"Organization\",\"@id\":\"https:\/\/pistonaddict.com\/lv\/#organization\",\"name\":\"Piston Addict\",\"url\":\"https:\/\/pistonaddict.com\/lv\/\",\"logo\":{\"@type\":\"ImageObject\",\"inLanguage\":\"lv-LV\",\"@id\":\"https:\/\/pistonaddict.com\/lv\/#\/schema\/logo\/image\/\",\"url\":\"https:\/\/pistonaddict.com\/wp-content\/uploads\/2022\/07\/logo-6.png\",\"contentUrl\":\"https:\/\/pistonaddict.com\/wp-content\/uploads\/2022\/07\/logo-6.png\",\"width\":970,\"height\":200,\"caption\":\"Piston Addict\"},\"image\":{\"@id\":\"https:\/\/pistonaddict.com\/lv\/#\/schema\/logo\/image\/\"}}]}<\/script>\n<!-- \/ Yoast SEO plugin. -->","yoast_head_json":{"title":"1979 Pontiac Bonneville Brougham - Piston Addict","robots":{"index":"index","follow":"follow","max-snippet":"max-snippet:-1","max-image-preview":"max-image-preview:large","max-video-preview":"max-video-preview:-1"},"canonical":"https:\/\/pistonaddict.com\/lv\/product\/1979-pontiac-bonneville-brougham\/","og_locale":"lv_LV","og_type":"article","og_title":"1979 Pontiac Bonneville Brougham - Piston Addict","og_description":"Automa\u0161\u012bnu v\u0113stur\u0113 Pontiac paliks atmi\u0146\u0101 k\u0101 GM aizraujo\u0161ais z\u012bmols ar jaud\u012bgiem musku\u013cautomobi\u013ciem, elegant\u0101m form\u0101m un novatorisku dizainu. 1979. gada Bonneville atrodas mode\u013cu kl\u0101sta aug\u0161gal\u0101 un iez\u012bm\u0113 pilna izm\u0113ra sedanu \u0113ras beigas. \u0160is sedans ar nep\u0101rsp\u0113jamu stilu, lielu ietilp\u012bbu un pla\u0161u luksusa funkciju kl\u0101stu ir izcils klasiska amerik\u0101\u0146u automobi\u013ca piem\u0113rs.","og_url":"https:\/\/pistonaddict.com\/lv\/product\/1979-pontiac-bonneville-brougham\/","og_site_name":"Piston Addict","article_modified_time":"2024-05-17T13:57:37+00:00","og_image":[{"width":2016,"height":1134,"url":"https:\/\/pistonaddict.com\/wp-content\/uploads\/2024\/05\/5a7bfe0d-cda7-49a4-89d2-85a67cfe2d90-1.jpg","type":"image\/jpeg"}],"twitter_card":"summary_large_image","twitter_misc":{"Est. reading time":"4 minutes"},"schema":{"@context":"https:\/\/schema.org","@graph":[{"@type":"WebPage","@id":"https:\/\/pistonaddict.com\/lv\/product\/1979-pontiac-bonneville-brougham\/","url":"https:\/\/pistonaddict.com\/lv\/product\/1979-pontiac-bonneville-brougham\/","name":"1979 Pontiac Bonneville Brougham - Piston Addict","isPartOf":{"@id":"https:\/\/pistonaddict.com\/lv\/#website"},"primaryImageOfPage":{"@id":"https:\/\/pistonaddict.com\/lv\/product\/1979-pontiac-bonneville-brougham\/#primaryimage"},"image":{"@id":"https:\/\/pistonaddict.com\/lv\/product\/1979-pontiac-bonneville-brougham\/#primaryimage"},"thumbnailUrl":"https:\/\/pistonaddict.com\/wp-content\/uploads\/2024\/05\/5a7bfe0d-cda7-49a4-89d2-85a67cfe2d90-1.jpg","datePublished":"2024-05-17T09:16:20+00:00","dateModified":"2024-05-17T13:57:37+00:00","breadcrumb":{"@id":"https:\/\/pistonaddict.com\/lv\/product\/1979-pontiac-bonneville-brougham\/#breadcrumb"},"inLanguage":"lv-LV","potentialAction":[{"@type":"ReadAction","target":["https:\/\/pistonaddict.com\/lv\/product\/1979-pontiac-bonneville-brougham\/"]}]},{"@type":"ImageObject","inLanguage":"lv-LV","@id":"https:\/\/pistonaddict.com\/lv\/product\/1979-pontiac-bonneville-brougham\/#primaryimage","url":"https:\/\/pistonaddict.com\/wp-content\/uploads\/2024\/05\/5a7bfe0d-cda7-49a4-89d2-85a67cfe2d90-1.jpg","contentUrl":"https:\/\/pistonaddict.com\/wp-content\/uploads\/2024\/05\/5a7bfe0d-cda7-49a4-89d2-85a67cfe2d90-1.jpg","width":2016,"height":1134},{"@type":"BreadcrumbList","@id":"https:\/\/pistonaddict.com\/lv\/product\/1979-pontiac-bonneville-brougham\/#breadcrumb","itemListElement":[{"@type":"ListItem","position":1,"name":"M\u0101jas lapa","item":"https:\/\/pistonaddict.com\/lv\/majas-lapa-2\/"},{"@type":"ListItem","position":2,"name":"Auctions","item":"https:\/\/pistonaddict.com\/auctions-listing\/"},{"@type":"ListItem","position":3,"name":"1979 Pontiac Bonneville Brougham"}]},{"@type":"WebSite","@id":"https:\/\/pistonaddict.com\/lv\/#website","url":"https:\/\/pistonaddict.com\/lv\/","name":"Piston Addict","description":"Only interesting vehicles","publisher":{"@id":"https:\/\/pistonaddict.com\/lv\/#organization"},"potentialAction":[{"@type":"SearchAction","target":{"@type":"EntryPoint","urlTemplate":"https:\/\/pistonaddict.com\/lv\/?s={search_term_string}"},"query-input":"required name=search_term_string"}],"inLanguage":"lv-LV"},{"@type":"Organization","@id":"https:\/\/pistonaddict.com\/lv\/#organization","name":"Piston Addict","url":"https:\/\/pistonaddict.com\/lv\/","logo":{"@type":"ImageObject","inLanguage":"lv-LV","@id":"https:\/\/pistonaddict.com\/lv\/#\/schema\/logo\/image\/","url":"https:\/\/pistonaddict.com\/wp-content\/uploads\/2022\/07\/logo-6.png","contentUrl":"https:\/\/pistonaddict.com\/wp-content\/uploads\/2022\/07\/logo-6.png","width":970,"height":200,"caption":"Piston Addict"},"image":{"@id":"https:\/\/pistonaddict.com\/lv\/#\/schema\/logo\/image\/"}}]}},"_links":{"self":[{"href":"https:\/\/pistonaddict.com\/lv\/wp-json\/wp\/v2\/product\/104250"}],"collection":[{"href":"https:\/\/pistonaddict.com\/lv\/wp-json\/wp\/v2\/product"}],"about":[{"href":"https:\/\/pistonaddict.com\/lv\/wp-json\/wp\/v2\/types\/product"}],"replies":[{"embeddable":true,"href":"https:\/\/pistonaddict.com\/lv\/wp-json\/wp\/v2\/comments?post=104250"}],"wp:featuredmedia":[{"embeddable":true,"href":"https:\/\/pistonaddict.com\/lv\/wp-json\/wp\/v2\/media\/104292"}],"wp:attachment":[{"href":"https:\/\/pistonaddict.com\/lv\/wp-json\/wp\/v2\/media?parent=104250"}],"wp:term":[{"taxonomy":"product_cat","embeddable":true,"href":"https:\/\/pistonaddict.com\/lv\/wp-json\/wp\/v2\/product_cat?post=104250"},{"taxonomy":"product_tag","embeddable":true,"href":"https:\/\/pistonaddict.com\/lv\/wp-json\/wp\/v2\/product_tag?post=104250"}],"curies":[{"name":"wp","href":"https:\/\/api.w.org\/{rel}","templated":true}]}}