{"id":51268,"date":"2022-04-28T09:17:25","date_gmt":"2022-04-28T07:17:25","guid":{"rendered":"https:\/\/pistonaddict.com\/majas-lapa-2\/"},"modified":"2024-05-17T17:26:17","modified_gmt":"2024-05-17T15:26:17","slug":"majas-lapa-2","status":"publish","type":"page","link":"https:\/\/pistonaddict.com\/lv\/","title":{"rendered":"M\u0101jas lapa"},"content":{"rendered":"","protected":false},"excerpt":{"rendered":"","protected":false},"author":1,"featured_media":0,"parent":0,"menu_order":0,"comment_status":"closed","ping_status":"closed","template":"template-parts\/tpl-accueil.php","meta":{"inline_featured_image":false,"footnotes":""},"acf":[],"yoast_head":"<!-- This site is optimized with the Yoast SEO plugin v22.5 - https:\/\/yoast.com\/wordpress\/plugins\/seo\/ -->\n<title>Piston Addict : Automa\u0161\u012bnu tie\u0161saistes izso\u013cu tirgus<\/title>\n<meta name=\"description\" content=\"Piston Addict izsoles ir starptautisks vintage un klasisko transportl\u012bdzek\u013cu tirgus. Piston Addict izsol\u0113s p\u0101rdodiet un p\u0113rciet savu sap\u0146u transportl\u012bdzekli - tikai interesantus transportl\u012bdzek\u013cus, s\u0101kot no vintage motocikliem l\u012bdz hiperautomobi\u013ciem. J\u016bs varat ar\u012b ieg\u016bt inform\u0101ciju par savu n\u0101kamo transportl\u012bdzekli, izmantojot m\u016bsu automobi\u013cu \u017eurn\u0101listu rakst\u012btos Piston Addict automobi\u013cu rakstus un uzdot jaut\u0101jumus Piston Addict kopienai.\" \/>\n<meta name=\"robots\" content=\"index, follow, max-snippet:-1, max-image-preview:large, max-video-preview:-1\" \/>\n<link rel=\"canonical\" href=\"https:\/\/pistonaddict.com\/lv\/\" \/>\n<meta property=\"og:locale\" content=\"lv_LV\" \/>\n<meta property=\"og:type\" content=\"article\" \/>\n<meta property=\"og:title\" content=\"Piston Addict : Automa\u0161\u012bnu tie\u0161saistes izso\u013cu tirgus\" \/>\n<meta property=\"og:description\" content=\"Piston Addict izsoles ir starptautisks vintage un klasisko transportl\u012bdzek\u013cu tirgus. Piston Addict izsol\u0113s p\u0101rdodiet un p\u0113rciet savu sap\u0146u transportl\u012bdzekli - tikai interesantus transportl\u012bdzek\u013cus, s\u0101kot no vintage motocikliem l\u012bdz hiperautomobi\u013ciem. J\u016bs varat ar\u012b ieg\u016bt inform\u0101ciju par savu n\u0101kamo transportl\u012bdzekli, izmantojot m\u016bsu automobi\u013cu \u017eurn\u0101listu rakst\u012btos Piston Addict automobi\u013cu rakstus un uzdot jaut\u0101jumus Piston Addict kopienai.\" \/>\n<meta property=\"og:url\" content=\"https:\/\/pistonaddict.com\/lv\/\" \/>\n<meta property=\"og:site_name\" content=\"Piston Addict\" \/>\n<meta property=\"article:modified_time\" content=\"2024-05-17T15:26:17+00:00\" \/>\n<meta name=\"twitter:card\" content=\"summary_large_image\" \/>\n<script type=\"application\/ld+json\" class=\"yoast-schema-graph\">{\"@context\":\"https:\/\/schema.org\",\"@graph\":[{\"@type\":\"WebPage\",\"@id\":\"https:\/\/pistonaddict.com\/lv\/\",\"url\":\"https:\/\/pistonaddict.com\/lv\/\",\"name\":\"Piston Addict : Automa\u0161\u012bnu tie\u0161saistes izso\u013cu tirgus\",\"isPartOf\":{\"@id\":\"https:\/\/pistonaddict.com\/lv\/#website\"},\"datePublished\":\"2022-04-28T07:17:25+00:00\",\"dateModified\":\"2024-05-17T15:26:17+00:00\",\"description\":\"Piston Addict izsoles ir starptautisks vintage un klasisko transportl\u012bdzek\u013cu tirgus. Piston Addict izsol\u0113s p\u0101rdodiet un p\u0113rciet savu sap\u0146u transportl\u012bdzekli - tikai interesantus transportl\u012bdzek\u013cus, s\u0101kot no vintage motocikliem l\u012bdz hiperautomobi\u013ciem. J\u016bs varat ar\u012b ieg\u016bt inform\u0101ciju par savu n\u0101kamo transportl\u012bdzekli, izmantojot m\u016bsu automobi\u013cu \u017eurn\u0101listu rakst\u012btos Piston Addict automobi\u013cu rakstus un uzdot jaut\u0101jumus Piston Addict kopienai.\",\"breadcrumb\":{\"@id\":\"https:\/\/pistonaddict.com\/lv\/#breadcrumb\"},\"inLanguage\":\"lv-LV\",\"potentialAction\":[{\"@type\":\"ReadAction\",\"target\":[\"https:\/\/pistonaddict.com\/lv\/\"]}]},{\"@type\":\"BreadcrumbList\",\"@id\":\"https:\/\/pistonaddict.com\/lv\/#breadcrumb\",\"itemListElement\":[{\"@type\":\"ListItem\",\"position\":1,\"name\":\"M\u0101jas lapa\",\"item\":\"https:\/\/pistonaddict.com\/lv\/majas-lapa-2\/\"},{\"@type\":\"ListItem\",\"position\":2,\"name\":\"M\u0101jas lapa\"}]},{\"@type\":\"WebSite\",\"@id\":\"https:\/\/pistonaddict.com\/lv\/#website\",\"url\":\"https:\/\/pistonaddict.com\/lv\/\",\"name\":\"Piston Addict\",\"description\":\"Only interesting vehicles\",\"publisher\":{\"@id\":\"https:\/\/pistonaddict.com\/lv\/#organization\"},\"potentialAction\":[{\"@type\":\"SearchAction\",\"target\":{\"@type\":\"EntryPoint\",\"urlTemplate\":\"https:\/\/pistonaddict.com\/lv\/?s={search_term_string}\"},\"query-input\":\"required name=search_term_string\"}],\"inLanguage\":\"lv-LV\"},{\"@type\":\"Organization\",\"@id\":\"https:\/\/pistonaddict.com\/lv\/#organization\",\"name\":\"Piston Addict\",\"url\":\"https:\/\/pistonaddict.com\/lv\/\",\"logo\":{\"@type\":\"ImageObject\",\"inLanguage\":\"lv-LV\",\"@id\":\"https:\/\/pistonaddict.com\/lv\/#\/schema\/logo\/image\/\",\"url\":\"https:\/\/pistonaddict.com\/wp-content\/uploads\/2022\/07\/logo-6.png\",\"contentUrl\":\"https:\/\/pistonaddict.com\/wp-content\/uploads\/2022\/07\/logo-6.png\",\"width\":970,\"height\":200,\"caption\":\"Piston Addict\"},\"image\":{\"@id\":\"https:\/\/pistonaddict.com\/lv\/#\/schema\/logo\/image\/\"}}]}<\/script>\n<!-- \/ Yoast SEO plugin. -->","yoast_head_json":{"title":"Piston Addict : Automa\u0161\u012bnu tie\u0161saistes izso\u013cu tirgus","description":"Piston Addict izsoles ir starptautisks vintage un klasisko transportl\u012bdzek\u013cu tirgus. Piston Addict izsol\u0113s p\u0101rdodiet un p\u0113rciet savu sap\u0146u transportl\u012bdzekli - tikai interesantus transportl\u012bdzek\u013cus, s\u0101kot no vintage motocikliem l\u012bdz hiperautomobi\u013ciem. J\u016bs varat ar\u012b ieg\u016bt inform\u0101ciju par savu n\u0101kamo transportl\u012bdzekli, izmantojot m\u016bsu automobi\u013cu \u017eurn\u0101listu rakst\u012btos Piston Addict automobi\u013cu rakstus un uzdot jaut\u0101jumus Piston Addict kopienai.","robots":{"index":"index","follow":"follow","max-snippet":"max-snippet:-1","max-image-preview":"max-image-preview:large","max-video-preview":"max-video-preview:-1"},"canonical":"https:\/\/pistonaddict.com\/lv\/","og_locale":"lv_LV","og_type":"article","og_title":"Piston Addict : Automa\u0161\u012bnu tie\u0161saistes izso\u013cu tirgus","og_description":"Piston Addict izsoles ir starptautisks vintage un klasisko transportl\u012bdzek\u013cu tirgus. Piston Addict izsol\u0113s p\u0101rdodiet un p\u0113rciet savu sap\u0146u transportl\u012bdzekli - tikai interesantus transportl\u012bdzek\u013cus, s\u0101kot no vintage motocikliem l\u012bdz hiperautomobi\u013ciem. J\u016bs varat ar\u012b ieg\u016bt inform\u0101ciju par savu n\u0101kamo transportl\u012bdzekli, izmantojot m\u016bsu automobi\u013cu \u017eurn\u0101listu rakst\u012btos Piston Addict automobi\u013cu rakstus un uzdot jaut\u0101jumus Piston Addict kopienai.","og_url":"https:\/\/pistonaddict.com\/lv\/","og_site_name":"Piston Addict","article_modified_time":"2024-05-17T15:26:17+00:00","twitter_card":"summary_large_image","schema":{"@context":"https:\/\/schema.org","@graph":[{"@type":"WebPage","@id":"https:\/\/pistonaddict.com\/lv\/","url":"https:\/\/pistonaddict.com\/lv\/","name":"Piston Addict : Automa\u0161\u012bnu tie\u0161saistes izso\u013cu tirgus","isPartOf":{"@id":"https:\/\/pistonaddict.com\/lv\/#website"},"datePublished":"2022-04-28T07:17:25+00:00","dateModified":"2024-05-17T15:26:17+00:00","description":"Piston Addict izsoles ir starptautisks vintage un klasisko transportl\u012bdzek\u013cu tirgus. Piston Addict izsol\u0113s p\u0101rdodiet un p\u0113rciet savu sap\u0146u transportl\u012bdzekli - tikai interesantus transportl\u012bdzek\u013cus, s\u0101kot no vintage motocikliem l\u012bdz hiperautomobi\u013ciem. J\u016bs varat ar\u012b ieg\u016bt inform\u0101ciju par savu n\u0101kamo transportl\u012bdzekli, izmantojot m\u016bsu automobi\u013cu \u017eurn\u0101listu rakst\u012btos Piston Addict automobi\u013cu rakstus un uzdot jaut\u0101jumus Piston Addict kopienai.","breadcrumb":{"@id":"https:\/\/pistonaddict.com\/lv\/#breadcrumb"},"inLanguage":"lv-LV","potentialAction":[{"@type":"ReadAction","target":["https:\/\/pistonaddict.com\/lv\/"]}]},{"@type":"BreadcrumbList","@id":"https:\/\/pistonaddict.com\/lv\/#breadcrumb","itemListElement":[{"@type":"ListItem","position":1,"name":"M\u0101jas lapa","item":"https:\/\/pistonaddict.com\/lv\/majas-lapa-2\/"},{"@type":"ListItem","position":2,"name":"M\u0101jas lapa"}]},{"@type":"WebSite","@id":"https:\/\/pistonaddict.com\/lv\/#website","url":"https:\/\/pistonaddict.com\/lv\/","name":"Piston Addict","description":"Only interesting vehicles","publisher":{"@id":"https:\/\/pistonaddict.com\/lv\/#organization"},"potentialAction":[{"@type":"SearchAction","target":{"@type":"EntryPoint","urlTemplate":"https:\/\/pistonaddict.com\/lv\/?s={search_term_string}"},"query-input":"required name=search_term_string"}],"inLanguage":"lv-LV"},{"@type":"Organization","@id":"https:\/\/pistonaddict.com\/lv\/#organization","name":"Piston Addict","url":"https:\/\/pistonaddict.com\/lv\/","logo":{"@type":"ImageObject","inLanguage":"lv-LV","@id":"https:\/\/pistonaddict.com\/lv\/#\/schema\/logo\/image\/","url":"https:\/\/pistonaddict.com\/wp-content\/uploads\/2022\/07\/logo-6.png","contentUrl":"https:\/\/pistonaddict.com\/wp-content\/uploads\/2022\/07\/logo-6.png","width":970,"height":200,"caption":"Piston Addict"},"image":{"@id":"https:\/\/pistonaddict.com\/lv\/#\/schema\/logo\/image\/"}}]}},"_links":{"self":[{"href":"https:\/\/pistonaddict.com\/lv\/wp-json\/wp\/v2\/pages\/51268"}],"collection":[{"href":"https:\/\/pistonaddict.com\/lv\/wp-json\/wp\/v2\/pages"}],"about":[{"href":"https:\/\/pistonaddict.com\/lv\/wp-json\/wp\/v2\/types\/page"}],"author":[{"embeddable":true,"href":"https:\/\/pistonaddict.com\/lv\/wp-json\/wp\/v2\/users\/1"}],"replies":[{"embeddable":true,"href":"https:\/\/pistonaddict.com\/lv\/wp-json\/wp\/v2\/comments?post=51268"}],"version-history":[{"count":1,"href":"https:\/\/pistonaddict.com\/lv\/wp-json\/wp\/v2\/pages\/51268\/revisions"}],"predecessor-version":[{"id":80975,"href":"https:\/\/pistonaddict.com\/lv\/wp-json\/wp\/v2\/pages\/51268\/revisions\/80975"}],"wp:attachment":[{"href":"https:\/\/pistonaddict.com\/lv\/wp-json\/wp\/v2\/media?parent=51268"}],"curies":[{"name":"wp","href":"https:\/\/api.w.org\/{rel}","templated":true}]}}