{"id":3140,"date":"2022-05-02T15:06:21","date_gmt":"2022-05-02T13:06:21","guid":{"rendered":"https:\/\/pistonaddict.com\/vai-tu-esi-fotografs\/"},"modified":"2023-02-05T13:20:19","modified_gmt":"2023-02-05T12:20:19","slug":"vai-tu-esi-fotografs","status":"publish","type":"page","link":"https:\/\/pistonaddict.com\/lv\/vai-tu-esi-fotografs\/","title":{"rendered":"Vai tu esi fotogr\u0101fs?"},"content":{"rendered":"\t\t<div data-elementor-type=\"wp-page\" data-elementor-id=\"3140\" class=\"elementor elementor-3140 elementor-3164\">\n\t\t\t\t\t\t<section class=\"elementor-section elementor-top-section elementor-element elementor-element-28b0496a elementor-section-full_width elementor-section-content-middle banniere-page elementor-section-height-default elementor-section-height-default\" data-id=\"28b0496a\" data-element_type=\"section\" data-settings=\"{&quot;background_background&quot;:&quot;classic&quot;}\">\n\t\t\t\t\t\t<div class=\"elementor-container elementor-column-gap-default\">\n\t\t\t\t\t<div class=\"elementor-column elementor-col-100 elementor-top-column elementor-element elementor-element-1ffab370\" data-id=\"1ffab370\" data-element_type=\"column\">\n\t\t\t<div class=\"elementor-widget-wrap elementor-element-populated\">\n\t\t\t\t\t\t<div class=\"elementor-element elementor-element-17e56df7 elementor-widget elementor-widget-heading\" data-id=\"17e56df7\" data-element_type=\"widget\" data-widget_type=\"heading.default\">\n\t\t\t\t<div class=\"elementor-widget-container\">\n\t\t\t<style>\/*! elementor - v3.21.0 - 18-04-2024 *\/\n.elementor-heading-title{padding:0;margin:0;line-height:1}.elementor-widget-heading .elementor-heading-title[class*=elementor-size-]>a{color:inherit;font-size:inherit;line-height:inherit}.elementor-widget-heading .elementor-heading-title.elementor-size-small{font-size:15px}.elementor-widget-heading .elementor-heading-title.elementor-size-medium{font-size:19px}.elementor-widget-heading .elementor-heading-title.elementor-size-large{font-size:29px}.elementor-widget-heading .elementor-heading-title.elementor-size-xl{font-size:39px}.elementor-widget-heading .elementor-heading-title.elementor-size-xxl{font-size:59px}<\/style><h2 class=\"elementor-heading-title elementor-size-default\">Vai tu esi fotogr\u0101fs? <\/h2>\t\t<\/div>\n\t\t\t\t<\/div>\n\t\t\t\t\t<\/div>\n\t\t<\/div>\n\t\t\t\t\t<\/div>\n\t\t<\/section>\n\t\t\t\t<section class=\"elementor-section elementor-top-section elementor-element elementor-element-a207f8a elementor-section-full_width descs elementor-section-height-default elementor-section-height-default\" data-id=\"a207f8a\" data-element_type=\"section\">\n\t\t\t\t\t\t<div class=\"elementor-container elementor-column-gap-default\">\n\t\t\t\t\t<div class=\"elementor-column elementor-col-100 elementor-top-column elementor-element elementor-element-7977ae0\" data-id=\"7977ae0\" data-element_type=\"column\">\n\t\t\t<div class=\"elementor-widget-wrap elementor-element-populated\">\n\t\t\t\t\t\t<div class=\"elementor-element elementor-element-081674f form-contact elementor-widget elementor-widget-text-editor\" data-id=\"081674f\" data-element_type=\"widget\" data-widget_type=\"text-editor.default\">\n\t\t\t\t<div class=\"elementor-widget-container\">\n\t\t\t<style>\/*! elementor - v3.21.0 - 18-04-2024 *\/\n.elementor-widget-text-editor.elementor-drop-cap-view-stacked .elementor-drop-cap{background-color:#69727d;color:#fff}.elementor-widget-text-editor.elementor-drop-cap-view-framed .elementor-drop-cap{color:#69727d;border:3px solid;background-color:transparent}.elementor-widget-text-editor:not(.elementor-drop-cap-view-default) .elementor-drop-cap{margin-top:8px}.elementor-widget-text-editor:not(.elementor-drop-cap-view-default) .elementor-drop-cap-letter{width:1em;height:1em}.elementor-widget-text-editor .elementor-drop-cap{float:left;text-align:center;line-height:1;font-size:50px}.elementor-widget-text-editor .elementor-drop-cap-letter{display:inline-block}<\/style>\t\t\t\t<div class=\"page\" title=\"Page 1\">\n<div class=\"layoutArea\">\n<div class=\"column\">\n<h2>Vai esat profesion\u0101ls fotogr\u0101fs?<\/h2>\n<\/div>\n<\/div>\n<\/div>\n<p>M\u0113s vienm\u0113r mekl\u0113jam talant\u012bgus profesion\u0101lus fotogr\u0101fus, kas pievienotos m\u016bsu t\u012bklam. Vai v\u0113laties mums pievienoties? Aizpildiet zem\u0101k eso\u0161o veidlapu.<\/p>\n<\/p>\n\n<div class=\"wpcf7 no-js\" id=\"wpcf7-f26332-o1\" lang=\"lv-LV\" dir=\"ltr\">\n<div class=\"screen-reader-response\"><p role=\"status\" aria-live=\"polite\" aria-atomic=\"true\"><\/p> <ul><\/ul><\/div>\n<form action=\"\/lv\/wp-json\/wp\/v2\/pages\/3140#wpcf7-f26332-o1\" method=\"post\" class=\"wpcf7-form init\" aria-label=\"Contact form\" novalidate=\"novalidate\" data-status=\"init\">\n<div style=\"display: none;\">\n<input type=\"hidden\" name=\"_wpcf7\" value=\"26332\" \/>\n<input type=\"hidden\" name=\"_wpcf7_version\" value=\"5.9.3\" \/>\n<input type=\"hidden\" name=\"_wpcf7_locale\" value=\"lv_LV\" \/>\n<input type=\"hidden\" name=\"_wpcf7_unit_tag\" value=\"wpcf7-f26332-o1\" \/>\n<input type=\"hidden\" name=\"_wpcf7_container_post\" value=\"0\" \/>\n<input type=\"hidden\" name=\"_wpcf7_posted_data_hash\" value=\"\" \/>\n<input type=\"hidden\" name=\"_wpcf7_recaptcha_response\" value=\"\" \/>\n<\/div>\n<div class=\"form-row\">\n\t<div class=\"form-group col-sm-6 name\">\n\t\t<p><span class=\"wpcf7-form-control-wrap\" data-name=\"nom\"><input size=\"40\" class=\"wpcf7-form-control wpcf7-text wpcf7-validates-as-required form-control\" aria-required=\"true\" aria-invalid=\"false\" value=\"Uzv\u0101rds\" type=\"text\" name=\"nom\" \/><\/span>\n\t\t<\/p>\n\t<\/div>\n\t<div class=\"form-group col-sm-6\">\n\t\t<p><span class=\"wpcf7-form-control-wrap\" data-name=\"email\"><input size=\"40\" class=\"wpcf7-form-control wpcf7-email wpcf7-validates-as-required wpcf7-text wpcf7-validates-as-email form-control\" aria-required=\"true\" aria-invalid=\"false\" value=\"E-pasts\" type=\"email\" name=\"email\" \/><\/span>\n\t\t<\/p>\n\t<\/div>\n\t<div class=\"form-group col-sm-6\">\n\t\t<p><span class=\"wpcf7-form-control-wrap\" data-name=\"Ville\"><input size=\"40\" class=\"wpcf7-form-control wpcf7-text wpcf7-validates-as-required form-control\" aria-required=\"true\" aria-invalid=\"false\" value=\"Pils\u0113ta\" type=\"text\" name=\"Ville\" \/><\/span>\n\t\t<\/p>\n\t<\/div>\n\t<div class=\"form-group col-sm-6\">\n\t\t<p><span class=\"wpcf7-form-control-wrap\" data-name=\"codepostal\"><input size=\"40\" class=\"wpcf7-form-control wpcf7-text wpcf7-validates-as-required form-control\" aria-required=\"true\" aria-invalid=\"false\" value=\"Pasta indekss\" type=\"text\" name=\"codepostal\" \/><\/span>\n\t\t<\/p>\n\t<\/div>\n\t<div class=\"form-group col-sm-12\">\n\t\t<p><span class=\"wpcf7-form-control-wrap\" data-name=\"identifiant\"><input size=\"40\" class=\"wpcf7-form-control wpcf7-text form-control\" aria-invalid=\"false\" value=\"Piston Addict pieteik\u0161an\u0101s v\u0101rds (ja jums t\u0101ds ir)\" type=\"text\" name=\"identifiant\" \/><\/span>\n\t\t<\/p>\n\t<\/div>\n\t<div class=\"form-group col-sm-12\">\n\t\t<p><span class=\"wpcf7-form-control-wrap\" data-name=\"lien\"><input size=\"40\" class=\"wpcf7-form-control wpcf7-text wpcf7-validates-as-required form-control\" aria-required=\"true\" aria-invalid=\"false\" value=\"L\u016bdzu, sniedziet mums saites uz j\u016bsu automobi\u013cu fotoatt\u0113lu, portfolio, darbu piem\u0113riem.\" type=\"text\" name=\"lien\" \/><\/span>\n\t\t<\/p>\n\t<\/div>\n\t<div class=\"form-group col-sm-12\">\n\t\t<p><span class=\"wpcf7-form-control-wrap\" data-name=\"message\"><textarea cols=\"40\" rows=\"10\" class=\"wpcf7-form-control wpcf7-textarea form-control\" aria-invalid=\"false\" name=\"message\">Koment\u0101rs<\/textarea><\/span><br \/>\n<span class=\"wpcf7-form-control-wrap\" data-name=\"acceptance\"><span class=\"wpcf7-form-control wpcf7-acceptance\"><span class=\"wpcf7-list-item\"><label><input type=\"checkbox\" name=\"acceptance\" value=\"1\" class=\"form-control\" aria-invalid=\"false\" \/><span class=\"wpcf7-list-item-label\">Ievadot \u0161o inform\u0101ciju, es piekr\u012btu, ka t\u0101 tiks izmantota saist\u012bb\u0101 ar attiec\u012bb\u0101m, kas no t\u0101s var\u0113tu izriet\u0113t ar Piston Addict.<\/span><\/label><\/span><\/span><\/span>\n\t\t<\/p>\n\t<\/div>\n\t<div class=\"col-sm-12 text-center\">\n\t\t<p><input class=\"wpcf7-form-control wpcf7-submit has-spinner btn-custom\" type=\"submit\" value=\"S\u016bt\u012bt\" \/>\n\t\t<\/p>\n\t<\/div>\n<\/div><div class=\"wpcf7-response-output\" aria-hidden=\"true\"><\/div>\n<\/form>\n<\/div>\n\n<div class=\"page\" title=\"Page 1\">\n<div class=\"layoutArea\">\n<div class=\"form-contact\" style=\"margin-top: 2rem;\">\n<h2>Faila lielums<\/h2>\n<p>P\u0101r\u0101k mazus un maz\u0101kus par 1&nbsp;MB fotoatt\u0113lus nevar aug\u0161upiel\u0101d\u0113t. Pretendenti mekl\u0113 augstas kvalit\u0101tes fotoatt\u0113lus ar aptuveni 2000\u20133000 pikse\u013ciem, kas parasti atbilst 1\u20134&nbsp;MB faila lielumam uz vienu fotoatt\u0113lu. M\u016bsu platforma pie\u0146em faila lieluma ierobe\u017eojumu 10 MB vienam fotoatt\u0113la failam.<\/p>\n<\/div>\n<\/div>\n<\/div>\n<h2> <\/h2>\n<h2>Faila veids<\/h2>\n<p>M\u0113s pie\u0146emam .jpg, .jpeg un .png failus. L\u016bdzu, p\u0101rliecinieties, ka aug\u0161upiel\u0101d\u0113 nav video vai PDF failu.<\/p>\n\t\t\t\t\t\t<\/div>\n\t\t\t\t<\/div>\n\t\t\t\t\t<\/div>\n\t\t<\/div>\n\t\t\t\t\t<\/div>\n\t\t<\/section>\n\t\t\t\t<\/div>\n\t\t","protected":false},"excerpt":{"rendered":"<p>Vai tu esi fotogr\u0101fs? Vai esat profesion\u0101ls fotogr\u0101fs? M\u0113s vienm\u0113r mekl\u0113jam talant\u012bgus profesion\u0101lus fotogr\u0101fus, kas pievienotos m\u016bsu t\u012bklam. Vai v\u0113laties mums pievienoties? Aizpildiet zem\u0101k eso\u0161o veidlapu. Faila lielums P\u0101r\u0101k mazus un maz\u0101kus par 1&nbsp;MB fotoatt\u0113lus nevar aug\u0161upiel\u0101d\u0113t. Pretendenti mekl\u0113 augstas kvalit\u0101tes fotoatt\u0113lus ar aptuveni 2000\u20133000 pikse\u013ciem, kas parasti atbilst 1\u20134&nbsp;MB faila lielumam uz vienu fotoatt\u0113lu. &#8230; <a title=\"Vai tu esi fotogr\u0101fs?\" class=\"read-more\" href=\"https:\/\/pistonaddict.com\/lv\/vai-tu-esi-fotografs\/\">Las\u012bt vair\u0101k<span class=\"screen-reader-text\">Vai tu esi fotogr\u0101fs?<\/span><\/a><\/p>\n","protected":false},"author":1,"featured_media":0,"parent":0,"menu_order":0,"comment_status":"closed","ping_status":"closed","template":"","meta":{"inline_featured_image":false,"footnotes":""},"acf":[],"yoast_head":"<!-- This site is optimized with the Yoast SEO plugin v22.5 - https:\/\/yoast.com\/wordpress\/plugins\/seo\/ -->\n<title>Vai tu esi fotogr\u0101fs? - Piston Addict<\/title>\n<meta name=\"robots\" content=\"index, follow, max-snippet:-1, max-image-preview:large, max-video-preview:-1\" \/>\n<link rel=\"canonical\" href=\"https:\/\/pistonaddict.com\/lv\/vai-tu-esi-fotografs\/\" \/>\n<meta property=\"og:locale\" content=\"lv_LV\" \/>\n<meta property=\"og:type\" content=\"article\" \/>\n<meta property=\"og:title\" content=\"Vai tu esi fotogr\u0101fs? - Piston Addict\" \/>\n<meta property=\"og:description\" content=\"Vai tu esi fotogr\u0101fs? Vai esat profesion\u0101ls fotogr\u0101fs? M\u0113s vienm\u0113r mekl\u0113jam talant\u012bgus profesion\u0101lus fotogr\u0101fus, kas pievienotos m\u016bsu t\u012bklam. Vai v\u0113laties mums pievienoties? Aizpildiet zem\u0101k eso\u0161o veidlapu. Faila lielums P\u0101r\u0101k mazus un maz\u0101kus par 1&nbsp;MB fotoatt\u0113lus nevar aug\u0161upiel\u0101d\u0113t. Pretendenti mekl\u0113 augstas kvalit\u0101tes fotoatt\u0113lus ar aptuveni 2000\u20133000 pikse\u013ciem, kas parasti atbilst 1\u20134&nbsp;MB faila lielumam uz vienu fotoatt\u0113lu. ... Las\u012bt vair\u0101kVai tu esi fotogr\u0101fs?\" \/>\n<meta property=\"og:url\" content=\"https:\/\/pistonaddict.com\/lv\/vai-tu-esi-fotografs\/\" \/>\n<meta property=\"og:site_name\" content=\"Piston Addict\" \/>\n<meta property=\"article:modified_time\" content=\"2023-02-05T12:20:19+00:00\" \/>\n<meta name=\"twitter:card\" content=\"summary_large_image\" \/>\n<meta name=\"twitter:label1\" content=\"Est. reading time\" \/>\n\t<meta name=\"twitter:data1\" content=\"1 minute\" \/>\n<script type=\"application\/ld+json\" class=\"yoast-schema-graph\">{\"@context\":\"https:\/\/schema.org\",\"@graph\":[{\"@type\":\"WebPage\",\"@id\":\"https:\/\/pistonaddict.com\/lv\/vai-tu-esi-fotografs\/\",\"url\":\"https:\/\/pistonaddict.com\/lv\/vai-tu-esi-fotografs\/\",\"name\":\"Vai tu esi fotogr\u0101fs? - Piston Addict\",\"isPartOf\":{\"@id\":\"https:\/\/pistonaddict.com\/lv\/#website\"},\"datePublished\":\"2022-05-02T13:06:21+00:00\",\"dateModified\":\"2023-02-05T12:20:19+00:00\",\"breadcrumb\":{\"@id\":\"https:\/\/pistonaddict.com\/lv\/vai-tu-esi-fotografs\/#breadcrumb\"},\"inLanguage\":\"lv-LV\",\"potentialAction\":[{\"@type\":\"ReadAction\",\"target\":[\"https:\/\/pistonaddict.com\/lv\/vai-tu-esi-fotografs\/\"]}]},{\"@type\":\"BreadcrumbList\",\"@id\":\"https:\/\/pistonaddict.com\/lv\/vai-tu-esi-fotografs\/#breadcrumb\",\"itemListElement\":[{\"@type\":\"ListItem\",\"position\":1,\"name\":\"M\u0101jas lapa\",\"item\":\"https:\/\/pistonaddict.com\/lv\/majas-lapa-2\/\"},{\"@type\":\"ListItem\",\"position\":2,\"name\":\"Vai tu esi fotogr\u0101fs?\"}]},{\"@type\":\"WebSite\",\"@id\":\"https:\/\/pistonaddict.com\/lv\/#website\",\"url\":\"https:\/\/pistonaddict.com\/lv\/\",\"name\":\"Piston Addict\",\"description\":\"Only interesting vehicles\",\"publisher\":{\"@id\":\"https:\/\/pistonaddict.com\/lv\/#organization\"},\"potentialAction\":[{\"@type\":\"SearchAction\",\"target\":{\"@type\":\"EntryPoint\",\"urlTemplate\":\"https:\/\/pistonaddict.com\/lv\/?s={search_term_string}\"},\"query-input\":\"required name=search_term_string\"}],\"inLanguage\":\"lv-LV\"},{\"@type\":\"Organization\",\"@id\":\"https:\/\/pistonaddict.com\/lv\/#organization\",\"name\":\"Piston Addict\",\"url\":\"https:\/\/pistonaddict.com\/lv\/\",\"logo\":{\"@type\":\"ImageObject\",\"inLanguage\":\"lv-LV\",\"@id\":\"https:\/\/pistonaddict.com\/lv\/#\/schema\/logo\/image\/\",\"url\":\"https:\/\/pistonaddict.com\/wp-content\/uploads\/2022\/07\/logo-6.png\",\"contentUrl\":\"https:\/\/pistonaddict.com\/wp-content\/uploads\/2022\/07\/logo-6.png\",\"width\":970,\"height\":200,\"caption\":\"Piston Addict\"},\"image\":{\"@id\":\"https:\/\/pistonaddict.com\/lv\/#\/schema\/logo\/image\/\"}}]}<\/script>\n<!-- \/ Yoast SEO plugin. -->","yoast_head_json":{"title":"Vai tu esi fotogr\u0101fs? - Piston Addict","robots":{"index":"index","follow":"follow","max-snippet":"max-snippet:-1","max-image-preview":"max-image-preview:large","max-video-preview":"max-video-preview:-1"},"canonical":"https:\/\/pistonaddict.com\/lv\/vai-tu-esi-fotografs\/","og_locale":"lv_LV","og_type":"article","og_title":"Vai tu esi fotogr\u0101fs? - Piston Addict","og_description":"Vai tu esi fotogr\u0101fs? Vai esat profesion\u0101ls fotogr\u0101fs? M\u0113s vienm\u0113r mekl\u0113jam talant\u012bgus profesion\u0101lus fotogr\u0101fus, kas pievienotos m\u016bsu t\u012bklam. Vai v\u0113laties mums pievienoties? Aizpildiet zem\u0101k eso\u0161o veidlapu. Faila lielums P\u0101r\u0101k mazus un maz\u0101kus par 1&nbsp;MB fotoatt\u0113lus nevar aug\u0161upiel\u0101d\u0113t. Pretendenti mekl\u0113 augstas kvalit\u0101tes fotoatt\u0113lus ar aptuveni 2000\u20133000 pikse\u013ciem, kas parasti atbilst 1\u20134&nbsp;MB faila lielumam uz vienu fotoatt\u0113lu. ... Las\u012bt vair\u0101kVai tu esi fotogr\u0101fs?","og_url":"https:\/\/pistonaddict.com\/lv\/vai-tu-esi-fotografs\/","og_site_name":"Piston Addict","article_modified_time":"2023-02-05T12:20:19+00:00","twitter_card":"summary_large_image","twitter_misc":{"Est. reading time":"1 minute"},"schema":{"@context":"https:\/\/schema.org","@graph":[{"@type":"WebPage","@id":"https:\/\/pistonaddict.com\/lv\/vai-tu-esi-fotografs\/","url":"https:\/\/pistonaddict.com\/lv\/vai-tu-esi-fotografs\/","name":"Vai tu esi fotogr\u0101fs? - Piston Addict","isPartOf":{"@id":"https:\/\/pistonaddict.com\/lv\/#website"},"datePublished":"2022-05-02T13:06:21+00:00","dateModified":"2023-02-05T12:20:19+00:00","breadcrumb":{"@id":"https:\/\/pistonaddict.com\/lv\/vai-tu-esi-fotografs\/#breadcrumb"},"inLanguage":"lv-LV","potentialAction":[{"@type":"ReadAction","target":["https:\/\/pistonaddict.com\/lv\/vai-tu-esi-fotografs\/"]}]},{"@type":"BreadcrumbList","@id":"https:\/\/pistonaddict.com\/lv\/vai-tu-esi-fotografs\/#breadcrumb","itemListElement":[{"@type":"ListItem","position":1,"name":"M\u0101jas lapa","item":"https:\/\/pistonaddict.com\/lv\/majas-lapa-2\/"},{"@type":"ListItem","position":2,"name":"Vai tu esi fotogr\u0101fs?"}]},{"@type":"WebSite","@id":"https:\/\/pistonaddict.com\/lv\/#website","url":"https:\/\/pistonaddict.com\/lv\/","name":"Piston Addict","description":"Only interesting vehicles","publisher":{"@id":"https:\/\/pistonaddict.com\/lv\/#organization"},"potentialAction":[{"@type":"SearchAction","target":{"@type":"EntryPoint","urlTemplate":"https:\/\/pistonaddict.com\/lv\/?s={search_term_string}"},"query-input":"required name=search_term_string"}],"inLanguage":"lv-LV"},{"@type":"Organization","@id":"https:\/\/pistonaddict.com\/lv\/#organization","name":"Piston Addict","url":"https:\/\/pistonaddict.com\/lv\/","logo":{"@type":"ImageObject","inLanguage":"lv-LV","@id":"https:\/\/pistonaddict.com\/lv\/#\/schema\/logo\/image\/","url":"https:\/\/pistonaddict.com\/wp-content\/uploads\/2022\/07\/logo-6.png","contentUrl":"https:\/\/pistonaddict.com\/wp-content\/uploads\/2022\/07\/logo-6.png","width":970,"height":200,"caption":"Piston Addict"},"image":{"@id":"https:\/\/pistonaddict.com\/lv\/#\/schema\/logo\/image\/"}}]}},"_links":{"self":[{"href":"https:\/\/pistonaddict.com\/lv\/wp-json\/wp\/v2\/pages\/3140"}],"collection":[{"href":"https:\/\/pistonaddict.com\/lv\/wp-json\/wp\/v2\/pages"}],"about":[{"href":"https:\/\/pistonaddict.com\/lv\/wp-json\/wp\/v2\/types\/page"}],"author":[{"embeddable":true,"href":"https:\/\/pistonaddict.com\/lv\/wp-json\/wp\/v2\/users\/1"}],"replies":[{"embeddable":true,"href":"https:\/\/pistonaddict.com\/lv\/wp-json\/wp\/v2\/comments?post=3140"}],"version-history":[{"count":8,"href":"https:\/\/pistonaddict.com\/lv\/wp-json\/wp\/v2\/pages\/3140\/revisions"}],"predecessor-version":[{"id":26428,"href":"https:\/\/pistonaddict.com\/lv\/wp-json\/wp\/v2\/pages\/3140\/revisions\/26428"}],"wp:attachment":[{"href":"https:\/\/pistonaddict.com\/lv\/wp-json\/wp\/v2\/media?parent=3140"}],"curies":[{"name":"wp","href":"https:\/\/api.w.org\/{rel}","templated":true}]}}