{"id":2942,"date":"2022-04-29T11:19:25","date_gmt":"2022-04-29T09:19:25","guid":{"rendered":"https:\/\/pistonaddict.com\/sikdatnu-parvaldiba\/"},"modified":"2022-10-28T10:21:19","modified_gmt":"2022-10-28T08:21:19","slug":"sikdatnu-parvaldiba","status":"publish","type":"page","link":"https:\/\/pistonaddict.com\/lv\/sikdatnu-parvaldiba\/","title":{"rendered":"S\u012bkfailu p\u0101rvald\u012bba"},"content":{"rendered":"\t\t<div data-elementor-type=\"wp-page\" data-elementor-id=\"2942\" class=\"elementor elementor-2942 elementor-2954\">\n\t\t\t\t\t\t<section class=\"elementor-section elementor-top-section elementor-element elementor-element-00987b4 elementor-section-boxed elementor-section-height-default elementor-section-height-default\" data-id=\"00987b4\" data-element_type=\"section\">\n\t\t\t\t\t\t<div class=\"elementor-container elementor-column-gap-default\">\n\t\t\t\t\t<div class=\"elementor-column elementor-col-100 elementor-top-column elementor-element elementor-element-9f5f945\" data-id=\"9f5f945\" data-element_type=\"column\">\n\t\t\t<div class=\"elementor-widget-wrap elementor-element-populated\">\n\t\t\t\t\t\t<div class=\"elementor-element elementor-element-8525f40 elementor-widget elementor-widget-text-editor\" data-id=\"8525f40\" data-element_type=\"widget\" data-widget_type=\"text-editor.default\">\n\t\t\t\t<div class=\"elementor-widget-container\">\n\t\t\t<style>\/*! elementor - v3.21.0 - 18-04-2024 *\/\n.elementor-widget-text-editor.elementor-drop-cap-view-stacked .elementor-drop-cap{background-color:#69727d;color:#fff}.elementor-widget-text-editor.elementor-drop-cap-view-framed .elementor-drop-cap{color:#69727d;border:3px solid;background-color:transparent}.elementor-widget-text-editor:not(.elementor-drop-cap-view-default) .elementor-drop-cap{margin-top:8px}.elementor-widget-text-editor:not(.elementor-drop-cap-view-default) .elementor-drop-cap-letter{width:1em;height:1em}.elementor-widget-text-editor .elementor-drop-cap{float:left;text-align:center;line-height:1;font-size:50px}.elementor-widget-text-editor .elementor-drop-cap-letter{display:inline-block}<\/style>\t\t\t\t<div class=\"wpb_text_column wpb_content_element cms_text_block\">\n<div class=\"wpb_wrapper \">\n<p>Lors de votre premier acc\u00e8s au site Internet : https:\/\/www.pistonaddict.com, un bandeau situ\u00e9 en bas de page vous informe que des donn\u00e9es relatives \u00e0 votre navigation vont \u00eatre enregistr\u00e9es sur des fichiers sp\u00e9cifiques appel\u00e9s &#8221; cookies &#8221; ou fichiers de connexion .<\/p>\n<p>Lai lab\u0101k j\u016bs inform\u0113tu par to noz\u012bmi, ar to pie\u0146em\u0161anu vai atteik\u0161anos saist\u012btiem ierobe\u017eojumiem un nor\u0101d\u012bjumiem, k\u0101 blo\u0137\u0113t to uzst\u0101d\u012b\u0161anu j\u016bsu ier\u012bc\u0113, <strong>Piston Addict<\/strong> iepaz\u012bstina ar s\u012bkdat\u0146u p\u0101rvald\u012bbas politiku.<\/p>\n<div class=\"wpb_column vc_column_container vc_col-sm-12\">\n<div class=\"vc_column-inner\">\n<div class=\"wpb_wrapper\"> <\/div>\n<\/div>\n<\/div>\n<div class=\"cms-custom-heading-wrap heading2 text-left vc_custom_heading heading2_uppercase \">\n<h2> <\/h2>\n<h2 class=\"cmsc-custom-heading vc_custom_heading\">1\u00b0 LE R\u00d4LE DES COOKIES OU FICHIERS DE CONNEXION<\/h2>\n<\/div>\n<p>Les cookies permettent de collecter les informations concernant votre consultation du site Internet (https:\/\/www.pistonaddict.com) dans le but d&#8217;ajuster et d&#8217;orienter au mieux votre navigation. Par navigatoru sagatavotie savienojuma faili \u013cauj prec\u012bzi noteikt pakalpojumus un inform\u0101ciju, ko j\u016bs mekl\u0113jat, pamatojoties uz rubrik\u0101m un lap\u0101m, kuras izmantojat.<\/p>\n<p>Lai nodro\u0161in\u0101tu optim\u0101lu interneta vietnes un t\u0101s pakalpojumu izmanto\u0161anu, tiek izmantoti da\u017e\u0101da veida s\u012bkfaili atkar\u012bb\u0101 no to gal\u012bg\u0101s funkcijas:<\/p>\n<ul>\n<li>les cookies de session sont principalement install\u00e9s sur les sites marchands pour sauvegarder durant toute la s\u00e9quence de navigation, certaines donn\u00e9es saisies en amont,<\/li>\n<li>les cookies fonctionnels prennent en compte les pr\u00e9f\u00e9rences de navigation (langue, r\u00e9solution d&#8217;\u00e9cran&#8230;), ou g\u00e8rent les informations saisies lors de s\u00e9ances de navigation pr\u00e9c\u00e9dentes (identifiants de connexion, services souscrits, donn\u00e9es saisies&#8230;),<\/li>\n<li>les cookies analytiques permettent de comptabiliser les internautes tout en analysant leur comportement durant la visite du site Internet afin de g\u00e9n\u00e9rer des statistiques de fr\u00e9quentation,<\/li>\n<li>les cookies tiers sont d\u00e9pos\u00e9s sur le navigateur de l&#8217;internaute par des r\u00e9gies publicitaires ou des partenaires du site Internet, ainsi que par les r\u00e9seaux sociaux et les plateformes vid\u00e9os en lien avec ledit site.<\/li>\n<\/ul>\n<p>Les donn\u00e9es n\u00e9cessaires par les fichiers de connexion ne permettent pas de vous identifier de mani\u00e8re nomine, elles sont uniquement utilis\u00e9es pour le bon fonctionnement du site Internet et ne sont jamais communiqu\u00e9es par <strong>Piston Addict<\/strong> \u00e0 d&#8217;autres structures.<\/p>\n<div class=\"wpb_column vc_column_container vc_col-sm-12\">\n<div class=\"vc_column-inner\">\n<div class=\"wpb_wrapper\"> <\/div>\n<\/div>\n<\/div>\n<div class=\"cms-custom-heading-wrap heading2 text-left vc_custom_heading heading2_uppercase \">\n<h2> <\/h2>\n<h2 class=\"cmsc-custom-heading vc_custom_heading\">2\u00b0 LES COOKIES PR\u00c9SENTS SUR LE SITE PISTONADDICT.COM<\/h2>\n<\/div>\n<div class=\"wpb_text_column wpb_content_element vc_custom_1621498045904 cms_text_block\">\n<div class=\"wpb_wrapper \"> <\/div>\n<\/div>\n<p>Selon leur nature et le type de donn\u00e9es qu&#8217;ils collectent, les cookies utilis\u00e9s sur le site Internet https:\/\/www.pistonaddict.com emp\u00eachent votre consentement pour leur utilisation ou en sont au contraire contraires.<\/p>\n<h3> <\/h3>\n<h3>2.1\u00b0 Les cookies fonctionnels<\/h3>\n<p>La Commission Nationale de l&#8217;Informatique et des Libert\u00e9s (CNIL) recommande de dispenser du recueil du consentement les cookies n\u00e9cessaires au bon fonctionnement du site Internet ou ayant pour seule finalit\u00e9 de faciliter la communication par voie \u00e9lectronique.<\/p>\n<p>Cela concerne principalement les cookies d&#8217;identifiant de session, les cookies de session pour lecteur multim\u00e9dia, les cookies d&#8217;authentification, les cookies de session d&#8217;\u00e9quilibrage de charge ou cr\u00e9\u00e9s ainsi que des cookies de personnalisation de votre interface utilisateur.<\/p>\n<h3> <\/h3>\n<h3>2.2\u00b0 Les cookies de suivi<\/h3>\n<p>Saska\u0146\u0101 ar sp\u0113k\u0101 eso\u0161ajiem ties\u012bbu aktiem, ko piem\u0113ro RGPD, visas s\u012bkdatnes, kas \u013cauj izmantot vai profil\u0113t, ir pieejamas pirms to nos\u016bt\u012b\u0161anas uz j\u016bsu navigatoru: j\u016bsu piekri\u0161anas re\u0123istr\u0113\u0161ana, iesp\u0113ja iebilst pret to izmanto\u0161anu, inform\u0101cija par to, ka navig\u0101cijas veik\u0161ana ir saist\u012bta ar s\u012bkdat\u0146u nos\u016bt\u012b\u0161anu uz j\u016bsu termin\u0101li.<\/p>\n<p>Cela concerne \u00e0 la fois les cookies de mesure d&#8217;audience (Analytics) et les cookies de partage sur les r\u00e9seaux sociaux (Facebook&#8230;), ces cookies sont donc soumis aux politiques de confidentialit\u00e9 des \u00e9diteurs de ces applications logicielles.<\/p>\n<h4> <\/h4>\n<h4><strong>2.2.1\u00b0 Les cookies de mesure d&#8217;audience<\/strong><\/h4>\n<p>Les cookies de Google Analytics permettent d&#8217;\u00e9tablir des statistiques relatives \u00e0 l&#8217;utilisation du site Internet : https:\/\/www.pistonaddict.com.<\/p>\n<p>Ils ont \u00e9t\u00e9 param\u00e9tr\u00e9s de fa\u00e7on \u00e0 collecter des donn\u00e9es permettant facultatif le recueil de votre consentement :<\/p>\n<ul>\n<li>izvietotie s\u012bkfaili kalpo tikai un vien\u012bgi anon\u012bmu statistikas datu izveidei, l&#8217;adresse IP permettant de vous g\u00e9olocaliser n&#8217;est pas pas plus pr\u00e9cise que l&#8217;\u00e9chelle de la ville, concr\u00e8tement les deux derniers octets de l&#8217;adresse IP sont supprim\u00e9s,<\/li>\n<li>les cookies permettant d&#8217;\u00e9tablir votre tra\u00e7abilit\u00e9 ainsi que vos adresses IP ne sont pas conserv\u00e9s au-del\u00e0 de 13 mois \u00e0 compter de la premi\u00e8re visite.<\/li>\n<\/ul>\n<p>Google Analytics konfidencialit\u0101tes politika ir pieejama \u0161\u0101d\u0101 adres\u0113: https:\/\/policies.google.com\/privacy?hl=fr.<\/p>\n<h3> <\/h3>\n<h4><strong>2.2.2\u00b0 Les cookies de partage de donn\u00e9es<\/strong><\/h4>\n<p>Les cookies de partage sur les r\u00e9seaux sociaux (Facebook&#8230;) sont emis et g\u00e9r\u00e9s par les \u00e9diteurs des applications. Sous r\u00e9serve de votre consentement, ces cookies permettent de partager facilement des contenus publi\u00e9s sur le site Internet : https:\/\/www.pistonaddict.com au moyen des boutons applicatifs d\u00e9di\u00e9s.<\/p>\n<p>Les politiques de confidentialit\u00e9 des r\u00e9seaux sociaux sont disponibles sur les pages suivantes :<\/p>\n<ul>\n<li>Facebook : https:\/\/fr-fr.facebook.com\/privacy\/explanation<\/li>\n<li>Twitter : https:\/\/twitter.com\/fr\/privacy#update<\/li>\n<li>Pinterest : https:\/\/policy.pinterest.com\/fr\/privacy-policy<\/li>\n<li>Instagram : https:\/\/help.instagram.com\/519522125107875<\/li>\n<\/ul>\n<h3> <\/h3>\n<h4><strong>2.2.3\u00b0 Les cookies de plateformes vid\u00e9o<\/strong><\/h4>\n<p>Les cookies li\u00e9s \u00e0 la vizualisation de vid\u00e9os sur YouTube sont emis et g\u00e9r\u00e9s par l&#8217;\u00e9diteur de la plateforme vid\u00e9o. Sous r\u00e9serve du consentement de votre, ces cookies sont envoy\u00e9s sur votre navigateur de l&#8217;internaute lors de la lecture de vid\u00e9os publi\u00e9es sur le site Internet : https:\/\/www.pistonaddict.com et h\u00e9berg\u00e9es sur la plateforme.<\/p>\n<p>La politique de confidentialit\u00e9 de YouTube est disponible \u00e0 l&#8217;adresse suivante: https:\/\/policies.google.com\/privacy?hl=fr-CA<\/p>\n<\/div>\n<\/div>\n<div class=\"wpb_column vc_column_container vc_col-sm-12\">\n<div class=\"vc_column-inner\">\n<div class=\"wpb_wrapper\"> <\/div>\n<\/div>\n<\/div>\n<div class=\"cms-custom-heading-wrap heading2 text-left vc_custom_heading heading2_uppercase \">\n<h2> <\/h2>\n<h2 class=\"cmsc-custom-heading vc_custom_heading\">3\u00b0 L&#8217;ACCEPTATION OU LE REFUS DES COOKIES<\/h2>\n<\/div>\n<div class=\"wpb_text_column wpb_content_element vc_custom_1621498045904 cms_text_block\">\n<div class=\"wpb_wrapper \">\n<p>Lors de votre premi\u00e8re visite du site Internet https:\/\/www.pistonaddict.com, un bandeau est affich\u00e9 en bas de page pour vous permettre d&#8217;accepter ou de refuser les cookies. Ce bandeau comporte \u00e9galement les mentions relatives \u00e0 la finalit\u00e9 des envois de cookies sur votre navigateur Internet.<\/p>\n<p>Vous pouvez \u00e9galement param\u00e9trer votre navigateur Internet afin d&#8217;\u00eatre averti lorsque des cookies seront d\u00e9pos\u00e9s avec la possibilit\u00e9 de les accepter ou de les refuser. En fonction du navigateur utilis\u00e9 la configuration de la gestion des cookies (acceptation ou refus) diff\u00e9rente.<\/p>\n<p>Retrouvez ci-dessous les adresses des pages d\u00e9di\u00e9es pour chacun des principaux navigateurs :<\/p>\n<ul>\n<li>Microsoft Internet Explorer : http:\/\/windows.microsoft.com\/fr-FR\/windows-vista\/Block-or-allow-cookies<\/li>\n<li>Google Chrome : https:\/\/support.google.com\/chrome\/answer\/95647?hl=fr<\/li>\n<li>Safari : https:\/\/support.apple.com\/fr-fr\/guide\/safari\/sfri11471\/mac<\/li>\n<li>Firefox : https:\/\/support.mozilla.org\/fr\/kb\/autoriser-bloquer-cookies-preferences-sites<\/li>\n<li>Opera : https:\/\/help.opera.com\/en\/latest\/web-preferences\/#cookies<\/li>\n<\/ul>\n<p>A noter : Le refus des cookies peut emp\u00eacher la personnalisation de votre navigation sur le site Internet : https:\/\/www.pistonaddict.com, il est donc svar\u012bgi, lai j\u016bs konfigur\u0113tu savu navig\u0101cijas ier\u012bci, zinot t\u0101s iemeslu.<\/p>\n<\/div>\n<\/div>\n<div class=\"wpb_column vc_column_container vc_col-sm-12\">\n<div class=\"vc_column-inner\">\n<div class=\"wpb_wrapper\"> <\/div>\n<\/div>\n<\/div>\n<div class=\"cms-custom-heading-wrap heading2 text-left vc_custom_heading heading2_uppercase \">\n<h2> <\/h2>\n<h2 class=\"cmsc-custom-heading vc_custom_heading\">4\u00b0 LA R\u00c9VOCATION DU CONSENTEMENT AUX COOKIES<\/h2>\n<\/div>\n<div class=\"wpb_text_column wpb_content_element vc_custom_1621498045904 cms_text_block\">\n<div class=\"wpb_wrapper \">\n<p>Jebkur\u0101 br\u012bd\u012b ir iesp\u0113jams atsaukt <a class=\"wt-cli-manage-consent-link\">piekri\u0161anu s\u012bkdatn\u0113m<\/a> un anal\u012btiskaj\u0101m s\u012bkdatn\u0113m.<\/p>\n<div class=\"wpb_column vc_column_container vc_col-sm-12\">\n<div class=\"vc_column-inner\">\n<div class=\"wpb_wrapper\"> <\/div>\n<\/div>\n<\/div>\n<div class=\"cms-custom-heading-wrap heading2 text-left vc_custom_heading heading2_uppercase \">\n<h2> <\/h2>\n<h2 class=\"cmsc-custom-heading vc_custom_heading\">5\u00b0 LA POLITIQUE DE CONFIDENTIALIT\u00c9<\/h2>\n<\/div>\n<div class=\"wpb_text_column wpb_content_element vc_custom_1621498045904 cms_text_block\">\n<div class=\"wpb_wrapper \"> <\/div>\n<\/div>\n<p>Pour en savoir plus sur la politique de confidentialit\u00e9 de <strong>Piston Addict<\/strong>: <a href=\"https:\/\/pistonaddict.com\/lv\/privatuma-politika\/\">cliquez ici<\/a>.<\/p>\n<\/div>\n<\/div>\n\t\t\t\t\t\t<\/div>\n\t\t\t\t<\/div>\n\t\t\t\t\t<\/div>\n\t\t<\/div>\n\t\t\t\t\t<\/div>\n\t\t<\/section>\n\t\t\t\t<\/div>\n\t\t","protected":false},"excerpt":{"rendered":"<p>Lors de votre premier acc\u00e8s au site Internet : https:\/\/www.pistonaddict.com, un bandeau situ\u00e9 en bas de page vous informe que des donn\u00e9es relatives \u00e0 votre navigation vont \u00eatre enregistr\u00e9es sur des fichiers sp\u00e9cifiques appel\u00e9s &#8221; cookies &#8221; ou fichiers de connexion . Lai lab\u0101k j\u016bs inform\u0113tu par to noz\u012bmi, ar to pie\u0146em\u0161anu vai atteik\u0161anos saist\u012btiem &#8230; <a title=\"S\u012bkfailu p\u0101rvald\u012bba\" class=\"read-more\" href=\"https:\/\/pistonaddict.com\/lv\/sikdatnu-parvaldiba\/\">Las\u012bt vair\u0101k<span class=\"screen-reader-text\">S\u012bkfailu p\u0101rvald\u012bba<\/span><\/a><\/p>\n","protected":false},"author":1,"featured_media":0,"parent":0,"menu_order":0,"comment_status":"closed","ping_status":"closed","template":"","meta":{"inline_featured_image":false,"footnotes":""},"acf":[],"yoast_head":"<!-- This site is optimized with the Yoast SEO plugin v22.5 - https:\/\/yoast.com\/wordpress\/plugins\/seo\/ -->\n<title>S\u012bkfailu p\u0101rvald\u012bba - Piston Addict<\/title>\n<meta name=\"robots\" content=\"index, follow, max-snippet:-1, max-image-preview:large, max-video-preview:-1\" \/>\n<link rel=\"canonical\" href=\"https:\/\/pistonaddict.com\/lv\/sikdatnu-parvaldiba\/\" \/>\n<meta property=\"og:locale\" content=\"lv_LV\" \/>\n<meta property=\"og:type\" content=\"article\" \/>\n<meta property=\"og:title\" content=\"S\u012bkfailu p\u0101rvald\u012bba - Piston Addict\" \/>\n<meta property=\"og:description\" content=\"Lors de votre premier acc\u00e8s au site Internet : https:\/\/www.pistonaddict.com, un bandeau situ\u00e9 en bas de page vous informe que des donn\u00e9es relatives \u00e0 votre navigation vont \u00eatre enregistr\u00e9es sur des fichiers sp\u00e9cifiques appel\u00e9s &#8221; cookies &#8221; ou fichiers de connexion . Lai lab\u0101k j\u016bs inform\u0113tu par to noz\u012bmi, ar to pie\u0146em\u0161anu vai atteik\u0161anos saist\u012btiem ... Las\u012bt vair\u0101kS\u012bkfailu p\u0101rvald\u012bba\" \/>\n<meta property=\"og:url\" content=\"https:\/\/pistonaddict.com\/lv\/sikdatnu-parvaldiba\/\" \/>\n<meta property=\"og:site_name\" content=\"Piston Addict\" \/>\n<meta property=\"article:modified_time\" content=\"2022-10-28T08:21:19+00:00\" \/>\n<meta name=\"twitter:card\" content=\"summary_large_image\" \/>\n<meta name=\"twitter:label1\" content=\"Est. reading time\" \/>\n\t<meta name=\"twitter:data1\" content=\"6 minutes\" \/>\n<script type=\"application\/ld+json\" class=\"yoast-schema-graph\">{\"@context\":\"https:\/\/schema.org\",\"@graph\":[{\"@type\":\"WebPage\",\"@id\":\"https:\/\/pistonaddict.com\/lv\/sikdatnu-parvaldiba\/\",\"url\":\"https:\/\/pistonaddict.com\/lv\/sikdatnu-parvaldiba\/\",\"name\":\"S\u012bkfailu p\u0101rvald\u012bba - Piston Addict\",\"isPartOf\":{\"@id\":\"https:\/\/pistonaddict.com\/lv\/#website\"},\"datePublished\":\"2022-04-29T09:19:25+00:00\",\"dateModified\":\"2022-10-28T08:21:19+00:00\",\"breadcrumb\":{\"@id\":\"https:\/\/pistonaddict.com\/lv\/sikdatnu-parvaldiba\/#breadcrumb\"},\"inLanguage\":\"lv-LV\",\"potentialAction\":[{\"@type\":\"ReadAction\",\"target\":[\"https:\/\/pistonaddict.com\/lv\/sikdatnu-parvaldiba\/\"]}]},{\"@type\":\"BreadcrumbList\",\"@id\":\"https:\/\/pistonaddict.com\/lv\/sikdatnu-parvaldiba\/#breadcrumb\",\"itemListElement\":[{\"@type\":\"ListItem\",\"position\":1,\"name\":\"M\u0101jas lapa\",\"item\":\"https:\/\/pistonaddict.com\/lv\/majas-lapa-2\/\"},{\"@type\":\"ListItem\",\"position\":2,\"name\":\"S\u012bkfailu p\u0101rvald\u012bba\"}]},{\"@type\":\"WebSite\",\"@id\":\"https:\/\/pistonaddict.com\/lv\/#website\",\"url\":\"https:\/\/pistonaddict.com\/lv\/\",\"name\":\"Piston Addict\",\"description\":\"Only interesting vehicles\",\"publisher\":{\"@id\":\"https:\/\/pistonaddict.com\/lv\/#organization\"},\"potentialAction\":[{\"@type\":\"SearchAction\",\"target\":{\"@type\":\"EntryPoint\",\"urlTemplate\":\"https:\/\/pistonaddict.com\/lv\/?s={search_term_string}\"},\"query-input\":\"required name=search_term_string\"}],\"inLanguage\":\"lv-LV\"},{\"@type\":\"Organization\",\"@id\":\"https:\/\/pistonaddict.com\/lv\/#organization\",\"name\":\"Piston Addict\",\"url\":\"https:\/\/pistonaddict.com\/lv\/\",\"logo\":{\"@type\":\"ImageObject\",\"inLanguage\":\"lv-LV\",\"@id\":\"https:\/\/pistonaddict.com\/lv\/#\/schema\/logo\/image\/\",\"url\":\"https:\/\/pistonaddict.com\/wp-content\/uploads\/2022\/07\/logo-6.png\",\"contentUrl\":\"https:\/\/pistonaddict.com\/wp-content\/uploads\/2022\/07\/logo-6.png\",\"width\":970,\"height\":200,\"caption\":\"Piston Addict\"},\"image\":{\"@id\":\"https:\/\/pistonaddict.com\/lv\/#\/schema\/logo\/image\/\"}}]}<\/script>\n<!-- \/ Yoast SEO plugin. -->","yoast_head_json":{"title":"S\u012bkfailu p\u0101rvald\u012bba - Piston Addict","robots":{"index":"index","follow":"follow","max-snippet":"max-snippet:-1","max-image-preview":"max-image-preview:large","max-video-preview":"max-video-preview:-1"},"canonical":"https:\/\/pistonaddict.com\/lv\/sikdatnu-parvaldiba\/","og_locale":"lv_LV","og_type":"article","og_title":"S\u012bkfailu p\u0101rvald\u012bba - Piston Addict","og_description":"Lors de votre premier acc\u00e8s au site Internet : https:\/\/www.pistonaddict.com, un bandeau situ\u00e9 en bas de page vous informe que des donn\u00e9es relatives \u00e0 votre navigation vont \u00eatre enregistr\u00e9es sur des fichiers sp\u00e9cifiques appel\u00e9s &#8221; cookies &#8221; ou fichiers de connexion . Lai lab\u0101k j\u016bs inform\u0113tu par to noz\u012bmi, ar to pie\u0146em\u0161anu vai atteik\u0161anos saist\u012btiem ... Las\u012bt vair\u0101kS\u012bkfailu p\u0101rvald\u012bba","og_url":"https:\/\/pistonaddict.com\/lv\/sikdatnu-parvaldiba\/","og_site_name":"Piston Addict","article_modified_time":"2022-10-28T08:21:19+00:00","twitter_card":"summary_large_image","twitter_misc":{"Est. reading time":"6 minutes"},"schema":{"@context":"https:\/\/schema.org","@graph":[{"@type":"WebPage","@id":"https:\/\/pistonaddict.com\/lv\/sikdatnu-parvaldiba\/","url":"https:\/\/pistonaddict.com\/lv\/sikdatnu-parvaldiba\/","name":"S\u012bkfailu p\u0101rvald\u012bba - Piston Addict","isPartOf":{"@id":"https:\/\/pistonaddict.com\/lv\/#website"},"datePublished":"2022-04-29T09:19:25+00:00","dateModified":"2022-10-28T08:21:19+00:00","breadcrumb":{"@id":"https:\/\/pistonaddict.com\/lv\/sikdatnu-parvaldiba\/#breadcrumb"},"inLanguage":"lv-LV","potentialAction":[{"@type":"ReadAction","target":["https:\/\/pistonaddict.com\/lv\/sikdatnu-parvaldiba\/"]}]},{"@type":"BreadcrumbList","@id":"https:\/\/pistonaddict.com\/lv\/sikdatnu-parvaldiba\/#breadcrumb","itemListElement":[{"@type":"ListItem","position":1,"name":"M\u0101jas lapa","item":"https:\/\/pistonaddict.com\/lv\/majas-lapa-2\/"},{"@type":"ListItem","position":2,"name":"S\u012bkfailu p\u0101rvald\u012bba"}]},{"@type":"WebSite","@id":"https:\/\/pistonaddict.com\/lv\/#website","url":"https:\/\/pistonaddict.com\/lv\/","name":"Piston Addict","description":"Only interesting vehicles","publisher":{"@id":"https:\/\/pistonaddict.com\/lv\/#organization"},"potentialAction":[{"@type":"SearchAction","target":{"@type":"EntryPoint","urlTemplate":"https:\/\/pistonaddict.com\/lv\/?s={search_term_string}"},"query-input":"required name=search_term_string"}],"inLanguage":"lv-LV"},{"@type":"Organization","@id":"https:\/\/pistonaddict.com\/lv\/#organization","name":"Piston Addict","url":"https:\/\/pistonaddict.com\/lv\/","logo":{"@type":"ImageObject","inLanguage":"lv-LV","@id":"https:\/\/pistonaddict.com\/lv\/#\/schema\/logo\/image\/","url":"https:\/\/pistonaddict.com\/wp-content\/uploads\/2022\/07\/logo-6.png","contentUrl":"https:\/\/pistonaddict.com\/wp-content\/uploads\/2022\/07\/logo-6.png","width":970,"height":200,"caption":"Piston Addict"},"image":{"@id":"https:\/\/pistonaddict.com\/lv\/#\/schema\/logo\/image\/"}}]}},"_links":{"self":[{"href":"https:\/\/pistonaddict.com\/lv\/wp-json\/wp\/v2\/pages\/2942"}],"collection":[{"href":"https:\/\/pistonaddict.com\/lv\/wp-json\/wp\/v2\/pages"}],"about":[{"href":"https:\/\/pistonaddict.com\/lv\/wp-json\/wp\/v2\/types\/page"}],"author":[{"embeddable":true,"href":"https:\/\/pistonaddict.com\/lv\/wp-json\/wp\/v2\/users\/1"}],"replies":[{"embeddable":true,"href":"https:\/\/pistonaddict.com\/lv\/wp-json\/wp\/v2\/comments?post=2942"}],"version-history":[{"count":5,"href":"https:\/\/pistonaddict.com\/lv\/wp-json\/wp\/v2\/pages\/2942\/revisions"}],"predecessor-version":[{"id":15967,"href":"https:\/\/pistonaddict.com\/lv\/wp-json\/wp\/v2\/pages\/2942\/revisions\/15967"}],"wp:attachment":[{"href":"https:\/\/pistonaddict.com\/lv\/wp-json\/wp\/v2\/media?parent=2942"}],"curies":[{"name":"wp","href":"https:\/\/api.w.org\/{rel}","templated":true}]}}