{"id":2870,"date":"2022-04-29T11:18:49","date_gmt":"2022-04-29T09:18:49","guid":{"rendered":"https:\/\/pistonaddict.com\/nosutisana\/"},"modified":"2022-05-04T18:00:05","modified_gmt":"2022-05-04T16:00:05","slug":"nosutisana","status":"publish","type":"page","link":"https:\/\/pistonaddict.com\/lv\/nosutisana\/","title":{"rendered":"Nos\u016bt\u012b\u0161ana"},"content":{"rendered":"\t\t<div data-elementor-type=\"wp-page\" data-elementor-id=\"2870\" class=\"elementor elementor-2870 elementor-333\">\n\t\t\t\t\t\t<section class=\"elementor-section elementor-top-section elementor-element elementor-element-eb8a04d elementor-section-boxed elementor-section-height-default elementor-section-height-default\" data-id=\"eb8a04d\" data-element_type=\"section\">\n\t\t\t\t\t\t<div class=\"elementor-container elementor-column-gap-default\">\n\t\t\t\t\t<div class=\"elementor-column elementor-col-100 elementor-top-column elementor-element elementor-element-43edc4e\" data-id=\"43edc4e\" data-element_type=\"column\">\n\t\t\t<div class=\"elementor-widget-wrap elementor-element-populated\">\n\t\t\t\t\t\t<div class=\"elementor-element elementor-element-d78828a elementor-widget elementor-widget-text-editor\" data-id=\"d78828a\" data-element_type=\"widget\" data-widget_type=\"text-editor.default\">\n\t\t\t\t<div class=\"elementor-widget-container\">\n\t\t\t<style>\/*! elementor - v3.21.0 - 18-04-2024 *\/\n.elementor-widget-text-editor.elementor-drop-cap-view-stacked .elementor-drop-cap{background-color:#69727d;color:#fff}.elementor-widget-text-editor.elementor-drop-cap-view-framed .elementor-drop-cap{color:#69727d;border:3px solid;background-color:transparent}.elementor-widget-text-editor:not(.elementor-drop-cap-view-default) .elementor-drop-cap{margin-top:8px}.elementor-widget-text-editor:not(.elementor-drop-cap-view-default) .elementor-drop-cap-letter{width:1em;height:1em}.elementor-widget-text-editor .elementor-drop-cap{float:left;text-align:center;line-height:1;font-size:50px}.elementor-widget-text-editor .elementor-drop-cap-letter{display:inline-block}<\/style>\t\t\t\t\n          <h1>\n            <strong>TRANSPORTL\u012aDZEK\u013bA PIEG\u0100DE<\/strong>\n          <\/h1>\n          <h2>\n            <strong>K\u0100 TRANSPORT\u0112T TRANSPORTL\u012aDZEKLI?<\/strong>\n          <\/h2>\n          <p>Ja v\u0113laties transport\u0113t savu transportl\u012bdzekli, jums ir pieejami vair\u0101ki risin\u0101jumi.<\/p>\n          <p>Varat to izdar\u012bt pats vai izmantot profesion\u0101lus transporta pakalpojumus, piem\u0113ram, vilk\u0161anu, transport\u0113\u0161anu, bortu vai kravas automa\u0161\u012bnu transportu vai visbeidzot j\u016bras transportu.<\/p>\n          <h3>\n            <strong>1- Transportl\u012bdzek\u013ca vilk\u0161ana<\/strong>\n          <\/h3>\n          <p>\u0160is transporta veids ir piem\u0113rots nelieliem att\u0101lumiem, ar nelielu \u0101trumu. Lai vilktu automa\u0161\u012bnu, jums b\u016bs nepiecie\u0161ams:<\/p>\n          <ul>\n            <li>Maksim\u0101lai dro\u0161\u012bbai izmantojiet apstiprin\u0101tu pievilk\u0161anas stieni;<\/li>\n            <li>Velkamaj\u0101 transportl\u012bdzekl\u012b j\u0101b\u016bt vad\u012bt\u0101ja pavad\u012bb\u0101;<\/li>\n            <li>Brauciet ar maksim\u0101lo \u0101trumu 50 km\/h un izmantojiet tikai sekund\u0101r\u0101s asis;<\/li>\n            <li>Nodro\u0161iniet velko\u0161o transportl\u012bdzekli, kas ir smag\u0101ks par velkamo transportl\u012bdzekli;<\/li>\n            <li>Izmantojiet br\u012bdin\u0101jumus, esiet piesardz\u012bgs un iev\u0113rojiet elast\u012bgu brauk\u0161anas stilu.<\/li>\n          <\/ul>\n          <h2> <\/h2>\n          <h3>\n            <strong>2- Transport\u0113jiet transportl\u012bdzekli uz platformas<\/strong>\n          <\/h3>\n          <p>\u0160\u012b opcija ir piem\u0113rota transportl\u012bdzek\u013ca p\u0101rvad\u0101\u0161anai lielos att\u0101lumos piln\u012bg\u0101 dro\u0161\u012bb\u0101. Lai transport\u0113\u0161anas laik\u0101 aizsarg\u0101tu virsb\u016bvi, varat izv\u0113l\u0113ties, lai j\u016bsu transportl\u012bdzeklis tiktu p\u0101rvad\u0101ts ar bortu kravas automa\u0161\u012bnu, v\u0113lams p\u0101rkl\u0101tu.<\/p>\n          <h3>\n            <strong>3- Transportl\u012bdzek\u013cu p\u0101rvad\u0101\u0161ana ar kravas automa\u0161\u012bnu<\/strong>\n          <\/h3>\n          <p>Tas ir t\u0101ds pats princips k\u0101 p\u0101rvad\u0101\u0161anai ar bortu kravas automa\u0161\u012bnu, ta\u010du \u0161aj\u0101 gad\u012bjum\u0101 j\u016bsu transportl\u012bdzeklis tiek p\u0101rvad\u0101ts kravas automa\u0161\u012bnas piekab\u0113. \u0160\u012b alternat\u012bva ir iesp\u0113jama pat tad, ja jums ir tikai viens transportl\u012bdzeklis, ko p\u0101rvad\u0101t. \u0160\u012b iesp\u0113ja ir ekonomiska; lab\u0101kie tirgus dal\u012bbnieki pied\u0101v\u0101 izpildes laiku no vienas l\u012bdz div\u0101m ned\u0113\u013c\u0101m no pas\u016bt\u012bjuma pie\u0146em\u0161anas l\u012bdz pieg\u0101dei.<\/p>\n          <h3>\n            <strong>4- Transportl\u012bdzek\u013cu transport\u0113\u0161ana<\/strong>\n          <\/h3>\n          <p>Lai transport\u0113\u0161ana b\u016btu iesp\u0113jama, transportl\u012bdzeklim j\u0101b\u016bt mobilam, lab\u0101 darba k\u0101rt\u012bb\u0101 un labi uztur\u0113tam. J\u016bsu vajadz\u012bb\u0101m tiek pie\u0161\u0137irts konveijers, kas nog\u0101d\u0101 transportl\u012bdzekli no izbrauk\u0161anas l\u012bdz galam\u0113r\u0137im.<\/p>\n          <p>T\u0101 ir \u0101tra alternat\u012bva, neizmantojot da\u017e\u0101das iekrau\u0161anas vai izkrau\u0161anas platformas, ta\u010du t\u0101 ir d\u0101rg\u0101ka.<\/p>\n          <h3>\n            <strong>5- J\u016bras transports<\/strong>\n          <\/h3>\n          <p>Automa\u0161\u012bnu p\u0101rvad\u0101jumi ar ro-ro ku\u0123iem (vai RO-RO) veido liel\u0101ko da\u013cu transportl\u012bdzek\u013cu j\u016bras kravu. Transportl\u012bdzek\u013ci tur tiek novietoti uz p\u0101rvad\u0101juma laiku. Tas ir visekonomisk\u0101kais un da\u017ereiz \u0101tr\u0101kais automa\u0161\u012bnu pieg\u0101des veids.<\/p>\n          <p>S\u016bt\u012b\u0161anas a\u0123enta izmanto\u0161ana bie\u017ei vien ir oblig\u0101ta, lai var\u0113tu nos\u016bt\u012bt transportl\u012bdzekli uz \u0101rvalsti. Tas par\u016bp\u0113sies par administrat\u012bvaj\u0101m proced\u016br\u0101m izbrauk\u0161anas ost\u0101, bet ar\u012b iebrauk\u0161anas ost\u0101.<\/p>\n          <h2>\n            <strong>K\u0100DI DOKUMENTI IR J\u0100IZSNIEDZ, LAI TRANSPORTL\u012aDZEK\u013bU NOS\u016aT\u012aTU STARPTAUTISK\u0100 CE\u013b\u0100?<\/strong>\n          <\/h2>\n          <ul>\n            <li>transportl\u012bdzek\u013ca pirkuma r\u0113\u0137ins;<\/li>\n            <li>J\u016bsu personu apliecino\u0161a dokumenta kopija;<\/li>\n            <li>transportl\u012bdzek\u013ca re\u0123istr\u0101cijas dokuments;<\/li>\n            <li>P\u0101rejas sertifik\u0101ts;<\/li>\n            <li>Ne\u0137\u012blas sertifik\u0101ts;<\/li>\n            <li>Aizpild\u012bts un parakst\u012bts v\u0113rt\u012bbas sertifik\u0101ts ( <strong><a href=\"https:\/\/pistonaddict.com\/wp-content\/uploads\/2022\/05\/Attestation-de-valeur-vehicule.pdf\" target=\"_blank\" rel=\"noopener\"><u>lejupiel\u0101d\u0113jiet to<\/u><\/a><\/strong> ).<\/li>\n          <\/ul>\n          <p>Atkar\u012bb\u0101 no galam\u0113r\u0137a valsts var b\u016bt nepiecie\u0161ami citi dokumenti. Neaizmirstiet pajaut\u0101t savam p\u0101rvad\u0101t\u0101jam, vai iesniegtaj\u0101 pied\u0101v\u0101jum\u0101 ir iek\u013cauti nodok\u013ci, nodevas un muitas nodevas.<\/p>\n          <h2>\n            <strong>CIK IZMAKS\u0100 TRANSPORTL\u012aDZEK\u013bA S\u016aT\u012a\u0160ANA STARPTAUTISKAJ\u0100M?<\/strong>\n          <\/h2>\n          <p>Likmes katram p\u0101rvad\u0101t\u0101jam, protams, at\u0161\u0137iras: transporta izmaksu apr\u0113\u0137in\u0101\u0161anai transportl\u012bdzek\u013cu transporta uz\u0146\u0113mums \u0146em v\u0113r\u0101 vair\u0101kus elementus:<\/p>\n          <ul>\n            <li>transportl\u012bdzek\u013ca tips;<\/li>\n            <li>Transporta veids;<\/li>\n            <li>Att\u0101lums starp ab\u0101m valst\u012bm;<\/li>\n            <li>Nos\u016bt\u012b\u0161anas termi\u0146\u0161 un gada periods.<\/li>\n          <\/ul>\n          <p>J\u016bs paliksiet atbild\u012bgs par transporta apdro\u0161in\u0101\u0161anu, ko jums pied\u0101v\u0101s transporta uz\u0146\u0113mums, k\u0101 ar\u012b par muitas nodev\u0101m un nodok\u013ciem, kas ir j\u0101maks\u0101.<\/p>\n          <p>Sauszemes transports ir vispraktisk\u0101kais veids, k\u0101 nos\u016bt\u012bt transportl\u012bdzekli, \u012bpa\u0161i starp robe\u017evalst\u012bm. J\u016bras transporta priek\u0161roc\u012bba ir t\u0101, ka tas ir ekonomisks, bet l\u0113n\u0101ks.<\/p>\n          <h2>\n            <strong>PADOMS VIRZU\u013bU ATKAR\u012aGAM<\/strong>\n          <\/h2>\n          <p>Tagad, kad j\u016bs zin\u0101t visu, kas j\u0101zina par transportl\u012bdzek\u013cu p\u0101rvad\u0101\u0161anu, \u0161eit ir da\u017ei padomi, kurus vienm\u0113r ir v\u0113rts iev\u0113rot, pirms uzticat savu transportl\u012bdzekli izv\u0113l\u0113tajam transporta uz\u0146\u0113mumam:<\/p>\n          <ul>\n            <li>Deaktiviz\u0113jiet signaliz\u0101ciju, ja t\u0101da ir, lai transport\u0113\u0161anas laik\u0101 t\u0101 neiedarbotos;<\/li>\n            <li>Uzl\u0101d\u0113jiet akumulatoru maksim\u0101li, lai transport\u0113\u0161anas laik\u0101 tas piln\u012bb\u0101 neizl\u0101d\u0113tos;<\/li>\n            <li>Dro\u0161\u012bbas nol\u016bkos p\u0113c iesp\u0113jas iztuk\u0161ojiet degvielas tvertni;<\/li>\n            <li>Uzmanieties, lai transportl\u012bdzekl\u012b neatst\u0101tu nek\u0101dus priek\u0161metus;<\/li>\n            <li>Saglab\u0101jiet pier\u0101d\u012bjumus par transportl\u012bdzek\u013ca st\u0101vokli pirms nodo\u0161anas p\u0101rvad\u0101t\u0101jam;<\/li>\n            <li>Nosl\u0113dziet apdro\u0161in\u0101\u0161anu, lai sa\u0146emtu naudas atdo\u0161anas garantiju, ja transport\u0113\u0161anas laik\u0101 rodas probl\u0113mas;<\/li>\n            <li>Saglab\u0101jiet transportl\u012bdzek\u013ca re\u0123istr\u0101cijas apliec\u012bbas, \u012bpa\u0161umties\u012bbu apliec\u012bbas un neie\u0137\u012bl\u0101\u0161anas apliec\u012bbas ori\u0123in\u0101lus;<\/li>\n            <li>Turiet l\u012bdzi rezerves transportl\u012bdzek\u013ca atsl\u0113gas. Un galvenais, neaizmirstiet nos\u016bt\u012bt atsl\u0113gu dublik\u0101tus, tikl\u012bdz pirc\u0113js ir sa\u0146\u0113mis transportl\u012bdzekli.<\/li>\n          <\/ul>\n          <p> <\/p>\n          <h2>\n            <strong>M\u016bsu ieteikumi ar kravas automa\u0161\u012bnu<\/strong>\n          <\/h2>\n          <ul>\n            <li><em><strong>V\u0101cija \u2013 Austrija \u2013 Be\u013c\u0123ija \u2013 Sp\u0101nija \u2013 Francija \u2013 It\u0101lija \u2013 N\u012bderlande \u2013 Portug\u0101le \u2013 \u0160veice \u2013 Apvienot\u0101 Karaliste<\/strong> :<\/em> Starptautiskais: <a href=\"https:\/\/www.eurosender.com\/en\/vt\/vehicle-transport\/car\" target=\"_blank\" rel=\"noopener\">Eurosender<\/a> , <a href=\"https:\/\/www.shiply.com\/vehicle-delivery\/car-transport-to-europe.php\" target=\"_blank\" rel=\"noopener\">Shiply<\/a><\/li>\n            <li><strong><em>Francija:<\/em><\/strong> Nacion\u0101l\u0101: <a href=\"https:\/\/disposeo.com\/\" target=\"_blank\" rel=\"noopener\">Disposeo<\/a> , <a href=\"https:\/\/www.hiflow.com\/particulier\" target=\"_blank\" rel=\"noopener\">Hiflow<\/a><\/li>\n          <\/ul>\n          <h2>\n            <strong>M\u016bsu ieteikumi pa j\u016bru<\/strong>\n          <\/h2>\n          <ul>\n            <li><a href=\"https:\/\/cfrrinkens.com\/rate-request\/\" target=\"_blank\" rel=\"noopener\">CFR Rinkens<\/a> , <a href=\"https:\/\/www.carseurope.net\/international-car-transportation-quote\/\" target=\"_blank\" rel=\"noopener\">CARS<\/a><\/li>\n          <\/ul>\n        \t\t\t\t\t\t<\/div>\n\t\t\t\t<\/div>\n\t\t\t\t\t<\/div>\n\t\t<\/div>\n\t\t\t\t\t<\/div>\n\t\t<\/section>\n\t\t\t\t<\/div>\n\t\t","protected":false},"excerpt":{"rendered":"<p>TRANSPORTL\u012aDZEK\u013bA PIEG\u0100DE K\u0100 TRANSPORT\u0112T TRANSPORTL\u012aDZEKLI? Ja v\u0113laties transport\u0113t savu transportl\u012bdzekli, jums ir pieejami vair\u0101ki risin\u0101jumi. Varat to izdar\u012bt pats vai izmantot profesion\u0101lus transporta pakalpojumus, piem\u0113ram, vilk\u0161anu, transport\u0113\u0161anu, bortu vai kravas automa\u0161\u012bnu transportu vai visbeidzot j\u016bras transportu. 1- Transportl\u012bdzek\u013ca vilk\u0161ana \u0160is transporta veids ir piem\u0113rots nelieliem att\u0101lumiem, ar nelielu \u0101trumu. Lai vilktu automa\u0161\u012bnu, jums b\u016bs nepiecie\u0161ams: &#8230; <a title=\"Nos\u016bt\u012b\u0161ana\" class=\"read-more\" href=\"https:\/\/pistonaddict.com\/lv\/nosutisana\/\">Las\u012bt vair\u0101k<span class=\"screen-reader-text\">Nos\u016bt\u012b\u0161ana<\/span><\/a><\/p>\n","protected":false},"author":1,"featured_media":0,"parent":0,"menu_order":0,"comment_status":"closed","ping_status":"closed","template":"","meta":{"inline_featured_image":false,"footnotes":""},"acf":[],"yoast_head":"<!-- This site is optimized with the Yoast SEO plugin v22.5 - https:\/\/yoast.com\/wordpress\/plugins\/seo\/ -->\n<title>Nos\u016bt\u012b\u0161ana - Piston Addict<\/title>\n<meta name=\"robots\" content=\"index, follow, max-snippet:-1, max-image-preview:large, max-video-preview:-1\" \/>\n<link rel=\"canonical\" href=\"https:\/\/pistonaddict.com\/lv\/nosutisana\/\" \/>\n<meta property=\"og:locale\" content=\"lv_LV\" \/>\n<meta property=\"og:type\" content=\"article\" \/>\n<meta property=\"og:title\" content=\"Nos\u016bt\u012b\u0161ana - Piston Addict\" \/>\n<meta property=\"og:description\" content=\"TRANSPORTL\u012aDZEK\u013bA PIEG\u0100DE K\u0100 TRANSPORT\u0112T TRANSPORTL\u012aDZEKLI? Ja v\u0113laties transport\u0113t savu transportl\u012bdzekli, jums ir pieejami vair\u0101ki risin\u0101jumi. Varat to izdar\u012bt pats vai izmantot profesion\u0101lus transporta pakalpojumus, piem\u0113ram, vilk\u0161anu, transport\u0113\u0161anu, bortu vai kravas automa\u0161\u012bnu transportu vai visbeidzot j\u016bras transportu. 1- Transportl\u012bdzek\u013ca vilk\u0161ana \u0160is transporta veids ir piem\u0113rots nelieliem att\u0101lumiem, ar nelielu \u0101trumu. Lai vilktu automa\u0161\u012bnu, jums b\u016bs nepiecie\u0161ams: ... Las\u012bt vair\u0101kNos\u016bt\u012b\u0161ana\" \/>\n<meta property=\"og:url\" content=\"https:\/\/pistonaddict.com\/lv\/nosutisana\/\" \/>\n<meta property=\"og:site_name\" content=\"Piston Addict\" \/>\n<meta property=\"article:modified_time\" content=\"2022-05-04T16:00:05+00:00\" \/>\n<meta name=\"twitter:card\" content=\"summary_large_image\" \/>\n<meta name=\"twitter:label1\" content=\"Est. reading time\" \/>\n\t<meta name=\"twitter:data1\" content=\"4 minutes\" \/>\n<script type=\"application\/ld+json\" class=\"yoast-schema-graph\">{\"@context\":\"https:\/\/schema.org\",\"@graph\":[{\"@type\":\"WebPage\",\"@id\":\"https:\/\/pistonaddict.com\/lv\/nosutisana\/\",\"url\":\"https:\/\/pistonaddict.com\/lv\/nosutisana\/\",\"name\":\"Nos\u016bt\u012b\u0161ana - Piston Addict\",\"isPartOf\":{\"@id\":\"https:\/\/pistonaddict.com\/lv\/#website\"},\"datePublished\":\"2022-04-29T09:18:49+00:00\",\"dateModified\":\"2022-05-04T16:00:05+00:00\",\"breadcrumb\":{\"@id\":\"https:\/\/pistonaddict.com\/lv\/nosutisana\/#breadcrumb\"},\"inLanguage\":\"lv-LV\",\"potentialAction\":[{\"@type\":\"ReadAction\",\"target\":[\"https:\/\/pistonaddict.com\/lv\/nosutisana\/\"]}]},{\"@type\":\"BreadcrumbList\",\"@id\":\"https:\/\/pistonaddict.com\/lv\/nosutisana\/#breadcrumb\",\"itemListElement\":[{\"@type\":\"ListItem\",\"position\":1,\"name\":\"M\u0101jas lapa\",\"item\":\"https:\/\/pistonaddict.com\/lv\/majas-lapa-2\/\"},{\"@type\":\"ListItem\",\"position\":2,\"name\":\"Nos\u016bt\u012b\u0161ana\"}]},{\"@type\":\"WebSite\",\"@id\":\"https:\/\/pistonaddict.com\/lv\/#website\",\"url\":\"https:\/\/pistonaddict.com\/lv\/\",\"name\":\"Piston Addict\",\"description\":\"Only interesting vehicles\",\"publisher\":{\"@id\":\"https:\/\/pistonaddict.com\/lv\/#organization\"},\"potentialAction\":[{\"@type\":\"SearchAction\",\"target\":{\"@type\":\"EntryPoint\",\"urlTemplate\":\"https:\/\/pistonaddict.com\/lv\/?s={search_term_string}\"},\"query-input\":\"required name=search_term_string\"}],\"inLanguage\":\"lv-LV\"},{\"@type\":\"Organization\",\"@id\":\"https:\/\/pistonaddict.com\/lv\/#organization\",\"name\":\"Piston Addict\",\"url\":\"https:\/\/pistonaddict.com\/lv\/\",\"logo\":{\"@type\":\"ImageObject\",\"inLanguage\":\"lv-LV\",\"@id\":\"https:\/\/pistonaddict.com\/lv\/#\/schema\/logo\/image\/\",\"url\":\"https:\/\/pistonaddict.com\/wp-content\/uploads\/2022\/07\/logo-6.png\",\"contentUrl\":\"https:\/\/pistonaddict.com\/wp-content\/uploads\/2022\/07\/logo-6.png\",\"width\":970,\"height\":200,\"caption\":\"Piston Addict\"},\"image\":{\"@id\":\"https:\/\/pistonaddict.com\/lv\/#\/schema\/logo\/image\/\"}}]}<\/script>\n<!-- \/ Yoast SEO plugin. -->","yoast_head_json":{"title":"Nos\u016bt\u012b\u0161ana - Piston Addict","robots":{"index":"index","follow":"follow","max-snippet":"max-snippet:-1","max-image-preview":"max-image-preview:large","max-video-preview":"max-video-preview:-1"},"canonical":"https:\/\/pistonaddict.com\/lv\/nosutisana\/","og_locale":"lv_LV","og_type":"article","og_title":"Nos\u016bt\u012b\u0161ana - Piston Addict","og_description":"TRANSPORTL\u012aDZEK\u013bA PIEG\u0100DE K\u0100 TRANSPORT\u0112T TRANSPORTL\u012aDZEKLI? Ja v\u0113laties transport\u0113t savu transportl\u012bdzekli, jums ir pieejami vair\u0101ki risin\u0101jumi. Varat to izdar\u012bt pats vai izmantot profesion\u0101lus transporta pakalpojumus, piem\u0113ram, vilk\u0161anu, transport\u0113\u0161anu, bortu vai kravas automa\u0161\u012bnu transportu vai visbeidzot j\u016bras transportu. 1- Transportl\u012bdzek\u013ca vilk\u0161ana \u0160is transporta veids ir piem\u0113rots nelieliem att\u0101lumiem, ar nelielu \u0101trumu. Lai vilktu automa\u0161\u012bnu, jums b\u016bs nepiecie\u0161ams: ... Las\u012bt vair\u0101kNos\u016bt\u012b\u0161ana","og_url":"https:\/\/pistonaddict.com\/lv\/nosutisana\/","og_site_name":"Piston Addict","article_modified_time":"2022-05-04T16:00:05+00:00","twitter_card":"summary_large_image","twitter_misc":{"Est. reading time":"4 minutes"},"schema":{"@context":"https:\/\/schema.org","@graph":[{"@type":"WebPage","@id":"https:\/\/pistonaddict.com\/lv\/nosutisana\/","url":"https:\/\/pistonaddict.com\/lv\/nosutisana\/","name":"Nos\u016bt\u012b\u0161ana - Piston Addict","isPartOf":{"@id":"https:\/\/pistonaddict.com\/lv\/#website"},"datePublished":"2022-04-29T09:18:49+00:00","dateModified":"2022-05-04T16:00:05+00:00","breadcrumb":{"@id":"https:\/\/pistonaddict.com\/lv\/nosutisana\/#breadcrumb"},"inLanguage":"lv-LV","potentialAction":[{"@type":"ReadAction","target":["https:\/\/pistonaddict.com\/lv\/nosutisana\/"]}]},{"@type":"BreadcrumbList","@id":"https:\/\/pistonaddict.com\/lv\/nosutisana\/#breadcrumb","itemListElement":[{"@type":"ListItem","position":1,"name":"M\u0101jas lapa","item":"https:\/\/pistonaddict.com\/lv\/majas-lapa-2\/"},{"@type":"ListItem","position":2,"name":"Nos\u016bt\u012b\u0161ana"}]},{"@type":"WebSite","@id":"https:\/\/pistonaddict.com\/lv\/#website","url":"https:\/\/pistonaddict.com\/lv\/","name":"Piston Addict","description":"Only interesting vehicles","publisher":{"@id":"https:\/\/pistonaddict.com\/lv\/#organization"},"potentialAction":[{"@type":"SearchAction","target":{"@type":"EntryPoint","urlTemplate":"https:\/\/pistonaddict.com\/lv\/?s={search_term_string}"},"query-input":"required name=search_term_string"}],"inLanguage":"lv-LV"},{"@type":"Organization","@id":"https:\/\/pistonaddict.com\/lv\/#organization","name":"Piston Addict","url":"https:\/\/pistonaddict.com\/lv\/","logo":{"@type":"ImageObject","inLanguage":"lv-LV","@id":"https:\/\/pistonaddict.com\/lv\/#\/schema\/logo\/image\/","url":"https:\/\/pistonaddict.com\/wp-content\/uploads\/2022\/07\/logo-6.png","contentUrl":"https:\/\/pistonaddict.com\/wp-content\/uploads\/2022\/07\/logo-6.png","width":970,"height":200,"caption":"Piston Addict"},"image":{"@id":"https:\/\/pistonaddict.com\/lv\/#\/schema\/logo\/image\/"}}]}},"_links":{"self":[{"href":"https:\/\/pistonaddict.com\/lv\/wp-json\/wp\/v2\/pages\/2870"}],"collection":[{"href":"https:\/\/pistonaddict.com\/lv\/wp-json\/wp\/v2\/pages"}],"about":[{"href":"https:\/\/pistonaddict.com\/lv\/wp-json\/wp\/v2\/types\/page"}],"author":[{"embeddable":true,"href":"https:\/\/pistonaddict.com\/lv\/wp-json\/wp\/v2\/users\/1"}],"replies":[{"embeddable":true,"href":"https:\/\/pistonaddict.com\/lv\/wp-json\/wp\/v2\/comments?post=2870"}],"version-history":[{"count":2,"href":"https:\/\/pistonaddict.com\/lv\/wp-json\/wp\/v2\/pages\/2870\/revisions"}],"predecessor-version":[{"id":4218,"href":"https:\/\/pistonaddict.com\/lv\/wp-json\/wp\/v2\/pages\/2870\/revisions\/4218"}],"wp:attachment":[{"href":"https:\/\/pistonaddict.com\/lv\/wp-json\/wp\/v2\/media?parent=2870"}],"curies":[{"name":"wp","href":"https:\/\/api.w.org\/{rel}","templated":true}]}}