{"id":2830,"date":"2022-04-29T11:18:33","date_gmt":"2022-04-29T09:18:33","guid":{"rendered":"https:\/\/pistonaddict.com\/juridisks-pazinojums\/"},"modified":"2024-10-26T08:16:53","modified_gmt":"2024-10-26T06:16:53","slug":"juridisks-pazinojums","status":"publish","type":"page","link":"https:\/\/pistonaddict.com\/lv\/juridisks-pazinojums\/","title":{"rendered":"Juridiskais pazi\u0146ojums"},"content":{"rendered":"\t\t<div data-elementor-type=\"wp-page\" data-elementor-id=\"2830\" class=\"elementor elementor-2830 elementor-2848\">\n\t\t\t\t\t\t<section class=\"elementor-section elementor-top-section elementor-element elementor-element-4eb0e23 elementor-section-boxed elementor-section-height-default elementor-section-height-default\" data-id=\"4eb0e23\" data-element_type=\"section\">\n\t\t\t\t\t\t<div class=\"elementor-container elementor-column-gap-default\">\n\t\t\t\t\t<div class=\"elementor-column elementor-col-100 elementor-top-column elementor-element elementor-element-229cbe5\" data-id=\"229cbe5\" data-element_type=\"column\">\n\t\t\t<div class=\"elementor-widget-wrap elementor-element-populated\">\n\t\t\t\t\t\t<div class=\"elementor-element elementor-element-2af4966 elementor-widget elementor-widget-text-editor\" data-id=\"2af4966\" data-element_type=\"widget\" data-widget_type=\"text-editor.default\">\n\t\t\t\t<div class=\"elementor-widget-container\">\n\t\t\t<style>\/*! elementor - v3.21.0 - 18-04-2024 *\/\n.elementor-widget-text-editor.elementor-drop-cap-view-stacked .elementor-drop-cap{background-color:#69727d;color:#fff}.elementor-widget-text-editor.elementor-drop-cap-view-framed .elementor-drop-cap{color:#69727d;border:3px solid;background-color:transparent}.elementor-widget-text-editor:not(.elementor-drop-cap-view-default) .elementor-drop-cap{margin-top:8px}.elementor-widget-text-editor:not(.elementor-drop-cap-view-default) .elementor-drop-cap-letter{width:1em;height:1em}.elementor-widget-text-editor .elementor-drop-cap{float:left;text-align:center;line-height:1;font-size:50px}.elementor-widget-text-editor .elementor-drop-cap-letter{display:inline-block}<\/style>\t\t\t\t<h2><strong>T\u012aMEK\u013bA VIETNES PREZENT\u0100CIJA<\/strong><\/h2>\n<p>Saska\u0146\u0101 ar 2004. gada 21. j\u016bnija Likuma Nr. 2004-575 par uztic\u0113\u0161anos digit\u0101lajai ekonomikai 6. pantu un piem\u0113rojot <strong>Visp\u0101r\u012bgo datu aizsardz\u012bbas<\/strong> <strong>regulu<\/strong> [Regula (ES) 2016\/679], vietnes lietot\u0101jiem tiek nor\u0101d\u012bta: https:\/\/www.pistonaddict.com, da\u017e\u0101do ieinteres\u0113to personu identit\u0101te saist\u012bb\u0101 ar t\u0101s realiz\u0101ciju un uzraudz\u012bbu.<\/p>\n<ul>\n<li><strong>\u012apa\u0161nieks:<\/strong> <strong>Piston Addict SA<\/strong><\/li>\n<li>SA ar pamatkapit\u0101lu 400 000 CHF<\/li>\n<li>IDE numurs: CHE-354.351.695<\/li>\n<li>PVN numurs: CHE-354.351.695TVA un EU528667635 (ne ES OSS numurs)<\/li>\n<li>Birojs : Rue Alexandre Gavard 16, 1227 Carouge,&nbsp; \u0160veice<\/li>\n<li>T\u0101lrunis: 00 41 22 342 03 55<\/li>\n<\/ul>\n<ul>\n<li><strong>Rad\u012bt\u0101js\/vebmeistars: KUBIWEB<\/strong><\/li>\n<li>SAS ar pamatkapit\u0101lu 21 320 \u20ac<\/li>\n<li>SIRET numurs: 53018964600025<\/li>\n<li>Galven\u0101 m\u012btne: 46-48 Chemin de la Bruy\u00e8re &#8211; 69570 DARDILLY<\/li>\n<\/ul>\n<ul>\n<li><strong>Saimnieks: HOSTINGER<\/strong><\/li>\n<li>Galven\u0101 m\u012btne: HOSTINGER INTERNATIONAL LTD, 61 Lordou Vironos Street, 6023 Larnaca, Kipra.<\/li>\n<li>Kontaktpersona: <a href=\"https:\/\/www.hostinger.fr\/contact\" target=\"_blank\" rel=\"noopener\">https:\/\/www.hostinger.fr\/contact<\/a><\/li>\n<\/ul>\n\n<ul>\n<li>E-pasts : <a href=\"https:\/\/pistonaddict.com\/lv\/sazinies-ar-mums\/\">Kontaktinform\u0101cija<\/a><\/li>\n<\/ul>\n<p>Piston Addict aktivit\u0101tes notiek vis\u0101 pasaul\u0113, bet galven\u0101 uzman\u012bba tiek piev\u0113rsta Eiropai, iz\u0146emot Apvienoto Karalisti un \u012ariju.&nbsp;<\/p>\n<p><\/p>\n<h2><strong>VIETNES UN PIED\u0100V\u0100TO PAKALPOJUMU IZMANTO\u0160ANAS VISP\u0100R\u012aGIE NOSAC\u012aJUMI<\/strong><\/h2>\n<p>Vietnes https:\/\/www.pistonaddict.com lieto\u0161ana noz\u012bm\u0113, ka piln\u012bb\u0101 piekr\u012btat turpm\u0101k aprakst\u012btajiem visp\u0101r\u012bgajiem lieto\u0161anas nosac\u012bjumiem. \u0160ie lieto\u0161anas noteikumi var tikt groz\u012bti vai papildin\u0101ti jebkur\u0101 laik\u0101, t\u0101p\u0113c vietnes https:\/\/www.pistonaddict.com lietot\u0101ji tiek aicin\u0101ti regul\u0101ri ar tiem iepaz\u012bties.<\/p>\n<p>\u0160\u012b vietne lietot\u0101jiem parasti ir pieejama jebkur\u0101 laik\u0101. Tom\u0113r par p\u0101rtraukumu tehnisk\u0101s apkopes d\u0113\u013c var lemt <strong>Piston Addict<\/strong>, kas p\u0113c tam cent\u012bsies inform\u0113t lietot\u0101jus pirms iejauk\u0161an\u0101s datumiem un laikiem.<\/p>\n<p>Vietni https:\/\/www.pistonaddict.com regul\u0101ri atjaunina <strong>Piston Addict<\/strong>. T\u0101pat ar\u012b juridiskos pazi\u0146ojumus var main\u012bt jebkur\u0101 laik\u0101, tom\u0113r tie ir saisto\u0161i lietot\u0101jam, kur\u0161 tiek aicin\u0101ts p\u0113c iesp\u0113jas bie\u017e\u0101k tos apl\u016bkot, lai ar tiem iepaz\u012btos.<\/p>\n<h2>&nbsp;<\/h2>\n<h2><strong>SNIEGTO PAKALPOJUMU APRAKSTS<\/strong><\/h2>\n<p>Vietnes https:\/\/www.pistonaddict.com m\u0113r\u0137is ir sniegt inform\u0101ciju par vis\u0101m uz\u0146\u0113muma darb\u012bb\u0101m. <strong>Piston Addict<\/strong> cen\u0161as sniegt p\u0113c iesp\u0113jas prec\u012bz\u0101ku inform\u0101ciju vietn\u0113 https:\/\/www.pistonaddict.com.<\/p>\n<p>Tom\u0113r t\u0101 nevar uz\u0146emties atbild\u012bbu par izlaidumiem, neprecizit\u0101t\u0113m un nepiln\u012bb\u0101m atjaunin\u0101taj\u0101 inform\u0101cij\u0101, ko ir pie\u013c\u0101vusi pati vai tre\u0161\u0101s puses partneri, kas tai sniedz \u0161o inform\u0101ciju.<\/p>\n<p>Visa inform\u0101cija, kas nor\u0101d\u012bta vietn\u0113 https:\/\/www.pistonaddict.com, ir nor\u0101d\u012bta k\u0101 indikat\u012bva un, iesp\u0113jams, var main\u012bties. Turkl\u0101t vietn\u0113 https:\/\/www.pistonaddict.com sniegt\u0101 inform\u0101cija nav izsme\u013co\u0161a. Tie tiek sniegti ar nosac\u012bjumu, ka kop\u0161 to ievieto\u0161anas tie\u0161saist\u0113 tajos ir veiktas izmai\u0146as.<\/p>\n<h2>&nbsp;<\/h2>\n<h2><strong>L\u012aGUMA IEROBE\u017dOJUMI ATTIEC\u012aB\u0100 UZ TEHNISKAJIEM DATIEM<\/strong><\/h2>\n<p>Vietn\u0113 tiek izmantota JavaScript tehnolo\u0123ija.<\/p>\n<p>Vietne nevar uz\u0146emties atbild\u012bbu par materi\u0101lajiem zaud\u0113jumiem, kas saist\u012bti ar vietnes lieto\u0161anu. Turkl\u0101t vietnes lietot\u0101js piekr\u012bt piekrist piek\u013c\u016bt vietnei, izmantojot jaun\u0101k\u0101s paaudzes iek\u0101rtas, kas nesatur v\u012brusus, un atjaunin\u0101tu jaun\u0101k\u0101s paaudzes p\u0101rl\u016bkprogrammu.<\/p>\n<h2>&nbsp;<\/h2>\n<h2><strong>INTELEKTU\u0100LAIS \u012aPA\u0160UMS UN P\u0100RK\u0100PUMI<\/strong><\/h2>\n<p><strong>Piston Addict<\/strong> ir intelektu\u0101l\u0101 \u012bpa\u0161uma ties\u012bbu \u012bpa\u0161nieks vai ir ties\u012bgs izmantot visus vietn\u0113 pieejamos elementus, jo \u012bpa\u0161i tekstus, att\u0113lus, grafikas, logo, ikonas, ska\u0146as, programmat\u016bru.<\/p>\n<p>Jebk\u0101da vietnes elementu vai to da\u013cas reproduc\u0113\u0161ana, att\u0113lo\u0161ana, p\u0101rveido\u0161ana, public\u0113\u0161ana, adapt\u0113\u0161ana, neatkar\u012bgi no izmantotajiem l\u012bdzek\u013ciem vai procesa, ir aizliegta, iz\u0146emot ar iepriek\u0161\u0113ju rakstisku <strong>Piston Addict<\/strong> at\u013cauju.<\/p>\n<p>Jebk\u0101da vietnes vai taj\u0101 ietverto elementu neat\u013cauta izmanto\u0161ana tiks uzskat\u012bta par p\u0101rk\u0101pumu un par to tiks ierosin\u0101ta krimin\u0101llieta saska\u0146\u0101 ar Intelektu\u0101l\u0101 \u012bpa\u0161uma kodeksa L.335-2 un turpm\u0101kajiem pantiem.<\/p>\n<h2>&nbsp;<\/h2>\n<h2><strong>ATBILD\u012aBAS IEROBE\u017dOJUMI<\/strong><\/h2>\n<p><strong>Piston Addict<\/strong> neuz\u0146emas atbild\u012bbu par tie\u0161u vai netie\u0161u kait\u0113jumu, kas nodar\u012bts lietot\u0101ja apr\u012bkojumam, piek\u013c\u016bstot vietnei https:\/\/www.pistonaddict.com un kas radies vai nu apr\u012bkojuma, kur\u0161 neatbilst 4. punkt\u0101 nor\u0101d\u012btaj\u0101m specifik\u0101cij\u0101m, izmanto\u0161anas rezult\u0101t\u0101, vai ar\u012b k\u013c\u016bdas vai nesader\u012bbas d\u0113\u013c.<\/p>\n<p><strong>Piston Addict<\/strong> nevar ar\u012b uz\u0146emties atbild\u012bbu par izrieto\u0161iem zaud\u0113jumiem (piem\u0113ram, tirgus zaud\u0113jumiem vai iesp\u0113ju zaud\u0113\u0161anu), kas radu\u0161ies vietnes https:\/\/www.pistonaddict.com lieto\u0161anas rezult\u0101t\u0101. Lietot\u0101jiem ir pieejamas interakt\u012bvas vietas (iesp\u0113ja uzdot jaut\u0101jumus kontaktviet\u0101).<\/p>\n<p><strong>Piston Addict<\/strong> patur ties\u012bbas bez iepriek\u0161\u0113ja br\u012bdin\u0101juma dz\u0113st jebk\u0101du \u0161aj\u0101 vietn\u0113 ievietoto saturu, kas b\u016btu pretrun\u0101 ar Francij\u0101 sp\u0113k\u0101 eso\u0161ajiem ties\u012bbu aktiem, jo \u012bpa\u0161i noteikumiem par datu aizsardz\u012bbu.<\/p>\n<p>Attiec\u012bg\u0101 gad\u012bjum\u0101 <strong>Piston Addict<\/strong> patur ties\u012bbas apstr\u012bd\u0113t lietot\u0101ja civiltiesisko un\/vai krimin\u0101latbild\u012bbu, jo \u012bpa\u0161i rasistiska, aizskaro\u0161a, apmelojo\u0161a vai pornogr\u0101fiska zi\u0146ojuma gad\u012bjum\u0101, neatkar\u012bgi no izmantot\u0101 inform\u0101cijas nes\u0113ja (teksts, fotogr\u0101fija utt.).<\/p>\n<h2>&nbsp;<\/h2>\n<h2><strong>PERSONAS DATU P\u0100RVALD\u012aBA<\/strong><\/h2>\n<p>Francij\u0101 personas datus \u012bpa\u0161i aizsarg\u0101 1978. gada 6. janv\u0101ra likums Nr. 78-87, 2004. gada 6. augusta likums Nr. 2004-801, Krimin\u0101lkodeksa L. 226-13. pants un 1995. gada 24. oktobra Eiropas direkt\u012bva, k\u0101 ar\u012b Eiropas Parlamenta un Padomes 2016. gada 27. apr\u012b\u013ca Regula (ES) 2016\/679.<\/p>\n<p>Lietojot vietni https:\/\/www.pistonaddict.com, var tikt v\u0101kti \u0161\u0101di dati: saites URL, ar kuras pal\u012bdz\u012bbu lietot\u0101js piek\u013c\u016bst vietnei https:\/\/www.pistonaddict.com , lietot\u0101ja interneta pakalpojumu sniedz\u0113js, lietot\u0101ja interneta protokola (IP) adrese.<\/p>\n<p>Jebkur\u0101 gad\u012bjum\u0101 <strong>Piston Addict<\/strong> v\u0101c tikai personisko inform\u0101ciju, kas attiecas uz lietot\u0101ju, lai var\u0113tu izmantot vietnes https:\/\/www.pistonaddict.com pied\u0101v\u0101tos pakalpojumus.<\/p>\n<p>Lietot\u0101js sniedz \u0161o inform\u0101ciju, piln\u012bb\u0101 p\u0101rzinot faktus, jo \u012bpa\u0161i tad, kad vi\u0146\u0161 pats to ievada. P\u0113c tam vietnes https:\/\/www.pistonaddict.com lietot\u0101jam tiek nor\u0101d\u012bts, vai vi\u0146am ir pien\u0101kums sniegt \u0161o inform\u0101ciju. Saska\u0146\u0101 ar 1978. gada 6. janv\u0101ra likuma 78-17 38. un turpm\u0101kajiem pantiem, kas attiecas uz datu apstr\u0101di, datn\u0113m un br\u012bv\u012bb\u0101m, k\u0101 ar\u012b Visp\u0101r\u012bgo datu aizsardz\u012bbas noteikumu 3. noda\u013cas noteikumiem visiem lietot\u0101jiem ir ties\u012bbas piek\u013c\u016bt personas datiem, kas uz vi\u0146iem attiecas, tos labot un iebilst pret tiem, iesniedzot rakstisku un parakst\u012btu piepras\u012bjumu, kam pievienota personu apliecino\u0161a dokumenta kopija ar dokumenta \u012bpa\u0161nieka parakstu, nor\u0101dot adresi, uz kuru j\u0101nos\u016bta atbilde.<\/p>\n<p>Vietnes https:\/\/www.pistonaddict.com lietot\u0101ja personisk\u0101 inform\u0101cija netiek public\u0113ta bez lietot\u0101ja zi\u0146as, apmain\u012bta, p\u0101rs\u016bt\u012bta, nodota, pie\u0161\u0137irta vai p\u0101rdota tre\u0161aj\u0101m person\u0101m jebk\u0101dos inform\u0101cijas nes\u0113jos.<\/p>\n<p>Tikai <strong>Piston Addict<\/strong> izpirk\u0161anas un t\u0101s ties\u012bbu p\u0101r\u0146em\u0161ana \u013cautu nodot \u0161\u0101du inform\u0101ciju potenci\u0101lajam pirc\u0113jam, kuram savuk\u0101rt b\u016btu saisto\u0161s t\u0101ds pats pien\u0101kums glab\u0101t un main\u012bt datus attiec\u012bb\u0101 uz vietnes lietot\u0101ju. https:\/\/www.pistonaddict.com.<\/p>\n<p>\u0160\u012b vietne nav deklar\u0113ta CNIL, jo t\u0101 nev\u0101c personas inform\u0101ciju bez attiec\u012bgo personu piekri\u0161anas. Datub\u0101zes aizsarg\u0101 1998. gada 1. j\u016blija likums, ar ko transpon\u0113 1996. gada 11. marta Direkt\u012bvu 96\/9 par datub\u0101zu tiesisko aizsardz\u012bbu.<\/p>\n<p><span lang=\"en\">Lai \u012bstenotu savas ties\u012bbas attiec\u012bb\u0101 uz saviem personas datiem vai ar t\u0101m saist\u012btu jaut\u0101jumu gad\u012bjum\u0101, varat sazin\u0101ties ar m\u016bsu datu aizsardz\u012bbas speci\u0101listu, rakstot uz \u0161\u0101du adresi: dpo@pistonaddict.com.<\/span><\/p>\n<h2>&nbsp;<\/h2>\n<h2><strong>HIPERTEKSTA SAITES UN S\u012aKFAILI<\/strong><\/h2>\n<p>Vietn\u0113 https:\/\/www.pistonaddict.com ir da\u017eas hiperteksta saites uz cit\u0101m vietn\u0113m, kas izveidotas ar <strong>Piston Addict<\/strong> at\u013cauju. Tom\u0113r <strong>Piston Addict<\/strong> nav iesp\u0113ju p\u0101rbaud\u012bt \u0161\u0101di apmekl\u0113to viet\u0146u saturu, un t\u0101p\u0113c tas neuz\u0146emas nek\u0101du atbild\u012bbu par \u0161o faktu.<\/p>\n<p>P\u0101rl\u016bkojot vietni https:\/\/www.pistonaddict.com, lietot\u0101ja dator\u0101, iesp\u0113jams, tiks instal\u0113ti s\u012bkfaili. S\u012bkfails ir neliela datne, kas ne\u013cauj identific\u0113t lietot\u0101ju, bet kur\u0101 tiek ierakst\u012bta inform\u0101cija, kas saist\u012bta ar datora navig\u0101ciju vietn\u0113.<\/p>\n<p>\u0160\u0101di ieg\u016btie dati ir paredz\u0113ti, lai atvieglotu turpm\u0101ku navig\u0101ciju vietn\u0113, k\u0101 ar\u012b lai var\u0113tu veikt da\u017e\u0101dus apmekl\u0113t\u012bbas m\u0113r\u012bjumus.<\/p>\n<p>Atteik\u0161an\u0101s instal\u0113t s\u012bkfailu var liegt piek\u013cuvi noteiktiem pakalpojumiem. Tom\u0113r lietot\u0101js var konfigur\u0113t savu datoru \u0161\u0101di, lai atteiktos no s\u012bkfailu instal\u0113\u0161anas:<\/p>\n<ul>\n<li>Programm\u0101 Internet Explorer: r\u012bku cilne (piktogramma zobrata form\u0101 aug\u0161\u0113j\u0101 labaj\u0101 st\u016br\u012b) \/ interneta opcijas. Noklik\u0161\u0137iniet uz Konfidencialit\u0101te un izv\u0113lieties Blo\u0137\u0113t visus s\u012bkfailus. Apstipriniet Ok.<\/li>\n<li>P\u0101rl\u016bkprogramm\u0101 Firefox: p\u0101rl\u016bka loga aug\u0161da\u013c\u0101 noklik\u0161\u0137iniet uz pogas Firefox un p\u0113c tam atveriet cilni Iesp\u0113jas. Noklik\u0161\u0137iniet uz cilnes Konfidencialit\u0101te. Iestatiet saglab\u0101\u0161anas noteikumus \u0161\u0101di: izmantot piel\u0101gotus iestat\u012bjumus v\u0113sturei. Visbeidzot no\u0146emiet izv\u0113les r\u016bti\u0146u, lai atsp\u0113jotu s\u012bkfailus.<\/li>\n<li>Saska\u0146\u0101 ar Safari: P\u0101rl\u016bkprogramm\u0101 Safari noklik\u0161\u0137iniet uz izv\u0113lnes ikonas (ko simboliz\u0113 zobrati\u0146\u0161), kas atrodas p\u0101rl\u016bkprogrammas aug\u0161\u0113j\u0101 labaj\u0101 pus\u0113. Izv\u0113lieties Iestat\u012bjumi. Noklik\u0161\u0137iniet uz R\u0101d\u012bt papildu iestat\u012bjumus. Sada\u013c\u0101 &#8220;Konfidencialit\u0101te&#8221; noklik\u0161\u0137iniet uz Satura iestat\u012bjumi. Sada\u013c\u0101 &#8220;S\u012bkfaili&#8221; varat blo\u0137\u0113t s\u012bkfailus.<\/li>\n<li>P\u0101rl\u016bkprogramm\u0101 Chrome: Noklik\u0161\u0137iniet p\u0101rl\u016bka aug\u0161\u0113j\u0101 labaj\u0101 st\u016br\u012b uz izv\u0113lnes ikonas (to simboliz\u0113 tr\u012bs horizont\u0101las l\u012bnijas). Izv\u0113lieties Iestat\u012bjumi. Noklik\u0161\u0137iniet uz R\u0101d\u012bt papildu iestat\u012bjumus. Sada\u013c\u0101 &#8220;Konfidencialit\u0101te&#8221; noklik\u0161\u0137iniet uz preferences. Ciln\u0113 &#8220;Konfidencialit\u0101te&#8221; varat blo\u0137\u0113t s\u012bkfailus.<\/li>\n<\/ul>\n<h2>&nbsp;<\/h2>\n<h2><strong>PIEM\u0112ROJAMIE TIES\u012aBU AKTI UN JURISDIKCIJAS NOTEIK\u0160ANA<\/strong><\/h2>\n<p>Jebkuram str\u012bdam saist\u012bb\u0101 ar vietnes https:\/\/www.pistonaddict.com izmanto\u0161anu ir piem\u0113rojami \u0160veices ties\u012bbu akti. Iz\u0146\u0113muma jurisdikcija ir pie\u0161\u0137irta \u017den\u0113vas kompetentaj\u0101m ties\u0101m.<\/p>\n<h2>&nbsp;<\/h2>\n<h2><strong>GALVENIE ATTIEC\u012aGIE TIES\u012aBU AKTI<\/strong><\/h2>\n<p>1978. gada 6. janv\u0101ra Likums Nr. 78-87, kas \u012bpa\u0161i groz\u012bts ar 2004. gada 6. augusta Likumu Nr. 2004-801 par datu apstr\u0101di, datn\u0113m un br\u012bv\u012bb\u0101m. 2004. gada 21. j\u016bnija Likums Nr. 2004-575 par uztic\u0113\u0161anos digit\u0101lajai ekonomikai. Visp\u0101r\u012bg\u0101s datu aizsardz\u012bbas regulas 3. noda\u013cas 2., 3., 4. un 5. ieda\u013ca.<\/p>\n<h2>&nbsp;<\/h2>\n<h2><strong>LEXICON<\/strong><\/h2>\n<p>Lietot\u0101js: interneta lietot\u0101js, kas piesl\u0113dzas, izmantojot iepriek\u0161 min\u0113to vietni.<\/p>\n<p>Personiska inform\u0101cija: &#8220;inform\u0101cija, kas jebk\u0101d\u0101 veid\u0101 tie\u0161i vai netie\u0161i \u013cauj identific\u0113t fizisk\u0101s personas, uz kur\u0101m t\u0101 attiecas&#8221; (1978. gada 6. janv\u0101ra likuma Nr. 78-17 4. pants).<\/p>\n<h2>&nbsp;<\/h2>\n<h2>COPYRIGHT<\/h2>\n<p><a title=\"galven\u0101s ikonas\" href=\"https:\/\/www.flaticon.com\/free-icons\/key\">Galven\u0101s ikonas, ko izveidojis Good Ware &#8211; Flaticon<br><\/a><\/p>\n<p><strong>Piston Addict<\/strong> ir re\u0123istr\u0113ta pre\u010du z\u012bme, visas ties\u012bbas aizsarg\u0101tas.<\/p>\t\t\t\t\t\t<\/div>\n\t\t\t\t<\/div>\n\t\t\t\t\t<\/div>\n\t\t<\/div>\n\t\t\t\t\t<\/div>\n\t\t<\/section>\n\t\t\t\t<\/div>\n\t\t","protected":false},"excerpt":{"rendered":"<p>T\u012aMEK\u013bA VIETNES PREZENT\u0100CIJA Saska\u0146\u0101 ar 2004. gada 21. j\u016bnija Likuma Nr. 2004-575 par uztic\u0113\u0161anos digit\u0101lajai ekonomikai 6. pantu un piem\u0113rojot Visp\u0101r\u012bgo datu aizsardz\u012bbas regulu [Regula (ES) 2016\/679], vietnes lietot\u0101jiem tiek nor\u0101d\u012bta: https:\/\/www.pistonaddict.com, da\u017e\u0101do ieinteres\u0113to personu identit\u0101te saist\u012bb\u0101 ar t\u0101s realiz\u0101ciju un uzraudz\u012bbu. \u012apa\u0161nieks: Piston Addict SA SA ar pamatkapit\u0101lu 400 000 CHF IDE numurs: CHE-354.351.695 &#8230; <a title=\"Juridiskais pazi\u0146ojums\" class=\"read-more\" href=\"https:\/\/pistonaddict.com\/lv\/juridisks-pazinojums\/\">Las\u012bt vair\u0101k<span class=\"screen-reader-text\">Juridiskais pazi\u0146ojums<\/span><\/a><\/p>\n","protected":false},"author":1,"featured_media":0,"parent":0,"menu_order":0,"comment_status":"closed","ping_status":"closed","template":"","meta":{"inline_featured_image":false,"footnotes":""},"acf":[],"yoast_head":"<!-- This site is optimized with the Yoast SEO plugin v22.5 - https:\/\/yoast.com\/wordpress\/plugins\/seo\/ -->\n<title>Juridiskais pazi\u0146ojums - Piston Addict<\/title>\n<meta name=\"robots\" content=\"index, follow, max-snippet:-1, max-image-preview:large, max-video-preview:-1\" \/>\n<link rel=\"canonical\" href=\"https:\/\/pistonaddict.com\/lv\/juridisks-pazinojums\/\" \/>\n<meta property=\"og:locale\" content=\"lv_LV\" \/>\n<meta property=\"og:type\" content=\"article\" \/>\n<meta property=\"og:title\" content=\"Juridiskais pazi\u0146ojums - Piston Addict\" \/>\n<meta property=\"og:description\" content=\"T\u012aMEK\u013bA VIETNES PREZENT\u0100CIJA Saska\u0146\u0101 ar 2004. gada 21. j\u016bnija Likuma Nr. 2004-575 par uztic\u0113\u0161anos digit\u0101lajai ekonomikai 6. pantu un piem\u0113rojot Visp\u0101r\u012bgo datu aizsardz\u012bbas regulu [Regula (ES) 2016\/679], vietnes lietot\u0101jiem tiek nor\u0101d\u012bta: https:\/\/www.pistonaddict.com, da\u017e\u0101do ieinteres\u0113to personu identit\u0101te saist\u012bb\u0101 ar t\u0101s realiz\u0101ciju un uzraudz\u012bbu. \u012apa\u0161nieks: Piston Addict SA SA ar pamatkapit\u0101lu 400 000 CHF IDE numurs: CHE-354.351.695 ... Las\u012bt vair\u0101kJuridiskais pazi\u0146ojums\" \/>\n<meta property=\"og:url\" content=\"https:\/\/pistonaddict.com\/lv\/juridisks-pazinojums\/\" \/>\n<meta property=\"og:site_name\" content=\"Piston Addict\" \/>\n<meta property=\"article:modified_time\" content=\"2024-10-26T06:16:53+00:00\" \/>\n<meta name=\"twitter:card\" content=\"summary_large_image\" \/>\n<meta name=\"twitter:label1\" content=\"Est. reading time\" \/>\n\t<meta name=\"twitter:data1\" content=\"9 minutes\" \/>\n<script type=\"application\/ld+json\" class=\"yoast-schema-graph\">{\"@context\":\"https:\/\/schema.org\",\"@graph\":[{\"@type\":\"WebPage\",\"@id\":\"https:\/\/pistonaddict.com\/lv\/juridisks-pazinojums\/\",\"url\":\"https:\/\/pistonaddict.com\/lv\/juridisks-pazinojums\/\",\"name\":\"Juridiskais pazi\u0146ojums - Piston Addict\",\"isPartOf\":{\"@id\":\"https:\/\/pistonaddict.com\/lv\/#website\"},\"datePublished\":\"2022-04-29T09:18:33+00:00\",\"dateModified\":\"2024-10-26T06:16:53+00:00\",\"breadcrumb\":{\"@id\":\"https:\/\/pistonaddict.com\/lv\/juridisks-pazinojums\/#breadcrumb\"},\"inLanguage\":\"lv-LV\",\"potentialAction\":[{\"@type\":\"ReadAction\",\"target\":[\"https:\/\/pistonaddict.com\/lv\/juridisks-pazinojums\/\"]}]},{\"@type\":\"BreadcrumbList\",\"@id\":\"https:\/\/pistonaddict.com\/lv\/juridisks-pazinojums\/#breadcrumb\",\"itemListElement\":[{\"@type\":\"ListItem\",\"position\":1,\"name\":\"M\u0101jas lapa\",\"item\":\"https:\/\/pistonaddict.com\/lv\/majas-lapa-2\/\"},{\"@type\":\"ListItem\",\"position\":2,\"name\":\"Juridiskais pazi\u0146ojums\"}]},{\"@type\":\"WebSite\",\"@id\":\"https:\/\/pistonaddict.com\/lv\/#website\",\"url\":\"https:\/\/pistonaddict.com\/lv\/\",\"name\":\"Piston Addict\",\"description\":\"Only interesting vehicles\",\"publisher\":{\"@id\":\"https:\/\/pistonaddict.com\/lv\/#organization\"},\"potentialAction\":[{\"@type\":\"SearchAction\",\"target\":{\"@type\":\"EntryPoint\",\"urlTemplate\":\"https:\/\/pistonaddict.com\/lv\/?s={search_term_string}\"},\"query-input\":\"required name=search_term_string\"}],\"inLanguage\":\"lv-LV\"},{\"@type\":\"Organization\",\"@id\":\"https:\/\/pistonaddict.com\/lv\/#organization\",\"name\":\"Piston Addict\",\"url\":\"https:\/\/pistonaddict.com\/lv\/\",\"logo\":{\"@type\":\"ImageObject\",\"inLanguage\":\"lv-LV\",\"@id\":\"https:\/\/pistonaddict.com\/lv\/#\/schema\/logo\/image\/\",\"url\":\"https:\/\/pistonaddict.com\/wp-content\/uploads\/2022\/07\/logo-6.png\",\"contentUrl\":\"https:\/\/pistonaddict.com\/wp-content\/uploads\/2022\/07\/logo-6.png\",\"width\":970,\"height\":200,\"caption\":\"Piston Addict\"},\"image\":{\"@id\":\"https:\/\/pistonaddict.com\/lv\/#\/schema\/logo\/image\/\"}}]}<\/script>\n<!-- \/ Yoast SEO plugin. -->","yoast_head_json":{"title":"Juridiskais pazi\u0146ojums - Piston Addict","robots":{"index":"index","follow":"follow","max-snippet":"max-snippet:-1","max-image-preview":"max-image-preview:large","max-video-preview":"max-video-preview:-1"},"canonical":"https:\/\/pistonaddict.com\/lv\/juridisks-pazinojums\/","og_locale":"lv_LV","og_type":"article","og_title":"Juridiskais pazi\u0146ojums - Piston Addict","og_description":"T\u012aMEK\u013bA VIETNES PREZENT\u0100CIJA Saska\u0146\u0101 ar 2004. gada 21. j\u016bnija Likuma Nr. 2004-575 par uztic\u0113\u0161anos digit\u0101lajai ekonomikai 6. pantu un piem\u0113rojot Visp\u0101r\u012bgo datu aizsardz\u012bbas regulu [Regula (ES) 2016\/679], vietnes lietot\u0101jiem tiek nor\u0101d\u012bta: https:\/\/www.pistonaddict.com, da\u017e\u0101do ieinteres\u0113to personu identit\u0101te saist\u012bb\u0101 ar t\u0101s realiz\u0101ciju un uzraudz\u012bbu. \u012apa\u0161nieks: Piston Addict SA SA ar pamatkapit\u0101lu 400 000 CHF IDE numurs: CHE-354.351.695 ... Las\u012bt vair\u0101kJuridiskais pazi\u0146ojums","og_url":"https:\/\/pistonaddict.com\/lv\/juridisks-pazinojums\/","og_site_name":"Piston Addict","article_modified_time":"2024-10-26T06:16:53+00:00","twitter_card":"summary_large_image","twitter_misc":{"Est. reading time":"9 minutes"},"schema":{"@context":"https:\/\/schema.org","@graph":[{"@type":"WebPage","@id":"https:\/\/pistonaddict.com\/lv\/juridisks-pazinojums\/","url":"https:\/\/pistonaddict.com\/lv\/juridisks-pazinojums\/","name":"Juridiskais pazi\u0146ojums - Piston Addict","isPartOf":{"@id":"https:\/\/pistonaddict.com\/lv\/#website"},"datePublished":"2022-04-29T09:18:33+00:00","dateModified":"2024-10-26T06:16:53+00:00","breadcrumb":{"@id":"https:\/\/pistonaddict.com\/lv\/juridisks-pazinojums\/#breadcrumb"},"inLanguage":"lv-LV","potentialAction":[{"@type":"ReadAction","target":["https:\/\/pistonaddict.com\/lv\/juridisks-pazinojums\/"]}]},{"@type":"BreadcrumbList","@id":"https:\/\/pistonaddict.com\/lv\/juridisks-pazinojums\/#breadcrumb","itemListElement":[{"@type":"ListItem","position":1,"name":"M\u0101jas lapa","item":"https:\/\/pistonaddict.com\/lv\/majas-lapa-2\/"},{"@type":"ListItem","position":2,"name":"Juridiskais pazi\u0146ojums"}]},{"@type":"WebSite","@id":"https:\/\/pistonaddict.com\/lv\/#website","url":"https:\/\/pistonaddict.com\/lv\/","name":"Piston Addict","description":"Only interesting vehicles","publisher":{"@id":"https:\/\/pistonaddict.com\/lv\/#organization"},"potentialAction":[{"@type":"SearchAction","target":{"@type":"EntryPoint","urlTemplate":"https:\/\/pistonaddict.com\/lv\/?s={search_term_string}"},"query-input":"required name=search_term_string"}],"inLanguage":"lv-LV"},{"@type":"Organization","@id":"https:\/\/pistonaddict.com\/lv\/#organization","name":"Piston Addict","url":"https:\/\/pistonaddict.com\/lv\/","logo":{"@type":"ImageObject","inLanguage":"lv-LV","@id":"https:\/\/pistonaddict.com\/lv\/#\/schema\/logo\/image\/","url":"https:\/\/pistonaddict.com\/wp-content\/uploads\/2022\/07\/logo-6.png","contentUrl":"https:\/\/pistonaddict.com\/wp-content\/uploads\/2022\/07\/logo-6.png","width":970,"height":200,"caption":"Piston Addict"},"image":{"@id":"https:\/\/pistonaddict.com\/lv\/#\/schema\/logo\/image\/"}}]}},"_links":{"self":[{"href":"https:\/\/pistonaddict.com\/lv\/wp-json\/wp\/v2\/pages\/2830"}],"collection":[{"href":"https:\/\/pistonaddict.com\/lv\/wp-json\/wp\/v2\/pages"}],"about":[{"href":"https:\/\/pistonaddict.com\/lv\/wp-json\/wp\/v2\/types\/page"}],"author":[{"embeddable":true,"href":"https:\/\/pistonaddict.com\/lv\/wp-json\/wp\/v2\/users\/1"}],"replies":[{"embeddable":true,"href":"https:\/\/pistonaddict.com\/lv\/wp-json\/wp\/v2\/comments?post=2830"}],"version-history":[{"count":15,"href":"https:\/\/pistonaddict.com\/lv\/wp-json\/wp\/v2\/pages\/2830\/revisions"}],"predecessor-version":[{"id":111594,"href":"https:\/\/pistonaddict.com\/lv\/wp-json\/wp\/v2\/pages\/2830\/revisions\/111594"}],"wp:attachment":[{"href":"https:\/\/pistonaddict.com\/lv\/wp-json\/wp\/v2\/media?parent=2830"}],"curies":[{"name":"wp","href":"https:\/\/api.w.org\/{rel}","templated":true}]}}