{"id":26221,"date":"2022-04-29T11:20:06","date_gmt":"2022-04-29T09:20:06","guid":{"rendered":"https:\/\/pistonaddict.com\/komentaru-noteikumi\/"},"modified":"2023-02-05T11:11:46","modified_gmt":"2023-02-05T10:11:46","slug":"komentaru-noteikumi","status":"publish","type":"page","link":"https:\/\/pistonaddict.com\/lv\/komentaru-noteikumi\/","title":{"rendered":"Koment\u0101ru noteikumi"},"content":{"rendered":"\t\t<div data-elementor-type=\"wp-page\" data-elementor-id=\"26221\" class=\"elementor elementor-26221 elementor-3043\">\n\t\t\t\t\t\t<section class=\"elementor-section elementor-top-section elementor-element elementor-element-01b8fa5 elementor-section-boxed elementor-section-height-default elementor-section-height-default\" data-id=\"01b8fa5\" data-element_type=\"section\">\n\t\t\t\t\t\t<div class=\"elementor-container elementor-column-gap-default\">\n\t\t\t\t\t<div class=\"elementor-column elementor-col-100 elementor-top-column elementor-element elementor-element-19e2c1c\" data-id=\"19e2c1c\" data-element_type=\"column\">\n\t\t\t<div class=\"elementor-widget-wrap elementor-element-populated\">\n\t\t\t\t\t\t<div class=\"elementor-element elementor-element-9413b6d elementor-widget elementor-widget-text-editor\" data-id=\"9413b6d\" data-element_type=\"widget\" data-widget_type=\"text-editor.default\">\n\t\t\t\t<div class=\"elementor-widget-container\">\n\t\t\t<style>\/*! elementor - v3.21.0 - 18-04-2024 *\/\n.elementor-widget-text-editor.elementor-drop-cap-view-stacked .elementor-drop-cap{background-color:#69727d;color:#fff}.elementor-widget-text-editor.elementor-drop-cap-view-framed .elementor-drop-cap{color:#69727d;border:3px solid;background-color:transparent}.elementor-widget-text-editor:not(.elementor-drop-cap-view-default) .elementor-drop-cap{margin-top:8px}.elementor-widget-text-editor:not(.elementor-drop-cap-view-default) .elementor-drop-cap-letter{width:1em;height:1em}.elementor-widget-text-editor .elementor-drop-cap{float:left;text-align:center;line-height:1;font-size:50px}.elementor-widget-text-editor .elementor-drop-cap-letter{display:inline-block}<\/style>\t\t\t\t<\/p>\n<h2> <\/h2>\n<h2>1. noteikums. Esi konstrukt\u012bvs, nevis negat\u012bvs<\/h2>\n<p>Ir viegl\u0101k pateikt, ka jums kaut kas nepat\u012bk, un da\u017ek\u0101rt tas var b\u016bt pamatoti. No otras puses, daudz v\u0113rt\u012bg\u0101k ir pateikt, k\u0101 j\u016bs to var\u0113tu uzlabot, un paties\u0101 pievienot\u0101 v\u0113rt\u012bba rodas tad, kad varat nor\u0101d\u012bt, kas ir nepareizi un k\u0101 to uzlabot.<\/p>\n<h2> <\/h2>\n<h2>2. noteikums. Pieredze uzvar<\/h2>\n<p>Citiem las\u012bt\u0101jiem j\u016bsu viedoklis ir daudz svar\u012bg\u0101ks, ja tas ir balst\u012bts uz atbilsto\u0161u pieredzi. Ja j\u016bs zin\u0101t konkr\u0113ta transportl\u012bdzek\u013ca v\u0113sturi vai daudz ko zin\u0101t par konkr\u0113to marku vai modeli, ir daudz liel\u0101ka iesp\u0113ja, ka j\u016bs ieinteres\u0113s.<\/p>\n<h2> <\/h2>\n<h2>3. noteikums. Run\u0101jiet par automa\u0161\u012bn\u0101m, nevis par citiem<\/h2>\n<p>Ikvienam ir ties\u012bbas paust savu viedokli, pat ja j\u016bs tam nepiekr\u012btat. Kritikas par citu biedru raksturu, gaumi vai visp\u0101r\u0113jo raksturu nav pie\u013caujamas.<\/p>\n<h2> <\/h2>\n<h2>4. noteikums. Tirgus nosaka cenu<\/h2>\n<p>Piston Addict ir br\u012bvs tirgus, kur\u0101 p\u0101rdev\u0113js un pirc\u0113js nosaka cenu, t\u0101p\u0113c apgalvojums, ka kaut kas ir p\u0101r\u0101k d\u0101rgs vai p\u0101r\u0101k l\u0113ts, neko nenoz\u012bm\u0113. Priek\u0161mets ir v\u0113rts tik, cik k\u0101ds ir gatavs maks\u0101t.<\/p>\n<h2> <\/h2>\n<h2>5. noteikums. Ja j\u016bs neesat izlas\u012bju\u0161i visus p\u0101r\u0113jos koment\u0101rus, j\u016bs neesat gatavi atst\u0101t savu.<\/h2>\n<p>Tas ir digit\u0101lais ekvivalents tam, k\u0101 klaus\u012bties, pirms run\u0101t.<\/p>\n<h2> <\/h2>\n<h2>6. noteikums. Koment\u0101ru sada\u013c\u0101 nav at\u013cauts nor\u0101d\u012bt pirk\u0161anas, p\u0101rdo\u0161anas vai kontaktinform\u0101ciju.<\/h2>\n<p>Ja jums ir automa\u0161\u012bna p\u0101rdo\u0161anai, l\u016bdzu, iesniedziet to mums, izmantojot iesnieg\u0161anas veidlapu. Koment\u0101ros public\u0113tie pirkumu piepras\u012bjumi, e-pasta adreses un t\u0101lru\u0146a numuri  <br \/>tiks dz\u0113sts.<\/p>\n<h2> <\/h2>\n<h2>7. noteikums. Ikviens ir laipni gaid\u012bts<\/h2>\n<p>M\u016bsu kopienas locek\u013ci ir tikpat da\u017e\u0101di k\u0101 m\u016bsu pied\u0101v\u0101to automobi\u013cu kl\u0101sts. Politiski, mizoginiski vai homofobiski koment\u0101ri nav at\u013cauti.<\/p>\n<h2> <\/h2>\n<h2>Koment\u0101ru funkcionalit\u0101te<\/h2>\n<p><strong>Koment\u0101ru groz\u012b\u0161ana:<\/strong> koment\u0101ru autors var groz\u012bt koment\u0101rus p\u0113c to public\u0113\u0161anas bez laika ierobe\u017eojuma. Noklik\u0161\u0137iniet uz \u0161im nol\u016bkam paredz\u0113t\u0101s sarkan\u0101s saites &#8220;Redi\u0123\u0113t&#8221;.<\/p>\n<p><strong>Atz\u012bm\u0113jiet k\u0101 nekonstrukt\u012bvu:<\/strong> Ja koment\u0101rs ir pretrun\u0101 ar iepriek\u0161 min\u0113tajiem noteikumiem, l\u016bdzu, noklik\u0161\u0137iniet uz karodzi\u0146a saites &#8220;Zi\u0146ot&#8221;, lai to var\u0113tu p\u0101rskat\u012bt vai dz\u0113st. M\u0113s izskat\u0101m visus pazi\u0146otos koment\u0101rus un pie\u0146emam gal\u012bgo l\u0113mumu par to, vai tie tiks atjaunoti vai dz\u0113sti.<br \/>M\u0113s v\u0113lamies, lai saruna \u0161aj\u0101 vietn\u0113 b\u016btu kvalitat\u012bva.<\/p>\n<p><strong>Pirmo reizi koment\u0113t\u0101ji: Visi pirmo reizi<\/strong> koment\u0113t\u0101ji tiek moder\u0113ti, un koment\u0101rs netiks public\u0113ts vietn\u0113, kam\u0113r to neb\u016bs izskat\u012bjis Piston Addict person\u0101ls. P\u0113c pirm\u0101s koment\u0101ra public\u0113\u0161anas tie vairs netiks moder\u0113ti.<\/p>\n\t\t\t\t\t\t<\/div>\n\t\t\t\t<\/div>\n\t\t\t\t\t<\/div>\n\t\t<\/div>\n\t\t\t\t\t<\/div>\n\t\t<\/section>\n\t\t\t\t<\/div>\n\t\t","protected":false},"excerpt":{"rendered":"<p>1. noteikums. Esi konstrukt\u012bvs, nevis negat\u012bvs Ir viegl\u0101k pateikt, ka jums kaut kas nepat\u012bk, un da\u017ek\u0101rt tas var b\u016bt pamatoti. No otras puses, daudz v\u0113rt\u012bg\u0101k ir pateikt, k\u0101 j\u016bs to var\u0113tu uzlabot, un paties\u0101 pievienot\u0101 v\u0113rt\u012bba rodas tad, kad varat nor\u0101d\u012bt, kas ir nepareizi un k\u0101 to uzlabot. 2. noteikums. Pieredze uzvar Citiem las\u012bt\u0101jiem j\u016bsu &#8230; <a title=\"Koment\u0101ru noteikumi\" class=\"read-more\" href=\"https:\/\/pistonaddict.com\/lv\/komentaru-noteikumi\/\">Las\u012bt vair\u0101k<span class=\"screen-reader-text\">Koment\u0101ru noteikumi<\/span><\/a><\/p>\n","protected":false},"author":1,"featured_media":0,"parent":0,"menu_order":0,"comment_status":"closed","ping_status":"closed","template":"","meta":{"inline_featured_image":false,"footnotes":""},"acf":[],"yoast_head":"<!-- This site is optimized with the Yoast SEO plugin v22.5 - https:\/\/yoast.com\/wordpress\/plugins\/seo\/ -->\n<title>Koment\u0101ru noteikumi - Piston Addict<\/title>\n<meta name=\"robots\" content=\"index, follow, max-snippet:-1, max-image-preview:large, max-video-preview:-1\" \/>\n<link rel=\"canonical\" href=\"https:\/\/pistonaddict.com\/lv\/komentaru-noteikumi\/\" \/>\n<meta property=\"og:locale\" content=\"lv_LV\" \/>\n<meta property=\"og:type\" content=\"article\" \/>\n<meta property=\"og:title\" content=\"Koment\u0101ru noteikumi - Piston Addict\" \/>\n<meta property=\"og:description\" content=\"1. noteikums. Esi konstrukt\u012bvs, nevis negat\u012bvs Ir viegl\u0101k pateikt, ka jums kaut kas nepat\u012bk, un da\u017ek\u0101rt tas var b\u016bt pamatoti. No otras puses, daudz v\u0113rt\u012bg\u0101k ir pateikt, k\u0101 j\u016bs to var\u0113tu uzlabot, un paties\u0101 pievienot\u0101 v\u0113rt\u012bba rodas tad, kad varat nor\u0101d\u012bt, kas ir nepareizi un k\u0101 to uzlabot. 2. noteikums. Pieredze uzvar Citiem las\u012bt\u0101jiem j\u016bsu ... Las\u012bt vair\u0101kKoment\u0101ru noteikumi\" \/>\n<meta property=\"og:url\" content=\"https:\/\/pistonaddict.com\/lv\/komentaru-noteikumi\/\" \/>\n<meta property=\"og:site_name\" content=\"Piston Addict\" \/>\n<meta property=\"article:modified_time\" content=\"2023-02-05T10:11:46+00:00\" \/>\n<meta name=\"twitter:card\" content=\"summary_large_image\" \/>\n<meta name=\"twitter:label1\" content=\"Est. reading time\" \/>\n\t<meta name=\"twitter:data1\" content=\"2 minutes\" \/>\n<script type=\"application\/ld+json\" class=\"yoast-schema-graph\">{\"@context\":\"https:\/\/schema.org\",\"@graph\":[{\"@type\":\"WebPage\",\"@id\":\"https:\/\/pistonaddict.com\/lv\/komentaru-noteikumi\/\",\"url\":\"https:\/\/pistonaddict.com\/lv\/komentaru-noteikumi\/\",\"name\":\"Koment\u0101ru noteikumi - Piston Addict\",\"isPartOf\":{\"@id\":\"https:\/\/pistonaddict.com\/lv\/#website\"},\"datePublished\":\"2022-04-29T09:20:06+00:00\",\"dateModified\":\"2023-02-05T10:11:46+00:00\",\"breadcrumb\":{\"@id\":\"https:\/\/pistonaddict.com\/lv\/komentaru-noteikumi\/#breadcrumb\"},\"inLanguage\":\"lv-LV\",\"potentialAction\":[{\"@type\":\"ReadAction\",\"target\":[\"https:\/\/pistonaddict.com\/lv\/komentaru-noteikumi\/\"]}]},{\"@type\":\"BreadcrumbList\",\"@id\":\"https:\/\/pistonaddict.com\/lv\/komentaru-noteikumi\/#breadcrumb\",\"itemListElement\":[{\"@type\":\"ListItem\",\"position\":1,\"name\":\"M\u0101jas lapa\",\"item\":\"https:\/\/pistonaddict.com\/lv\/majas-lapa-2\/\"},{\"@type\":\"ListItem\",\"position\":2,\"name\":\"Koment\u0101ru noteikumi\"}]},{\"@type\":\"WebSite\",\"@id\":\"https:\/\/pistonaddict.com\/lv\/#website\",\"url\":\"https:\/\/pistonaddict.com\/lv\/\",\"name\":\"Piston Addict\",\"description\":\"Only interesting vehicles\",\"publisher\":{\"@id\":\"https:\/\/pistonaddict.com\/lv\/#organization\"},\"potentialAction\":[{\"@type\":\"SearchAction\",\"target\":{\"@type\":\"EntryPoint\",\"urlTemplate\":\"https:\/\/pistonaddict.com\/lv\/?s={search_term_string}\"},\"query-input\":\"required name=search_term_string\"}],\"inLanguage\":\"lv-LV\"},{\"@type\":\"Organization\",\"@id\":\"https:\/\/pistonaddict.com\/lv\/#organization\",\"name\":\"Piston Addict\",\"url\":\"https:\/\/pistonaddict.com\/lv\/\",\"logo\":{\"@type\":\"ImageObject\",\"inLanguage\":\"lv-LV\",\"@id\":\"https:\/\/pistonaddict.com\/lv\/#\/schema\/logo\/image\/\",\"url\":\"https:\/\/pistonaddict.com\/wp-content\/uploads\/2022\/07\/logo-6.png\",\"contentUrl\":\"https:\/\/pistonaddict.com\/wp-content\/uploads\/2022\/07\/logo-6.png\",\"width\":970,\"height\":200,\"caption\":\"Piston Addict\"},\"image\":{\"@id\":\"https:\/\/pistonaddict.com\/lv\/#\/schema\/logo\/image\/\"}}]}<\/script>\n<!-- \/ Yoast SEO plugin. -->","yoast_head_json":{"title":"Koment\u0101ru noteikumi - Piston Addict","robots":{"index":"index","follow":"follow","max-snippet":"max-snippet:-1","max-image-preview":"max-image-preview:large","max-video-preview":"max-video-preview:-1"},"canonical":"https:\/\/pistonaddict.com\/lv\/komentaru-noteikumi\/","og_locale":"lv_LV","og_type":"article","og_title":"Koment\u0101ru noteikumi - Piston Addict","og_description":"1. noteikums. Esi konstrukt\u012bvs, nevis negat\u012bvs Ir viegl\u0101k pateikt, ka jums kaut kas nepat\u012bk, un da\u017ek\u0101rt tas var b\u016bt pamatoti. No otras puses, daudz v\u0113rt\u012bg\u0101k ir pateikt, k\u0101 j\u016bs to var\u0113tu uzlabot, un paties\u0101 pievienot\u0101 v\u0113rt\u012bba rodas tad, kad varat nor\u0101d\u012bt, kas ir nepareizi un k\u0101 to uzlabot. 2. noteikums. Pieredze uzvar Citiem las\u012bt\u0101jiem j\u016bsu ... Las\u012bt vair\u0101kKoment\u0101ru noteikumi","og_url":"https:\/\/pistonaddict.com\/lv\/komentaru-noteikumi\/","og_site_name":"Piston Addict","article_modified_time":"2023-02-05T10:11:46+00:00","twitter_card":"summary_large_image","twitter_misc":{"Est. reading time":"2 minutes"},"schema":{"@context":"https:\/\/schema.org","@graph":[{"@type":"WebPage","@id":"https:\/\/pistonaddict.com\/lv\/komentaru-noteikumi\/","url":"https:\/\/pistonaddict.com\/lv\/komentaru-noteikumi\/","name":"Koment\u0101ru noteikumi - Piston Addict","isPartOf":{"@id":"https:\/\/pistonaddict.com\/lv\/#website"},"datePublished":"2022-04-29T09:20:06+00:00","dateModified":"2023-02-05T10:11:46+00:00","breadcrumb":{"@id":"https:\/\/pistonaddict.com\/lv\/komentaru-noteikumi\/#breadcrumb"},"inLanguage":"lv-LV","potentialAction":[{"@type":"ReadAction","target":["https:\/\/pistonaddict.com\/lv\/komentaru-noteikumi\/"]}]},{"@type":"BreadcrumbList","@id":"https:\/\/pistonaddict.com\/lv\/komentaru-noteikumi\/#breadcrumb","itemListElement":[{"@type":"ListItem","position":1,"name":"M\u0101jas lapa","item":"https:\/\/pistonaddict.com\/lv\/majas-lapa-2\/"},{"@type":"ListItem","position":2,"name":"Koment\u0101ru noteikumi"}]},{"@type":"WebSite","@id":"https:\/\/pistonaddict.com\/lv\/#website","url":"https:\/\/pistonaddict.com\/lv\/","name":"Piston Addict","description":"Only interesting vehicles","publisher":{"@id":"https:\/\/pistonaddict.com\/lv\/#organization"},"potentialAction":[{"@type":"SearchAction","target":{"@type":"EntryPoint","urlTemplate":"https:\/\/pistonaddict.com\/lv\/?s={search_term_string}"},"query-input":"required name=search_term_string"}],"inLanguage":"lv-LV"},{"@type":"Organization","@id":"https:\/\/pistonaddict.com\/lv\/#organization","name":"Piston Addict","url":"https:\/\/pistonaddict.com\/lv\/","logo":{"@type":"ImageObject","inLanguage":"lv-LV","@id":"https:\/\/pistonaddict.com\/lv\/#\/schema\/logo\/image\/","url":"https:\/\/pistonaddict.com\/wp-content\/uploads\/2022\/07\/logo-6.png","contentUrl":"https:\/\/pistonaddict.com\/wp-content\/uploads\/2022\/07\/logo-6.png","width":970,"height":200,"caption":"Piston Addict"},"image":{"@id":"https:\/\/pistonaddict.com\/lv\/#\/schema\/logo\/image\/"}}]}},"_links":{"self":[{"href":"https:\/\/pistonaddict.com\/lv\/wp-json\/wp\/v2\/pages\/26221"}],"collection":[{"href":"https:\/\/pistonaddict.com\/lv\/wp-json\/wp\/v2\/pages"}],"about":[{"href":"https:\/\/pistonaddict.com\/lv\/wp-json\/wp\/v2\/types\/page"}],"author":[{"embeddable":true,"href":"https:\/\/pistonaddict.com\/lv\/wp-json\/wp\/v2\/users\/1"}],"replies":[{"embeddable":true,"href":"https:\/\/pistonaddict.com\/lv\/wp-json\/wp\/v2\/comments?post=26221"}],"version-history":[{"count":1,"href":"https:\/\/pistonaddict.com\/lv\/wp-json\/wp\/v2\/pages\/26221\/revisions"}],"predecessor-version":[{"id":26225,"href":"https:\/\/pistonaddict.com\/lv\/wp-json\/wp\/v2\/pages\/26221\/revisions\/26225"}],"wp:attachment":[{"href":"https:\/\/pistonaddict.com\/lv\/wp-json\/wp\/v2\/media?parent=26221"}],"curies":[{"name":"wp","href":"https:\/\/api.w.org\/{rel}","templated":true}]}}