{"id":2588,"date":"2022-04-29T10:54:47","date_gmt":"2022-04-29T08:54:47","guid":{"rendered":"https:\/\/pistonaddict.com\/iesniedziet-transportlidzekli\/"},"modified":"2022-10-28T10:20:59","modified_gmt":"2022-10-28T08:20:59","slug":"iesniedziet-transportlidzekli","status":"publish","type":"page","link":"https:\/\/pistonaddict.com\/lv\/iesniedziet-transportlidzekli\/","title":{"rendered":"Iesniedziet transportl\u012bdzekli"},"content":{"rendered":"\t\t<div data-elementor-type=\"wp-page\" data-elementor-id=\"2588\" class=\"elementor elementor-2588 elementor-2611\">\n\t\t\t\t\t\t<section class=\"elementor-section elementor-top-section elementor-element elementor-element-131f3ee elementor-section-full_width elementor-section-content-middle banniere-page elementor-section-height-default elementor-section-height-default\" data-id=\"131f3ee\" data-element_type=\"section\" data-settings=\"{&quot;background_background&quot;:&quot;classic&quot;}\">\n\t\t\t\t\t\t<div class=\"elementor-container elementor-column-gap-default\">\n\t\t\t\t\t<div class=\"elementor-column elementor-col-100 elementor-top-column elementor-element elementor-element-29a80674\" data-id=\"29a80674\" data-element_type=\"column\">\n\t\t\t<div class=\"elementor-widget-wrap elementor-element-populated\">\n\t\t\t\t\t\t<div class=\"elementor-element elementor-element-1ae29e58 elementor-widget elementor-widget-heading\" data-id=\"1ae29e58\" data-element_type=\"widget\" data-widget_type=\"heading.default\">\n\t\t\t\t<div class=\"elementor-widget-container\">\n\t\t\t<style>\/*! elementor - v3.21.0 - 18-04-2024 *\/\n.elementor-heading-title{padding:0;margin:0;line-height:1}.elementor-widget-heading .elementor-heading-title[class*=elementor-size-]>a{color:inherit;font-size:inherit;line-height:inherit}.elementor-widget-heading .elementor-heading-title.elementor-size-small{font-size:15px}.elementor-widget-heading .elementor-heading-title.elementor-size-medium{font-size:19px}.elementor-widget-heading .elementor-heading-title.elementor-size-large{font-size:29px}.elementor-widget-heading .elementor-heading-title.elementor-size-xl{font-size:39px}.elementor-widget-heading .elementor-heading-title.elementor-size-xxl{font-size:59px}<\/style><h1 class=\"elementor-heading-title elementor-size-default\">Iesniedziet transportl\u012bdzekli<\/h1>\t\t<\/div>\n\t\t\t\t<\/div>\n\t\t\t\t\t<\/div>\n\t\t<\/div>\n\t\t\t\t\t<\/div>\n\t\t<\/section>\n\t\t\t\t<section class=\"elementor-section elementor-top-section elementor-element elementor-element-aa2f1c8 elementor-section-full_width descs elementor-section-height-default elementor-section-height-default\" data-id=\"aa2f1c8\" data-element_type=\"section\">\n\t\t\t\t\t\t<div class=\"elementor-container elementor-column-gap-default\">\n\t\t\t\t\t<div class=\"elementor-column elementor-col-66 elementor-top-column elementor-element elementor-element-e62e0a7\" data-id=\"e62e0a7\" data-element_type=\"column\">\n\t\t\t<div class=\"elementor-widget-wrap elementor-element-populated\">\n\t\t\t\t\t\t<div class=\"elementor-element elementor-element-497500c elementor-widget elementor-widget-text-editor\" data-id=\"497500c\" data-element_type=\"widget\" data-widget_type=\"text-editor.default\">\n\t\t\t\t<div class=\"elementor-widget-container\">\n\t\t\t<style>\/*! elementor - v3.21.0 - 18-04-2024 *\/\n.elementor-widget-text-editor.elementor-drop-cap-view-stacked .elementor-drop-cap{background-color:#69727d;color:#fff}.elementor-widget-text-editor.elementor-drop-cap-view-framed .elementor-drop-cap{color:#69727d;border:3px solid;background-color:transparent}.elementor-widget-text-editor:not(.elementor-drop-cap-view-default) .elementor-drop-cap{margin-top:8px}.elementor-widget-text-editor:not(.elementor-drop-cap-view-default) .elementor-drop-cap-letter{width:1em;height:1em}.elementor-widget-text-editor .elementor-drop-cap{float:left;text-align:center;line-height:1;font-size:50px}.elementor-widget-text-editor .elementor-drop-cap-letter{display:inline-block}<\/style>\t\t\t\t\n          <h2>Iesniedziet savu sludin\u0101jumu jau \u0161odien!<\/h2>\n          <p>Piston Addict ir vienk\u0101r\u0161i lab\u0101kais veids, k\u0101 pirkt un p\u0101rdot lab\u0101kos transportl\u012bdzek\u013cus.<\/p>\n          <p>God\u012bga sol\u012b\u0161ana, zemas maksas un entuziastu kopiena.<\/p>\n        \t\t\t\t\t\t<\/div>\n\t\t\t\t<\/div>\n\t\t\t\t\t<\/div>\n\t\t<\/div>\n\t\t\t\t<div class=\"elementor-column elementor-col-33 elementor-top-column elementor-element elementor-element-c5021fe\" data-id=\"c5021fe\" data-element_type=\"column\">\n\t\t\t<div class=\"elementor-widget-wrap elementor-element-populated\">\n\t\t\t\t\t\t<div class=\"elementor-element elementor-element-ae69368 elementor-widget elementor-widget-text-editor\" data-id=\"ae69368\" data-element_type=\"widget\" data-widget_type=\"text-editor.default\">\n\t\t\t\t<div class=\"elementor-widget-container\">\n\t\t\t\t\t\t\t\n          <h3>Vai jums ir jaut\u0101jumi?<\/h3>\n          \n\n          <a class=\"btn-custom\" href=\"https:\/\/pistonaddict.com\/lv\/faq\/\">Noklik\u0161\u0137iniet \u0161eit (FAQ)<\/a>\n        \t\t\t\t\t\t<\/div>\n\t\t\t\t<\/div>\n\t\t\t\t\t<\/div>\n\t\t<\/div>\n\t\t\t\t\t<\/div>\n\t\t<\/section>\n\t\t\t\t<\/div>\n\t\t","protected":false},"excerpt":{"rendered":"<p>Iesniedziet transportl\u012bdzekli Iesniedziet savu sludin\u0101jumu jau \u0161odien! Piston Addict ir vienk\u0101r\u0161i lab\u0101kais veids, k\u0101 pirkt un p\u0101rdot lab\u0101kos transportl\u012bdzek\u013cus. God\u012bga sol\u012b\u0161ana, zemas maksas un entuziastu kopiena. Vai jums ir jaut\u0101jumi? Noklik\u0161\u0137iniet \u0161eit (FAQ)<\/p>\n","protected":false},"author":1,"featured_media":0,"parent":0,"menu_order":0,"comment_status":"closed","ping_status":"closed","template":"","meta":{"inline_featured_image":false,"footnotes":""},"acf":[],"yoast_head":"<!-- This site is optimized with the Yoast SEO plugin v22.5 - https:\/\/yoast.com\/wordpress\/plugins\/seo\/ -->\n<title>Iesniedziet transportl\u012bdzekli - Piston Addict<\/title>\n<meta name=\"robots\" content=\"index, follow, max-snippet:-1, max-image-preview:large, max-video-preview:-1\" \/>\n<link rel=\"canonical\" href=\"https:\/\/pistonaddict.com\/lv\/iesniedziet-transportlidzekli\/\" \/>\n<meta property=\"og:locale\" content=\"lv_LV\" \/>\n<meta property=\"og:type\" content=\"article\" \/>\n<meta property=\"og:title\" content=\"Iesniedziet transportl\u012bdzekli - Piston Addict\" \/>\n<meta property=\"og:description\" content=\"Iesniedziet transportl\u012bdzekli Iesniedziet savu sludin\u0101jumu jau \u0161odien! Piston Addict ir vienk\u0101r\u0161i lab\u0101kais veids, k\u0101 pirkt un p\u0101rdot lab\u0101kos transportl\u012bdzek\u013cus. God\u012bga sol\u012b\u0161ana, zemas maksas un entuziastu kopiena. Vai jums ir jaut\u0101jumi? Noklik\u0161\u0137iniet \u0161eit (FAQ)\" \/>\n<meta property=\"og:url\" content=\"https:\/\/pistonaddict.com\/lv\/iesniedziet-transportlidzekli\/\" \/>\n<meta property=\"og:site_name\" content=\"Piston Addict\" \/>\n<meta property=\"article:modified_time\" content=\"2022-10-28T08:20:59+00:00\" \/>\n<meta name=\"twitter:card\" content=\"summary_large_image\" \/>\n<script type=\"application\/ld+json\" class=\"yoast-schema-graph\">{\"@context\":\"https:\/\/schema.org\",\"@graph\":[{\"@type\":\"WebPage\",\"@id\":\"https:\/\/pistonaddict.com\/lv\/iesniedziet-transportlidzekli\/\",\"url\":\"https:\/\/pistonaddict.com\/lv\/iesniedziet-transportlidzekli\/\",\"name\":\"Iesniedziet transportl\u012bdzekli - Piston Addict\",\"isPartOf\":{\"@id\":\"https:\/\/pistonaddict.com\/lv\/#website\"},\"datePublished\":\"2022-04-29T08:54:47+00:00\",\"dateModified\":\"2022-10-28T08:20:59+00:00\",\"breadcrumb\":{\"@id\":\"https:\/\/pistonaddict.com\/lv\/iesniedziet-transportlidzekli\/#breadcrumb\"},\"inLanguage\":\"lv-LV\",\"potentialAction\":[{\"@type\":\"ReadAction\",\"target\":[\"https:\/\/pistonaddict.com\/lv\/iesniedziet-transportlidzekli\/\"]}]},{\"@type\":\"BreadcrumbList\",\"@id\":\"https:\/\/pistonaddict.com\/lv\/iesniedziet-transportlidzekli\/#breadcrumb\",\"itemListElement\":[{\"@type\":\"ListItem\",\"position\":1,\"name\":\"M\u0101jas lapa\",\"item\":\"https:\/\/pistonaddict.com\/lv\/majas-lapa-2\/\"},{\"@type\":\"ListItem\",\"position\":2,\"name\":\"Iesniedziet transportl\u012bdzekli\"}]},{\"@type\":\"WebSite\",\"@id\":\"https:\/\/pistonaddict.com\/lv\/#website\",\"url\":\"https:\/\/pistonaddict.com\/lv\/\",\"name\":\"Piston Addict\",\"description\":\"Only interesting vehicles\",\"publisher\":{\"@id\":\"https:\/\/pistonaddict.com\/lv\/#organization\"},\"potentialAction\":[{\"@type\":\"SearchAction\",\"target\":{\"@type\":\"EntryPoint\",\"urlTemplate\":\"https:\/\/pistonaddict.com\/lv\/?s={search_term_string}\"},\"query-input\":\"required name=search_term_string\"}],\"inLanguage\":\"lv-LV\"},{\"@type\":\"Organization\",\"@id\":\"https:\/\/pistonaddict.com\/lv\/#organization\",\"name\":\"Piston Addict\",\"url\":\"https:\/\/pistonaddict.com\/lv\/\",\"logo\":{\"@type\":\"ImageObject\",\"inLanguage\":\"lv-LV\",\"@id\":\"https:\/\/pistonaddict.com\/lv\/#\/schema\/logo\/image\/\",\"url\":\"https:\/\/pistonaddict.com\/wp-content\/uploads\/2022\/07\/logo-6.png\",\"contentUrl\":\"https:\/\/pistonaddict.com\/wp-content\/uploads\/2022\/07\/logo-6.png\",\"width\":970,\"height\":200,\"caption\":\"Piston Addict\"},\"image\":{\"@id\":\"https:\/\/pistonaddict.com\/lv\/#\/schema\/logo\/image\/\"}}]}<\/script>\n<!-- \/ Yoast SEO plugin. -->","yoast_head_json":{"title":"Iesniedziet transportl\u012bdzekli - Piston Addict","robots":{"index":"index","follow":"follow","max-snippet":"max-snippet:-1","max-image-preview":"max-image-preview:large","max-video-preview":"max-video-preview:-1"},"canonical":"https:\/\/pistonaddict.com\/lv\/iesniedziet-transportlidzekli\/","og_locale":"lv_LV","og_type":"article","og_title":"Iesniedziet transportl\u012bdzekli - Piston Addict","og_description":"Iesniedziet transportl\u012bdzekli Iesniedziet savu sludin\u0101jumu jau \u0161odien! Piston Addict ir vienk\u0101r\u0161i lab\u0101kais veids, k\u0101 pirkt un p\u0101rdot lab\u0101kos transportl\u012bdzek\u013cus. God\u012bga sol\u012b\u0161ana, zemas maksas un entuziastu kopiena. Vai jums ir jaut\u0101jumi? Noklik\u0161\u0137iniet \u0161eit (FAQ)","og_url":"https:\/\/pistonaddict.com\/lv\/iesniedziet-transportlidzekli\/","og_site_name":"Piston Addict","article_modified_time":"2022-10-28T08:20:59+00:00","twitter_card":"summary_large_image","schema":{"@context":"https:\/\/schema.org","@graph":[{"@type":"WebPage","@id":"https:\/\/pistonaddict.com\/lv\/iesniedziet-transportlidzekli\/","url":"https:\/\/pistonaddict.com\/lv\/iesniedziet-transportlidzekli\/","name":"Iesniedziet transportl\u012bdzekli - Piston Addict","isPartOf":{"@id":"https:\/\/pistonaddict.com\/lv\/#website"},"datePublished":"2022-04-29T08:54:47+00:00","dateModified":"2022-10-28T08:20:59+00:00","breadcrumb":{"@id":"https:\/\/pistonaddict.com\/lv\/iesniedziet-transportlidzekli\/#breadcrumb"},"inLanguage":"lv-LV","potentialAction":[{"@type":"ReadAction","target":["https:\/\/pistonaddict.com\/lv\/iesniedziet-transportlidzekli\/"]}]},{"@type":"BreadcrumbList","@id":"https:\/\/pistonaddict.com\/lv\/iesniedziet-transportlidzekli\/#breadcrumb","itemListElement":[{"@type":"ListItem","position":1,"name":"M\u0101jas lapa","item":"https:\/\/pistonaddict.com\/lv\/majas-lapa-2\/"},{"@type":"ListItem","position":2,"name":"Iesniedziet transportl\u012bdzekli"}]},{"@type":"WebSite","@id":"https:\/\/pistonaddict.com\/lv\/#website","url":"https:\/\/pistonaddict.com\/lv\/","name":"Piston Addict","description":"Only interesting vehicles","publisher":{"@id":"https:\/\/pistonaddict.com\/lv\/#organization"},"potentialAction":[{"@type":"SearchAction","target":{"@type":"EntryPoint","urlTemplate":"https:\/\/pistonaddict.com\/lv\/?s={search_term_string}"},"query-input":"required name=search_term_string"}],"inLanguage":"lv-LV"},{"@type":"Organization","@id":"https:\/\/pistonaddict.com\/lv\/#organization","name":"Piston Addict","url":"https:\/\/pistonaddict.com\/lv\/","logo":{"@type":"ImageObject","inLanguage":"lv-LV","@id":"https:\/\/pistonaddict.com\/lv\/#\/schema\/logo\/image\/","url":"https:\/\/pistonaddict.com\/wp-content\/uploads\/2022\/07\/logo-6.png","contentUrl":"https:\/\/pistonaddict.com\/wp-content\/uploads\/2022\/07\/logo-6.png","width":970,"height":200,"caption":"Piston Addict"},"image":{"@id":"https:\/\/pistonaddict.com\/lv\/#\/schema\/logo\/image\/"}}]}},"_links":{"self":[{"href":"https:\/\/pistonaddict.com\/lv\/wp-json\/wp\/v2\/pages\/2588"}],"collection":[{"href":"https:\/\/pistonaddict.com\/lv\/wp-json\/wp\/v2\/pages"}],"about":[{"href":"https:\/\/pistonaddict.com\/lv\/wp-json\/wp\/v2\/types\/page"}],"author":[{"embeddable":true,"href":"https:\/\/pistonaddict.com\/lv\/wp-json\/wp\/v2\/users\/1"}],"replies":[{"embeddable":true,"href":"https:\/\/pistonaddict.com\/lv\/wp-json\/wp\/v2\/comments?post=2588"}],"version-history":[{"count":3,"href":"https:\/\/pistonaddict.com\/lv\/wp-json\/wp\/v2\/pages\/2588\/revisions"}],"predecessor-version":[{"id":4302,"href":"https:\/\/pistonaddict.com\/lv\/wp-json\/wp\/v2\/pages\/2588\/revisions\/4302"}],"wp:attachment":[{"href":"https:\/\/pistonaddict.com\/lv\/wp-json\/wp\/v2\/media?parent=2588"}],"curies":[{"name":"wp","href":"https:\/\/api.w.org\/{rel}","templated":true}]}}