{"id":2306,"date":"2022-04-21T10:08:27","date_gmt":"2022-04-21T08:08:27","guid":{"rendered":"https:\/\/pistonaddict.com\/fotografi\/"},"modified":"2022-05-04T18:00:14","modified_gmt":"2022-05-04T16:00:14","slug":"fotografi","status":"publish","type":"page","link":"https:\/\/pistonaddict.com\/lv\/fotografi\/","title":{"rendered":"Fotogr\u0101fi"},"content":{"rendered":"\t\t<div data-elementor-type=\"wp-page\" data-elementor-id=\"2306\" class=\"elementor elementor-2306 elementor-68\">\n\t\t\t\t\t\t<section class=\"elementor-section elementor-top-section elementor-element elementor-element-910ea2a elementor-section-full_width elementor-section-content-middle banniere-page elementor-section-height-default elementor-section-height-default\" data-id=\"910ea2a\" data-element_type=\"section\" data-settings=\"{&quot;background_background&quot;:&quot;classic&quot;}\">\n\t\t\t\t\t\t<div class=\"elementor-container elementor-column-gap-default\">\n\t\t\t\t\t<div class=\"elementor-column elementor-col-100 elementor-top-column elementor-element elementor-element-b8add27\" data-id=\"b8add27\" data-element_type=\"column\">\n\t\t\t<div class=\"elementor-widget-wrap elementor-element-populated\">\n\t\t\t\t\t\t<div class=\"elementor-element elementor-element-ec39b5c elementor-widget elementor-widget-heading\" data-id=\"ec39b5c\" data-element_type=\"widget\" data-widget_type=\"heading.default\">\n\t\t\t\t<div class=\"elementor-widget-container\">\n\t\t\t<style>\/*! elementor - v3.21.0 - 18-04-2024 *\/\n.elementor-heading-title{padding:0;margin:0;line-height:1}.elementor-widget-heading .elementor-heading-title[class*=elementor-size-]>a{color:inherit;font-size:inherit;line-height:inherit}.elementor-widget-heading .elementor-heading-title.elementor-size-small{font-size:15px}.elementor-widget-heading .elementor-heading-title.elementor-size-medium{font-size:19px}.elementor-widget-heading .elementor-heading-title.elementor-size-large{font-size:29px}.elementor-widget-heading .elementor-heading-title.elementor-size-xl{font-size:39px}.elementor-widget-heading .elementor-heading-title.elementor-size-xxl{font-size:59px}<\/style><h1 class=\"elementor-heading-title elementor-size-default\">Fotogr\u0101fi<\/h1>\t\t<\/div>\n\t\t\t\t<\/div>\n\t\t\t\t\t<\/div>\n\t\t<\/div>\n\t\t\t\t\t<\/div>\n\t\t<\/section>\n\t\t\t\t<section class=\"elementor-section elementor-top-section elementor-element elementor-element-24c18a1 elementor-section-full_width descs elementor-section-height-default elementor-section-height-default\" data-id=\"24c18a1\" data-element_type=\"section\">\n\t\t\t\t\t\t<div class=\"elementor-container elementor-column-gap-default\">\n\t\t\t\t\t<div class=\"elementor-column elementor-col-100 elementor-top-column elementor-element elementor-element-116ccfe\" data-id=\"116ccfe\" data-element_type=\"column\">\n\t\t\t<div class=\"elementor-widget-wrap elementor-element-populated\">\n\t\t\t\t\t\t<div class=\"elementor-element elementor-element-bccac14 elementor-widget elementor-widget-text-editor\" data-id=\"bccac14\" data-element_type=\"widget\" data-widget_type=\"text-editor.default\">\n\t\t\t\t<div class=\"elementor-widget-container\">\n\t\t\t<style>\/*! elementor - v3.21.0 - 18-04-2024 *\/\n.elementor-widget-text-editor.elementor-drop-cap-view-stacked .elementor-drop-cap{background-color:#69727d;color:#fff}.elementor-widget-text-editor.elementor-drop-cap-view-framed .elementor-drop-cap{color:#69727d;border:3px solid;background-color:transparent}.elementor-widget-text-editor:not(.elementor-drop-cap-view-default) .elementor-drop-cap{margin-top:8px}.elementor-widget-text-editor:not(.elementor-drop-cap-view-default) .elementor-drop-cap-letter{width:1em;height:1em}.elementor-widget-text-editor .elementor-drop-cap{float:left;text-align:center;line-height:1;font-size:50px}.elementor-widget-text-editor .elementor-drop-cap-letter{display:inline-block}<\/style>\t\t\t\t\n          <h2>Profesion\u0101lu fotogr\u0101fu pakalpojums pie j\u016bsu durv\u012bm<\/h2>\n          \n\n          <p>Piston Addict pied\u0101v\u0101 bezmaksas atra\u0161an\u0101s vietas noteik\u0161anas pakalpojumu profesion\u0101liem fotogr\u0101fiem j\u016bsu re\u0123ion\u0101.<\/p>\n          \n\n          <p>\nPateicoties vi\u0146u att\u0113liem, j\u016bsu transportl\u012bdzeklis tiks sublim\u0113ts.\nM\u0113s esam izveidoju\u0161i vair\u0101k nek\u0101 X fotogr\u0101fu t\u012bklu da\u017e\u0101d\u0101s valst\u012bs.\n<\/p>\n          <p>\nKad esat izv\u0113l\u0113jies savu fotogr\u0101fu, aicin\u0101m sazin\u0101ties ar vi\u0146u tie\u0161i pa vi\u0146a\/vi\u0146as kontaktform\u0101 nor\u0101d\u012bto e-pasta adresi vai t\u0101lru\u0146a numuru.<\/p>\n        \t\t\t\t\t\t<\/div>\n\t\t\t\t<\/div>\n\t\t\t\t\t<\/div>\n\t\t<\/div>\n\t\t\t\t\t<\/div>\n\t\t<\/section>\n\t\t\t\t<\/div>\n\t\t","protected":false},"excerpt":{"rendered":"<p>Fotogr\u0101fi Profesion\u0101lu fotogr\u0101fu pakalpojums pie j\u016bsu durv\u012bm Piston Addict pied\u0101v\u0101 bezmaksas atra\u0161an\u0101s vietas noteik\u0161anas pakalpojumu profesion\u0101liem fotogr\u0101fiem j\u016bsu re\u0123ion\u0101. Pateicoties vi\u0146u att\u0113liem, j\u016bsu transportl\u012bdzeklis tiks sublim\u0113ts. M\u0113s esam izveidoju\u0161i vair\u0101k nek\u0101 X fotogr\u0101fu t\u012bklu da\u017e\u0101d\u0101s valst\u012bs. Kad esat izv\u0113l\u0113jies savu fotogr\u0101fu, aicin\u0101m sazin\u0101ties ar vi\u0146u tie\u0161i pa vi\u0146a\/vi\u0146as kontaktform\u0101 nor\u0101d\u012bto e-pasta adresi vai t\u0101lru\u0146a numuru.<\/p>\n","protected":false},"author":1,"featured_media":0,"parent":0,"menu_order":0,"comment_status":"closed","ping_status":"closed","template":"template-parts\/tpl-photographers.php","meta":{"inline_featured_image":false,"footnotes":""},"acf":[],"yoast_head":"<!-- This site is optimized with the Yoast SEO plugin v22.5 - https:\/\/yoast.com\/wordpress\/plugins\/seo\/ -->\n<title>Fotogr\u0101fi - Piston Addict<\/title>\n<meta name=\"robots\" content=\"index, follow, max-snippet:-1, max-image-preview:large, max-video-preview:-1\" \/>\n<link rel=\"canonical\" href=\"https:\/\/pistonaddict.com\/lv\/fotografi\/\" \/>\n<meta property=\"og:locale\" content=\"lv_LV\" \/>\n<meta property=\"og:type\" content=\"article\" \/>\n<meta property=\"og:title\" content=\"Fotogr\u0101fi - Piston Addict\" \/>\n<meta property=\"og:description\" content=\"Fotogr\u0101fi Profesion\u0101lu fotogr\u0101fu pakalpojums pie j\u016bsu durv\u012bm Piston Addict pied\u0101v\u0101 bezmaksas atra\u0161an\u0101s vietas noteik\u0161anas pakalpojumu profesion\u0101liem fotogr\u0101fiem j\u016bsu re\u0123ion\u0101. Pateicoties vi\u0146u att\u0113liem, j\u016bsu transportl\u012bdzeklis tiks sublim\u0113ts. M\u0113s esam izveidoju\u0161i vair\u0101k nek\u0101 X fotogr\u0101fu t\u012bklu da\u017e\u0101d\u0101s valst\u012bs. Kad esat izv\u0113l\u0113jies savu fotogr\u0101fu, aicin\u0101m sazin\u0101ties ar vi\u0146u tie\u0161i pa vi\u0146a\/vi\u0146as kontaktform\u0101 nor\u0101d\u012bto e-pasta adresi vai t\u0101lru\u0146a numuru.\" \/>\n<meta property=\"og:url\" content=\"https:\/\/pistonaddict.com\/lv\/fotografi\/\" \/>\n<meta property=\"og:site_name\" content=\"Piston Addict\" \/>\n<meta property=\"article:modified_time\" content=\"2022-05-04T16:00:14+00:00\" \/>\n<meta name=\"twitter:card\" content=\"summary_large_image\" \/>\n<script type=\"application\/ld+json\" class=\"yoast-schema-graph\">{\"@context\":\"https:\/\/schema.org\",\"@graph\":[{\"@type\":\"WebPage\",\"@id\":\"https:\/\/pistonaddict.com\/lv\/fotografi\/\",\"url\":\"https:\/\/pistonaddict.com\/lv\/fotografi\/\",\"name\":\"Fotogr\u0101fi - Piston Addict\",\"isPartOf\":{\"@id\":\"https:\/\/pistonaddict.com\/lv\/#website\"},\"datePublished\":\"2022-04-21T08:08:27+00:00\",\"dateModified\":\"2022-05-04T16:00:14+00:00\",\"breadcrumb\":{\"@id\":\"https:\/\/pistonaddict.com\/lv\/fotografi\/#breadcrumb\"},\"inLanguage\":\"lv-LV\",\"potentialAction\":[{\"@type\":\"ReadAction\",\"target\":[\"https:\/\/pistonaddict.com\/lv\/fotografi\/\"]}]},{\"@type\":\"BreadcrumbList\",\"@id\":\"https:\/\/pistonaddict.com\/lv\/fotografi\/#breadcrumb\",\"itemListElement\":[{\"@type\":\"ListItem\",\"position\":1,\"name\":\"M\u0101jas lapa\",\"item\":\"https:\/\/pistonaddict.com\/lv\/majas-lapa-2\/\"},{\"@type\":\"ListItem\",\"position\":2,\"name\":\"Fotogr\u0101fi\"}]},{\"@type\":\"WebSite\",\"@id\":\"https:\/\/pistonaddict.com\/lv\/#website\",\"url\":\"https:\/\/pistonaddict.com\/lv\/\",\"name\":\"Piston Addict\",\"description\":\"Only interesting vehicles\",\"publisher\":{\"@id\":\"https:\/\/pistonaddict.com\/lv\/#organization\"},\"potentialAction\":[{\"@type\":\"SearchAction\",\"target\":{\"@type\":\"EntryPoint\",\"urlTemplate\":\"https:\/\/pistonaddict.com\/lv\/?s={search_term_string}\"},\"query-input\":\"required name=search_term_string\"}],\"inLanguage\":\"lv-LV\"},{\"@type\":\"Organization\",\"@id\":\"https:\/\/pistonaddict.com\/lv\/#organization\",\"name\":\"Piston Addict\",\"url\":\"https:\/\/pistonaddict.com\/lv\/\",\"logo\":{\"@type\":\"ImageObject\",\"inLanguage\":\"lv-LV\",\"@id\":\"https:\/\/pistonaddict.com\/lv\/#\/schema\/logo\/image\/\",\"url\":\"https:\/\/pistonaddict.com\/wp-content\/uploads\/2022\/07\/logo-6.png\",\"contentUrl\":\"https:\/\/pistonaddict.com\/wp-content\/uploads\/2022\/07\/logo-6.png\",\"width\":970,\"height\":200,\"caption\":\"Piston Addict\"},\"image\":{\"@id\":\"https:\/\/pistonaddict.com\/lv\/#\/schema\/logo\/image\/\"}}]}<\/script>\n<!-- \/ Yoast SEO plugin. -->","yoast_head_json":{"title":"Fotogr\u0101fi - Piston Addict","robots":{"index":"index","follow":"follow","max-snippet":"max-snippet:-1","max-image-preview":"max-image-preview:large","max-video-preview":"max-video-preview:-1"},"canonical":"https:\/\/pistonaddict.com\/lv\/fotografi\/","og_locale":"lv_LV","og_type":"article","og_title":"Fotogr\u0101fi - Piston Addict","og_description":"Fotogr\u0101fi Profesion\u0101lu fotogr\u0101fu pakalpojums pie j\u016bsu durv\u012bm Piston Addict pied\u0101v\u0101 bezmaksas atra\u0161an\u0101s vietas noteik\u0161anas pakalpojumu profesion\u0101liem fotogr\u0101fiem j\u016bsu re\u0123ion\u0101. Pateicoties vi\u0146u att\u0113liem, j\u016bsu transportl\u012bdzeklis tiks sublim\u0113ts. M\u0113s esam izveidoju\u0161i vair\u0101k nek\u0101 X fotogr\u0101fu t\u012bklu da\u017e\u0101d\u0101s valst\u012bs. Kad esat izv\u0113l\u0113jies savu fotogr\u0101fu, aicin\u0101m sazin\u0101ties ar vi\u0146u tie\u0161i pa vi\u0146a\/vi\u0146as kontaktform\u0101 nor\u0101d\u012bto e-pasta adresi vai t\u0101lru\u0146a numuru.","og_url":"https:\/\/pistonaddict.com\/lv\/fotografi\/","og_site_name":"Piston Addict","article_modified_time":"2022-05-04T16:00:14+00:00","twitter_card":"summary_large_image","schema":{"@context":"https:\/\/schema.org","@graph":[{"@type":"WebPage","@id":"https:\/\/pistonaddict.com\/lv\/fotografi\/","url":"https:\/\/pistonaddict.com\/lv\/fotografi\/","name":"Fotogr\u0101fi - Piston Addict","isPartOf":{"@id":"https:\/\/pistonaddict.com\/lv\/#website"},"datePublished":"2022-04-21T08:08:27+00:00","dateModified":"2022-05-04T16:00:14+00:00","breadcrumb":{"@id":"https:\/\/pistonaddict.com\/lv\/fotografi\/#breadcrumb"},"inLanguage":"lv-LV","potentialAction":[{"@type":"ReadAction","target":["https:\/\/pistonaddict.com\/lv\/fotografi\/"]}]},{"@type":"BreadcrumbList","@id":"https:\/\/pistonaddict.com\/lv\/fotografi\/#breadcrumb","itemListElement":[{"@type":"ListItem","position":1,"name":"M\u0101jas lapa","item":"https:\/\/pistonaddict.com\/lv\/majas-lapa-2\/"},{"@type":"ListItem","position":2,"name":"Fotogr\u0101fi"}]},{"@type":"WebSite","@id":"https:\/\/pistonaddict.com\/lv\/#website","url":"https:\/\/pistonaddict.com\/lv\/","name":"Piston Addict","description":"Only interesting vehicles","publisher":{"@id":"https:\/\/pistonaddict.com\/lv\/#organization"},"potentialAction":[{"@type":"SearchAction","target":{"@type":"EntryPoint","urlTemplate":"https:\/\/pistonaddict.com\/lv\/?s={search_term_string}"},"query-input":"required name=search_term_string"}],"inLanguage":"lv-LV"},{"@type":"Organization","@id":"https:\/\/pistonaddict.com\/lv\/#organization","name":"Piston Addict","url":"https:\/\/pistonaddict.com\/lv\/","logo":{"@type":"ImageObject","inLanguage":"lv-LV","@id":"https:\/\/pistonaddict.com\/lv\/#\/schema\/logo\/image\/","url":"https:\/\/pistonaddict.com\/wp-content\/uploads\/2022\/07\/logo-6.png","contentUrl":"https:\/\/pistonaddict.com\/wp-content\/uploads\/2022\/07\/logo-6.png","width":970,"height":200,"caption":"Piston Addict"},"image":{"@id":"https:\/\/pistonaddict.com\/lv\/#\/schema\/logo\/image\/"}}]}},"_links":{"self":[{"href":"https:\/\/pistonaddict.com\/lv\/wp-json\/wp\/v2\/pages\/2306"}],"collection":[{"href":"https:\/\/pistonaddict.com\/lv\/wp-json\/wp\/v2\/pages"}],"about":[{"href":"https:\/\/pistonaddict.com\/lv\/wp-json\/wp\/v2\/types\/page"}],"author":[{"embeddable":true,"href":"https:\/\/pistonaddict.com\/lv\/wp-json\/wp\/v2\/users\/1"}],"replies":[{"embeddable":true,"href":"https:\/\/pistonaddict.com\/lv\/wp-json\/wp\/v2\/comments?post=2306"}],"version-history":[{"count":2,"href":"https:\/\/pistonaddict.com\/lv\/wp-json\/wp\/v2\/pages\/2306\/revisions"}],"predecessor-version":[{"id":4344,"href":"https:\/\/pistonaddict.com\/lv\/wp-json\/wp\/v2\/pages\/2306\/revisions\/4344"}],"wp:attachment":[{"href":"https:\/\/pistonaddict.com\/lv\/wp-json\/wp\/v2\/media?parent=2306"}],"curies":[{"name":"wp","href":"https:\/\/api.w.org\/{rel}","templated":true}]}}