{"id":22677,"date":"2022-04-20T13:00:00","date_gmt":"2022-04-20T11:00:00","guid":{"rendered":"https:\/\/pistonaddict.com\/parsegumi\/"},"modified":"2023-01-04T12:23:05","modified_gmt":"2023-01-04T11:23:05","slug":"parsegumi","status":"publish","type":"page","link":"https:\/\/pistonaddict.com\/lv\/parsegumi\/","title":{"rendered":"P\u0101rsegumi"},"content":{"rendered":"\t\t<div data-elementor-type=\"wp-page\" data-elementor-id=\"22677\" class=\"elementor elementor-22677 elementor-19002\">\n\t\t\t\t\t\t<section class=\"elementor-section elementor-top-section elementor-element elementor-element-3668bb8 elementor-section-full_width elementor-section-content-middle banniere-page elementor-section-height-default elementor-section-height-default\" data-id=\"3668bb8\" data-element_type=\"section\" data-settings=\"{&quot;background_background&quot;:&quot;classic&quot;}\">\n\t\t\t\t\t\t<div class=\"elementor-container elementor-column-gap-default\">\n\t\t\t\t\t<div class=\"elementor-column elementor-col-100 elementor-top-column elementor-element elementor-element-b2088b2\" data-id=\"b2088b2\" data-element_type=\"column\">\n\t\t\t<div class=\"elementor-widget-wrap elementor-element-populated\">\n\t\t\t\t\t\t<div class=\"elementor-element elementor-element-26e06c0 elementor-widget elementor-widget-heading\" data-id=\"26e06c0\" data-element_type=\"widget\" data-widget_type=\"heading.default\">\n\t\t\t\t<div class=\"elementor-widget-container\">\n\t\t\t<style>\/*! elementor - v3.21.0 - 18-04-2024 *\/\n.elementor-heading-title{padding:0;margin:0;line-height:1}.elementor-widget-heading .elementor-heading-title[class*=elementor-size-]>a{color:inherit;font-size:inherit;line-height:inherit}.elementor-widget-heading .elementor-heading-title.elementor-size-small{font-size:15px}.elementor-widget-heading .elementor-heading-title.elementor-size-medium{font-size:19px}.elementor-widget-heading .elementor-heading-title.elementor-size-large{font-size:29px}.elementor-widget-heading .elementor-heading-title.elementor-size-xl{font-size:39px}.elementor-widget-heading .elementor-heading-title.elementor-size-xxl{font-size:59px}<\/style><h1 class=\"elementor-heading-title elementor-size-default\">Par Piston Addict<\/h1>\t\t<\/div>\n\t\t\t\t<\/div>\n\t\t\t\t\t<\/div>\n\t\t<\/div>\n\t\t\t\t\t<\/div>\n\t\t<\/section>\n\t\t\t\t<section class=\"elementor-section elementor-top-section elementor-element elementor-element-62ecd00 elementor-section-full_width descs elementor-section-height-default elementor-section-height-default\" data-id=\"62ecd00\" data-element_type=\"section\">\n\t\t\t\t\t\t<div class=\"elementor-container elementor-column-gap-default\">\n\t\t\t\t\t<div class=\"elementor-column elementor-col-100 elementor-top-column elementor-element elementor-element-cae2e10\" data-id=\"cae2e10\" data-element_type=\"column\">\n\t\t\t<div class=\"elementor-widget-wrap elementor-element-populated\">\n\t\t\t\t\t\t<div class=\"elementor-element elementor-element-174bee4 elementor-widget elementor-widget-text-editor\" data-id=\"174bee4\" data-element_type=\"widget\" data-widget_type=\"text-editor.default\">\n\t\t\t\t<div class=\"elementor-widget-container\">\n\t\t\t<style>\/*! elementor - v3.21.0 - 18-04-2024 *\/\n.elementor-widget-text-editor.elementor-drop-cap-view-stacked .elementor-drop-cap{background-color:#69727d;color:#fff}.elementor-widget-text-editor.elementor-drop-cap-view-framed .elementor-drop-cap{color:#69727d;border:3px solid;background-color:transparent}.elementor-widget-text-editor:not(.elementor-drop-cap-view-default) .elementor-drop-cap{margin-top:8px}.elementor-widget-text-editor:not(.elementor-drop-cap-view-default) .elementor-drop-cap-letter{width:1em;height:1em}.elementor-widget-text-editor .elementor-drop-cap{float:left;text-align:center;line-height:1;font-size:50px}.elementor-widget-text-editor .elementor-drop-cap-letter{display:inline-block}<\/style>\t\t\t\t<\/p>\n<h2>M\u016bsu v\u0113sture<\/h2>\n<p>Piston Addict ir tie\u0161saistes izso\u013cu platforma, kas specializ\u0113jas izcilu transportl\u012bdzek\u013cu jom\u0101.  <\/p>\n<p>Jau no mazotnes esam auto entuziasti, t\u0101p\u0113c mums bija svar\u012bgi padar\u012bt automa\u0161\u012bnu un motociklu p\u0101rdo\u0161anu un ieg\u0101di pieejam\u0101ku, \u013caujot jums p\u0101rdot vai ieg\u0101d\u0101ties transportl\u012bdzekli, lai kur j\u016bs atrastos. j\u016bs atrad\u0101t.<\/p>\n<p>Piston Addict rad\u0101s ar v\u0113lmi rad\u012bt revol\u016bciju lietotu transportl\u012bdzek\u013cu tirg\u016b visvienk\u0101r\u0161\u0101kaj\u0101, vispl\u016bsto\u0161\u0101kaj\u0101 un p\u0101rredzam\u0101kaj\u0101 veid\u0101: lai ieg\u0101d\u0101tos un p\u0101rdotu aizraujo\u0161us transportl\u012bdzek\u013cus, jums ir nepiecie\u0161ams tikai viens klik\u0161\u0137is vai izsole. entuziastu.<\/p>\n<h2> <\/h2>\n<h2>K\u0101 m\u0113s str\u0101d\u0101jam<\/h2>\n<p>Piston Addict no jauna izgudro veidu, k\u0101 p\u0101rdot vai ieg\u0101d\u0101ties klasiskus, kolekcion\u0113jamus un entuziastu transportl\u012bdzek\u013cus.<\/p>\n<p>M\u0113s ar visliel\u0101ko uzman\u012bbu p\u0113t\u0101m katru iesniegto transportl\u012bdzekli: Piston Addict ir entuziastu komanda, kas ir vecu vai modernu automobi\u013cu eksperti.<\/p>\n<p>M\u016bsu izsoles pied\u0101v\u0101 piln\u012bgu p\u0101rredzam\u012bbu, pla\u0161\u0101kus pied\u0101v\u0101jumus un god\u012bg\u0101kas maksas sal\u012bdzin\u0101jum\u0101 ar tradicion\u0101laj\u0101m platform\u0101m. M\u0113s izv\u0113lamies visda\u017e\u0101d\u0101ko marku, mode\u013cu un tipu transportl\u012bdzek\u013cus: m\u0113s v\u0113lamies redz\u0113t tik daudz \u0161\u0137ir\u0146u, cik vien j\u016bs varat cer\u0113t!<\/p>\n\t\t\t\t\t\t<\/div>\n\t\t\t\t<\/div>\n\t\t\t\t\t<\/div>\n\t\t<\/div>\n\t\t\t\t\t<\/div>\n\t\t<\/section>\n\t\t\t\t<section class=\"elementor-section elementor-top-section elementor-element elementor-element-38f2e81 elementor-section-content-middle story elementor-section-boxed elementor-section-height-default elementor-section-height-default\" data-id=\"38f2e81\" data-element_type=\"section\" data-settings=\"{&quot;background_background&quot;:&quot;gradient&quot;}\">\n\t\t\t\t\t\t<div class=\"elementor-container elementor-column-gap-default\">\n\t\t\t\t\t<div class=\"elementor-column elementor-col-100 elementor-top-column elementor-element elementor-element-71b8e7e\" data-id=\"71b8e7e\" data-element_type=\"column\">\n\t\t\t<div class=\"elementor-widget-wrap elementor-element-populated\">\n\t\t\t\t\t\t<div class=\"elementor-element elementor-element-205cd4d elementor-widget elementor-widget-text-editor\" data-id=\"205cd4d\" data-element_type=\"widget\" data-widget_type=\"text-editor.default\">\n\t\t\t\t<div class=\"elementor-widget-container\">\n\t\t\t\t\t\t\t\n          <h3>Liec\u012bbas<\/h3>\n          <p>Mums pat\u012bk, kad pirc\u0113ji un p\u0101rdev\u0113ji st\u0101sta mums par labo pieredzi, kas g\u016bta m\u016bsu vietn\u0113.<\/p>\n          <p>Nos\u016btiet mums savu pirk\u0161anas vai p\u0101rdo\u0161anas st\u0101stu kop\u0101 ar lieliskiem fotoatt\u0113liem, un m\u0113s public\u0113sim j\u016bsu atsauksmi.<\/p>\n          <p>\n            <a href=\"mailto:contact@pistonaddict.com\">Iesniedziet savu atsauksmi<\/a>\n          <\/p>\n        \t\t\t\t\t\t<\/div>\n\t\t\t\t<\/div>\n\t\t\t\t\t<\/div>\n\t\t<\/div>\n\t\t\t\t\t<\/div>\n\t\t<\/section>\n\t\t\t\t<\/div>\n\t\t","protected":false},"excerpt":{"rendered":"<p>Par Piston Addict M\u016bsu v\u0113sture Piston Addict ir tie\u0161saistes izso\u013cu platforma, kas specializ\u0113jas izcilu transportl\u012bdzek\u013cu jom\u0101. Jau no mazotnes esam auto entuziasti, t\u0101p\u0113c mums bija svar\u012bgi padar\u012bt automa\u0161\u012bnu un motociklu p\u0101rdo\u0161anu un ieg\u0101di pieejam\u0101ku, \u013caujot jums p\u0101rdot vai ieg\u0101d\u0101ties transportl\u012bdzekli, lai kur j\u016bs atrastos. j\u016bs atrad\u0101t. Piston Addict rad\u0101s ar v\u0113lmi rad\u012bt revol\u016bciju lietotu transportl\u012bdzek\u013cu &#8230; <a title=\"P\u0101rsegumi\" class=\"read-more\" href=\"https:\/\/pistonaddict.com\/lv\/parsegumi\/\">Las\u012bt vair\u0101k<span class=\"screen-reader-text\">P\u0101rsegumi<\/span><\/a><\/p>\n","protected":false},"author":1,"featured_media":0,"parent":0,"menu_order":0,"comment_status":"closed","ping_status":"closed","template":"","meta":{"inline_featured_image":false,"footnotes":""},"acf":[],"yoast_head":"<!-- This site is optimized with the Yoast SEO plugin v22.5 - https:\/\/yoast.com\/wordpress\/plugins\/seo\/ -->\n<title>P\u0101rsegumi - Piston Addict<\/title>\n<meta name=\"robots\" content=\"index, follow, max-snippet:-1, max-image-preview:large, max-video-preview:-1\" \/>\n<link rel=\"canonical\" href=\"https:\/\/pistonaddict.com\/lv\/parsegumi\/\" \/>\n<meta property=\"og:locale\" content=\"lv_LV\" \/>\n<meta property=\"og:type\" content=\"article\" \/>\n<meta property=\"og:title\" content=\"P\u0101rsegumi - Piston Addict\" \/>\n<meta property=\"og:description\" content=\"Par Piston Addict M\u016bsu v\u0113sture Piston Addict ir tie\u0161saistes izso\u013cu platforma, kas specializ\u0113jas izcilu transportl\u012bdzek\u013cu jom\u0101. Jau no mazotnes esam auto entuziasti, t\u0101p\u0113c mums bija svar\u012bgi padar\u012bt automa\u0161\u012bnu un motociklu p\u0101rdo\u0161anu un ieg\u0101di pieejam\u0101ku, \u013caujot jums p\u0101rdot vai ieg\u0101d\u0101ties transportl\u012bdzekli, lai kur j\u016bs atrastos. j\u016bs atrad\u0101t. Piston Addict rad\u0101s ar v\u0113lmi rad\u012bt revol\u016bciju lietotu transportl\u012bdzek\u013cu ... Las\u012bt vair\u0101kP\u0101rsegumi\" \/>\n<meta property=\"og:url\" content=\"https:\/\/pistonaddict.com\/lv\/parsegumi\/\" \/>\n<meta property=\"og:site_name\" content=\"Piston Addict\" \/>\n<meta property=\"article:modified_time\" content=\"2023-01-04T11:23:05+00:00\" \/>\n<meta name=\"twitter:card\" content=\"summary_large_image\" \/>\n<meta name=\"twitter:label1\" content=\"Est. reading time\" \/>\n\t<meta name=\"twitter:data1\" content=\"1 minute\" \/>\n<script type=\"application\/ld+json\" class=\"yoast-schema-graph\">{\"@context\":\"https:\/\/schema.org\",\"@graph\":[{\"@type\":\"WebPage\",\"@id\":\"https:\/\/pistonaddict.com\/lv\/parsegumi\/\",\"url\":\"https:\/\/pistonaddict.com\/lv\/parsegumi\/\",\"name\":\"P\u0101rsegumi - Piston Addict\",\"isPartOf\":{\"@id\":\"https:\/\/pistonaddict.com\/lv\/#website\"},\"datePublished\":\"2022-04-20T11:00:00+00:00\",\"dateModified\":\"2023-01-04T11:23:05+00:00\",\"breadcrumb\":{\"@id\":\"https:\/\/pistonaddict.com\/lv\/parsegumi\/#breadcrumb\"},\"inLanguage\":\"lv-LV\",\"potentialAction\":[{\"@type\":\"ReadAction\",\"target\":[\"https:\/\/pistonaddict.com\/lv\/parsegumi\/\"]}]},{\"@type\":\"BreadcrumbList\",\"@id\":\"https:\/\/pistonaddict.com\/lv\/parsegumi\/#breadcrumb\",\"itemListElement\":[{\"@type\":\"ListItem\",\"position\":1,\"name\":\"M\u0101jas lapa\",\"item\":\"https:\/\/pistonaddict.com\/lv\/majas-lapa-2\/\"},{\"@type\":\"ListItem\",\"position\":2,\"name\":\"P\u0101rsegumi\"}]},{\"@type\":\"WebSite\",\"@id\":\"https:\/\/pistonaddict.com\/lv\/#website\",\"url\":\"https:\/\/pistonaddict.com\/lv\/\",\"name\":\"Piston Addict\",\"description\":\"Only interesting vehicles\",\"publisher\":{\"@id\":\"https:\/\/pistonaddict.com\/lv\/#organization\"},\"potentialAction\":[{\"@type\":\"SearchAction\",\"target\":{\"@type\":\"EntryPoint\",\"urlTemplate\":\"https:\/\/pistonaddict.com\/lv\/?s={search_term_string}\"},\"query-input\":\"required name=search_term_string\"}],\"inLanguage\":\"lv-LV\"},{\"@type\":\"Organization\",\"@id\":\"https:\/\/pistonaddict.com\/lv\/#organization\",\"name\":\"Piston Addict\",\"url\":\"https:\/\/pistonaddict.com\/lv\/\",\"logo\":{\"@type\":\"ImageObject\",\"inLanguage\":\"lv-LV\",\"@id\":\"https:\/\/pistonaddict.com\/lv\/#\/schema\/logo\/image\/\",\"url\":\"https:\/\/pistonaddict.com\/wp-content\/uploads\/2022\/07\/logo-6.png\",\"contentUrl\":\"https:\/\/pistonaddict.com\/wp-content\/uploads\/2022\/07\/logo-6.png\",\"width\":970,\"height\":200,\"caption\":\"Piston Addict\"},\"image\":{\"@id\":\"https:\/\/pistonaddict.com\/lv\/#\/schema\/logo\/image\/\"}}]}<\/script>\n<!-- \/ Yoast SEO plugin. -->","yoast_head_json":{"title":"P\u0101rsegumi - Piston Addict","robots":{"index":"index","follow":"follow","max-snippet":"max-snippet:-1","max-image-preview":"max-image-preview:large","max-video-preview":"max-video-preview:-1"},"canonical":"https:\/\/pistonaddict.com\/lv\/parsegumi\/","og_locale":"lv_LV","og_type":"article","og_title":"P\u0101rsegumi - Piston Addict","og_description":"Par Piston Addict M\u016bsu v\u0113sture Piston Addict ir tie\u0161saistes izso\u013cu platforma, kas specializ\u0113jas izcilu transportl\u012bdzek\u013cu jom\u0101. Jau no mazotnes esam auto entuziasti, t\u0101p\u0113c mums bija svar\u012bgi padar\u012bt automa\u0161\u012bnu un motociklu p\u0101rdo\u0161anu un ieg\u0101di pieejam\u0101ku, \u013caujot jums p\u0101rdot vai ieg\u0101d\u0101ties transportl\u012bdzekli, lai kur j\u016bs atrastos. j\u016bs atrad\u0101t. Piston Addict rad\u0101s ar v\u0113lmi rad\u012bt revol\u016bciju lietotu transportl\u012bdzek\u013cu ... Las\u012bt vair\u0101kP\u0101rsegumi","og_url":"https:\/\/pistonaddict.com\/lv\/parsegumi\/","og_site_name":"Piston Addict","article_modified_time":"2023-01-04T11:23:05+00:00","twitter_card":"summary_large_image","twitter_misc":{"Est. reading time":"1 minute"},"schema":{"@context":"https:\/\/schema.org","@graph":[{"@type":"WebPage","@id":"https:\/\/pistonaddict.com\/lv\/parsegumi\/","url":"https:\/\/pistonaddict.com\/lv\/parsegumi\/","name":"P\u0101rsegumi - Piston Addict","isPartOf":{"@id":"https:\/\/pistonaddict.com\/lv\/#website"},"datePublished":"2022-04-20T11:00:00+00:00","dateModified":"2023-01-04T11:23:05+00:00","breadcrumb":{"@id":"https:\/\/pistonaddict.com\/lv\/parsegumi\/#breadcrumb"},"inLanguage":"lv-LV","potentialAction":[{"@type":"ReadAction","target":["https:\/\/pistonaddict.com\/lv\/parsegumi\/"]}]},{"@type":"BreadcrumbList","@id":"https:\/\/pistonaddict.com\/lv\/parsegumi\/#breadcrumb","itemListElement":[{"@type":"ListItem","position":1,"name":"M\u0101jas lapa","item":"https:\/\/pistonaddict.com\/lv\/majas-lapa-2\/"},{"@type":"ListItem","position":2,"name":"P\u0101rsegumi"}]},{"@type":"WebSite","@id":"https:\/\/pistonaddict.com\/lv\/#website","url":"https:\/\/pistonaddict.com\/lv\/","name":"Piston Addict","description":"Only interesting vehicles","publisher":{"@id":"https:\/\/pistonaddict.com\/lv\/#organization"},"potentialAction":[{"@type":"SearchAction","target":{"@type":"EntryPoint","urlTemplate":"https:\/\/pistonaddict.com\/lv\/?s={search_term_string}"},"query-input":"required name=search_term_string"}],"inLanguage":"lv-LV"},{"@type":"Organization","@id":"https:\/\/pistonaddict.com\/lv\/#organization","name":"Piston Addict","url":"https:\/\/pistonaddict.com\/lv\/","logo":{"@type":"ImageObject","inLanguage":"lv-LV","@id":"https:\/\/pistonaddict.com\/lv\/#\/schema\/logo\/image\/","url":"https:\/\/pistonaddict.com\/wp-content\/uploads\/2022\/07\/logo-6.png","contentUrl":"https:\/\/pistonaddict.com\/wp-content\/uploads\/2022\/07\/logo-6.png","width":970,"height":200,"caption":"Piston Addict"},"image":{"@id":"https:\/\/pistonaddict.com\/lv\/#\/schema\/logo\/image\/"}}]}},"_links":{"self":[{"href":"https:\/\/pistonaddict.com\/lv\/wp-json\/wp\/v2\/pages\/22677"}],"collection":[{"href":"https:\/\/pistonaddict.com\/lv\/wp-json\/wp\/v2\/pages"}],"about":[{"href":"https:\/\/pistonaddict.com\/lv\/wp-json\/wp\/v2\/types\/page"}],"author":[{"embeddable":true,"href":"https:\/\/pistonaddict.com\/lv\/wp-json\/wp\/v2\/users\/1"}],"replies":[{"embeddable":true,"href":"https:\/\/pistonaddict.com\/lv\/wp-json\/wp\/v2\/comments?post=22677"}],"version-history":[{"count":1,"href":"https:\/\/pistonaddict.com\/lv\/wp-json\/wp\/v2\/pages\/22677\/revisions"}],"predecessor-version":[{"id":22679,"href":"https:\/\/pistonaddict.com\/lv\/wp-json\/wp\/v2\/pages\/22677\/revisions\/22679"}],"wp:attachment":[{"href":"https:\/\/pistonaddict.com\/lv\/wp-json\/wp\/v2\/media?parent=22677"}],"curies":[{"name":"wp","href":"https:\/\/api.w.org\/{rel}","templated":true}]}}