{"id":1971,"date":"2022-04-13T10:38:14","date_gmt":"2022-04-13T08:38:14","guid":{"rendered":"https:\/\/pistonaddict.com\/lapas-paraugs\/"},"modified":"2022-05-04T18:00:16","modified_gmt":"2022-05-04T16:00:16","slug":"lapas-paraugs","status":"publish","type":"page","link":"https:\/\/pistonaddict.com\/lv\/lapas-paraugs\/","title":{"rendered":"Lapas paraugs"},"content":{"rendered":"\n<p>\u0160\u012b ir lapas paraugs. Tas at\u0161\u0137iras no emu\u0101ra zi\u0146as, jo tas paliks vienuviet un tiks r\u0101d\u012bts j\u016bsu vietnes navig\u0101cij\u0101 (liel\u0101kaj\u0101 da\u013c\u0101 t\u0113mu). Liel\u0101k\u0101 da\u013ca cilv\u0113ku s\u0101k ar lapu \u201cPar\u201d, kas vi\u0146us iepaz\u012bstina ar vietnes apmekl\u0113t\u0101jiem. Tas var\u0113tu izskat\u012bties apm\u0113ram \u0161\u0101di:<\/p>\n\n<blockquote class=\"wp-block-quote\"><p>Labr\u012bt ! Es esmu meh\u0101ni\u0137is, kas v\u0113las k\u013c\u016bt par aktieri, un \u0161\u012b ir mana vietne. Es dz\u012bvoju Bordo, man ir lielisks suns v\u0101rd\u0101 Rasels, un man \u013coti pat\u012bk degv\u012bns (k\u0101 ar\u012b mani p\u0101rsteidz p\u0113k\u0161\u0146s lietus gar\u0101s pastaig\u0101s pa pludmali saulrieta laik\u0101).<\/p><\/blockquote>\n\n<p>\u2026vai kaut kas l\u012bdz\u012bgs \u0161im:<\/p>\n\n<blockquote class=\"wp-block-quote\"><p>Uz\u0146\u0113mums 123 Machin Truc tika izveidots 1971.\u00a0gad\u0101 un kop\u0161 t\u0101 laika ir turpin\u0101jis pied\u0101v\u0101t sabiedr\u012bbai kvalitat\u012bvus s\u012bkr\u012bkus. 123 Machin Truc, kas atrodas Saint-Remy-en-Bouzemont-Saint-Genest-et-Isson, nodarbina 2000 cilv\u0113ku un ra\u017eo visu veidu lieliskus s\u012bkr\u012bkus Bouzemont kopienai.<\/p><\/blockquote>\n\n<p>K\u0101 jaunam WordPress lietot\u0101jam jums vajadz\u0113tu doties uz <a href=\"https:\/\/pistonaddict.com\/wp-admin\/\">inform\u0101cijas paneli<\/a> , lai dz\u0113stu \u0161o lapu un izveidotu jaunas lapas savam saturam. Izklaid\u0113jies!<\/p>\n","protected":false},"excerpt":{"rendered":"<p>\u0160\u012b ir lapas paraugs. Tas at\u0161\u0137iras no emu\u0101ra zi\u0146as, jo tas paliks vienuviet un tiks r\u0101d\u012bts j\u016bsu vietnes navig\u0101cij\u0101 (liel\u0101kaj\u0101 da\u013c\u0101 t\u0113mu). Liel\u0101k\u0101 da\u013ca cilv\u0113ku s\u0101k ar lapu \u201cPar\u201d, kas vi\u0146us iepaz\u012bstina ar vietnes apmekl\u0113t\u0101jiem. Tas var\u0113tu izskat\u012bties apm\u0113ram \u0161\u0101di: Labr\u012bt ! Es esmu meh\u0101ni\u0137is, kas v\u0113las k\u013c\u016bt par aktieri, un \u0161\u012b ir mana vietne. &#8230; <a title=\"Lapas paraugs\" class=\"read-more\" href=\"https:\/\/pistonaddict.com\/lv\/lapas-paraugs\/\">Las\u012bt vair\u0101k<span class=\"screen-reader-text\">Lapas paraugs<\/span><\/a><\/p>\n","protected":false},"author":1,"featured_media":0,"parent":0,"menu_order":0,"comment_status":"closed","ping_status":"closed","template":"","meta":{"inline_featured_image":false,"footnotes":""},"acf":[],"yoast_head":"<!-- This site is optimized with the Yoast SEO plugin v22.5 - https:\/\/yoast.com\/wordpress\/plugins\/seo\/ -->\n<title>Lapas paraugs - Piston Addict<\/title>\n<meta name=\"robots\" content=\"index, follow, max-snippet:-1, max-image-preview:large, max-video-preview:-1\" \/>\n<link rel=\"canonical\" href=\"https:\/\/pistonaddict.com\/lv\/lapas-paraugs\/\" \/>\n<meta property=\"og:locale\" content=\"lv_LV\" \/>\n<meta property=\"og:type\" content=\"article\" \/>\n<meta property=\"og:title\" content=\"Lapas paraugs - Piston Addict\" \/>\n<meta property=\"og:description\" content=\"\u0160\u012b ir lapas paraugs. Tas at\u0161\u0137iras no emu\u0101ra zi\u0146as, jo tas paliks vienuviet un tiks r\u0101d\u012bts j\u016bsu vietnes navig\u0101cij\u0101 (liel\u0101kaj\u0101 da\u013c\u0101 t\u0113mu). Liel\u0101k\u0101 da\u013ca cilv\u0113ku s\u0101k ar lapu \u201cPar\u201d, kas vi\u0146us iepaz\u012bstina ar vietnes apmekl\u0113t\u0101jiem. Tas var\u0113tu izskat\u012bties apm\u0113ram \u0161\u0101di: Labr\u012bt ! Es esmu meh\u0101ni\u0137is, kas v\u0113las k\u013c\u016bt par aktieri, un \u0161\u012b ir mana vietne. ... Las\u012bt vair\u0101kLapas paraugs\" \/>\n<meta property=\"og:url\" content=\"https:\/\/pistonaddict.com\/lv\/lapas-paraugs\/\" \/>\n<meta property=\"og:site_name\" content=\"Piston Addict\" \/>\n<meta property=\"article:modified_time\" content=\"2022-05-04T16:00:16+00:00\" \/>\n<meta name=\"twitter:card\" content=\"summary_large_image\" \/>\n<meta name=\"twitter:label1\" content=\"Est. reading time\" \/>\n\t<meta name=\"twitter:data1\" content=\"1 minute\" \/>\n<script type=\"application\/ld+json\" class=\"yoast-schema-graph\">{\"@context\":\"https:\/\/schema.org\",\"@graph\":[{\"@type\":\"WebPage\",\"@id\":\"https:\/\/pistonaddict.com\/lv\/lapas-paraugs\/\",\"url\":\"https:\/\/pistonaddict.com\/lv\/lapas-paraugs\/\",\"name\":\"Lapas paraugs - Piston Addict\",\"isPartOf\":{\"@id\":\"https:\/\/pistonaddict.com\/lv\/#website\"},\"datePublished\":\"2022-04-13T08:38:14+00:00\",\"dateModified\":\"2022-05-04T16:00:16+00:00\",\"breadcrumb\":{\"@id\":\"https:\/\/pistonaddict.com\/lv\/lapas-paraugs\/#breadcrumb\"},\"inLanguage\":\"lv-LV\",\"potentialAction\":[{\"@type\":\"ReadAction\",\"target\":[\"https:\/\/pistonaddict.com\/lv\/lapas-paraugs\/\"]}]},{\"@type\":\"BreadcrumbList\",\"@id\":\"https:\/\/pistonaddict.com\/lv\/lapas-paraugs\/#breadcrumb\",\"itemListElement\":[{\"@type\":\"ListItem\",\"position\":1,\"name\":\"M\u0101jas lapa\",\"item\":\"https:\/\/pistonaddict.com\/lv\/majas-lapa-2\/\"},{\"@type\":\"ListItem\",\"position\":2,\"name\":\"Lapas paraugs\"}]},{\"@type\":\"WebSite\",\"@id\":\"https:\/\/pistonaddict.com\/lv\/#website\",\"url\":\"https:\/\/pistonaddict.com\/lv\/\",\"name\":\"Piston Addict\",\"description\":\"Only interesting vehicles\",\"publisher\":{\"@id\":\"https:\/\/pistonaddict.com\/lv\/#organization\"},\"potentialAction\":[{\"@type\":\"SearchAction\",\"target\":{\"@type\":\"EntryPoint\",\"urlTemplate\":\"https:\/\/pistonaddict.com\/lv\/?s={search_term_string}\"},\"query-input\":\"required name=search_term_string\"}],\"inLanguage\":\"lv-LV\"},{\"@type\":\"Organization\",\"@id\":\"https:\/\/pistonaddict.com\/lv\/#organization\",\"name\":\"Piston Addict\",\"url\":\"https:\/\/pistonaddict.com\/lv\/\",\"logo\":{\"@type\":\"ImageObject\",\"inLanguage\":\"lv-LV\",\"@id\":\"https:\/\/pistonaddict.com\/lv\/#\/schema\/logo\/image\/\",\"url\":\"https:\/\/pistonaddict.com\/wp-content\/uploads\/2022\/07\/logo-6.png\",\"contentUrl\":\"https:\/\/pistonaddict.com\/wp-content\/uploads\/2022\/07\/logo-6.png\",\"width\":970,\"height\":200,\"caption\":\"Piston Addict\"},\"image\":{\"@id\":\"https:\/\/pistonaddict.com\/lv\/#\/schema\/logo\/image\/\"}}]}<\/script>\n<!-- \/ Yoast SEO plugin. -->","yoast_head_json":{"title":"Lapas paraugs - Piston Addict","robots":{"index":"index","follow":"follow","max-snippet":"max-snippet:-1","max-image-preview":"max-image-preview:large","max-video-preview":"max-video-preview:-1"},"canonical":"https:\/\/pistonaddict.com\/lv\/lapas-paraugs\/","og_locale":"lv_LV","og_type":"article","og_title":"Lapas paraugs - Piston Addict","og_description":"\u0160\u012b ir lapas paraugs. Tas at\u0161\u0137iras no emu\u0101ra zi\u0146as, jo tas paliks vienuviet un tiks r\u0101d\u012bts j\u016bsu vietnes navig\u0101cij\u0101 (liel\u0101kaj\u0101 da\u013c\u0101 t\u0113mu). Liel\u0101k\u0101 da\u013ca cilv\u0113ku s\u0101k ar lapu \u201cPar\u201d, kas vi\u0146us iepaz\u012bstina ar vietnes apmekl\u0113t\u0101jiem. Tas var\u0113tu izskat\u012bties apm\u0113ram \u0161\u0101di: Labr\u012bt ! Es esmu meh\u0101ni\u0137is, kas v\u0113las k\u013c\u016bt par aktieri, un \u0161\u012b ir mana vietne. ... Las\u012bt vair\u0101kLapas paraugs","og_url":"https:\/\/pistonaddict.com\/lv\/lapas-paraugs\/","og_site_name":"Piston Addict","article_modified_time":"2022-05-04T16:00:16+00:00","twitter_card":"summary_large_image","twitter_misc":{"Est. reading time":"1 minute"},"schema":{"@context":"https:\/\/schema.org","@graph":[{"@type":"WebPage","@id":"https:\/\/pistonaddict.com\/lv\/lapas-paraugs\/","url":"https:\/\/pistonaddict.com\/lv\/lapas-paraugs\/","name":"Lapas paraugs - Piston Addict","isPartOf":{"@id":"https:\/\/pistonaddict.com\/lv\/#website"},"datePublished":"2022-04-13T08:38:14+00:00","dateModified":"2022-05-04T16:00:16+00:00","breadcrumb":{"@id":"https:\/\/pistonaddict.com\/lv\/lapas-paraugs\/#breadcrumb"},"inLanguage":"lv-LV","potentialAction":[{"@type":"ReadAction","target":["https:\/\/pistonaddict.com\/lv\/lapas-paraugs\/"]}]},{"@type":"BreadcrumbList","@id":"https:\/\/pistonaddict.com\/lv\/lapas-paraugs\/#breadcrumb","itemListElement":[{"@type":"ListItem","position":1,"name":"M\u0101jas lapa","item":"https:\/\/pistonaddict.com\/lv\/majas-lapa-2\/"},{"@type":"ListItem","position":2,"name":"Lapas paraugs"}]},{"@type":"WebSite","@id":"https:\/\/pistonaddict.com\/lv\/#website","url":"https:\/\/pistonaddict.com\/lv\/","name":"Piston Addict","description":"Only interesting vehicles","publisher":{"@id":"https:\/\/pistonaddict.com\/lv\/#organization"},"potentialAction":[{"@type":"SearchAction","target":{"@type":"EntryPoint","urlTemplate":"https:\/\/pistonaddict.com\/lv\/?s={search_term_string}"},"query-input":"required name=search_term_string"}],"inLanguage":"lv-LV"},{"@type":"Organization","@id":"https:\/\/pistonaddict.com\/lv\/#organization","name":"Piston Addict","url":"https:\/\/pistonaddict.com\/lv\/","logo":{"@type":"ImageObject","inLanguage":"lv-LV","@id":"https:\/\/pistonaddict.com\/lv\/#\/schema\/logo\/image\/","url":"https:\/\/pistonaddict.com\/wp-content\/uploads\/2022\/07\/logo-6.png","contentUrl":"https:\/\/pistonaddict.com\/wp-content\/uploads\/2022\/07\/logo-6.png","width":970,"height":200,"caption":"Piston Addict"},"image":{"@id":"https:\/\/pistonaddict.com\/lv\/#\/schema\/logo\/image\/"}}]}},"_links":{"self":[{"href":"https:\/\/pistonaddict.com\/lv\/wp-json\/wp\/v2\/pages\/1971"}],"collection":[{"href":"https:\/\/pistonaddict.com\/lv\/wp-json\/wp\/v2\/pages"}],"about":[{"href":"https:\/\/pistonaddict.com\/lv\/wp-json\/wp\/v2\/types\/page"}],"author":[{"embeddable":true,"href":"https:\/\/pistonaddict.com\/lv\/wp-json\/wp\/v2\/users\/1"}],"replies":[{"embeddable":true,"href":"https:\/\/pistonaddict.com\/lv\/wp-json\/wp\/v2\/comments?post=1971"}],"version-history":[{"count":3,"href":"https:\/\/pistonaddict.com\/lv\/wp-json\/wp\/v2\/pages\/1971\/revisions"}],"predecessor-version":[{"id":4382,"href":"https:\/\/pistonaddict.com\/lv\/wp-json\/wp\/v2\/pages\/1971\/revisions\/4382"}],"wp:attachment":[{"href":"https:\/\/pistonaddict.com\/lv\/wp-json\/wp\/v2\/media?parent=1971"}],"curies":[{"name":"wp","href":"https:\/\/api.w.org\/{rel}","templated":true}]}}