{"id":11051,"date":"2022-07-05T08:47:55","date_gmt":"2022-07-05T06:47:55","guid":{"rendered":"https:\/\/pistonaddict.com\/mans-konts\/manas-izsoles\/"},"modified":"2022-07-05T08:49:05","modified_gmt":"2022-07-05T06:49:05","slug":"manas-izsoles","status":"publish","type":"page","link":"https:\/\/pistonaddict.com\/lv\/mans-konts\/manas-izsoles\/","title":{"rendered":"Manas izsoles"},"content":{"rendered":"<h1>Manas izsoles<\/h1>\n<h2>Mana aktivit\u0101te izsol\u0113s<\/h2>\n<p>&nbsp;<\/p>\n<div class=\"woocommerce\"><p class=\"woocommerce-info\">L\u016bdzu, piesakieties, lai redz\u0113tu savu izso\u013cu aktivit\u0101ti.<\/p><\/div>\n<h2>Manas izsoles whatchlist<\/h2>\n<p>&nbsp;<\/p>\n<div class=\"woocommerce\"><p class=\"woocommerce-info\">L\u016bdzu, piesakieties, lai redz\u0113tu savas izsoles.<\/p><\/div>\n","protected":false},"excerpt":{"rendered":"<p>Manas izsoles Mana aktivit\u0101te izsol\u0113s &nbsp; Manas izsoles whatchlist &nbsp;<\/p>\n","protected":false},"author":1,"featured_media":0,"parent":2162,"menu_order":0,"comment_status":"closed","ping_status":"closed","template":"","meta":{"inline_featured_image":false,"footnotes":""},"acf":[],"yoast_head":"<!-- This site is optimized with the Yoast SEO plugin v22.5 - https:\/\/yoast.com\/wordpress\/plugins\/seo\/ -->\n<title>Manas izsoles - Piston Addict<\/title>\n<meta name=\"robots\" content=\"index, follow, max-snippet:-1, max-image-preview:large, max-video-preview:-1\" \/>\n<link rel=\"canonical\" href=\"https:\/\/pistonaddict.com\/lv\/mans-konts\/manas-izsoles\/\" \/>\n<meta property=\"og:locale\" content=\"lv_LV\" \/>\n<meta property=\"og:type\" content=\"article\" \/>\n<meta property=\"og:title\" content=\"Manas izsoles - Piston Addict\" \/>\n<meta property=\"og:description\" content=\"Manas izsoles Mana aktivit\u0101te izsol\u0113s &nbsp; Manas izsoles whatchlist &nbsp;\" \/>\n<meta property=\"og:url\" content=\"https:\/\/pistonaddict.com\/lv\/mans-konts\/manas-izsoles\/\" \/>\n<meta property=\"og:site_name\" content=\"Piston Addict\" \/>\n<meta property=\"article:modified_time\" content=\"2022-07-05T06:49:05+00:00\" \/>\n<meta name=\"twitter:card\" content=\"summary_large_image\" \/>\n<script type=\"application\/ld+json\" class=\"yoast-schema-graph\">{\"@context\":\"https:\/\/schema.org\",\"@graph\":[{\"@type\":\"WebPage\",\"@id\":\"https:\/\/pistonaddict.com\/lv\/mans-konts\/manas-izsoles\/\",\"url\":\"https:\/\/pistonaddict.com\/lv\/mans-konts\/manas-izsoles\/\",\"name\":\"Manas izsoles - Piston Addict\",\"isPartOf\":{\"@id\":\"https:\/\/pistonaddict.com\/lv\/#website\"},\"datePublished\":\"2022-07-05T06:47:55+00:00\",\"dateModified\":\"2022-07-05T06:49:05+00:00\",\"breadcrumb\":{\"@id\":\"https:\/\/pistonaddict.com\/lv\/mans-konts\/manas-izsoles\/#breadcrumb\"},\"inLanguage\":\"lv-LV\",\"potentialAction\":[{\"@type\":\"ReadAction\",\"target\":[\"https:\/\/pistonaddict.com\/lv\/mans-konts\/manas-izsoles\/\"]}]},{\"@type\":\"BreadcrumbList\",\"@id\":\"https:\/\/pistonaddict.com\/lv\/mans-konts\/manas-izsoles\/#breadcrumb\",\"itemListElement\":[{\"@type\":\"ListItem\",\"position\":1,\"name\":\"M\u0101jas lapa\",\"item\":\"https:\/\/pistonaddict.com\/lv\/majas-lapa-2\/\"},{\"@type\":\"ListItem\",\"position\":2,\"name\":\"Mans Konts\",\"item\":\"https:\/\/pistonaddict.com\/lv\/mans-konts\/\"},{\"@type\":\"ListItem\",\"position\":3,\"name\":\"Manas izsoles\"}]},{\"@type\":\"WebSite\",\"@id\":\"https:\/\/pistonaddict.com\/lv\/#website\",\"url\":\"https:\/\/pistonaddict.com\/lv\/\",\"name\":\"Piston Addict\",\"description\":\"Only interesting vehicles\",\"publisher\":{\"@id\":\"https:\/\/pistonaddict.com\/lv\/#organization\"},\"potentialAction\":[{\"@type\":\"SearchAction\",\"target\":{\"@type\":\"EntryPoint\",\"urlTemplate\":\"https:\/\/pistonaddict.com\/lv\/?s={search_term_string}\"},\"query-input\":\"required name=search_term_string\"}],\"inLanguage\":\"lv-LV\"},{\"@type\":\"Organization\",\"@id\":\"https:\/\/pistonaddict.com\/lv\/#organization\",\"name\":\"Piston Addict\",\"url\":\"https:\/\/pistonaddict.com\/lv\/\",\"logo\":{\"@type\":\"ImageObject\",\"inLanguage\":\"lv-LV\",\"@id\":\"https:\/\/pistonaddict.com\/lv\/#\/schema\/logo\/image\/\",\"url\":\"https:\/\/pistonaddict.com\/wp-content\/uploads\/2022\/07\/logo-6.png\",\"contentUrl\":\"https:\/\/pistonaddict.com\/wp-content\/uploads\/2022\/07\/logo-6.png\",\"width\":970,\"height\":200,\"caption\":\"Piston Addict\"},\"image\":{\"@id\":\"https:\/\/pistonaddict.com\/lv\/#\/schema\/logo\/image\/\"}}]}<\/script>\n<!-- \/ Yoast SEO plugin. -->","yoast_head_json":{"title":"Manas izsoles - Piston Addict","robots":{"index":"index","follow":"follow","max-snippet":"max-snippet:-1","max-image-preview":"max-image-preview:large","max-video-preview":"max-video-preview:-1"},"canonical":"https:\/\/pistonaddict.com\/lv\/mans-konts\/manas-izsoles\/","og_locale":"lv_LV","og_type":"article","og_title":"Manas izsoles - Piston Addict","og_description":"Manas izsoles Mana aktivit\u0101te izsol\u0113s &nbsp; Manas izsoles whatchlist &nbsp;","og_url":"https:\/\/pistonaddict.com\/lv\/mans-konts\/manas-izsoles\/","og_site_name":"Piston Addict","article_modified_time":"2022-07-05T06:49:05+00:00","twitter_card":"summary_large_image","schema":{"@context":"https:\/\/schema.org","@graph":[{"@type":"WebPage","@id":"https:\/\/pistonaddict.com\/lv\/mans-konts\/manas-izsoles\/","url":"https:\/\/pistonaddict.com\/lv\/mans-konts\/manas-izsoles\/","name":"Manas izsoles - Piston Addict","isPartOf":{"@id":"https:\/\/pistonaddict.com\/lv\/#website"},"datePublished":"2022-07-05T06:47:55+00:00","dateModified":"2022-07-05T06:49:05+00:00","breadcrumb":{"@id":"https:\/\/pistonaddict.com\/lv\/mans-konts\/manas-izsoles\/#breadcrumb"},"inLanguage":"lv-LV","potentialAction":[{"@type":"ReadAction","target":["https:\/\/pistonaddict.com\/lv\/mans-konts\/manas-izsoles\/"]}]},{"@type":"BreadcrumbList","@id":"https:\/\/pistonaddict.com\/lv\/mans-konts\/manas-izsoles\/#breadcrumb","itemListElement":[{"@type":"ListItem","position":1,"name":"M\u0101jas lapa","item":"https:\/\/pistonaddict.com\/lv\/majas-lapa-2\/"},{"@type":"ListItem","position":2,"name":"Mans Konts","item":"https:\/\/pistonaddict.com\/lv\/mans-konts\/"},{"@type":"ListItem","position":3,"name":"Manas izsoles"}]},{"@type":"WebSite","@id":"https:\/\/pistonaddict.com\/lv\/#website","url":"https:\/\/pistonaddict.com\/lv\/","name":"Piston Addict","description":"Only interesting vehicles","publisher":{"@id":"https:\/\/pistonaddict.com\/lv\/#organization"},"potentialAction":[{"@type":"SearchAction","target":{"@type":"EntryPoint","urlTemplate":"https:\/\/pistonaddict.com\/lv\/?s={search_term_string}"},"query-input":"required name=search_term_string"}],"inLanguage":"lv-LV"},{"@type":"Organization","@id":"https:\/\/pistonaddict.com\/lv\/#organization","name":"Piston Addict","url":"https:\/\/pistonaddict.com\/lv\/","logo":{"@type":"ImageObject","inLanguage":"lv-LV","@id":"https:\/\/pistonaddict.com\/lv\/#\/schema\/logo\/image\/","url":"https:\/\/pistonaddict.com\/wp-content\/uploads\/2022\/07\/logo-6.png","contentUrl":"https:\/\/pistonaddict.com\/wp-content\/uploads\/2022\/07\/logo-6.png","width":970,"height":200,"caption":"Piston Addict"},"image":{"@id":"https:\/\/pistonaddict.com\/lv\/#\/schema\/logo\/image\/"}}]}},"_links":{"self":[{"href":"https:\/\/pistonaddict.com\/lv\/wp-json\/wp\/v2\/pages\/11051"}],"collection":[{"href":"https:\/\/pistonaddict.com\/lv\/wp-json\/wp\/v2\/pages"}],"about":[{"href":"https:\/\/pistonaddict.com\/lv\/wp-json\/wp\/v2\/types\/page"}],"author":[{"embeddable":true,"href":"https:\/\/pistonaddict.com\/lv\/wp-json\/wp\/v2\/users\/1"}],"replies":[{"embeddable":true,"href":"https:\/\/pistonaddict.com\/lv\/wp-json\/wp\/v2\/comments?post=11051"}],"version-history":[{"count":1,"href":"https:\/\/pistonaddict.com\/lv\/wp-json\/wp\/v2\/pages\/11051\/revisions"}],"predecessor-version":[{"id":11075,"href":"https:\/\/pistonaddict.com\/lv\/wp-json\/wp\/v2\/pages\/11051\/revisions\/11075"}],"up":[{"embeddable":true,"href":"https:\/\/pistonaddict.com\/lv\/wp-json\/wp\/v2\/pages\/2162"}],"wp:attachment":[{"href":"https:\/\/pistonaddict.com\/lv\/wp-json\/wp\/v2\/media?parent=11051"}],"curies":[{"name":"wp","href":"https:\/\/api.w.org\/{rel}","templated":true}]}}