{"id":98274,"date":"2024-03-20T15:15:43","date_gmt":"2024-03-20T14:15:43","guid":{"rendered":"https:\/\/pistonaddict.com\/product\/porsche-997-targa\/"},"modified":"2024-03-20T15:23:54","modified_gmt":"2024-03-20T14:23:54","slug":"porsche-997-targa","status":"publish","type":"product","link":"https:\/\/pistonaddict.com\/lt\/product\/porsche-997-targa\/","title":{"rendered":"Porsche 997 Targa 4S"},"content":{"rendered":"<p><strong>Automobilio istorija<\/strong><\/p>\n<p>\u0160e\u0161tosios kartos kultinio &#8220;Porsche 911&#8221; premjera \u012fvyko 2004 m., o jo vidinis pavadinimas &#8211; 997. Jo pirmtakas 996 teb\u0117ra vienas prie\u0161taringiausiai vertinam\u0173 kada nors pagamint\u0173 911 modeli\u0173, ypa\u010d d\u0117l savo dizaino ir vandeniu au\u0161inam\u0173 varikli\u0173 \u012fdiegimo. Ta\u010diau 997 buvo visuotinai giriamas u\u017e \u0161varias linijas ir patobulintas technologijas bei gali\u0105. Nors 997 turi tam tikr\u0173 mechanini\u0173 pana\u0161um\u0173 ir t\u0105 pa\u010di\u0105 platform\u0105 kaip 996, jis buvo daug geresnis ir kompetentingesnis automobilis, be to, modernesnis ir gra\u017eesnis. Nenuostabu, kad pardavim\u0173 skai\u010diai parod\u0117, jog 997 buvo s\u0117kmingas, nes per 9 metus buvo pagaminta daugiau kaip 212 000 egzempliori\u0173. Ta\u010diau \u0161is konkretus pavyzdys yra gana retas ne tik tod\u0117l, kad tai ankstesnis 997.1 modelis, bet ir d\u0117l reto &#8220;Targa&#8221; k\u0117bulo stiliaus. 2008 m. buvo pristatyti tik 1426 &#8220;Targa 4S&#8221; egzemplioriai ir tik nedaugelis j\u0173 tur\u0117jo 6 laipsni\u0173 mechanin\u0119 pavar\u0173 d\u0117\u017e\u0119. I\u0161 viso 997 kartos &#8220;Targa 4S&#8221; buvo pagaminta tik apie 8 400 vienet\u0173. 3,8 l darbinio t\u016brio plok\u0161\u010dias \u0161e\u0161i\u0173 cilindr\u0173 variklis su nat\u016braliu oro pasip\u016btimu \u012f visus keturis ratus i\u0161vysto 350 AG, tod\u0117l automobilis \u012fsp\u016bdingai \u012fsib\u0117g\u0117ja ir puikiai laikosi kelyje bet kokiomis s\u0105lygomis. Stipri\u0173 eksploatacini\u0173 savybi\u0173 derinimas su stiklinio stogo erdvumu ir mechaniniu mechanin\u0117s pavar\u0173 d\u0117\u017e\u0117s poj\u016b\u010diu daro \u0161\u012f pavyzd\u012f ne\u012ftik\u0117tinai \u012fdom\u0173 kiekvienam tikram kolekcininkui.<\/p>\n<p><strong>Interjeras<\/strong><\/p>\n<p>2008 m. &#8220;Porsche Targa 4S&#8221; interjeras, apdailintas juoda oda su retu ir pasirenkamu odiniu prietais\u0173 skydeliu, yra puikios b\u016bkl\u0117s, be joki\u0173 pa\u017eeidim\u0173 ir nedaug nusid\u0117v\u0117jimo po\u017eymi\u0173. \u0160is pavyzdys turi daug pageidaujamos papildomos \u012frangos, pavyzd\u017eiui, kruizo kontrol\u0119, auk\u0161\u010diausios kokyb\u0117s garso sistem\u0105, elektra valdomas ir \u0161ildomas odines sportines s\u0117dynes, daugiafunkcin\u012f vair\u0105, navigacijos sistem\u0105 ir pan. Viskas veikia, kaip ir stiklinis stogas, ir n\u0117ra joki\u0173 pakeitim\u0173. Palyginti su kitais to meto 911 automobiliais, &#8220;Targa&#8221; yra gana unikalus, nes suteikia kabrioleto atvirumo poj\u016bt\u012f, ta\u010diau pasi\u017eymi kup\u0117 komfortu ir yra tinkamas naudoti visus metus.<\/p>\n<p><strong>Automobilio b\u016bkl\u0117<\/strong><\/p>\n<p>\u0160is &#8220;Porsche 911 Targa 4S&#8221;, nuo naujumo nuva\u017eiav\u0119s vos 110 000 km ir turintis du r\u016bpestingus savininkus, yra \u012fsp\u016bdingos b\u016bkl\u0117s ir kruop\u0161\u010diai pri\u017ei\u016brimas. \u012era\u0161uose nurodyta, kad paskutin\u0117 pagrindin\u0117 technin\u0117 prie\u017ei\u016bra atlikta 2022 m. pabaigoje, o stabd\u017eiai suremontuoti vos prie\u0161 kelias dienas, 2024 m. kov\u0105. Pateikiami visi technin\u0117s prie\u017ei\u016bros \u012fra\u0161ai, i\u0161 kuri\u0173 matyti, kaip kruop\u0161\u010diai automobilis buvo pri\u017ei\u016brimas. \u0160is konkretus automobilis buvo pristatytas Belgijoje.<\/p>\n<p><strong>I\u0161or\u0117 ir ratai<\/strong><\/p>\n<p>\u0160is pavyzdys buvo profesionaliai perda\u017eytas originalia tamsiai pilka spalva, kuri atrodo puikiai ir dera prie originali\u0173 ratlanki\u0173 ir juodo interjero. Kaip min\u0117ta &#8220;CarVertical&#8221;, vienintel\u0117 detal\u0117, kuri\u0105 verta pamin\u0117ti, yra nedidelis galinio bamperio pa\u017eeidimas, kuris, kaip matote nuotraukose, buvo sutaisytas. Tinkam\u0173 specifikacij\u0173 &#8220;Bridgestone&#8221; padangos yra 2018 m. gamybos ir tik \u0161iek tiek nusid\u0117v\u0117jusios.<\/p>\n<p><strong>Dokumentacija<\/strong><\/p>\n<p>Pardav\u0117jas parduoda \u0161\u012f automobil\u012f su atitinkamais dokumentais ir yra \u012fsik\u016br\u0119s Belgijoje. &#8221; <a href=\"https:\/\/pistonaddict.com\/wp-content\/uploads\/2024\/03\/CarVertical-Porsche.pdf\">CarVertical&#8221; ataskaita<\/a> yra \u0161vari, nuosavyb\u0117s ar teisini\u0173 problem\u0173. Yra \u012fra\u0161ai apie reguliari\u0105 technin\u0119 prie\u017ei\u016br\u0105 ir kvitai.<\/p>\n","protected":false},"excerpt":{"rendered":"<p>997 kartos automobiliai, kuriuose puikiai dera klasikinis 911 \u012fsp\u016bdis, kompakti\u0161ki matmenys, komunikabili va\u017eiuokl\u0117 ir \u0161iuolaikin\u0117s technologijos bei funkcijos, vis labiau populiar\u0117ja tarp 911 entuziast\u0173. Tai rei\u0161kia, kad tai yra kitas didelis dalykas 911 pasaulyje, kurio kainos auga. Tarkime, kad norite \u012f\u0161okti \u012f 997 modelio rat\u0105. Tokiu atveju n\u0117ra nieko geriau u\u017e labai pageidaujam\u0105 reto k\u0117bulo stiliaus automobil\u012f su pageidaujama mechanine pavar\u0173 d\u0117\u017ee, kuriuo galima m\u0117gautis.<\/p>\n","protected":false},"featured_media":97679,"comment_status":"open","ping_status":"closed","template":"","meta":{"inline_featured_image":false},"product_cat":[703],"product_tag":[3954,3957,1005,2311,3951],"acf":[],"yoast_head":"<!-- This site is optimized with the Yoast SEO plugin v22.5 - https:\/\/yoast.com\/wordpress\/plugins\/seo\/ -->\n<title>Porsche 997 Targa 4S - Piston Addict<\/title>\n<meta name=\"robots\" content=\"index, follow, max-snippet:-1, max-image-preview:large, max-video-preview:-1\" \/>\n<link rel=\"canonical\" href=\"https:\/\/pistonaddict.com\/lt\/product\/porsche-997-targa\/\" \/>\n<meta property=\"og:locale\" content=\"lt_LT\" \/>\n<meta property=\"og:type\" content=\"article\" \/>\n<meta property=\"og:title\" content=\"Porsche 997 Targa 4S - Piston Addict\" \/>\n<meta property=\"og:description\" content=\"997 kartos automobiliai, kuriuose puikiai dera klasikinis 911 \u012fsp\u016bdis, kompakti\u0161ki matmenys, komunikabili va\u017eiuokl\u0117 ir \u0161iuolaikin\u0117s technologijos bei funkcijos, vis labiau populiar\u0117ja tarp 911 entuziast\u0173. Tai rei\u0161kia, kad tai yra kitas didelis dalykas 911 pasaulyje, kurio kainos auga. Tarkime, kad norite \u012f\u0161okti \u012f 997 modelio rat\u0105. Tokiu atveju n\u0117ra nieko geriau u\u017e labai pageidaujam\u0105 reto k\u0117bulo stiliaus automobil\u012f su pageidaujama mechanine pavar\u0173 d\u0117\u017ee, kuriuo galima m\u0117gautis.\" \/>\n<meta property=\"og:url\" content=\"https:\/\/pistonaddict.com\/lt\/product\/porsche-997-targa\/\" \/>\n<meta property=\"og:site_name\" content=\"Piston Addict\" \/>\n<meta property=\"article:modified_time\" content=\"2024-03-20T14:23:54+00:00\" \/>\n<meta property=\"og:image\" content=\"https:\/\/pistonaddict.com\/wp-content\/uploads\/2024\/03\/1-1-1024x611.png\" \/>\n\t<meta property=\"og:image:width\" content=\"1024\" \/>\n\t<meta property=\"og:image:height\" content=\"611\" \/>\n\t<meta property=\"og:image:type\" content=\"image\/png\" \/>\n<meta name=\"twitter:card\" content=\"summary_large_image\" \/>\n<meta name=\"twitter:label1\" content=\"Est. reading time\" \/>\n\t<meta name=\"twitter:data1\" content=\"2 minut\u0117s\" \/>\n<script type=\"application\/ld+json\" class=\"yoast-schema-graph\">{\"@context\":\"https:\/\/schema.org\",\"@graph\":[{\"@type\":\"WebPage\",\"@id\":\"https:\/\/pistonaddict.com\/lt\/product\/porsche-997-targa\/\",\"url\":\"https:\/\/pistonaddict.com\/lt\/product\/porsche-997-targa\/\",\"name\":\"Porsche 997 Targa 4S - Piston Addict\",\"isPartOf\":{\"@id\":\"https:\/\/pistonaddict.com\/lt\/#website\"},\"primaryImageOfPage\":{\"@id\":\"https:\/\/pistonaddict.com\/lt\/product\/porsche-997-targa\/#primaryimage\"},\"image\":{\"@id\":\"https:\/\/pistonaddict.com\/lt\/product\/porsche-997-targa\/#primaryimage\"},\"thumbnailUrl\":\"https:\/\/pistonaddict.com\/wp-content\/uploads\/2024\/03\/1-1.png\",\"datePublished\":\"2024-03-20T14:15:43+00:00\",\"dateModified\":\"2024-03-20T14:23:54+00:00\",\"breadcrumb\":{\"@id\":\"https:\/\/pistonaddict.com\/lt\/product\/porsche-997-targa\/#breadcrumb\"},\"inLanguage\":\"lt-LT\",\"potentialAction\":[{\"@type\":\"ReadAction\",\"target\":[\"https:\/\/pistonaddict.com\/lt\/product\/porsche-997-targa\/\"]}]},{\"@type\":\"ImageObject\",\"inLanguage\":\"lt-LT\",\"@id\":\"https:\/\/pistonaddict.com\/lt\/product\/porsche-997-targa\/#primaryimage\",\"url\":\"https:\/\/pistonaddict.com\/wp-content\/uploads\/2024\/03\/1-1.png\",\"contentUrl\":\"https:\/\/pistonaddict.com\/wp-content\/uploads\/2024\/03\/1-1.png\",\"width\":2778,\"height\":1657},{\"@type\":\"BreadcrumbList\",\"@id\":\"https:\/\/pistonaddict.com\/lt\/product\/porsche-997-targa\/#breadcrumb\",\"itemListElement\":[{\"@type\":\"ListItem\",\"position\":1,\"name\":\"Pagrindinis puslapis\",\"item\":\"https:\/\/pistonaddict.com\/lt\/pradzia\/\"},{\"@type\":\"ListItem\",\"position\":2,\"name\":\"Auctions\",\"item\":\"https:\/\/pistonaddict.com\/auctions-listing\/\"},{\"@type\":\"ListItem\",\"position\":3,\"name\":\"Porsche 997 Targa 4S\"}]},{\"@type\":\"WebSite\",\"@id\":\"https:\/\/pistonaddict.com\/lt\/#website\",\"url\":\"https:\/\/pistonaddict.com\/lt\/\",\"name\":\"Piston Addict\",\"description\":\"Only interesting vehicles\",\"publisher\":{\"@id\":\"https:\/\/pistonaddict.com\/lt\/#organization\"},\"potentialAction\":[{\"@type\":\"SearchAction\",\"target\":{\"@type\":\"EntryPoint\",\"urlTemplate\":\"https:\/\/pistonaddict.com\/lt\/?s={search_term_string}\"},\"query-input\":\"required name=search_term_string\"}],\"inLanguage\":\"lt-LT\"},{\"@type\":\"Organization\",\"@id\":\"https:\/\/pistonaddict.com\/lt\/#organization\",\"name\":\"Piston Addict\",\"url\":\"https:\/\/pistonaddict.com\/lt\/\",\"logo\":{\"@type\":\"ImageObject\",\"inLanguage\":\"lt-LT\",\"@id\":\"https:\/\/pistonaddict.com\/lt\/#\/schema\/logo\/image\/\",\"url\":\"https:\/\/pistonaddict.com\/wp-content\/uploads\/2022\/07\/logo-6.png\",\"contentUrl\":\"https:\/\/pistonaddict.com\/wp-content\/uploads\/2022\/07\/logo-6.png\",\"width\":970,\"height\":200,\"caption\":\"Piston Addict\"},\"image\":{\"@id\":\"https:\/\/pistonaddict.com\/lt\/#\/schema\/logo\/image\/\"}}]}<\/script>\n<!-- \/ Yoast SEO plugin. -->","yoast_head_json":{"title":"Porsche 997 Targa 4S - Piston Addict","robots":{"index":"index","follow":"follow","max-snippet":"max-snippet:-1","max-image-preview":"max-image-preview:large","max-video-preview":"max-video-preview:-1"},"canonical":"https:\/\/pistonaddict.com\/lt\/product\/porsche-997-targa\/","og_locale":"lt_LT","og_type":"article","og_title":"Porsche 997 Targa 4S - Piston Addict","og_description":"997 kartos automobiliai, kuriuose puikiai dera klasikinis 911 \u012fsp\u016bdis, kompakti\u0161ki matmenys, komunikabili va\u017eiuokl\u0117 ir \u0161iuolaikin\u0117s technologijos bei funkcijos, vis labiau populiar\u0117ja tarp 911 entuziast\u0173. Tai rei\u0161kia, kad tai yra kitas didelis dalykas 911 pasaulyje, kurio kainos auga. Tarkime, kad norite \u012f\u0161okti \u012f 997 modelio rat\u0105. Tokiu atveju n\u0117ra nieko geriau u\u017e labai pageidaujam\u0105 reto k\u0117bulo stiliaus automobil\u012f su pageidaujama mechanine pavar\u0173 d\u0117\u017ee, kuriuo galima m\u0117gautis.","og_url":"https:\/\/pistonaddict.com\/lt\/product\/porsche-997-targa\/","og_site_name":"Piston Addict","article_modified_time":"2024-03-20T14:23:54+00:00","og_image":[{"width":1024,"height":611,"url":"https:\/\/pistonaddict.com\/wp-content\/uploads\/2024\/03\/1-1-1024x611.png","type":"image\/png"}],"twitter_card":"summary_large_image","twitter_misc":{"Est. reading time":"2 minut\u0117s"},"schema":{"@context":"https:\/\/schema.org","@graph":[{"@type":"WebPage","@id":"https:\/\/pistonaddict.com\/lt\/product\/porsche-997-targa\/","url":"https:\/\/pistonaddict.com\/lt\/product\/porsche-997-targa\/","name":"Porsche 997 Targa 4S - Piston Addict","isPartOf":{"@id":"https:\/\/pistonaddict.com\/lt\/#website"},"primaryImageOfPage":{"@id":"https:\/\/pistonaddict.com\/lt\/product\/porsche-997-targa\/#primaryimage"},"image":{"@id":"https:\/\/pistonaddict.com\/lt\/product\/porsche-997-targa\/#primaryimage"},"thumbnailUrl":"https:\/\/pistonaddict.com\/wp-content\/uploads\/2024\/03\/1-1.png","datePublished":"2024-03-20T14:15:43+00:00","dateModified":"2024-03-20T14:23:54+00:00","breadcrumb":{"@id":"https:\/\/pistonaddict.com\/lt\/product\/porsche-997-targa\/#breadcrumb"},"inLanguage":"lt-LT","potentialAction":[{"@type":"ReadAction","target":["https:\/\/pistonaddict.com\/lt\/product\/porsche-997-targa\/"]}]},{"@type":"ImageObject","inLanguage":"lt-LT","@id":"https:\/\/pistonaddict.com\/lt\/product\/porsche-997-targa\/#primaryimage","url":"https:\/\/pistonaddict.com\/wp-content\/uploads\/2024\/03\/1-1.png","contentUrl":"https:\/\/pistonaddict.com\/wp-content\/uploads\/2024\/03\/1-1.png","width":2778,"height":1657},{"@type":"BreadcrumbList","@id":"https:\/\/pistonaddict.com\/lt\/product\/porsche-997-targa\/#breadcrumb","itemListElement":[{"@type":"ListItem","position":1,"name":"Pagrindinis puslapis","item":"https:\/\/pistonaddict.com\/lt\/pradzia\/"},{"@type":"ListItem","position":2,"name":"Auctions","item":"https:\/\/pistonaddict.com\/auctions-listing\/"},{"@type":"ListItem","position":3,"name":"Porsche 997 Targa 4S"}]},{"@type":"WebSite","@id":"https:\/\/pistonaddict.com\/lt\/#website","url":"https:\/\/pistonaddict.com\/lt\/","name":"Piston Addict","description":"Only interesting vehicles","publisher":{"@id":"https:\/\/pistonaddict.com\/lt\/#organization"},"potentialAction":[{"@type":"SearchAction","target":{"@type":"EntryPoint","urlTemplate":"https:\/\/pistonaddict.com\/lt\/?s={search_term_string}"},"query-input":"required name=search_term_string"}],"inLanguage":"lt-LT"},{"@type":"Organization","@id":"https:\/\/pistonaddict.com\/lt\/#organization","name":"Piston Addict","url":"https:\/\/pistonaddict.com\/lt\/","logo":{"@type":"ImageObject","inLanguage":"lt-LT","@id":"https:\/\/pistonaddict.com\/lt\/#\/schema\/logo\/image\/","url":"https:\/\/pistonaddict.com\/wp-content\/uploads\/2022\/07\/logo-6.png","contentUrl":"https:\/\/pistonaddict.com\/wp-content\/uploads\/2022\/07\/logo-6.png","width":970,"height":200,"caption":"Piston Addict"},"image":{"@id":"https:\/\/pistonaddict.com\/lt\/#\/schema\/logo\/image\/"}}]}},"_links":{"self":[{"href":"https:\/\/pistonaddict.com\/lt\/wp-json\/wp\/v2\/product\/98274"}],"collection":[{"href":"https:\/\/pistonaddict.com\/lt\/wp-json\/wp\/v2\/product"}],"about":[{"href":"https:\/\/pistonaddict.com\/lt\/wp-json\/wp\/v2\/types\/product"}],"replies":[{"embeddable":true,"href":"https:\/\/pistonaddict.com\/lt\/wp-json\/wp\/v2\/comments?post=98274"}],"wp:featuredmedia":[{"embeddable":true,"href":"https:\/\/pistonaddict.com\/lt\/wp-json\/wp\/v2\/media\/97679"}],"wp:attachment":[{"href":"https:\/\/pistonaddict.com\/lt\/wp-json\/wp\/v2\/media?parent=98274"}],"wp:term":[{"taxonomy":"product_cat","embeddable":true,"href":"https:\/\/pistonaddict.com\/lt\/wp-json\/wp\/v2\/product_cat?post=98274"},{"taxonomy":"product_tag","embeddable":true,"href":"https:\/\/pistonaddict.com\/lt\/wp-json\/wp\/v2\/product_tag?post=98274"}],"curies":[{"name":"wp","href":"https:\/\/api.w.org\/{rel}","templated":true}]}}