{"id":97440,"date":"2024-03-15T18:51:57","date_gmt":"2024-03-15T17:51:57","guid":{"rendered":"https:\/\/pistonaddict.com\/product\/bmw-m4-varzybos\/"},"modified":"2024-03-20T14:16:32","modified_gmt":"2024-03-20T13:16:32","slug":"bmw-m4-konkursas","status":"publish","type":"product","link":"https:\/\/pistonaddict.com\/lt\/product\/bmw-m4-konkursas\/","title":{"rendered":"BMW M4 var\u017eybos"},"content":{"rendered":"<h2>I\u0161or\u0117<\/h2>\n<p>Prad\u0117kime nuo automobilio spalvos &#8211; vadinti j\u012f rudu b\u016bt\u0173 nes\u0105\u017eininga, bent jau taip sakyti. BMW pavadino j\u012f &#8220;Sepang Bronze&#8221;, o kad j\u012f visi\u0161kai \u012fvertintum\u0117te, turite pamatyti automobil\u012f \u0161vie\u010diant saulei. Ta\u010diau ry\u0161kiausia M4 ypatyb\u0117 &#8211; i\u0161 anglies pluo\u0161to pagamintas sulankstomas stogas, kuris yra lengvas ir tvirtas. D\u0117l jos \u0161is BMW gali virsti kup\u0117 tipo sportiniu automobiliu ir eleganti\u0161ku miesto automobiliu vos vienu mygtuko paspaudimu.<\/p>\n<p>Kitos svarbios detal\u0117s: ksenoniniai priekiniai \u017eibintai priekyje, 19 coli\u0173 ratlankiai su &#8220;Michelin Pilot Sport&#8221; padangomis \u0161onuose ir dvigubi i\u0161metimo vamzd\u017eiai gale. Kaip ir bet kuris kitas M4, \u0161is automobilis turi agresyvius buferius, ventiliacijos angas sparnuose ir variklio dangt\u012f su i\u0161kilimu viduryje.<\/p>\n<h2>Interjeras<\/h2>\n<p>Viduje pirmiausia d\u0117mes\u012f patraukia s\u0117dyn\u0117s, aptrauktos mink\u0161ta ruda oda su baltomis si\u016bl\u0117mis. Be to, kad jie ne tik sporti\u0161ki ir atraminiai, kaip galima suprasti i\u0161 j\u0173 i\u0161vaizdos, bet ir labai patog\u016bs. Atsis\u0117d\u0119 atsis\u0117site u\u017e BMW b\u016bdingo trij\u0173 stipin\u0173 vairo ir prietais\u0173 skydelio su paprastais prietaisais. Tai &#8211; spidometras, kurio rodmenys baigiasi ties 330 km\/val. \u017eyma, iki 8000 apsisukim\u0173 per minut\u0119 siekiantis apsuk\u0173 skaitiklis ir degal\u0173 lygio bei variklio temperat\u016bros matuokliai. O jei nenorite \u017ei\u016br\u0117ti \u017eemyn, kai tenka \u012fveikti sunkius pos\u016bkius, priekiniame stikle yra &#8220;Head-Up&#8221; ekranas, kuriame rodoma visa svarbiausia informacija.<\/p>\n<h2>Mechanika<\/h2>\n<p>Ne\u017ei\u016brint \u012f stulbinan\u010di\u0105 i\u0161vaizd\u0105, kiekvienas BMW turi b\u016bti puikiausia vairavimo ma\u0161ina. \u0160is M4 turi kelet\u0105 privalum\u0173, kurie pad\u0117s jam pateisinti \u0161iuos l\u016bkes\u010dius. Pirmiausia, po variklio gaubtu slepiasi \u012fsp\u016bdingas \u0161e\u0161i\u0173 cilindr\u0173 variklis su dviem turbokompresoriais, i\u0161vystantis 450 arklio gali\u0173. Galiniams ratams galia perduodama per 7 laipsni\u0173 dvigubos sankabos pavar\u0173 d\u0117\u017e\u0119 ir elektroniniu b\u016bdu valdom\u0105 riboto praslydimo diferencial\u0105.<\/p>\n<p>Su visa \u0161ia j\u0117ga ir technologijomis M4 lengvai \u012fsib\u0117g\u0117ja iki 100 km\/val. per ma\u017edaug 4 sekundes ir pasiekia 250 km\/val. greit\u012f. Ir tikriausiai va\u017eiuot\u0173 daug grei\u010diau, jei ne elektroninis ribotuvas. Galiausiai, kad b\u016bt\u0173 lengviau visk\u0105 kontroliuoti va\u017eiuojant dideliu grei\u010diu, automobilyje sumontuota sustiprinta pakaba ir did\u017eiuliai stabd\u017eiai.<\/p>\n<h2>Transporto priemon\u0117s istorija<\/h2>\n<p>Baigsime keliais \u017eod\u017eiais apie dabartin\u0119 BMW M4 b\u016bkl\u0119, kuri\u0105 pardav\u0117jas apib\u016bdina kaip nepriekai\u0161ting\u0105. Sprend\u017eiant i\u0161 nuotrauk\u0173 ir pateikto vaizdo \u012fra\u0161o, jis tikrai toks yra, be joki\u0173 matom\u0173 pa\u017eeidim\u0173, apie kuriuos b\u016bt\u0173 galima prane\u0161ti. Automobil\u012f reguliariai pri\u017ei\u016br\u0117jo ir tikrino \u012fgaliotasis BMW atstovas, o paskutin\u0117 technin\u0117 ap\u017ei\u016bra atlikta 2022 m. bir\u017eelio m\u0117n.<\/p>\n<p>Pardav\u0117jas teigia, kad automobilis, kuris \u0161iuo metu yra Belgijoje, nebuvo naudojamas trasose ir nebuvo patek\u0119s \u012f avarijas, o tai patvirtina &#8221; <a href=\"https:\/\/pistonaddict.com\/wp-content\/uploads\/2024\/03\/CarVerticalBMWM4.pdf\">CarVertical&#8221; automobilio istorijos ataskaita<\/a>.<\/p>\n<p><strong>Per\u017ei\u016br\u0117kite \u0161io puikaus<\/strong> <strong>BMW M4 Competition<\/strong> <strong>\u0161altojo starto vaizdo \u012fra\u0161\u0105<\/strong>:<\/p>\n<p><iframe title=\"Cold Start Video of the BMW M4 Competition\" width=\"1200\" height=\"675\" src=\"https:\/\/www.youtube.com\/embed\/-weepN3iz9c?feature=oembed\" frameborder=\"0\" allow=\"accelerometer; autoplay; clipboard-write; encrypted-media; gyroscope; picture-in-picture; web-share\" allowfullscreen><\/iframe><\/p>\n","protected":false},"excerpt":{"rendered":"<p>Jei ie\u0161kote automobilio, kuris trasoje va\u017eiuot\u0173 rekordiniu grei\u010diu, jums reikia sportinio automobilio. Kita vertus, jei saul\u0117t\u0105 dien\u0105 m\u0117gstate patogiai pasiva\u017ein\u0117ti gatve, geriausia rinktis eleganti\u0161k\u0105 kabriolet\u0105. Ta\u010diau jei norite ir vieno, ir kito, tuomet jums tikrai patiks \u0161is aukcione parduodamas &#8220;BMW M4 Competition&#8221;. Jis yra nepriekai\u0161tingos b\u016bkl\u0117s, turi vien\u0105 ankstesn\u012f savinink\u0105, o jo laikrod\u017eio rodykl\u0117 rodo 74 000 km.<\/p>\n","protected":false},"featured_media":96748,"comment_status":"open","ping_status":"closed","template":"","meta":{"inline_featured_image":false},"product_cat":[703],"product_tag":[3148,3101,902,3096],"acf":[],"yoast_head":"<!-- This site is optimized with the Yoast SEO plugin v22.5 - https:\/\/yoast.com\/wordpress\/plugins\/seo\/ -->\n<title>BMW M4 var\u017eybos - Piston Addict<\/title>\n<meta name=\"robots\" content=\"index, follow, max-snippet:-1, max-image-preview:large, max-video-preview:-1\" \/>\n<link rel=\"canonical\" href=\"https:\/\/pistonaddict.com\/lt\/product\/bmw-m4-konkursas\/\" \/>\n<meta property=\"og:locale\" content=\"lt_LT\" \/>\n<meta property=\"og:type\" content=\"article\" \/>\n<meta property=\"og:title\" content=\"BMW M4 var\u017eybos - Piston Addict\" \/>\n<meta property=\"og:description\" content=\"Jei ie\u0161kote automobilio, kuris trasoje va\u017eiuot\u0173 rekordiniu grei\u010diu, jums reikia sportinio automobilio. Kita vertus, jei saul\u0117t\u0105 dien\u0105 m\u0117gstate patogiai pasiva\u017ein\u0117ti gatve, geriausia rinktis eleganti\u0161k\u0105 kabriolet\u0105. Ta\u010diau jei norite ir vieno, ir kito, tuomet jums tikrai patiks \u0161is aukcione parduodamas &quot;BMW M4 Competition&quot;. Jis yra nepriekai\u0161tingos b\u016bkl\u0117s, turi vien\u0105 ankstesn\u012f savinink\u0105, o jo laikrod\u017eio rodykl\u0117 rodo 74 000 km.\" \/>\n<meta property=\"og:url\" content=\"https:\/\/pistonaddict.com\/lt\/product\/bmw-m4-konkursas\/\" \/>\n<meta property=\"og:site_name\" content=\"Piston Addict\" \/>\n<meta property=\"article:modified_time\" content=\"2024-03-20T13:16:32+00:00\" \/>\n<meta property=\"og:image\" content=\"https:\/\/pistonaddict.com\/wp-content\/uploads\/2024\/03\/1-1024x612.png\" \/>\n\t<meta property=\"og:image:width\" content=\"1024\" \/>\n\t<meta property=\"og:image:height\" content=\"612\" \/>\n\t<meta property=\"og:image:type\" content=\"image\/png\" \/>\n<meta name=\"twitter:card\" content=\"summary_large_image\" \/>\n<meta name=\"twitter:label1\" content=\"Est. reading time\" \/>\n\t<meta name=\"twitter:data1\" content=\"2 minut\u0117s\" \/>\n<script type=\"application\/ld+json\" class=\"yoast-schema-graph\">{\"@context\":\"https:\/\/schema.org\",\"@graph\":[{\"@type\":\"WebPage\",\"@id\":\"https:\/\/pistonaddict.com\/lt\/product\/bmw-m4-konkursas\/\",\"url\":\"https:\/\/pistonaddict.com\/lt\/product\/bmw-m4-konkursas\/\",\"name\":\"BMW M4 var\u017eybos - Piston Addict\",\"isPartOf\":{\"@id\":\"https:\/\/pistonaddict.com\/lt\/#website\"},\"primaryImageOfPage\":{\"@id\":\"https:\/\/pistonaddict.com\/lt\/product\/bmw-m4-konkursas\/#primaryimage\"},\"image\":{\"@id\":\"https:\/\/pistonaddict.com\/lt\/product\/bmw-m4-konkursas\/#primaryimage\"},\"thumbnailUrl\":\"https:\/\/pistonaddict.com\/wp-content\/uploads\/2024\/03\/1.png\",\"datePublished\":\"2024-03-15T17:51:57+00:00\",\"dateModified\":\"2024-03-20T13:16:32+00:00\",\"breadcrumb\":{\"@id\":\"https:\/\/pistonaddict.com\/lt\/product\/bmw-m4-konkursas\/#breadcrumb\"},\"inLanguage\":\"lt-LT\",\"potentialAction\":[{\"@type\":\"ReadAction\",\"target\":[\"https:\/\/pistonaddict.com\/lt\/product\/bmw-m4-konkursas\/\"]}]},{\"@type\":\"ImageObject\",\"inLanguage\":\"lt-LT\",\"@id\":\"https:\/\/pistonaddict.com\/lt\/product\/bmw-m4-konkursas\/#primaryimage\",\"url\":\"https:\/\/pistonaddict.com\/wp-content\/uploads\/2024\/03\/1.png\",\"contentUrl\":\"https:\/\/pistonaddict.com\/wp-content\/uploads\/2024\/03\/1.png\",\"width\":2778,\"height\":1660},{\"@type\":\"BreadcrumbList\",\"@id\":\"https:\/\/pistonaddict.com\/lt\/product\/bmw-m4-konkursas\/#breadcrumb\",\"itemListElement\":[{\"@type\":\"ListItem\",\"position\":1,\"name\":\"Pagrindinis puslapis\",\"item\":\"https:\/\/pistonaddict.com\/lt\/pradzia\/\"},{\"@type\":\"ListItem\",\"position\":2,\"name\":\"Auctions\",\"item\":\"https:\/\/pistonaddict.com\/auctions-listing\/\"},{\"@type\":\"ListItem\",\"position\":3,\"name\":\"BMW M4 var\u017eybos\"}]},{\"@type\":\"WebSite\",\"@id\":\"https:\/\/pistonaddict.com\/lt\/#website\",\"url\":\"https:\/\/pistonaddict.com\/lt\/\",\"name\":\"Piston Addict\",\"description\":\"Only interesting vehicles\",\"publisher\":{\"@id\":\"https:\/\/pistonaddict.com\/lt\/#organization\"},\"potentialAction\":[{\"@type\":\"SearchAction\",\"target\":{\"@type\":\"EntryPoint\",\"urlTemplate\":\"https:\/\/pistonaddict.com\/lt\/?s={search_term_string}\"},\"query-input\":\"required name=search_term_string\"}],\"inLanguage\":\"lt-LT\"},{\"@type\":\"Organization\",\"@id\":\"https:\/\/pistonaddict.com\/lt\/#organization\",\"name\":\"Piston Addict\",\"url\":\"https:\/\/pistonaddict.com\/lt\/\",\"logo\":{\"@type\":\"ImageObject\",\"inLanguage\":\"lt-LT\",\"@id\":\"https:\/\/pistonaddict.com\/lt\/#\/schema\/logo\/image\/\",\"url\":\"https:\/\/pistonaddict.com\/wp-content\/uploads\/2022\/07\/logo-6.png\",\"contentUrl\":\"https:\/\/pistonaddict.com\/wp-content\/uploads\/2022\/07\/logo-6.png\",\"width\":970,\"height\":200,\"caption\":\"Piston Addict\"},\"image\":{\"@id\":\"https:\/\/pistonaddict.com\/lt\/#\/schema\/logo\/image\/\"}}]}<\/script>\n<!-- \/ Yoast SEO plugin. -->","yoast_head_json":{"title":"BMW M4 var\u017eybos - Piston Addict","robots":{"index":"index","follow":"follow","max-snippet":"max-snippet:-1","max-image-preview":"max-image-preview:large","max-video-preview":"max-video-preview:-1"},"canonical":"https:\/\/pistonaddict.com\/lt\/product\/bmw-m4-konkursas\/","og_locale":"lt_LT","og_type":"article","og_title":"BMW M4 var\u017eybos - Piston Addict","og_description":"Jei ie\u0161kote automobilio, kuris trasoje va\u017eiuot\u0173 rekordiniu grei\u010diu, jums reikia sportinio automobilio. Kita vertus, jei saul\u0117t\u0105 dien\u0105 m\u0117gstate patogiai pasiva\u017ein\u0117ti gatve, geriausia rinktis eleganti\u0161k\u0105 kabriolet\u0105. Ta\u010diau jei norite ir vieno, ir kito, tuomet jums tikrai patiks \u0161is aukcione parduodamas \"BMW M4 Competition\". Jis yra nepriekai\u0161tingos b\u016bkl\u0117s, turi vien\u0105 ankstesn\u012f savinink\u0105, o jo laikrod\u017eio rodykl\u0117 rodo 74 000 km.","og_url":"https:\/\/pistonaddict.com\/lt\/product\/bmw-m4-konkursas\/","og_site_name":"Piston Addict","article_modified_time":"2024-03-20T13:16:32+00:00","og_image":[{"width":1024,"height":612,"url":"https:\/\/pistonaddict.com\/wp-content\/uploads\/2024\/03\/1-1024x612.png","type":"image\/png"}],"twitter_card":"summary_large_image","twitter_misc":{"Est. reading time":"2 minut\u0117s"},"schema":{"@context":"https:\/\/schema.org","@graph":[{"@type":"WebPage","@id":"https:\/\/pistonaddict.com\/lt\/product\/bmw-m4-konkursas\/","url":"https:\/\/pistonaddict.com\/lt\/product\/bmw-m4-konkursas\/","name":"BMW M4 var\u017eybos - Piston Addict","isPartOf":{"@id":"https:\/\/pistonaddict.com\/lt\/#website"},"primaryImageOfPage":{"@id":"https:\/\/pistonaddict.com\/lt\/product\/bmw-m4-konkursas\/#primaryimage"},"image":{"@id":"https:\/\/pistonaddict.com\/lt\/product\/bmw-m4-konkursas\/#primaryimage"},"thumbnailUrl":"https:\/\/pistonaddict.com\/wp-content\/uploads\/2024\/03\/1.png","datePublished":"2024-03-15T17:51:57+00:00","dateModified":"2024-03-20T13:16:32+00:00","breadcrumb":{"@id":"https:\/\/pistonaddict.com\/lt\/product\/bmw-m4-konkursas\/#breadcrumb"},"inLanguage":"lt-LT","potentialAction":[{"@type":"ReadAction","target":["https:\/\/pistonaddict.com\/lt\/product\/bmw-m4-konkursas\/"]}]},{"@type":"ImageObject","inLanguage":"lt-LT","@id":"https:\/\/pistonaddict.com\/lt\/product\/bmw-m4-konkursas\/#primaryimage","url":"https:\/\/pistonaddict.com\/wp-content\/uploads\/2024\/03\/1.png","contentUrl":"https:\/\/pistonaddict.com\/wp-content\/uploads\/2024\/03\/1.png","width":2778,"height":1660},{"@type":"BreadcrumbList","@id":"https:\/\/pistonaddict.com\/lt\/product\/bmw-m4-konkursas\/#breadcrumb","itemListElement":[{"@type":"ListItem","position":1,"name":"Pagrindinis puslapis","item":"https:\/\/pistonaddict.com\/lt\/pradzia\/"},{"@type":"ListItem","position":2,"name":"Auctions","item":"https:\/\/pistonaddict.com\/auctions-listing\/"},{"@type":"ListItem","position":3,"name":"BMW M4 var\u017eybos"}]},{"@type":"WebSite","@id":"https:\/\/pistonaddict.com\/lt\/#website","url":"https:\/\/pistonaddict.com\/lt\/","name":"Piston Addict","description":"Only interesting vehicles","publisher":{"@id":"https:\/\/pistonaddict.com\/lt\/#organization"},"potentialAction":[{"@type":"SearchAction","target":{"@type":"EntryPoint","urlTemplate":"https:\/\/pistonaddict.com\/lt\/?s={search_term_string}"},"query-input":"required name=search_term_string"}],"inLanguage":"lt-LT"},{"@type":"Organization","@id":"https:\/\/pistonaddict.com\/lt\/#organization","name":"Piston Addict","url":"https:\/\/pistonaddict.com\/lt\/","logo":{"@type":"ImageObject","inLanguage":"lt-LT","@id":"https:\/\/pistonaddict.com\/lt\/#\/schema\/logo\/image\/","url":"https:\/\/pistonaddict.com\/wp-content\/uploads\/2022\/07\/logo-6.png","contentUrl":"https:\/\/pistonaddict.com\/wp-content\/uploads\/2022\/07\/logo-6.png","width":970,"height":200,"caption":"Piston Addict"},"image":{"@id":"https:\/\/pistonaddict.com\/lt\/#\/schema\/logo\/image\/"}}]}},"_links":{"self":[{"href":"https:\/\/pistonaddict.com\/lt\/wp-json\/wp\/v2\/product\/97440"}],"collection":[{"href":"https:\/\/pistonaddict.com\/lt\/wp-json\/wp\/v2\/product"}],"about":[{"href":"https:\/\/pistonaddict.com\/lt\/wp-json\/wp\/v2\/types\/product"}],"replies":[{"embeddable":true,"href":"https:\/\/pistonaddict.com\/lt\/wp-json\/wp\/v2\/comments?post=97440"}],"wp:featuredmedia":[{"embeddable":true,"href":"https:\/\/pistonaddict.com\/lt\/wp-json\/wp\/v2\/media\/96748"}],"wp:attachment":[{"href":"https:\/\/pistonaddict.com\/lt\/wp-json\/wp\/v2\/media?parent=97440"}],"wp:term":[{"taxonomy":"product_cat","embeddable":true,"href":"https:\/\/pistonaddict.com\/lt\/wp-json\/wp\/v2\/product_cat?post=97440"},{"taxonomy":"product_tag","embeddable":true,"href":"https:\/\/pistonaddict.com\/lt\/wp-json\/wp\/v2\/product_tag?post=97440"}],"curies":[{"name":"wp","href":"https:\/\/api.w.org\/{rel}","templated":true}]}}