{"id":94124,"date":"2024-02-28T13:52:28","date_gmt":"2024-02-28T12:52:28","guid":{"rendered":"https:\/\/pistonaddict.com\/product\/fisker-karma\/"},"modified":"2024-03-19T16:38:20","modified_gmt":"2024-03-19T15:38:20","slug":"fisker-karma","status":"publish","type":"product","link":"https:\/\/pistonaddict.com\/lt\/product\/fisker-karma\/","title":{"rendered":"&#8220;Fisker Karma"},"content":{"rendered":"<h2>I\u0161or\u0117<\/h2>\n<p>I\u0161 i\u0161or\u0117s, pradedant nuo priekio, &#8220;Karma&#8221; pasi\u017eymi \u017eemai kaban\u010dia nosimi su pla\u010diomis grotel\u0117mis ir pailgais ksenoniniais \u017eibintais, suteikian\u010diais automobiliui agresyvi\u0105 laikysen\u0105. \u0160i tema t\u0119siama ir \u0161onuose, kur raumeningame siluete dominuoja masyv\u016bs sparnai, apjuosti 22 coli\u0173 ratlankiais. Pla\u010dioje itali\u0161ko superautomobilio galin\u0117je dalyje tokios detal\u0117s kaip eleganti\u0161ki galiniai \u017eibintai ir garsiakalbiai toje vietoje, kur galima tik\u0117tis i\u0161metimo antgali\u0173 su chromuotais dangteliais, suteikia &#8220;Karma&#8221; unikali\u0105 i\u0161vaizd\u0105 kelyje.<\/p>\n<p>Automobilis nuda\u017eytas &#8220;Deep Ocean Blue&#8221; spalva, kuri atrodo \u012fsp\u016bdingai giedromis dienomis, kai saul\u0117s spinduliai i\u0161ry\u0161kina jos \u017evilges\u012f. Kalbant apie saul\u0119 &#8211; &#8220;Karma&#8221; stoge \u012fmontuotos saul\u0117s baterijos, tod\u0117l automobilis gali \u012fkrauti energij\u0105 tiesiog stov\u0117damas lauke.<\/p>\n<h2>Interjeras<\/h2>\n<p>\u012es\u0117d\u0119 \u012f automobil\u012f s\u0117d\u0117site u\u017e keturi\u0173 stipin\u0173 odinio vairo, kuris \u012fr\u0117mina eleganti\u0161k\u0105 ir futuristin\u012f prietais\u0173 skydel\u012f. Kair\u0117je pus\u0117je yra spidometras, kurio greitis siekia iki 220 km\/val. Ta\u010diau de\u0161in\u0117je pus\u0117je vietoj apsuk\u0173 skaitiklio rodoma akumuliatoriaus talpa ir tai, ar jis \u012fkraunamas, ar elektra naudojama greit\u0117jimui. Prietais\u0173 skydelyje \u012frengtas jutiklinis ekranas, kuris yra stereofonin\u0117s sistemos, navigacijos ir klimato kontrol\u0117s valdymo centras.<\/p>\n<p>Visas interjeras apipavidalintas med\u017eio, odos ir mink\u0161tos &#8220;Alcantara&#8221; deriniu, tod\u0117l jis atrodo i\u0161skirtinai. \u012e akis krenta masyvus centrinis tunelis, kuris yra b\u016btinas, nes \u010dia yra baterijos.<\/p>\n<h2>Mechanika<\/h2>\n<p>Kad ir kaip stulbinamai atrodyt\u0173 &#8220;Fisker&#8221; vidus ir i\u0161or\u0117, did\u017eiausi\u0105 \u012fsp\u016bd\u012f daro jo mechanin\u0117 baz\u0117. Jei pakelsite variklio dangt\u012f, po juo rasite varikl\u012f, kaip ir bet kuriame kitame automobilyje. Ta\u010diau \u0161is turbokompresorinis 4 cilindr\u0173 agregatas nenaudojamas ratams sukti. Jis veikia kaip generatorius, kuris \u012fkrauna akumuliatorius, kai juos reikia papildyti.<\/p>\n<p>Automobilis varomas dviem elektros varikliais, kurie veikia poromis ir per riboto praslydimo diferencial\u0105 perduoda gali\u0105 galiniams ratams. \u0160is derinys gali i\u0161vystyti 409 arklio galias ir 1300 N-m sukimo moment\u0105, tod\u0117l &#8220;Karma&#8221; charakteristikos atitinka jos i\u0161vaizd\u0105.<\/p>\n<p>Kadangi &#8220;Fisker&#8221; nenor\u0117jo, kad automobilis b\u016bt\u0173 per sunkus, nes tai pablogint\u0173 jo valdym\u0105, baterijos ir j\u0173 nuva\u017eiuojamas atstumas va\u017eiuojant visi\u0161kai elektriniu re\u017eimu n\u0117ra labai dideli. Visi\u0161kai \u012fkrauta &#8220;Karma&#8221; gali nuva\u017eiuoti apie 80 km naudodama tik elektros energij\u0105. Ta\u010diau, ties\u0105 sakant, daugumai kasdieni\u0173 kelioni\u0173 \u012f darb\u0105 ir atgal to tikriausiai visi\u0161kai pakanka, o benzininis variklis visada yra atsarginis generatorius.<\/p>\n<h2>Transporto priemon\u0117s istorija<\/h2>\n<p>Pabaigoje keletas \u017eod\u017ei\u0173 apie &#8220;Fisker&#8221; b\u016bkl\u0119, kuri\u0105 pardav\u0117jas apib\u016bdina kaip puiki\u0105. Ties\u0105 sakant, nuotraukos ir trumpas vaizdo \u012fra\u0161as pasakoja t\u0105 pa\u010di\u0105 istorij\u0105. Paskutin\u012f kart\u0105 automobilis buvo remontuotas 2023 m. lapkri\u010dio m\u0117n., jame n\u0117ra joki\u0173 tr\u016bkum\u0173 ar klaid\u0173, i\u0161skyrus \u012fsp\u0117jim\u0105 apie padang\u0173 sl\u0117g\u012f prietais\u0173 skydelyje. Matyt, taip yra tod\u0117l, kad \u0161iuo metu automobilis yra su 21 colio &#8220;Schmid&#8221; ratlankiais, o TPMS sistema u\u017eprogramuota veikti su originaliomis vasarin\u0117mis 22 coli\u0173 ratlankiais. Savininkas sako, kad automobil\u012f galima perkalibruoti, kad jis atpa\u017eint\u0173 alternatyvius padang\u0173 matmenis, ta\u010diau jis tuo nesir\u016bpino, nes \u017eiem\u0105 juo va\u017ein\u0117ja retai. Be to, 2022 m. visos oro pagalv\u0117s buvo pakeistos d\u0117l didelio &#8220;Takata&#8221; oro pagalvi\u0173 at\u0161aukimo.<\/p>\n<p>Kadangi tai yra elektrinis hibridinis automobilis, gali kilti abejoni\u0173 d\u0117l akumuliatori\u0173 b\u016bkl\u0117s, nes juos pakeisti labai brangu. Ta\u010diau, pasak pardav\u0117jo, nerimauti n\u0117ra d\u0117l ko, nes 2023 m. rugpj\u016bt\u012f akumuliatori\u0173 patikrino sertifikuotas &#8220;Fisker Karma&#8221; technikas, kuris patvirtino, kad jis vis dar veikia visu paj\u0117gumu. Automobilis turi original\u0173 mobil\u0173j\u012f \u012fkrovikl\u012f, kuris jungiamas \u012f 220 V lizd\u0105, ir rankin\u012f OBD2 kod\u0173 skaitytuv\u0105. Austrijos technin\u0117 ap\u017ei\u016bra s\u0117kmingai atlikta ir galioja iki 2024 m. rugpj\u016b\u010dio m\u0117n.<\/p>\n<p>Viena pastaba d\u0117l b\u016bsimos technin\u0117s prie\u017ei\u016bros &#8211; nors vienintelis \u012fgaliotasis atstovas Europoje yra Nyderlanduose, yra galimyb\u0117 i\u0161sikviesti j\u0173 kvalifikuot\u0105 specialist\u0105 \u012f viet\u0105, kur jis pasir\u016bpins viskuo, k\u0105 reikia padaryti (jei remont\u0105 galima atlikti vietoje).<\/p>\n<p>Galiausiai, 2019 m. \u012fsigij\u0119s pardav\u0117jas teigia, kad automobilis niekada nebuvo patek\u0119s \u012f avarij\u0105 ir nebuvo naudojamas lenktyni\u0173 trasoje, o tai papildomai patvirtina atitinkama <a href=\"https:\/\/pistonaddict.com\/wp-content\/uploads\/2024\/02\/FiskerKarma.pdf\">transporto priemon\u0117s istorijos ataskaita<\/a>. Taip pat verta pamin\u0117ti, kad pardav\u0117jas pateiks <a href=\"https:\/\/pistonaddict.com\/wp-content\/uploads\/2024\/02\/CoC1-rotated.jpg\">atitikties sertifikat\u0105<\/a>, jei pirk\u0117jas nor\u0117s i\u0161ve\u017eti automobil\u012f u\u017e Austrijos rib\u0173, kur \u0161is &#8220;Fisker&#8221; registruotas nuo pat pirmos dienos.<\/p>\n<p><strong><br \/>\nPer\u017ei\u016br\u0117kite \u0161io puikaus &#8220;Fisker Karma&#8221; \u0161altojo starto vaizdo \u012fra\u0161\u0105:<\/strong><\/p>\n<p><iframe title=\"Cold Start Video of the Fisker Karma\" width=\"1200\" height=\"675\" src=\"https:\/\/www.youtube.com\/embed\/Ct2_uFf2FEw?feature=oembed\" frameborder=\"0\" allow=\"accelerometer; autoplay; clipboard-write; encrypted-media; gyroscope; picture-in-picture; web-share\" allowfullscreen><\/iframe><\/p>\n","protected":false},"excerpt":{"rendered":"<p>Jei ie\u0161kote sportinio automobilio, kuriuo gal\u0117t\u0173 va\u017eiuoti keturi asmenys ir j\u0173 baga\u017eas, turite i\u0161 ko rinktis. Ta\u010diau jei norite ka\u017eko, kas jus i\u0161skirt\u0173 i\u0161 \u012fprast\u0173 modeli\u0173, tuomet jums gali patikti &#8220;Fisker Karma&#8221;. Jis pasi\u017eymi visais elektromobili\u0173 privalumais, ta\u010diau nesukelia nerimo d\u0117l ridos ir papildomo svorio, kuris paprastai b\u016bna su jais susij\u0119s. Be to, visa \u0161i technin\u0117 magija \u012fvilkta \u012f \u012fsp\u016bdingos i\u0161vaizdos korpus\u0105. \u010cia parduodamas 2012 m. modelis, kur\u012f parduoda savininkas ir kuris iki \u0161iol nuva\u017eiavo 67 000 km. Atid\u017eiau ap\u017evelkime, k\u0105 jis gali pasi\u016blyti.<\/p>\n","protected":false},"featured_media":93025,"comment_status":"open","ping_status":"closed","template":"","meta":{"inline_featured_image":false},"product_cat":[703],"product_tag":[1809,2789,3027,902,1810,3009],"acf":[],"yoast_head":"<!-- This site is optimized with the Yoast SEO plugin v22.5 - https:\/\/yoast.com\/wordpress\/plugins\/seo\/ -->\n<title>&quot;Fisker Karma - Piston Addict<\/title>\n<meta name=\"robots\" content=\"index, follow, max-snippet:-1, max-image-preview:large, max-video-preview:-1\" \/>\n<link rel=\"canonical\" href=\"https:\/\/pistonaddict.com\/lt\/product\/fisker-karma\/\" \/>\n<meta property=\"og:locale\" content=\"lt_LT\" \/>\n<meta property=\"og:type\" content=\"article\" \/>\n<meta property=\"og:title\" content=\"&quot;Fisker Karma - Piston Addict\" \/>\n<meta property=\"og:description\" content=\"Jei ie\u0161kote sportinio automobilio, kuriuo gal\u0117t\u0173 va\u017eiuoti keturi asmenys ir j\u0173 baga\u017eas, turite i\u0161 ko rinktis. Ta\u010diau jei norite ka\u017eko, kas jus i\u0161skirt\u0173 i\u0161 \u012fprast\u0173 modeli\u0173, tuomet jums gali patikti &quot;Fisker Karma&quot;. Jis pasi\u017eymi visais elektromobili\u0173 privalumais, ta\u010diau nesukelia nerimo d\u0117l ridos ir papildomo svorio, kuris paprastai b\u016bna su jais susij\u0119s. Be to, visa \u0161i technin\u0117 magija \u012fvilkta \u012f \u012fsp\u016bdingos i\u0161vaizdos korpus\u0105. \u010cia parduodamas 2012 m. modelis, kur\u012f parduoda savininkas ir kuris iki \u0161iol nuva\u017eiavo 67 000 km. Atid\u017eiau ap\u017evelkime, k\u0105 jis gali pasi\u016blyti.\" \/>\n<meta property=\"og:url\" content=\"https:\/\/pistonaddict.com\/lt\/product\/fisker-karma\/\" \/>\n<meta property=\"og:site_name\" content=\"Piston Addict\" \/>\n<meta property=\"article:modified_time\" content=\"2024-03-19T15:38:20+00:00\" \/>\n<meta property=\"og:image\" content=\"https:\/\/pistonaddict.com\/wp-content\/uploads\/2024\/02\/1.jpg\" \/>\n\t<meta property=\"og:image:width\" content=\"1280\" \/>\n\t<meta property=\"og:image:height\" content=\"960\" \/>\n\t<meta property=\"og:image:type\" content=\"image\/jpeg\" \/>\n<meta name=\"twitter:card\" content=\"summary_large_image\" \/>\n<meta name=\"twitter:label1\" content=\"Est. reading time\" \/>\n\t<meta name=\"twitter:data1\" content=\"4 minut\u0117s\" \/>\n<script type=\"application\/ld+json\" class=\"yoast-schema-graph\">{\"@context\":\"https:\/\/schema.org\",\"@graph\":[{\"@type\":\"WebPage\",\"@id\":\"https:\/\/pistonaddict.com\/lt\/product\/fisker-karma\/\",\"url\":\"https:\/\/pistonaddict.com\/lt\/product\/fisker-karma\/\",\"name\":\"\\\"Fisker Karma - Piston Addict\",\"isPartOf\":{\"@id\":\"https:\/\/pistonaddict.com\/lt\/#website\"},\"primaryImageOfPage\":{\"@id\":\"https:\/\/pistonaddict.com\/lt\/product\/fisker-karma\/#primaryimage\"},\"image\":{\"@id\":\"https:\/\/pistonaddict.com\/lt\/product\/fisker-karma\/#primaryimage\"},\"thumbnailUrl\":\"https:\/\/pistonaddict.com\/wp-content\/uploads\/2024\/02\/1.jpg\",\"datePublished\":\"2024-02-28T12:52:28+00:00\",\"dateModified\":\"2024-03-19T15:38:20+00:00\",\"breadcrumb\":{\"@id\":\"https:\/\/pistonaddict.com\/lt\/product\/fisker-karma\/#breadcrumb\"},\"inLanguage\":\"lt-LT\",\"potentialAction\":[{\"@type\":\"ReadAction\",\"target\":[\"https:\/\/pistonaddict.com\/lt\/product\/fisker-karma\/\"]}]},{\"@type\":\"ImageObject\",\"inLanguage\":\"lt-LT\",\"@id\":\"https:\/\/pistonaddict.com\/lt\/product\/fisker-karma\/#primaryimage\",\"url\":\"https:\/\/pistonaddict.com\/wp-content\/uploads\/2024\/02\/1.jpg\",\"contentUrl\":\"https:\/\/pistonaddict.com\/wp-content\/uploads\/2024\/02\/1.jpg\",\"width\":1280,\"height\":960},{\"@type\":\"BreadcrumbList\",\"@id\":\"https:\/\/pistonaddict.com\/lt\/product\/fisker-karma\/#breadcrumb\",\"itemListElement\":[{\"@type\":\"ListItem\",\"position\":1,\"name\":\"Pagrindinis puslapis\",\"item\":\"https:\/\/pistonaddict.com\/lt\/pradzia\/\"},{\"@type\":\"ListItem\",\"position\":2,\"name\":\"Auctions\",\"item\":\"https:\/\/pistonaddict.com\/auctions-listing\/\"},{\"@type\":\"ListItem\",\"position\":3,\"name\":\"&#8220;Fisker Karma\"}]},{\"@type\":\"WebSite\",\"@id\":\"https:\/\/pistonaddict.com\/lt\/#website\",\"url\":\"https:\/\/pistonaddict.com\/lt\/\",\"name\":\"Piston Addict\",\"description\":\"Only interesting vehicles\",\"publisher\":{\"@id\":\"https:\/\/pistonaddict.com\/lt\/#organization\"},\"potentialAction\":[{\"@type\":\"SearchAction\",\"target\":{\"@type\":\"EntryPoint\",\"urlTemplate\":\"https:\/\/pistonaddict.com\/lt\/?s={search_term_string}\"},\"query-input\":\"required name=search_term_string\"}],\"inLanguage\":\"lt-LT\"},{\"@type\":\"Organization\",\"@id\":\"https:\/\/pistonaddict.com\/lt\/#organization\",\"name\":\"Piston Addict\",\"url\":\"https:\/\/pistonaddict.com\/lt\/\",\"logo\":{\"@type\":\"ImageObject\",\"inLanguage\":\"lt-LT\",\"@id\":\"https:\/\/pistonaddict.com\/lt\/#\/schema\/logo\/image\/\",\"url\":\"https:\/\/pistonaddict.com\/wp-content\/uploads\/2022\/07\/logo-6.png\",\"contentUrl\":\"https:\/\/pistonaddict.com\/wp-content\/uploads\/2022\/07\/logo-6.png\",\"width\":970,\"height\":200,\"caption\":\"Piston Addict\"},\"image\":{\"@id\":\"https:\/\/pistonaddict.com\/lt\/#\/schema\/logo\/image\/\"}}]}<\/script>\n<!-- \/ Yoast SEO plugin. -->","yoast_head_json":{"title":"\"Fisker Karma - Piston Addict","robots":{"index":"index","follow":"follow","max-snippet":"max-snippet:-1","max-image-preview":"max-image-preview:large","max-video-preview":"max-video-preview:-1"},"canonical":"https:\/\/pistonaddict.com\/lt\/product\/fisker-karma\/","og_locale":"lt_LT","og_type":"article","og_title":"\"Fisker Karma - Piston Addict","og_description":"Jei ie\u0161kote sportinio automobilio, kuriuo gal\u0117t\u0173 va\u017eiuoti keturi asmenys ir j\u0173 baga\u017eas, turite i\u0161 ko rinktis. Ta\u010diau jei norite ka\u017eko, kas jus i\u0161skirt\u0173 i\u0161 \u012fprast\u0173 modeli\u0173, tuomet jums gali patikti \"Fisker Karma\". Jis pasi\u017eymi visais elektromobili\u0173 privalumais, ta\u010diau nesukelia nerimo d\u0117l ridos ir papildomo svorio, kuris paprastai b\u016bna su jais susij\u0119s. Be to, visa \u0161i technin\u0117 magija \u012fvilkta \u012f \u012fsp\u016bdingos i\u0161vaizdos korpus\u0105. \u010cia parduodamas 2012 m. modelis, kur\u012f parduoda savininkas ir kuris iki \u0161iol nuva\u017eiavo 67 000 km. Atid\u017eiau ap\u017evelkime, k\u0105 jis gali pasi\u016blyti.","og_url":"https:\/\/pistonaddict.com\/lt\/product\/fisker-karma\/","og_site_name":"Piston Addict","article_modified_time":"2024-03-19T15:38:20+00:00","og_image":[{"width":1280,"height":960,"url":"https:\/\/pistonaddict.com\/wp-content\/uploads\/2024\/02\/1.jpg","type":"image\/jpeg"}],"twitter_card":"summary_large_image","twitter_misc":{"Est. reading time":"4 minut\u0117s"},"schema":{"@context":"https:\/\/schema.org","@graph":[{"@type":"WebPage","@id":"https:\/\/pistonaddict.com\/lt\/product\/fisker-karma\/","url":"https:\/\/pistonaddict.com\/lt\/product\/fisker-karma\/","name":"\"Fisker Karma - Piston Addict","isPartOf":{"@id":"https:\/\/pistonaddict.com\/lt\/#website"},"primaryImageOfPage":{"@id":"https:\/\/pistonaddict.com\/lt\/product\/fisker-karma\/#primaryimage"},"image":{"@id":"https:\/\/pistonaddict.com\/lt\/product\/fisker-karma\/#primaryimage"},"thumbnailUrl":"https:\/\/pistonaddict.com\/wp-content\/uploads\/2024\/02\/1.jpg","datePublished":"2024-02-28T12:52:28+00:00","dateModified":"2024-03-19T15:38:20+00:00","breadcrumb":{"@id":"https:\/\/pistonaddict.com\/lt\/product\/fisker-karma\/#breadcrumb"},"inLanguage":"lt-LT","potentialAction":[{"@type":"ReadAction","target":["https:\/\/pistonaddict.com\/lt\/product\/fisker-karma\/"]}]},{"@type":"ImageObject","inLanguage":"lt-LT","@id":"https:\/\/pistonaddict.com\/lt\/product\/fisker-karma\/#primaryimage","url":"https:\/\/pistonaddict.com\/wp-content\/uploads\/2024\/02\/1.jpg","contentUrl":"https:\/\/pistonaddict.com\/wp-content\/uploads\/2024\/02\/1.jpg","width":1280,"height":960},{"@type":"BreadcrumbList","@id":"https:\/\/pistonaddict.com\/lt\/product\/fisker-karma\/#breadcrumb","itemListElement":[{"@type":"ListItem","position":1,"name":"Pagrindinis puslapis","item":"https:\/\/pistonaddict.com\/lt\/pradzia\/"},{"@type":"ListItem","position":2,"name":"Auctions","item":"https:\/\/pistonaddict.com\/auctions-listing\/"},{"@type":"ListItem","position":3,"name":"&#8220;Fisker Karma"}]},{"@type":"WebSite","@id":"https:\/\/pistonaddict.com\/lt\/#website","url":"https:\/\/pistonaddict.com\/lt\/","name":"Piston Addict","description":"Only interesting vehicles","publisher":{"@id":"https:\/\/pistonaddict.com\/lt\/#organization"},"potentialAction":[{"@type":"SearchAction","target":{"@type":"EntryPoint","urlTemplate":"https:\/\/pistonaddict.com\/lt\/?s={search_term_string}"},"query-input":"required name=search_term_string"}],"inLanguage":"lt-LT"},{"@type":"Organization","@id":"https:\/\/pistonaddict.com\/lt\/#organization","name":"Piston Addict","url":"https:\/\/pistonaddict.com\/lt\/","logo":{"@type":"ImageObject","inLanguage":"lt-LT","@id":"https:\/\/pistonaddict.com\/lt\/#\/schema\/logo\/image\/","url":"https:\/\/pistonaddict.com\/wp-content\/uploads\/2022\/07\/logo-6.png","contentUrl":"https:\/\/pistonaddict.com\/wp-content\/uploads\/2022\/07\/logo-6.png","width":970,"height":200,"caption":"Piston Addict"},"image":{"@id":"https:\/\/pistonaddict.com\/lt\/#\/schema\/logo\/image\/"}}]}},"_links":{"self":[{"href":"https:\/\/pistonaddict.com\/lt\/wp-json\/wp\/v2\/product\/94124"}],"collection":[{"href":"https:\/\/pistonaddict.com\/lt\/wp-json\/wp\/v2\/product"}],"about":[{"href":"https:\/\/pistonaddict.com\/lt\/wp-json\/wp\/v2\/types\/product"}],"replies":[{"embeddable":true,"href":"https:\/\/pistonaddict.com\/lt\/wp-json\/wp\/v2\/comments?post=94124"}],"wp:featuredmedia":[{"embeddable":true,"href":"https:\/\/pistonaddict.com\/lt\/wp-json\/wp\/v2\/media\/93025"}],"wp:attachment":[{"href":"https:\/\/pistonaddict.com\/lt\/wp-json\/wp\/v2\/media?parent=94124"}],"wp:term":[{"taxonomy":"product_cat","embeddable":true,"href":"https:\/\/pistonaddict.com\/lt\/wp-json\/wp\/v2\/product_cat?post=94124"},{"taxonomy":"product_tag","embeddable":true,"href":"https:\/\/pistonaddict.com\/lt\/wp-json\/wp\/v2\/product_tag?post=94124"}],"curies":[{"name":"wp","href":"https:\/\/api.w.org\/{rel}","templated":true}]}}