{"id":92890,"date":"2024-02-23T14:19:05","date_gmt":"2024-02-23T13:19:05","guid":{"rendered":"https:\/\/pistonaddict.com\/product\/volkswagen-1303-kabrioletas-triple-white-beetle\/"},"modified":"2024-03-20T09:47:01","modified_gmt":"2024-03-20T08:47:01","slug":"volkswagen-1303-convertible-triple-white-beetle","status":"publish","type":"product","link":"https:\/\/pistonaddict.com\/lt\/product\/volkswagen-1303-convertible-triple-white-beetle\/","title":{"rendered":"Volkswagen 1303 Kabrioletas Triple White Beetle"},"content":{"rendered":"<p>Jei standartinis &#8220;Volkswagen Beetle&#8221; buvo ekonominis modelis, kuris pasaul\u012f ve\u017e\u0117 ant rat\u0173, tai jo kabrioleto versija visada buvo prabangesn\u0117 ir presti\u017ei\u0161kesn\u0117. Vis\u0173 pirma, j\u012f pagamino garsi k\u0117bul\u0173 gamykla &#8220;Karmann&#8221;, o standartinis modelis buvo gerokai modifikuotas. Tai buvo ne tik nuleistos formos &#8220;Beetle&#8221;; tai buvo visi\u0161kai kitoks automobilis su patobulinta va\u017eiuokle, kitokiomis durimis, priekiniais stiklais ir specifiniais skydais. Baigiantis ilgai trukusiai gamybai, &#8220;Volkswagen Beetle&#8221; kabrioletui buvo patobulintas variklis, priekiniai diskiniai stabd\u017eiai ir daugiau funkcij\u0173, tod\u0117l jis tapo geresniu ir kompetentingesniu atviru keleiviniu automobiliu. \u0160iandien did\u017eiuojam\u0117s gal\u0117dami pristatyti tok\u012f automobil\u012f. 1979 m. &#8220;Volkswagen 1303&#8221; kabrioletas, unikalios trigubos baltos spalvos, su 1,6 l degal\u0173 \u012fpur\u0161kimo varikliu ir visi\u0161kai originalios b\u016bkl\u0117s. \u0160ie v\u0117lyvojo modelio &#8220;Beetle&#8221; kabrioletai, i\u0161 prad\u017ei\u0173 pardavin\u0117jami JAV, buvo pardavin\u0117jami kaip &#8220;Super Beetle&#8221; ir yra vieni geid\u017eiamiausi\u0173 pavyzd\u017ei\u0173 d\u0117l geresn\u0117s \u012frangos ir 48 AG variklio, kurio maksimalus greitis siek\u0117 130 km\/h (82 mylios per valand\u0105). \u0160is konkretus automobilis pagamintas 1979 m. gruod\u017eio m\u0117n., taigi tai vienas paskutini\u0173 &#8220;Beetle&#8221; kabriolet\u0173, kuri\u0173 gamyba baigta 1980 m. prad\u017eioje. 1980 m. &#8220;Volkswagen&#8221; pardav\u0117 tik 4572 1303 kabrioletus, labai nedaug j\u0173 buvo baltos spalvos, ir \u0161is yra vienas i\u0161 j\u0173. \u0160ie v\u0117lyvieji modeliai turi kelet\u0105 unikali\u0173 konstrukcini\u0173 ypatybi\u0173, d\u0117l kuri\u0173 jie yra dar prakti\u0161kesni ir malonesni. Pavyzd\u017eiui, d\u0117l didesnio priekinio baga\u017eo skyriaus ir \u0161iek tiek i\u0161lenkto priekinio stiklo suma\u017e\u0117jo v\u0117jo keliamas triuk\u0161mas, da\u017eniausiai va\u017eiuojant nuleistu stogu.<\/p>\n<p><strong>Interjeras<\/strong><\/p>\n<p>Baltos vinilin\u0117s s\u0117dyn\u0117s yra puikios b\u016bkl\u0117s, o \u0161io ak\u012f traukian\u010dio &#8220;Beetle&#8221; interjeras yra visi\u0161kai originalus. Mediena dekoruotas prietais\u0173 skydelis, unikalus vairas ir patobulinta ergonomika &#8211; tai auk\u0161\u010diausios klas\u0117s vairuotojo aplinka i\u0161 vis\u0173 klasikini\u0173 &#8220;Beetle&#8221;. Prietais\u0173 skydelis n\u0117ra \u012ftr\u016bk\u0119s; garso sistema turi \u017eaving\u0105 80-\u0173j\u0173 &#8220;Blaupunkt&#8221; kasetin\u012f \u012frengin\u012f.<\/p>\n<p><strong>Automobilio b\u016bkl\u0117<\/strong><\/p>\n<p>\u0160is 1303 kabrioletas, nuva\u017eiav\u0119s vos 94 000 kilometr\u0173 ir turintis kelis r\u016bpestingus savininkus, buvo restauruotas ir i\u0161saugojo original\u0173, numerius atitinkant\u012f varikl\u012f ir pavar\u0173 d\u0117\u017e\u0119. Bendra b\u016bkl\u0117 beveik nepriekai\u0161tinga: viskas veikia, n\u0117ra r\u016bd\u017ei\u0173 d\u0117mi\u0173 ar spalvos pakitim\u0173. Paskutin\u0117 technin\u0117 ap\u017ei\u016bra atlikta 2023 m. spalio m\u0117n., o 2024 m. automobilis be problem\u0173 pra\u0117jo metin\u0119 technin\u0119 ap\u017ei\u016br\u0105. Tokiuose automobiliuose vinilinis stogas da\u017enai kelia problem\u0173, ta\u010diau d\u017eiaugiam\u0117s gal\u0117dami prane\u0161ti, kad net ir jis yra puikios b\u016bkl\u0117s, be joki\u0173 \u012ftr\u016bkim\u0173 ar nutek\u0117jim\u0173. Va\u017eiuokl\u0117 tokia pat \u0161vari kaip ir k\u0117bulas, be joki\u0173 r\u016bd\u017ei\u0173. Automobilis buvo profesionaliai restauruotas pagal auk\u0161\u010diausius standartus naudojant originalias dalis, o jo technin\u0119 prie\u017ei\u016br\u0105 atliko VW specialistas. Nuo restauravimo prad\u017eios automobilis buvo laikomas klimato kontroliuojamame gara\u017ee.<\/p>\n<p><strong>I\u0161or\u0117 ir ratai<\/strong><\/p>\n<p>B\u016bdinga balta spalva yra idealios b\u016bkl\u0117s, o trigubos baltos spalvos schema yra originali ir reta. Ratlankiai yra original\u016bs 15 coli\u0173 su chromuotais stebul\u0117s dangteliais, apauti visi\u0161kai naujomis (DOT 2023) ir tinkamo dyd\u017eio (175\/70\/R15) guma.<\/p>\n<p><strong>Dokumentacija<\/strong><\/p>\n<p>Privatus pardav\u0117jas parduoda \u0161i\u0105 transporto priemon\u0119 su atitinkamais dokumentais Nyderlanduose. <strong>Olandijos technin\u0117s ap\u017ei\u016bros liudijimas (APK) galioja iki 2024 m. rugpj\u016b\u010dio m\u0117n<\/strong>. Yra nuolatin\u0117s technin\u0117s prie\u017ei\u016bros dokumentai, pardavimo s\u0105skaitos ir kvitai. Dokumentus sudaro originali savininko nuosavyb\u0117s teis\u0117, bro\u0161i\u016bros, <a href=\"https:\/\/pistonaddict.com\/wp-content\/uploads\/2024\/02\/Zertificat.pdf\" target=\"blank\" rel=\"noopener\">VW klasikin\u0117 ekspertiz\u0117<\/a> ir registracijos dokumentai. \u0160iam modeliui gamyklin\u0117 garantija netaikoma.<\/p>\n<p><strong><br \/>\nPer\u017ei\u016br\u0117kite \u0161io gra\u017eaus kabrioleto &#8220;Beetle Triple White&#8221; \u0161altojo starto vaizdo \u012fra\u0161\u0105:<\/strong><\/p>\n<p>&nbsp;<\/p>\n<p><iframe title=\"Cold Start Video of the Volkswagen Coccinelle\/Beetle Cabriolet 1.6 Triple White\" width=\"1200\" height=\"675\" src=\"https:\/\/www.youtube.com\/embed\/G0rjRvyjhRo?feature=oembed\" frameborder=\"0\" allow=\"accelerometer; autoplay; clipboard-write; encrypted-media; gyroscope; picture-in-picture; web-share\" allowfullscreen><\/iframe><\/p>\n<p><strong> <\/strong><\/p>\n","protected":false},"excerpt":{"rendered":"<p>&#8220;Volkswagen&#8221; automobilis &#8220;Beetle&#8221; buvo vienas dievi\u0161kiausi\u0173 XX a. automobili\u0173 ir iki \u0161iol yra vienas geriausi\u0173 klasikini\u0173 automobili\u0173. Ta\u010diau jo kabrioleto versija yra daug retesn\u0117, \u0161aunesn\u0117 ir puikiai tinka va\u017eiuoti pakrante po atviru dangumi su nepakartojamu plok\u0161\u010diojo keturra\u010dio garso takeliu. Jei jus \u017eavi klasikin\u0117s &#8220;Beetle&#8221; linijos, bet ie\u0161kote geresni\u0173 va\u017eiavimo savybi\u0173 ir galios, \u0161is automobilis jums puikiai tinka. Pageidautinas v\u0117lesnio modelio 1303 kabrioletas su galingesniu ir degal\u0173 \u012fpur\u0161kimo varikliu, paruo\u0161tas vasaros sezonui.<\/p>\n","protected":false},"featured_media":92688,"comment_status":"open","ping_status":"closed","template":"","meta":{"inline_featured_image":false},"product_cat":[703],"product_tag":[2968,2971,1005],"acf":[],"yoast_head":"<!-- This site is optimized with the Yoast SEO plugin v22.5 - https:\/\/yoast.com\/wordpress\/plugins\/seo\/ -->\n<title>Volkswagen 1303 Kabrioletas Triple White Beetle - Piston Addict<\/title>\n<meta name=\"robots\" content=\"index, follow, max-snippet:-1, max-image-preview:large, max-video-preview:-1\" \/>\n<link rel=\"canonical\" href=\"https:\/\/pistonaddict.com\/lt\/product\/volkswagen-1303-convertible-triple-white-beetle\/\" \/>\n<meta property=\"og:locale\" content=\"lt_LT\" \/>\n<meta property=\"og:type\" content=\"article\" \/>\n<meta property=\"og:title\" content=\"Volkswagen 1303 Kabrioletas Triple White Beetle - Piston Addict\" \/>\n<meta property=\"og:description\" content=\"&quot;Volkswagen&quot; automobilis &quot;Beetle&quot; buvo vienas dievi\u0161kiausi\u0173 XX a. automobili\u0173 ir iki \u0161iol yra vienas geriausi\u0173 klasikini\u0173 automobili\u0173. Ta\u010diau jo kabrioleto versija yra daug retesn\u0117, \u0161aunesn\u0117 ir puikiai tinka va\u017eiuoti pakrante po atviru dangumi su nepakartojamu plok\u0161\u010diojo keturra\u010dio garso takeliu. Jei jus \u017eavi klasikin\u0117s &quot;Beetle&quot; linijos, bet ie\u0161kote geresni\u0173 va\u017eiavimo savybi\u0173 ir galios, \u0161is automobilis jums puikiai tinka. Pageidautinas v\u0117lesnio modelio 1303 kabrioletas su galingesniu ir degal\u0173 \u012fpur\u0161kimo varikliu, paruo\u0161tas vasaros sezonui.\" \/>\n<meta property=\"og:url\" content=\"https:\/\/pistonaddict.com\/lt\/product\/volkswagen-1303-convertible-triple-white-beetle\/\" \/>\n<meta property=\"og:site_name\" content=\"Piston Addict\" \/>\n<meta property=\"article:modified_time\" content=\"2024-03-20T08:47:01+00:00\" \/>\n<meta property=\"og:image\" content=\"https:\/\/pistonaddict.com\/wp-content\/uploads\/2024\/02\/b2c02738-a5a6-4266-893c-b51da700edcd-1.jpg\" \/>\n\t<meta property=\"og:image:width\" content=\"1600\" \/>\n\t<meta property=\"og:image:height\" content=\"1200\" \/>\n\t<meta property=\"og:image:type\" content=\"image\/jpeg\" \/>\n<meta name=\"twitter:card\" content=\"summary_large_image\" \/>\n<meta name=\"twitter:label1\" content=\"Est. reading time\" \/>\n\t<meta name=\"twitter:data1\" content=\"3 minut\u0117s\" \/>\n<script type=\"application\/ld+json\" class=\"yoast-schema-graph\">{\"@context\":\"https:\/\/schema.org\",\"@graph\":[{\"@type\":\"WebPage\",\"@id\":\"https:\/\/pistonaddict.com\/lt\/product\/volkswagen-1303-convertible-triple-white-beetle\/\",\"url\":\"https:\/\/pistonaddict.com\/lt\/product\/volkswagen-1303-convertible-triple-white-beetle\/\",\"name\":\"Volkswagen 1303 Kabrioletas Triple White Beetle - Piston Addict\",\"isPartOf\":{\"@id\":\"https:\/\/pistonaddict.com\/lt\/#website\"},\"primaryImageOfPage\":{\"@id\":\"https:\/\/pistonaddict.com\/lt\/product\/volkswagen-1303-convertible-triple-white-beetle\/#primaryimage\"},\"image\":{\"@id\":\"https:\/\/pistonaddict.com\/lt\/product\/volkswagen-1303-convertible-triple-white-beetle\/#primaryimage\"},\"thumbnailUrl\":\"https:\/\/pistonaddict.com\/wp-content\/uploads\/2024\/02\/b2c02738-a5a6-4266-893c-b51da700edcd-1.jpg\",\"datePublished\":\"2024-02-23T13:19:05+00:00\",\"dateModified\":\"2024-03-20T08:47:01+00:00\",\"breadcrumb\":{\"@id\":\"https:\/\/pistonaddict.com\/lt\/product\/volkswagen-1303-convertible-triple-white-beetle\/#breadcrumb\"},\"inLanguage\":\"lt-LT\",\"potentialAction\":[{\"@type\":\"ReadAction\",\"target\":[\"https:\/\/pistonaddict.com\/lt\/product\/volkswagen-1303-convertible-triple-white-beetle\/\"]}]},{\"@type\":\"ImageObject\",\"inLanguage\":\"lt-LT\",\"@id\":\"https:\/\/pistonaddict.com\/lt\/product\/volkswagen-1303-convertible-triple-white-beetle\/#primaryimage\",\"url\":\"https:\/\/pistonaddict.com\/wp-content\/uploads\/2024\/02\/b2c02738-a5a6-4266-893c-b51da700edcd-1.jpg\",\"contentUrl\":\"https:\/\/pistonaddict.com\/wp-content\/uploads\/2024\/02\/b2c02738-a5a6-4266-893c-b51da700edcd-1.jpg\",\"width\":1600,\"height\":1200},{\"@type\":\"BreadcrumbList\",\"@id\":\"https:\/\/pistonaddict.com\/lt\/product\/volkswagen-1303-convertible-triple-white-beetle\/#breadcrumb\",\"itemListElement\":[{\"@type\":\"ListItem\",\"position\":1,\"name\":\"Pagrindinis puslapis\",\"item\":\"https:\/\/pistonaddict.com\/lt\/pradzia\/\"},{\"@type\":\"ListItem\",\"position\":2,\"name\":\"Auctions\",\"item\":\"https:\/\/pistonaddict.com\/auctions-listing\/\"},{\"@type\":\"ListItem\",\"position\":3,\"name\":\"Volkswagen 1303 Kabrioletas Triple White Beetle\"}]},{\"@type\":\"WebSite\",\"@id\":\"https:\/\/pistonaddict.com\/lt\/#website\",\"url\":\"https:\/\/pistonaddict.com\/lt\/\",\"name\":\"Piston Addict\",\"description\":\"Only interesting vehicles\",\"publisher\":{\"@id\":\"https:\/\/pistonaddict.com\/lt\/#organization\"},\"potentialAction\":[{\"@type\":\"SearchAction\",\"target\":{\"@type\":\"EntryPoint\",\"urlTemplate\":\"https:\/\/pistonaddict.com\/lt\/?s={search_term_string}\"},\"query-input\":\"required name=search_term_string\"}],\"inLanguage\":\"lt-LT\"},{\"@type\":\"Organization\",\"@id\":\"https:\/\/pistonaddict.com\/lt\/#organization\",\"name\":\"Piston Addict\",\"url\":\"https:\/\/pistonaddict.com\/lt\/\",\"logo\":{\"@type\":\"ImageObject\",\"inLanguage\":\"lt-LT\",\"@id\":\"https:\/\/pistonaddict.com\/lt\/#\/schema\/logo\/image\/\",\"url\":\"https:\/\/pistonaddict.com\/wp-content\/uploads\/2022\/07\/logo-6.png\",\"contentUrl\":\"https:\/\/pistonaddict.com\/wp-content\/uploads\/2022\/07\/logo-6.png\",\"width\":970,\"height\":200,\"caption\":\"Piston Addict\"},\"image\":{\"@id\":\"https:\/\/pistonaddict.com\/lt\/#\/schema\/logo\/image\/\"}}]}<\/script>\n<!-- \/ Yoast SEO plugin. -->","yoast_head_json":{"title":"Volkswagen 1303 Kabrioletas Triple White Beetle - Piston Addict","robots":{"index":"index","follow":"follow","max-snippet":"max-snippet:-1","max-image-preview":"max-image-preview:large","max-video-preview":"max-video-preview:-1"},"canonical":"https:\/\/pistonaddict.com\/lt\/product\/volkswagen-1303-convertible-triple-white-beetle\/","og_locale":"lt_LT","og_type":"article","og_title":"Volkswagen 1303 Kabrioletas Triple White Beetle - Piston Addict","og_description":"\"Volkswagen\" automobilis \"Beetle\" buvo vienas dievi\u0161kiausi\u0173 XX a. automobili\u0173 ir iki \u0161iol yra vienas geriausi\u0173 klasikini\u0173 automobili\u0173. Ta\u010diau jo kabrioleto versija yra daug retesn\u0117, \u0161aunesn\u0117 ir puikiai tinka va\u017eiuoti pakrante po atviru dangumi su nepakartojamu plok\u0161\u010diojo keturra\u010dio garso takeliu. Jei jus \u017eavi klasikin\u0117s \"Beetle\" linijos, bet ie\u0161kote geresni\u0173 va\u017eiavimo savybi\u0173 ir galios, \u0161is automobilis jums puikiai tinka. Pageidautinas v\u0117lesnio modelio 1303 kabrioletas su galingesniu ir degal\u0173 \u012fpur\u0161kimo varikliu, paruo\u0161tas vasaros sezonui.","og_url":"https:\/\/pistonaddict.com\/lt\/product\/volkswagen-1303-convertible-triple-white-beetle\/","og_site_name":"Piston Addict","article_modified_time":"2024-03-20T08:47:01+00:00","og_image":[{"width":1600,"height":1200,"url":"https:\/\/pistonaddict.com\/wp-content\/uploads\/2024\/02\/b2c02738-a5a6-4266-893c-b51da700edcd-1.jpg","type":"image\/jpeg"}],"twitter_card":"summary_large_image","twitter_misc":{"Est. reading time":"3 minut\u0117s"},"schema":{"@context":"https:\/\/schema.org","@graph":[{"@type":"WebPage","@id":"https:\/\/pistonaddict.com\/lt\/product\/volkswagen-1303-convertible-triple-white-beetle\/","url":"https:\/\/pistonaddict.com\/lt\/product\/volkswagen-1303-convertible-triple-white-beetle\/","name":"Volkswagen 1303 Kabrioletas Triple White Beetle - Piston Addict","isPartOf":{"@id":"https:\/\/pistonaddict.com\/lt\/#website"},"primaryImageOfPage":{"@id":"https:\/\/pistonaddict.com\/lt\/product\/volkswagen-1303-convertible-triple-white-beetle\/#primaryimage"},"image":{"@id":"https:\/\/pistonaddict.com\/lt\/product\/volkswagen-1303-convertible-triple-white-beetle\/#primaryimage"},"thumbnailUrl":"https:\/\/pistonaddict.com\/wp-content\/uploads\/2024\/02\/b2c02738-a5a6-4266-893c-b51da700edcd-1.jpg","datePublished":"2024-02-23T13:19:05+00:00","dateModified":"2024-03-20T08:47:01+00:00","breadcrumb":{"@id":"https:\/\/pistonaddict.com\/lt\/product\/volkswagen-1303-convertible-triple-white-beetle\/#breadcrumb"},"inLanguage":"lt-LT","potentialAction":[{"@type":"ReadAction","target":["https:\/\/pistonaddict.com\/lt\/product\/volkswagen-1303-convertible-triple-white-beetle\/"]}]},{"@type":"ImageObject","inLanguage":"lt-LT","@id":"https:\/\/pistonaddict.com\/lt\/product\/volkswagen-1303-convertible-triple-white-beetle\/#primaryimage","url":"https:\/\/pistonaddict.com\/wp-content\/uploads\/2024\/02\/b2c02738-a5a6-4266-893c-b51da700edcd-1.jpg","contentUrl":"https:\/\/pistonaddict.com\/wp-content\/uploads\/2024\/02\/b2c02738-a5a6-4266-893c-b51da700edcd-1.jpg","width":1600,"height":1200},{"@type":"BreadcrumbList","@id":"https:\/\/pistonaddict.com\/lt\/product\/volkswagen-1303-convertible-triple-white-beetle\/#breadcrumb","itemListElement":[{"@type":"ListItem","position":1,"name":"Pagrindinis puslapis","item":"https:\/\/pistonaddict.com\/lt\/pradzia\/"},{"@type":"ListItem","position":2,"name":"Auctions","item":"https:\/\/pistonaddict.com\/auctions-listing\/"},{"@type":"ListItem","position":3,"name":"Volkswagen 1303 Kabrioletas Triple White Beetle"}]},{"@type":"WebSite","@id":"https:\/\/pistonaddict.com\/lt\/#website","url":"https:\/\/pistonaddict.com\/lt\/","name":"Piston Addict","description":"Only interesting vehicles","publisher":{"@id":"https:\/\/pistonaddict.com\/lt\/#organization"},"potentialAction":[{"@type":"SearchAction","target":{"@type":"EntryPoint","urlTemplate":"https:\/\/pistonaddict.com\/lt\/?s={search_term_string}"},"query-input":"required name=search_term_string"}],"inLanguage":"lt-LT"},{"@type":"Organization","@id":"https:\/\/pistonaddict.com\/lt\/#organization","name":"Piston Addict","url":"https:\/\/pistonaddict.com\/lt\/","logo":{"@type":"ImageObject","inLanguage":"lt-LT","@id":"https:\/\/pistonaddict.com\/lt\/#\/schema\/logo\/image\/","url":"https:\/\/pistonaddict.com\/wp-content\/uploads\/2022\/07\/logo-6.png","contentUrl":"https:\/\/pistonaddict.com\/wp-content\/uploads\/2022\/07\/logo-6.png","width":970,"height":200,"caption":"Piston Addict"},"image":{"@id":"https:\/\/pistonaddict.com\/lt\/#\/schema\/logo\/image\/"}}]}},"_links":{"self":[{"href":"https:\/\/pistonaddict.com\/lt\/wp-json\/wp\/v2\/product\/92890"}],"collection":[{"href":"https:\/\/pistonaddict.com\/lt\/wp-json\/wp\/v2\/product"}],"about":[{"href":"https:\/\/pistonaddict.com\/lt\/wp-json\/wp\/v2\/types\/product"}],"replies":[{"embeddable":true,"href":"https:\/\/pistonaddict.com\/lt\/wp-json\/wp\/v2\/comments?post=92890"}],"wp:featuredmedia":[{"embeddable":true,"href":"https:\/\/pistonaddict.com\/lt\/wp-json\/wp\/v2\/media\/92688"}],"wp:attachment":[{"href":"https:\/\/pistonaddict.com\/lt\/wp-json\/wp\/v2\/media?parent=92890"}],"wp:term":[{"taxonomy":"product_cat","embeddable":true,"href":"https:\/\/pistonaddict.com\/lt\/wp-json\/wp\/v2\/product_cat?post=92890"},{"taxonomy":"product_tag","embeddable":true,"href":"https:\/\/pistonaddict.com\/lt\/wp-json\/wp\/v2\/product_tag?post=92890"}],"curies":[{"name":"wp","href":"https:\/\/api.w.org\/{rel}","templated":true}]}}