{"id":89351,"date":"2024-01-31T11:03:43","date_gmt":"2024-01-31T10:03:43","guid":{"rendered":"https:\/\/pistonaddict.com\/product\/abarth-695-tributo-ferrari-no424\/"},"modified":"2024-03-20T09:46:35","modified_gmt":"2024-03-20T08:46:35","slug":"abarth-695-tributo-ferrari-no424","status":"publish","type":"product","link":"https:\/\/pistonaddict.com\/lt\/product\/abarth-695-tributo-ferrari-no424\/","title":{"rendered":"Abarth 695 Tributo Ferrari n\u00ba424"},"content":{"rendered":"<h2>I\u0161or\u0117<\/h2>\n<p>695, sukurtas garsaus ir itin populiaraus &#8220;Fiat 500&#8221; pagrindu, tikriausiai nereikia ilgai pristatin\u0117ti. &#8220;Abarth&#8221; prid\u0117jo masyvius priekinius ir galinius buferius, atitinkamus slenks\u010di\u0173 dang\u010dius, galin\u012f spoiler\u012f ir dvigub\u0105 i\u0161metimo sistem\u0105. O tada, nor\u0117dami j\u012f dar labiau pagyvinti, jie pritaik\u0117 tokias detales kaip anglies pluo\u0161to veidrod\u0117li\u0173 dangteliai ir ak\u012f traukiantis &#8221; <em>Tributo Ferrari&#8221;<\/em> \u017eenkliukas ant galinio ketvir\u010dio paneli\u0173.<br \/>\n\u0160is konkretus &#8220;Abart 695&#8221; nuda\u017eytas ugnin\u0117s raudonos spalvos su pilkomis lenktynin\u0117mis juostomis, kurios prasideda ant variklio dang\u010dio, t\u0119siasi per stog\u0105 ir baigiasi ant galini\u0173 dureli\u0173. Kiek daug automobilis buvo eksploatuojamas, tiksliau &#8211; neeksploatuojamas, geriausiai rodo 17 coli\u0173 ratlankiai, ant kuri\u0173 vis dar sumontuotos gamyklin\u0117s &#8220;Michelin Pilot&#8221; padangos.<\/p>\n<h2>Interjeras<\/h2>\n<p>Kaip ir i\u0161or\u0117je, automobilio vidus greitai atskleid\u017eia tikr\u0105j\u0105 jo prigimt\u012f. Pirmiausia, priekin\u0117s kibirin\u0117s s\u0117dyn\u0117s, kurias pagamino &#8220;Sabelt&#8221;, turi anglies pluo\u0161to strukt\u016br\u0105 ir yra itin atramin\u0117s. S\u0117d\u0117damas juose vairuotojas s\u0117d\u0117s u\u017e trij\u0173 stipin\u0173 odinio vairo su raudonais akcentais ir dygsniais. Kadangi \u0161is &#8220;Abart&#8221; yra modelis su automatine pavar\u0173 d\u0117\u017ee, centrin\u0117je konsol\u0117je n\u0117ra pavar\u0173 perjungimo svirties &#8211; vietoj jos yra tik keli mygtukai, kuriais galima pasirinkti atbulin\u0117s eigos, va\u017eiavimo arba neutrali\u0105 pavar\u0105. Ta\u010diau ant vairo taip pat yra mentel\u0117s, kuriomis vairuotojas gali perjungti pavaras rankiniu b\u016bdu.<\/p>\n<p>Visas interjeras padengtas i\u0161skirtin\u0117mis detal\u0117mis, pavyzd\u017eiui, anglies pluo\u0161to apdailos detal\u0117mis, oro kondicionieriumi, stereogarsiakalbiu su USB jungtimi ir &#8221; <em>Tributo Ferrari&#8221;<\/em> \u017eenkliukais.<\/p>\n<h2>Mechanika<\/h2>\n<p>\u0160iame agresyviai atrodan\u010diame itali\u0161kame sportiniame automobilyje sumontuotas 1,4 l variklis su turbokompresoriumi, i\u0161 kurio &#8220;Abarth&#8221; in\u017einieriams pavyko i\u0161spausti stulbinan\u010di\u0105 180 arklio gali\u0173 gali\u0105. Galia priekiniams ratams perduodama per pusiau automatin\u0119 MTA pavar\u0173 d\u0117\u017e\u0119, kuri veikia ir automatiniu, ir rankiniu re\u017eimu. Be abejo, \u012f tok\u012f lengv\u0105 automobil\u012f \u012fd\u0117jus tiek galios, bus pasiekta \u012fsp\u016bding\u0173 rezultat\u0173, pavyzd\u017eiui, maksimalus greitis vir\u0161ys 220 km per valand\u0105. Galiausiai, kad visa tai b\u016bt\u0173 suvaldyta, \u0161iame &#8220;Abarth 695&#8221; \u012frengta standesn\u0117 pakaba ir didesni stabd\u017eiai.<\/p>\n<h2>Transporto priemon\u0117s istorija<\/h2>\n<p>Profesionalus pardav\u0117jas, kuris j\u012f \u012fsigijo visai neseniai, apib\u016bdina &#8220;Abarth&#8221; b\u016bkl\u0119 kaip beveik nepriekai\u0161ting\u0105. Be to, kad automobilio rida nedidel\u0117, paskutin\u012f kart\u0105 jis buvo pri\u017ei\u016br\u0117tas 2023 m. sausio m\u0117n., kai buvo pakeista variklio alyva. Viduje ir i\u0161or\u0117je n\u0117ra joki\u0173 nusid\u0117v\u0117jimo, pa\u017eeidim\u0173 ar r\u016bd\u017ei\u0173 po\u017eymi\u0173, vieninteliai vizual\u016bs tr\u016bkumai &#8211; du nedideli \u012fbr\u0117\u017eimai de\u0161in\u0117je pus\u0117je. Ta\u010diau, pardavus automobil\u012f, b\u016bsimam savininkui jos bus profesionaliai ir nemokamai sutaisytos.<\/p>\n<p>Galiausiai, pasak pardav\u0117jo, automobilis, kuris \u0161iuo metu yra Ispanijoje, niekada nebuvo patek\u0119s \u012f avarij\u0105, o tai patvirtina atitinkama <a href=\"https:\/\/pistonaddict.com\/wp-content\/uploads\/2024\/01\/carfaxAbarth695.pdf\">CARFAX<\/a> automobilio istorijos ataskaita. Ispanijos MOT (ITV) praeitas ir galioja iki 2024 m. gruod\u017eio m\u0117n.<\/p>\n<p><strong>Per\u017ei\u016br\u0117kite \u0161io gra\u017eaus &#8220;Abarth 695 Tributo Ferrari&#8221; \u0161altojo starto vaizdo \u012fra\u0161\u0105:<\/strong><\/p>\n<p><iframe title=\"Cold Start Video of the Abarth 500 Tributo Ferrari\" width=\"1200\" height=\"675\" src=\"https:\/\/www.youtube.com\/embed\/lzDg2i_JYA4?feature=oembed\" frameborder=\"0\" allow=\"accelerometer; autoplay; clipboard-write; encrypted-media; gyroscope; picture-in-picture; web-share\" allowfullscreen><\/iframe><\/p>\n<p>&nbsp;<\/p>\n","protected":false},"excerpt":{"rendered":"<p>Ma\u017eas miesto automobilis neb\u016btinai turi b\u016bti tik prakti\u0161kas b\u016bdas jud\u0117ti ank\u0161toje aplinkoje. Vietoj to, su tinkama \u012franga po gaubtu jis gali b\u016bti tikra ki\u0161enin\u0117 raketa, kuri, jei yra atitinkamai apipavidalinta, taip pat atrodo stulbinamai. Vienas i\u0161 toki\u0173 automobili\u0173 yra &#8220;Abarth 500&#8221;, sukurtas pagal itin s\u0117kming\u0105 &#8220;Fiat&#8221; legendinio 60-\u0173j\u0173 modelio reinkarnacij\u0105. Ta\u010diau aukcione parduodamas modelis yra dar labiau pagra\u017eintas &#8220;Abarth 695&#8221; variantas, pagamintas 2010 m. ir iki \u0161iol nuva\u017eiav\u0119s tik 6800 km. I\u0161skirtinumo prideda ir tai, kad tai yra retas &#8220;Tributo Ferrari&#8221; modelis, kurio pagaminta tik 1695 vienetai. Taigi pa\u017ei\u016br\u0117kime, k\u0105 si\u016blo \u0161is i\u0161skirtinis ir agresyviai atrodantis automobilis&#8230;<\/p>\n","protected":false},"featured_media":89380,"comment_status":"open","ping_status":"closed","template":"","meta":{"inline_featured_image":false},"product_cat":[703],"product_tag":[2908,2909,902],"acf":[],"yoast_head":"<!-- This site is optimized with the Yoast SEO plugin v22.5 - https:\/\/yoast.com\/wordpress\/plugins\/seo\/ -->\n<title>Abarth 695 Tributo Ferrari n\u00ba424 - Piston Addict<\/title>\n<meta name=\"robots\" content=\"index, follow, max-snippet:-1, max-image-preview:large, max-video-preview:-1\" \/>\n<link rel=\"canonical\" href=\"https:\/\/pistonaddict.com\/lt\/product\/abarth-695-tributo-ferrari-no424\/\" \/>\n<meta property=\"og:locale\" content=\"lt_LT\" \/>\n<meta property=\"og:type\" content=\"article\" \/>\n<meta property=\"og:title\" content=\"Abarth 695 Tributo Ferrari n\u00ba424 - Piston Addict\" \/>\n<meta property=\"og:description\" content=\"Ma\u017eas miesto automobilis neb\u016btinai turi b\u016bti tik prakti\u0161kas b\u016bdas jud\u0117ti ank\u0161toje aplinkoje. Vietoj to, su tinkama \u012franga po gaubtu jis gali b\u016bti tikra ki\u0161enin\u0117 raketa, kuri, jei yra atitinkamai apipavidalinta, taip pat atrodo stulbinamai. Vienas i\u0161 toki\u0173 automobili\u0173 yra &quot;Abarth 500&quot;, sukurtas pagal itin s\u0117kming\u0105 &quot;Fiat&quot; legendinio 60-\u0173j\u0173 modelio reinkarnacij\u0105. Ta\u010diau aukcione parduodamas modelis yra dar labiau pagra\u017eintas &quot;Abarth 695&quot; variantas, pagamintas 2010 m. ir iki \u0161iol nuva\u017eiav\u0119s tik 6800 km. I\u0161skirtinumo prideda ir tai, kad tai yra retas &quot;Tributo Ferrari&quot; modelis, kurio pagaminta tik 1695 vienetai. Taigi pa\u017ei\u016br\u0117kime, k\u0105 si\u016blo \u0161is i\u0161skirtinis ir agresyviai atrodantis automobilis...\" \/>\n<meta property=\"og:url\" content=\"https:\/\/pistonaddict.com\/lt\/product\/abarth-695-tributo-ferrari-no424\/\" \/>\n<meta property=\"og:site_name\" content=\"Piston Addict\" \/>\n<meta property=\"article:modified_time\" content=\"2024-03-20T08:46:35+00:00\" \/>\n<meta property=\"og:image\" content=\"https:\/\/pistonaddict.com\/wp-content\/uploads\/2024\/01\/IMG-20240110-WA0149-1.jpg\" \/>\n\t<meta property=\"og:image:width\" content=\"1600\" \/>\n\t<meta property=\"og:image:height\" content=\"1200\" \/>\n\t<meta property=\"og:image:type\" content=\"image\/jpeg\" \/>\n<meta name=\"twitter:card\" content=\"summary_large_image\" \/>\n<meta name=\"twitter:label1\" content=\"Est. reading time\" \/>\n\t<meta name=\"twitter:data1\" content=\"2 minut\u0117s\" \/>\n<script type=\"application\/ld+json\" class=\"yoast-schema-graph\">{\"@context\":\"https:\/\/schema.org\",\"@graph\":[{\"@type\":\"WebPage\",\"@id\":\"https:\/\/pistonaddict.com\/lt\/product\/abarth-695-tributo-ferrari-no424\/\",\"url\":\"https:\/\/pistonaddict.com\/lt\/product\/abarth-695-tributo-ferrari-no424\/\",\"name\":\"Abarth 695 Tributo Ferrari n\u00ba424 - Piston Addict\",\"isPartOf\":{\"@id\":\"https:\/\/pistonaddict.com\/lt\/#website\"},\"primaryImageOfPage\":{\"@id\":\"https:\/\/pistonaddict.com\/lt\/product\/abarth-695-tributo-ferrari-no424\/#primaryimage\"},\"image\":{\"@id\":\"https:\/\/pistonaddict.com\/lt\/product\/abarth-695-tributo-ferrari-no424\/#primaryimage\"},\"thumbnailUrl\":\"https:\/\/pistonaddict.com\/wp-content\/uploads\/2024\/01\/IMG-20240110-WA0149-1.jpg\",\"datePublished\":\"2024-01-31T10:03:43+00:00\",\"dateModified\":\"2024-03-20T08:46:35+00:00\",\"breadcrumb\":{\"@id\":\"https:\/\/pistonaddict.com\/lt\/product\/abarth-695-tributo-ferrari-no424\/#breadcrumb\"},\"inLanguage\":\"lt-LT\",\"potentialAction\":[{\"@type\":\"ReadAction\",\"target\":[\"https:\/\/pistonaddict.com\/lt\/product\/abarth-695-tributo-ferrari-no424\/\"]}]},{\"@type\":\"ImageObject\",\"inLanguage\":\"lt-LT\",\"@id\":\"https:\/\/pistonaddict.com\/lt\/product\/abarth-695-tributo-ferrari-no424\/#primaryimage\",\"url\":\"https:\/\/pistonaddict.com\/wp-content\/uploads\/2024\/01\/IMG-20240110-WA0149-1.jpg\",\"contentUrl\":\"https:\/\/pistonaddict.com\/wp-content\/uploads\/2024\/01\/IMG-20240110-WA0149-1.jpg\",\"width\":1600,\"height\":1200},{\"@type\":\"BreadcrumbList\",\"@id\":\"https:\/\/pistonaddict.com\/lt\/product\/abarth-695-tributo-ferrari-no424\/#breadcrumb\",\"itemListElement\":[{\"@type\":\"ListItem\",\"position\":1,\"name\":\"Pagrindinis puslapis\",\"item\":\"https:\/\/pistonaddict.com\/lt\/pradzia\/\"},{\"@type\":\"ListItem\",\"position\":2,\"name\":\"Auctions\",\"item\":\"https:\/\/pistonaddict.com\/auctions-listing\/\"},{\"@type\":\"ListItem\",\"position\":3,\"name\":\"Abarth 695 Tributo Ferrari n\u00ba424\"}]},{\"@type\":\"WebSite\",\"@id\":\"https:\/\/pistonaddict.com\/lt\/#website\",\"url\":\"https:\/\/pistonaddict.com\/lt\/\",\"name\":\"Piston Addict\",\"description\":\"Only interesting vehicles\",\"publisher\":{\"@id\":\"https:\/\/pistonaddict.com\/lt\/#organization\"},\"potentialAction\":[{\"@type\":\"SearchAction\",\"target\":{\"@type\":\"EntryPoint\",\"urlTemplate\":\"https:\/\/pistonaddict.com\/lt\/?s={search_term_string}\"},\"query-input\":\"required name=search_term_string\"}],\"inLanguage\":\"lt-LT\"},{\"@type\":\"Organization\",\"@id\":\"https:\/\/pistonaddict.com\/lt\/#organization\",\"name\":\"Piston Addict\",\"url\":\"https:\/\/pistonaddict.com\/lt\/\",\"logo\":{\"@type\":\"ImageObject\",\"inLanguage\":\"lt-LT\",\"@id\":\"https:\/\/pistonaddict.com\/lt\/#\/schema\/logo\/image\/\",\"url\":\"https:\/\/pistonaddict.com\/wp-content\/uploads\/2022\/07\/logo-6.png\",\"contentUrl\":\"https:\/\/pistonaddict.com\/wp-content\/uploads\/2022\/07\/logo-6.png\",\"width\":970,\"height\":200,\"caption\":\"Piston Addict\"},\"image\":{\"@id\":\"https:\/\/pistonaddict.com\/lt\/#\/schema\/logo\/image\/\"}}]}<\/script>\n<!-- \/ Yoast SEO plugin. -->","yoast_head_json":{"title":"Abarth 695 Tributo Ferrari n\u00ba424 - Piston Addict","robots":{"index":"index","follow":"follow","max-snippet":"max-snippet:-1","max-image-preview":"max-image-preview:large","max-video-preview":"max-video-preview:-1"},"canonical":"https:\/\/pistonaddict.com\/lt\/product\/abarth-695-tributo-ferrari-no424\/","og_locale":"lt_LT","og_type":"article","og_title":"Abarth 695 Tributo Ferrari n\u00ba424 - Piston Addict","og_description":"Ma\u017eas miesto automobilis neb\u016btinai turi b\u016bti tik prakti\u0161kas b\u016bdas jud\u0117ti ank\u0161toje aplinkoje. Vietoj to, su tinkama \u012franga po gaubtu jis gali b\u016bti tikra ki\u0161enin\u0117 raketa, kuri, jei yra atitinkamai apipavidalinta, taip pat atrodo stulbinamai. Vienas i\u0161 toki\u0173 automobili\u0173 yra \"Abarth 500\", sukurtas pagal itin s\u0117kming\u0105 \"Fiat\" legendinio 60-\u0173j\u0173 modelio reinkarnacij\u0105. Ta\u010diau aukcione parduodamas modelis yra dar labiau pagra\u017eintas \"Abarth 695\" variantas, pagamintas 2010 m. ir iki \u0161iol nuva\u017eiav\u0119s tik 6800 km. I\u0161skirtinumo prideda ir tai, kad tai yra retas \"Tributo Ferrari\" modelis, kurio pagaminta tik 1695 vienetai. Taigi pa\u017ei\u016br\u0117kime, k\u0105 si\u016blo \u0161is i\u0161skirtinis ir agresyviai atrodantis automobilis...","og_url":"https:\/\/pistonaddict.com\/lt\/product\/abarth-695-tributo-ferrari-no424\/","og_site_name":"Piston Addict","article_modified_time":"2024-03-20T08:46:35+00:00","og_image":[{"width":1600,"height":1200,"url":"https:\/\/pistonaddict.com\/wp-content\/uploads\/2024\/01\/IMG-20240110-WA0149-1.jpg","type":"image\/jpeg"}],"twitter_card":"summary_large_image","twitter_misc":{"Est. reading time":"2 minut\u0117s"},"schema":{"@context":"https:\/\/schema.org","@graph":[{"@type":"WebPage","@id":"https:\/\/pistonaddict.com\/lt\/product\/abarth-695-tributo-ferrari-no424\/","url":"https:\/\/pistonaddict.com\/lt\/product\/abarth-695-tributo-ferrari-no424\/","name":"Abarth 695 Tributo Ferrari n\u00ba424 - Piston Addict","isPartOf":{"@id":"https:\/\/pistonaddict.com\/lt\/#website"},"primaryImageOfPage":{"@id":"https:\/\/pistonaddict.com\/lt\/product\/abarth-695-tributo-ferrari-no424\/#primaryimage"},"image":{"@id":"https:\/\/pistonaddict.com\/lt\/product\/abarth-695-tributo-ferrari-no424\/#primaryimage"},"thumbnailUrl":"https:\/\/pistonaddict.com\/wp-content\/uploads\/2024\/01\/IMG-20240110-WA0149-1.jpg","datePublished":"2024-01-31T10:03:43+00:00","dateModified":"2024-03-20T08:46:35+00:00","breadcrumb":{"@id":"https:\/\/pistonaddict.com\/lt\/product\/abarth-695-tributo-ferrari-no424\/#breadcrumb"},"inLanguage":"lt-LT","potentialAction":[{"@type":"ReadAction","target":["https:\/\/pistonaddict.com\/lt\/product\/abarth-695-tributo-ferrari-no424\/"]}]},{"@type":"ImageObject","inLanguage":"lt-LT","@id":"https:\/\/pistonaddict.com\/lt\/product\/abarth-695-tributo-ferrari-no424\/#primaryimage","url":"https:\/\/pistonaddict.com\/wp-content\/uploads\/2024\/01\/IMG-20240110-WA0149-1.jpg","contentUrl":"https:\/\/pistonaddict.com\/wp-content\/uploads\/2024\/01\/IMG-20240110-WA0149-1.jpg","width":1600,"height":1200},{"@type":"BreadcrumbList","@id":"https:\/\/pistonaddict.com\/lt\/product\/abarth-695-tributo-ferrari-no424\/#breadcrumb","itemListElement":[{"@type":"ListItem","position":1,"name":"Pagrindinis puslapis","item":"https:\/\/pistonaddict.com\/lt\/pradzia\/"},{"@type":"ListItem","position":2,"name":"Auctions","item":"https:\/\/pistonaddict.com\/auctions-listing\/"},{"@type":"ListItem","position":3,"name":"Abarth 695 Tributo Ferrari n\u00ba424"}]},{"@type":"WebSite","@id":"https:\/\/pistonaddict.com\/lt\/#website","url":"https:\/\/pistonaddict.com\/lt\/","name":"Piston Addict","description":"Only interesting vehicles","publisher":{"@id":"https:\/\/pistonaddict.com\/lt\/#organization"},"potentialAction":[{"@type":"SearchAction","target":{"@type":"EntryPoint","urlTemplate":"https:\/\/pistonaddict.com\/lt\/?s={search_term_string}"},"query-input":"required name=search_term_string"}],"inLanguage":"lt-LT"},{"@type":"Organization","@id":"https:\/\/pistonaddict.com\/lt\/#organization","name":"Piston Addict","url":"https:\/\/pistonaddict.com\/lt\/","logo":{"@type":"ImageObject","inLanguage":"lt-LT","@id":"https:\/\/pistonaddict.com\/lt\/#\/schema\/logo\/image\/","url":"https:\/\/pistonaddict.com\/wp-content\/uploads\/2022\/07\/logo-6.png","contentUrl":"https:\/\/pistonaddict.com\/wp-content\/uploads\/2022\/07\/logo-6.png","width":970,"height":200,"caption":"Piston Addict"},"image":{"@id":"https:\/\/pistonaddict.com\/lt\/#\/schema\/logo\/image\/"}}]}},"_links":{"self":[{"href":"https:\/\/pistonaddict.com\/lt\/wp-json\/wp\/v2\/product\/89351"}],"collection":[{"href":"https:\/\/pistonaddict.com\/lt\/wp-json\/wp\/v2\/product"}],"about":[{"href":"https:\/\/pistonaddict.com\/lt\/wp-json\/wp\/v2\/types\/product"}],"replies":[{"embeddable":true,"href":"https:\/\/pistonaddict.com\/lt\/wp-json\/wp\/v2\/comments?post=89351"}],"wp:featuredmedia":[{"embeddable":true,"href":"https:\/\/pistonaddict.com\/lt\/wp-json\/wp\/v2\/media\/89380"}],"wp:attachment":[{"href":"https:\/\/pistonaddict.com\/lt\/wp-json\/wp\/v2\/media?parent=89351"}],"wp:term":[{"taxonomy":"product_cat","embeddable":true,"href":"https:\/\/pistonaddict.com\/lt\/wp-json\/wp\/v2\/product_cat?post=89351"},{"taxonomy":"product_tag","embeddable":true,"href":"https:\/\/pistonaddict.com\/lt\/wp-json\/wp\/v2\/product_tag?post=89351"}],"curies":[{"name":"wp","href":"https:\/\/api.w.org\/{rel}","templated":true}]}}