{"id":82559,"date":"2024-01-17T09:08:31","date_gmt":"2024-01-17T08:08:31","guid":{"rendered":"https:\/\/pistonaddict.com\/product\/mg-a-kupe\/"},"modified":"2024-05-29T10:47:20","modified_gmt":"2024-05-29T08:47:20","slug":"mg-a-coupe","status":"publish","type":"product","link":"https:\/\/pistonaddict.com\/lt\/product\/mg-a-coupe\/","title":{"rendered":"MG A kup\u0117"},"content":{"rendered":"<p><strong>Automobilio istorija<\/strong><\/p>\n<p>Nors dabar MG priklauso kinams ir parduoda daugyb\u0119 nuobod\u017ei\u0173 visureigi\u0173, \u0161is prek\u0117s \u017eenklas visiems laikams i\u0161liks kup\u0117 ir rodsteri\u0173, kurie savo laiku buvo &#8220;Mazda Miatas&#8221;, sinonimu. Ma\u017ei, ver\u017el\u016bs, greiti ir smag\u016bs to laikme\u010dio MG automobiliai vis dar sulaukia didelio entuziast\u0173 susidom\u0117jimo visame pasaulyje. D\u0117l didelio s\u016bki\u0173 skai\u010diaus varikli\u0173, galini\u0173 varom\u0173j\u0173 rat\u0173, tikslaus vairo mechanizmo ir gyvybing\u0173 eksploatacini\u0173 savybi\u0173 MG i\u0161 tikr\u0173j\u0173 prad\u0117jo vis\u0105 \u012fperkam\u0173 sportini\u0173 automobili\u0173 scen\u0105 dar prie\u0161 Antr\u0105j\u012f pasaulin\u012f kar\u0105. Ta\u010diau kai 1955 m. pasirod\u0117 &#8220;MG A&#8221;, tai buvo moderniausias modelis ne tik savo i\u0161vaizda, bet ir technologijomis. Amerikoje \u0161is modelis buvo gana gerai parduodamas, o tai suteik\u0117 \u012fmonei post\u016bm\u012f daugeliui v\u0117lesni\u0173 modeli\u0173. Puikios i\u0161vaizdos ir s\u0117km\u0117s automobili\u0173 sporte derinys buvo laiminga MG A formul\u0117, tod\u0117l \u0161is automobilis yra toks ypatingas ir geid\u017eiamas. \u0160is pavyzdys pagamintas 1959 m. ir yra antrosios serijos modelis su galingesniu 1600 cm3 varikliu, i\u0161vystan\u010diu 80 AG. Pagal to meto standartus tai buvo reik\u0161mingas skai\u010dius, o su 4 laipsni\u0173 mechanine pavar\u0173 d\u0117\u017ee jis \u0161iandien gali suteikti tiek pat d\u017eiaugsmo, kiek ir prie\u0161 daugel\u012f met\u0173. \u017dinoma, kad &#8220;MG A 1600&#8221; tur\u0117jo priekinius diskinius stabd\u017eius, kurie 1959 m. buvo labai pa\u017eangi technologija. \u0160is pavyzdys yra vienas i\u0161 31 000 egzempliori\u0173, pagamint\u0173 1959-1962 m., kai baig\u0117si MG A gamyba.<\/p>\n<p><strong>Interjeras<\/strong><\/p>\n<p>Raudona oda aptrauktas 1959 m. &#8220;MG A Coupe 1600&#8221; interjeras yra idealios b\u016bkl\u0117s. \u0160iame automobilyje viskas veikia tvarkingai, o jo s\u0117dyn\u0117s yra pakankamai \u017eavios, kad b\u016bt\u0173 galima m\u0117gautis jo \u017eavesiu. Nors 65 met\u0173 senumo automobilyje negalime kalb\u0117ti apie \u0161iuolaikines funkcijas, jame yra \u017eav\u016bs analoginiai ciferblatai ir \u0161ildytuvas, kurie anais laikais b\u016bt\u0173 buv\u0119 laikomi auk\u0161\u010diausios klas\u0117s. Saugumo ir patogumo sumetimais saugos dir\u017eai pakeisti \u012f modernesnius, trij\u0173 ta\u0161k\u0173 dir\u017eus.<\/p>\n<p><strong>B\u016bkl\u0117<\/strong><\/p>\n<p>\u0160is MG A, nuo naujumo nuva\u017eiav\u0119s vos 51 824 km (manoma, kad originalus), praeityje buvo kruop\u0161\u010diai ir lengvai restauruotas (vandens siurblys, galiniai stabd\u017eiai ir karbiuratorius buvo pakeisti 2022 m.). Laimei, kiekviena detal\u0117 buvo kruop\u0161\u010diai restauruota, o automobilis yra labai tinkamos senovin\u0117s b\u016bkl\u0117s, be r\u016bd\u017ei\u0173, visi\u0161kai tinkamas eksploatuoti ir neturi joki\u0173 mechanini\u0173 problem\u0173. Pardav\u0117jas transporto priemon\u0119 \u012fsigijo neseniai ir 2023 m. pabaigoje atliko reguliari\u0105 technin\u0119 prie\u017ei\u016br\u0105, o 2024 m. saus\u012f vos prie\u0161 kelias dienas buvo atliktas stabd\u017ei\u0173 remontas.<\/p>\n<p><strong>I\u0161or\u0117 ir ratai<\/strong><\/p>\n<p>Klasikiniai juodi da\u017eai yra geros b\u016bkl\u0117s, be \u012flenkim\u0173 ir didesni\u0173 \u012fbr\u0117\u017eim\u0173. Visas chromas (kuris labai svarbus tokiems klasikiniams automobiliams kaip \u0161is), \u012fskaitant groteles, buferius ir apdail\u0105, yra puikios b\u016bkl\u0117s. Juodos spalvos eksterjero ir raudono interjero derinys yra ry\u0161kus ir pabr\u0117\u017eia automobilio linijas. Original\u016bs 15 coli\u0173 ratlankiai apauti visi\u0161kai naujomis gumomis, tod\u0117l \u0161is automobilis yra visi\u0161kai paruo\u0161tas kitam savininkui ir \u0161ios vasaros savaitgalio pasiva\u017ein\u0117jimams.<\/p>\n<p><strong>Dokumentacija<\/strong><\/p>\n<p>Pardav\u0117jas parduoda \u0161i\u0105 transporto priemon\u0119 su atitinkamais dokumentais (visomis s\u0105skaitomis fakt\u016bromis, Did\u017eiosios Britanijos automobili\u0173 pramon\u0117s paveldo fondo patvirtinta kopija ir naudotojo vadovu), esan\u010diais Ispanijoje. Kadangi \u0161is automobilis pagamintas 1959 m., n\u0117ra &#8220;CarFax&#8221; ataskait\u0173, ta\u010diau n\u0117ra \u012frodym\u0173 apie avarijas, avarij\u0173 remont\u0105, nuosavyb\u0119 ar teisines problemas. Yra \u012fra\u0161ai apie reguliari\u0105 technin\u0119 prie\u017ei\u016br\u0105 ir kvitai.<br \/>\n<strong>Ispanijos MOT (ITV), galiojanti iki 2028 m. rugpj\u016b\u010dio m\u0117n.<\/strong><\/p>\n<p><strong>Per\u017ei\u016br\u0117kite \u0161io gra\u017eaus MG A Coupe \u0161alto starto vaizdo \u012fra\u0161\u0105:<\/strong><\/p>\n<p><iframe title=\"Cold Start Video of MGA coupe\" width=\"1200\" height=\"675\" src=\"https:\/\/www.youtube.com\/embed\/IaLRg9Rs9iY?feature=oembed\" frameborder=\"0\" allow=\"accelerometer; autoplay; clipboard-write; encrypted-media; gyroscope; picture-in-picture; web-share\" allowfullscreen><\/iframe><\/p>\n","protected":false},"excerpt":{"rendered":"<p>Jei nor\u0117tume i\u0161tirti \u0161iuolaikini\u0173 sportini\u0173 automobili\u0173 genez\u0119, tur\u0117tume prad\u0117ti nuo legendinio &#8220;MG A&#8221;. \u0160is sportinis automobilis, pasi\u017eymintis aptaki\u0173 form\u0173 k\u0117bulu, varikliais, pasi\u017eymintis puikiomis eksploatacin\u0117mis savyb\u0117mis (tam laikotarpiui) ir prieinama kaina, suk\u0117l\u0117 revoliucij\u0105 \u0161iame segmente. Jis i\u0161liko vienu i\u0161 vis\u0173 laik\u0173 brit\u0173 kup\u0117 kvintesencij\u0173.<\/p>\n","protected":false},"featured_media":81149,"comment_status":"open","ping_status":"closed","template":"","meta":{"inline_featured_image":false},"product_cat":[703],"product_tag":[2879,1005,2877],"acf":[],"yoast_head":"<!-- This site is optimized with the Yoast SEO plugin v22.5 - https:\/\/yoast.com\/wordpress\/plugins\/seo\/ -->\n<title>MG A kup\u0117 - Piston Addict<\/title>\n<meta name=\"robots\" content=\"index, follow, max-snippet:-1, max-image-preview:large, max-video-preview:-1\" \/>\n<link rel=\"canonical\" href=\"https:\/\/pistonaddict.com\/lt\/product\/mg-a-coupe\/\" \/>\n<meta property=\"og:locale\" content=\"lt_LT\" \/>\n<meta property=\"og:type\" content=\"article\" \/>\n<meta property=\"og:title\" content=\"MG A kup\u0117 - Piston Addict\" \/>\n<meta property=\"og:description\" content=\"Jei nor\u0117tume i\u0161tirti \u0161iuolaikini\u0173 sportini\u0173 automobili\u0173 genez\u0119, tur\u0117tume prad\u0117ti nuo legendinio &quot;MG A&quot;. \u0160is sportinis automobilis, pasi\u017eymintis aptaki\u0173 form\u0173 k\u0117bulu, varikliais, pasi\u017eymintis puikiomis eksploatacin\u0117mis savyb\u0117mis (tam laikotarpiui) ir prieinama kaina, suk\u0117l\u0117 revoliucij\u0105 \u0161iame segmente. Jis i\u0161liko vienu i\u0161 vis\u0173 laik\u0173 brit\u0173 kup\u0117 kvintesencij\u0173.\" \/>\n<meta property=\"og:url\" content=\"https:\/\/pistonaddict.com\/lt\/product\/mg-a-coupe\/\" \/>\n<meta property=\"og:site_name\" content=\"Piston Addict\" \/>\n<meta property=\"article:modified_time\" content=\"2024-05-29T08:47:20+00:00\" \/>\n<meta property=\"og:image\" content=\"https:\/\/pistonaddict.com\/wp-content\/uploads\/2024\/01\/IMG-20231031-WA0006.jpg\" \/>\n\t<meta property=\"og:image:width\" content=\"1600\" \/>\n\t<meta property=\"og:image:height\" content=\"1200\" \/>\n\t<meta property=\"og:image:type\" content=\"image\/jpeg\" \/>\n<meta name=\"twitter:card\" content=\"summary_large_image\" \/>\n<meta name=\"twitter:label1\" content=\"Est. reading time\" \/>\n\t<meta name=\"twitter:data1\" content=\"3 minut\u0117s\" \/>\n<script type=\"application\/ld+json\" class=\"yoast-schema-graph\">{\"@context\":\"https:\/\/schema.org\",\"@graph\":[{\"@type\":\"WebPage\",\"@id\":\"https:\/\/pistonaddict.com\/lt\/product\/mg-a-coupe\/\",\"url\":\"https:\/\/pistonaddict.com\/lt\/product\/mg-a-coupe\/\",\"name\":\"MG A kup\u0117 - Piston Addict\",\"isPartOf\":{\"@id\":\"https:\/\/pistonaddict.com\/lt\/#website\"},\"primaryImageOfPage\":{\"@id\":\"https:\/\/pistonaddict.com\/lt\/product\/mg-a-coupe\/#primaryimage\"},\"image\":{\"@id\":\"https:\/\/pistonaddict.com\/lt\/product\/mg-a-coupe\/#primaryimage\"},\"thumbnailUrl\":\"https:\/\/pistonaddict.com\/wp-content\/uploads\/2024\/01\/IMG-20231031-WA0006.jpg\",\"datePublished\":\"2024-01-17T08:08:31+00:00\",\"dateModified\":\"2024-05-29T08:47:20+00:00\",\"breadcrumb\":{\"@id\":\"https:\/\/pistonaddict.com\/lt\/product\/mg-a-coupe\/#breadcrumb\"},\"inLanguage\":\"lt-LT\",\"potentialAction\":[{\"@type\":\"ReadAction\",\"target\":[\"https:\/\/pistonaddict.com\/lt\/product\/mg-a-coupe\/\"]}]},{\"@type\":\"ImageObject\",\"inLanguage\":\"lt-LT\",\"@id\":\"https:\/\/pistonaddict.com\/lt\/product\/mg-a-coupe\/#primaryimage\",\"url\":\"https:\/\/pistonaddict.com\/wp-content\/uploads\/2024\/01\/IMG-20231031-WA0006.jpg\",\"contentUrl\":\"https:\/\/pistonaddict.com\/wp-content\/uploads\/2024\/01\/IMG-20231031-WA0006.jpg\",\"width\":1600,\"height\":1200},{\"@type\":\"BreadcrumbList\",\"@id\":\"https:\/\/pistonaddict.com\/lt\/product\/mg-a-coupe\/#breadcrumb\",\"itemListElement\":[{\"@type\":\"ListItem\",\"position\":1,\"name\":\"Pagrindinis puslapis\",\"item\":\"https:\/\/pistonaddict.com\/lt\/pradzia\/\"},{\"@type\":\"ListItem\",\"position\":2,\"name\":\"Auctions\",\"item\":\"https:\/\/pistonaddict.com\/auctions-listing\/\"},{\"@type\":\"ListItem\",\"position\":3,\"name\":\"MG A kup\u0117\"}]},{\"@type\":\"WebSite\",\"@id\":\"https:\/\/pistonaddict.com\/lt\/#website\",\"url\":\"https:\/\/pistonaddict.com\/lt\/\",\"name\":\"Piston Addict\",\"description\":\"Only interesting vehicles\",\"publisher\":{\"@id\":\"https:\/\/pistonaddict.com\/lt\/#organization\"},\"potentialAction\":[{\"@type\":\"SearchAction\",\"target\":{\"@type\":\"EntryPoint\",\"urlTemplate\":\"https:\/\/pistonaddict.com\/lt\/?s={search_term_string}\"},\"query-input\":\"required name=search_term_string\"}],\"inLanguage\":\"lt-LT\"},{\"@type\":\"Organization\",\"@id\":\"https:\/\/pistonaddict.com\/lt\/#organization\",\"name\":\"Piston Addict\",\"url\":\"https:\/\/pistonaddict.com\/lt\/\",\"logo\":{\"@type\":\"ImageObject\",\"inLanguage\":\"lt-LT\",\"@id\":\"https:\/\/pistonaddict.com\/lt\/#\/schema\/logo\/image\/\",\"url\":\"https:\/\/pistonaddict.com\/wp-content\/uploads\/2022\/07\/logo-6.png\",\"contentUrl\":\"https:\/\/pistonaddict.com\/wp-content\/uploads\/2022\/07\/logo-6.png\",\"width\":970,\"height\":200,\"caption\":\"Piston Addict\"},\"image\":{\"@id\":\"https:\/\/pistonaddict.com\/lt\/#\/schema\/logo\/image\/\"}}]}<\/script>\n<!-- \/ Yoast SEO plugin. -->","yoast_head_json":{"title":"MG A kup\u0117 - Piston Addict","robots":{"index":"index","follow":"follow","max-snippet":"max-snippet:-1","max-image-preview":"max-image-preview:large","max-video-preview":"max-video-preview:-1"},"canonical":"https:\/\/pistonaddict.com\/lt\/product\/mg-a-coupe\/","og_locale":"lt_LT","og_type":"article","og_title":"MG A kup\u0117 - Piston Addict","og_description":"Jei nor\u0117tume i\u0161tirti \u0161iuolaikini\u0173 sportini\u0173 automobili\u0173 genez\u0119, tur\u0117tume prad\u0117ti nuo legendinio \"MG A\". \u0160is sportinis automobilis, pasi\u017eymintis aptaki\u0173 form\u0173 k\u0117bulu, varikliais, pasi\u017eymintis puikiomis eksploatacin\u0117mis savyb\u0117mis (tam laikotarpiui) ir prieinama kaina, suk\u0117l\u0117 revoliucij\u0105 \u0161iame segmente. Jis i\u0161liko vienu i\u0161 vis\u0173 laik\u0173 brit\u0173 kup\u0117 kvintesencij\u0173.","og_url":"https:\/\/pistonaddict.com\/lt\/product\/mg-a-coupe\/","og_site_name":"Piston Addict","article_modified_time":"2024-05-29T08:47:20+00:00","og_image":[{"width":1600,"height":1200,"url":"https:\/\/pistonaddict.com\/wp-content\/uploads\/2024\/01\/IMG-20231031-WA0006.jpg","type":"image\/jpeg"}],"twitter_card":"summary_large_image","twitter_misc":{"Est. reading time":"3 minut\u0117s"},"schema":{"@context":"https:\/\/schema.org","@graph":[{"@type":"WebPage","@id":"https:\/\/pistonaddict.com\/lt\/product\/mg-a-coupe\/","url":"https:\/\/pistonaddict.com\/lt\/product\/mg-a-coupe\/","name":"MG A kup\u0117 - Piston Addict","isPartOf":{"@id":"https:\/\/pistonaddict.com\/lt\/#website"},"primaryImageOfPage":{"@id":"https:\/\/pistonaddict.com\/lt\/product\/mg-a-coupe\/#primaryimage"},"image":{"@id":"https:\/\/pistonaddict.com\/lt\/product\/mg-a-coupe\/#primaryimage"},"thumbnailUrl":"https:\/\/pistonaddict.com\/wp-content\/uploads\/2024\/01\/IMG-20231031-WA0006.jpg","datePublished":"2024-01-17T08:08:31+00:00","dateModified":"2024-05-29T08:47:20+00:00","breadcrumb":{"@id":"https:\/\/pistonaddict.com\/lt\/product\/mg-a-coupe\/#breadcrumb"},"inLanguage":"lt-LT","potentialAction":[{"@type":"ReadAction","target":["https:\/\/pistonaddict.com\/lt\/product\/mg-a-coupe\/"]}]},{"@type":"ImageObject","inLanguage":"lt-LT","@id":"https:\/\/pistonaddict.com\/lt\/product\/mg-a-coupe\/#primaryimage","url":"https:\/\/pistonaddict.com\/wp-content\/uploads\/2024\/01\/IMG-20231031-WA0006.jpg","contentUrl":"https:\/\/pistonaddict.com\/wp-content\/uploads\/2024\/01\/IMG-20231031-WA0006.jpg","width":1600,"height":1200},{"@type":"BreadcrumbList","@id":"https:\/\/pistonaddict.com\/lt\/product\/mg-a-coupe\/#breadcrumb","itemListElement":[{"@type":"ListItem","position":1,"name":"Pagrindinis puslapis","item":"https:\/\/pistonaddict.com\/lt\/pradzia\/"},{"@type":"ListItem","position":2,"name":"Auctions","item":"https:\/\/pistonaddict.com\/auctions-listing\/"},{"@type":"ListItem","position":3,"name":"MG A kup\u0117"}]},{"@type":"WebSite","@id":"https:\/\/pistonaddict.com\/lt\/#website","url":"https:\/\/pistonaddict.com\/lt\/","name":"Piston Addict","description":"Only interesting vehicles","publisher":{"@id":"https:\/\/pistonaddict.com\/lt\/#organization"},"potentialAction":[{"@type":"SearchAction","target":{"@type":"EntryPoint","urlTemplate":"https:\/\/pistonaddict.com\/lt\/?s={search_term_string}"},"query-input":"required name=search_term_string"}],"inLanguage":"lt-LT"},{"@type":"Organization","@id":"https:\/\/pistonaddict.com\/lt\/#organization","name":"Piston Addict","url":"https:\/\/pistonaddict.com\/lt\/","logo":{"@type":"ImageObject","inLanguage":"lt-LT","@id":"https:\/\/pistonaddict.com\/lt\/#\/schema\/logo\/image\/","url":"https:\/\/pistonaddict.com\/wp-content\/uploads\/2022\/07\/logo-6.png","contentUrl":"https:\/\/pistonaddict.com\/wp-content\/uploads\/2022\/07\/logo-6.png","width":970,"height":200,"caption":"Piston Addict"},"image":{"@id":"https:\/\/pistonaddict.com\/lt\/#\/schema\/logo\/image\/"}}]}},"_links":{"self":[{"href":"https:\/\/pistonaddict.com\/lt\/wp-json\/wp\/v2\/product\/82559"}],"collection":[{"href":"https:\/\/pistonaddict.com\/lt\/wp-json\/wp\/v2\/product"}],"about":[{"href":"https:\/\/pistonaddict.com\/lt\/wp-json\/wp\/v2\/types\/product"}],"replies":[{"embeddable":true,"href":"https:\/\/pistonaddict.com\/lt\/wp-json\/wp\/v2\/comments?post=82559"}],"wp:featuredmedia":[{"embeddable":true,"href":"https:\/\/pistonaddict.com\/lt\/wp-json\/wp\/v2\/media\/81149"}],"wp:attachment":[{"href":"https:\/\/pistonaddict.com\/lt\/wp-json\/wp\/v2\/media?parent=82559"}],"wp:term":[{"taxonomy":"product_cat","embeddable":true,"href":"https:\/\/pistonaddict.com\/lt\/wp-json\/wp\/v2\/product_cat?post=82559"},{"taxonomy":"product_tag","embeddable":true,"href":"https:\/\/pistonaddict.com\/lt\/wp-json\/wp\/v2\/product_tag?post=82559"}],"curies":[{"name":"wp","href":"https:\/\/api.w.org\/{rel}","templated":true}]}}