{"id":79051,"date":"2023-12-13T14:41:14","date_gmt":"2023-12-13T13:41:14","guid":{"rendered":"https:\/\/pistonaddict.com\/product\/alpine-a110\/"},"modified":"2024-03-20T09:42:42","modified_gmt":"2024-03-20T08:42:42","slug":"alpine-a110","status":"publish","type":"product","link":"https:\/\/pistonaddict.com\/lt\/product\/alpine-a110\/","title":{"rendered":"&#8220;Alpine A110"},"content":{"rendered":"<p><strong>Automobilio istorija<\/strong><\/p>\n<p>\u0160e\u0161tajame ir septintajame de\u0161imtmetyje u\u017eaugusioms sportini\u0173 automobili\u0173 m\u0117g\u0117j\u0173 kartoms &#8220;Alpine&#8221; vardas yra ralio \u010dempionat\u0173, puiki\u0173 eksploatacini\u0173 savybi\u0173 ir neprilygstamo populiarumo gatv\u0117se sinonimas. Nors &#8220;Alpine&#8221; naudojo standartinius &#8220;Renault&#8221; komponentus, automobiliai buvo beveik superautomobiliai ir entuziast\u0173 m\u0117gstami d\u0117l savo i\u0161vaizdos ir vairavimo dinamikos. Ta\u010diau de\u0161imtojo de\u0161imtme\u010dio prad\u017eioje \u0161is prek\u0117s \u017eenklas i\u0161nyko, beveik pamir\u0161tas vis\u0173, i\u0161skyrus i\u0161tikimiausius gerb\u0117jus. Laimei, &#8220;Renault&#8221; suprato, koks didelis yra \u0161io legendinio vardo potencialas, ir daug investavo \u012f visi\u0161kai nauj\u0105 model\u012f su visi\u0161kai aliumininiu k\u0117bulu, centre i\u0161d\u0117stytu varikliu ir greita dviej\u0173 sankab\u0173 pavar\u0173 d\u0117\u017ee. Suderinus kultin\u0119 ir retrofuturistin\u0119 i\u0161vaizd\u0105 su &#8220;Clio RS&#8221; varikliu ir pagal u\u017esakym\u0105 sukurtu k\u0117bulu bei pakabos nustatymais, akimirksniu buvo sukurtas klasikinis ir, ko gero, geriausias de\u0161imtme\u010dio sportinis automobilis. Turbokompresorinis 1,8 litro darbo t\u016brio variklis, perduodantis gali\u0105 galiniams ratams, \u0161\u012f nuostab\u0173 dviviet\u012f automobil\u012f nuo 0 iki 100 km\/val. (60 myli\u0173 per valand\u0105) \u012fveikia per 4,5 sekund\u0117s. Ta\u010diau skai\u010diai neatspindi \u0161io automobilio teisingumo. &#8220;Alpine A110&#8221;, kurio bendroji mas\u0117 yra vos didesn\u0117 nei viena tona, skrieja per pos\u016bkius ir yra valdomas kaip svajon\u0117. B\u016btent d\u0117l neprilygstamos vairavimo dinamikos \u0161is automobilis yra daugelio \u017eurnal\u0173 ap\u017evalg\u0173 numyl\u0117tinis.<\/p>\n<p><strong>Interjeras<\/strong><\/p>\n<p>Kadangi \u0161is modelis yra palyginti naujas ir jo rida nedidel\u0117, odinis salonas yra kaip naujas, be joki\u0173 nusid\u0117v\u0117jimo po\u017eymi\u0173. Patyr\u0119 pirk\u0117jai pasteb\u0117s, kad yra pasirenkamos &#8220;GT&#8221; s\u0117dyn\u0117s, kurios yra sveikintinas priedas, taip pat kai kurios anglies apdailos detal\u0117s, kad automobilis atrodyt\u0173 kaip sportinis. Ta\u010diau svarbiausia yra &#8220;Focal&#8221; auk\u0161\u010diausios kokyb\u0117s garso sistema, kuri yra reta galimyb\u0117.<\/p>\n<p><strong>B\u016bkl\u0117<\/strong><\/p>\n<p>\u0160is pavyzdys buvo pristatytas naujas 2021 m. ir nuo to laiko nuva\u017eiavo vos daugiau nei 30 000 km. Tai gerai pri\u017ei\u016br\u0117tas automobilis, kuris buvo naudojamas vairavimo d\u017eiaugsmui, kaip ir buvo sugalvotas jo konstruktori\u0173. Du r\u016bpestingi savininkai nuo pat prad\u017ei\u0173 jo niekada nevaik\u0161\u010diojo ir nesugadino. I\u0161 tikr\u0173j\u0173 pirmasis savininkas buvo &#8220;Alpine Spain&#8221; komercijos direktorius. Paskutin\u0117 technin\u0117 ap\u017ei\u016bra atlikta 2023 m. lapkrit\u012f, o stabd\u017eiai kapitali\u0161kai suremontuoti visai neseniai &#8211; 2023 m. gruod\u012f. Ankstesnis alyvos keitimas buvo atliktas rugs\u0117jo m\u0117n. <strong>\u0160iam &#8220;Alpine A110&#8221; vis dar galioja gamyklin\u0117 garantija iki 2024 m. lapkri\u010dio m\u0117n., tod\u0117l vis\u0105 technin\u0119 prie\u017ei\u016br\u0105 atliko oficialus servisas Ispanijoje<\/strong>.<\/p>\n<p><strong> <\/strong><strong>I\u0161or\u0117 ir ratai<\/strong><\/p>\n<p>\u0160is &#8220;Alpine A110&#8221;, nuda\u017eytas balta spalva ir turintis labai \u012fdom\u0173 grafin\u012f paket\u0105, atrodo unikaliai su specialiais, tik &#8220;Alpine&#8221; gaminamais 18 coli\u0173 ratlankiais. K\u0117bulas nesuderintas, be joki\u0173 pa\u017eeidim\u0173, \u012flenkim\u0173 ar \u012fbr\u0117\u017eim\u0173, o padangos, pardav\u0117jo teigimu, yra tinkamos b\u016bkl\u0117s, naudotos 50 %. Padangos yra &#8220;Michelin Pilot Sport&#8221;, pagamintos 2021 m. pabaigoje.<\/p>\n<p><strong>Dokumentacija<\/strong><\/p>\n<p>\u0160i\u0105 transporto priemon\u0119 su atitinkamais dokumentais parduoda Ispanijoje esantis pardav\u0117jas. &#8221; <a href=\"https:\/\/pistonaddict.com\/wp-content\/uploads\/2023\/12\/AlpineA110.pdf\">CarFax&#8221; ataskaita<\/a> yra \u0161vari; n\u0117ra joki\u0173 avarij\u0173, remonto, nuosavyb\u0117s ar teisini\u0173 problem\u0173 \u012frodym\u0173. Yra nuolatin\u0117s technin\u0117s prie\u017ei\u016bros dokumentai, pardavimo s\u0105skaitos ir kvitai. \u0160iam &#8220;Alpine A110&#8221; vis dar galioja gamyklin\u0117 garantija, kuri gali b\u016bti perduota kitam savininkui.<\/p>\n<p><strong>Per\u017ei\u016br\u0117kite \u0161io gra\u017eaus &#8220;Alpine A110&#8221; \u0161altojo starto vaizdo \u012fra\u0161\u0105:<\/strong><\/p>\n<p><iframe title=\"Cold Start Video of this great Alpine A110 for auction sale\" width=\"1200\" height=\"675\" src=\"https:\/\/www.youtube.com\/embed\/FlqeDNY4UtI?feature=oembed\" frameborder=\"0\" allow=\"accelerometer; autoplay; clipboard-write; encrypted-media; gyroscope; picture-in-picture; web-share\" allowfullscreen><\/iframe><\/p>\n","protected":false},"excerpt":{"rendered":"<p>Kar\u0161\u010diausias pastar\u0173j\u0173 keleri\u0173 met\u0173 sportinis automobilis n\u0117ra &#8220;Ferrari&#8221;, &#8220;Lamborghini&#8221; ar &#8220;McLaren&#8221;. Tai &#8211; &#8220;Alpine A110&#8221; su pagal u\u017esakym\u0105 pagamintu itin lengvu k\u0117bulu, ver\u017eliu keturi\u0173 cilindr\u0173 turbokompresoriumi ir gyvybingomis eksploatacin\u0117mis savyb\u0117mis. \u0160is dvivietis automobilis primin\u0117 sportini\u0173 automobili\u0173 gerb\u0117jams, k\u0105 rei\u0161kia vairuoti, ir pergalingai sugr\u0105\u017eino legendin\u012f prek\u0117s \u017eenkl\u0105 \u012f rink\u0105. \u0160iandien su pasidid\u017eiavimu pristatome vien\u0105 geriausi\u0173 \u0161io itin \u012ftakingo sportinio automobilio pavyzd\u017ei\u0173.<\/p>\n","protected":false},"featured_media":78360,"comment_status":"open","ping_status":"closed","template":"","meta":{"inline_featured_image":false},"product_cat":[703],"product_tag":[2806,2811,902],"acf":[],"yoast_head":"<!-- This site is optimized with the Yoast SEO plugin v22.5 - https:\/\/yoast.com\/wordpress\/plugins\/seo\/ -->\n<title>&quot;Alpine A110 aukcionas - Piston Addict<\/title>\n<meta name=\"robots\" content=\"index, follow, max-snippet:-1, max-image-preview:large, max-video-preview:-1\" \/>\n<link rel=\"canonical\" href=\"https:\/\/pistonaddict.com\/lt\/product\/alpine-a110\/\" \/>\n<meta property=\"og:locale\" content=\"lt_LT\" \/>\n<meta property=\"og:type\" content=\"article\" \/>\n<meta property=\"og:title\" content=\"&quot;Alpine A110 aukcionas - Piston Addict\" \/>\n<meta property=\"og:description\" content=\"Kar\u0161\u010diausias pastar\u0173j\u0173 keleri\u0173 met\u0173 sportinis automobilis n\u0117ra &quot;Ferrari&quot;, &quot;Lamborghini&quot; ar &quot;McLaren&quot;. Tai - &quot;Alpine A110&quot; su pagal u\u017esakym\u0105 pagamintu itin lengvu k\u0117bulu, ver\u017eliu keturi\u0173 cilindr\u0173 turbokompresoriumi ir gyvybingomis eksploatacin\u0117mis savyb\u0117mis. \u0160is dvivietis automobilis primin\u0117 sportini\u0173 automobili\u0173 gerb\u0117jams, k\u0105 rei\u0161kia vairuoti, ir pergalingai sugr\u0105\u017eino legendin\u012f prek\u0117s \u017eenkl\u0105 \u012f rink\u0105. \u0160iandien su pasidid\u017eiavimu pristatome vien\u0105 geriausi\u0173 \u0161io itin \u012ftakingo sportinio automobilio pavyzd\u017ei\u0173.\" \/>\n<meta property=\"og:url\" content=\"https:\/\/pistonaddict.com\/lt\/product\/alpine-a110\/\" \/>\n<meta property=\"og:site_name\" content=\"Piston Addict\" \/>\n<meta property=\"article:modified_time\" content=\"2024-03-20T08:42:42+00:00\" \/>\n<meta property=\"og:image\" content=\"https:\/\/pistonaddict.com\/wp-content\/uploads\/2023\/12\/4517LTW_01.jpg\" \/>\n\t<meta property=\"og:image:width\" content=\"1440\" \/>\n\t<meta property=\"og:image:height\" content=\"1080\" \/>\n\t<meta property=\"og:image:type\" content=\"image\/jpeg\" \/>\n<meta name=\"twitter:card\" content=\"summary_large_image\" \/>\n<meta name=\"twitter:label1\" content=\"Est. reading time\" \/>\n\t<meta name=\"twitter:data1\" content=\"3 minut\u0117s\" \/>\n<script type=\"application\/ld+json\" class=\"yoast-schema-graph\">{\"@context\":\"https:\/\/schema.org\",\"@graph\":[{\"@type\":\"WebPage\",\"@id\":\"https:\/\/pistonaddict.com\/lt\/product\/alpine-a110\/\",\"url\":\"https:\/\/pistonaddict.com\/lt\/product\/alpine-a110\/\",\"name\":\"\\\"Alpine A110 aukcionas - Piston Addict\",\"isPartOf\":{\"@id\":\"https:\/\/pistonaddict.com\/lt\/#website\"},\"primaryImageOfPage\":{\"@id\":\"https:\/\/pistonaddict.com\/lt\/product\/alpine-a110\/#primaryimage\"},\"image\":{\"@id\":\"https:\/\/pistonaddict.com\/lt\/product\/alpine-a110\/#primaryimage\"},\"thumbnailUrl\":\"https:\/\/pistonaddict.com\/wp-content\/uploads\/2023\/12\/4517LTW_01.jpg\",\"datePublished\":\"2023-12-13T13:41:14+00:00\",\"dateModified\":\"2024-03-20T08:42:42+00:00\",\"breadcrumb\":{\"@id\":\"https:\/\/pistonaddict.com\/lt\/product\/alpine-a110\/#breadcrumb\"},\"inLanguage\":\"lt-LT\",\"potentialAction\":[{\"@type\":\"ReadAction\",\"target\":[\"https:\/\/pistonaddict.com\/lt\/product\/alpine-a110\/\"]}]},{\"@type\":\"ImageObject\",\"inLanguage\":\"lt-LT\",\"@id\":\"https:\/\/pistonaddict.com\/lt\/product\/alpine-a110\/#primaryimage\",\"url\":\"https:\/\/pistonaddict.com\/wp-content\/uploads\/2023\/12\/4517LTW_01.jpg\",\"contentUrl\":\"https:\/\/pistonaddict.com\/wp-content\/uploads\/2023\/12\/4517LTW_01.jpg\",\"width\":1440,\"height\":1080},{\"@type\":\"BreadcrumbList\",\"@id\":\"https:\/\/pistonaddict.com\/lt\/product\/alpine-a110\/#breadcrumb\",\"itemListElement\":[{\"@type\":\"ListItem\",\"position\":1,\"name\":\"Pagrindinis puslapis\",\"item\":\"https:\/\/pistonaddict.com\/lt\/pradzia\/\"},{\"@type\":\"ListItem\",\"position\":2,\"name\":\"Auctions\",\"item\":\"https:\/\/pistonaddict.com\/auctions-listing\/\"},{\"@type\":\"ListItem\",\"position\":3,\"name\":\"&#8220;Alpine A110\"}]},{\"@type\":\"WebSite\",\"@id\":\"https:\/\/pistonaddict.com\/lt\/#website\",\"url\":\"https:\/\/pistonaddict.com\/lt\/\",\"name\":\"Piston Addict\",\"description\":\"Only interesting vehicles\",\"publisher\":{\"@id\":\"https:\/\/pistonaddict.com\/lt\/#organization\"},\"potentialAction\":[{\"@type\":\"SearchAction\",\"target\":{\"@type\":\"EntryPoint\",\"urlTemplate\":\"https:\/\/pistonaddict.com\/lt\/?s={search_term_string}\"},\"query-input\":\"required name=search_term_string\"}],\"inLanguage\":\"lt-LT\"},{\"@type\":\"Organization\",\"@id\":\"https:\/\/pistonaddict.com\/lt\/#organization\",\"name\":\"Piston Addict\",\"url\":\"https:\/\/pistonaddict.com\/lt\/\",\"logo\":{\"@type\":\"ImageObject\",\"inLanguage\":\"lt-LT\",\"@id\":\"https:\/\/pistonaddict.com\/lt\/#\/schema\/logo\/image\/\",\"url\":\"https:\/\/pistonaddict.com\/wp-content\/uploads\/2022\/07\/logo-6.png\",\"contentUrl\":\"https:\/\/pistonaddict.com\/wp-content\/uploads\/2022\/07\/logo-6.png\",\"width\":970,\"height\":200,\"caption\":\"Piston Addict\"},\"image\":{\"@id\":\"https:\/\/pistonaddict.com\/lt\/#\/schema\/logo\/image\/\"}}]}<\/script>\n<!-- \/ Yoast SEO plugin. -->","yoast_head_json":{"title":"\"Alpine A110 aukcionas - Piston Addict","robots":{"index":"index","follow":"follow","max-snippet":"max-snippet:-1","max-image-preview":"max-image-preview:large","max-video-preview":"max-video-preview:-1"},"canonical":"https:\/\/pistonaddict.com\/lt\/product\/alpine-a110\/","og_locale":"lt_LT","og_type":"article","og_title":"\"Alpine A110 aukcionas - Piston Addict","og_description":"Kar\u0161\u010diausias pastar\u0173j\u0173 keleri\u0173 met\u0173 sportinis automobilis n\u0117ra \"Ferrari\", \"Lamborghini\" ar \"McLaren\". Tai - \"Alpine A110\" su pagal u\u017esakym\u0105 pagamintu itin lengvu k\u0117bulu, ver\u017eliu keturi\u0173 cilindr\u0173 turbokompresoriumi ir gyvybingomis eksploatacin\u0117mis savyb\u0117mis. \u0160is dvivietis automobilis primin\u0117 sportini\u0173 automobili\u0173 gerb\u0117jams, k\u0105 rei\u0161kia vairuoti, ir pergalingai sugr\u0105\u017eino legendin\u012f prek\u0117s \u017eenkl\u0105 \u012f rink\u0105. \u0160iandien su pasidid\u017eiavimu pristatome vien\u0105 geriausi\u0173 \u0161io itin \u012ftakingo sportinio automobilio pavyzd\u017ei\u0173.","og_url":"https:\/\/pistonaddict.com\/lt\/product\/alpine-a110\/","og_site_name":"Piston Addict","article_modified_time":"2024-03-20T08:42:42+00:00","og_image":[{"width":1440,"height":1080,"url":"https:\/\/pistonaddict.com\/wp-content\/uploads\/2023\/12\/4517LTW_01.jpg","type":"image\/jpeg"}],"twitter_card":"summary_large_image","twitter_misc":{"Est. reading time":"3 minut\u0117s"},"schema":{"@context":"https:\/\/schema.org","@graph":[{"@type":"WebPage","@id":"https:\/\/pistonaddict.com\/lt\/product\/alpine-a110\/","url":"https:\/\/pistonaddict.com\/lt\/product\/alpine-a110\/","name":"\"Alpine A110 aukcionas - Piston Addict","isPartOf":{"@id":"https:\/\/pistonaddict.com\/lt\/#website"},"primaryImageOfPage":{"@id":"https:\/\/pistonaddict.com\/lt\/product\/alpine-a110\/#primaryimage"},"image":{"@id":"https:\/\/pistonaddict.com\/lt\/product\/alpine-a110\/#primaryimage"},"thumbnailUrl":"https:\/\/pistonaddict.com\/wp-content\/uploads\/2023\/12\/4517LTW_01.jpg","datePublished":"2023-12-13T13:41:14+00:00","dateModified":"2024-03-20T08:42:42+00:00","breadcrumb":{"@id":"https:\/\/pistonaddict.com\/lt\/product\/alpine-a110\/#breadcrumb"},"inLanguage":"lt-LT","potentialAction":[{"@type":"ReadAction","target":["https:\/\/pistonaddict.com\/lt\/product\/alpine-a110\/"]}]},{"@type":"ImageObject","inLanguage":"lt-LT","@id":"https:\/\/pistonaddict.com\/lt\/product\/alpine-a110\/#primaryimage","url":"https:\/\/pistonaddict.com\/wp-content\/uploads\/2023\/12\/4517LTW_01.jpg","contentUrl":"https:\/\/pistonaddict.com\/wp-content\/uploads\/2023\/12\/4517LTW_01.jpg","width":1440,"height":1080},{"@type":"BreadcrumbList","@id":"https:\/\/pistonaddict.com\/lt\/product\/alpine-a110\/#breadcrumb","itemListElement":[{"@type":"ListItem","position":1,"name":"Pagrindinis puslapis","item":"https:\/\/pistonaddict.com\/lt\/pradzia\/"},{"@type":"ListItem","position":2,"name":"Auctions","item":"https:\/\/pistonaddict.com\/auctions-listing\/"},{"@type":"ListItem","position":3,"name":"&#8220;Alpine A110"}]},{"@type":"WebSite","@id":"https:\/\/pistonaddict.com\/lt\/#website","url":"https:\/\/pistonaddict.com\/lt\/","name":"Piston Addict","description":"Only interesting vehicles","publisher":{"@id":"https:\/\/pistonaddict.com\/lt\/#organization"},"potentialAction":[{"@type":"SearchAction","target":{"@type":"EntryPoint","urlTemplate":"https:\/\/pistonaddict.com\/lt\/?s={search_term_string}"},"query-input":"required name=search_term_string"}],"inLanguage":"lt-LT"},{"@type":"Organization","@id":"https:\/\/pistonaddict.com\/lt\/#organization","name":"Piston Addict","url":"https:\/\/pistonaddict.com\/lt\/","logo":{"@type":"ImageObject","inLanguage":"lt-LT","@id":"https:\/\/pistonaddict.com\/lt\/#\/schema\/logo\/image\/","url":"https:\/\/pistonaddict.com\/wp-content\/uploads\/2022\/07\/logo-6.png","contentUrl":"https:\/\/pistonaddict.com\/wp-content\/uploads\/2022\/07\/logo-6.png","width":970,"height":200,"caption":"Piston Addict"},"image":{"@id":"https:\/\/pistonaddict.com\/lt\/#\/schema\/logo\/image\/"}}]}},"_links":{"self":[{"href":"https:\/\/pistonaddict.com\/lt\/wp-json\/wp\/v2\/product\/79051"}],"collection":[{"href":"https:\/\/pistonaddict.com\/lt\/wp-json\/wp\/v2\/product"}],"about":[{"href":"https:\/\/pistonaddict.com\/lt\/wp-json\/wp\/v2\/types\/product"}],"replies":[{"embeddable":true,"href":"https:\/\/pistonaddict.com\/lt\/wp-json\/wp\/v2\/comments?post=79051"}],"wp:featuredmedia":[{"embeddable":true,"href":"https:\/\/pistonaddict.com\/lt\/wp-json\/wp\/v2\/media\/78360"}],"wp:attachment":[{"href":"https:\/\/pistonaddict.com\/lt\/wp-json\/wp\/v2\/media?parent=79051"}],"wp:term":[{"taxonomy":"product_cat","embeddable":true,"href":"https:\/\/pistonaddict.com\/lt\/wp-json\/wp\/v2\/product_cat?post=79051"},{"taxonomy":"product_tag","embeddable":true,"href":"https:\/\/pistonaddict.com\/lt\/wp-json\/wp\/v2\/product_tag?post=79051"}],"curies":[{"name":"wp","href":"https:\/\/api.w.org\/{rel}","templated":true}]}}