{"id":78329,"date":"2023-12-13T10:17:52","date_gmt":"2023-12-13T09:17:52","guid":{"rendered":"https:\/\/pistonaddict.com\/product\/fisker-karma-signature-edition\/"},"modified":"2024-03-20T09:42:32","modified_gmt":"2024-03-20T08:42:32","slug":"fisker-karma-signature-edition","status":"publish","type":"product","link":"https:\/\/pistonaddict.com\/lt\/product\/fisker-karma-signature-edition\/","title":{"rendered":"&#8220;Fisker Karma Signature Edition"},"content":{"rendered":"<p><strong>Automobilio istorija<\/strong><\/p>\n<p>Iki 2011 m., kai rinkoje pasirod\u0117 &#8220;Karma&#8221;, hibridiniai automobiliai buvo gana nuobod\u016bs ir ne\u012fdom\u016bs. Ta\u010diau tada &#8220;Fisker&#8221; pristat\u0117 &#8220;Karma&#8221;, pasi\u017eymin\u010di\u0105 ak\u012f traukian\u010diu dizainu, \u017eemu siluetu, raumeninga laikysena ir unikaliomis formomis. Tai buvo ir teb\u0117ra ka\u017ekas nepaprasto. Po viliojan\u010diu k\u0117bulu slypi daugyb\u0117 naujovi\u0161k\u0173 technologij\u0173. Pagrindinis variklis &#8211; 2,0 litro darbo t\u016brio GM variklis su turbokompresoriumi, i\u0161vystantis 260 AG, ir du elektros varikliai ant galin\u0117s a\u0161ies. 20,1 kWh akumuliatori\u0173 paketas maitina 120 kW (403 AG) galios elektros variklius.<\/p>\n<p>\u012edomu tai, kad akumuliatoriai yra automobilio centre, tod\u0117l &#8220;Karma&#8221; svorio centras yra \u017eemai ir puikiai laikosi kelyje. Veikimo principas taip pat unikalus. Automobilis su automatine pavar\u0173 d\u0117\u017ee vien elektra gal\u0117jo nuva\u017eiuoti apie 80 km. Ta\u010diau kai akumuliatoriai i\u0161sikrauna, vairuotojas \u012fjungia benzinin\u012f varikl\u012f, kuris maitina elektros variklius maitinant\u012f generatori\u0173. Taigi &#8220;Karma&#8221; yra benzininis-elektrinis hibridinis automobilis, kuriame daugiausia d\u0117mesio skiriama elektrinei daliai. \u0160is modelis buvo pristatytas &#8220;Fisker&#8221; \u0161eimos nariui ir vienam i\u0161 pirm\u0173j\u0173 investuotoj\u0173, tod\u0117l jis yra i\u0161skirtin\u0117 \u012fmon\u0117s istorijos dalis.<\/p>\n<p><strong>Interjeras<\/strong><\/p>\n<p>\u0160io konkretaus pavyzd\u017eio salone derinama juoda ir rausva oda, tod\u0117l jis \u017eavus. Ant s\u0117dyni\u0173 n\u0117ra \u012fbr\u0117\u017eim\u0173, viskas veikia. Jame papildomai \u012frengta informacin\u0117 ir pramog\u0173 sistema su ekranu prietais\u0173 skydelyje.<\/p>\n<p><strong>B\u016bkl\u0117<\/strong><\/p>\n<p>80 000 km, visa serviso istorija, tik vienas savininkas, \u0161i &#8220;Karma&#8221; yra idealios b\u016bkl\u0117s. N\u0117ra joki\u0173 nelaiming\u0173 atsitikim\u0173 ar pa\u017eeidim\u0173, o interjeras yra naujos b\u016bkl\u0117s. \u012edomu tai, kad &#8220;Karma&#8221; turi saul\u0117s baterij\u0173 stog\u0105, kuris saul\u0117s energij\u0105 paver\u010dia elektra ir prireikus i\u0161jungia akumuliatori\u0173. \u0160iame pavyzdyje saul\u0117s stogas yra ir puikiai veikia. <strong>\u0160is pavyzdys yra Nr. 61 i\u0161 100 pagamint\u0173 su &#8220;Signature Edition&#8221; paketu<\/strong>, o tai labai svarbu, nes jo istorij\u0105 galima steb\u0117ti &#8220;Fisker&#8221; bendruomen\u0117je. Kadangi \u0161is pavyzdys yra istorin\u0117s reik\u0161m\u0117s, j\u012f pri\u017ei\u016br\u0117jo vienas geriausi\u0173 &#8220;Fisker&#8221; specialist\u0173 pasaulyje, o jo technin\u0117s prie\u017ei\u016bros \u012fra\u0161ai yra reguliariai pateikiami. Paskutin\u012f kart\u0105 technin\u0117 prie\u017ei\u016bra ir tepal\u0173 keitimas atliktas 2023 m. spal\u012f, o stabd\u017eiai buvo remontuojami vos prie\u0161 kelias dienas, 2023 m. gruod\u012f.<\/p>\n<p><strong>I\u0161or\u0117 ir ratai<\/strong><\/p>\n<p>Unikal\u016bs sidabro spalvos da\u017eai puikiai dera prie dviej\u0173 atspalvi\u0173 interjero be \u012fbr\u0117\u017eim\u0173 ir \u012flenkim\u0173. Automobilis bus pristatytas su puikios b\u016bkl\u0117s 21 colio \u017eiemin\u0117mis padangomis. 22 coli\u0173 ratlankiai su vasarin\u0117mis padangomis kainuoja papildomai. Padangos pagamintos 2023 m.<\/p>\n<p><strong>Dokumentacija<\/strong><\/p>\n<p>Privatus pardav\u0117jas parduoda \u0161i\u0105 transporto priemon\u0119 su atitinkamais Vokietijoje esan\u010diais dokumentais. &#8221; <a href=\"https:\/\/pistonaddict.com\/wp-content\/uploads\/2023\/12\/FiskerKarma.pdf\">CarVertical&#8221;<\/a> ataskaita yra \u0161vari; n\u0117ra joki\u0173 \u012frodym\u0173 apie avarijas, remonto darbus, nuosavyb\u0117s teises ar teisines problemas. Yra nuolatin\u0117s technin\u0117s prie\u017ei\u016bros dokumentai, pardavimo s\u0105skaitos ir kvitai. \u0160iam modeliui gamyklin\u0117 garantija netaikoma.<\/p>\n<p><strong><br \/>\nPer\u017ei\u016br\u0117kite \u0161io gra\u017eaus &#8220;Fisker Karma silver Signature&#8221; \u0161altojo starto vaizdo \u012fra\u0161\u0105:<\/strong><\/p>\n<p><iframe title=\"Cold Start Video of the Fisker Karma Signature for auction sale\" width=\"1200\" height=\"675\" src=\"https:\/\/www.youtube.com\/embed\/sOmYYpDT2U8?feature=oembed\" frameborder=\"0\" allow=\"accelerometer; autoplay; clipboard-write; encrypted-media; gyroscope; picture-in-picture; web-share\" allowfullscreen><\/iframe><\/p>\n","protected":false},"excerpt":{"rendered":"<p>&#8220;Fisker Karma&#8221; yra ne tik revoliucinis hibridinis automobilis, bet ir vienas stilingiausi\u0173 XXI a. automobili\u0173. Pagaminta vos 3000 vienet\u0173, tod\u0117l \u0161is modelis yra retas, ta\u010diau \u0161is &#8211; dar retesnis. \u0160iandien si\u016blomas sidabrinis 2012 m. &#8220;Karma&#8221; yra 1 i\u0161 100 &#8220;Signature Edition&#8221; modeli\u0173, kur\u012f net asmeni\u0161kai pasira\u0161\u0117 bendrov\u0117s savininkas Henrikas Fiskeris. Jei ie\u0161kote kolekcionieriaus svajon\u0117s, tai b\u016btent ji.<\/p>\n","protected":false},"featured_media":77668,"comment_status":"open","ping_status":"closed","template":"","meta":{"inline_featured_image":false},"product_cat":[703],"product_tag":[1809,2789,2792,902,1810],"acf":[],"yoast_head":"<!-- This site is optimized with the Yoast SEO plugin v22.5 - https:\/\/yoast.com\/wordpress\/plugins\/seo\/ -->\n<title>&quot;Fisker Karma Signature Edition aukcionas - Piston Addict<\/title>\n<meta name=\"robots\" content=\"index, follow, max-snippet:-1, max-image-preview:large, max-video-preview:-1\" \/>\n<link rel=\"canonical\" href=\"https:\/\/pistonaddict.com\/lt\/product\/fisker-karma-signature-edition\/\" \/>\n<meta property=\"og:locale\" content=\"lt_LT\" \/>\n<meta property=\"og:type\" content=\"article\" \/>\n<meta property=\"og:title\" content=\"&quot;Fisker Karma Signature Edition aukcionas - Piston Addict\" \/>\n<meta property=\"og:description\" content=\"&quot;Fisker Karma&quot; yra ne tik revoliucinis hibridinis automobilis, bet ir vienas stilingiausi\u0173 XXI a. automobili\u0173. Pagaminta vos 3000 vienet\u0173, tod\u0117l \u0161is modelis yra retas, ta\u010diau \u0161is - dar retesnis. \u0160iandien si\u016blomas sidabrinis 2012 m. &quot;Karma&quot; yra 1 i\u0161 100 &quot;Signature Edition&quot; modeli\u0173, kur\u012f net asmeni\u0161kai pasira\u0161\u0117 bendrov\u0117s savininkas Henrikas Fiskeris. Jei ie\u0161kote kolekcionieriaus svajon\u0117s, tai b\u016btent ji.\" \/>\n<meta property=\"og:url\" content=\"https:\/\/pistonaddict.com\/lt\/product\/fisker-karma-signature-edition\/\" \/>\n<meta property=\"og:site_name\" content=\"Piston Addict\" \/>\n<meta property=\"article:modified_time\" content=\"2024-03-20T08:42:32+00:00\" \/>\n<meta property=\"og:image\" content=\"https:\/\/pistonaddict.com\/wp-content\/uploads\/2023\/12\/20210129_085341.jpg\" \/>\n\t<meta property=\"og:image:width\" content=\"1762\" \/>\n\t<meta property=\"og:image:height\" content=\"752\" \/>\n\t<meta property=\"og:image:type\" content=\"image\/jpeg\" \/>\n<meta name=\"twitter:card\" content=\"summary_large_image\" \/>\n<meta name=\"twitter:label1\" content=\"Est. reading time\" \/>\n\t<meta name=\"twitter:data1\" content=\"2 minut\u0117s\" \/>\n<script type=\"application\/ld+json\" class=\"yoast-schema-graph\">{\"@context\":\"https:\/\/schema.org\",\"@graph\":[{\"@type\":\"WebPage\",\"@id\":\"https:\/\/pistonaddict.com\/lt\/product\/fisker-karma-signature-edition\/\",\"url\":\"https:\/\/pistonaddict.com\/lt\/product\/fisker-karma-signature-edition\/\",\"name\":\"\\\"Fisker Karma Signature Edition aukcionas - Piston Addict\",\"isPartOf\":{\"@id\":\"https:\/\/pistonaddict.com\/lt\/#website\"},\"primaryImageOfPage\":{\"@id\":\"https:\/\/pistonaddict.com\/lt\/product\/fisker-karma-signature-edition\/#primaryimage\"},\"image\":{\"@id\":\"https:\/\/pistonaddict.com\/lt\/product\/fisker-karma-signature-edition\/#primaryimage\"},\"thumbnailUrl\":\"https:\/\/pistonaddict.com\/wp-content\/uploads\/2023\/12\/20210129_085341.jpg\",\"datePublished\":\"2023-12-13T09:17:52+00:00\",\"dateModified\":\"2024-03-20T08:42:32+00:00\",\"breadcrumb\":{\"@id\":\"https:\/\/pistonaddict.com\/lt\/product\/fisker-karma-signature-edition\/#breadcrumb\"},\"inLanguage\":\"lt-LT\",\"potentialAction\":[{\"@type\":\"ReadAction\",\"target\":[\"https:\/\/pistonaddict.com\/lt\/product\/fisker-karma-signature-edition\/\"]}]},{\"@type\":\"ImageObject\",\"inLanguage\":\"lt-LT\",\"@id\":\"https:\/\/pistonaddict.com\/lt\/product\/fisker-karma-signature-edition\/#primaryimage\",\"url\":\"https:\/\/pistonaddict.com\/wp-content\/uploads\/2023\/12\/20210129_085341.jpg\",\"contentUrl\":\"https:\/\/pistonaddict.com\/wp-content\/uploads\/2023\/12\/20210129_085341.jpg\",\"width\":1762,\"height\":752},{\"@type\":\"BreadcrumbList\",\"@id\":\"https:\/\/pistonaddict.com\/lt\/product\/fisker-karma-signature-edition\/#breadcrumb\",\"itemListElement\":[{\"@type\":\"ListItem\",\"position\":1,\"name\":\"Pagrindinis puslapis\",\"item\":\"https:\/\/pistonaddict.com\/lt\/pradzia\/\"},{\"@type\":\"ListItem\",\"position\":2,\"name\":\"Auctions\",\"item\":\"https:\/\/pistonaddict.com\/auctions-listing\/\"},{\"@type\":\"ListItem\",\"position\":3,\"name\":\"&#8220;Fisker Karma Signature Edition\"}]},{\"@type\":\"WebSite\",\"@id\":\"https:\/\/pistonaddict.com\/lt\/#website\",\"url\":\"https:\/\/pistonaddict.com\/lt\/\",\"name\":\"Piston Addict\",\"description\":\"Only interesting vehicles\",\"publisher\":{\"@id\":\"https:\/\/pistonaddict.com\/lt\/#organization\"},\"potentialAction\":[{\"@type\":\"SearchAction\",\"target\":{\"@type\":\"EntryPoint\",\"urlTemplate\":\"https:\/\/pistonaddict.com\/lt\/?s={search_term_string}\"},\"query-input\":\"required name=search_term_string\"}],\"inLanguage\":\"lt-LT\"},{\"@type\":\"Organization\",\"@id\":\"https:\/\/pistonaddict.com\/lt\/#organization\",\"name\":\"Piston Addict\",\"url\":\"https:\/\/pistonaddict.com\/lt\/\",\"logo\":{\"@type\":\"ImageObject\",\"inLanguage\":\"lt-LT\",\"@id\":\"https:\/\/pistonaddict.com\/lt\/#\/schema\/logo\/image\/\",\"url\":\"https:\/\/pistonaddict.com\/wp-content\/uploads\/2022\/07\/logo-6.png\",\"contentUrl\":\"https:\/\/pistonaddict.com\/wp-content\/uploads\/2022\/07\/logo-6.png\",\"width\":970,\"height\":200,\"caption\":\"Piston Addict\"},\"image\":{\"@id\":\"https:\/\/pistonaddict.com\/lt\/#\/schema\/logo\/image\/\"}}]}<\/script>\n<!-- \/ Yoast SEO plugin. -->","yoast_head_json":{"title":"\"Fisker Karma Signature Edition aukcionas - Piston Addict","robots":{"index":"index","follow":"follow","max-snippet":"max-snippet:-1","max-image-preview":"max-image-preview:large","max-video-preview":"max-video-preview:-1"},"canonical":"https:\/\/pistonaddict.com\/lt\/product\/fisker-karma-signature-edition\/","og_locale":"lt_LT","og_type":"article","og_title":"\"Fisker Karma Signature Edition aukcionas - Piston Addict","og_description":"\"Fisker Karma\" yra ne tik revoliucinis hibridinis automobilis, bet ir vienas stilingiausi\u0173 XXI a. automobili\u0173. Pagaminta vos 3000 vienet\u0173, tod\u0117l \u0161is modelis yra retas, ta\u010diau \u0161is - dar retesnis. \u0160iandien si\u016blomas sidabrinis 2012 m. \"Karma\" yra 1 i\u0161 100 \"Signature Edition\" modeli\u0173, kur\u012f net asmeni\u0161kai pasira\u0161\u0117 bendrov\u0117s savininkas Henrikas Fiskeris. Jei ie\u0161kote kolekcionieriaus svajon\u0117s, tai b\u016btent ji.","og_url":"https:\/\/pistonaddict.com\/lt\/product\/fisker-karma-signature-edition\/","og_site_name":"Piston Addict","article_modified_time":"2024-03-20T08:42:32+00:00","og_image":[{"width":1762,"height":752,"url":"https:\/\/pistonaddict.com\/wp-content\/uploads\/2023\/12\/20210129_085341.jpg","type":"image\/jpeg"}],"twitter_card":"summary_large_image","twitter_misc":{"Est. reading time":"2 minut\u0117s"},"schema":{"@context":"https:\/\/schema.org","@graph":[{"@type":"WebPage","@id":"https:\/\/pistonaddict.com\/lt\/product\/fisker-karma-signature-edition\/","url":"https:\/\/pistonaddict.com\/lt\/product\/fisker-karma-signature-edition\/","name":"\"Fisker Karma Signature Edition aukcionas - Piston Addict","isPartOf":{"@id":"https:\/\/pistonaddict.com\/lt\/#website"},"primaryImageOfPage":{"@id":"https:\/\/pistonaddict.com\/lt\/product\/fisker-karma-signature-edition\/#primaryimage"},"image":{"@id":"https:\/\/pistonaddict.com\/lt\/product\/fisker-karma-signature-edition\/#primaryimage"},"thumbnailUrl":"https:\/\/pistonaddict.com\/wp-content\/uploads\/2023\/12\/20210129_085341.jpg","datePublished":"2023-12-13T09:17:52+00:00","dateModified":"2024-03-20T08:42:32+00:00","breadcrumb":{"@id":"https:\/\/pistonaddict.com\/lt\/product\/fisker-karma-signature-edition\/#breadcrumb"},"inLanguage":"lt-LT","potentialAction":[{"@type":"ReadAction","target":["https:\/\/pistonaddict.com\/lt\/product\/fisker-karma-signature-edition\/"]}]},{"@type":"ImageObject","inLanguage":"lt-LT","@id":"https:\/\/pistonaddict.com\/lt\/product\/fisker-karma-signature-edition\/#primaryimage","url":"https:\/\/pistonaddict.com\/wp-content\/uploads\/2023\/12\/20210129_085341.jpg","contentUrl":"https:\/\/pistonaddict.com\/wp-content\/uploads\/2023\/12\/20210129_085341.jpg","width":1762,"height":752},{"@type":"BreadcrumbList","@id":"https:\/\/pistonaddict.com\/lt\/product\/fisker-karma-signature-edition\/#breadcrumb","itemListElement":[{"@type":"ListItem","position":1,"name":"Pagrindinis puslapis","item":"https:\/\/pistonaddict.com\/lt\/pradzia\/"},{"@type":"ListItem","position":2,"name":"Auctions","item":"https:\/\/pistonaddict.com\/auctions-listing\/"},{"@type":"ListItem","position":3,"name":"&#8220;Fisker Karma Signature Edition"}]},{"@type":"WebSite","@id":"https:\/\/pistonaddict.com\/lt\/#website","url":"https:\/\/pistonaddict.com\/lt\/","name":"Piston Addict","description":"Only interesting vehicles","publisher":{"@id":"https:\/\/pistonaddict.com\/lt\/#organization"},"potentialAction":[{"@type":"SearchAction","target":{"@type":"EntryPoint","urlTemplate":"https:\/\/pistonaddict.com\/lt\/?s={search_term_string}"},"query-input":"required name=search_term_string"}],"inLanguage":"lt-LT"},{"@type":"Organization","@id":"https:\/\/pistonaddict.com\/lt\/#organization","name":"Piston Addict","url":"https:\/\/pistonaddict.com\/lt\/","logo":{"@type":"ImageObject","inLanguage":"lt-LT","@id":"https:\/\/pistonaddict.com\/lt\/#\/schema\/logo\/image\/","url":"https:\/\/pistonaddict.com\/wp-content\/uploads\/2022\/07\/logo-6.png","contentUrl":"https:\/\/pistonaddict.com\/wp-content\/uploads\/2022\/07\/logo-6.png","width":970,"height":200,"caption":"Piston Addict"},"image":{"@id":"https:\/\/pistonaddict.com\/lt\/#\/schema\/logo\/image\/"}}]}},"_links":{"self":[{"href":"https:\/\/pistonaddict.com\/lt\/wp-json\/wp\/v2\/product\/78329"}],"collection":[{"href":"https:\/\/pistonaddict.com\/lt\/wp-json\/wp\/v2\/product"}],"about":[{"href":"https:\/\/pistonaddict.com\/lt\/wp-json\/wp\/v2\/types\/product"}],"replies":[{"embeddable":true,"href":"https:\/\/pistonaddict.com\/lt\/wp-json\/wp\/v2\/comments?post=78329"}],"wp:featuredmedia":[{"embeddable":true,"href":"https:\/\/pistonaddict.com\/lt\/wp-json\/wp\/v2\/media\/77668"}],"wp:attachment":[{"href":"https:\/\/pistonaddict.com\/lt\/wp-json\/wp\/v2\/media?parent=78329"}],"wp:term":[{"taxonomy":"product_cat","embeddable":true,"href":"https:\/\/pistonaddict.com\/lt\/wp-json\/wp\/v2\/product_cat?post=78329"},{"taxonomy":"product_tag","embeddable":true,"href":"https:\/\/pistonaddict.com\/lt\/wp-json\/wp\/v2\/product_tag?post=78329"}],"curies":[{"name":"wp","href":"https:\/\/api.w.org\/{rel}","templated":true}]}}