{"id":77365,"date":"2023-12-11T15:55:41","date_gmt":"2023-12-11T14:55:41","guid":{"rendered":"https:\/\/pistonaddict.com\/product\/abarth-124-spider\/"},"modified":"2024-03-20T09:41:40","modified_gmt":"2024-03-20T08:41:40","slug":"abarth-124-spider","status":"publish","type":"product","link":"https:\/\/pistonaddict.com\/lt\/product\/abarth-124-spider\/","title":{"rendered":"Abarth 124 Spider"},"content":{"rendered":"<h2>I\u0161or\u0117<\/h2>\n<p>I\u0161 i\u0161or\u0117s i\u0161 pirmo \u017evilgsnio akivaizdu, kad tai daugiau nei \u012fprastas, nestandartinis 124 Spider. \u0160is juodai da\u017eytas rodsteris turi agresyvesnius bamperius, ksenoninius priekinius \u017eibintus ir dvipus\u012f i\u0161metimo vamzd\u012f su dviem chromuotais antgaliais i\u0161 abiej\u0173 pusi\u0173. Visos \u0161ios detal\u0117s suteikia automobiliui gr\u0117sming\u0105 i\u0161vaizd\u0105 kelyje, kuri neabejotinai skiria j\u012f nuo \u0161velnaus pusbrolio. Jei to nepakanka, \u0161one esantis &#8220;Abarth&#8221; 70-met\u012f \u0161ven\u010diantis \u017eenkliukas neabejotinai pabr\u0117\u017eia \u0161io modelio i\u0161skirtinum\u0105.<\/p>\n<p>\u0160is &#8220;Abarth 124 Spider&#8221; montuojamas ant 17 coli\u0173 ratlanki\u0173 su &#8220;Bridgestone&#8221; padangomis, kuri\u0173 geriausias laikas jau gali b\u016bti pasibaig\u0119s. I\u0161 rat\u0173 taip pat gerai matyti did\u017eiuliai raudoni &#8220;Brembo&#8221; stabd\u017ei\u0173 suportai, \u017eadantys puiki\u0105 stabdymo gali\u0105.<\/p>\n<h2>Interjeras<\/h2>\n<p>Kaip ir i\u0161or\u0117je, taip ir interjere yra keletas ak\u012f traukian\u010di\u0173 detali\u0173, kurios ai\u0161kiai rodo automobilio kilm\u0119. Pirmiausia &#8211; pora patogi\u0173 s\u0117dyni\u0173, aptraukt\u0173 zom\u0161os oda, o j\u0173 atlo\u0161uose i\u0161siuvin\u0117tas did\u017eiulis raudonas &#8220;Abart&#8221; u\u017era\u0161as. Raudonos spalvos detal\u0117s taip pat pabr\u0117\u017eia vair\u0105 ir u\u017e jo esant\u012f prietais\u0173 skydel\u012f, kuriame dominuoja iki 8000 aps\/min. siekiantis apsuk\u0173 skaitiklis. Galiausiai, minimalistiniame prietais\u0173 skydelyje yra tik b\u016btiniausi elementai, pavyzd\u017eiui, oro kondicionieriaus valdikliai ir centre esantis ekranas, tod\u0117l akivaizdu, kad \u0161is automobilis vis\u0173 pirma skirtas vairuoti.<\/p>\n<h2>Mechanika<\/h2>\n<p>I\u0161 pirmo \u017evilgsnio 1,4 l variklis po variklio dang\u010diu gali pasirodyti ne toks \u012ftikinamas, kaip galima b\u016bt\u0173 tik\u0117tis. Ta\u010diau d\u0117l turbokompresoriaus ir patobulinto degal\u0173 valdymo, kuris padidina variklio gali\u0105 iki 170 arklio gali\u0173, \u0161is skland\u017eiai veikiantis 4 cilindr\u0173 agregatas yra gana galingas. Pavar\u0173 d\u0117\u017e\u0117 &#8211; \u012fprastin\u0117 \u0161e\u0161i\u0173 laipsni\u0173 mechanin\u0117 pavar\u0173 d\u0117\u017e\u0117 &#8211; dar viena detal\u0117, atskleid\u017eianti tikr\u0105j\u0105 &#8220;Spider&#8221; prigimt\u012f. Tokia transmisijos konfig\u016bracija, kartu su puikia pakaba ir paj\u0117giais stabd\u017eiais, paver\u010dia \u0161\u012f automobil\u012f tikru vairuotojo automobiliu, pritaikytu va\u017eiuoti bet kokiu vingiuotu keliu.<\/p>\n<h2>Transporto priemon\u0117s istorija<\/h2>\n<p>Pabaigoje &#8211; keletas \u017eod\u017ei\u0173 apie dabartin\u0119 \u0161io &#8220;Abarth Spider&#8221; b\u016bkl\u0119. Paskutin\u0117 reguliari technin\u0117 prie\u017ei\u016bra, \u012fskaitant alyvos keitim\u0105, buvo atlikta 2023 m. sausio m\u0117n. Visai neseniai, gruod\u017eio m\u0117n., buvo atliktas kapitalinis stabd\u017ei\u0173 remontas. Remiantis pateiktomis nuotraukomis ir atitinkamu vaizdo \u012fra\u0161u, automobilis atrodo nepriekai\u0161tingos b\u016bkl\u0117s, be joki\u0173 matom\u0173 pa\u017eeidim\u0173 ar nusid\u0117v\u0117jimo \u017eymi\u0173.<\/p>\n<p>Be to, pardav\u0117jas teigia, kad automobilis, kuris \u0161iuo metu yra Italijoje, nebuvo naudojamas trasose ir nebuvo patek\u0119s \u012f avarijas, o tai patvirtina atitinkama <a href=\"https:\/\/pistonaddict.com\/wp-content\/uploads\/2023\/12\/abarthspider.pdf\">CARFAX<\/a> automobilio istorijos ataskaita.<\/p>\n<p><strong><br \/>\nPer\u017ei\u016br\u0117kite \u0161io gra\u017eaus &#8220;Abarth 124 Spider&#8221; \u0161altojo starto vaizdo \u012fra\u0161\u0105:<\/strong><\/p>\n<p><iframe title=\"Cold Start Video of the Abarth 124 Spider for auction sale\" width=\"1200\" height=\"675\" src=\"https:\/\/www.youtube.com\/embed\/wZs51_ew1WU?feature=oembed\" frameborder=\"0\" allow=\"accelerometer; autoplay; clipboard-write; encrypted-media; gyroscope; picture-in-picture; web-share\" allowfullscreen><\/iframe><\/p>\n","protected":false},"excerpt":{"rendered":"<p>Jei norite puikiai atrodan\u010dio, smagiai vairuojamo ir lengvai eksploatuojamo automobilio, tur\u0117tum\u0117te apsvarstyti galimyb\u0119 \u012fsigyti rodster\u012f. Galima rinktis i\u0161 keleto palyginti nauj\u0173 modeli\u0173, vienas i\u0161 j\u0173 &#8211; &#8220;124 Spider&#8221;, kurio mechaniniai pagrindai yra bendri su bene garsiausiu dabartiniu roadsteriu &#8211; &#8220;Mazda MX5&#8221;. Tai unikalus itali\u0161ko stiliaus ir japoni\u0161kos tikslios technologijos derinys.<\/p>\n<p>O kai &#8220;Fiat&#8221; vidinis tiuneris visa tai pagardina, gaunamas ugningas &#8221; <strong>Abarth 124 Spider<\/strong>&#8220;, kurio vienas egzempliorius parduodamas aukcione \u010dia, m\u016bs\u0173 svetain\u0117je. \u0160is nepriekai\u0161tingas 2019 m. modelis nuva\u017eiavo vos kiek daugiau nei 23 000 km ir \u0161iuo metu ie\u0161ko naujo savininko. Be eleganti\u0161kos i\u0161vaizdos ir malonaus veikimo, jis slepia dar vien\u0105 kozir\u012f rankov\u0117je.<\/p>\n","protected":false},"featured_media":77146,"comment_status":"open","ping_status":"closed","template":"","meta":{"inline_featured_image":false},"product_cat":[703],"product_tag":[2737,2740,2731,1005],"acf":[],"yoast_head":"<!-- This site is optimized with the Yoast SEO plugin v22.5 - https:\/\/yoast.com\/wordpress\/plugins\/seo\/ -->\n<title>Abarth 124 Spider aukcionas - Piston Addict<\/title>\n<meta name=\"robots\" content=\"index, follow, max-snippet:-1, max-image-preview:large, max-video-preview:-1\" \/>\n<link rel=\"canonical\" href=\"https:\/\/pistonaddict.com\/lt\/product\/abarth-124-spider\/\" \/>\n<meta property=\"og:locale\" content=\"lt_LT\" \/>\n<meta property=\"og:type\" content=\"article\" \/>\n<meta property=\"og:title\" content=\"Abarth 124 Spider aukcionas - Piston Addict\" \/>\n<meta property=\"og:description\" content=\"Jei norite puikiai atrodan\u010dio, smagiai vairuojamo ir lengvai eksploatuojamo automobilio, tur\u0117tum\u0117te apsvarstyti galimyb\u0119 \u012fsigyti rodster\u012f. Galima rinktis i\u0161 keleto palyginti nauj\u0173 modeli\u0173, vienas i\u0161 j\u0173 - &quot;124 Spider&quot;, kurio mechaniniai pagrindai yra bendri su bene garsiausiu dabartiniu roadsteriu - &quot;Mazda MX5&quot;. Tai unikalus itali\u0161ko stiliaus ir japoni\u0161kos tikslios technologijos derinys. O kai &quot;Fiat&quot; vidinis tiuneris visa tai pagardina, gaunamas ugningas &quot; Abarth 124 Spider&quot;, kurio vienas egzempliorius parduodamas aukcione \u010dia, m\u016bs\u0173 svetain\u0117je. \u0160is nepriekai\u0161tingas 2019 m. modelis nuva\u017eiavo vos kiek daugiau nei 23 000 km ir \u0161iuo metu ie\u0161ko naujo savininko. Be eleganti\u0161kos i\u0161vaizdos ir malonaus veikimo, jis slepia dar vien\u0105 kozir\u012f rankov\u0117je.\" \/>\n<meta property=\"og:url\" content=\"https:\/\/pistonaddict.com\/lt\/product\/abarth-124-spider\/\" \/>\n<meta property=\"og:site_name\" content=\"Piston Addict\" \/>\n<meta property=\"article:modified_time\" content=\"2024-03-20T08:41:40+00:00\" \/>\n<meta property=\"og:image\" content=\"https:\/\/pistonaddict.com\/wp-content\/uploads\/2023\/12\/image00020-scaled.jpeg\" \/>\n\t<meta property=\"og:image:width\" content=\"2560\" \/>\n\t<meta property=\"og:image:height\" content=\"1920\" \/>\n\t<meta property=\"og:image:type\" content=\"image\/jpeg\" \/>\n<meta name=\"twitter:card\" content=\"summary_large_image\" \/>\n<meta name=\"twitter:label1\" content=\"Est. reading time\" \/>\n\t<meta name=\"twitter:data1\" content=\"2 minut\u0117s\" \/>\n<script type=\"application\/ld+json\" class=\"yoast-schema-graph\">{\"@context\":\"https:\/\/schema.org\",\"@graph\":[{\"@type\":\"WebPage\",\"@id\":\"https:\/\/pistonaddict.com\/lt\/product\/abarth-124-spider\/\",\"url\":\"https:\/\/pistonaddict.com\/lt\/product\/abarth-124-spider\/\",\"name\":\"Abarth 124 Spider aukcionas - Piston Addict\",\"isPartOf\":{\"@id\":\"https:\/\/pistonaddict.com\/lt\/#website\"},\"primaryImageOfPage\":{\"@id\":\"https:\/\/pistonaddict.com\/lt\/product\/abarth-124-spider\/#primaryimage\"},\"image\":{\"@id\":\"https:\/\/pistonaddict.com\/lt\/product\/abarth-124-spider\/#primaryimage\"},\"thumbnailUrl\":\"https:\/\/pistonaddict.com\/wp-content\/uploads\/2023\/12\/image00020-scaled.jpeg\",\"datePublished\":\"2023-12-11T14:55:41+00:00\",\"dateModified\":\"2024-03-20T08:41:40+00:00\",\"breadcrumb\":{\"@id\":\"https:\/\/pistonaddict.com\/lt\/product\/abarth-124-spider\/#breadcrumb\"},\"inLanguage\":\"lt-LT\",\"potentialAction\":[{\"@type\":\"ReadAction\",\"target\":[\"https:\/\/pistonaddict.com\/lt\/product\/abarth-124-spider\/\"]}]},{\"@type\":\"ImageObject\",\"inLanguage\":\"lt-LT\",\"@id\":\"https:\/\/pistonaddict.com\/lt\/product\/abarth-124-spider\/#primaryimage\",\"url\":\"https:\/\/pistonaddict.com\/wp-content\/uploads\/2023\/12\/image00020-scaled.jpeg\",\"contentUrl\":\"https:\/\/pistonaddict.com\/wp-content\/uploads\/2023\/12\/image00020-scaled.jpeg\",\"width\":2560,\"height\":1920},{\"@type\":\"BreadcrumbList\",\"@id\":\"https:\/\/pistonaddict.com\/lt\/product\/abarth-124-spider\/#breadcrumb\",\"itemListElement\":[{\"@type\":\"ListItem\",\"position\":1,\"name\":\"Pagrindinis puslapis\",\"item\":\"https:\/\/pistonaddict.com\/lt\/pradzia\/\"},{\"@type\":\"ListItem\",\"position\":2,\"name\":\"Auctions\",\"item\":\"https:\/\/pistonaddict.com\/auctions-listing\/\"},{\"@type\":\"ListItem\",\"position\":3,\"name\":\"Abarth 124 Spider\"}]},{\"@type\":\"WebSite\",\"@id\":\"https:\/\/pistonaddict.com\/lt\/#website\",\"url\":\"https:\/\/pistonaddict.com\/lt\/\",\"name\":\"Piston Addict\",\"description\":\"Only interesting vehicles\",\"publisher\":{\"@id\":\"https:\/\/pistonaddict.com\/lt\/#organization\"},\"potentialAction\":[{\"@type\":\"SearchAction\",\"target\":{\"@type\":\"EntryPoint\",\"urlTemplate\":\"https:\/\/pistonaddict.com\/lt\/?s={search_term_string}\"},\"query-input\":\"required name=search_term_string\"}],\"inLanguage\":\"lt-LT\"},{\"@type\":\"Organization\",\"@id\":\"https:\/\/pistonaddict.com\/lt\/#organization\",\"name\":\"Piston Addict\",\"url\":\"https:\/\/pistonaddict.com\/lt\/\",\"logo\":{\"@type\":\"ImageObject\",\"inLanguage\":\"lt-LT\",\"@id\":\"https:\/\/pistonaddict.com\/lt\/#\/schema\/logo\/image\/\",\"url\":\"https:\/\/pistonaddict.com\/wp-content\/uploads\/2022\/07\/logo-6.png\",\"contentUrl\":\"https:\/\/pistonaddict.com\/wp-content\/uploads\/2022\/07\/logo-6.png\",\"width\":970,\"height\":200,\"caption\":\"Piston Addict\"},\"image\":{\"@id\":\"https:\/\/pistonaddict.com\/lt\/#\/schema\/logo\/image\/\"}}]}<\/script>\n<!-- \/ Yoast SEO plugin. -->","yoast_head_json":{"title":"Abarth 124 Spider aukcionas - Piston Addict","robots":{"index":"index","follow":"follow","max-snippet":"max-snippet:-1","max-image-preview":"max-image-preview:large","max-video-preview":"max-video-preview:-1"},"canonical":"https:\/\/pistonaddict.com\/lt\/product\/abarth-124-spider\/","og_locale":"lt_LT","og_type":"article","og_title":"Abarth 124 Spider aukcionas - Piston Addict","og_description":"Jei norite puikiai atrodan\u010dio, smagiai vairuojamo ir lengvai eksploatuojamo automobilio, tur\u0117tum\u0117te apsvarstyti galimyb\u0119 \u012fsigyti rodster\u012f. Galima rinktis i\u0161 keleto palyginti nauj\u0173 modeli\u0173, vienas i\u0161 j\u0173 - \"124 Spider\", kurio mechaniniai pagrindai yra bendri su bene garsiausiu dabartiniu roadsteriu - \"Mazda MX5\". Tai unikalus itali\u0161ko stiliaus ir japoni\u0161kos tikslios technologijos derinys. O kai \"Fiat\" vidinis tiuneris visa tai pagardina, gaunamas ugningas \" Abarth 124 Spider\", kurio vienas egzempliorius parduodamas aukcione \u010dia, m\u016bs\u0173 svetain\u0117je. \u0160is nepriekai\u0161tingas 2019 m. modelis nuva\u017eiavo vos kiek daugiau nei 23 000 km ir \u0161iuo metu ie\u0161ko naujo savininko. Be eleganti\u0161kos i\u0161vaizdos ir malonaus veikimo, jis slepia dar vien\u0105 kozir\u012f rankov\u0117je.","og_url":"https:\/\/pistonaddict.com\/lt\/product\/abarth-124-spider\/","og_site_name":"Piston Addict","article_modified_time":"2024-03-20T08:41:40+00:00","og_image":[{"width":2560,"height":1920,"url":"https:\/\/pistonaddict.com\/wp-content\/uploads\/2023\/12\/image00020-scaled.jpeg","type":"image\/jpeg"}],"twitter_card":"summary_large_image","twitter_misc":{"Est. reading time":"2 minut\u0117s"},"schema":{"@context":"https:\/\/schema.org","@graph":[{"@type":"WebPage","@id":"https:\/\/pistonaddict.com\/lt\/product\/abarth-124-spider\/","url":"https:\/\/pistonaddict.com\/lt\/product\/abarth-124-spider\/","name":"Abarth 124 Spider aukcionas - Piston Addict","isPartOf":{"@id":"https:\/\/pistonaddict.com\/lt\/#website"},"primaryImageOfPage":{"@id":"https:\/\/pistonaddict.com\/lt\/product\/abarth-124-spider\/#primaryimage"},"image":{"@id":"https:\/\/pistonaddict.com\/lt\/product\/abarth-124-spider\/#primaryimage"},"thumbnailUrl":"https:\/\/pistonaddict.com\/wp-content\/uploads\/2023\/12\/image00020-scaled.jpeg","datePublished":"2023-12-11T14:55:41+00:00","dateModified":"2024-03-20T08:41:40+00:00","breadcrumb":{"@id":"https:\/\/pistonaddict.com\/lt\/product\/abarth-124-spider\/#breadcrumb"},"inLanguage":"lt-LT","potentialAction":[{"@type":"ReadAction","target":["https:\/\/pistonaddict.com\/lt\/product\/abarth-124-spider\/"]}]},{"@type":"ImageObject","inLanguage":"lt-LT","@id":"https:\/\/pistonaddict.com\/lt\/product\/abarth-124-spider\/#primaryimage","url":"https:\/\/pistonaddict.com\/wp-content\/uploads\/2023\/12\/image00020-scaled.jpeg","contentUrl":"https:\/\/pistonaddict.com\/wp-content\/uploads\/2023\/12\/image00020-scaled.jpeg","width":2560,"height":1920},{"@type":"BreadcrumbList","@id":"https:\/\/pistonaddict.com\/lt\/product\/abarth-124-spider\/#breadcrumb","itemListElement":[{"@type":"ListItem","position":1,"name":"Pagrindinis puslapis","item":"https:\/\/pistonaddict.com\/lt\/pradzia\/"},{"@type":"ListItem","position":2,"name":"Auctions","item":"https:\/\/pistonaddict.com\/auctions-listing\/"},{"@type":"ListItem","position":3,"name":"Abarth 124 Spider"}]},{"@type":"WebSite","@id":"https:\/\/pistonaddict.com\/lt\/#website","url":"https:\/\/pistonaddict.com\/lt\/","name":"Piston Addict","description":"Only interesting vehicles","publisher":{"@id":"https:\/\/pistonaddict.com\/lt\/#organization"},"potentialAction":[{"@type":"SearchAction","target":{"@type":"EntryPoint","urlTemplate":"https:\/\/pistonaddict.com\/lt\/?s={search_term_string}"},"query-input":"required name=search_term_string"}],"inLanguage":"lt-LT"},{"@type":"Organization","@id":"https:\/\/pistonaddict.com\/lt\/#organization","name":"Piston Addict","url":"https:\/\/pistonaddict.com\/lt\/","logo":{"@type":"ImageObject","inLanguage":"lt-LT","@id":"https:\/\/pistonaddict.com\/lt\/#\/schema\/logo\/image\/","url":"https:\/\/pistonaddict.com\/wp-content\/uploads\/2022\/07\/logo-6.png","contentUrl":"https:\/\/pistonaddict.com\/wp-content\/uploads\/2022\/07\/logo-6.png","width":970,"height":200,"caption":"Piston Addict"},"image":{"@id":"https:\/\/pistonaddict.com\/lt\/#\/schema\/logo\/image\/"}}]}},"_links":{"self":[{"href":"https:\/\/pistonaddict.com\/lt\/wp-json\/wp\/v2\/product\/77365"}],"collection":[{"href":"https:\/\/pistonaddict.com\/lt\/wp-json\/wp\/v2\/product"}],"about":[{"href":"https:\/\/pistonaddict.com\/lt\/wp-json\/wp\/v2\/types\/product"}],"replies":[{"embeddable":true,"href":"https:\/\/pistonaddict.com\/lt\/wp-json\/wp\/v2\/comments?post=77365"}],"wp:featuredmedia":[{"embeddable":true,"href":"https:\/\/pistonaddict.com\/lt\/wp-json\/wp\/v2\/media\/77146"}],"wp:attachment":[{"href":"https:\/\/pistonaddict.com\/lt\/wp-json\/wp\/v2\/media?parent=77365"}],"wp:term":[{"taxonomy":"product_cat","embeddable":true,"href":"https:\/\/pistonaddict.com\/lt\/wp-json\/wp\/v2\/product_cat?post=77365"},{"taxonomy":"product_tag","embeddable":true,"href":"https:\/\/pistonaddict.com\/lt\/wp-json\/wp\/v2\/product_tag?post=77365"}],"curies":[{"name":"wp","href":"https:\/\/api.w.org\/{rel}","templated":true}]}}