{"id":76283,"date":"2023-12-01T10:53:23","date_gmt":"2023-12-01T09:53:23","guid":{"rendered":"https:\/\/pistonaddict.com\/product\/ferrari-488-gtb\/"},"modified":"2023-12-20T11:45:24","modified_gmt":"2023-12-20T10:45:24","slug":"ferrari-488-gtb","status":"publish","type":"product","link":"https:\/\/pistonaddict.com\/lt\/product\/ferrari-488-gtb\/","title":{"rendered":"&#8220;Ferrari 488 GTB"},"content":{"rendered":"<p><strong>Automobilio istorija<\/strong><\/p>\n<p>2015 m. &#8220;Ferrari&#8221;, pakeitusi &#8220;458 Italia&#8221;, pristat\u0117 &#8220;488 GTB&#8221;, kuris buvo pirmasis nuo legendinio F40 laik\u0173 &#8220;Ferrari&#8221; su turbokompresoriumi ir V8 varikliu viduryje. Nors 488 GTB buvo ma\u017eesnio darbinio t\u016brio, nes tur\u0117jo tik 3,9 l V8 varikl\u012f, jo galia buvo 100 AG didesn\u0117 nei 458 Italia &#8211; stulbinanti 670 AG. Ta\u010diau dar \u012fdomesnis buvo sukimo momentas, kuris yra \u012fsp\u016bdingas &#8211; 760 Nm ir garantuoja \u017eaibi\u0161k\u0105 pagreit\u012f, greit\u0105 reakcij\u0105 \u012f akceleracij\u0105 ir ne\u012ftik\u0117tin\u0105 vairavimo dinamik\u0105. 100 km\/val. greit\u012f galima pasiekti vos per 3 sekundes, o maksimalus 330 km\/val. greitis skamba ne\u012ftik\u0117tinai. M\u016bs\u0173 si\u016blomas 488 GTB su nedidele rida, \u012fdomiomis parinktimis ir karboniniais stabd\u017eiais yra tikras vairuotojo specifikacijos modelis, pasireng\u0119s nustebinti jus galingumu, rafinuotumu ir naikintuvo vairavimo dinamika.<\/p>\n<p><strong>Interjeras<\/strong><\/p>\n<p>Kadangi \u0161is &#8220;Ferrari&#8221; buvo kruop\u0161\u010diai pri\u017ei\u016brimas, juodos odos ir &#8220;Alcantara&#8221; salonas yra labai geros b\u016bkl\u0117s, be joki\u0173 naudojimo p\u0117dsak\u0173. Pirminis \u0161io automobilio savininkas pasirinko tokias na\u0161umo parinktis kaip s\u0117dyn\u0117s su anglies atlo\u0161u, odos ir &#8220;Alcantara&#8221; deriniu, skaitmeninis ekranas ant vairo ir anglies interjero intarpai. Visi jie atrodo puikiai, be joki\u0173 \u012fbr\u0117\u017eim\u0173, ir suteikia \u0161iam automobiliui geresni\u0173 eksploatacini\u0173 savybi\u0173. Joki\u0173 pakeitim\u0173 n\u0117ra, viskas veikia, kaip ir tik\u0117tasi.<\/p>\n<p><strong>B\u016bkl\u0117<\/strong><\/p>\n<p>I\u0161 prad\u017ei\u0173 \u0161is &#8220;Ferrari 488 GTB&#8221; 2016 m. baland\u012f buvo pristatytas pirmajam savininkui Pranc\u016bzijoje, o 2022 m. j\u012f \u012fsigijo pardav\u0117jas. \u0160is superautomobilis yra nepriekai\u0161tingos b\u016bkl\u0117s, o jo kilometra\u017eas tesiekia 20 500 km. Su automobiliu niekada nebuvo lenktyniauta, jis nebuvo stebimas ir nebuvo patek\u0119s \u012f avarijas. Visada kruop\u0161\u010diai pri\u017ei\u016br\u0117tas, 2023 m. lapkri\u010dio pabaigoje buvo atliktas kapitalinis stabd\u017ei\u0173 remontas, o paskutin\u0117 i\u0161sami technin\u0117 prie\u017ei\u016bra atlikta t\u0173 pa\u010di\u0173 met\u0173 gegu\u017e\u0119. B\u016bsimieji savininkai d\u017eiaugsis \u017einodami, kad \u0161iam automobiliui taikoma i\u0161pl\u0117stin\u0117 &#8220;Ferrari&#8221; garantija (&#8220;Ferrari Power&#8221;), kuri gali b\u016bti perduodama. Technin\u0119 prie\u017ei\u016br\u0105 visada atlikdavo \u012fgaliotasis atstovas, ir ji yra patvirtinta dokumentais. Ta\u010diau vienas i\u0161 \u0161io automobilio privalum\u0173 yra ilgas pasirenkam\u0173 pried\u0173 s\u0105ra\u0161as. <strong>\u0160is 488 GTB turi ATF sistem\u0105, keraminius stabd\u017eius su da\u017eytais stabd\u017ei\u0173 suporteliais, anglies pluo\u0161to dur\u0173 skydelius ir s\u0117dynes, priekin\u012f ir galin\u012f PDC, pakabos pak\u0117l\u0117jus ir anglies intarpus<\/strong>. D\u0117l vis\u0173 \u0161i\u0173 prie\u017eas\u010di\u0173 tai yra unikalus automobilis, pasi\u017eymintis idealiomis vairuotojo specifikacijomis.<\/p>\n<p><strong>I\u0161or\u0117 ir ratai<\/strong><\/p>\n<p>\u0160is 488 GTB, apdailintas \u012fsp\u016bdingu &#8220;Grigio Silverstone&#8221; atspalviu, turi prie jo derant\u012f juod\u0105 interjer\u0105, tod\u0117l yra labai patrauklus. Nors ji n\u0117ra raudona, ta\u010diau tamsiai pilka spalva yra dar gra\u017eesn\u0117 ir diskreti\u0161kesn\u0117. \u017dinoma, k\u0117bulas yra be \u012fbr\u0117\u017eim\u0173 ir \u012flenkim\u0173. Su gamykliniais 20 coli\u0173 ratlankiais, apauti naujomis ir tinkamomis &#8220;Pirelli&#8221; padangomis, \u0161is fantasti\u0161kas 488 GTB yra pasiruo\u0161\u0119s savo 670 AG paversti nepakartojama vairavimo patirtimi.<\/p>\n<p><strong> <\/strong><strong>Dokumentacija<\/strong><\/p>\n<p>Profesionalas parduoda \u0161i\u0105 transporto priemon\u0119 su atitinkamais dokumentais, esan\u010di\u0105 Pranc\u016bzijoje. &#8221; <a href=\"https:\/\/pistonaddict.com\/wp-content\/uploads\/2023\/12\/Ferrari488GTB.pdf\" target=\"_blank\" rel=\"noopener\">CarVertical&#8221; ataskaita<\/a> yra \u0161vari; n\u0117ra joki\u0173 \u012frodym\u0173 apie avarijas, remonto darbus, nuosavyb\u0117s teises ar teisines problemas. Yra nuolatin\u0117s technin\u0117s prie\u017ei\u016bros dokumentai, pardavimo s\u0105skaitos ir kvitai. <strong>I\u0161pl\u0117sta gamyklin\u0117 garantija \u0161iam modeliui 12 m\u0117nesi\u0173<\/strong> ir atitikties sertifikatas (2000 eur\u0173 vert\u0117s) yra papildomi \u012frodymai, kad tai yra auk\u0161\u010diausios klas\u0117s kolekcin\u0117 transporto priemon\u0117.<\/p>\n<p><strong><br \/>\nPer\u017ei\u016br\u0117kite \u0161io gra\u017eaus &#8220;Ferrari 488 GTB&#8221; \u0161altojo starto vaizdo \u012fra\u0161\u0105:<\/strong><\/p>\n<p><iframe title=\"Cold Start Video of the Ferrari 488 GTB for auction sale\" width=\"1200\" height=\"675\" src=\"https:\/\/www.youtube.com\/embed\/_SyEnhUZHXQ?feature=oembed\" frameborder=\"0\" allow=\"accelerometer; autoplay; clipboard-write; encrypted-media; gyroscope; picture-in-picture; web-share\" allowfullscreen><\/iframe><\/p>\n","protected":false},"excerpt":{"rendered":"<p>Jei &#8220;Ferrari 458 Italia&#8221; buvo tobulas automobilis su varikliu, tai jo \u012fp\u0117dinis &#8220;488 Italia&#8221; buvo \u0161edevras su turbokompresoriumi. &#8220;458 Italia&#8221; nustat\u0117 itin auk\u0161tus standartus vidutin\u0117s klas\u0117s sportini\u0173 automobili\u0173 klasei, ta\u010diau &#8220;Ferrari&#8221; pavyko vir\u0161yti l\u016bkes\u010dius su 488 GTB. Ne\u012ftik\u0117tinai galingas, agresyvus ir greitas 488 GTB yra tikras sportinis automobilis, kuris vienodai gerai jau\u010diasi ir autobane, ir lenktyni\u0173 trasoje. M\u016bs\u0173 parduodamas pavyzdys yra vienas geriausi\u0173.<\/p>\n","protected":false},"featured_media":75679,"comment_status":"open","ping_status":"closed","template":"","meta":{"inline_featured_image":false},"product_cat":[703],"product_tag":[2650,2655,2262,902],"acf":[],"yoast_head":"<!-- This site is optimized with the Yoast SEO plugin v22.5 - https:\/\/yoast.com\/wordpress\/plugins\/seo\/ -->\n<title>&quot;Ferrari 488 GTB aukcionas - Piston Addict<\/title>\n<meta name=\"robots\" content=\"index, follow, max-snippet:-1, max-image-preview:large, max-video-preview:-1\" \/>\n<link rel=\"canonical\" href=\"https:\/\/pistonaddict.com\/lt\/product\/ferrari-488-gtb\/\" \/>\n<meta property=\"og:locale\" content=\"lt_LT\" \/>\n<meta property=\"og:type\" content=\"article\" \/>\n<meta property=\"og:title\" content=\"&quot;Ferrari 488 GTB aukcionas - Piston Addict\" \/>\n<meta property=\"og:description\" content=\"Jei &quot;Ferrari 458 Italia&quot; buvo tobulas automobilis su varikliu, tai jo \u012fp\u0117dinis &quot;488 Italia&quot; buvo \u0161edevras su turbokompresoriumi. &quot;458 Italia&quot; nustat\u0117 itin auk\u0161tus standartus vidutin\u0117s klas\u0117s sportini\u0173 automobili\u0173 klasei, ta\u010diau &quot;Ferrari&quot; pavyko vir\u0161yti l\u016bkes\u010dius su 488 GTB. Ne\u012ftik\u0117tinai galingas, agresyvus ir greitas 488 GTB yra tikras sportinis automobilis, kuris vienodai gerai jau\u010diasi ir autobane, ir lenktyni\u0173 trasoje. M\u016bs\u0173 parduodamas pavyzdys yra vienas geriausi\u0173.\" \/>\n<meta property=\"og:url\" content=\"https:\/\/pistonaddict.com\/lt\/product\/ferrari-488-gtb\/\" \/>\n<meta property=\"og:site_name\" content=\"Piston Addict\" \/>\n<meta property=\"article:modified_time\" content=\"2023-12-20T10:45:24+00:00\" \/>\n<meta property=\"og:image\" content=\"https:\/\/pistonaddict.com\/wp-content\/uploads\/2023\/12\/IMG_0075-1024x765.png\" \/>\n\t<meta property=\"og:image:width\" content=\"1024\" \/>\n\t<meta property=\"og:image:height\" content=\"765\" \/>\n\t<meta property=\"og:image:type\" content=\"image\/png\" \/>\n<meta name=\"twitter:card\" content=\"summary_large_image\" \/>\n<meta name=\"twitter:label1\" content=\"Est. reading time\" \/>\n\t<meta name=\"twitter:data1\" content=\"3 minut\u0117s\" \/>\n<script type=\"application\/ld+json\" class=\"yoast-schema-graph\">{\"@context\":\"https:\/\/schema.org\",\"@graph\":[{\"@type\":\"WebPage\",\"@id\":\"https:\/\/pistonaddict.com\/lt\/product\/ferrari-488-gtb\/\",\"url\":\"https:\/\/pistonaddict.com\/lt\/product\/ferrari-488-gtb\/\",\"name\":\"\\\"Ferrari 488 GTB aukcionas - Piston Addict\",\"isPartOf\":{\"@id\":\"https:\/\/pistonaddict.com\/lt\/#website\"},\"primaryImageOfPage\":{\"@id\":\"https:\/\/pistonaddict.com\/lt\/product\/ferrari-488-gtb\/#primaryimage\"},\"image\":{\"@id\":\"https:\/\/pistonaddict.com\/lt\/product\/ferrari-488-gtb\/#primaryimage\"},\"thumbnailUrl\":\"https:\/\/pistonaddict.com\/wp-content\/uploads\/2023\/12\/IMG_0075.png\",\"datePublished\":\"2023-12-01T09:53:23+00:00\",\"dateModified\":\"2023-12-20T10:45:24+00:00\",\"breadcrumb\":{\"@id\":\"https:\/\/pistonaddict.com\/lt\/product\/ferrari-488-gtb\/#breadcrumb\"},\"inLanguage\":\"lt-LT\",\"potentialAction\":[{\"@type\":\"ReadAction\",\"target\":[\"https:\/\/pistonaddict.com\/lt\/product\/ferrari-488-gtb\/\"]}]},{\"@type\":\"ImageObject\",\"inLanguage\":\"lt-LT\",\"@id\":\"https:\/\/pistonaddict.com\/lt\/product\/ferrari-488-gtb\/#primaryimage\",\"url\":\"https:\/\/pistonaddict.com\/wp-content\/uploads\/2023\/12\/IMG_0075.png\",\"contentUrl\":\"https:\/\/pistonaddict.com\/wp-content\/uploads\/2023\/12\/IMG_0075.png\",\"width\":2160,\"height\":1614},{\"@type\":\"BreadcrumbList\",\"@id\":\"https:\/\/pistonaddict.com\/lt\/product\/ferrari-488-gtb\/#breadcrumb\",\"itemListElement\":[{\"@type\":\"ListItem\",\"position\":1,\"name\":\"Pagrindinis puslapis\",\"item\":\"https:\/\/pistonaddict.com\/lt\/pradzia\/\"},{\"@type\":\"ListItem\",\"position\":2,\"name\":\"Auctions\",\"item\":\"https:\/\/pistonaddict.com\/auctions-listing\/\"},{\"@type\":\"ListItem\",\"position\":3,\"name\":\"&#8220;Ferrari 488 GTB\"}]},{\"@type\":\"WebSite\",\"@id\":\"https:\/\/pistonaddict.com\/lt\/#website\",\"url\":\"https:\/\/pistonaddict.com\/lt\/\",\"name\":\"Piston Addict\",\"description\":\"Only interesting vehicles\",\"publisher\":{\"@id\":\"https:\/\/pistonaddict.com\/lt\/#organization\"},\"potentialAction\":[{\"@type\":\"SearchAction\",\"target\":{\"@type\":\"EntryPoint\",\"urlTemplate\":\"https:\/\/pistonaddict.com\/lt\/?s={search_term_string}\"},\"query-input\":\"required name=search_term_string\"}],\"inLanguage\":\"lt-LT\"},{\"@type\":\"Organization\",\"@id\":\"https:\/\/pistonaddict.com\/lt\/#organization\",\"name\":\"Piston Addict\",\"url\":\"https:\/\/pistonaddict.com\/lt\/\",\"logo\":{\"@type\":\"ImageObject\",\"inLanguage\":\"lt-LT\",\"@id\":\"https:\/\/pistonaddict.com\/lt\/#\/schema\/logo\/image\/\",\"url\":\"https:\/\/pistonaddict.com\/wp-content\/uploads\/2022\/07\/logo-6.png\",\"contentUrl\":\"https:\/\/pistonaddict.com\/wp-content\/uploads\/2022\/07\/logo-6.png\",\"width\":970,\"height\":200,\"caption\":\"Piston Addict\"},\"image\":{\"@id\":\"https:\/\/pistonaddict.com\/lt\/#\/schema\/logo\/image\/\"}}]}<\/script>\n<!-- \/ Yoast SEO plugin. -->","yoast_head_json":{"title":"\"Ferrari 488 GTB aukcionas - Piston Addict","robots":{"index":"index","follow":"follow","max-snippet":"max-snippet:-1","max-image-preview":"max-image-preview:large","max-video-preview":"max-video-preview:-1"},"canonical":"https:\/\/pistonaddict.com\/lt\/product\/ferrari-488-gtb\/","og_locale":"lt_LT","og_type":"article","og_title":"\"Ferrari 488 GTB aukcionas - Piston Addict","og_description":"Jei \"Ferrari 458 Italia\" buvo tobulas automobilis su varikliu, tai jo \u012fp\u0117dinis \"488 Italia\" buvo \u0161edevras su turbokompresoriumi. \"458 Italia\" nustat\u0117 itin auk\u0161tus standartus vidutin\u0117s klas\u0117s sportini\u0173 automobili\u0173 klasei, ta\u010diau \"Ferrari\" pavyko vir\u0161yti l\u016bkes\u010dius su 488 GTB. Ne\u012ftik\u0117tinai galingas, agresyvus ir greitas 488 GTB yra tikras sportinis automobilis, kuris vienodai gerai jau\u010diasi ir autobane, ir lenktyni\u0173 trasoje. M\u016bs\u0173 parduodamas pavyzdys yra vienas geriausi\u0173.","og_url":"https:\/\/pistonaddict.com\/lt\/product\/ferrari-488-gtb\/","og_site_name":"Piston Addict","article_modified_time":"2023-12-20T10:45:24+00:00","og_image":[{"width":1024,"height":765,"url":"https:\/\/pistonaddict.com\/wp-content\/uploads\/2023\/12\/IMG_0075-1024x765.png","type":"image\/png"}],"twitter_card":"summary_large_image","twitter_misc":{"Est. reading time":"3 minut\u0117s"},"schema":{"@context":"https:\/\/schema.org","@graph":[{"@type":"WebPage","@id":"https:\/\/pistonaddict.com\/lt\/product\/ferrari-488-gtb\/","url":"https:\/\/pistonaddict.com\/lt\/product\/ferrari-488-gtb\/","name":"\"Ferrari 488 GTB aukcionas - Piston Addict","isPartOf":{"@id":"https:\/\/pistonaddict.com\/lt\/#website"},"primaryImageOfPage":{"@id":"https:\/\/pistonaddict.com\/lt\/product\/ferrari-488-gtb\/#primaryimage"},"image":{"@id":"https:\/\/pistonaddict.com\/lt\/product\/ferrari-488-gtb\/#primaryimage"},"thumbnailUrl":"https:\/\/pistonaddict.com\/wp-content\/uploads\/2023\/12\/IMG_0075.png","datePublished":"2023-12-01T09:53:23+00:00","dateModified":"2023-12-20T10:45:24+00:00","breadcrumb":{"@id":"https:\/\/pistonaddict.com\/lt\/product\/ferrari-488-gtb\/#breadcrumb"},"inLanguage":"lt-LT","potentialAction":[{"@type":"ReadAction","target":["https:\/\/pistonaddict.com\/lt\/product\/ferrari-488-gtb\/"]}]},{"@type":"ImageObject","inLanguage":"lt-LT","@id":"https:\/\/pistonaddict.com\/lt\/product\/ferrari-488-gtb\/#primaryimage","url":"https:\/\/pistonaddict.com\/wp-content\/uploads\/2023\/12\/IMG_0075.png","contentUrl":"https:\/\/pistonaddict.com\/wp-content\/uploads\/2023\/12\/IMG_0075.png","width":2160,"height":1614},{"@type":"BreadcrumbList","@id":"https:\/\/pistonaddict.com\/lt\/product\/ferrari-488-gtb\/#breadcrumb","itemListElement":[{"@type":"ListItem","position":1,"name":"Pagrindinis puslapis","item":"https:\/\/pistonaddict.com\/lt\/pradzia\/"},{"@type":"ListItem","position":2,"name":"Auctions","item":"https:\/\/pistonaddict.com\/auctions-listing\/"},{"@type":"ListItem","position":3,"name":"&#8220;Ferrari 488 GTB"}]},{"@type":"WebSite","@id":"https:\/\/pistonaddict.com\/lt\/#website","url":"https:\/\/pistonaddict.com\/lt\/","name":"Piston Addict","description":"Only interesting vehicles","publisher":{"@id":"https:\/\/pistonaddict.com\/lt\/#organization"},"potentialAction":[{"@type":"SearchAction","target":{"@type":"EntryPoint","urlTemplate":"https:\/\/pistonaddict.com\/lt\/?s={search_term_string}"},"query-input":"required name=search_term_string"}],"inLanguage":"lt-LT"},{"@type":"Organization","@id":"https:\/\/pistonaddict.com\/lt\/#organization","name":"Piston Addict","url":"https:\/\/pistonaddict.com\/lt\/","logo":{"@type":"ImageObject","inLanguage":"lt-LT","@id":"https:\/\/pistonaddict.com\/lt\/#\/schema\/logo\/image\/","url":"https:\/\/pistonaddict.com\/wp-content\/uploads\/2022\/07\/logo-6.png","contentUrl":"https:\/\/pistonaddict.com\/wp-content\/uploads\/2022\/07\/logo-6.png","width":970,"height":200,"caption":"Piston Addict"},"image":{"@id":"https:\/\/pistonaddict.com\/lt\/#\/schema\/logo\/image\/"}}]}},"_links":{"self":[{"href":"https:\/\/pistonaddict.com\/lt\/wp-json\/wp\/v2\/product\/76283"}],"collection":[{"href":"https:\/\/pistonaddict.com\/lt\/wp-json\/wp\/v2\/product"}],"about":[{"href":"https:\/\/pistonaddict.com\/lt\/wp-json\/wp\/v2\/types\/product"}],"replies":[{"embeddable":true,"href":"https:\/\/pistonaddict.com\/lt\/wp-json\/wp\/v2\/comments?post=76283"}],"wp:featuredmedia":[{"embeddable":true,"href":"https:\/\/pistonaddict.com\/lt\/wp-json\/wp\/v2\/media\/75679"}],"wp:attachment":[{"href":"https:\/\/pistonaddict.com\/lt\/wp-json\/wp\/v2\/media?parent=76283"}],"wp:term":[{"taxonomy":"product_cat","embeddable":true,"href":"https:\/\/pistonaddict.com\/lt\/wp-json\/wp\/v2\/product_cat?post=76283"},{"taxonomy":"product_tag","embeddable":true,"href":"https:\/\/pistonaddict.com\/lt\/wp-json\/wp\/v2\/product_tag?post=76283"}],"curies":[{"name":"wp","href":"https:\/\/api.w.org\/{rel}","templated":true}]}}