{"id":75660,"date":"2023-12-01T10:02:11","date_gmt":"2023-12-01T09:02:11","guid":{"rendered":"https:\/\/pistonaddict.com\/product\/ferrari-458-italia\/"},"modified":"2023-12-20T09:59:05","modified_gmt":"2023-12-20T08:59:05","slug":"ferrari-458-italia","status":"publish","type":"product","link":"https:\/\/pistonaddict.com\/lt\/product\/ferrari-458-italia\/","title":{"rendered":"Ferrari 458 Italia"},"content":{"rendered":"<p><strong>Automobilio istorija<\/strong><\/p>\n<p>2009 m. pristatytas &#8220;458 Italia&#8221; prad\u0117jo nauj\u0105 \u0161io legendinio prek\u0117s \u017eenklo er\u0105, pristatydamas nauj\u0105 dizaino kalb\u0105, 4,5 l V8 varikl\u012f, elektronin\u012f diferencial\u0105 ir 7 laipsni\u0173 dvigubos sankabos automatin\u0119 pavar\u0173 d\u0117\u017e\u0119 kaip vienintel\u012f variklio variant\u0105. \u012e galinius ratus perduodama 570 AG ir 9 000 apsisukim\u0173 per minut\u0119 raudona linija, 458 Italia u\u017etikrino beveik &#8220;Formul\u0117s-1&#8221; vairavimo dinamik\u0105 su tuo pa\u010diu garso takeliu ir jauduliu. Nuo pat prad\u017ei\u0173 \u017eurnal\u0173 bandytojai 458 paskelb\u0117 vienu geriausi\u0173 si\u016blom\u0173 &#8220;Ferrari&#8221;, skirt\u0173 va\u017eiuoti keliais &#8211; tai buvo auk\u0161tas \u012fvertinimas, bet ne be pagrindo. Tai nepaprastai greitas itali\u0161kas er\u017eilas, nuo 0 iki 100 km\/val. \u012fsib\u0117g\u0117jantis grei\u010diau nei per 4 sekundes ir i\u0161vystantis daugiau nei 320 km\/val. maksimal\u0173 greit\u012f. \u0160is konkretus &#8220;Ferrari 458&#8221; pagamintas 2011 m., o dabartinis pardav\u0117jas j\u012f \u012fsigijo 2022 m. Labai \u012fdomios parinktys, klasikin\u0117 raudonai-juoda da\u017e\u0173 schema, nedidel\u0117 rida ir neseniai atliktas techninis aptarnavimas &#8211; \u0161is automobilis yra paruo\u0161tas naujam savininkui. Pirminis \u0161io automobilio savininkas daugiausia d\u0117mesio skyr\u0117 tokioms patogumo parinktims kaip adaptyvi priekini\u0173 \u017eibint\u0173 sistema, \u0161ildomos s\u0117dyn\u0117s, PDC, kad b\u016bt\u0173 lengviau manevruoti ir parkuotis, elektra reguliuojama vairo kolon\u0117l\u0117 ir dar daugiau. D\u0117l vis\u0173 \u0161i\u0173 prie\u017eas\u010di\u0173 \u0161is 458 Italia yra labai gerai parinktas ir patogus naudoti pavyzdys.<\/p>\n<p><strong>Interjeras<\/strong><\/p>\n<p>Kadangi \u0161is &#8220;Ferrari&#8221; buvo kruop\u0161\u010diai pri\u017ei\u016brimas, juodas odinis salonas yra labai geros b\u016bkl\u0117s su minimaliais naudojimo p\u0117dsakais. S\u0117dyn\u0117s su raudonais dygsniais yra idealios b\u016bkl\u0117s, o originalus savininkas pasirinko eleganti\u0161k\u0105 i\u0161vaizd\u0105, kuri niekada nei\u0161eis i\u0161 mados. N\u0117ra joki\u0173 pakeitim\u0173, o interjeras atrodo visi\u0161kai naujas.<\/p>\n<p><strong>B\u016bkl\u0117<\/strong><\/p>\n<p>Vos 25 500 km nuva\u017eiav\u0119s \u0161is &#8220;Ferrari 458 Italia&#8221; yra nepriekai\u0161tingas ir kruop\u0161\u010diai pri\u017ei\u016brimas vis\u0173 naudotoj\u0173. Visos technin\u0117s prie\u017ei\u016bros proced\u016bros atliktos laiku: paskutin\u012f kart\u0105 alyva pakeista ir technin\u0117 prie\u017ei\u016bra atlikta 2023 m. gegu\u017e\u0117s m\u0117nes\u012f, o stabd\u017eiai suremontuoti vos prie\u0161 kelias dienas, 2023 m. lapkri\u010dio pabaigoje. Ta\u010diau \u0161is konkretus pavyzdys dar svarbesnis tuo, kad visus 458 Italia modelio gamyklinius at\u0161aukimus atliko oficial\u016bs dileriai ir pateik\u0117 tai patvirtinan\u010dius dokumentus. Automobilis i\u0161 prad\u017ei\u0173 buvo pristatytas Nyderlanduose, o at\u0161aukimo paslaug\u0105 atliko \u012fgaliotasis &#8220;Ferrari&#8221; atstovas. 2019 m. pakeista keleivio pus\u0117s oro pagalv\u0117, o 2022 m. &#8211; stabd\u017ei\u0173 skys\u010dio rezervuaro dangtelis. Visas \u0161ias at\u0161aukimo intervencijas patvirtino gamykla ir jos buvo dokumentuotos. Tai rodo, kad visi savininkai yra atsidav\u0119 entuziastai. <strong>\u0160iam automobiliui suteikta prat\u0119sta &#8220;Ferrari New Power&#8221; garantija ateinantiems 12 m\u0117nesi\u0173<\/strong>.<\/p>\n<p><strong> <\/strong><strong>I\u0161or\u0117 ir ratai<\/strong><\/p>\n<p>&#8220;Rosso Corsa&#8221; yra labiausiai paplitusi &#8220;Ferrari&#8221; spalva, ta\u010diau \u0161is legendinis atspalvis puikiai dera su gundan\u010diomis &#8220;458 Italia&#8221; linijomis. Original\u016bs da\u017eai nepa\u017eeisti, n\u0117ra joki\u0173 \u012flenkim\u0173 ir \u012fbr\u0117\u017eim\u0173, automobilis puikiai atrodo. \u0160is automobilis su 20 coli\u0173 originaliais gamykliniais ratlankiais ir visi\u0161kai naujomis &#8220;Michelin&#8221; padangomis yra pasireng\u0119s veikti visu paj\u0117gumu. Viena i\u0161 vert\u0173 d\u0117mesio \u0161io automobilio parink\u010di\u0173 &#8211; keraminiai stabd\u017eiai, u\u017etikrinantys ne\u012ftik\u0117tin\u0105 stabdymo gali\u0105.<\/p>\n<p><strong>Dokumentacija<\/strong><\/p>\n<p>\u0160i\u0105 transporto priemon\u0119 parduoda profesionalas su atitinkamais dokumentais, ji yra Pranc\u016bzijoje. &#8221; <a href=\"https:\/\/pistonaddict.com\/wp-content\/uploads\/2023\/12\/CarVertical458.pdf\" target=\"_blank\" rel=\"noopener\">CarVertical&#8221;<\/a> ataskaita yra \u0161vari; n\u0117ra joki\u0173 \u012frodym\u0173 apie avarijas, remonto darbus, nuosavyb\u0117s teises ar teisines problemas. Kartu su originaliomis gamyklin\u0117mis bro\u0161i\u016bromis, pardavimo s\u0105skaitomis ir kvitais yra \u012fra\u0161ai apie reguliari\u0105 technin\u0119 prie\u017ei\u016br\u0105. \u0160iam modeliui suteikta 12 m\u0117nesi\u0173 prat\u0119sta gamyklin\u0117 garantija (&#8220;Ferrari Power&#8221;) ir atitikties sertifikatas (2000 eur\u0173 vert\u0117s) &#8211; papildomi \u012frodymai, kad tai auk\u0161\u010diausios klas\u0117s kolekcinis automobilis.<\/p>\n<p><strong>Per\u017ei\u016br\u0117kite \u0161io gra\u017eaus &#8220;Ferrari 458 Italia&#8221; \u0161altojo starto vaizdo \u012fra\u0161\u0105:<\/strong><\/p>\n<p><iframe title=\"Cold Start Video of the Ferrari 458 Italia for auction sale\" width=\"1200\" height=\"675\" src=\"https:\/\/www.youtube.com\/embed\/BEdW3ySb03E?feature=oembed\" frameborder=\"0\" allow=\"accelerometer; autoplay; clipboard-write; encrypted-media; gyroscope; picture-in-picture; web-share\" allowfullscreen><\/iframe><\/p>\n","protected":false},"excerpt":{"rendered":"<p>&#8220;Ferrari&#8221;, kuri visada buvo automobili\u0173 technologij\u0173 ir na\u0161umo vir\u0161\u016bn\u0117je, visuose savo modeliuose standarti\u0161kai montuoja turbokompresori\u0173 ir hibridin\u0119 j\u0117gain\u0119. Ta\u010diau &#8220;Ferrari&#8221; trumpam suk\u016br\u0117 visi\u0161kai modern\u0173 sportin\u012f automobil\u012f, varom\u0105 r\u0117kian\u010diu varikliu su nat\u016braliais oro t\u016briais, kuriame puikiai der\u0117jo \u0161iuolaikin\u0117s technologijos, didel\u0117s apsukos ir nepaprastai galingas variklis, suteikiantis \u017eav\u0173 senovin\u012f poj\u016bt\u012f. Taip, mes kalbame apie 458 Italia ir did\u017eiuojam\u0117s gal\u0117dami pasi\u016blyti jums vien\u0105 geriausi\u0173 pavyzd\u017ei\u0173 rinkoje.<\/p>\n","protected":false},"featured_media":75546,"comment_status":"open","ping_status":"closed","template":"","meta":{"inline_featured_image":false},"product_cat":[703],"product_tag":[2633,2632,902,2631],"acf":[],"yoast_head":"<!-- This site is optimized with the Yoast SEO plugin v22.5 - https:\/\/yoast.com\/wordpress\/plugins\/seo\/ -->\n<title>Ferrari 458 Italia aukcionas - Piston Addict<\/title>\n<meta name=\"robots\" content=\"index, follow, max-snippet:-1, max-image-preview:large, max-video-preview:-1\" \/>\n<link rel=\"canonical\" href=\"https:\/\/pistonaddict.com\/lt\/product\/ferrari-458-italia\/\" \/>\n<meta property=\"og:locale\" content=\"lt_LT\" \/>\n<meta property=\"og:type\" content=\"article\" \/>\n<meta property=\"og:title\" content=\"Ferrari 458 Italia aukcionas - Piston Addict\" \/>\n<meta property=\"og:description\" content=\"&quot;Ferrari&quot;, kuri visada buvo automobili\u0173 technologij\u0173 ir na\u0161umo vir\u0161\u016bn\u0117je, visuose savo modeliuose standarti\u0161kai montuoja turbokompresori\u0173 ir hibridin\u0119 j\u0117gain\u0119. Ta\u010diau &quot;Ferrari&quot; trumpam suk\u016br\u0117 visi\u0161kai modern\u0173 sportin\u012f automobil\u012f, varom\u0105 r\u0117kian\u010diu varikliu su nat\u016braliais oro t\u016briais, kuriame puikiai der\u0117jo \u0161iuolaikin\u0117s technologijos, didel\u0117s apsukos ir nepaprastai galingas variklis, suteikiantis \u017eav\u0173 senovin\u012f poj\u016bt\u012f. Taip, mes kalbame apie 458 Italia ir did\u017eiuojam\u0117s gal\u0117dami pasi\u016blyti jums vien\u0105 geriausi\u0173 pavyzd\u017ei\u0173 rinkoje.\" \/>\n<meta property=\"og:url\" content=\"https:\/\/pistonaddict.com\/lt\/product\/ferrari-458-italia\/\" \/>\n<meta property=\"og:site_name\" content=\"Piston Addict\" \/>\n<meta property=\"article:modified_time\" content=\"2023-12-20T08:59:05+00:00\" \/>\n<meta property=\"og:image\" content=\"https:\/\/pistonaddict.com\/wp-content\/uploads\/2023\/12\/IMG_0124.jpeg\" \/>\n\t<meta property=\"og:image:width\" content=\"1885\" \/>\n\t<meta property=\"og:image:height\" content=\"1207\" \/>\n\t<meta property=\"og:image:type\" content=\"image\/jpeg\" \/>\n<meta name=\"twitter:card\" content=\"summary_large_image\" \/>\n<meta name=\"twitter:label1\" content=\"Est. reading time\" \/>\n\t<meta name=\"twitter:data1\" content=\"3 minut\u0117s\" \/>\n<script type=\"application\/ld+json\" class=\"yoast-schema-graph\">{\"@context\":\"https:\/\/schema.org\",\"@graph\":[{\"@type\":\"WebPage\",\"@id\":\"https:\/\/pistonaddict.com\/lt\/product\/ferrari-458-italia\/\",\"url\":\"https:\/\/pistonaddict.com\/lt\/product\/ferrari-458-italia\/\",\"name\":\"Ferrari 458 Italia aukcionas - Piston Addict\",\"isPartOf\":{\"@id\":\"https:\/\/pistonaddict.com\/lt\/#website\"},\"primaryImageOfPage\":{\"@id\":\"https:\/\/pistonaddict.com\/lt\/product\/ferrari-458-italia\/#primaryimage\"},\"image\":{\"@id\":\"https:\/\/pistonaddict.com\/lt\/product\/ferrari-458-italia\/#primaryimage\"},\"thumbnailUrl\":\"https:\/\/pistonaddict.com\/wp-content\/uploads\/2023\/12\/IMG_0124.jpeg\",\"datePublished\":\"2023-12-01T09:02:11+00:00\",\"dateModified\":\"2023-12-20T08:59:05+00:00\",\"breadcrumb\":{\"@id\":\"https:\/\/pistonaddict.com\/lt\/product\/ferrari-458-italia\/#breadcrumb\"},\"inLanguage\":\"lt-LT\",\"potentialAction\":[{\"@type\":\"ReadAction\",\"target\":[\"https:\/\/pistonaddict.com\/lt\/product\/ferrari-458-italia\/\"]}]},{\"@type\":\"ImageObject\",\"inLanguage\":\"lt-LT\",\"@id\":\"https:\/\/pistonaddict.com\/lt\/product\/ferrari-458-italia\/#primaryimage\",\"url\":\"https:\/\/pistonaddict.com\/wp-content\/uploads\/2023\/12\/IMG_0124.jpeg\",\"contentUrl\":\"https:\/\/pistonaddict.com\/wp-content\/uploads\/2023\/12\/IMG_0124.jpeg\",\"width\":1885,\"height\":1207},{\"@type\":\"BreadcrumbList\",\"@id\":\"https:\/\/pistonaddict.com\/lt\/product\/ferrari-458-italia\/#breadcrumb\",\"itemListElement\":[{\"@type\":\"ListItem\",\"position\":1,\"name\":\"Pagrindinis puslapis\",\"item\":\"https:\/\/pistonaddict.com\/lt\/pradzia\/\"},{\"@type\":\"ListItem\",\"position\":2,\"name\":\"Auctions\",\"item\":\"https:\/\/pistonaddict.com\/auctions-listing\/\"},{\"@type\":\"ListItem\",\"position\":3,\"name\":\"Ferrari 458 Italia\"}]},{\"@type\":\"WebSite\",\"@id\":\"https:\/\/pistonaddict.com\/lt\/#website\",\"url\":\"https:\/\/pistonaddict.com\/lt\/\",\"name\":\"Piston Addict\",\"description\":\"Only interesting vehicles\",\"publisher\":{\"@id\":\"https:\/\/pistonaddict.com\/lt\/#organization\"},\"potentialAction\":[{\"@type\":\"SearchAction\",\"target\":{\"@type\":\"EntryPoint\",\"urlTemplate\":\"https:\/\/pistonaddict.com\/lt\/?s={search_term_string}\"},\"query-input\":\"required name=search_term_string\"}],\"inLanguage\":\"lt-LT\"},{\"@type\":\"Organization\",\"@id\":\"https:\/\/pistonaddict.com\/lt\/#organization\",\"name\":\"Piston Addict\",\"url\":\"https:\/\/pistonaddict.com\/lt\/\",\"logo\":{\"@type\":\"ImageObject\",\"inLanguage\":\"lt-LT\",\"@id\":\"https:\/\/pistonaddict.com\/lt\/#\/schema\/logo\/image\/\",\"url\":\"https:\/\/pistonaddict.com\/wp-content\/uploads\/2022\/07\/logo-6.png\",\"contentUrl\":\"https:\/\/pistonaddict.com\/wp-content\/uploads\/2022\/07\/logo-6.png\",\"width\":970,\"height\":200,\"caption\":\"Piston Addict\"},\"image\":{\"@id\":\"https:\/\/pistonaddict.com\/lt\/#\/schema\/logo\/image\/\"}}]}<\/script>\n<!-- \/ Yoast SEO plugin. -->","yoast_head_json":{"title":"Ferrari 458 Italia aukcionas - Piston Addict","robots":{"index":"index","follow":"follow","max-snippet":"max-snippet:-1","max-image-preview":"max-image-preview:large","max-video-preview":"max-video-preview:-1"},"canonical":"https:\/\/pistonaddict.com\/lt\/product\/ferrari-458-italia\/","og_locale":"lt_LT","og_type":"article","og_title":"Ferrari 458 Italia aukcionas - Piston Addict","og_description":"\"Ferrari\", kuri visada buvo automobili\u0173 technologij\u0173 ir na\u0161umo vir\u0161\u016bn\u0117je, visuose savo modeliuose standarti\u0161kai montuoja turbokompresori\u0173 ir hibridin\u0119 j\u0117gain\u0119. Ta\u010diau \"Ferrari\" trumpam suk\u016br\u0117 visi\u0161kai modern\u0173 sportin\u012f automobil\u012f, varom\u0105 r\u0117kian\u010diu varikliu su nat\u016braliais oro t\u016briais, kuriame puikiai der\u0117jo \u0161iuolaikin\u0117s technologijos, didel\u0117s apsukos ir nepaprastai galingas variklis, suteikiantis \u017eav\u0173 senovin\u012f poj\u016bt\u012f. Taip, mes kalbame apie 458 Italia ir did\u017eiuojam\u0117s gal\u0117dami pasi\u016blyti jums vien\u0105 geriausi\u0173 pavyzd\u017ei\u0173 rinkoje.","og_url":"https:\/\/pistonaddict.com\/lt\/product\/ferrari-458-italia\/","og_site_name":"Piston Addict","article_modified_time":"2023-12-20T08:59:05+00:00","og_image":[{"width":1885,"height":1207,"url":"https:\/\/pistonaddict.com\/wp-content\/uploads\/2023\/12\/IMG_0124.jpeg","type":"image\/jpeg"}],"twitter_card":"summary_large_image","twitter_misc":{"Est. reading time":"3 minut\u0117s"},"schema":{"@context":"https:\/\/schema.org","@graph":[{"@type":"WebPage","@id":"https:\/\/pistonaddict.com\/lt\/product\/ferrari-458-italia\/","url":"https:\/\/pistonaddict.com\/lt\/product\/ferrari-458-italia\/","name":"Ferrari 458 Italia aukcionas - Piston Addict","isPartOf":{"@id":"https:\/\/pistonaddict.com\/lt\/#website"},"primaryImageOfPage":{"@id":"https:\/\/pistonaddict.com\/lt\/product\/ferrari-458-italia\/#primaryimage"},"image":{"@id":"https:\/\/pistonaddict.com\/lt\/product\/ferrari-458-italia\/#primaryimage"},"thumbnailUrl":"https:\/\/pistonaddict.com\/wp-content\/uploads\/2023\/12\/IMG_0124.jpeg","datePublished":"2023-12-01T09:02:11+00:00","dateModified":"2023-12-20T08:59:05+00:00","breadcrumb":{"@id":"https:\/\/pistonaddict.com\/lt\/product\/ferrari-458-italia\/#breadcrumb"},"inLanguage":"lt-LT","potentialAction":[{"@type":"ReadAction","target":["https:\/\/pistonaddict.com\/lt\/product\/ferrari-458-italia\/"]}]},{"@type":"ImageObject","inLanguage":"lt-LT","@id":"https:\/\/pistonaddict.com\/lt\/product\/ferrari-458-italia\/#primaryimage","url":"https:\/\/pistonaddict.com\/wp-content\/uploads\/2023\/12\/IMG_0124.jpeg","contentUrl":"https:\/\/pistonaddict.com\/wp-content\/uploads\/2023\/12\/IMG_0124.jpeg","width":1885,"height":1207},{"@type":"BreadcrumbList","@id":"https:\/\/pistonaddict.com\/lt\/product\/ferrari-458-italia\/#breadcrumb","itemListElement":[{"@type":"ListItem","position":1,"name":"Pagrindinis puslapis","item":"https:\/\/pistonaddict.com\/lt\/pradzia\/"},{"@type":"ListItem","position":2,"name":"Auctions","item":"https:\/\/pistonaddict.com\/auctions-listing\/"},{"@type":"ListItem","position":3,"name":"Ferrari 458 Italia"}]},{"@type":"WebSite","@id":"https:\/\/pistonaddict.com\/lt\/#website","url":"https:\/\/pistonaddict.com\/lt\/","name":"Piston Addict","description":"Only interesting vehicles","publisher":{"@id":"https:\/\/pistonaddict.com\/lt\/#organization"},"potentialAction":[{"@type":"SearchAction","target":{"@type":"EntryPoint","urlTemplate":"https:\/\/pistonaddict.com\/lt\/?s={search_term_string}"},"query-input":"required name=search_term_string"}],"inLanguage":"lt-LT"},{"@type":"Organization","@id":"https:\/\/pistonaddict.com\/lt\/#organization","name":"Piston Addict","url":"https:\/\/pistonaddict.com\/lt\/","logo":{"@type":"ImageObject","inLanguage":"lt-LT","@id":"https:\/\/pistonaddict.com\/lt\/#\/schema\/logo\/image\/","url":"https:\/\/pistonaddict.com\/wp-content\/uploads\/2022\/07\/logo-6.png","contentUrl":"https:\/\/pistonaddict.com\/wp-content\/uploads\/2022\/07\/logo-6.png","width":970,"height":200,"caption":"Piston Addict"},"image":{"@id":"https:\/\/pistonaddict.com\/lt\/#\/schema\/logo\/image\/"}}]}},"_links":{"self":[{"href":"https:\/\/pistonaddict.com\/lt\/wp-json\/wp\/v2\/product\/75660"}],"collection":[{"href":"https:\/\/pistonaddict.com\/lt\/wp-json\/wp\/v2\/product"}],"about":[{"href":"https:\/\/pistonaddict.com\/lt\/wp-json\/wp\/v2\/types\/product"}],"replies":[{"embeddable":true,"href":"https:\/\/pistonaddict.com\/lt\/wp-json\/wp\/v2\/comments?post=75660"}],"wp:featuredmedia":[{"embeddable":true,"href":"https:\/\/pistonaddict.com\/lt\/wp-json\/wp\/v2\/media\/75546"}],"wp:attachment":[{"href":"https:\/\/pistonaddict.com\/lt\/wp-json\/wp\/v2\/media?parent=75660"}],"wp:term":[{"taxonomy":"product_cat","embeddable":true,"href":"https:\/\/pistonaddict.com\/lt\/wp-json\/wp\/v2\/product_cat?post=75660"},{"taxonomy":"product_tag","embeddable":true,"href":"https:\/\/pistonaddict.com\/lt\/wp-json\/wp\/v2\/product_tag?post=75660"}],"curies":[{"name":"wp","href":"https:\/\/api.w.org\/{rel}","templated":true}]}}