{"id":72251,"date":"2023-11-17T17:40:02","date_gmt":"2023-11-17T16:40:02","guid":{"rendered":"https:\/\/pistonaddict.com\/product\/land-rover-defender-p90e-elektrinis\/"},"modified":"2024-03-19T16:59:09","modified_gmt":"2024-03-19T15:59:09","slug":"land-rover-defender-p90e-electric","status":"publish","type":"product","link":"https:\/\/pistonaddict.com\/lt\/product\/land-rover-defender-p90e-electric\/","title":{"rendered":"Land Rover Defender P90E Elektrinis"},"content":{"rendered":"<p><strong>Automobilio istorija<\/strong><\/p>\n<p>Visureigi\u0173 pasaulyje &#8220;Land Rover Defender&#8221; yra negin\u010dijama ikona. Tikras automobili\u0173 didvyris ir modelis, kuris iki \u0161iol simbolizuoja tvirtum\u0105, patikimum\u0105 ir geb\u0117jim\u0105 visur va\u017eiuoti. Tod\u0117l jis vis dar yra milijon\u0173 bekel\u0117s gerb\u0117j\u0173 visame pasaulyje svajoni\u0173 automobilis. Ta\u010diau klasikiniai modeliai, kad ir kokie \u0161aun\u016bs ir \u017eav\u016bs jie b\u016bt\u0173, \u0161iuolaikiniame eismo ir aplinkosaugos po\u017ei\u016briu susir\u016bpinusiame pasaulyje yra pasen\u0119. \u0160veicarijos bendrov\u0117 &#8220;Revive&#8221; rado sprendim\u0105 ir pertvark\u0117 \u0161\u012f pavyzd\u012f \u012f modern\u0173 elektrin\u012f varikl\u012f, kuris visi\u0161kai pakeit\u0117 \u0161ios klasikin\u0117s transporto priemon\u0117s poj\u016bt\u012f ir padidino jos galimybes. \u0160is pavyzdys buvo pagamintas 1999 m. ir pristatytas naujas \u0160veicarijoje. Pardav\u0117jas j\u012f \u012fsigijo 2021 m., o 2022 m. &#8220;Revive&#8221; j\u012f kruop\u0161\u010diai modernizavo, tod\u0117l \u0160veicarijoje buvo atliktas pirmasis &#8220;Defender EV&#8221; perdarymas. Original\u0173 dyzelin\u012f varikl\u012f pakeit\u0117 &#8220;Netgain Hyper 9&#8221; 66 kW (100 AG) galios elektros variklis ir 44 kWh akumuliatorius. \u012edomu tai, kad elektros variklis buvo prijungtas prie originalios mechanin\u0117s pavar\u0173 d\u0117\u017e\u0117s ir 4&#215;4 transmisijos. \u0160is &#8220;Defender&#8221; pasi\u017eymi unikaliu elektros energijos ir pavar\u0173 d\u0117\u017e\u0117s deriniu, geresn\u0117mis eksploatacin\u0117mis savyb\u0117mis, didesniu sukimo momentu ir ma\u017edaug 120-130 km (iki 80 myli\u0173) nuva\u017eiuojamu atstumu.<\/p>\n<p><strong>Interjeras<\/strong><\/p>\n<p>Be centrinio ekrano, \u0161io unikalaus &#8220;Land Rover Defender&#8221; interjeras yra to laikotarpio ir puikios b\u016bkl\u0117s. S\u0117dyn\u0117s aptrauktos audiniu, o gale \u012frengtos \u0161auniai atrodan\u010dios &#8220;Rumble&#8221; s\u0117dyn\u0117s. Prietais\u0173 skydelis atrodo taip pat, kaip ir originalus. Jame yra keli papildomi jungikliai, patobulinta garso sistema ir degal\u0173 matuoklis, kuris buvo pakeistas taip, kad rodyt\u0173 elektros energijos kiek\u012f akumuliatoriuose, o tai yra puiki nestandartin\u0117 detal\u0117. Nors &#8220;Defender&#8221; dabar turi akumuliatori\u0173, jis neprarado savo prakti\u0161kumo ir vidaus erdv\u0117s.<\/p>\n<p><strong> <\/strong><strong>B\u016bkl\u0117<\/strong><\/p>\n<p>\u0160is legendinis visureigis nuo naujo iki &#8220;Revive&#8221; atlikto pertvarkymo nuva\u017eiavo 187 654 km. \u0160is konkretus pavyzdys pasirinktas d\u0117l jo b\u016bkl\u0117s, pa\u017eeidim\u0173 ar r\u016bd\u017ei\u0173, kurios yra \u012fprastos klasikinio &#8220;Defender&#8221; problemos. Po pertvarkymo &#8220;Defender&#8221; nuva\u017eiavo beveik 10 000 kilometr\u0173 ir yra pasireng\u0119s nuva\u017eiuoti dar daugiau, nes jo variklis yra visi\u0161kai naujas. \u0160iuo metu kilometra\u017eo skaitiklis rodo kiek daugiau nei 197 500 km. Kartu su automobiliu pateikiamas i\u0161samus dokument\u0173 rinkinys, taip pat &#8220;Revive&#8221; bendrov\u0117s dokumentai ir garantija. Prie\u0161 pat pertvarkymo proces\u0105 2022 m. transporto priemon\u0117 buvo kruop\u0161\u010diai pri\u017ei\u016brima, o stabd\u017eiai buvo suremontuoti vos prie\u0161 kelias dienas 2023 m. lapkrit\u012f. B\u016btina pasakyti, kad \u0161is &#8220;Defender&#8221; pra\u0117jo \u0160veicarijos technin\u0119 ap\u017ei\u016br\u0105, buvo \u012fregistruotas ir jam suteikiama trej\u0173 met\u0173 &#8220;Revive&#8221; garantija, o tai rodo, kad bendra automobilio b\u016bkl\u0117 yra fantasti\u0161ka ir kad jis visi\u0161kai tinkamas naudoti kelyje ir bekel\u0117je.<\/p>\n<p><strong> <\/strong><strong>I\u0161or\u0117 ir ratai<\/strong><\/p>\n<p>I\u0161 i\u0161or\u0117s \u0161is &#8220;Defender EV&#8221; atrodo kaip bet kuris kitas tokio pat senumo &#8220;Land Rover&#8221;, o vienintelis j\u012f i\u0161skiriantis dalykas yra lipdukai ir \u012fkrovimo prievadas vietoj degal\u0173 bako dangtelio. Su originaliais 16 coli\u0173 ratlankiais, apautais bekel\u0117s &#8220;Nokian&#8221; padangomis (nuo 2021 m.), jis gali \u012fveikti bet koki\u0105 vietov\u0119. N\u0117ra joki\u0173 \u012flenkim\u0173, \u012fbr\u0117\u017eim\u0173 ar r\u016bd\u017ei\u0173, o pilki da\u017eai yra original\u016bs.<\/p>\n<p><strong> <\/strong><strong>Dokumentacija<\/strong><\/p>\n<p>Savininkas parduoda \u0161i\u0105 transporto priemon\u0119 su atitinkamais dokumentais ir yra \u0160veicarijoje. &#8221; <a href=\"https:\/\/pistonaddict.com\/wp-content\/uploads\/2023\/11\/CarVertical.pdf\">Car Vertical&#8221;<\/a> ataskaita yra \u0161vari; n\u0117ra joki\u0173 \u012frodym\u0173 apie avarijas, remonto darbus, nuosavyb\u0117s teises ar teisines problemas. Yra \u012fra\u0161ai apie reguliari\u0105 technin\u0119 prie\u017ei\u016br\u0105, original\u016bs gamykliniai lankstinukai, pardavimo s\u0105skaitos ir kvitai.  <strong>Automobilis pateikiamas su tinkamais &#8220;Revive&#8221; dokumentais, ra\u0161ytine 3 met\u0173 elektros variklio ir akumuliatoriaus garantija ir \u0160veicarijos vald\u017eios institucij\u0173 atlikta technine ap\u017ei\u016bra. Kartu su automobiliu taip pat pateikiamas i\u0161samus naudotojo vadovas ir draudimo dokumentai.<\/strong>. Visa tai rei\u0161kia, kad \u0161is &#8220;Defender EV&#8221; yra visi\u0161kai \u012fteisintas keliuose, paruo\u0161tas eksportui ir gali b\u016bti naudojamas bet kur.<\/p>\n<p><strong>Per\u017ei\u016br\u0117kite \u0161io labai \u012fdomaus &#8220;Land Rover Defender&#8221; visi\u0161kai elektrinio &#8220;Land Rover Defender&#8221; \u0161altojo starto vaizdo \u012fra\u0161\u0105:<\/strong><\/p>\n<p><iframe title=\"Cold Start Video of the Land Rover Defender full Electric for auction sale\" width=\"1200\" height=\"900\" src=\"https:\/\/www.youtube.com\/embed\/8ZfpIXIwhOI?feature=oembed\" frameborder=\"0\" allow=\"accelerometer; autoplay; clipboard-write; encrypted-media; gyroscope; picture-in-picture; web-share\" allowfullscreen><\/iframe><\/p>\n<p><strong> <\/strong><\/p>\n","protected":false},"excerpt":{"rendered":"<p>Vienas i\u0161 \u012fdomiausi\u0173 elektromobili\u0173 revoliucijos aspekt\u0173 yra tai, kad galime i\u0161 naujo sukurti klasikinius automobilius ir suteikti jiems nauj\u0105 gyvenim\u0105. Klasikin\u0117s transporto priemon\u0117s modifikavimas itin modernia elektrine transmisija &#8211; tai \u017eingsnis toliau nei restauravimas ir unikalus b\u016bdas suderinti atpa\u017e\u012fstam\u0105 form\u0105 su XXI a. technologijomis. \u0160iandien su pasidid\u017eiavimu pristatome tok\u012f automobil\u012f &#8211; &#8220;Land Rover Defender EV&#8221;, pirm\u0105j\u012f klasikin\u012f &#8220;Defender&#8221;, kur\u012f \u0160veicarijos bendrov\u0117 &#8220;Revive&#8221; perdar\u0117 \u012f elektromobil\u012f.<\/p>\n","protected":false},"featured_media":71392,"comment_status":"open","ping_status":"closed","template":"","meta":{"inline_featured_image":false},"product_cat":[703],"product_tag":[2562,2535,2532,2538],"acf":[],"yoast_head":"<!-- This site is optimized with the Yoast SEO plugin v22.5 - https:\/\/yoast.com\/wordpress\/plugins\/seo\/ -->\n<title>Land Rover Defender P90E Elektrinis aukcionas - Piston Addict<\/title>\n<meta name=\"robots\" content=\"index, follow, max-snippet:-1, max-image-preview:large, max-video-preview:-1\" \/>\n<link rel=\"canonical\" href=\"https:\/\/pistonaddict.com\/lt\/product\/land-rover-defender-p90e-electric\/\" \/>\n<meta property=\"og:locale\" content=\"lt_LT\" \/>\n<meta property=\"og:type\" content=\"article\" \/>\n<meta property=\"og:title\" content=\"Land Rover Defender P90E Elektrinis aukcionas - Piston Addict\" \/>\n<meta property=\"og:description\" content=\"Vienas i\u0161 \u012fdomiausi\u0173 elektromobili\u0173 revoliucijos aspekt\u0173 yra tai, kad galime i\u0161 naujo sukurti klasikinius automobilius ir suteikti jiems nauj\u0105 gyvenim\u0105. Klasikin\u0117s transporto priemon\u0117s modifikavimas itin modernia elektrine transmisija - tai \u017eingsnis toliau nei restauravimas ir unikalus b\u016bdas suderinti atpa\u017e\u012fstam\u0105 form\u0105 su XXI a. technologijomis. \u0160iandien su pasidid\u017eiavimu pristatome tok\u012f automobil\u012f - &quot;Land Rover Defender EV&quot;, pirm\u0105j\u012f klasikin\u012f &quot;Defender&quot;, kur\u012f \u0160veicarijos bendrov\u0117 &quot;Revive&quot; perdar\u0117 \u012f elektromobil\u012f.\" \/>\n<meta property=\"og:url\" content=\"https:\/\/pistonaddict.com\/lt\/product\/land-rover-defender-p90e-electric\/\" \/>\n<meta property=\"og:site_name\" content=\"Piston Addict\" \/>\n<meta property=\"article:modified_time\" content=\"2024-03-19T15:59:09+00:00\" \/>\n<meta property=\"og:image\" content=\"https:\/\/pistonaddict.com\/wp-content\/uploads\/2023\/11\/def-05.jpg\" \/>\n\t<meta property=\"og:image:width\" content=\"2560\" \/>\n\t<meta property=\"og:image:height\" content=\"1440\" \/>\n\t<meta property=\"og:image:type\" content=\"image\/jpeg\" \/>\n<meta name=\"twitter:card\" content=\"summary_large_image\" \/>\n<meta name=\"twitter:label1\" content=\"Est. reading time\" \/>\n\t<meta name=\"twitter:data1\" content=\"3 minut\u0117s\" \/>\n<script type=\"application\/ld+json\" class=\"yoast-schema-graph\">{\"@context\":\"https:\/\/schema.org\",\"@graph\":[{\"@type\":\"WebPage\",\"@id\":\"https:\/\/pistonaddict.com\/lt\/product\/land-rover-defender-p90e-electric\/\",\"url\":\"https:\/\/pistonaddict.com\/lt\/product\/land-rover-defender-p90e-electric\/\",\"name\":\"Land Rover Defender P90E Elektrinis aukcionas - Piston Addict\",\"isPartOf\":{\"@id\":\"https:\/\/pistonaddict.com\/lt\/#website\"},\"primaryImageOfPage\":{\"@id\":\"https:\/\/pistonaddict.com\/lt\/product\/land-rover-defender-p90e-electric\/#primaryimage\"},\"image\":{\"@id\":\"https:\/\/pistonaddict.com\/lt\/product\/land-rover-defender-p90e-electric\/#primaryimage\"},\"thumbnailUrl\":\"https:\/\/pistonaddict.com\/wp-content\/uploads\/2023\/11\/def-05.jpg\",\"datePublished\":\"2023-11-17T16:40:02+00:00\",\"dateModified\":\"2024-03-19T15:59:09+00:00\",\"breadcrumb\":{\"@id\":\"https:\/\/pistonaddict.com\/lt\/product\/land-rover-defender-p90e-electric\/#breadcrumb\"},\"inLanguage\":\"lt-LT\",\"potentialAction\":[{\"@type\":\"ReadAction\",\"target\":[\"https:\/\/pistonaddict.com\/lt\/product\/land-rover-defender-p90e-electric\/\"]}]},{\"@type\":\"ImageObject\",\"inLanguage\":\"lt-LT\",\"@id\":\"https:\/\/pistonaddict.com\/lt\/product\/land-rover-defender-p90e-electric\/#primaryimage\",\"url\":\"https:\/\/pistonaddict.com\/wp-content\/uploads\/2023\/11\/def-05.jpg\",\"contentUrl\":\"https:\/\/pistonaddict.com\/wp-content\/uploads\/2023\/11\/def-05.jpg\",\"width\":2560,\"height\":1440},{\"@type\":\"BreadcrumbList\",\"@id\":\"https:\/\/pistonaddict.com\/lt\/product\/land-rover-defender-p90e-electric\/#breadcrumb\",\"itemListElement\":[{\"@type\":\"ListItem\",\"position\":1,\"name\":\"Pagrindinis puslapis\",\"item\":\"https:\/\/pistonaddict.com\/lt\/pradzia\/\"},{\"@type\":\"ListItem\",\"position\":2,\"name\":\"Auctions\",\"item\":\"https:\/\/pistonaddict.com\/auctions-listing\/\"},{\"@type\":\"ListItem\",\"position\":3,\"name\":\"Land Rover Defender P90E Elektrinis\"}]},{\"@type\":\"WebSite\",\"@id\":\"https:\/\/pistonaddict.com\/lt\/#website\",\"url\":\"https:\/\/pistonaddict.com\/lt\/\",\"name\":\"Piston Addict\",\"description\":\"Only interesting vehicles\",\"publisher\":{\"@id\":\"https:\/\/pistonaddict.com\/lt\/#organization\"},\"potentialAction\":[{\"@type\":\"SearchAction\",\"target\":{\"@type\":\"EntryPoint\",\"urlTemplate\":\"https:\/\/pistonaddict.com\/lt\/?s={search_term_string}\"},\"query-input\":\"required name=search_term_string\"}],\"inLanguage\":\"lt-LT\"},{\"@type\":\"Organization\",\"@id\":\"https:\/\/pistonaddict.com\/lt\/#organization\",\"name\":\"Piston Addict\",\"url\":\"https:\/\/pistonaddict.com\/lt\/\",\"logo\":{\"@type\":\"ImageObject\",\"inLanguage\":\"lt-LT\",\"@id\":\"https:\/\/pistonaddict.com\/lt\/#\/schema\/logo\/image\/\",\"url\":\"https:\/\/pistonaddict.com\/wp-content\/uploads\/2022\/07\/logo-6.png\",\"contentUrl\":\"https:\/\/pistonaddict.com\/wp-content\/uploads\/2022\/07\/logo-6.png\",\"width\":970,\"height\":200,\"caption\":\"Piston Addict\"},\"image\":{\"@id\":\"https:\/\/pistonaddict.com\/lt\/#\/schema\/logo\/image\/\"}}]}<\/script>\n<!-- \/ Yoast SEO plugin. -->","yoast_head_json":{"title":"Land Rover Defender P90E Elektrinis aukcionas - Piston Addict","robots":{"index":"index","follow":"follow","max-snippet":"max-snippet:-1","max-image-preview":"max-image-preview:large","max-video-preview":"max-video-preview:-1"},"canonical":"https:\/\/pistonaddict.com\/lt\/product\/land-rover-defender-p90e-electric\/","og_locale":"lt_LT","og_type":"article","og_title":"Land Rover Defender P90E Elektrinis aukcionas - Piston Addict","og_description":"Vienas i\u0161 \u012fdomiausi\u0173 elektromobili\u0173 revoliucijos aspekt\u0173 yra tai, kad galime i\u0161 naujo sukurti klasikinius automobilius ir suteikti jiems nauj\u0105 gyvenim\u0105. Klasikin\u0117s transporto priemon\u0117s modifikavimas itin modernia elektrine transmisija - tai \u017eingsnis toliau nei restauravimas ir unikalus b\u016bdas suderinti atpa\u017e\u012fstam\u0105 form\u0105 su XXI a. technologijomis. \u0160iandien su pasidid\u017eiavimu pristatome tok\u012f automobil\u012f - \"Land Rover Defender EV\", pirm\u0105j\u012f klasikin\u012f \"Defender\", kur\u012f \u0160veicarijos bendrov\u0117 \"Revive\" perdar\u0117 \u012f elektromobil\u012f.","og_url":"https:\/\/pistonaddict.com\/lt\/product\/land-rover-defender-p90e-electric\/","og_site_name":"Piston Addict","article_modified_time":"2024-03-19T15:59:09+00:00","og_image":[{"width":2560,"height":1440,"url":"https:\/\/pistonaddict.com\/wp-content\/uploads\/2023\/11\/def-05.jpg","type":"image\/jpeg"}],"twitter_card":"summary_large_image","twitter_misc":{"Est. reading time":"3 minut\u0117s"},"schema":{"@context":"https:\/\/schema.org","@graph":[{"@type":"WebPage","@id":"https:\/\/pistonaddict.com\/lt\/product\/land-rover-defender-p90e-electric\/","url":"https:\/\/pistonaddict.com\/lt\/product\/land-rover-defender-p90e-electric\/","name":"Land Rover Defender P90E Elektrinis aukcionas - Piston Addict","isPartOf":{"@id":"https:\/\/pistonaddict.com\/lt\/#website"},"primaryImageOfPage":{"@id":"https:\/\/pistonaddict.com\/lt\/product\/land-rover-defender-p90e-electric\/#primaryimage"},"image":{"@id":"https:\/\/pistonaddict.com\/lt\/product\/land-rover-defender-p90e-electric\/#primaryimage"},"thumbnailUrl":"https:\/\/pistonaddict.com\/wp-content\/uploads\/2023\/11\/def-05.jpg","datePublished":"2023-11-17T16:40:02+00:00","dateModified":"2024-03-19T15:59:09+00:00","breadcrumb":{"@id":"https:\/\/pistonaddict.com\/lt\/product\/land-rover-defender-p90e-electric\/#breadcrumb"},"inLanguage":"lt-LT","potentialAction":[{"@type":"ReadAction","target":["https:\/\/pistonaddict.com\/lt\/product\/land-rover-defender-p90e-electric\/"]}]},{"@type":"ImageObject","inLanguage":"lt-LT","@id":"https:\/\/pistonaddict.com\/lt\/product\/land-rover-defender-p90e-electric\/#primaryimage","url":"https:\/\/pistonaddict.com\/wp-content\/uploads\/2023\/11\/def-05.jpg","contentUrl":"https:\/\/pistonaddict.com\/wp-content\/uploads\/2023\/11\/def-05.jpg","width":2560,"height":1440},{"@type":"BreadcrumbList","@id":"https:\/\/pistonaddict.com\/lt\/product\/land-rover-defender-p90e-electric\/#breadcrumb","itemListElement":[{"@type":"ListItem","position":1,"name":"Pagrindinis puslapis","item":"https:\/\/pistonaddict.com\/lt\/pradzia\/"},{"@type":"ListItem","position":2,"name":"Auctions","item":"https:\/\/pistonaddict.com\/auctions-listing\/"},{"@type":"ListItem","position":3,"name":"Land Rover Defender P90E Elektrinis"}]},{"@type":"WebSite","@id":"https:\/\/pistonaddict.com\/lt\/#website","url":"https:\/\/pistonaddict.com\/lt\/","name":"Piston Addict","description":"Only interesting vehicles","publisher":{"@id":"https:\/\/pistonaddict.com\/lt\/#organization"},"potentialAction":[{"@type":"SearchAction","target":{"@type":"EntryPoint","urlTemplate":"https:\/\/pistonaddict.com\/lt\/?s={search_term_string}"},"query-input":"required name=search_term_string"}],"inLanguage":"lt-LT"},{"@type":"Organization","@id":"https:\/\/pistonaddict.com\/lt\/#organization","name":"Piston Addict","url":"https:\/\/pistonaddict.com\/lt\/","logo":{"@type":"ImageObject","inLanguage":"lt-LT","@id":"https:\/\/pistonaddict.com\/lt\/#\/schema\/logo\/image\/","url":"https:\/\/pistonaddict.com\/wp-content\/uploads\/2022\/07\/logo-6.png","contentUrl":"https:\/\/pistonaddict.com\/wp-content\/uploads\/2022\/07\/logo-6.png","width":970,"height":200,"caption":"Piston Addict"},"image":{"@id":"https:\/\/pistonaddict.com\/lt\/#\/schema\/logo\/image\/"}}]}},"_links":{"self":[{"href":"https:\/\/pistonaddict.com\/lt\/wp-json\/wp\/v2\/product\/72251"}],"collection":[{"href":"https:\/\/pistonaddict.com\/lt\/wp-json\/wp\/v2\/product"}],"about":[{"href":"https:\/\/pistonaddict.com\/lt\/wp-json\/wp\/v2\/types\/product"}],"replies":[{"embeddable":true,"href":"https:\/\/pistonaddict.com\/lt\/wp-json\/wp\/v2\/comments?post=72251"}],"wp:featuredmedia":[{"embeddable":true,"href":"https:\/\/pistonaddict.com\/lt\/wp-json\/wp\/v2\/media\/71392"}],"wp:attachment":[{"href":"https:\/\/pistonaddict.com\/lt\/wp-json\/wp\/v2\/media?parent=72251"}],"wp:term":[{"taxonomy":"product_cat","embeddable":true,"href":"https:\/\/pistonaddict.com\/lt\/wp-json\/wp\/v2\/product_cat?post=72251"},{"taxonomy":"product_tag","embeddable":true,"href":"https:\/\/pistonaddict.com\/lt\/wp-json\/wp\/v2\/product_tag?post=72251"}],"curies":[{"name":"wp","href":"https:\/\/api.w.org\/{rel}","templated":true}]}}