{"id":69427,"date":"2023-11-09T17:05:55","date_gmt":"2023-11-09T16:05:55","guid":{"rendered":"https:\/\/pistonaddict.com\/product\/mini-rover-1-3-mpi-silverstone\/"},"modified":"2023-12-20T09:54:07","modified_gmt":"2023-12-20T08:54:07","slug":"mini-rover-1-3-mpi-silverstone","status":"publish","type":"product","link":"https:\/\/pistonaddict.com\/lt\/product\/mini-rover-1-3-mpi-silverstone\/","title":{"rendered":"Mini Rover 1.3 Silverstone"},"content":{"rendered":"<h2>I\u0161or\u0117<\/h2>\n<p>I\u0161or\u0117je pa\u017e\u012fstamos \u0161io juodo dviej\u0173 dur\u0173 he\u010dbeko formos pa\u012fvairintos tokiomis detal\u0117mis kaip chromuotos grotel\u0117s, lenktynin\u0117s juostos ant variklio dang\u010dio ir baltai nuda\u017eytas stogas. Be to, priekyje yra pora r\u016bko \u017eibint\u0173, kurie pagerina matomum\u0105 ir i\u0161vaizd\u0105. Kartu su jais aplink va\u017eiuoja balti pos\u016bkio rodikliai, kurie yra daug geresnis variantas nei senamadi\u0161ki geltoni. Galin\u0117je dalyje yra centrinis i\u0161metimo vamzdis su chromuotu antgaliu.<\/p>\n<p>Galiausiai, k\u0105 b\u016btina pamin\u0117ti, yra i\u0161platintos rat\u0173 arkos, kurios dar labiau pabr\u0117\u017eia agresyvi\u0105 automobilio i\u0161vaizd\u0105. Ta\u010diau \u0161i modifikacija skirta ne tik parodai, nes jos reik\u0117jo, kad b\u016bt\u0173 pakankamai vietos platiems sportiniams ratams. Kalbant apie padangas, reikia pamin\u0117ti, kad \u0161io automobilio 13 coli\u0173 ratlankiai n\u0117ra standartiniai. Ta\u010diau pardav\u0117jas teigia, kad jos taip pat bus pateiktos.<\/p>\n<h2>Interjeras<\/h2>\n<p>\u012es\u0117d\u0119 \u012f automobil\u012f, s\u0117d\u0117site u\u017e tipi\u0161ko &#8220;Mini&#8221; modelio trij\u0173 stipin\u0173 odinio vairo. U\u017e jo yra prietais\u0173 skydelis su spidometru, kurio rodmenys baigiasi ties 180 km\/val. grei\u010diu, ir iki 8 000 apsisukim\u0173 per minut\u0119 siekian\u010diu apsuk\u0173 skaitikliu. Kaip ir tik\u0117tasi, prietais\u0173 skydelis, pagamintas i\u0161 tikro med\u017eio, yra skurd\u017eiai \u012frengtas ir si\u016blo tik b\u016btiniausius dalykus. Tai apima \u0161vies\u0173 jungiklius, ventiliacijos ang\u0173 valdiklius ir stereogarsiakalb\u012f, kuris \u0161iuo atveju yra &#8220;Sony&#8221; \u012frenginys.<\/p>\n<p>Likusi interjero dalis ai\u0161kiai rodo sportin\u012f automobilio charakter\u012f, o labiausiai \u012ftikina priekin\u0117s s\u0117dyn\u0117s. Juodos odos ir pilko audinio derinio drabu\u017eiai suteiks pakankam\u0105 atram\u0105 \u012fveikiant siaurus pos\u016bkius, kur &#8220;Mini&#8221; geriausiai jau\u010diasi. Galin\u0117s s\u0117dyn\u0117s ir \u0161oninis skydelis apmu\u0161ti tuo pa\u010diu stiliumi, o ak\u012f traukian\u010di\u0105 i\u0161vaizd\u0105 u\u017ebaigia raudonas grind\u0173 kilimas. Galiausiai, prie\u0161 pristatydamas automobil\u012f pardav\u0117jas pakeis stogo \u012fd\u0117kl\u0105, nes originalus \u012fd\u0117klas yra pa\u017eeistas tiesiai vir\u0161 sk\u0117\u010di\u0173 nuo saul\u0117s (\u017er. nuotrauk\u0105).<\/p>\n<h2>Mechanika<\/h2>\n<p>\u0160iame &#8220;Mini Cooper&#8221; sumontuotas 1,3 4 cilindr\u0173 variklis, kuris priekinius ratus suka per 4 laipsni\u0173 mechanin\u0119 pavar\u0173 d\u0117\u017e\u0119. Nors pagrindin\u0117 variklio konfig\u016bracija siekia \u0161e\u0161t\u0105j\u012f de\u0161imtmet\u012f, \u0161iame konkre\u010diame modelyje \u012fdiegtas &#8220;Rover&#8221; elektroninis degal\u0173 \u012fpur\u0161kimas, tod\u0117l automobilis yra patikimesnis ir patogesnis vairuoti.<\/p>\n<p>Kalbant apie gali\u0105, &#8220;Mini Cooper&#8221; turi tik 63 arklio galias, o tai gali pasirodyti nedaug. Ta\u010diau jam tenka dirbti tik su 685 kg &#8211; tiek sveria \u0161is automobilis. Apskritai, nors &#8220;Mini&#8221; grei\u010diausiai n\u0117ra stulbinamai greitas tiesiojoje, jis ne\u012ftik\u0117tinai smagus pos\u016bkiuose. Ir tai yra vienas i\u0161 dalyk\u0173, d\u0117l kuri\u0173 jis tapo toks ypatingas ir garsus.<\/p>\n<h2>Transporto priemon\u0117s istorija<\/h2>\n<p>Galiausiai keletas \u017eod\u017ei\u0173 apie dabartin\u0119 &#8220;Mini&#8221; b\u016bkl\u0119, kuri\u0105 pardav\u0117jas apib\u016bdina kaip labai ger\u0105. Paskutin\u012f kart\u0105 automobilio technin\u0117 prie\u017ei\u016bra buvo atlikta 2023 m. bir\u017eelio m\u0117n., kai buvo atlikta reguliari technin\u0117 prie\u017ei\u016bra ir sumontuoti nauji stabd\u017eiai. Be to, visas i\u0161metimo vamzdis, \u012fskaitant katalizatori\u0173, yra naujas. I\u0161 nuotrauk\u0173 matyti, kad automobilis tiek i\u0161or\u0117je, tiek viduje atrodo nepriekai\u0161tingai. Be to, profesionalus pardav\u0117jas, kuris yra penktasis automobilio savininkas, teigia, kad automobilis niekada nebuvo patek\u0119s \u012f avarij\u0105, ir tai papildomai patvirtina atitinkama <a href=\"https:\/\/pistonaddict.com\/wp-content\/uploads\/2023\/11\/CARFAX-Vehicle-History-Report-ROVER-MINI.pdf\">CARFAX<\/a> automobilio istorijos ataskaita. Paskutin\u0117 technin\u0117 ap\u017ei\u016bra atlikta ir patvirtinta 2023 m. spalio 6 d.<\/p>\n<p><strong><br \/>\nPer\u017ei\u016br\u0117kite \u0161io mielo &#8220;Mini Rover Silverstone&#8221; \u0161altojo starto vaizdo \u012fra\u0161\u0105:<\/strong><\/p>\n<p><iframe title=\"Cold Start Video of the Austin Mini Silverstone for auction sale\" width=\"1200\" height=\"675\" src=\"https:\/\/www.youtube.com\/embed\/NW_53HH3Wg4?feature=oembed\" frameborder=\"0\" allow=\"accelerometer; autoplay; clipboard-write; encrypted-media; gyroscope; picture-in-picture; web-share\" allowfullscreen><\/iframe><\/p>\n","protected":false},"excerpt":{"rendered":"<p>Jei ie\u0161kote ma\u017eo, prakti\u0161ko ir manevringo klasikinio automobilio, originalus &#8220;Mini&#8221; turi b\u016bti j\u016bs\u0173 s\u0105ra\u0161o vir\u0161uje. Per vis\u0105 ilg\u0105 gamybos laikotarp\u012f \u0161is automobili\u0173 ikona buvo gaminamas keli\u0173 variant\u0173, o sporti\u0161kasis &#8220;Cooper&#8221; buvo bene geid\u017eiamiausias. Tai automobilis, kuriame originalus &#8220;Mini&#8221; charakteris derinamas su \u012fvairiomis i\u0161skirtin\u0117mis vaizdin\u0117mis detal\u0117mis ir jaudinan\u010dia vairavimo patirtimi. \u010cia parduodamas puikios b\u016bkl\u0117s 1993 m. &#8220;Mini Cooper&#8221;, kuris iki \u0161iol nuva\u017eiavo 74 000 km. Dar daugiau, tai, kad \u0161is automobilis yra vienas i\u0161 400 &#8220;Silverstone&#8221; pagamint\u0173 egzempliori\u0173, suteikia jam i\u0161skirtinumo. Atid\u017eiau ap\u017evelkime, k\u0105 jis gali pasi\u016blyti.<\/p>\n","protected":false},"featured_media":67415,"comment_status":"open","ping_status":"closed","template":"","meta":{"inline_featured_image":false},"product_cat":[703],"product_tag":[2467,2466,1005],"acf":[],"yoast_head":"<!-- This site is optimized with the Yoast SEO plugin v22.5 - https:\/\/yoast.com\/wordpress\/plugins\/seo\/ -->\n<title>Mini Rover 1.3 Silverstone aukcionas - Piston Addict<\/title>\n<meta name=\"robots\" content=\"index, follow, max-snippet:-1, max-image-preview:large, max-video-preview:-1\" \/>\n<link rel=\"canonical\" href=\"https:\/\/pistonaddict.com\/lt\/product\/mini-rover-1-3-mpi-silverstone\/\" \/>\n<meta property=\"og:locale\" content=\"lt_LT\" \/>\n<meta property=\"og:type\" content=\"article\" \/>\n<meta property=\"og:title\" content=\"Mini Rover 1.3 Silverstone aukcionas - Piston Addict\" \/>\n<meta property=\"og:description\" content=\"Jei ie\u0161kote ma\u017eo, prakti\u0161ko ir manevringo klasikinio automobilio, originalus &quot;Mini&quot; turi b\u016bti j\u016bs\u0173 s\u0105ra\u0161o vir\u0161uje. Per vis\u0105 ilg\u0105 gamybos laikotarp\u012f \u0161is automobili\u0173 ikona buvo gaminamas keli\u0173 variant\u0173, o sporti\u0161kasis &quot;Cooper&quot; buvo bene geid\u017eiamiausias. Tai automobilis, kuriame originalus &quot;Mini&quot; charakteris derinamas su \u012fvairiomis i\u0161skirtin\u0117mis vaizdin\u0117mis detal\u0117mis ir jaudinan\u010dia vairavimo patirtimi. \u010cia parduodamas puikios b\u016bkl\u0117s 1993 m. &quot;Mini Cooper&quot;, kuris iki \u0161iol nuva\u017eiavo 74 000 km. Dar daugiau, tai, kad \u0161is automobilis yra vienas i\u0161 400 &quot;Silverstone&quot; pagamint\u0173 egzempliori\u0173, suteikia jam i\u0161skirtinumo. Atid\u017eiau ap\u017evelkime, k\u0105 jis gali pasi\u016blyti.\" \/>\n<meta property=\"og:url\" content=\"https:\/\/pistonaddict.com\/lt\/product\/mini-rover-1-3-mpi-silverstone\/\" \/>\n<meta property=\"og:site_name\" content=\"Piston Addict\" \/>\n<meta property=\"article:modified_time\" content=\"2023-12-20T08:54:07+00:00\" \/>\n<meta property=\"og:image\" content=\"https:\/\/pistonaddict.com\/wp-content\/uploads\/2023\/11\/IMG_5534-scaled.jpeg\" \/>\n\t<meta property=\"og:image:width\" content=\"2560\" \/>\n\t<meta property=\"og:image:height\" content=\"1920\" \/>\n\t<meta property=\"og:image:type\" content=\"image\/jpeg\" \/>\n<meta name=\"twitter:card\" content=\"summary_large_image\" \/>\n<meta name=\"twitter:label1\" content=\"Est. reading time\" \/>\n\t<meta name=\"twitter:data1\" content=\"3 minut\u0117s\" \/>\n<script type=\"application\/ld+json\" class=\"yoast-schema-graph\">{\"@context\":\"https:\/\/schema.org\",\"@graph\":[{\"@type\":\"WebPage\",\"@id\":\"https:\/\/pistonaddict.com\/lt\/product\/mini-rover-1-3-mpi-silverstone\/\",\"url\":\"https:\/\/pistonaddict.com\/lt\/product\/mini-rover-1-3-mpi-silverstone\/\",\"name\":\"Mini Rover 1.3 Silverstone aukcionas - Piston Addict\",\"isPartOf\":{\"@id\":\"https:\/\/pistonaddict.com\/lt\/#website\"},\"primaryImageOfPage\":{\"@id\":\"https:\/\/pistonaddict.com\/lt\/product\/mini-rover-1-3-mpi-silverstone\/#primaryimage\"},\"image\":{\"@id\":\"https:\/\/pistonaddict.com\/lt\/product\/mini-rover-1-3-mpi-silverstone\/#primaryimage\"},\"thumbnailUrl\":\"https:\/\/pistonaddict.com\/wp-content\/uploads\/2023\/11\/IMG_5534-scaled.jpeg\",\"datePublished\":\"2023-11-09T16:05:55+00:00\",\"dateModified\":\"2023-12-20T08:54:07+00:00\",\"breadcrumb\":{\"@id\":\"https:\/\/pistonaddict.com\/lt\/product\/mini-rover-1-3-mpi-silverstone\/#breadcrumb\"},\"inLanguage\":\"lt-LT\",\"potentialAction\":[{\"@type\":\"ReadAction\",\"target\":[\"https:\/\/pistonaddict.com\/lt\/product\/mini-rover-1-3-mpi-silverstone\/\"]}]},{\"@type\":\"ImageObject\",\"inLanguage\":\"lt-LT\",\"@id\":\"https:\/\/pistonaddict.com\/lt\/product\/mini-rover-1-3-mpi-silverstone\/#primaryimage\",\"url\":\"https:\/\/pistonaddict.com\/wp-content\/uploads\/2023\/11\/IMG_5534-scaled.jpeg\",\"contentUrl\":\"https:\/\/pistonaddict.com\/wp-content\/uploads\/2023\/11\/IMG_5534-scaled.jpeg\",\"width\":2560,\"height\":1920},{\"@type\":\"BreadcrumbList\",\"@id\":\"https:\/\/pistonaddict.com\/lt\/product\/mini-rover-1-3-mpi-silverstone\/#breadcrumb\",\"itemListElement\":[{\"@type\":\"ListItem\",\"position\":1,\"name\":\"Pagrindinis puslapis\",\"item\":\"https:\/\/pistonaddict.com\/lt\/pradzia\/\"},{\"@type\":\"ListItem\",\"position\":2,\"name\":\"Auctions\",\"item\":\"https:\/\/pistonaddict.com\/auctions-listing\/\"},{\"@type\":\"ListItem\",\"position\":3,\"name\":\"Mini Rover 1.3 Silverstone\"}]},{\"@type\":\"WebSite\",\"@id\":\"https:\/\/pistonaddict.com\/lt\/#website\",\"url\":\"https:\/\/pistonaddict.com\/lt\/\",\"name\":\"Piston Addict\",\"description\":\"Only interesting vehicles\",\"publisher\":{\"@id\":\"https:\/\/pistonaddict.com\/lt\/#organization\"},\"potentialAction\":[{\"@type\":\"SearchAction\",\"target\":{\"@type\":\"EntryPoint\",\"urlTemplate\":\"https:\/\/pistonaddict.com\/lt\/?s={search_term_string}\"},\"query-input\":\"required name=search_term_string\"}],\"inLanguage\":\"lt-LT\"},{\"@type\":\"Organization\",\"@id\":\"https:\/\/pistonaddict.com\/lt\/#organization\",\"name\":\"Piston Addict\",\"url\":\"https:\/\/pistonaddict.com\/lt\/\",\"logo\":{\"@type\":\"ImageObject\",\"inLanguage\":\"lt-LT\",\"@id\":\"https:\/\/pistonaddict.com\/lt\/#\/schema\/logo\/image\/\",\"url\":\"https:\/\/pistonaddict.com\/wp-content\/uploads\/2022\/07\/logo-6.png\",\"contentUrl\":\"https:\/\/pistonaddict.com\/wp-content\/uploads\/2022\/07\/logo-6.png\",\"width\":970,\"height\":200,\"caption\":\"Piston Addict\"},\"image\":{\"@id\":\"https:\/\/pistonaddict.com\/lt\/#\/schema\/logo\/image\/\"}}]}<\/script>\n<!-- \/ Yoast SEO plugin. -->","yoast_head_json":{"title":"Mini Rover 1.3 Silverstone aukcionas - Piston Addict","robots":{"index":"index","follow":"follow","max-snippet":"max-snippet:-1","max-image-preview":"max-image-preview:large","max-video-preview":"max-video-preview:-1"},"canonical":"https:\/\/pistonaddict.com\/lt\/product\/mini-rover-1-3-mpi-silverstone\/","og_locale":"lt_LT","og_type":"article","og_title":"Mini Rover 1.3 Silverstone aukcionas - Piston Addict","og_description":"Jei ie\u0161kote ma\u017eo, prakti\u0161ko ir manevringo klasikinio automobilio, originalus \"Mini\" turi b\u016bti j\u016bs\u0173 s\u0105ra\u0161o vir\u0161uje. Per vis\u0105 ilg\u0105 gamybos laikotarp\u012f \u0161is automobili\u0173 ikona buvo gaminamas keli\u0173 variant\u0173, o sporti\u0161kasis \"Cooper\" buvo bene geid\u017eiamiausias. Tai automobilis, kuriame originalus \"Mini\" charakteris derinamas su \u012fvairiomis i\u0161skirtin\u0117mis vaizdin\u0117mis detal\u0117mis ir jaudinan\u010dia vairavimo patirtimi. \u010cia parduodamas puikios b\u016bkl\u0117s 1993 m. \"Mini Cooper\", kuris iki \u0161iol nuva\u017eiavo 74 000 km. Dar daugiau, tai, kad \u0161is automobilis yra vienas i\u0161 400 \"Silverstone\" pagamint\u0173 egzempliori\u0173, suteikia jam i\u0161skirtinumo. Atid\u017eiau ap\u017evelkime, k\u0105 jis gali pasi\u016blyti.","og_url":"https:\/\/pistonaddict.com\/lt\/product\/mini-rover-1-3-mpi-silverstone\/","og_site_name":"Piston Addict","article_modified_time":"2023-12-20T08:54:07+00:00","og_image":[{"width":2560,"height":1920,"url":"https:\/\/pistonaddict.com\/wp-content\/uploads\/2023\/11\/IMG_5534-scaled.jpeg","type":"image\/jpeg"}],"twitter_card":"summary_large_image","twitter_misc":{"Est. reading time":"3 minut\u0117s"},"schema":{"@context":"https:\/\/schema.org","@graph":[{"@type":"WebPage","@id":"https:\/\/pistonaddict.com\/lt\/product\/mini-rover-1-3-mpi-silverstone\/","url":"https:\/\/pistonaddict.com\/lt\/product\/mini-rover-1-3-mpi-silverstone\/","name":"Mini Rover 1.3 Silverstone aukcionas - Piston Addict","isPartOf":{"@id":"https:\/\/pistonaddict.com\/lt\/#website"},"primaryImageOfPage":{"@id":"https:\/\/pistonaddict.com\/lt\/product\/mini-rover-1-3-mpi-silverstone\/#primaryimage"},"image":{"@id":"https:\/\/pistonaddict.com\/lt\/product\/mini-rover-1-3-mpi-silverstone\/#primaryimage"},"thumbnailUrl":"https:\/\/pistonaddict.com\/wp-content\/uploads\/2023\/11\/IMG_5534-scaled.jpeg","datePublished":"2023-11-09T16:05:55+00:00","dateModified":"2023-12-20T08:54:07+00:00","breadcrumb":{"@id":"https:\/\/pistonaddict.com\/lt\/product\/mini-rover-1-3-mpi-silverstone\/#breadcrumb"},"inLanguage":"lt-LT","potentialAction":[{"@type":"ReadAction","target":["https:\/\/pistonaddict.com\/lt\/product\/mini-rover-1-3-mpi-silverstone\/"]}]},{"@type":"ImageObject","inLanguage":"lt-LT","@id":"https:\/\/pistonaddict.com\/lt\/product\/mini-rover-1-3-mpi-silverstone\/#primaryimage","url":"https:\/\/pistonaddict.com\/wp-content\/uploads\/2023\/11\/IMG_5534-scaled.jpeg","contentUrl":"https:\/\/pistonaddict.com\/wp-content\/uploads\/2023\/11\/IMG_5534-scaled.jpeg","width":2560,"height":1920},{"@type":"BreadcrumbList","@id":"https:\/\/pistonaddict.com\/lt\/product\/mini-rover-1-3-mpi-silverstone\/#breadcrumb","itemListElement":[{"@type":"ListItem","position":1,"name":"Pagrindinis puslapis","item":"https:\/\/pistonaddict.com\/lt\/pradzia\/"},{"@type":"ListItem","position":2,"name":"Auctions","item":"https:\/\/pistonaddict.com\/auctions-listing\/"},{"@type":"ListItem","position":3,"name":"Mini Rover 1.3 Silverstone"}]},{"@type":"WebSite","@id":"https:\/\/pistonaddict.com\/lt\/#website","url":"https:\/\/pistonaddict.com\/lt\/","name":"Piston Addict","description":"Only interesting vehicles","publisher":{"@id":"https:\/\/pistonaddict.com\/lt\/#organization"},"potentialAction":[{"@type":"SearchAction","target":{"@type":"EntryPoint","urlTemplate":"https:\/\/pistonaddict.com\/lt\/?s={search_term_string}"},"query-input":"required name=search_term_string"}],"inLanguage":"lt-LT"},{"@type":"Organization","@id":"https:\/\/pistonaddict.com\/lt\/#organization","name":"Piston Addict","url":"https:\/\/pistonaddict.com\/lt\/","logo":{"@type":"ImageObject","inLanguage":"lt-LT","@id":"https:\/\/pistonaddict.com\/lt\/#\/schema\/logo\/image\/","url":"https:\/\/pistonaddict.com\/wp-content\/uploads\/2022\/07\/logo-6.png","contentUrl":"https:\/\/pistonaddict.com\/wp-content\/uploads\/2022\/07\/logo-6.png","width":970,"height":200,"caption":"Piston Addict"},"image":{"@id":"https:\/\/pistonaddict.com\/lt\/#\/schema\/logo\/image\/"}}]}},"_links":{"self":[{"href":"https:\/\/pistonaddict.com\/lt\/wp-json\/wp\/v2\/product\/69427"}],"collection":[{"href":"https:\/\/pistonaddict.com\/lt\/wp-json\/wp\/v2\/product"}],"about":[{"href":"https:\/\/pistonaddict.com\/lt\/wp-json\/wp\/v2\/types\/product"}],"replies":[{"embeddable":true,"href":"https:\/\/pistonaddict.com\/lt\/wp-json\/wp\/v2\/comments?post=69427"}],"wp:featuredmedia":[{"embeddable":true,"href":"https:\/\/pistonaddict.com\/lt\/wp-json\/wp\/v2\/media\/67415"}],"wp:attachment":[{"href":"https:\/\/pistonaddict.com\/lt\/wp-json\/wp\/v2\/media?parent=69427"}],"wp:term":[{"taxonomy":"product_cat","embeddable":true,"href":"https:\/\/pistonaddict.com\/lt\/wp-json\/wp\/v2\/product_cat?post=69427"},{"taxonomy":"product_tag","embeddable":true,"href":"https:\/\/pistonaddict.com\/lt\/wp-json\/wp\/v2\/product_tag?post=69427"}],"curies":[{"name":"wp","href":"https:\/\/api.w.org\/{rel}","templated":true}]}}