{"id":67058,"date":"2023-11-07T14:48:12","date_gmt":"2023-11-07T13:48:12","guid":{"rendered":"https:\/\/pistonaddict.com\/product\/ferrari-348-tb\/"},"modified":"2024-03-20T09:41:36","modified_gmt":"2024-03-20T08:41:36","slug":"ferrari-348-tb","status":"publish","type":"product","link":"https:\/\/pistonaddict.com\/lt\/product\/ferrari-348-tb\/","title":{"rendered":"Ferrari 348 TB"},"content":{"rendered":"<p><strong>Automobilio istorija<\/strong><\/p>\n<p>1989 m. pristatytas modelis 348 TB, kuris, palyginti su ankstesniais modeliais, \u017eeng\u0117 didel\u012f \u017eingsn\u012f \u012f priek\u012f na\u0161umo ir in\u017einerijos srityje. Be to, tai buvo vienas paskutini\u0173j\u0173 &#8220;Enzo&#8221; eros modeli\u0173, kurio gamyba buvo patvirtinta prie\u0161 pat legendinio &#8220;Ferrari&#8221; vadovo mirt\u012f. 3,4 l V8 variklis i\u0161vysto 300 AG ir u\u017etikrina jaudinant\u012f veikim\u0105. \u0160is konkretus automobilis buvo pristatytas naujas 1991 m. \u0160veicarijoje, o dabartinis savininkas j\u012f \u012fsigijo 2023 m. <strong>Ta\u010diau \u0161is &#8220;Ferrari 348 TB&#8221; toks \u012fdomus tuo, kad jame buvo sumontuotas &#8220;Challenge&#8221; komplektas<\/strong>. Devintojo de\u0161imtme\u010dio prad\u017eioje &#8220;Ferrari&#8221; prad\u0117jo garsi\u0105j\u0105 &#8220;348 Challenge&#8221; lenktyni\u0173 serij\u0105, skirt\u0105 savininkams, norintiems lenktyniauti savo automobiliais. Norint dalyvauti konkurse, reik\u0117jo \u012fsigyti &#8220;348 Challenge&#8221; gamykloje (pagaminta apie 50 egzempliori\u0173) arba u\u017esisakyti &#8220;Challenge&#8221; rinkin\u012f i\u0161 &#8220;Ferrari&#8221; atstovyb\u0117s. <strong>\u012e &#8220;Challenge&#8221; specifikacij\u0105 \u012f\u0117jo iki 320 AG patobulintas variklis, geresni stabd\u017eiai, s\u0117dyn\u0117s, ma\u017eesnis akumuliatorius, apsauginis narvelis ir slid\u017eios padangos<\/strong>. \u0160\u012f pavyzd\u012f &#8220;Ferrari&#8221; dileris perdar\u0117 1995 m. pabaigoje, ta\u010diau jis niekada neva\u017eiavo, nes 1996 m. sezone &#8220;Ferrari Challenge&#8221; serijoje buvo pereita prie &#8220;Ferrari 355&#8221; modelio. <strong> \u0160is geltonas 348 automobilis yra vienas i\u0161 ma\u017edaug 150 automobili\u0173, kuriuos pardav\u0117jai perdar\u0117 visame pasaulyje, ir tikriausiai vienintelis be lenktyni\u0173 istorijos!<\/strong><\/p>\n<p><strong>Interjeras<\/strong><\/p>\n<p>Kadangi \u0161is &#8220;Ferrari&#8221; buvo kruop\u0161\u010diai pri\u017ei\u016brimas, juodas odinis salonas yra labai geros b\u016bkl\u0117s su minimaliais naudojimo p\u0117dsakais. Ankstesnis savininkas pa\u0161alino apsaugin\u012f narv\u0105 ir gr\u0105\u017eino originalias s\u0117dynes, kad b\u016bt\u0173 daug lengviau \u012flipti ir i\u0161lipti. Prietais\u0173 skydelyje n\u0117ra \u012ftr\u016bkim\u0173, visi prietaisai ir mygtukai veikia. N\u0117ra joki\u0173 pakeitim\u0173, i\u0161skyrus CD grotuv\u0105, kuris puikiai dera prie \u0161io automobilio 90-\u0173j\u0173 stiliaus.<\/p>\n<p><strong>B\u016bkl\u0117<\/strong><\/p>\n<p>\u0160is &#8220;Ferrari 348 TB Challenge&#8221;, nuo nauj\u0173j\u0173 met\u0173 nuva\u017eiav\u0119s vos 55 721 km, yra nepriekai\u0161tingos b\u016bkl\u0117s ir kruop\u0161\u010diai pri\u017ei\u016brimas vis\u0173 naudotoj\u0173. Kaip matyti i\u0161 \u012fra\u0161\u0173, transporto priemon\u0117 buvo ma\u017eai naudota ir gerai pri\u017ei\u016br\u0117ta. Su \u0161iuo automobiliu pateikta technin\u0117s prie\u017ei\u016bros istorijos byla yra ne\u012ftik\u0117tina, su originaliu pardavimo s\u0105skaitos dokumentu ir savininkais i\u0161 9-ojo de\u0161imtme\u010dio. Paskutin\u0117 technin\u0117 prie\u017ei\u016bra atlikta 2023 m. rugpj\u016bt\u012f, o 2023 m. lapkrit\u012f, vos prie\u0161 kelias dienas, buvo atliktas kapitalinis stabd\u017ei\u0173 remontas. Pardav\u0117jo teigimu, kita technin\u0117 prie\u017ei\u016bra tur\u0117t\u0173 b\u016bti paskirstytojo dir\u017eas, kur\u012f gali atlikti j\u0173 mechanikai u\u017e papildom\u0105 3000 eur\u0173 kain\u0105. N\u0117ra joki\u0173 nutek\u0117jim\u0173; po automobiliu yra toks pat \u0161varus, kaip ir jo salonas. Automobilis yra paruo\u0161tas va\u017eiuoti bet kur ir tikriausiai yra vienas geriausi\u0173 vairuotojo kokyb\u0117s &#8220;Ferrari 348 TB Challenge&#8221; pavyzd\u017ei\u0173, kok\u012f tik galite sutikti.<\/p>\n<p><strong>I\u0161or\u0117 ir ratai<\/strong><\/p>\n<p>Giallo geltonos spalvos da\u017eai yra puikios b\u016bkl\u0117s, be \u012fbr\u0117\u017eim\u0173 ir \u012flenkim\u0173. Da\u017e\u0173 storio \u012frankis rodo spalvos nuoseklum\u0105, o tai rei\u0161kia, kad nebuvo joki\u0173 apgadinim\u0173 remonto ir k\u0117bulo u\u017epild\u0173. Vienintel\u0117 matoma automobilio k\u0117bulo \u017eala yra vairuotojo dureli\u0173 apmu\u0161alai, ant kuri\u0173 matyti nusid\u0117v\u0117jimo po\u017eymi\u0173, ta\u010diau to galima tik\u0117tis atsi\u017evelgiant \u012f automobilio am\u017ei\u0173. Laikotarp\u012f atitinkantys 17 coli\u0173 &#8220;OZ&#8221; lengvojo lydinio ratlankiai yra specifiniai &#8220;Challenge&#8221; elementai ir atrodo gerai. &#8220;Michelin Pilot Sport&#8221; padangos yra senesn\u0117s, bet ne susid\u0117v\u0117jusios.<\/p>\n<p><strong> <\/strong><strong>Dokumentacija<\/strong><\/p>\n<p>\u0160i\u0105 transporto priemon\u0119 parduoda pardav\u0117jas su atitinkamais dokumentais, ji yra Ispanijoje. &#8221; <a href=\"https:\/\/pistonaddict.com\/wp-content\/uploads\/2023\/11\/CARFAX-Vehicle-History-Report-FERRARI-348-tb.pdf\">CarFax&#8221; ataskaita<\/a> yra \u0161vari; n\u0117ra joki\u0173 avarij\u0173, remonto, nuosavyb\u0117s ar teisini\u0173 problem\u0173 \u012frodym\u0173. Yra \u012fra\u0161ai apie reguliari\u0105 technin\u0119 prie\u017ei\u016br\u0105, originalios gamyklin\u0117s bro\u0161i\u016bros, pardavimo s\u0105skaitos, kvitai, o technin\u0117s ap\u017ei\u016bros patvirtinimas galioja iki 2024 m. rugpj\u016b\u010dio m\u0117n. Dokument\u0173 kiekis tiesiog stulbina, retai kada galima pamatyti automobil\u012f su tiek daug dokument\u0173, \u012frodan\u010di\u0173, kad jis buvo gerai pri\u017ei\u016brimas.<\/p>\n<p><strong><br \/>\nPer\u017ei\u016br\u0117kite \u0161io gra\u017eaus &#8220;Ferrari 348 TB&#8221; \u0161altojo starto vaizdo \u012fra\u0161\u0105:<\/strong><\/p>\n<p><iframe title=\"Cold Start Video of the Ferrari F348 TB for auction sale\" width=\"1200\" height=\"675\" src=\"https:\/\/www.youtube.com\/embed\/VcqnL6NA2Yk?feature=oembed\" frameborder=\"0\" allow=\"accelerometer; autoplay; clipboard-write; encrypted-media; gyroscope; picture-in-picture; web-share\" allowfullscreen><\/iframe><\/p>\n","protected":false},"excerpt":{"rendered":"<p>Vairuoti &#8220;Ferrari&#8221; visada \u012fdomu. \u0160e\u0161tojo de\u0161imtme\u010dio automobiliai dabar yra per daug vertingi, kad gal\u0117t\u0173 b\u016bti naudojami keliuose, o dabartiniai automobiliai yra beveik per greiti \u0161iuolaikiniam eismui. Ta\u010diau vis dar yra modeli\u0173, kurie gali suteikti jums vis\u0105 grynakraujo itali\u0161ko sportinio automobilio malonum\u0105, nat\u016bralaus V8 variklio riaumojim\u0105 ir neprilygstam\u0105 vairavimo dinamik\u0105. Su pasidid\u017eiavimu pristatome idealios b\u016bkl\u0117s automobil\u012f, susijus\u012f su automobili\u0173 sportu ir turint\u012f beproti\u0161kus dokumentus.<\/p>\n","protected":false},"featured_media":64590,"comment_status":"open","ping_status":"closed","template":"","meta":{"inline_featured_image":false},"product_cat":[703],"product_tag":[2399,2398,1005],"acf":[],"yoast_head":"<!-- This site is optimized with the Yoast SEO plugin v22.5 - https:\/\/yoast.com\/wordpress\/plugins\/seo\/ -->\n<title>Ferrari 348 TB aukcionas - Piston Addict<\/title>\n<meta name=\"robots\" content=\"index, follow, max-snippet:-1, max-image-preview:large, max-video-preview:-1\" \/>\n<link rel=\"canonical\" href=\"https:\/\/pistonaddict.com\/lt\/product\/ferrari-348-tb\/\" \/>\n<meta property=\"og:locale\" content=\"lt_LT\" \/>\n<meta property=\"og:type\" content=\"article\" \/>\n<meta property=\"og:title\" content=\"Ferrari 348 TB aukcionas - Piston Addict\" \/>\n<meta property=\"og:description\" content=\"Vairuoti &quot;Ferrari&quot; visada \u012fdomu. \u0160e\u0161tojo de\u0161imtme\u010dio automobiliai dabar yra per daug vertingi, kad gal\u0117t\u0173 b\u016bti naudojami keliuose, o dabartiniai automobiliai yra beveik per greiti \u0161iuolaikiniam eismui. Ta\u010diau vis dar yra modeli\u0173, kurie gali suteikti jums vis\u0105 grynakraujo itali\u0161ko sportinio automobilio malonum\u0105, nat\u016bralaus V8 variklio riaumojim\u0105 ir neprilygstam\u0105 vairavimo dinamik\u0105. Su pasidid\u017eiavimu pristatome idealios b\u016bkl\u0117s automobil\u012f, susijus\u012f su automobili\u0173 sportu ir turint\u012f beproti\u0161kus dokumentus.\" \/>\n<meta property=\"og:url\" content=\"https:\/\/pistonaddict.com\/lt\/product\/ferrari-348-tb\/\" \/>\n<meta property=\"og:site_name\" content=\"Piston Addict\" \/>\n<meta property=\"article:modified_time\" content=\"2024-03-20T08:41:36+00:00\" \/>\n<meta property=\"og:image\" content=\"https:\/\/pistonaddict.com\/wp-content\/uploads\/2023\/11\/IMG7107-scaled.jpg\" \/>\n\t<meta property=\"og:image:width\" content=\"2560\" \/>\n\t<meta property=\"og:image:height\" content=\"1709\" \/>\n\t<meta property=\"og:image:type\" content=\"image\/jpeg\" \/>\n<meta name=\"twitter:card\" content=\"summary_large_image\" \/>\n<meta name=\"twitter:label1\" content=\"Est. reading time\" \/>\n\t<meta name=\"twitter:data1\" content=\"3 minut\u0117s\" \/>\n<script type=\"application\/ld+json\" class=\"yoast-schema-graph\">{\"@context\":\"https:\/\/schema.org\",\"@graph\":[{\"@type\":\"WebPage\",\"@id\":\"https:\/\/pistonaddict.com\/lt\/product\/ferrari-348-tb\/\",\"url\":\"https:\/\/pistonaddict.com\/lt\/product\/ferrari-348-tb\/\",\"name\":\"Ferrari 348 TB aukcionas - Piston Addict\",\"isPartOf\":{\"@id\":\"https:\/\/pistonaddict.com\/lt\/#website\"},\"primaryImageOfPage\":{\"@id\":\"https:\/\/pistonaddict.com\/lt\/product\/ferrari-348-tb\/#primaryimage\"},\"image\":{\"@id\":\"https:\/\/pistonaddict.com\/lt\/product\/ferrari-348-tb\/#primaryimage\"},\"thumbnailUrl\":\"https:\/\/pistonaddict.com\/wp-content\/uploads\/2023\/11\/IMG7107-scaled.jpg\",\"datePublished\":\"2023-11-07T13:48:12+00:00\",\"dateModified\":\"2024-03-20T08:41:36+00:00\",\"breadcrumb\":{\"@id\":\"https:\/\/pistonaddict.com\/lt\/product\/ferrari-348-tb\/#breadcrumb\"},\"inLanguage\":\"lt-LT\",\"potentialAction\":[{\"@type\":\"ReadAction\",\"target\":[\"https:\/\/pistonaddict.com\/lt\/product\/ferrari-348-tb\/\"]}]},{\"@type\":\"ImageObject\",\"inLanguage\":\"lt-LT\",\"@id\":\"https:\/\/pistonaddict.com\/lt\/product\/ferrari-348-tb\/#primaryimage\",\"url\":\"https:\/\/pistonaddict.com\/wp-content\/uploads\/2023\/11\/IMG7107-scaled.jpg\",\"contentUrl\":\"https:\/\/pistonaddict.com\/wp-content\/uploads\/2023\/11\/IMG7107-scaled.jpg\",\"width\":2560,\"height\":1709},{\"@type\":\"BreadcrumbList\",\"@id\":\"https:\/\/pistonaddict.com\/lt\/product\/ferrari-348-tb\/#breadcrumb\",\"itemListElement\":[{\"@type\":\"ListItem\",\"position\":1,\"name\":\"Pagrindinis puslapis\",\"item\":\"https:\/\/pistonaddict.com\/lt\/pradzia\/\"},{\"@type\":\"ListItem\",\"position\":2,\"name\":\"Auctions\",\"item\":\"https:\/\/pistonaddict.com\/auctions-listing\/\"},{\"@type\":\"ListItem\",\"position\":3,\"name\":\"Ferrari 348 TB\"}]},{\"@type\":\"WebSite\",\"@id\":\"https:\/\/pistonaddict.com\/lt\/#website\",\"url\":\"https:\/\/pistonaddict.com\/lt\/\",\"name\":\"Piston Addict\",\"description\":\"Only interesting vehicles\",\"publisher\":{\"@id\":\"https:\/\/pistonaddict.com\/lt\/#organization\"},\"potentialAction\":[{\"@type\":\"SearchAction\",\"target\":{\"@type\":\"EntryPoint\",\"urlTemplate\":\"https:\/\/pistonaddict.com\/lt\/?s={search_term_string}\"},\"query-input\":\"required name=search_term_string\"}],\"inLanguage\":\"lt-LT\"},{\"@type\":\"Organization\",\"@id\":\"https:\/\/pistonaddict.com\/lt\/#organization\",\"name\":\"Piston Addict\",\"url\":\"https:\/\/pistonaddict.com\/lt\/\",\"logo\":{\"@type\":\"ImageObject\",\"inLanguage\":\"lt-LT\",\"@id\":\"https:\/\/pistonaddict.com\/lt\/#\/schema\/logo\/image\/\",\"url\":\"https:\/\/pistonaddict.com\/wp-content\/uploads\/2022\/07\/logo-6.png\",\"contentUrl\":\"https:\/\/pistonaddict.com\/wp-content\/uploads\/2022\/07\/logo-6.png\",\"width\":970,\"height\":200,\"caption\":\"Piston Addict\"},\"image\":{\"@id\":\"https:\/\/pistonaddict.com\/lt\/#\/schema\/logo\/image\/\"}}]}<\/script>\n<!-- \/ Yoast SEO plugin. -->","yoast_head_json":{"title":"Ferrari 348 TB aukcionas - Piston Addict","robots":{"index":"index","follow":"follow","max-snippet":"max-snippet:-1","max-image-preview":"max-image-preview:large","max-video-preview":"max-video-preview:-1"},"canonical":"https:\/\/pistonaddict.com\/lt\/product\/ferrari-348-tb\/","og_locale":"lt_LT","og_type":"article","og_title":"Ferrari 348 TB aukcionas - Piston Addict","og_description":"Vairuoti \"Ferrari\" visada \u012fdomu. \u0160e\u0161tojo de\u0161imtme\u010dio automobiliai dabar yra per daug vertingi, kad gal\u0117t\u0173 b\u016bti naudojami keliuose, o dabartiniai automobiliai yra beveik per greiti \u0161iuolaikiniam eismui. Ta\u010diau vis dar yra modeli\u0173, kurie gali suteikti jums vis\u0105 grynakraujo itali\u0161ko sportinio automobilio malonum\u0105, nat\u016bralaus V8 variklio riaumojim\u0105 ir neprilygstam\u0105 vairavimo dinamik\u0105. Su pasidid\u017eiavimu pristatome idealios b\u016bkl\u0117s automobil\u012f, susijus\u012f su automobili\u0173 sportu ir turint\u012f beproti\u0161kus dokumentus.","og_url":"https:\/\/pistonaddict.com\/lt\/product\/ferrari-348-tb\/","og_site_name":"Piston Addict","article_modified_time":"2024-03-20T08:41:36+00:00","og_image":[{"width":2560,"height":1709,"url":"https:\/\/pistonaddict.com\/wp-content\/uploads\/2023\/11\/IMG7107-scaled.jpg","type":"image\/jpeg"}],"twitter_card":"summary_large_image","twitter_misc":{"Est. reading time":"3 minut\u0117s"},"schema":{"@context":"https:\/\/schema.org","@graph":[{"@type":"WebPage","@id":"https:\/\/pistonaddict.com\/lt\/product\/ferrari-348-tb\/","url":"https:\/\/pistonaddict.com\/lt\/product\/ferrari-348-tb\/","name":"Ferrari 348 TB aukcionas - Piston Addict","isPartOf":{"@id":"https:\/\/pistonaddict.com\/lt\/#website"},"primaryImageOfPage":{"@id":"https:\/\/pistonaddict.com\/lt\/product\/ferrari-348-tb\/#primaryimage"},"image":{"@id":"https:\/\/pistonaddict.com\/lt\/product\/ferrari-348-tb\/#primaryimage"},"thumbnailUrl":"https:\/\/pistonaddict.com\/wp-content\/uploads\/2023\/11\/IMG7107-scaled.jpg","datePublished":"2023-11-07T13:48:12+00:00","dateModified":"2024-03-20T08:41:36+00:00","breadcrumb":{"@id":"https:\/\/pistonaddict.com\/lt\/product\/ferrari-348-tb\/#breadcrumb"},"inLanguage":"lt-LT","potentialAction":[{"@type":"ReadAction","target":["https:\/\/pistonaddict.com\/lt\/product\/ferrari-348-tb\/"]}]},{"@type":"ImageObject","inLanguage":"lt-LT","@id":"https:\/\/pistonaddict.com\/lt\/product\/ferrari-348-tb\/#primaryimage","url":"https:\/\/pistonaddict.com\/wp-content\/uploads\/2023\/11\/IMG7107-scaled.jpg","contentUrl":"https:\/\/pistonaddict.com\/wp-content\/uploads\/2023\/11\/IMG7107-scaled.jpg","width":2560,"height":1709},{"@type":"BreadcrumbList","@id":"https:\/\/pistonaddict.com\/lt\/product\/ferrari-348-tb\/#breadcrumb","itemListElement":[{"@type":"ListItem","position":1,"name":"Pagrindinis puslapis","item":"https:\/\/pistonaddict.com\/lt\/pradzia\/"},{"@type":"ListItem","position":2,"name":"Auctions","item":"https:\/\/pistonaddict.com\/auctions-listing\/"},{"@type":"ListItem","position":3,"name":"Ferrari 348 TB"}]},{"@type":"WebSite","@id":"https:\/\/pistonaddict.com\/lt\/#website","url":"https:\/\/pistonaddict.com\/lt\/","name":"Piston Addict","description":"Only interesting vehicles","publisher":{"@id":"https:\/\/pistonaddict.com\/lt\/#organization"},"potentialAction":[{"@type":"SearchAction","target":{"@type":"EntryPoint","urlTemplate":"https:\/\/pistonaddict.com\/lt\/?s={search_term_string}"},"query-input":"required name=search_term_string"}],"inLanguage":"lt-LT"},{"@type":"Organization","@id":"https:\/\/pistonaddict.com\/lt\/#organization","name":"Piston Addict","url":"https:\/\/pistonaddict.com\/lt\/","logo":{"@type":"ImageObject","inLanguage":"lt-LT","@id":"https:\/\/pistonaddict.com\/lt\/#\/schema\/logo\/image\/","url":"https:\/\/pistonaddict.com\/wp-content\/uploads\/2022\/07\/logo-6.png","contentUrl":"https:\/\/pistonaddict.com\/wp-content\/uploads\/2022\/07\/logo-6.png","width":970,"height":200,"caption":"Piston Addict"},"image":{"@id":"https:\/\/pistonaddict.com\/lt\/#\/schema\/logo\/image\/"}}]}},"_links":{"self":[{"href":"https:\/\/pistonaddict.com\/lt\/wp-json\/wp\/v2\/product\/67058"}],"collection":[{"href":"https:\/\/pistonaddict.com\/lt\/wp-json\/wp\/v2\/product"}],"about":[{"href":"https:\/\/pistonaddict.com\/lt\/wp-json\/wp\/v2\/types\/product"}],"replies":[{"embeddable":true,"href":"https:\/\/pistonaddict.com\/lt\/wp-json\/wp\/v2\/comments?post=67058"}],"wp:featuredmedia":[{"embeddable":true,"href":"https:\/\/pistonaddict.com\/lt\/wp-json\/wp\/v2\/media\/64590"}],"wp:attachment":[{"href":"https:\/\/pistonaddict.com\/lt\/wp-json\/wp\/v2\/media?parent=67058"}],"wp:term":[{"taxonomy":"product_cat","embeddable":true,"href":"https:\/\/pistonaddict.com\/lt\/wp-json\/wp\/v2\/product_cat?post=67058"},{"taxonomy":"product_tag","embeddable":true,"href":"https:\/\/pistonaddict.com\/lt\/wp-json\/wp\/v2\/product_tag?post=67058"}],"curies":[{"name":"wp","href":"https:\/\/api.w.org\/{rel}","templated":true}]}}