{"id":62903,"date":"2023-10-25T19:30:40","date_gmt":"2023-10-25T17:30:40","guid":{"rendered":"https:\/\/pistonaddict.com\/product\/porsche-911-996-targa\/"},"modified":"2024-03-20T09:39:05","modified_gmt":"2024-03-20T08:39:05","slug":"porsche-911-996-targa","status":"publish","type":"product","link":"https:\/\/pistonaddict.com\/lt\/product\/porsche-911-996-targa\/","title":{"rendered":"Porsche 911 (996) Targa"},"content":{"rendered":"<p><strong>Automobilio istorija<\/strong><\/p>\n<p>\u0160is pavyzdys yra 2004 m. pagamintas 911 Targa. I\u0161skirtinumas yra tas, kad &#8220;Targa&#8221; buvo bene re\u010diausias i\u0161 vis\u0173 996 k\u0117bulo stili\u0173; su specialiais atveriamais stikliniais stogais ir skirtingais C statrams\u010diais buvo pristatyti tik 5 125 automobiliai. \u0160is tamsiai m\u0117lynos spalvos su \u0161viesiu interjeru ir gundan\u010diu tamsiai m\u0117lynu atspalviu apdailintas &#8220;911 Targa&#8221; buvo pristatytas naujas Ispanijoje, o dabartinis savininkas j\u012f \u012fsigijo 2023 m. J\u012f varo 3,6 l darbinio t\u016brio plok\u0161\u010dias \u0161e\u0161i\u0173 cilindr\u0173 variklis, au\u0161inamas vandeniu (viena i\u0161 996 kartos kontroversij\u0173). Ta\u010diau jis turi 6 pavar\u0173 mechanin\u0119 pavar\u0173 d\u0117\u017e\u0119, tod\u0117l yra dar retesnis ir j\u012f privalo tur\u0117ti kiekvienas konkre\u010di\u0173 911 modeli\u0173 kolekcininkas. \u0160is &#8220;911 Targa&#8221;, turintis 320 AG ir lengv\u0105 k\u0117bul\u0105, yra pasireng\u0119s iki 100 km\/val. \u012fsib\u0117g\u0117ti per 5,2 sekund\u0117s ir pasiekti did\u017eiausi\u0105 285 km\/val. greit\u012f (177 km\/val.). \u012edomu tai, kad \u0161io modelio versija su mechanine pavar\u0173 d\u0117\u017ee yra gerokai greitesn\u0117 u\u017e automatin\u0119, tod\u0117l \u0161is automobilis tampa dar geid\u017eiamesnis. D\u0117l vis\u0173 kabrioleto privalum\u0173, puikaus matomumo ir atviro oro poj\u016b\u010dio bei kup\u0117 prakti\u0161kumo ir komforto \u0161is m\u0117lynasis &#8220;911 Targa&#8221; tampa labai universalia vairuotojo ma\u0161ina su visais svarbiais plok\u0161\u010diojo \u0161e\u0161i\u0173 cilindr\u0173 variklio garso takeliais ir mechanine pavar\u0173 d\u0117\u017ee.<\/p>\n<p><strong>Interjeras<\/strong><\/p>\n<p>Kadangi tai ma\u017eos ridos pavyzdys, jo interjeras yra nepriekai\u0161tingos b\u016bkl\u0117s, visi\u0161kai originalus ir su pageidaujamomis parinktimis. Automobilyje, kurio apdailos spalva &#8211; pilka &#8220;Savannah&#8221;, yra informacin\u0117 ir pramog\u0173 sistema, &#8220;Premium Audio&#8221; garso sistema su 6 kompaktini\u0173 disk\u0173 \u012fkrovikliais (atitinkanti laikmet\u012f), oda ir elektroniniu b\u016bdu valdomos s\u0117dyn\u0117s. &#8220;Porsche&#8221; interjero kokyb\u0117 gerai \u017einoma visoje pramon\u0117je, o \u0161is 2004 m. &#8220;911 Targa&#8221; &#8211; ne kitoks. Odos b\u016bkl\u0117 puiki, n\u0117ra joki\u0173 \u012fbr\u0117\u017eim\u0173 ant prietais\u0173 skydelio, dur\u0173 korteli\u0173 ar centrin\u0117s konsol\u0117s. Taip pat yra patogios galin\u0117s s\u0117dyn\u0117s, kurios puikiai tinka vaikams.<\/p>\n<p><strong>B\u016bkl\u0117<\/strong><\/p>\n<p>Vos 39 037 kilometr\u0173 nuo naujojo, \u0161is 911 Targa yra nepriekai\u0161tingos b\u016bkl\u0117s ir kruop\u0161\u010diai pri\u017ei\u016brimas vis\u0173 naudotoj\u0173. Kaip matyti i\u0161 \u012fra\u0161\u0173, transporto priemon\u0117 buvo ma\u017eai naudota ir gerai pri\u017ei\u016br\u0117ta. Dabartinis savininkas yra prekybos atstovyb\u0117 Ispanijoje, o paskutin\u0117 technin\u0117 prie\u017ei\u016bra atlikta 2023 m. baland\u012f, o stabd\u017eiai suremontuoti vos prie\u0161 kelias dienas, 2023 m. spal\u012f. &#8220;Porsche&#8221; apatin\u0117 dalis pagaminta i\u0161 aliuminio, tod\u0117l ner\u016bdija. Ta\u010diau, kaip matote paskutin\u0117se apatin\u0117s dalies nuotraukose, yra \u0161iek tiek sauso purvo, kur\u012f pardav\u0117jas i\u0161valys pirk\u0117jui, kai aukcionas baigsis. Automobilis yra paruo\u0161tas va\u017eiuoti bet kur ir tikriausiai yra vienas geriausi\u0173 911 996 Targa su mechanine pavar\u0173 d\u0117\u017ee pavyzd\u017ei\u0173, kok\u012f tik tur\u0117site galimyb\u0119 rasti.<\/p>\n<p><strong>I\u0161or\u0117 ir ratai<\/strong><\/p>\n<p>\u0160is &#8220;911 Targa&#8221;, kurio vidurnakt\u012f m\u0117lyna spalva nuda\u017eytas k\u0117bulas ir pilkas interjeras, yra nuostabios i\u0161vaizdos, be joki\u0173 \u012fbr\u0117\u017eim\u0173, pa\u017eeidim\u0173 ar \u012flenkim\u0173. Riedmenis sudaro 18 coli\u0173 gamykliniai ratlankiai, aptraukti &#8220;Bridgestone Potenza Performance&#8221; guma. Padangos pagamintos 2020 m. ir nuva\u017eiuota labai ma\u017eai kilometr\u0173. Modifikacij\u0173 n\u0117ra, o \u0161is 996 Targa yra tokios b\u016bkl\u0117s, kokios buvo pristatytas.<\/p>\n<p><strong>Dokumentacija<\/strong><\/p>\n<p>\u0160i\u0105 transporto priemon\u0119 parduoda pardav\u0117jas su atitinkamais dokumentais, ji yra Ispanijoje. &#8220;CarFax&#8221; ataskaita yra \u0161vari; n\u0117ra joki\u0173 avarij\u0173, remonto, nuosavyb\u0117s ar teisini\u0173 problem\u0173 \u012frodym\u0173. Yra \u012fra\u0161ai apie reguliari\u0105 technin\u0119 prie\u017ei\u016br\u0105, originalios gamyklin\u0117s bro\u0161i\u016bros ir kvitai.<\/p>\n<p><strong>Per\u017ei\u016br\u0117kite \u0161io gra\u017eaus &#8220;Porsche 911 Targa&#8221; \u0161altojo starto vaizdo \u012fra\u0161\u0105:<\/strong><\/p>\n<p><iframe title=\"Cold Start Video of the Porsche 911 996 Targa for auction sale\" width=\"1200\" height=\"675\" src=\"https:\/\/www.youtube.com\/embed\/pOCqegVAqt8?feature=oembed\" frameborder=\"0\" allow=\"accelerometer; autoplay; clipboard-write; encrypted-media; gyroscope; picture-in-picture; web-share\" allowfullscreen><\/iframe><\/p>\n","protected":false},"excerpt":{"rendered":"<p>Devintojo de\u0161imtme\u010dio pabaigoje i\u0161leistas 996 kartos &#8220;Porsche 911&#8221; buvo labai prie\u0161taringai vertinamas. Ta\u010diau nuo to laiko \u0161is automobilis pripa\u017eintas neatsiejama 911 legendos dalimi, itin svarbiu kompanijos modeliu ir pirmuoju modernaus am\u017eiaus 911 modeliu. Kolekcininkai prad\u0117jo atrasti tikrus 996 911 modelius, pasi\u017eymin\u010dius charakteringu dizainu, pla\u010diu modeli\u0173 asortimentu ir specifikacijomis. \u0160iandien su pasidid\u017eiavimu pristatome tok\u012f model\u012f &#8211; ret\u0105 idealios specifikacijos versij\u0105, kuri patrauks bet kurio 911 entuziasto d\u0117mes\u012f.<\/p>\n","protected":false},"featured_media":59808,"comment_status":"open","ping_status":"closed","template":"","meta":{"inline_featured_image":false},"product_cat":[703],"product_tag":[2342,2313,1005,2311],"acf":[],"yoast_head":"<!-- This site is optimized with the Yoast SEO plugin v22.5 - https:\/\/yoast.com\/wordpress\/plugins\/seo\/ -->\n<title>Porsche 911 (996) Targa aukcionas - Piston Addict<\/title>\n<meta name=\"robots\" content=\"index, follow, max-snippet:-1, max-image-preview:large, max-video-preview:-1\" \/>\n<link rel=\"canonical\" href=\"https:\/\/pistonaddict.com\/lt\/product\/porsche-911-996-targa\/\" \/>\n<meta property=\"og:locale\" content=\"lt_LT\" \/>\n<meta property=\"og:type\" content=\"article\" \/>\n<meta property=\"og:title\" content=\"Porsche 911 (996) Targa aukcionas - Piston Addict\" \/>\n<meta property=\"og:description\" content=\"Devintojo de\u0161imtme\u010dio pabaigoje i\u0161leistas 996 kartos &quot;Porsche 911&quot; buvo labai prie\u0161taringai vertinamas. Ta\u010diau nuo to laiko \u0161is automobilis pripa\u017eintas neatsiejama 911 legendos dalimi, itin svarbiu kompanijos modeliu ir pirmuoju modernaus am\u017eiaus 911 modeliu. Kolekcininkai prad\u0117jo atrasti tikrus 996 911 modelius, pasi\u017eymin\u010dius charakteringu dizainu, pla\u010diu modeli\u0173 asortimentu ir specifikacijomis. \u0160iandien su pasidid\u017eiavimu pristatome tok\u012f model\u012f - ret\u0105 idealios specifikacijos versij\u0105, kuri patrauks bet kurio 911 entuziasto d\u0117mes\u012f.\" \/>\n<meta property=\"og:url\" content=\"https:\/\/pistonaddict.com\/lt\/product\/porsche-911-996-targa\/\" \/>\n<meta property=\"og:site_name\" content=\"Piston Addict\" \/>\n<meta property=\"article:modified_time\" content=\"2024-03-20T08:39:05+00:00\" \/>\n<meta property=\"og:image\" content=\"https:\/\/pistonaddict.com\/wp-content\/uploads\/2023\/10\/image00032-1-scaled.jpeg\" \/>\n\t<meta property=\"og:image:width\" content=\"2560\" \/>\n\t<meta property=\"og:image:height\" content=\"1920\" \/>\n\t<meta property=\"og:image:type\" content=\"image\/jpeg\" \/>\n<meta name=\"twitter:card\" content=\"summary_large_image\" \/>\n<meta name=\"twitter:label1\" content=\"Est. reading time\" \/>\n\t<meta name=\"twitter:data1\" content=\"3 minut\u0117s\" \/>\n<script type=\"application\/ld+json\" class=\"yoast-schema-graph\">{\"@context\":\"https:\/\/schema.org\",\"@graph\":[{\"@type\":\"WebPage\",\"@id\":\"https:\/\/pistonaddict.com\/lt\/product\/porsche-911-996-targa\/\",\"url\":\"https:\/\/pistonaddict.com\/lt\/product\/porsche-911-996-targa\/\",\"name\":\"Porsche 911 (996) Targa aukcionas - Piston Addict\",\"isPartOf\":{\"@id\":\"https:\/\/pistonaddict.com\/lt\/#website\"},\"primaryImageOfPage\":{\"@id\":\"https:\/\/pistonaddict.com\/lt\/product\/porsche-911-996-targa\/#primaryimage\"},\"image\":{\"@id\":\"https:\/\/pistonaddict.com\/lt\/product\/porsche-911-996-targa\/#primaryimage\"},\"thumbnailUrl\":\"https:\/\/pistonaddict.com\/wp-content\/uploads\/2023\/10\/image00032-1-scaled.jpeg\",\"datePublished\":\"2023-10-25T17:30:40+00:00\",\"dateModified\":\"2024-03-20T08:39:05+00:00\",\"breadcrumb\":{\"@id\":\"https:\/\/pistonaddict.com\/lt\/product\/porsche-911-996-targa\/#breadcrumb\"},\"inLanguage\":\"lt-LT\",\"potentialAction\":[{\"@type\":\"ReadAction\",\"target\":[\"https:\/\/pistonaddict.com\/lt\/product\/porsche-911-996-targa\/\"]}]},{\"@type\":\"ImageObject\",\"inLanguage\":\"lt-LT\",\"@id\":\"https:\/\/pistonaddict.com\/lt\/product\/porsche-911-996-targa\/#primaryimage\",\"url\":\"https:\/\/pistonaddict.com\/wp-content\/uploads\/2023\/10\/image00032-1-scaled.jpeg\",\"contentUrl\":\"https:\/\/pistonaddict.com\/wp-content\/uploads\/2023\/10\/image00032-1-scaled.jpeg\",\"width\":2560,\"height\":1920},{\"@type\":\"BreadcrumbList\",\"@id\":\"https:\/\/pistonaddict.com\/lt\/product\/porsche-911-996-targa\/#breadcrumb\",\"itemListElement\":[{\"@type\":\"ListItem\",\"position\":1,\"name\":\"Pagrindinis puslapis\",\"item\":\"https:\/\/pistonaddict.com\/lt\/pradzia\/\"},{\"@type\":\"ListItem\",\"position\":2,\"name\":\"Auctions\",\"item\":\"https:\/\/pistonaddict.com\/auctions-listing\/\"},{\"@type\":\"ListItem\",\"position\":3,\"name\":\"Porsche 911 (996) Targa\"}]},{\"@type\":\"WebSite\",\"@id\":\"https:\/\/pistonaddict.com\/lt\/#website\",\"url\":\"https:\/\/pistonaddict.com\/lt\/\",\"name\":\"Piston Addict\",\"description\":\"Only interesting vehicles\",\"publisher\":{\"@id\":\"https:\/\/pistonaddict.com\/lt\/#organization\"},\"potentialAction\":[{\"@type\":\"SearchAction\",\"target\":{\"@type\":\"EntryPoint\",\"urlTemplate\":\"https:\/\/pistonaddict.com\/lt\/?s={search_term_string}\"},\"query-input\":\"required name=search_term_string\"}],\"inLanguage\":\"lt-LT\"},{\"@type\":\"Organization\",\"@id\":\"https:\/\/pistonaddict.com\/lt\/#organization\",\"name\":\"Piston Addict\",\"url\":\"https:\/\/pistonaddict.com\/lt\/\",\"logo\":{\"@type\":\"ImageObject\",\"inLanguage\":\"lt-LT\",\"@id\":\"https:\/\/pistonaddict.com\/lt\/#\/schema\/logo\/image\/\",\"url\":\"https:\/\/pistonaddict.com\/wp-content\/uploads\/2022\/07\/logo-6.png\",\"contentUrl\":\"https:\/\/pistonaddict.com\/wp-content\/uploads\/2022\/07\/logo-6.png\",\"width\":970,\"height\":200,\"caption\":\"Piston Addict\"},\"image\":{\"@id\":\"https:\/\/pistonaddict.com\/lt\/#\/schema\/logo\/image\/\"}}]}<\/script>\n<!-- \/ Yoast SEO plugin. -->","yoast_head_json":{"title":"Porsche 911 (996) Targa aukcionas - Piston Addict","robots":{"index":"index","follow":"follow","max-snippet":"max-snippet:-1","max-image-preview":"max-image-preview:large","max-video-preview":"max-video-preview:-1"},"canonical":"https:\/\/pistonaddict.com\/lt\/product\/porsche-911-996-targa\/","og_locale":"lt_LT","og_type":"article","og_title":"Porsche 911 (996) Targa aukcionas - Piston Addict","og_description":"Devintojo de\u0161imtme\u010dio pabaigoje i\u0161leistas 996 kartos \"Porsche 911\" buvo labai prie\u0161taringai vertinamas. Ta\u010diau nuo to laiko \u0161is automobilis pripa\u017eintas neatsiejama 911 legendos dalimi, itin svarbiu kompanijos modeliu ir pirmuoju modernaus am\u017eiaus 911 modeliu. Kolekcininkai prad\u0117jo atrasti tikrus 996 911 modelius, pasi\u017eymin\u010dius charakteringu dizainu, pla\u010diu modeli\u0173 asortimentu ir specifikacijomis. \u0160iandien su pasidid\u017eiavimu pristatome tok\u012f model\u012f - ret\u0105 idealios specifikacijos versij\u0105, kuri patrauks bet kurio 911 entuziasto d\u0117mes\u012f.","og_url":"https:\/\/pistonaddict.com\/lt\/product\/porsche-911-996-targa\/","og_site_name":"Piston Addict","article_modified_time":"2024-03-20T08:39:05+00:00","og_image":[{"width":2560,"height":1920,"url":"https:\/\/pistonaddict.com\/wp-content\/uploads\/2023\/10\/image00032-1-scaled.jpeg","type":"image\/jpeg"}],"twitter_card":"summary_large_image","twitter_misc":{"Est. reading time":"3 minut\u0117s"},"schema":{"@context":"https:\/\/schema.org","@graph":[{"@type":"WebPage","@id":"https:\/\/pistonaddict.com\/lt\/product\/porsche-911-996-targa\/","url":"https:\/\/pistonaddict.com\/lt\/product\/porsche-911-996-targa\/","name":"Porsche 911 (996) Targa aukcionas - Piston Addict","isPartOf":{"@id":"https:\/\/pistonaddict.com\/lt\/#website"},"primaryImageOfPage":{"@id":"https:\/\/pistonaddict.com\/lt\/product\/porsche-911-996-targa\/#primaryimage"},"image":{"@id":"https:\/\/pistonaddict.com\/lt\/product\/porsche-911-996-targa\/#primaryimage"},"thumbnailUrl":"https:\/\/pistonaddict.com\/wp-content\/uploads\/2023\/10\/image00032-1-scaled.jpeg","datePublished":"2023-10-25T17:30:40+00:00","dateModified":"2024-03-20T08:39:05+00:00","breadcrumb":{"@id":"https:\/\/pistonaddict.com\/lt\/product\/porsche-911-996-targa\/#breadcrumb"},"inLanguage":"lt-LT","potentialAction":[{"@type":"ReadAction","target":["https:\/\/pistonaddict.com\/lt\/product\/porsche-911-996-targa\/"]}]},{"@type":"ImageObject","inLanguage":"lt-LT","@id":"https:\/\/pistonaddict.com\/lt\/product\/porsche-911-996-targa\/#primaryimage","url":"https:\/\/pistonaddict.com\/wp-content\/uploads\/2023\/10\/image00032-1-scaled.jpeg","contentUrl":"https:\/\/pistonaddict.com\/wp-content\/uploads\/2023\/10\/image00032-1-scaled.jpeg","width":2560,"height":1920},{"@type":"BreadcrumbList","@id":"https:\/\/pistonaddict.com\/lt\/product\/porsche-911-996-targa\/#breadcrumb","itemListElement":[{"@type":"ListItem","position":1,"name":"Pagrindinis puslapis","item":"https:\/\/pistonaddict.com\/lt\/pradzia\/"},{"@type":"ListItem","position":2,"name":"Auctions","item":"https:\/\/pistonaddict.com\/auctions-listing\/"},{"@type":"ListItem","position":3,"name":"Porsche 911 (996) Targa"}]},{"@type":"WebSite","@id":"https:\/\/pistonaddict.com\/lt\/#website","url":"https:\/\/pistonaddict.com\/lt\/","name":"Piston Addict","description":"Only interesting vehicles","publisher":{"@id":"https:\/\/pistonaddict.com\/lt\/#organization"},"potentialAction":[{"@type":"SearchAction","target":{"@type":"EntryPoint","urlTemplate":"https:\/\/pistonaddict.com\/lt\/?s={search_term_string}"},"query-input":"required name=search_term_string"}],"inLanguage":"lt-LT"},{"@type":"Organization","@id":"https:\/\/pistonaddict.com\/lt\/#organization","name":"Piston Addict","url":"https:\/\/pistonaddict.com\/lt\/","logo":{"@type":"ImageObject","inLanguage":"lt-LT","@id":"https:\/\/pistonaddict.com\/lt\/#\/schema\/logo\/image\/","url":"https:\/\/pistonaddict.com\/wp-content\/uploads\/2022\/07\/logo-6.png","contentUrl":"https:\/\/pistonaddict.com\/wp-content\/uploads\/2022\/07\/logo-6.png","width":970,"height":200,"caption":"Piston Addict"},"image":{"@id":"https:\/\/pistonaddict.com\/lt\/#\/schema\/logo\/image\/"}}]}},"_links":{"self":[{"href":"https:\/\/pistonaddict.com\/lt\/wp-json\/wp\/v2\/product\/62903"}],"collection":[{"href":"https:\/\/pistonaddict.com\/lt\/wp-json\/wp\/v2\/product"}],"about":[{"href":"https:\/\/pistonaddict.com\/lt\/wp-json\/wp\/v2\/types\/product"}],"replies":[{"embeddable":true,"href":"https:\/\/pistonaddict.com\/lt\/wp-json\/wp\/v2\/comments?post=62903"}],"wp:featuredmedia":[{"embeddable":true,"href":"https:\/\/pistonaddict.com\/lt\/wp-json\/wp\/v2\/media\/59808"}],"wp:attachment":[{"href":"https:\/\/pistonaddict.com\/lt\/wp-json\/wp\/v2\/media?parent=62903"}],"wp:term":[{"taxonomy":"product_cat","embeddable":true,"href":"https:\/\/pistonaddict.com\/lt\/wp-json\/wp\/v2\/product_cat?post=62903"},{"taxonomy":"product_tag","embeddable":true,"href":"https:\/\/pistonaddict.com\/lt\/wp-json\/wp\/v2\/product_tag?post=62903"}],"curies":[{"name":"wp","href":"https:\/\/api.w.org\/{rel}","templated":true}]}}