{"id":55259,"date":"2023-10-13T09:36:04","date_gmt":"2023-10-13T07:36:04","guid":{"rendered":"https:\/\/pistonaddict.com\/product\/porsche-cayman-s-3-4-325-cv\/"},"modified":"2024-03-19T17:03:52","modified_gmt":"2024-03-19T16:03:52","slug":"porsche-cayman-s-3-4-325-cv","status":"publish","type":"product","link":"https:\/\/pistonaddict.com\/lt\/product\/porsche-cayman-s-3-4-325-cv\/","title":{"rendered":"Porsche Cayman S 3.4 325 CV"},"content":{"rendered":"<p><strong>Automobilio istorija<\/strong><\/p>\n<p>\u0160is baltas 2016 m. &#8220;Cayman S&#8221; i\u0161 prad\u017ei\u0173 buvo parduotas Vokietijoje, bet v\u0117liau perkeltas \u012f Italij\u0105, kur j\u012f importavo dabartinis savininkas &#8211; sportini\u0173 automobili\u0173 pardav\u0117jas. 2016 m. yra paskutiniai 981-osios kartos &#8220;Cayman&#8221; metai, o tai svarbu d\u0117l keli\u0173 prie\u017eas\u010di\u0173. Pirmiausia tod\u0117l, kad &#8220;Cayman S&#8221; turi atnaujint\u0105 3,4 l darbinio t\u016brio plok\u0161\u010di\u0105 \u0161e\u0161i\u0173 cilindr\u0173 varikl\u012f i\u0161 &#8220;Porsche 911 Carrera&#8221;, kuris i\u0161sprend\u017eia vien\u0105 svarbiausi\u0173 \u0161iuolaikin\u0117s &#8220;Porsche&#8221; bendruomen\u0117s gin\u010d\u0173. Ilgus metus skland\u0117 gandai, kad &#8220;Porsche&#8221; pernelyg bijojo \u012f &#8220;Cayman&#8221; montuoti 911 varikl\u012f, baimindamasi, kad jis gali suteikti dar geresnius vairavimo poj\u016b\u010dius. Tai pirmasis &#8220;Cayman&#8221;, kuris i\u0161 tikr\u0173j\u0173 turi 911 varikl\u012f. 2016 m. &#8220;Cayman S&#8221;, turintis 325 AG, \u017eaibi\u0161kai greit\u0105 7 laipsni\u0173 PDK pavar\u0173 d\u0117\u017e\u0119 ir specialiai gamykloje sureguliuot\u0105 pakab\u0105, iki 100 km\/val. \u012fsib\u0117g\u0117ja per 4,8 sekund\u0117s ir pasiekia maksimal\u0173 283 km\/val. greit\u012f. Ta\u010diau svarbiausia ne skai\u010diai, nors jie ir fantasti\u0161ki. &#8220;Cayman S&#8221; turi viduryje sumontuot\u0105 varikl\u012f, lengv\u0105 k\u0117bul\u0105, tiksl\u0173 vairo mechanizm\u0105 ir puikius stabd\u017eius, tod\u0117l daugeliui 911 savinink\u0173 kelia nerim\u0105. Didelio s\u016bki\u0173 da\u017enio variklio su nat\u016braliu oro i\u0161p\u016btimu, judrios va\u017eiuokl\u0117s ir puikios vairavimo dinamikos derinys vis dar vertinamas sportini\u0173 automobili\u0173 m\u0117g\u0117j\u0173 kaip vienas idealiausi\u0173 kada nors pagamint\u0173 vairuotojo automobili\u0173.<\/p>\n<p><strong>Interjeras<\/strong><\/p>\n<p>Kadangi \u0161is 2016 m. &#8220;Porsche Cayman S&#8221; yra nedidel\u0117s ridos pavyzdys, interjeras, kaip ir tik\u0117tasi, nepa\u017eym\u0117tas ir puikios b\u016bkl\u0117s. Originalus savininkas atid\u017eiai tikrina j\u012f su keliomis pageidaujamomis parinktimis, kurias \u012fvertins kitas savininkas. Elektroniniu b\u016bdu reguliuojamos sportin\u0117s s\u0117dyn\u0117s, informacin\u0117 ir pramog\u0173 sistema su integruotu skaitmeniniu ekranu ir daugiafunkcinis vairas pakels vairavimo patirt\u012f \u012f auk\u0161tesn\u012f lyg\u012f. Matoma tipin\u0117 &#8220;Porsche&#8221; interjero kokyb\u0117, taip pat puiki komplektacija ir apdaila.<\/p>\n<p><strong>B\u016bkl\u0117<\/strong><\/p>\n<p>\u0160is nepriekai\u0161tingas &#8220;Porsche Cayman S&#8221; per pastaruosius septynerius metus nuva\u017eiavo vos 33 000 km. Tokia ma\u017ea rida, keli r\u016bpestingi savininkai ir tinkami technin\u0117s prie\u017ei\u016bros \u012fra\u0161ai garantuoja, kad automobilis yra puikios b\u016bkl\u0117s. Pardav\u0117jas yra labai ger\u0105 reputacij\u0105 turintis sportini\u0173 automobili\u0173 pardav\u0117jas Italijoje, kuris taip \u012fsitikin\u0119s bendra \u0161io &#8220;Cayman S&#8221; b\u016bkle, kad <strong>automobiliui suteikiama 12 m\u0117nesi\u0173 garantija,<\/strong> kuri yra labai svarbi ir skiria \u0161\u012f automobil\u012f nuo pana\u0161i\u0173, kuriuos galite rasti parduodam\u0173. Yra technin\u0117s prie\u017ei\u016bros dokumentai ir 2021 m. atliktos svarbios paslaugos.<\/p>\n<p><strong>I\u0161or\u0117 ir ratai<\/strong><\/p>\n<p>Eleganti\u0161ka balta i\u0161or\u0117 be \u012fbr\u0117\u017eim\u0173 ar \u012flenkim\u0173, o ant \u0161io automobilio ratlanki\u0173 yra \u012fdomios grafin\u0117s detal\u0117s, kurios yra originalios gamyklin\u0117s ir rodo, kad \u0161is &#8220;Cayman&#8221; n\u0117ra bazin\u0117s specifikacijos modelis. Sportinio automobilio i\u0161vaizd\u0105 u\u017ebaigia 20 coli\u0173 ratlankiai, tokie patys, kokie buvo naudojami 911-ojo laikotarpio automobiliuose, apauti beveik naujomis &#8220;Michelin Pilot Sport 4S&#8221; padangomis, kurias renkasi entuziastai vairuotojai. N\u0117ra joki\u0173 pakeitim\u0173, o \u0161io &#8220;Cayman&#8221; b\u016bkl\u0117 yra idealios originalios b\u016bkl\u0117s.<\/p>\n<p><strong>Dokumentacija<\/strong><\/p>\n<p>\u0160i\u0105 transporto priemon\u0119 parduoda pardav\u0117jas su atitinkamais dokumentais, ji yra Italijoje. &#8221; <a href=\"https:\/\/pistonaddict.com\/wp-content\/uploads\/2023\/10\/CARFAX-Vehicle-History-Report-PORSCHE-WP0ZZZ98ZGK181513.pdf\" target=\"_blank\" rel=\"noopener\">CarFax&#8221;<\/a> ataskaita yra \u0161vari; n\u0117ra joki\u0173 avarij\u0173, remonto, nuosavyb\u0117s ar teisini\u0173 problem\u0173 \u012frodym\u0173. Ta\u010diau pardav\u0117jas mus informavo, kad 2017 m. \u012fvyko vienas nelaimingas atsitikimas su motociklu, nukent\u0117j\u0119s elementas, priekinis gaubtas, buvo, \u017einoma, suremontuotas. Yra \u012fra\u0161ai apie reguliari\u0105 technin\u0119 prie\u017ei\u016br\u0105, originalios gamyklin\u0117s bro\u0161i\u016bros ir kvitai. \u012e pardavimo kain\u0105 \u012fskai\u010diuota pardav\u0117jo suteikiama 12 m\u0117nesi\u0173 garantija.  <strong>Be to, jei gyvenate Europoje, pardav\u0117jas gali pasir\u016bpinti transportu ir pristatyti transporto priemon\u0119 \u012f j\u016bs\u0173 namus.<\/strong><\/p>\n<p><strong> <\/strong><\/p>\n<p>Per\u017ei\u016br\u0117kite \u0161io gra\u017eaus &#8220;Porsche Cayman S&#8221; vaizdo \u012fra\u0161\u0105:<\/p>\n<p><iframe title=\"Video of the Porsche Cayman S for auction sale\" width=\"1200\" height=\"675\" src=\"https:\/\/www.youtube.com\/embed\/-29PE_JnFJM?feature=oembed\" frameborder=\"0\" allow=\"accelerometer; autoplay; clipboard-write; encrypted-media; gyroscope; picture-in-picture; web-share\" allowfullscreen><\/iframe><\/p>\n","protected":false},"excerpt":{"rendered":"<p>B\u016bdama kompanija, kuri visada siek\u0117 sportini\u0173 automobili\u0173 tobulumo, &#8220;Porsche&#8221; \u012f kritik\u0105 atsak\u0117 geriausiu \u012fmanomu b\u016bdu &#8211; pristatydama vairuotojui skirt\u0105 model\u012f, kuris yra visuotinai m\u0117gstamas ir giriamas. Kai debiutavo pirmosios kartos &#8220;Cayman&#8221;, jis buvo viskas, ko nor\u0117jo entuziastai, &#8211; 90 % &#8220;Porsche 911&#8221; poj\u016b\u010di\u0173 u\u017e 60 % kainos. &#8220;Cayman&#8221; buvo lengvesnis, tikslesnis ir patrauklesnis automobilis, o jo S versija buvo puikiai subalansuotas sportinis automobilis. \u0160tai vienas ypa\u010d \u012fdomus idealios b\u016bkl\u0117s pavyzdys. <strong>Nor\u0117dami patekti \u012f \u0161\u012f aukcion\u0105, turite <a href=\"https:\/\/pistonaddict.com\/lt\/mano-saskaita\/\">susikurti paskyr\u0105<\/a>.<\/strong><\/p>\n","protected":false},"featured_media":55127,"comment_status":"open","ping_status":"closed","template":"","meta":{"inline_featured_image":false},"product_cat":[703],"product_tag":[2256,2262,2259,902],"acf":[],"yoast_head":"<!-- This site is optimized with the Yoast SEO plugin v22.5 - https:\/\/yoast.com\/wordpress\/plugins\/seo\/ -->\n<title>Porsche Cayman S 3.4 325 CV aukcionas - Piston Addict<\/title>\n<meta name=\"robots\" content=\"index, follow, max-snippet:-1, max-image-preview:large, max-video-preview:-1\" \/>\n<link rel=\"canonical\" href=\"https:\/\/pistonaddict.com\/lt\/product\/porsche-cayman-s-3-4-325-cv\/\" \/>\n<meta property=\"og:locale\" content=\"lt_LT\" \/>\n<meta property=\"og:type\" content=\"article\" \/>\n<meta property=\"og:title\" content=\"Porsche Cayman S 3.4 325 CV aukcionas - Piston Addict\" \/>\n<meta property=\"og:description\" content=\"B\u016bdama kompanija, kuri visada siek\u0117 sportini\u0173 automobili\u0173 tobulumo, &quot;Porsche&quot; \u012f kritik\u0105 atsak\u0117 geriausiu \u012fmanomu b\u016bdu - pristatydama vairuotojui skirt\u0105 model\u012f, kuris yra visuotinai m\u0117gstamas ir giriamas. Kai debiutavo pirmosios kartos &quot;Cayman&quot;, jis buvo viskas, ko nor\u0117jo entuziastai, - 90 % &quot;Porsche 911&quot; poj\u016b\u010di\u0173 u\u017e 60 % kainos. &quot;Cayman&quot; buvo lengvesnis, tikslesnis ir patrauklesnis automobilis, o jo S versija buvo puikiai subalansuotas sportinis automobilis. \u0160tai vienas ypa\u010d \u012fdomus idealios b\u016bkl\u0117s pavyzdys. Nor\u0117dami patekti \u012f \u0161\u012f aukcion\u0105, turite susikurti paskyr\u0105.\" \/>\n<meta property=\"og:url\" content=\"https:\/\/pistonaddict.com\/lt\/product\/porsche-cayman-s-3-4-325-cv\/\" \/>\n<meta property=\"og:site_name\" content=\"Piston Addict\" \/>\n<meta property=\"article:modified_time\" content=\"2024-03-19T16:03:52+00:00\" \/>\n<meta property=\"og:image\" content=\"https:\/\/pistonaddict.com\/wp-content\/uploads\/2023\/10\/CAYMAN-1.png\" \/>\n\t<meta property=\"og:image:width\" content=\"1887\" \/>\n\t<meta property=\"og:image:height\" content=\"781\" \/>\n\t<meta property=\"og:image:type\" content=\"image\/png\" \/>\n<meta name=\"twitter:card\" content=\"summary_large_image\" \/>\n<meta name=\"twitter:label1\" content=\"Est. reading time\" \/>\n\t<meta name=\"twitter:data1\" content=\"3 minut\u0117s\" \/>\n<script type=\"application\/ld+json\" class=\"yoast-schema-graph\">{\"@context\":\"https:\/\/schema.org\",\"@graph\":[{\"@type\":\"WebPage\",\"@id\":\"https:\/\/pistonaddict.com\/lt\/product\/porsche-cayman-s-3-4-325-cv\/\",\"url\":\"https:\/\/pistonaddict.com\/lt\/product\/porsche-cayman-s-3-4-325-cv\/\",\"name\":\"Porsche Cayman S 3.4 325 CV aukcionas - Piston Addict\",\"isPartOf\":{\"@id\":\"https:\/\/pistonaddict.com\/lt\/#website\"},\"primaryImageOfPage\":{\"@id\":\"https:\/\/pistonaddict.com\/lt\/product\/porsche-cayman-s-3-4-325-cv\/#primaryimage\"},\"image\":{\"@id\":\"https:\/\/pistonaddict.com\/lt\/product\/porsche-cayman-s-3-4-325-cv\/#primaryimage\"},\"thumbnailUrl\":\"https:\/\/pistonaddict.com\/wp-content\/uploads\/2023\/10\/CAYMAN-1.png\",\"datePublished\":\"2023-10-13T07:36:04+00:00\",\"dateModified\":\"2024-03-19T16:03:52+00:00\",\"breadcrumb\":{\"@id\":\"https:\/\/pistonaddict.com\/lt\/product\/porsche-cayman-s-3-4-325-cv\/#breadcrumb\"},\"inLanguage\":\"lt-LT\",\"potentialAction\":[{\"@type\":\"ReadAction\",\"target\":[\"https:\/\/pistonaddict.com\/lt\/product\/porsche-cayman-s-3-4-325-cv\/\"]}]},{\"@type\":\"ImageObject\",\"inLanguage\":\"lt-LT\",\"@id\":\"https:\/\/pistonaddict.com\/lt\/product\/porsche-cayman-s-3-4-325-cv\/#primaryimage\",\"url\":\"https:\/\/pistonaddict.com\/wp-content\/uploads\/2023\/10\/CAYMAN-1.png\",\"contentUrl\":\"https:\/\/pistonaddict.com\/wp-content\/uploads\/2023\/10\/CAYMAN-1.png\",\"width\":1887,\"height\":781},{\"@type\":\"BreadcrumbList\",\"@id\":\"https:\/\/pistonaddict.com\/lt\/product\/porsche-cayman-s-3-4-325-cv\/#breadcrumb\",\"itemListElement\":[{\"@type\":\"ListItem\",\"position\":1,\"name\":\"Pagrindinis puslapis\",\"item\":\"https:\/\/pistonaddict.com\/lt\/pradzia\/\"},{\"@type\":\"ListItem\",\"position\":2,\"name\":\"Auctions\",\"item\":\"https:\/\/pistonaddict.com\/auctions-listing\/\"},{\"@type\":\"ListItem\",\"position\":3,\"name\":\"Porsche Cayman S 3.4 325 CV\"}]},{\"@type\":\"WebSite\",\"@id\":\"https:\/\/pistonaddict.com\/lt\/#website\",\"url\":\"https:\/\/pistonaddict.com\/lt\/\",\"name\":\"Piston Addict\",\"description\":\"Only interesting vehicles\",\"publisher\":{\"@id\":\"https:\/\/pistonaddict.com\/lt\/#organization\"},\"potentialAction\":[{\"@type\":\"SearchAction\",\"target\":{\"@type\":\"EntryPoint\",\"urlTemplate\":\"https:\/\/pistonaddict.com\/lt\/?s={search_term_string}\"},\"query-input\":\"required name=search_term_string\"}],\"inLanguage\":\"lt-LT\"},{\"@type\":\"Organization\",\"@id\":\"https:\/\/pistonaddict.com\/lt\/#organization\",\"name\":\"Piston Addict\",\"url\":\"https:\/\/pistonaddict.com\/lt\/\",\"logo\":{\"@type\":\"ImageObject\",\"inLanguage\":\"lt-LT\",\"@id\":\"https:\/\/pistonaddict.com\/lt\/#\/schema\/logo\/image\/\",\"url\":\"https:\/\/pistonaddict.com\/wp-content\/uploads\/2022\/07\/logo-6.png\",\"contentUrl\":\"https:\/\/pistonaddict.com\/wp-content\/uploads\/2022\/07\/logo-6.png\",\"width\":970,\"height\":200,\"caption\":\"Piston Addict\"},\"image\":{\"@id\":\"https:\/\/pistonaddict.com\/lt\/#\/schema\/logo\/image\/\"}}]}<\/script>\n<!-- \/ Yoast SEO plugin. -->","yoast_head_json":{"title":"Porsche Cayman S 3.4 325 CV aukcionas - Piston Addict","robots":{"index":"index","follow":"follow","max-snippet":"max-snippet:-1","max-image-preview":"max-image-preview:large","max-video-preview":"max-video-preview:-1"},"canonical":"https:\/\/pistonaddict.com\/lt\/product\/porsche-cayman-s-3-4-325-cv\/","og_locale":"lt_LT","og_type":"article","og_title":"Porsche Cayman S 3.4 325 CV aukcionas - Piston Addict","og_description":"B\u016bdama kompanija, kuri visada siek\u0117 sportini\u0173 automobili\u0173 tobulumo, \"Porsche\" \u012f kritik\u0105 atsak\u0117 geriausiu \u012fmanomu b\u016bdu - pristatydama vairuotojui skirt\u0105 model\u012f, kuris yra visuotinai m\u0117gstamas ir giriamas. Kai debiutavo pirmosios kartos \"Cayman\", jis buvo viskas, ko nor\u0117jo entuziastai, - 90 % \"Porsche 911\" poj\u016b\u010di\u0173 u\u017e 60 % kainos. \"Cayman\" buvo lengvesnis, tikslesnis ir patrauklesnis automobilis, o jo S versija buvo puikiai subalansuotas sportinis automobilis. \u0160tai vienas ypa\u010d \u012fdomus idealios b\u016bkl\u0117s pavyzdys. Nor\u0117dami patekti \u012f \u0161\u012f aukcion\u0105, turite susikurti paskyr\u0105.","og_url":"https:\/\/pistonaddict.com\/lt\/product\/porsche-cayman-s-3-4-325-cv\/","og_site_name":"Piston Addict","article_modified_time":"2024-03-19T16:03:52+00:00","og_image":[{"width":1887,"height":781,"url":"https:\/\/pistonaddict.com\/wp-content\/uploads\/2023\/10\/CAYMAN-1.png","type":"image\/png"}],"twitter_card":"summary_large_image","twitter_misc":{"Est. reading time":"3 minut\u0117s"},"schema":{"@context":"https:\/\/schema.org","@graph":[{"@type":"WebPage","@id":"https:\/\/pistonaddict.com\/lt\/product\/porsche-cayman-s-3-4-325-cv\/","url":"https:\/\/pistonaddict.com\/lt\/product\/porsche-cayman-s-3-4-325-cv\/","name":"Porsche Cayman S 3.4 325 CV aukcionas - Piston Addict","isPartOf":{"@id":"https:\/\/pistonaddict.com\/lt\/#website"},"primaryImageOfPage":{"@id":"https:\/\/pistonaddict.com\/lt\/product\/porsche-cayman-s-3-4-325-cv\/#primaryimage"},"image":{"@id":"https:\/\/pistonaddict.com\/lt\/product\/porsche-cayman-s-3-4-325-cv\/#primaryimage"},"thumbnailUrl":"https:\/\/pistonaddict.com\/wp-content\/uploads\/2023\/10\/CAYMAN-1.png","datePublished":"2023-10-13T07:36:04+00:00","dateModified":"2024-03-19T16:03:52+00:00","breadcrumb":{"@id":"https:\/\/pistonaddict.com\/lt\/product\/porsche-cayman-s-3-4-325-cv\/#breadcrumb"},"inLanguage":"lt-LT","potentialAction":[{"@type":"ReadAction","target":["https:\/\/pistonaddict.com\/lt\/product\/porsche-cayman-s-3-4-325-cv\/"]}]},{"@type":"ImageObject","inLanguage":"lt-LT","@id":"https:\/\/pistonaddict.com\/lt\/product\/porsche-cayman-s-3-4-325-cv\/#primaryimage","url":"https:\/\/pistonaddict.com\/wp-content\/uploads\/2023\/10\/CAYMAN-1.png","contentUrl":"https:\/\/pistonaddict.com\/wp-content\/uploads\/2023\/10\/CAYMAN-1.png","width":1887,"height":781},{"@type":"BreadcrumbList","@id":"https:\/\/pistonaddict.com\/lt\/product\/porsche-cayman-s-3-4-325-cv\/#breadcrumb","itemListElement":[{"@type":"ListItem","position":1,"name":"Pagrindinis puslapis","item":"https:\/\/pistonaddict.com\/lt\/pradzia\/"},{"@type":"ListItem","position":2,"name":"Auctions","item":"https:\/\/pistonaddict.com\/auctions-listing\/"},{"@type":"ListItem","position":3,"name":"Porsche Cayman S 3.4 325 CV"}]},{"@type":"WebSite","@id":"https:\/\/pistonaddict.com\/lt\/#website","url":"https:\/\/pistonaddict.com\/lt\/","name":"Piston Addict","description":"Only interesting vehicles","publisher":{"@id":"https:\/\/pistonaddict.com\/lt\/#organization"},"potentialAction":[{"@type":"SearchAction","target":{"@type":"EntryPoint","urlTemplate":"https:\/\/pistonaddict.com\/lt\/?s={search_term_string}"},"query-input":"required name=search_term_string"}],"inLanguage":"lt-LT"},{"@type":"Organization","@id":"https:\/\/pistonaddict.com\/lt\/#organization","name":"Piston Addict","url":"https:\/\/pistonaddict.com\/lt\/","logo":{"@type":"ImageObject","inLanguage":"lt-LT","@id":"https:\/\/pistonaddict.com\/lt\/#\/schema\/logo\/image\/","url":"https:\/\/pistonaddict.com\/wp-content\/uploads\/2022\/07\/logo-6.png","contentUrl":"https:\/\/pistonaddict.com\/wp-content\/uploads\/2022\/07\/logo-6.png","width":970,"height":200,"caption":"Piston Addict"},"image":{"@id":"https:\/\/pistonaddict.com\/lt\/#\/schema\/logo\/image\/"}}]}},"_links":{"self":[{"href":"https:\/\/pistonaddict.com\/lt\/wp-json\/wp\/v2\/product\/55259"}],"collection":[{"href":"https:\/\/pistonaddict.com\/lt\/wp-json\/wp\/v2\/product"}],"about":[{"href":"https:\/\/pistonaddict.com\/lt\/wp-json\/wp\/v2\/types\/product"}],"replies":[{"embeddable":true,"href":"https:\/\/pistonaddict.com\/lt\/wp-json\/wp\/v2\/comments?post=55259"}],"wp:featuredmedia":[{"embeddable":true,"href":"https:\/\/pistonaddict.com\/lt\/wp-json\/wp\/v2\/media\/55127"}],"wp:attachment":[{"href":"https:\/\/pistonaddict.com\/lt\/wp-json\/wp\/v2\/media?parent=55259"}],"wp:term":[{"taxonomy":"product_cat","embeddable":true,"href":"https:\/\/pistonaddict.com\/lt\/wp-json\/wp\/v2\/product_cat?post=55259"},{"taxonomy":"product_tag","embeddable":true,"href":"https:\/\/pistonaddict.com\/lt\/wp-json\/wp\/v2\/product_tag?post=55259"}],"curies":[{"name":"wp","href":"https:\/\/api.w.org\/{rel}","templated":true}]}}