{"id":53489,"date":"2023-10-06T11:28:15","date_gmt":"2023-10-06T09:28:15","guid":{"rendered":"https:\/\/pistonaddict.com\/product\/porsche-911-carrera-2-cabrio-997\/"},"modified":"2023-12-20T09:49:27","modified_gmt":"2023-12-20T08:49:27","slug":"porsche-911-carrera-2-cabrio-997","status":"publish","type":"product","link":"https:\/\/pistonaddict.com\/lt\/product\/porsche-911-carrera-2-cabrio-997\/","title":{"rendered":"Porsche 911 Carrera 2 Cabrio (997)"},"content":{"rendered":"<p><strong>Automobilio istorija<\/strong><\/p>\n<p>\u0160is &#8220;Guards Red&#8221; Porsche 911 Carrera 2 Cabrio buvo pagamintas 2006 m. gruod\u012f ir parduotas naujas Ispanijoje, kur praleido vis\u0105 savo gyvenim\u0105. Dabartinis savininkas j\u012f \u012fsigijo 2021 m. \u0160is kabrioletas yra puikus 997 kartos &#8220;Carrera 2&#8221; modelio pavyzdys, kuris pasi\u017eymi lengva konstrukcija, didelio s\u016bki\u0173 skai\u010diaus varikliais ir bekompromisiais vairavimo poj\u016b\u010diais. &#8220;Porsche&#8221; puristai da\u017enai kritikuodavo v\u0117lesnius 911 modelius d\u0117l per didelio ir sunkaus svorio, ta\u010diau visi sutiko, kad 997 buvo paskutinis klasikin\u0117s linijos automobilis. Jis pasi\u017eymi ver\u017elia va\u017eiuokle, varikliais su nat\u016braliais oro srautais, charakteringu garsu ir unikaliu valdymu, ypa\u010d kai yra su varom\u0105ja j\u0117gaine, kaip \u0161is automobilis. \u0160iame pavyzdyje montuojamas <strong>3,6 l darbinio t\u016brio<\/strong> <strong>plok\u0161\u010dias \u0161e\u0161i\u0173 cilindr\u0173 variklis, i\u0161vystantis 325 AG<\/strong> ir pasi\u017eymintis daugiau nei geromis eksploatacin\u0117mis savyb\u0117mis. Nuo 0 iki 100 km\/val. sprintas trunka vos 4,8 sekund\u0117s, o maksimalus greitis vir\u0161ija 280 km\/val. (177 myli\u0173 per valand\u0105). Ta\u010diau esminis dalykas yra 6 pavar\u0173 mechanin\u0117 pavar\u0173 d\u0117\u017e\u0117, kuri \u0161\u012f raudon\u0105 kabriolet\u0105 i\u0161kart paver\u010dia dar vienu 911 automobiliu ir retu kolekciniu eksponatu. Mechanin\u0117 pavar\u0173 d\u0117\u017e\u0117 yra labai pageidautina galimyb\u0117, kuri ne tik padeda automobiliui i\u0161naudoti vis\u0105 jo na\u0161umo potencial\u0105, bet ir kiekvien\u0105 va\u017eiavim\u0105 paver\u010dia nepamir\u0161tama patirtimi.<\/p>\n<p><strong>Interjeras<\/strong><\/p>\n<p>&#8220;Nat\u016braliai rudos&#8221; spalvos interjeras ry\u0161kiai dera su raudona i\u0161ore ir dar labiau i\u0161skiria \u0161\u012f pavyzd\u012f i\u0161 kit\u0173 911 modeli\u0173. Interjero b\u016bkl\u0117 nepriekai\u0161tinga, odin\u0117s s\u0117dyn\u0117s nesubrai\u017eytos. Be to, jis gerai \u012frengtas, nes galima \u012fsigyti sportines s\u0117dynes, &#8220;Bose&#8221; garso sistem\u0105 ir atitinkam\u0105 vair\u0105. Vienintelis neoriginalus elementas yra &#8220;Kenwood&#8221; pagrindinis \u012frenginys su jutikliniu ekranu, ta\u010diau \u0161is skoningas atnaujinimas puikiai dera prie prietais\u0173 skydelio dizaino. Nors \u0161is kabrioletas buvo eksploatuojamas kaip savaitgalio kruizinis automobilis saul\u0117toje Ispanijoje, ant nuostabaus \u012fdegio odos interjero n\u0117ra joki\u0173 saul\u0117s pa\u017eeidim\u0173 po\u017eymi\u0173.<\/p>\n<p><strong>B\u016bkl\u0117<\/strong><\/p>\n<p>Vos 43 000 kilometr\u0173 nuva\u017eiav\u0119s naujas automobilis yra nepriekai\u0161tingos b\u016bkl\u0117s, be joki\u0173 avarij\u0173 ar apgadinim\u0173. Paskutin\u0117 variklio technin\u0117 prie\u017ei\u016bra atlikta 2022 m., o stabd\u017eiai &#8211; 2023 m. spal\u012f. Automobilis buvo kruop\u0161\u010diai i\u0161valytas, atlikta alyvos analiz\u0117, kuri parod\u0117, kad variklio ir transmisijos b\u016bkl\u0117 yra ideali. 911 automobiliai visada gars\u0117jo kokybe, o tinkamai pri\u017ei\u016brimi ir r\u016bpestingai saugomi, kaip \u0161is automobilis, jie gali tarnauti vis\u0105 gyvenim\u0105.<\/p>\n<p><strong>I\u0161or\u0117 ir ratai  <\/strong><\/p>\n<p>Raudonas k\u0117bulas yra puikios b\u016bkl\u0117s, be joki\u0173 \u012fbr\u0117\u017eim\u0173 ar \u012flenkim\u0173, o kabrioleto stogas be pa\u017eeidim\u0173. Spalv\u0173 derinys yra puikus ir i\u0161skiria \u0161\u012f pavyzd\u012f i\u0161 minios. \u0160is &#8220;911 Carrera 2&#8221; turi firminius &#8220;Porsche&#8221; 19 coli\u0173 ratlankius &#8220;Lobster Claw&#8221;, apauti naujomis &#8220;Michelin Pilot Sport&#8221; padangomis.<\/p>\n<p><strong>Dokumentai:<\/strong><\/p>\n<p>\u0160i\u0105 transporto priemon\u0119 parduoda Ispanijoje esantis pardav\u0117jas su atitinkamais dokumentais. &#8220;CarFax&#8221; ataskaita yra \u0161vari; n\u0117ra joki\u0173 avarij\u0173, remonto, nuosavyb\u0117s ar teisini\u0173 problem\u0173 \u012frodym\u0173. Yra \u012fra\u0161ai apie reguliari\u0105 technin\u0119 prie\u017ei\u016br\u0105, originalios gamyklin\u0117s bro\u0161i\u016bros ir kvitai. Ispanijos technin\u0117 ap\u017ei\u016bra (ITV) yra \u012ftraukta \u012f dokumentus ir automobilis j\u0105 s\u0117kmingai pra\u0117jo. Patikrinkite \u0161io gra\u017eaus kabrioleto Porsche 911 Carrera <a href=\"https:\/\/pistonaddict.com\/wp-content\/uploads\/2023\/10\/CARFAX-Vehicle-History-Report-PORSCHE-911.pdf\">CarFax dokument\u0105<\/a>.<\/p>\n<p><strong>Norint patekti \u012f \u0161ios auk\u0161\u010diausios klas\u0117s transporto priemon\u0117s aukcion\u0105, reikia atspausdinti ir (arba) sulaikyti kredito kortel\u0119 (automati\u0161kai atleid\u017eiama).<\/strong><\/p>\n<p>Per\u017ei\u016br\u0117kite \u0161io gra\u017eaus &#8220;Porsche 911 Carrera&#8221; kabrioleto \u0161altojo paleidimo vaizdo \u012fra\u0161\u0105:<\/p>\n<p><iframe title=\"Cold Start Video of the Porsche 911 Carrera Cabrio 325 CV\" width=\"1200\" height=\"675\" src=\"https:\/\/www.youtube.com\/embed\/FNuC3o32Erw?feature=oembed\" frameborder=\"0\" allow=\"accelerometer; autoplay; clipboard-write; encrypted-media; gyroscope; picture-in-picture; web-share\" allowfullscreen><\/iframe><\/p>\n","protected":false},"excerpt":{"rendered":"<p>&#8220;Porsche 911&#8221; u\u017eima ypating\u0105 viet\u0105 sportini\u0173 automobili\u0173 pasaulyje. Jis neb\u0117ra suvokiamas tik kaip transporto priemon\u0117, nes per\u017eeng\u0117 automobili\u0173 pramon\u0117s ribas ir tapo kult\u016briniu simboliu bei visame pasaulyje pripa\u017einta forma. Per kelias kartas 911 i\u0161sivyst\u0117 nuo ma\u017eo sportinio kup\u0117 iki \u0161iandieninio prabangaus GT automobilio. Ta\u010diau, tarkime, kad trok\u0161tate to, kas b\u016bdinga 911 automobiliui, nat\u016bralaus variklio &#8220;boxer&#8221; riaumojimo ir gryno vairavimo poj\u016b\u010dio. Tokiu atveju 997 kartos automobilis yra paskutinis, kuris si\u016blo visas pageidaujamas klasikines savybes \u0161iuolaikin\u0117je pakuot\u0117je. Tobulumas ant keturi\u0173 rat\u0173, kabrioleto pavidalo ir su mechanine pavar\u0173 d\u0117\u017ee.<\/p>\n","protected":false},"featured_media":53274,"comment_status":"open","ping_status":"closed","template":"","meta":{"inline_featured_image":false},"product_cat":[703],"product_tag":[2103,846,2101,2102,1005,845],"acf":[],"yoast_head":"<!-- This site is optimized with the Yoast SEO plugin v22.5 - https:\/\/yoast.com\/wordpress\/plugins\/seo\/ -->\n<title>Porsche 911 Carrera 2 Cabrio (997) aukcionas - Piston Addict<\/title>\n<meta name=\"robots\" content=\"index, follow, max-snippet:-1, max-image-preview:large, max-video-preview:-1\" \/>\n<link rel=\"canonical\" href=\"https:\/\/pistonaddict.com\/lt\/product\/porsche-911-carrera-2-cabrio-997\/\" \/>\n<meta property=\"og:locale\" content=\"lt_LT\" \/>\n<meta property=\"og:type\" content=\"article\" \/>\n<meta property=\"og:title\" content=\"Porsche 911 Carrera 2 Cabrio (997) aukcionas - Piston Addict\" \/>\n<meta property=\"og:description\" content=\"&quot;Porsche 911&quot; u\u017eima ypating\u0105 viet\u0105 sportini\u0173 automobili\u0173 pasaulyje. Jis neb\u0117ra suvokiamas tik kaip transporto priemon\u0117, nes per\u017eeng\u0117 automobili\u0173 pramon\u0117s ribas ir tapo kult\u016briniu simboliu bei visame pasaulyje pripa\u017einta forma. Per kelias kartas 911 i\u0161sivyst\u0117 nuo ma\u017eo sportinio kup\u0117 iki \u0161iandieninio prabangaus GT automobilio. Ta\u010diau, tarkime, kad trok\u0161tate to, kas b\u016bdinga 911 automobiliui, nat\u016bralaus variklio &quot;boxer&quot; riaumojimo ir gryno vairavimo poj\u016b\u010dio. Tokiu atveju 997 kartos automobilis yra paskutinis, kuris si\u016blo visas pageidaujamas klasikines savybes \u0161iuolaikin\u0117je pakuot\u0117je. Tobulumas ant keturi\u0173 rat\u0173, kabrioleto pavidalo ir su mechanine pavar\u0173 d\u0117\u017ee.\" \/>\n<meta property=\"og:url\" content=\"https:\/\/pistonaddict.com\/lt\/product\/porsche-911-carrera-2-cabrio-997\/\" \/>\n<meta property=\"og:site_name\" content=\"Piston Addict\" \/>\n<meta property=\"article:modified_time\" content=\"2023-12-20T08:49:27+00:00\" \/>\n<meta property=\"og:image\" content=\"https:\/\/pistonaddict.com\/wp-content\/uploads\/2023\/10\/20220624_201726_resized-copia.jpg\" \/>\n\t<meta property=\"og:image:width\" content=\"1008\" \/>\n\t<meta property=\"og:image:height\" content=\"567\" \/>\n\t<meta property=\"og:image:type\" content=\"image\/jpeg\" \/>\n<meta name=\"twitter:card\" content=\"summary_large_image\" \/>\n<meta name=\"twitter:label1\" content=\"Est. reading time\" \/>\n\t<meta name=\"twitter:data1\" content=\"3 minut\u0117s\" \/>\n<script type=\"application\/ld+json\" class=\"yoast-schema-graph\">{\"@context\":\"https:\/\/schema.org\",\"@graph\":[{\"@type\":\"WebPage\",\"@id\":\"https:\/\/pistonaddict.com\/lt\/product\/porsche-911-carrera-2-cabrio-997\/\",\"url\":\"https:\/\/pistonaddict.com\/lt\/product\/porsche-911-carrera-2-cabrio-997\/\",\"name\":\"Porsche 911 Carrera 2 Cabrio (997) aukcionas - Piston Addict\",\"isPartOf\":{\"@id\":\"https:\/\/pistonaddict.com\/lt\/#website\"},\"primaryImageOfPage\":{\"@id\":\"https:\/\/pistonaddict.com\/lt\/product\/porsche-911-carrera-2-cabrio-997\/#primaryimage\"},\"image\":{\"@id\":\"https:\/\/pistonaddict.com\/lt\/product\/porsche-911-carrera-2-cabrio-997\/#primaryimage\"},\"thumbnailUrl\":\"https:\/\/pistonaddict.com\/wp-content\/uploads\/2023\/10\/20220624_201726_resized-copia.jpg\",\"datePublished\":\"2023-10-06T09:28:15+00:00\",\"dateModified\":\"2023-12-20T08:49:27+00:00\",\"breadcrumb\":{\"@id\":\"https:\/\/pistonaddict.com\/lt\/product\/porsche-911-carrera-2-cabrio-997\/#breadcrumb\"},\"inLanguage\":\"lt-LT\",\"potentialAction\":[{\"@type\":\"ReadAction\",\"target\":[\"https:\/\/pistonaddict.com\/lt\/product\/porsche-911-carrera-2-cabrio-997\/\"]}]},{\"@type\":\"ImageObject\",\"inLanguage\":\"lt-LT\",\"@id\":\"https:\/\/pistonaddict.com\/lt\/product\/porsche-911-carrera-2-cabrio-997\/#primaryimage\",\"url\":\"https:\/\/pistonaddict.com\/wp-content\/uploads\/2023\/10\/20220624_201726_resized-copia.jpg\",\"contentUrl\":\"https:\/\/pistonaddict.com\/wp-content\/uploads\/2023\/10\/20220624_201726_resized-copia.jpg\",\"width\":1008,\"height\":567},{\"@type\":\"BreadcrumbList\",\"@id\":\"https:\/\/pistonaddict.com\/lt\/product\/porsche-911-carrera-2-cabrio-997\/#breadcrumb\",\"itemListElement\":[{\"@type\":\"ListItem\",\"position\":1,\"name\":\"Pagrindinis puslapis\",\"item\":\"https:\/\/pistonaddict.com\/lt\/pradzia\/\"},{\"@type\":\"ListItem\",\"position\":2,\"name\":\"Auctions\",\"item\":\"https:\/\/pistonaddict.com\/auctions-listing\/\"},{\"@type\":\"ListItem\",\"position\":3,\"name\":\"Porsche 911 Carrera 2 Cabrio (997)\"}]},{\"@type\":\"WebSite\",\"@id\":\"https:\/\/pistonaddict.com\/lt\/#website\",\"url\":\"https:\/\/pistonaddict.com\/lt\/\",\"name\":\"Piston Addict\",\"description\":\"Only interesting vehicles\",\"publisher\":{\"@id\":\"https:\/\/pistonaddict.com\/lt\/#organization\"},\"potentialAction\":[{\"@type\":\"SearchAction\",\"target\":{\"@type\":\"EntryPoint\",\"urlTemplate\":\"https:\/\/pistonaddict.com\/lt\/?s={search_term_string}\"},\"query-input\":\"required name=search_term_string\"}],\"inLanguage\":\"lt-LT\"},{\"@type\":\"Organization\",\"@id\":\"https:\/\/pistonaddict.com\/lt\/#organization\",\"name\":\"Piston Addict\",\"url\":\"https:\/\/pistonaddict.com\/lt\/\",\"logo\":{\"@type\":\"ImageObject\",\"inLanguage\":\"lt-LT\",\"@id\":\"https:\/\/pistonaddict.com\/lt\/#\/schema\/logo\/image\/\",\"url\":\"https:\/\/pistonaddict.com\/wp-content\/uploads\/2022\/07\/logo-6.png\",\"contentUrl\":\"https:\/\/pistonaddict.com\/wp-content\/uploads\/2022\/07\/logo-6.png\",\"width\":970,\"height\":200,\"caption\":\"Piston Addict\"},\"image\":{\"@id\":\"https:\/\/pistonaddict.com\/lt\/#\/schema\/logo\/image\/\"}}]}<\/script>\n<!-- \/ Yoast SEO plugin. -->","yoast_head_json":{"title":"Porsche 911 Carrera 2 Cabrio (997) aukcionas - Piston Addict","robots":{"index":"index","follow":"follow","max-snippet":"max-snippet:-1","max-image-preview":"max-image-preview:large","max-video-preview":"max-video-preview:-1"},"canonical":"https:\/\/pistonaddict.com\/lt\/product\/porsche-911-carrera-2-cabrio-997\/","og_locale":"lt_LT","og_type":"article","og_title":"Porsche 911 Carrera 2 Cabrio (997) aukcionas - Piston Addict","og_description":"\"Porsche 911\" u\u017eima ypating\u0105 viet\u0105 sportini\u0173 automobili\u0173 pasaulyje. Jis neb\u0117ra suvokiamas tik kaip transporto priemon\u0117, nes per\u017eeng\u0117 automobili\u0173 pramon\u0117s ribas ir tapo kult\u016briniu simboliu bei visame pasaulyje pripa\u017einta forma. Per kelias kartas 911 i\u0161sivyst\u0117 nuo ma\u017eo sportinio kup\u0117 iki \u0161iandieninio prabangaus GT automobilio. Ta\u010diau, tarkime, kad trok\u0161tate to, kas b\u016bdinga 911 automobiliui, nat\u016bralaus variklio \"boxer\" riaumojimo ir gryno vairavimo poj\u016b\u010dio. Tokiu atveju 997 kartos automobilis yra paskutinis, kuris si\u016blo visas pageidaujamas klasikines savybes \u0161iuolaikin\u0117je pakuot\u0117je. Tobulumas ant keturi\u0173 rat\u0173, kabrioleto pavidalo ir su mechanine pavar\u0173 d\u0117\u017ee.","og_url":"https:\/\/pistonaddict.com\/lt\/product\/porsche-911-carrera-2-cabrio-997\/","og_site_name":"Piston Addict","article_modified_time":"2023-12-20T08:49:27+00:00","og_image":[{"width":1008,"height":567,"url":"https:\/\/pistonaddict.com\/wp-content\/uploads\/2023\/10\/20220624_201726_resized-copia.jpg","type":"image\/jpeg"}],"twitter_card":"summary_large_image","twitter_misc":{"Est. reading time":"3 minut\u0117s"},"schema":{"@context":"https:\/\/schema.org","@graph":[{"@type":"WebPage","@id":"https:\/\/pistonaddict.com\/lt\/product\/porsche-911-carrera-2-cabrio-997\/","url":"https:\/\/pistonaddict.com\/lt\/product\/porsche-911-carrera-2-cabrio-997\/","name":"Porsche 911 Carrera 2 Cabrio (997) aukcionas - Piston Addict","isPartOf":{"@id":"https:\/\/pistonaddict.com\/lt\/#website"},"primaryImageOfPage":{"@id":"https:\/\/pistonaddict.com\/lt\/product\/porsche-911-carrera-2-cabrio-997\/#primaryimage"},"image":{"@id":"https:\/\/pistonaddict.com\/lt\/product\/porsche-911-carrera-2-cabrio-997\/#primaryimage"},"thumbnailUrl":"https:\/\/pistonaddict.com\/wp-content\/uploads\/2023\/10\/20220624_201726_resized-copia.jpg","datePublished":"2023-10-06T09:28:15+00:00","dateModified":"2023-12-20T08:49:27+00:00","breadcrumb":{"@id":"https:\/\/pistonaddict.com\/lt\/product\/porsche-911-carrera-2-cabrio-997\/#breadcrumb"},"inLanguage":"lt-LT","potentialAction":[{"@type":"ReadAction","target":["https:\/\/pistonaddict.com\/lt\/product\/porsche-911-carrera-2-cabrio-997\/"]}]},{"@type":"ImageObject","inLanguage":"lt-LT","@id":"https:\/\/pistonaddict.com\/lt\/product\/porsche-911-carrera-2-cabrio-997\/#primaryimage","url":"https:\/\/pistonaddict.com\/wp-content\/uploads\/2023\/10\/20220624_201726_resized-copia.jpg","contentUrl":"https:\/\/pistonaddict.com\/wp-content\/uploads\/2023\/10\/20220624_201726_resized-copia.jpg","width":1008,"height":567},{"@type":"BreadcrumbList","@id":"https:\/\/pistonaddict.com\/lt\/product\/porsche-911-carrera-2-cabrio-997\/#breadcrumb","itemListElement":[{"@type":"ListItem","position":1,"name":"Pagrindinis puslapis","item":"https:\/\/pistonaddict.com\/lt\/pradzia\/"},{"@type":"ListItem","position":2,"name":"Auctions","item":"https:\/\/pistonaddict.com\/auctions-listing\/"},{"@type":"ListItem","position":3,"name":"Porsche 911 Carrera 2 Cabrio (997)"}]},{"@type":"WebSite","@id":"https:\/\/pistonaddict.com\/lt\/#website","url":"https:\/\/pistonaddict.com\/lt\/","name":"Piston Addict","description":"Only interesting vehicles","publisher":{"@id":"https:\/\/pistonaddict.com\/lt\/#organization"},"potentialAction":[{"@type":"SearchAction","target":{"@type":"EntryPoint","urlTemplate":"https:\/\/pistonaddict.com\/lt\/?s={search_term_string}"},"query-input":"required name=search_term_string"}],"inLanguage":"lt-LT"},{"@type":"Organization","@id":"https:\/\/pistonaddict.com\/lt\/#organization","name":"Piston Addict","url":"https:\/\/pistonaddict.com\/lt\/","logo":{"@type":"ImageObject","inLanguage":"lt-LT","@id":"https:\/\/pistonaddict.com\/lt\/#\/schema\/logo\/image\/","url":"https:\/\/pistonaddict.com\/wp-content\/uploads\/2022\/07\/logo-6.png","contentUrl":"https:\/\/pistonaddict.com\/wp-content\/uploads\/2022\/07\/logo-6.png","width":970,"height":200,"caption":"Piston Addict"},"image":{"@id":"https:\/\/pistonaddict.com\/lt\/#\/schema\/logo\/image\/"}}]}},"_links":{"self":[{"href":"https:\/\/pistonaddict.com\/lt\/wp-json\/wp\/v2\/product\/53489"}],"collection":[{"href":"https:\/\/pistonaddict.com\/lt\/wp-json\/wp\/v2\/product"}],"about":[{"href":"https:\/\/pistonaddict.com\/lt\/wp-json\/wp\/v2\/types\/product"}],"replies":[{"embeddable":true,"href":"https:\/\/pistonaddict.com\/lt\/wp-json\/wp\/v2\/comments?post=53489"}],"wp:featuredmedia":[{"embeddable":true,"href":"https:\/\/pistonaddict.com\/lt\/wp-json\/wp\/v2\/media\/53274"}],"wp:attachment":[{"href":"https:\/\/pistonaddict.com\/lt\/wp-json\/wp\/v2\/media?parent=53489"}],"wp:term":[{"taxonomy":"product_cat","embeddable":true,"href":"https:\/\/pistonaddict.com\/lt\/wp-json\/wp\/v2\/product_cat?post=53489"},{"taxonomy":"product_tag","embeddable":true,"href":"https:\/\/pistonaddict.com\/lt\/wp-json\/wp\/v2\/product_tag?post=53489"}],"curies":[{"name":"wp","href":"https:\/\/api.w.org\/{rel}","templated":true}]}}