{"id":47841,"date":"2024-01-16T09:00:29","date_gmt":"2024-01-16T08:00:29","guid":{"rendered":"https:\/\/pistonaddict.com\/product\/morgan-roadster-v6-3-0\/"},"modified":"2024-03-20T09:43:18","modified_gmt":"2024-03-20T08:43:18","slug":"morgan-roadster-v6-3-0","status":"publish","type":"product","link":"https:\/\/pistonaddict.com\/lt\/product\/morgan-roadster-v6-3-0\/","title":{"rendered":"Morgan Roadster V6 3.0"},"content":{"rendered":"<p><strong>Automobilio istorija<\/strong><\/p>\n<p>Dabartinis \u0161io eleganti\u0161ko rodsterio savininkas automobil\u012f \u012fsigijo 2010 m., kai jam buvo vos treji metai. Jis buvo pristatytas naujas ir vis\u0105 savo gyvenim\u0105 praleido Ispanijoje, kur buvo naudojamas poilsin\u0117ms kelion\u0117ms palei pakrant\u0119. \u0160i &#8220;Morgan&#8221; gerbiamo rodsterio karta buvo pristatyta 2004 m., ir nors i\u0161 i\u0161or\u0117s ji beveik nesiskyr\u0117 nuo kit\u0173, po ilgu variklio dang\u010diu slyp\u0117jo labai sveikintinas patobulinimas &#8211; 3,0 litro darbinio t\u016brio &#8220;Ford Duratec&#8221; V6. 24 vo\u017etuvai, moderni konstrukcija ir neprilygstamas patikimumas &#8211; &#8220;Ford&#8221; V6 beveik visais at\u017evilgiais prana\u0161esnis u\u017e sen\u0105j\u012f &#8220;Rover&#8221; V8, kur\u012f naudojo &#8220;Morgan&#8221;. \u0160is variklis i\u0161vysto solid\u017ei\u0105 223 AG gali\u0105, o kadangi V6 variklis yra trumpesnis u\u017e V8, jis i\u0161d\u0117stytas labiau \u012f automobilio centr\u0105, tod\u0117l automobilis geriau valdomas. Kaip tikriausiai \u017einote, viena i\u0161 unikalios &#8220;Morgan&#8221; va\u017eiavimo dinamikos paslap\u010di\u0173 yra jo va\u017eiuokl\u0117, i\u0161 dalies pagaminta i\u0161 med\u017eio. Taigi, kai vairuojate vos ma\u017eiau nei ton\u0105 sveriant\u012f rodster\u012f, patirsite ry\u0161ki\u0105 vairavimo patirt\u012f ir pasteb\u0117site kiekvien\u0105 jo va\u017eiavimo, greit\u0117jimo ir valdymo detal\u0119. Beje, iki 100 km\/val. jis \u012fsib\u0117g\u0117ja per 5,5 sekund\u0117s, tod\u0117l j\u012f vairuoti labai \u012fdomu.<\/p>\n<p><strong>B\u016bkl\u0117<\/strong><\/p>\n<p>\u0160is &#8220;Morgan Roadster&#8221; nuva\u017eiavo tik \u0161iek tiek daugiau nei 41 000 km ir nuo pat prad\u017ei\u0173 tur\u0117jo du savininkus. Bendra b\u016bkl\u0117 labai gera, be joki\u0173 pa\u017eeidim\u0173, avarij\u0173 ar i\u0161or\u0117s remonto darb\u0173. Automobilis buvo reguliariai pri\u017ei\u016brimas, variklio, k\u0117bulo ir pakabos modifikacij\u0173 nebuvo atlikta. Savininkas neseniai kapitali\u0161kai remontavo stabd\u017eius ir atliko alyvos analiz\u0119, kuri buvo neigiama, o tai rei\u0161kia, kad variklis yra puikios b\u016bkl\u0117s. To ir tik\u0117tasi, nes &#8220;Ford&#8221; 3,0 l V6 yra \u017einomas d\u0117l savo patvarumo ir ilgaam\u017ei\u0161kumo.<\/p>\n<p><strong>Interjeras<\/strong><\/p>\n<p>Vienas i\u0161 geriausi\u0173 &#8220;Morgan Roadster&#8221; bruo\u017e\u0173 buvo klasikinis, bet eleganti\u0161kas interjeras, kuris \u0161iuo atveju papildytas legendiniu &#8220;Moto-Lita&#8221; mediniu vairu. Mediniame prietais\u0173 skydelyje yra visi prietaisai, garso sistema ir laikrodis. Kartu s\u0117dyn\u0117s aptrauktos gra\u017eia sm\u0117lio spalvos oda, kuri yra idealios b\u016bkl\u0117s ir puikiai dera prie eksterjero spalvos. Juodas kabrioleto stogas taip pat yra puikios b\u016bkl\u0117s ir retai naudotas, nes automobilis buvo laikomas gara\u017ee ir juo buvo va\u017ein\u0117jama esant geram orui. Taip pat pridedamas originalus &#8220;Morgan&#8221; vidinis vir\u0161elis.<\/p>\n<p><strong>I\u0161or\u0117 ir ratai<\/strong><\/p>\n<p>\u0160is &#8220;Morgan&#8221;, oficialiai vadinamas &#8220;Connaught Green&#8221;, bet labiau \u017einomas kaip BRG (British Racing Green), yra pa\u010dios geid\u017eiamiausios spalvos. Klasikinis tamsus atspalvis, puikiai derantis prie sm\u0117lio spalvos interjero, yra geriausia klasikinio brit\u0173 roadsterio specifikacija. K\u0117bulas yra puikios b\u016bkl\u0117s, be joki\u0173 \u012fbr\u0117\u017eim\u0173 ar spalvos pakitim\u0173, su tokiomis \u012fdomiomis detal\u0117mis kaip r\u016bko \u017eibintai, \u017eenkliukai ir odiniai dir\u017eai, laikantys variklio dangt\u012f (ant variklio dang\u010dio esant\u012f lipduk\u0105 galima lengvai nuimti). Automobilio i\u0161vaizd\u0105 u\u017ebaigia 18 coli\u0173 vieliniai ratlankiai, apauti &#8220;Yokohama&#8221; padangomis, ir gale sumontuotas viso dyd\u017eio atsarginis ratas. Ratai gali atrodyti tarsi i\u0161 40-\u0173j\u0173 met\u0173, ta\u010diau jie yra visi\u0161kai nauji ir kruop\u0161\u010diai atkurti, pritaikyti \u0161iuolaikin\u0117ms gumoms.<\/p>\n<p><strong>Dokumentacija<\/strong><\/p>\n<p>Tai priva\u010diai priklausanti transporto priemon\u0117 su atitinkamais dokumentais, esanti Palma de Maljorkoje, Ispanijoje. Ataskaitos yra \u0161varios; n\u0117ra joki\u0173 \u012frodym\u0173 apie avarijas, remonto darbus, nuosavyb\u0117s teises ar teisines problemas. \u012era\u0161ai apie reguliari\u0105 technin\u0119 prie\u017ei\u016br\u0105 yra nuo 2020 m.<br \/>\n\u0160io &#8220;Morgan Roadster V6&#8221; kabrioleto CarFax galite patikrinti <a href=\"https:\/\/pistonaddict.com\/wp-content\/uploads\/2023\/08\/CARFAX-Vehicle-History-Report-MORGAN-ROADSTER-Convertible-2007.pdf\">\u010dia<\/a>. <strong>Ispanijos MOT (ITV) praeitas ir galioja iki 2024 m. rugpj\u016b\u010dio 4 d<\/strong>.<\/p>\n<p><strong>\u012eranga ir papildoma \u012franga<\/strong><\/p>\n<p>&#8211; &#8220;Motolita&#8221; klasikinis medinis vairas<br \/>\n&#8211; Medinis prietais\u0173 skydelis<br \/>\n&#8211; Plienin\u0117 pavar\u0173 perjungimo ranken\u0117l\u0117<br \/>\n&#8211; \u0160onin\u0117s ki\u0161en\u0117s odin\u0117se durel\u0117se<br \/>\n&#8211; &#8220;Morgan&#8221; skydo skersini\u0173 apdailos detal\u0117s<br \/>\n&#8211; Vidaus spyn\u0173 apdailos detal\u0117s su &#8220;Morgan&#8221; skydu<br \/>\n&#8211; Laikrodis<br \/>\n&#8211; Radijas CD\/MP3 &#8220;Blaupunkt<br \/>\n&#8211; 2 papildomi priekiniai \u017eibintai<br \/>\n&#8211; Vidinis odinis dir\u017eas, i\u0161klotas avikailiu ant variklio dang\u010dio vir\u0161aus<br \/>\n&#8211; Juodos odos sk\u0117\u010diai<br \/>\n&#8211; Akumuliatoriaus atjungiklis nuo vagyst\u0117s<br \/>\n&#8211; Priekin\u0117 juosta \u017eenkliukams ir (arba) skydeliams<br \/>\n&#8211; Juodas odinis gaubto dangtis su &#8220;Morgan&#8221; skydu<br \/>\n&#8211; 2 juodi odiniai dangteliai metakriliniams langams su &#8220;Morgan&#8221; skydu<br \/>\n&#8211; Automobilio salono apsaugos dangtis (m\u0117lynas audinys) su &#8220;Morgan&#8221; skydu<\/p>\n<p><strong>Per\u017ei\u016br\u0117kite \u0161io gra\u017eaus &#8220;Morgan Roadster V6&#8221; kabrioleto \u0161alto paleidimo vaizdo \u012fra\u0161\u0105:<\/strong><\/p>\n<p><iframe title=\"Cold Start : Morgan Roadster V6 3.0 on PistonAddict.com\" width=\"1200\" height=\"675\" src=\"https:\/\/www.youtube.com\/embed\/yLSfe-ePOFg?start=29&#038;feature=oembed\" frameborder=\"0\" allow=\"accelerometer; autoplay; clipboard-write; encrypted-media; gyroscope; picture-in-picture; web-share\" allowfullscreen><\/iframe><\/p>\n","protected":false},"excerpt":{"rendered":"<p>Tarp daugyb\u0117s klasikini\u0173 Jungtin\u0117s Karalyst\u0117s automobili\u0173 &#8220;Morgan Roadster&#8221; neabejotinai ir negin\u010dijamai \u012fk\u016bnija briti\u0161k\u0105 \u017eaves\u012f. \u0160iuolaikinis &#8220;Morgan Plus Six&#8221;, kurio nesenstantis dizainas siekia ankstyvuosius roadsteri\u0173 laikus, o modeli\u0173 linija nenutr\u016bksta nuo 1950 m., yra neatremiamas unikalios konstrukcijos, pagal u\u017esakym\u0105 ir rankomis gaminamo automobilio ir galingo V6 variklio derinys, paver\u010diantis \u0161\u012f bona fide klasikin\u012f automobil\u012f paj\u0117giu atviru sportiniu automobiliu.<\/p>\n","protected":false},"featured_media":46736,"comment_status":"open","ping_status":"closed","template":"","meta":{"inline_featured_image":false},"product_cat":[703],"product_tag":[2061,2060,2059,1005,2058],"acf":[],"yoast_head":"<!-- This site is optimized with the Yoast SEO plugin v22.5 - https:\/\/yoast.com\/wordpress\/plugins\/seo\/ -->\n<title>Morgan Roadster V6 3.0 aukcionas - Piston Addict<\/title>\n<meta name=\"description\" content=\"Nuostabus 2007 m. Morgan Roadster V6 3.0 puikios b\u016bkl\u0117s parduodamas aukcione PistonAddict.com\" \/>\n<meta name=\"robots\" content=\"index, follow, max-snippet:-1, max-image-preview:large, max-video-preview:-1\" \/>\n<link rel=\"canonical\" href=\"https:\/\/pistonaddict.com\/lt\/product\/morgan-roadster-v6-3-0\/\" \/>\n<meta property=\"og:locale\" content=\"lt_LT\" \/>\n<meta property=\"og:type\" content=\"article\" \/>\n<meta property=\"og:title\" content=\"Morgan Roadster V6 3.0 aukcionas - Piston Addict\" \/>\n<meta property=\"og:description\" content=\"Nuostabus 2007 m. Morgan Roadster V6 3.0 puikios b\u016bkl\u0117s parduodamas aukcione PistonAddict.com\" \/>\n<meta property=\"og:url\" content=\"https:\/\/pistonaddict.com\/lt\/product\/morgan-roadster-v6-3-0\/\" \/>\n<meta property=\"og:site_name\" content=\"Piston Addict\" \/>\n<meta property=\"article:modified_time\" content=\"2024-03-20T08:43:18+00:00\" \/>\n<meta property=\"og:image\" content=\"https:\/\/pistonaddict.com\/wp-content\/uploads\/2023\/08\/DSC0169-scaled.jpg\" \/>\n\t<meta property=\"og:image:width\" content=\"2560\" \/>\n\t<meta property=\"og:image:height\" content=\"1707\" \/>\n\t<meta property=\"og:image:type\" content=\"image\/jpeg\" \/>\n<meta name=\"twitter:card\" content=\"summary_large_image\" \/>\n<meta name=\"twitter:label1\" content=\"Est. reading time\" \/>\n\t<meta name=\"twitter:data1\" content=\"4 minut\u0117s\" \/>\n<script type=\"application\/ld+json\" class=\"yoast-schema-graph\">{\"@context\":\"https:\/\/schema.org\",\"@graph\":[{\"@type\":\"WebPage\",\"@id\":\"https:\/\/pistonaddict.com\/lt\/product\/morgan-roadster-v6-3-0\/\",\"url\":\"https:\/\/pistonaddict.com\/lt\/product\/morgan-roadster-v6-3-0\/\",\"name\":\"Morgan Roadster V6 3.0 aukcionas - Piston Addict\",\"isPartOf\":{\"@id\":\"https:\/\/pistonaddict.com\/lt\/#website\"},\"primaryImageOfPage\":{\"@id\":\"https:\/\/pistonaddict.com\/lt\/product\/morgan-roadster-v6-3-0\/#primaryimage\"},\"image\":{\"@id\":\"https:\/\/pistonaddict.com\/lt\/product\/morgan-roadster-v6-3-0\/#primaryimage\"},\"thumbnailUrl\":\"https:\/\/pistonaddict.com\/wp-content\/uploads\/2023\/08\/DSC0169-scaled.jpg\",\"datePublished\":\"2024-01-16T08:00:29+00:00\",\"dateModified\":\"2024-03-20T08:43:18+00:00\",\"description\":\"Nuostabus 2007 m. Morgan Roadster V6 3.0 puikios b\u016bkl\u0117s parduodamas aukcione PistonAddict.com\",\"breadcrumb\":{\"@id\":\"https:\/\/pistonaddict.com\/lt\/product\/morgan-roadster-v6-3-0\/#breadcrumb\"},\"inLanguage\":\"lt-LT\",\"potentialAction\":[{\"@type\":\"ReadAction\",\"target\":[\"https:\/\/pistonaddict.com\/lt\/product\/morgan-roadster-v6-3-0\/\"]}]},{\"@type\":\"ImageObject\",\"inLanguage\":\"lt-LT\",\"@id\":\"https:\/\/pistonaddict.com\/lt\/product\/morgan-roadster-v6-3-0\/#primaryimage\",\"url\":\"https:\/\/pistonaddict.com\/wp-content\/uploads\/2023\/08\/DSC0169-scaled.jpg\",\"contentUrl\":\"https:\/\/pistonaddict.com\/wp-content\/uploads\/2023\/08\/DSC0169-scaled.jpg\",\"width\":2560,\"height\":1707},{\"@type\":\"BreadcrumbList\",\"@id\":\"https:\/\/pistonaddict.com\/lt\/product\/morgan-roadster-v6-3-0\/#breadcrumb\",\"itemListElement\":[{\"@type\":\"ListItem\",\"position\":1,\"name\":\"Pagrindinis puslapis\",\"item\":\"https:\/\/pistonaddict.com\/lt\/pradzia\/\"},{\"@type\":\"ListItem\",\"position\":2,\"name\":\"Auctions\",\"item\":\"https:\/\/pistonaddict.com\/auctions-listing\/\"},{\"@type\":\"ListItem\",\"position\":3,\"name\":\"Morgan Roadster V6 3.0\"}]},{\"@type\":\"WebSite\",\"@id\":\"https:\/\/pistonaddict.com\/lt\/#website\",\"url\":\"https:\/\/pistonaddict.com\/lt\/\",\"name\":\"Piston Addict\",\"description\":\"Only interesting vehicles\",\"publisher\":{\"@id\":\"https:\/\/pistonaddict.com\/lt\/#organization\"},\"potentialAction\":[{\"@type\":\"SearchAction\",\"target\":{\"@type\":\"EntryPoint\",\"urlTemplate\":\"https:\/\/pistonaddict.com\/lt\/?s={search_term_string}\"},\"query-input\":\"required name=search_term_string\"}],\"inLanguage\":\"lt-LT\"},{\"@type\":\"Organization\",\"@id\":\"https:\/\/pistonaddict.com\/lt\/#organization\",\"name\":\"Piston Addict\",\"url\":\"https:\/\/pistonaddict.com\/lt\/\",\"logo\":{\"@type\":\"ImageObject\",\"inLanguage\":\"lt-LT\",\"@id\":\"https:\/\/pistonaddict.com\/lt\/#\/schema\/logo\/image\/\",\"url\":\"https:\/\/pistonaddict.com\/wp-content\/uploads\/2022\/07\/logo-6.png\",\"contentUrl\":\"https:\/\/pistonaddict.com\/wp-content\/uploads\/2022\/07\/logo-6.png\",\"width\":970,\"height\":200,\"caption\":\"Piston Addict\"},\"image\":{\"@id\":\"https:\/\/pistonaddict.com\/lt\/#\/schema\/logo\/image\/\"}}]}<\/script>\n<!-- \/ Yoast SEO plugin. -->","yoast_head_json":{"title":"Morgan Roadster V6 3.0 aukcionas - Piston Addict","description":"Nuostabus 2007 m. Morgan Roadster V6 3.0 puikios b\u016bkl\u0117s parduodamas aukcione PistonAddict.com","robots":{"index":"index","follow":"follow","max-snippet":"max-snippet:-1","max-image-preview":"max-image-preview:large","max-video-preview":"max-video-preview:-1"},"canonical":"https:\/\/pistonaddict.com\/lt\/product\/morgan-roadster-v6-3-0\/","og_locale":"lt_LT","og_type":"article","og_title":"Morgan Roadster V6 3.0 aukcionas - Piston Addict","og_description":"Nuostabus 2007 m. Morgan Roadster V6 3.0 puikios b\u016bkl\u0117s parduodamas aukcione PistonAddict.com","og_url":"https:\/\/pistonaddict.com\/lt\/product\/morgan-roadster-v6-3-0\/","og_site_name":"Piston Addict","article_modified_time":"2024-03-20T08:43:18+00:00","og_image":[{"width":2560,"height":1707,"url":"https:\/\/pistonaddict.com\/wp-content\/uploads\/2023\/08\/DSC0169-scaled.jpg","type":"image\/jpeg"}],"twitter_card":"summary_large_image","twitter_misc":{"Est. reading time":"4 minut\u0117s"},"schema":{"@context":"https:\/\/schema.org","@graph":[{"@type":"WebPage","@id":"https:\/\/pistonaddict.com\/lt\/product\/morgan-roadster-v6-3-0\/","url":"https:\/\/pistonaddict.com\/lt\/product\/morgan-roadster-v6-3-0\/","name":"Morgan Roadster V6 3.0 aukcionas - Piston Addict","isPartOf":{"@id":"https:\/\/pistonaddict.com\/lt\/#website"},"primaryImageOfPage":{"@id":"https:\/\/pistonaddict.com\/lt\/product\/morgan-roadster-v6-3-0\/#primaryimage"},"image":{"@id":"https:\/\/pistonaddict.com\/lt\/product\/morgan-roadster-v6-3-0\/#primaryimage"},"thumbnailUrl":"https:\/\/pistonaddict.com\/wp-content\/uploads\/2023\/08\/DSC0169-scaled.jpg","datePublished":"2024-01-16T08:00:29+00:00","dateModified":"2024-03-20T08:43:18+00:00","description":"Nuostabus 2007 m. Morgan Roadster V6 3.0 puikios b\u016bkl\u0117s parduodamas aukcione PistonAddict.com","breadcrumb":{"@id":"https:\/\/pistonaddict.com\/lt\/product\/morgan-roadster-v6-3-0\/#breadcrumb"},"inLanguage":"lt-LT","potentialAction":[{"@type":"ReadAction","target":["https:\/\/pistonaddict.com\/lt\/product\/morgan-roadster-v6-3-0\/"]}]},{"@type":"ImageObject","inLanguage":"lt-LT","@id":"https:\/\/pistonaddict.com\/lt\/product\/morgan-roadster-v6-3-0\/#primaryimage","url":"https:\/\/pistonaddict.com\/wp-content\/uploads\/2023\/08\/DSC0169-scaled.jpg","contentUrl":"https:\/\/pistonaddict.com\/wp-content\/uploads\/2023\/08\/DSC0169-scaled.jpg","width":2560,"height":1707},{"@type":"BreadcrumbList","@id":"https:\/\/pistonaddict.com\/lt\/product\/morgan-roadster-v6-3-0\/#breadcrumb","itemListElement":[{"@type":"ListItem","position":1,"name":"Pagrindinis puslapis","item":"https:\/\/pistonaddict.com\/lt\/pradzia\/"},{"@type":"ListItem","position":2,"name":"Auctions","item":"https:\/\/pistonaddict.com\/auctions-listing\/"},{"@type":"ListItem","position":3,"name":"Morgan Roadster V6 3.0"}]},{"@type":"WebSite","@id":"https:\/\/pistonaddict.com\/lt\/#website","url":"https:\/\/pistonaddict.com\/lt\/","name":"Piston Addict","description":"Only interesting vehicles","publisher":{"@id":"https:\/\/pistonaddict.com\/lt\/#organization"},"potentialAction":[{"@type":"SearchAction","target":{"@type":"EntryPoint","urlTemplate":"https:\/\/pistonaddict.com\/lt\/?s={search_term_string}"},"query-input":"required name=search_term_string"}],"inLanguage":"lt-LT"},{"@type":"Organization","@id":"https:\/\/pistonaddict.com\/lt\/#organization","name":"Piston Addict","url":"https:\/\/pistonaddict.com\/lt\/","logo":{"@type":"ImageObject","inLanguage":"lt-LT","@id":"https:\/\/pistonaddict.com\/lt\/#\/schema\/logo\/image\/","url":"https:\/\/pistonaddict.com\/wp-content\/uploads\/2022\/07\/logo-6.png","contentUrl":"https:\/\/pistonaddict.com\/wp-content\/uploads\/2022\/07\/logo-6.png","width":970,"height":200,"caption":"Piston Addict"},"image":{"@id":"https:\/\/pistonaddict.com\/lt\/#\/schema\/logo\/image\/"}}]}},"_links":{"self":[{"href":"https:\/\/pistonaddict.com\/lt\/wp-json\/wp\/v2\/product\/47841"}],"collection":[{"href":"https:\/\/pistonaddict.com\/lt\/wp-json\/wp\/v2\/product"}],"about":[{"href":"https:\/\/pistonaddict.com\/lt\/wp-json\/wp\/v2\/types\/product"}],"replies":[{"embeddable":true,"href":"https:\/\/pistonaddict.com\/lt\/wp-json\/wp\/v2\/comments?post=47841"}],"wp:featuredmedia":[{"embeddable":true,"href":"https:\/\/pistonaddict.com\/lt\/wp-json\/wp\/v2\/media\/46736"}],"wp:attachment":[{"href":"https:\/\/pistonaddict.com\/lt\/wp-json\/wp\/v2\/media?parent=47841"}],"wp:term":[{"taxonomy":"product_cat","embeddable":true,"href":"https:\/\/pistonaddict.com\/lt\/wp-json\/wp\/v2\/product_cat?post=47841"},{"taxonomy":"product_tag","embeddable":true,"href":"https:\/\/pistonaddict.com\/lt\/wp-json\/wp\/v2\/product_tag?post=47841"}],"curies":[{"name":"wp","href":"https:\/\/api.w.org\/{rel}","templated":true}]}}